{"id":45338,"date":"2024-04-05T23:11:29","date_gmt":"2024-04-05T21:11:29","guid":{"rendered":"https:\/\/obera.fr\/ekstraktorji-serija-eurosog-rg-100-800\/"},"modified":"2026-02-05T11:42:19","modified_gmt":"2026-02-05T09:42:19","slug":"ventilateurs-aspiration-gamme-eurosog-rg-100-800","status":"publish","type":"page","link":"https:\/\/obera.fr\/sl\/produits\/aspirateurs-industriels\/ventilateurs-aspiration-gamme-eurosog-rg-100-800\/","title":{"rendered":"Sesalni ventilatorji: serija EUROSOG RG 100-800"},"content":{"rendered":"\n<p>Na\u0161a ponudba kompaktnih ventilatorjev od RG 100 do RG 800 zagotavlja bolj zdravo okolje z odsesavanjem in pogonom onesna\u017eenega zraka v va\u0161ih delovnih prostorih.<\/p>\n\n\n\n<h2 class=\"wp-block-heading\">Serija RG: delovanje in uporaba izpu\u0161nih ventilatorjev<\/h2>\n\n\n\n<div class=\"wp-block-columns is-layout-flex wp-container-core-columns-is-layout-28f84493 wp-block-columns-is-layout-flex\">\n<div class=\"wp-block-column is-layout-flow wp-block-column-is-layout-flow\" style=\"flex-basis:33.33%\">\n<figure class=\"wp-block-image size-full\"><img decoding=\"async\" width=\"600\" height=\"600\" src=\"https:\/\/obera.fr\/wp-content\/uploads\/2024\/04\/obera-ventilateur-aspiration-rg-300-400.jpg\" alt=\"obera sesalni ventilator rg 300 400\" class=\"wp-image-29437\" srcset=\"https:\/\/obera.fr\/wp-content\/uploads\/2024\/04\/obera-ventilateur-aspiration-rg-300-400.jpg 600w, https:\/\/obera.fr\/wp-content\/uploads\/2024\/04\/obera-ventilateur-aspiration-rg-300-400-300x300.jpg 300w, https:\/\/obera.fr\/wp-content\/uploads\/2024\/04\/obera-ventilateur-aspiration-rg-300-400-150x150.jpg 150w\" sizes=\"(max-width: 600px) 100vw, 600px\" \/><\/figure>\n<\/div>\n\n\n\n<div class=\"wp-block-column is-layout-flow wp-block-column-is-layout-flow\" style=\"flex-basis:66.66%\">\n<p>Ventilatorji iz serije RG (100, 200, 300, 400, 500, 600, 700, 800) so re\u0161itve za odsesavanje prahu, industrijskih hlapov in drugih onesna\u017eeval, ki nastajajo v va\u0161ih proizvodnih enotah. Omogo\u010dajo kro\u017eenje pre\u010di\u0161\u010denega zraka in zni\u017eanje tlaka. Vsestranski in kompaktni sistem vsesava zrak z ustvarjanjem podtlaka na vhodu ventilatorja (vrtenje rotorja) s pomo\u010djo elektri\u010dnega motorja v ohi\u0161ju. \u0160katla usmerja in poganja vdihani zrak proti izhodu (zunaj), da bi ga odvedla iz delovnega prostora. Serija RG lahko sesa eno ali ve\u010d delovnih postaj\/strojev hkrati.  <\/p>\n\n\n\n<p>S kak\u0161nim namenom? Ta oprema je idealna za vse vrste industrije in omogo\u010da odsesavanje prahu, plinov, vonjav in hlapov. Opremljeni so lahko s filtri za zajemanje drobnih delcev.<\/p>\n\n\n\n<div class=\"wp-block-columns is-layout-flex wp-container-core-columns-is-layout-28f84493 wp-block-columns-is-layout-flex\">\n<div class=\"wp-block-column is-layout-flow wp-block-column-is-layout-flow\" style=\"flex-basis:30%\">\n<div class=\"wp-block-buttons is-layout-flex wp-block-buttons-is-layout-flex\">\n<div class=\"wp-block-button\"><a class=\"wp-block-button__link wp-element-button\" href=\"https:\/\/obera.fr\/wp-content\/uploads\/2025\/06\/brochure-rg-100-800-en.pdf\">PRENESI BRO\u0160URO<\/a><\/div>\n<\/div>\n<\/div>\n\n\n\n<div class=\"wp-block-column is-layout-flow wp-block-column-is-layout-flow\" style=\"flex-basis:30%\">\n<div class=\"wp-block-buttons is-layout-flex wp-block-buttons-is-layout-flex\">\n<div class=\"wp-block-button\"><a class=\"wp-block-button__link wp-element-button\" href=\"https:\/\/obera.fr\/contact\/\">POTREBUJETE INDIVIDUALNI NASVET?<\/a><\/div>\n<\/div>\n<\/div>\n\n\n\n<div class=\"wp-block-column is-layout-flow wp-block-column-is-layout-flow\" style=\"flex-basis:30%\">\n<div class=\"wp-block-buttons is-content-justification-center is-layout-flex wp-container-core-buttons-is-layout-a89b3969 wp-block-buttons-is-layout-flex\">\n<div class=\"wp-block-button btn-devis-source\"><a class=\"wp-block-button__link wp-element-button\" href=\"https:\/\/obera.fr\/sl\/devis\/\">Zahtevajte ponudbo<\/a><\/div>\n<\/div>\n\n\n<script>\r\ndocument.addEventListener('DOMContentLoaded', function() {\r\n    \/\/ 1. On cherche le titre H1 de la page\r\n    var h1 = document.querySelector('h1');\r\n    var productTitle = h1 ? h1.innerText.trim() : \"\";\r\n\r\n    \/\/ 2. On cherche les boutons via la classe CSS .btn-devis-source\r\n    var buttons = document.querySelectorAll('.btn-devis-source a');\r\n\r\n    \/\/ 3. Si on a le titre et les boutons, on ajoute le param\u00e8tre\r\n    if (buttons.length > 0 && productTitle !== \"\") {\r\n        var encodedTitle = encodeURIComponent(productTitle);\r\n\r\n        buttons.forEach(function(btn) {\r\n            var currentHref = btn.getAttribute('href');\r\n            \r\n            \/\/ S\u00e9curit\u00e9 pour ne pas ajouter le param\u00e8tre 2 fois\r\n            if (currentHref.indexOf('sujet=') === -1) {\r\n                var separator = currentHref.indexOf('?') !== -1 ? '&' : '?';\r\n                var newLink = currentHref + separator + 'sujet=' + encodedTitle;\r\n                \r\n                btn.setAttribute('href', newLink);\r\n            }\r\n        });\r\n    }\r\n});\r\n<\/script><\/div>\n<\/div>\n<\/div>\n<\/div>\n\n\n\n<h2 class=\"wp-block-heading\">Kak\u0161ne so tehni\u010dne zna\u010dilnosti sesalnih ventilatorjev OberA?<\/h2>\n\n\n\n<p>Razpon motorjev RG ponuja izbiro mo\u010di motorjev od 0,55 kW do 7,5 kW. Tako lahko poi\u0161\u010dete model odsesovalnega ventilatorja, ki je najprimernej\u0161i za va\u0161o povr\u0161ino.  <\/p>\n\n\n\n<p>Da bi se \u0161e bolj izognili nevarnosti korozije in poslab\u0161anja zaradi prahu, so ventilatorji izdelani iz robustnih materialov in so na voljo v razli\u010dici iz nerjavnega jekla za \u017eivilsko industrijo (po izbiri). Druga mo\u017enost je razli\u010dica z za\u0161\u010dito pred iskrami za dejavnosti, pri katerih nastaja vnetljiv prah.<\/p>\n\n\n\n<blockquote class=\"wp-block-quote is-layout-flow wp-block-quote-is-layout-flow\">\n<p>Dobro je vedeti: na\u0161e re\u0161itve za ekstrakcijo je mogo\u010de kombinirati z na\u0161imi sistemi za evakuacijo zaradi zajetja. Glede na va\u0161e potrebe (vrsta onesna\u017eevala, povr\u0161ina, sektor dejavnosti) vam lahko svetujemo glede najbolj\u0161e mo\u017ene kombinacije za zagotovitev najbolj\u0161ega mo\u017enega odsesavanja in obnove zraka.<\/p>\n<\/blockquote>\n\n\n\n<p>Ventilatorji od RG 100 do RG 800 potrebujejo zelo malo prostora: od L535 x W450 x H480 za najbolj kompaktno razli\u010dico do L820 x W1.000 x H1.198 za najve\u010dji model so \u0161e vedno oprema, ki potrebuje zelo malo prostora. Za udobje delavcev zagotavljajo tudi nizko raven hrupa od 83 dB(A) do 84 dB(A).<\/p>\n\n\n\n<h3 class=\"wp-block-heading has-text-align-center\">INDUSTRIJE<\/h3>\n\n\n\n<div class=\"wp-block-columns is-layout-flex wp-container-core-columns-is-layout-28f84493 wp-block-columns-is-layout-flex\">\n<div class=\"wp-block-column is-layout-flow wp-block-column-is-layout-flow\">\n<hr class=\"wp-block-separator has-alpha-channel-opacity\"\/>\n\n\n\n<div class=\"wp-block-columns is-layout-flex wp-container-core-columns-is-layout-28f84493 wp-block-columns-is-layout-flex\">\n<div class=\"wp-block-column is-layout-flow wp-block-column-is-layout-flow\">\n<figure class=\"wp-block-image aligncenter size-thumbnail is-resized\"><img decoding=\"async\" width=\"150\" height=\"150\" src=\"https:\/\/obera.fr\/wp-content\/uploads\/2022\/02\/Textile-150x150.png\" alt=\"tekstil\" class=\"wp-image-8855\"\/><figcaption class=\"wp-element-caption\">Tekstil<\/figcaption><\/figure>\n\n\n\n<figure class=\"wp-block-image aligncenter size-thumbnail is-resized\"><img decoding=\"async\" width=\"150\" height=\"150\" src=\"https:\/\/obera.fr\/wp-content\/uploads\/2022\/02\/Plastique-150x150.png\" alt=\"plastika\" class=\"wp-image-8854\"\/><figcaption class=\"wp-element-caption\">Plastika<\/figcaption><\/figure>\n<\/div>\n\n\n\n<div class=\"wp-block-column is-layout-flow wp-block-column-is-layout-flow\">\n<figure class=\"wp-block-image aligncenter size-thumbnail is-resized\"><img decoding=\"async\" width=\"150\" height=\"150\" src=\"https:\/\/obera.fr\/wp-content\/uploads\/2022\/02\/MINERAIS-150x150.png\" alt=\"rude\" class=\"wp-image-8847\"\/><figcaption class=\"wp-element-caption\">Minerali<\/figcaption><\/figure>\n\n\n\n<figure class=\"wp-block-image aligncenter size-thumbnail is-resized\"><img decoding=\"async\" width=\"150\" height=\"150\" src=\"https:\/\/obera.fr\/wp-content\/uploads\/2022\/02\/Metalurgie-150x150.png\" alt=\"metalurgija\" class=\"wp-image-8857\"\/><figcaption class=\"wp-element-caption\">Metalurgija<\/figcaption><\/figure>\n\n\n\n<figure class=\"wp-block-image aligncenter size-thumbnail is-resized\"><img decoding=\"async\" width=\"150\" height=\"150\" src=\"https:\/\/obera.fr\/wp-content\/uploads\/2023\/02\/sans-titre-2023-02-14t102211.641-150x150.png\" alt=\"Kmetijstvo\" class=\"wp-image-18828\"\/><figcaption class=\"wp-element-caption\">Kmetijstvo<\/figcaption><\/figure>\n<\/div>\n<\/div>\n<\/div>\n\n\n\n<div class=\"wp-block-column is-layout-flow wp-block-column-is-layout-flow\">\n<hr class=\"wp-block-separator has-alpha-channel-opacity\"\/>\n\n\n\n<div class=\"wp-block-columns is-layout-flex wp-container-core-columns-is-layout-28f84493 wp-block-columns-is-layout-flex\">\n<div class=\"wp-block-column is-layout-flow wp-block-column-is-layout-flow\">\n<figure class=\"wp-block-image aligncenter size-thumbnail is-resized\"><img decoding=\"async\" width=\"150\" height=\"150\" src=\"https:\/\/obera.fr\/wp-content\/uploads\/2022\/02\/Chimie-150x150.png\" alt=\"kemija\" class=\"wp-image-8846\"\/><figcaption class=\"wp-element-caption\">Kemija<\/figcaption><\/figure>\n\n\n\n<figure class=\"wp-block-image aligncenter size-thumbnail is-resized\"><img decoding=\"async\" width=\"150\" height=\"150\" src=\"https:\/\/obera.fr\/wp-content\/uploads\/2022\/02\/Travail-du-bois-150x150.png\" alt=\"obdelava lesa\" class=\"wp-image-8856\"\/><figcaption class=\"wp-element-caption\">Obdelava lesa<\/figcaption><\/figure>\n\n\n\n<figure class=\"wp-block-image aligncenter size-thumbnail is-resized\"><img decoding=\"async\" width=\"150\" height=\"150\" src=\"https:\/\/obera.fr\/wp-content\/uploads\/2023\/02\/sans-titre-2023-02-14t101920.185-150x150.png\" alt=\"Letalstvo\" class=\"wp-image-18831\"\/><figcaption class=\"wp-element-caption\">Letalstvo<\/figcaption><\/figure>\n<\/div>\n\n\n\n<div class=\"wp-block-column is-layout-flow wp-block-column-is-layout-flow\">\n<figure class=\"wp-block-image aligncenter size-thumbnail is-resized\"><img decoding=\"async\" width=\"150\" height=\"150\" src=\"https:\/\/obera.fr\/wp-content\/uploads\/2022\/02\/AGROALIMENTAIRE-150x150.png\" alt=\"agro\u017eivilski sektor\" class=\"wp-image-8844\"\/><figcaption class=\"wp-element-caption\">\u017divilska industrija<\/figcaption><\/figure>\n\n\n\n<figure class=\"wp-block-image aligncenter size-thumbnail is-resized\"><img decoding=\"async\" width=\"150\" height=\"150\" src=\"https:\/\/obera.fr\/wp-content\/uploads\/2022\/02\/Papier-carton-150x150.png\" alt=\"papir in karton\" class=\"wp-image-8853\"\/><figcaption class=\"wp-element-caption\">Papir\/karton<\/figcaption><\/figure>\n\n\n\n<figure class=\"wp-block-image aligncenter size-thumbnail is-resized\"><img decoding=\"async\" width=\"150\" height=\"150\" src=\"https:\/\/obera.fr\/wp-content\/uploads\/2023\/02\/sans-titre-2023-02-14t101712.416-150x150.png\" alt=\"Avtomobilska industrija\" class=\"wp-image-18834\"\/><figcaption class=\"wp-element-caption\">Avtomobilska industrija<\/figcaption><\/figure>\n<\/div>\n<\/div>\n<\/div>\n<\/div>\n\n\n\n<figure class=\"wp-block-table\"><table class=\"has-fixed-layout\"><thead><tr><th><br>100<\/th><th>200<\/th><th>300<\/th><th>400<\/th><th>500<\/th><th>600<\/th><th>700<\/th><th>800<\/th><\/tr><\/thead><tbody><tr><td>Najve\u010dji pretok m3\/h<\/td><td>1.000<\/td><td>2.000<\/td><td>3.000<\/td><td>3.200<\/td><td>4.000<\/td><td>5.5000<\/td><td>7.000<\/td><td>8.000<\/td><\/tr><tr><td>Premer priklju\u010dka\/izhoda mm<\/td><td>100<\/td><td>150<\/td><td>180<\/td><td>250\/315<\/td><td>250\/315<\/td><td>315\/355<\/td><td>315\/400<\/td><td>355\/400<\/td><\/tr><tr><td>Najve\u010dji vakuum Pa<\/td><td>1.400<\/td><td>1.600<\/td><td>2.300<\/td><td>3.150<\/td><td>3.400<\/td><td>3.400<\/td><td>3.400<\/td><td>3.950<\/td><\/tr><tr><td>Napajalna napetost V<\/td><td>400<\/td><td>400<\/td><td>400<\/td><td>400<\/td><td>400<\/td><td>400<\/td><td>400<\/td><td>400<\/td><\/tr><tr><td>Mo\u010d kW<\/td><td>0.5<\/td><td>1.1<\/td><td>2.2<\/td><td>3.0<\/td><td>4.0<\/td><td>5.5<\/td><td>5.5<\/td><td>7.5<\/td><\/tr><tr><td>Dimenzije (D\/\u0160\/V)<\/td><td>535x450x480<\/td><td>595x520x555<\/td><td>640x535x610<\/td><td>711x700x1,012<\/td><td>711x700x1,012<\/td><td>737x700x1,062<\/td><td>762x700x1,062<\/td><td>820&#215;1,000&#215;1,198<\/td><\/tr><tr><td>Raven hrupa dB(A)<\/td><td>80<\/td><td>82<\/td><td>84<\/td><td>84<\/td><td>84<\/td><td>84<\/td><td>83<\/td><td>84<\/td><\/tr><\/tbody><\/table><\/figure>\n\n\n\n<div class=\"wp-block-buttons is-content-justification-center is-layout-flex wp-container-core-buttons-is-layout-a89b3969 wp-block-buttons-is-layout-flex\">\n<div class=\"wp-block-button\"><a class=\"wp-block-button__link wp-element-button\" href=\"https:\/\/obera.fr\/wp-content\/uploads\/2024\/04\/obera_brochure-rg-100-800-fr.pdf\">PRENESI PODATKOVNI LIST IZDELKA<\/a><\/div>\n<\/div>\n\n\n\n<h2 class=\"wp-block-heading\">Osredoto\u010dite se na prednosti ventilatorjev RG 100 do RG 800<\/h2>\n\n\n\n<p>Prednosti so predvsem \u010dlove\u0161ke, saj gre za re\u0161itev, ki znatno izbolj\u0161a kakovost zraka in varnost va\u0161ih ekip. Za udobje delavcev je raven hrupa \u0161e vedno nizka, kar zagotavlja produktivnost zaposlenih.  <\/p>\n\n\n\n<p>Dobro odsesavanje prahu in dima zmanj\u0161uje tudi nevarnost po\u017eara in eksplozije, ki lahko nastane, ko prah pride v stik z iskricami ali zama\u0161i proizvodne stroje.<\/p>\n\n\n\n<p>Kljub kompaktni zasnovi so vsi odvodni ventilatorji iz serije RG visoko zmogljivi in predstavljajo majhno nalo\u017ebo, ko gre za u\u017eivanje \u010distega zraka v va\u0161ih delavnicah.<\/p>\n\n\n\n<div class=\"wp-block-columns is-layout-flex wp-container-core-columns-is-layout-28f84493 wp-block-columns-is-layout-flex\">\n<div class=\"wp-block-column is-layout-flow wp-block-column-is-layout-flow\" style=\"flex-basis:33.34%\">\n<h3 class=\"wp-block-heading\">Prednosti :<\/h3>\n\n\n\n<ul class=\"wp-block-list\">\n<li>Nizki obratovalni stro\u0161ki;<\/li>\n\n\n\n<li>Robustna konstrukcija.<\/li>\n<\/ul>\n<\/div>\n\n\n\n<div class=\"wp-block-column is-layout-flow wp-block-column-is-layout-flow\" style=\"flex-basis:33.34%\">\n<h3 class=\"wp-block-heading\">Posebne funkcije:<\/h3>\n\n\n\n<ul class=\"wp-block-list\">\n<li>Kompaktna zasnova ;<\/li>\n\n\n\n<li>sesanje ene ali ve\u010d delovnih postaj ali strojev;<\/li>\n\n\n\n<li>Lahko se kombinira z zbiralnikom prahu ali sistemom za evakuacijo.<\/li>\n<\/ul>\n<\/div>\n\n\n\n<div class=\"wp-block-column is-layout-flow wp-block-column-is-layout-flow\" style=\"flex-basis:33.33%\">\n<h3 class=\"wp-block-heading\">Zna\u010dilnosti :<\/h3>\n\n\n\n<ul class=\"wp-block-list\">\n<li>\u0160iroka paleta zmogljivosti motorjev za potrebe industrijskih strank;<\/li>\n\n\n\n<li>Dodatna oprema po izbiri: nerjavno jeklo za \u017eivila, izmeni\u010dni tok (RG 100 in RG 200), levi motor, spremenljiv premer izhoda, zvo\u010dno izolirano in zatesnjeno ohi\u0161je za zunanjo namestitev.<\/li>\n<\/ul>\n<\/div>\n<\/div>\n\n\n\n<div class=\"wp-block-buttons is-horizontal is-content-justification-center is-layout-flex wp-container-core-buttons-is-layout-03627597 wp-block-buttons-is-layout-flex\">\n<div class=\"wp-block-button has-custom-width wp-block-button__width-100\"><a class=\"wp-block-button__link wp-element-button\" href=\"https:\/\/obera.fr\/sl\/pisite-nam\/\">Ve\u010d o tem<\/a><\/div>\n<\/div>\n\n\n\n<h2 class=\"wp-block-heading\">Drugi industrijski sesalniki v ponudbi<\/h2>\n\n\n\n<div class=\"wp-block-columns is-layout-flex wp-container-core-columns-is-layout-28f84493 wp-block-columns-is-layout-flex\">\n<div class=\"wp-block-column is-layout-flow wp-block-column-is-layout-flow\">\n<figure class=\"wp-block-image aligncenter size-full is-resized\"><img decoding=\"async\" width=\"566\" height=\"671\" src=\"https:\/\/obera.fr\/wp-content\/uploads\/2024\/10\/w2-xr-2.png\" alt=\"Industrijski sesalniki\" class=\"wp-image-35431\" style=\"aspect-ratio:1;object-fit:cover;width:282px;height:auto\" srcset=\"https:\/\/obera.fr\/wp-content\/uploads\/2024\/10\/w2-xr-2.png 566w, https:\/\/obera.fr\/wp-content\/uploads\/2024\/10\/w2-xr-2-253x300.png 253w\" sizes=\"(max-width: 566px) 100vw, 566px\" \/><figcaption class=\"wp-element-caption\">W2 XR<\/figcaption><\/figure>\n<\/div>\n\n\n\n<div class=\"wp-block-column is-layout-flow wp-block-column-is-layout-flow\">\n<figure class=\"wp-block-image aligncenter size-full is-resized\"><img decoding=\"async\" width=\"711\" height=\"622\" src=\"https:\/\/obera.fr\/wp-content\/uploads\/2024\/10\/w2.png\" alt=\"Industrijski sesalniki\" class=\"wp-image-35424\" style=\"object-fit:cover;width:300px;height:300px\" srcset=\"https:\/\/obera.fr\/wp-content\/uploads\/2024\/10\/w2.png 711w, https:\/\/obera.fr\/wp-content\/uploads\/2024\/10\/w2-300x262.png 300w\" sizes=\"(max-width: 711px) 100vw, 711px\" \/><figcaption class=\"wp-element-caption\">W2<\/figcaption><\/figure>\n<\/div>\n\n\n\n<div class=\"wp-block-column is-layout-flow wp-block-column-is-layout-flow\">\n<figure class=\"wp-block-image aligncenter size-full is-resized\"><img decoding=\"async\" width=\"658\" height=\"652\" src=\"https:\/\/obera.fr\/wp-content\/uploads\/2024\/10\/w3.png\" alt=\"w3\" class=\"wp-image-35427\" style=\"object-fit:cover;width:300px;height:300px\" srcset=\"https:\/\/obera.fr\/wp-content\/uploads\/2024\/10\/w3.png 658w, https:\/\/obera.fr\/wp-content\/uploads\/2024\/10\/w3-300x297.png 300w, https:\/\/obera.fr\/wp-content\/uploads\/2024\/10\/w3-150x150.png 150w, https:\/\/obera.fr\/wp-content\/uploads\/2024\/10\/w3-24x24.png 24w, https:\/\/obera.fr\/wp-content\/uploads\/2024\/10\/w3-48x48.png 48w, https:\/\/obera.fr\/wp-content\/uploads\/2024\/10\/w3-96x96.png 96w\" sizes=\"(max-width: 658px) 100vw, 658px\" \/><figcaption class=\"wp-element-caption\">W3<\/figcaption><\/figure>\n<\/div>\n<\/div>\n\n\n\n<p><\/p>\n","protected":false},"excerpt":{"rendered":"<p>Na\u0161a ponudba kompaktnih ventilatorjev od RG 100 do RG 800 zagotavlja bolj zdravo okolje z odsesavanjem in pogonom onesna\u017eenega zraka v va\u0161ih delovnih prostorih. Serija RG: delovanje in uporaba izpu\u0161nih ventilatorjev Ventilatorji iz serije RG (100, 200, 300, 400, 500, 600, 700, 800) so re\u0161itve za odsesavanje prahu, industrijskih hlapov in drugih onesna\u017eeval, ki nastajajo v va\u0161ih proizvodnih enotah. Omogo\u010dajo kro\u017eenje pre\u010di\u0161\u010denega zraka in zni\u017eanje tlaka. Vsestranski in kompaktni sistem vsesava zrak z ustvarjanjem podtlaka na vhodu ventilatorja (vrtenje rotorja) s pomo\u010djo elektri\u010dnega motorja v ohi\u0161ju. \u0160katla usmerja in poganja vdihani zrak proti izhodu (zunaj), da bi ga odvedla iz &#8230; <\/p>\n<p class=\"read-more-container\"><a title=\"Sesalni ventilatorji: serija EUROSOG RG 100-800\" class=\"read-more button\" href=\"https:\/\/obera.fr\/sl\/produits\/aspirateurs-industriels\/ventilateurs-aspiration-gamme-eurosog-rg-100-800\/#more-45338\" aria-label=\"Read more about Sesalni ventilatorji: serija EUROSOG RG 100-800\">Lire la suite<\/a><\/p>\n","protected":false},"author":4,"featured_media":83750,"parent":48487,"menu_order":0,"comment_status":"closed","ping_status":"closed","template":"","meta":{"_acf_changed":false,"_seopress_robots_primary_cat":"","_seopress_titles_title":"Sesalni ventilatorji EUROSOG RG - OberA","_seopress_titles_desc":"Odkrijte sesalne enote RG 100 do RG 800. So elegantni in kompaktni, zasnovani za znatno izbolj\u0161anje kakovosti zraka z odsesavanjem prahu, vonjav, dima in plinov.","_seopress_robots_index":"","footnotes":""},"class_list":{"0":"post-45338","1":"page","2":"type-page","3":"status-publish","4":"has-post-thumbnail","6":"no-featured-image-padding","7":"resize-featured-image"},"acf":[],"_links":{"self":[{"href":"https:\/\/obera.fr\/sl\/wp-json\/wp\/v2\/pages\/45338","targetHints":{"allow":["GET"]}}],"collection":[{"href":"https:\/\/obera.fr\/sl\/wp-json\/wp\/v2\/pages"}],"about":[{"href":"https:\/\/obera.fr\/sl\/wp-json\/wp\/v2\/types\/page"}],"author":[{"embeddable":true,"href":"https:\/\/obera.fr\/sl\/wp-json\/wp\/v2\/users\/4"}],"replies":[{"embeddable":true,"href":"https:\/\/obera.fr\/sl\/wp-json\/wp\/v2\/comments?post=45338"}],"version-history":[{"count":8,"href":"https:\/\/obera.fr\/sl\/wp-json\/wp\/v2\/pages\/45338\/revisions"}],"predecessor-version":[{"id":140559,"href":"https:\/\/obera.fr\/sl\/wp-json\/wp\/v2\/pages\/45338\/revisions\/140559"}],"up":[{"embeddable":true,"href":"https:\/\/obera.fr\/sl\/wp-json\/wp\/v2\/pages\/48487"}],"wp:featuredmedia":[{"embeddable":true,"href":"https:\/\/obera.fr\/sl\/wp-json\/wp\/v2\/media\/83750"}],"wp:attachment":[{"href":"https:\/\/obera.fr\/sl\/wp-json\/wp\/v2\/media?parent=45338"}],"curies":[{"name":"wp","href":"https:\/\/api.w.org\/{rel}","templated":true}]}}