{"id":46022,"date":"2020-08-26T12:43:50","date_gmt":"2020-08-26T10:43:50","guid":{"rendered":"https:\/\/obera.fr\/epur010-b-ca-industrijski-filter-za-prah-vonjave-in-hlapne-organske-spojine\/"},"modified":"2025-12-30T12:05:33","modified_gmt":"2025-12-30T10:05:33","slug":"filtre-anti-poussiere-epur010-b-ca","status":"publish","type":"page","link":"https:\/\/obera.fr\/sl\/produits\/traitement-cov\/filtre-anti-poussiere-epur010-b-ca\/","title":{"rendered":"ePUR010 B CA industrijski filter za prah, vonjave in hlapne organske spojine"},"content":{"rendered":"\n<p>Na\u0161 <strong>industrijski filter za prah in hlapne organske spojine ePUR010 B CA<\/strong> je mobilna sesalna enota z aktivnim ogljem, ki lahko obdela zra\u010dni tok s prahom, drobnimi delci in plinastimi onesna\u017eevali.<\/p>\n\n\n\n\n\n\n<h2 class=\"wp-block-heading\" id=\"comment-fonctionne-notre-appareil\"><strong>Kako deluje na\u0161a naprava?<\/strong><\/h2>\n\n\n\n<div class=\"wp-block-columns is-layout-flex wp-container-core-columns-is-layout-28f84493 wp-block-columns-is-layout-flex\">\n<div class=\"wp-block-column is-layout-flow wp-block-column-is-layout-flow\" style=\"flex-basis:33.33%\">\n<figure class=\"wp-block-image aligncenter size-medium\"><img decoding=\"async\" width=\"300\" height=\"300\" src=\"https:\/\/obera.fr\/wp-content\/uploads\/2020\/09\/ePUR010B-CA-300x300.png\" alt=\"ePUR010 B CA\" class=\"wp-image-1038\" srcset=\"https:\/\/obera.fr\/wp-content\/uploads\/2020\/09\/ePUR010B-CA-300x300.png 300w, https:\/\/obera.fr\/wp-content\/uploads\/2020\/09\/ePUR010B-CA-150x150.png 150w, https:\/\/obera.fr\/wp-content\/uploads\/2020\/09\/ePUR010B-CA.png 433w\" sizes=\"(max-width: 300px) 100vw, 300px\" \/><figcaption class=\"wp-element-caption\">ePUR010 B CA<\/figcaption><\/figure>\n<\/div>\n\n\n\n<div class=\"wp-block-column is-layout-flow wp-block-column-is-layout-flow\" style=\"flex-basis:66.66%\">\n<p>Delovanje tega industrijskega filtra je preprosto: onesna\u017eeni zrak se zbira na izvoru z <strong>gibljivo cevjo, kanalom, sesalno roko ali odsesovalno napo<\/strong>. Sistem ima 2 ali 3 stopnje filtriranja. Delce in prah zadr\u017eita prvi dve stopnji nastavljivega filtriranja (predfilter, nastavljiv od G3 do F7) in glavni filter (nastavljiv od F8 do absolutnega filtriranja HEPA H14).    <\/p>\n\n\n\n<p>Spletna stran <strong><a href=\"https:\/\/obera.fr\/sl\/produits\/traitement-cov\/\" data-type=\"URL\" data-id=\"https:\/\/obera.fr\/produits\/traitement-cov\/\">plinasta onesna\u017eevala, vonjave in hlapne organske spojine<\/a><\/strong> se obdelajo s kon\u010dnim filtrom z aktivnim ogljem. O\u010di\u0161\u010den zrak se nato skozi spodnji del enote odvaja v delovno obmo\u010dje. Zama\u0161itev prvih dveh stopenj filtra (predfiltra in glavnega filtra) se spremlja z merjenjem padca tlaka.  <\/p>\n\n\n\n<p>Ko stopnja zama\u0161enosti prese\u017ee nastavljeni prag (padec tlaka), se pri\u017ege rde\u010da opozorilna lu\u010dka, ki opozarja na potrebo po zamenjavi filtrirnega vlo\u017eka. Ta industrijski filtrirni sistem je opremljen z <strong>visoko u\u010dinkovitim elektronsko komutiranim ventilatorjem<\/strong>, ki omogo\u010da nastavitev stopnje pretoka zraka od 0 do 100 %. <\/p>\n\n\n\n<hr class=\"wp-block-separator has-css-opacity is-style-dots\"\/>\n\n\n\n<div class=\"wp-block-columns is-layout-flex wp-container-core-columns-is-layout-28f84493 wp-block-columns-is-layout-flex\">\n<div class=\"wp-block-column is-layout-flow wp-block-column-is-layout-flow\" style=\"flex-basis:33.33%\">\n<div class=\"wp-block-buttons is-layout-flex wp-block-buttons-is-layout-flex\">\n<div class=\"wp-block-button\"><a class=\"wp-block-button__link wp-element-button\" href=\"https:\/\/obera.fr\/wp-content\/uploads\/2025\/04\/en-brochure-epur-10-bca.pdf\">PRENESI BRO\u0160URO<\/a><\/div>\n<\/div>\n<\/div>\n\n\n\n<div class=\"wp-block-column is-layout-flow wp-block-column-is-layout-flow\" style=\"flex-basis:33.34%\">\n<div class=\"wp-block-buttons is-horizontal is-content-justification-center is-layout-flex wp-container-core-buttons-is-layout-03627597 wp-block-buttons-is-layout-flex\">\n<div class=\"wp-block-button has-custom-width wp-block-button__width-100\"><a class=\"wp-block-button__link wp-element-button\" href=\"https:\/\/obera.fr\/sl\/pisite-nam\/\">Ve\u010d o tem<\/a><\/div>\n<\/div>\n<\/div>\n\n\n\n<div class=\"wp-block-column is-layout-flow wp-block-column-is-layout-flow\" style=\"flex-basis:33.34%\">\n<div class=\"wp-block-buttons is-content-justification-center is-layout-flex wp-container-core-buttons-is-layout-a89b3969 wp-block-buttons-is-layout-flex\">\n<div class=\"wp-block-button btn-devis-source\"><a class=\"wp-block-button__link wp-element-button\" href=\"https:\/\/obera.fr\/sl\/devis\/\">Zahtevajte ponudbo<\/a><\/div>\n<\/div>\n\n\n<script>\r\ndocument.addEventListener('DOMContentLoaded', function() {\r\n    \/\/ 1. On cherche le titre H1 de la page\r\n    var h1 = document.querySelector('h1');\r\n    var productTitle = h1 ? h1.innerText.trim() : \"\";\r\n\r\n    \/\/ 2. On cherche les boutons via la classe CSS .btn-devis-source\r\n    var buttons = document.querySelectorAll('.btn-devis-source a');\r\n\r\n    \/\/ 3. Si on a le titre et les boutons, on ajoute le param\u00e8tre\r\n    if (buttons.length > 0 && productTitle !== \"\") {\r\n        var encodedTitle = encodeURIComponent(productTitle);\r\n\r\n        buttons.forEach(function(btn) {\r\n            var currentHref = btn.getAttribute('href');\r\n            \r\n            \/\/ S\u00e9curit\u00e9 pour ne pas ajouter le param\u00e8tre 2 fois\r\n            if (currentHref.indexOf('sujet=') === -1) {\r\n                var separator = currentHref.indexOf('?') !== -1 ? '&' : '?';\r\n                var newLink = currentHref + separator + 'sujet=' + encodedTitle;\r\n                \r\n                btn.setAttribute('href', newLink);\r\n            }\r\n        });\r\n    }\r\n});\r\n<\/script><\/div>\n<\/div>\n<\/div>\n<\/div>\n\n\n\n<h2 class=\"wp-block-heading\" id=\"quels-polluants-traiter-avec-notre-filtre-industriel-anti-poussiere-odeurs-et-cov\">Katera onesna\u017eevala je mogo\u010de odstraniti z na\u0161imi industrijskimi filtri za prah, vonjave in hlapne organske spojine?<\/h2>\n\n\n\n<p>Naprava ePUR010 B CA je bila posebej zasnovana za <strong>kombinirano \u010di\u0161\u010denje prahu, vonjav, dima, hlapnih organskih spojin in drugih plinastih onesna\u017eeval<\/strong>.<\/p>\n\n\n\n<blockquote class=\"wp-block-quote is-layout-flow wp-block-quote-is-layout-flow\">\n<p>Preberite tudi: <a href=\"https:\/\/obera.fr\/sl\/nas-nasvet\/traitement-odeurs-industrielles\/\" data-type=\"post\" data-id=\"8636\">Kako se lotiti industrijskih vonjav in hlapnih organskih spojin<\/a>?<\/p>\n<\/blockquote>\n\n\n\n<h2 class=\"wp-block-heading\" id=\"pour-quelles-utilisations-est-prevu-notre-appareil-de-filtration-anti-poussiere-odeurs-et-cov\">Za kaj so namenjene na\u0161e enote za filtriranje prahu, vonjav in hlapnih organskih spojin?<\/h2>\n\n\n\n<p>Popolnoma primeren je za <strong>vse vrste industrij<\/strong> in se je \u017ee izkazal v <strong>elektronski<\/strong> industriji, <strong>usnjarski<\/strong> industriji, industriji <strong>luksuznih izdelkov<\/strong> in obla\u010dil, <strong>kozmeti\u010dni<\/strong> industriji in industriji <strong>nakita<\/strong>, <strong>laboratorijih<\/strong>, <strong>izobra\u017eevalnem<\/strong> sektorju, <strong>muzejih<\/strong> in <strong>restavratorskih delavnicah<\/strong> ter v industriji procesov, kot so :<\/p>\n\n\n\n<ul class=\"wp-block-list\">\n<li>Laserski hlapi<\/li>\n\n\n\n<li>Lepljenje<\/li>\n\n\n\n<li>Odpiranje<\/li>\n\n\n\n<li>\u010ci\u0161\u010denje s topilom<\/li>\n\n\n\n<li>Odstranjevanje<\/li>\n\n\n\n<li>Poliranje<\/li>\n\n\n\n<li>Odstranjevanje odrezkov itd&#8230;<\/li>\n<\/ul>\n\n\n\n<div class=\"wp-block-columns is-layout-flex wp-container-core-columns-is-layout-28f84493 wp-block-columns-is-layout-flex\">\n<div class=\"wp-block-column is-layout-flow wp-block-column-is-layout-flow\">\n<h3 class=\"wp-block-heading has-text-align-center\" id=\"polluants\">Onesna\u017eevala<\/h3>\n\n\n\n<hr class=\"wp-block-separator has-css-opacity is-style-wide\"\/>\n\n\n\n<div class=\"wp-block-columns is-layout-flex wp-container-core-columns-is-layout-28f84493 wp-block-columns-is-layout-flex\">\n<div class=\"wp-block-column is-layout-flow wp-block-column-is-layout-flow\">\n<figure class=\"wp-block-image aligncenter size-large\"><img decoding=\"async\" width=\"70\" height=\"70\" src=\"https:\/\/obera.fr\/wp-content\/uploads\/2020\/08\/polluants-poussieres.jpg\" alt=\"Onesna\u017eevala Prah\" class=\"wp-image-675\"\/><figcaption class=\"wp-element-caption\">Kemi\u010dni prah<\/figcaption><\/figure>\n\n\n\n<figure class=\"wp-block-image aligncenter size-large\"><img decoding=\"async\" width=\"70\" height=\"70\" src=\"https:\/\/obera.fr\/wp-content\/uploads\/2020\/08\/industrie-fumees.jpg\" alt=\"Industrijski dim\" class=\"wp-image-722\"\/><figcaption class=\"wp-element-caption\">Izpuhi<\/figcaption><\/figure>\n<\/div>\n\n\n\n<div class=\"wp-block-column is-layout-flow wp-block-column-is-layout-flow\">\n<figure class=\"wp-block-image aligncenter size-large\"><img decoding=\"async\" width=\"70\" height=\"70\" src=\"https:\/\/obera.fr\/wp-content\/uploads\/2020\/10\/industrie-aerosols.jpg\" alt=\"Industrijski aerosoli\" class=\"wp-image-1201\"\/><figcaption class=\"wp-element-caption\">VOCS<\/figcaption><\/figure>\n\n\n\n<figure class=\"wp-block-image aligncenter size-large\"><img decoding=\"async\" width=\"70\" height=\"70\" src=\"https:\/\/obera.fr\/wp-content\/uploads\/2020\/08\/industrie-odeur.jpg\" alt=\"Industrija Vonj\" class=\"wp-image-723\"\/><figcaption class=\"wp-element-caption\">Vonji<\/figcaption><\/figure>\n<\/div>\n<\/div>\n<\/div>\n\n\n\n<div class=\"wp-block-column is-layout-flow wp-block-column-is-layout-flow\">\n<h3 class=\"wp-block-heading has-text-align-center\" id=\"industries\">Industrije<\/h3>\n\n\n\n<hr class=\"wp-block-separator has-css-opacity is-style-wide\"\/>\n\n\n\n<div class=\"wp-block-columns is-layout-flex wp-container-core-columns-is-layout-28f84493 wp-block-columns-is-layout-flex\">\n<div class=\"wp-block-column is-layout-flow wp-block-column-is-layout-flow\">\n<figure class=\"wp-block-image aligncenter size-large\"><img decoding=\"async\" width=\"70\" height=\"70\" src=\"https:\/\/obera.fr\/wp-content\/uploads\/2020\/08\/industrie-metallurgie.jpg\" alt=\"Metalur\u0161ka industrija\" class=\"wp-image-673\"\/><figcaption class=\"wp-element-caption\">Metalurgija<\/figcaption><\/figure>\n\n\n\n<figure class=\"wp-block-image aligncenter size-large\"><img decoding=\"async\" width=\"70\" height=\"70\" src=\"https:\/\/obera.fr\/wp-content\/uploads\/2020\/08\/industrie-bois.jpg\" alt=\"Lesna industrija\" class=\"wp-image-672\"\/><figcaption class=\"wp-element-caption\">Obdelava lesa<\/figcaption><\/figure>\n<\/div>\n\n\n\n<div class=\"wp-block-column is-layout-flow wp-block-column-is-layout-flow\">\n<figure class=\"wp-block-image aligncenter size-large\"><img decoding=\"async\" width=\"70\" height=\"70\" src=\"https:\/\/obera.fr\/wp-content\/uploads\/2020\/08\/industrie-chimie.jpg\" alt=\"Kemi\u010dna industrija\" class=\"wp-image-725\"\/><figcaption class=\"wp-element-caption\">Kemikalije\/Petrokemikalije<\/figcaption><\/figure>\n<\/div>\n<\/div>\n<\/div>\n<\/div>\n\n\n\n<h2 class=\"wp-block-heading\" id=\"quelles-sont-les-caracteristiques-de-notre-filtre-anti-poussiere-odeurs-et-cov-industriel\">Kak\u0161ne so zna\u010dilnosti na\u0161ega industrijskega filtra za prah, vonjave in hlapne organske spojine?<\/h2>\n\n\n\n<p>Na\u0161 <strong>industrijski filter za prah, vonjave in hlapne organske spojine<\/strong> je zasnovan tako, da zagotavlja visoko sesalno mo\u010d, kar mu omogo\u010da do 1000 m3\/h brez roke in 150 m3\/h z roko. Njegova raven hrupa pri delovanju je izjemno nizka (63 dB). <\/p>\n\n\n\n<p>Sestavljen je iz stopnje predfiltracije in dveh stopenj filtriranja (1 glavni filter za prah + 1 glavni filter z aktivnim ogljem). Mediji za filtriranje trdnih delcev so nasi\u010deni filtri, zato jih je treba zamenjati, ko so nasi\u010deni. \u010ce je koli\u010dina prahu prevelika, se lahko ta vrsta filtrirnega medija izka\u017ee za neprimerno, zato je priporo\u010dljivo izbrati model zbiralnika prahu s \u010distilnim sistemom in obnovljivim filtrirnim medijem.  <\/p>\n\n\n\n<p>Mo\u017ene konfiguracije filtrov v tej napravi so naslednje:<\/p>\n\n\n\n<div class=\"wp-block-columns is-layout-flex wp-container-core-columns-is-layout-28f84493 wp-block-columns-is-layout-flex\">\n<div class=\"wp-block-column is-layout-flow wp-block-column-is-layout-flow\">\n<h3 class=\"wp-block-heading\" id=\"prefiltration\">Predfiltracija<\/h3>\n\n\n\n<ul class=\"wp-block-list\">\n<li><strong>ISO Grobi 50-odstotni zra\u010dni filter<\/strong> (nekdanji razred u\u010dinkovitosti G3), pralna kovinska mre\u017ea iz aluminija ali jekla, posebej primerna za olja, masti in lepljive delce ali za lo\u010devanje isker.<\/li>\n\n\n\n<li><strong>Zra\u010dni filter ISO Coarse 90 % do ISO PM10 85 %<\/strong> (nekdanji razred u\u010dinkovitosti G4, M5 in F7) filter in okvir iz poliestrskih vlaken. Ti zra\u010dni filtri lo\u010dujejo droben in grob prah ter delce, da za\u0161\u010ditijo filtre na naslednjih stopnjah. <\/li>\n<\/ul>\n<\/div>\n\n\n\n<div class=\"wp-block-column is-layout-flow wp-block-column-is-layout-flow\">\n<h3 class=\"wp-block-heading\" id=\"filtre-principal-1\">Glavni filter 1<\/h3>\n\n\n\n<ul class=\"wp-block-list\">\n<li><strong>Zra\u010dni filter ISO PM1 65 % do ISO PM1 85 %<\/strong> (nekdanji razred u\u010dinkovitosti F8 in F9) 100-odstotni poliestrski filter, ki ga je mogo\u010de v celoti reciklirati, za u\u010dinkovito filtriranje brez morebitnega spro\u0161\u010danja steklenih vlaken.<\/li>\n\n\n\n<li><strong>Zra\u010dni filter z visokim izkoristkom<\/strong> (absolutna u\u010dinkovitost filtra HEPA E11 do H14) za u\u010dinkovito filtriranje zelo drobnih delcev in po mo\u017enosti prahu CMR. Filtri E11 imajo zelo majhen padec tlaka in so iz 100-odstotnega poliestra, kar zagotavlja zdrav zrak brez spro\u0161\u010danja delcev iz steklenih vlaken. Absolutni filtri nad E11 so izdelani iz steklenih vlaken.  <\/li>\n<\/ul>\n\n\n\n<h3 class=\"wp-block-heading\" id=\"filtre-principal-2\">Glavni filter 2<\/h3>\n\n\n\n<ul class=\"wp-block-list\">\n<li>Na voljo je <strong>\u0161iroka paleta visoko u\u010dinkovitih adsorbentov za<\/strong> obdelavo \u0161tevilnih HOS, vonjav in drugih plinastih onesna\u017eeval. Koli\u010dina aktivnega oglja zna\u0161a od 6,5 kg do 15 kg. Kartu\u0161e je mogo\u010de ponovno uporabiti in reciklirati.  <\/li>\n<\/ul>\n<\/div>\n<\/div>\n\n\n\n<p>V fazi predfiltracije se izlo\u010dijo grobi delci, ki \u0161\u010ditijo glavni filter z aktivnim ogljem. Vrsto aktivnega oglja lahko izberete glede na onesna\u017eevala, ki jih je treba o\u010distiti, in tako zagotovite optimalno u\u010dinkovitost. Enota je name\u0161\u010dena na kole\u0161\u010dkih in tehta le 20 kg, zato je enostavna za manevriranje.  <\/p>\n\n\n\n<p>Filter za prah, vonjave in hlapne organske spojine ePUR 10 B CA je <strong>lahek<\/strong> (v celoti izdelan iz aluminija), mobilen (na kolesih) <strong>industrijski sistem,<\/strong> ki ga je mogo\u010de enostavno namestiti \u010dim bli\u017eje proizvodnim sredstvom, da bi zajel onesna\u017eevala, prisotna pri viru, in tako o\u010distil zrak \u010dim bli\u017eje upravljavcu.<\/p>\n\n\n\n<figure class=\"wp-block-table\"><table class=\"has-fixed-layout\"><thead><tr><th>Naprava<\/th><th><\/th><th>ePUR010B CA<br>Z roko<\/th><th>ePUR010B CA<br>Brez roke<\/th><\/tr><\/thead><tbody><tr><td>Pretok<\/td><td>m3\/h<\/td><td>150<\/td><td>1 000<\/td><\/tr><tr><td>Intenzivnost<\/td><td>A<\/td><td>0.7<\/td><td>0.7<\/td><\/tr><tr><td>Napajalna napetost<\/td><td>V<\/td><td>230<\/td><td>230<\/td><\/tr><tr><td>Napajanje<\/td><td>kW<\/td><td>0.08<\/td><td>0.08<\/td><\/tr><tr><td>Dimenzije<\/td><td>l\/L\/h (mm)<\/td><td>660 x 370 x 780 mm<\/td><td>660 x 370 x 780 mm<\/td><\/tr><tr><td>Naboj aktivnega oglja<\/td><td>kg<\/td><td>7.5<\/td><td>7.5<\/td><\/tr><tr><td>Raven hrupa<\/td><td>dB(A)<\/td><td>63<\/td><td>63<\/td><\/tr><\/tbody><\/table><\/figure>\n\n\n\n<div class=\"wp-block-buttons is-horizontal is-content-justification-center is-layout-flex wp-container-core-buttons-is-layout-03627597 wp-block-buttons-is-layout-flex\">\n<div class=\"wp-block-button\"><a class=\"wp-block-button__link wp-element-button\" href=\"https:\/\/obera.fr\/wp-content\/uploads\/2024\/02\/brochure-epur-10-bca.pdf\">prenesi podatkovni list izdelka<\/a><\/div>\n<\/div>\n\n\n\n<h2 class=\"wp-block-heading\" id=\"quels-sont-les-avantages-de-notre-filtre-anti-poussiere-odeurs-et-cov-industriel\">Katere so prednosti na\u0161ega industrijskega filtra za prah, vonjave in hlapne organske spojine?<\/h2>\n\n\n\n<p>Ti filtrirni sistemi bistveno izbolj\u0161ajo kakovost zraka na delovnih mestih in zmanj\u0161ajo tveganje izpostavljenosti zaposlenih. Dodatna prednost je <strong>za\u0161\u010dita proizvodnih strojev<\/strong>, kar pomeni <strong>manj okvar<\/strong> in dalj\u0161o \u017eivljenjsko dobo strojev.   <\/p>\n\n\n\n<blockquote class=\"wp-block-quote is-layout-flow wp-block-quote-is-layout-flow\">\n<p>Ti sistemi za obdelavo zraka so <strong>\u0161e posebej tihi<\/strong>, zato jih je mogo\u010de namestiti neposredno v delovno obmo\u010dje.  <\/p>\n<\/blockquote>\n\n\n\n<p>Predfilter \u0161\u010diti glavni filter z aktivnim ogljem pred grobimi delci in zagotavlja njegovo dolgo \u017eivljenjsko dobo. Filtre lahko hitro in enostavno zamenjate z enim \u0161estkotnim klju\u010dem. Zaradi kolesc in te\u017ee 20 kg je enostaven za manevriranje. V skladu s predpisi vam na\u0161a oprema omogo\u010da, da upo\u0161tevate mejne vrednosti izpostavljenosti pri delu<a href=\"https:\/\/obera.fr\/conseils\/reglementation-vlep-evaluation-risque-chimique-lieu-de-travail\/\" data-type=\"post\" data-id=\"6575\">(OELV<\/a>) in tako <a href=\"https:\/\/obera.fr\/conseils\/qualite-l-air-interieur-critere-essentiel-industrie\/\" data-type=\"post\" data-id=\"5884\">izbolj\u0161ate kakovost zraka<\/a>.   <\/p>\n\n\n\n<div class=\"wp-block-columns is-layout-flex wp-container-core-columns-is-layout-28f84493 wp-block-columns-is-layout-flex\">\n<div class=\"wp-block-column is-layout-flow wp-block-column-is-layout-flow\">\n<h3 class=\"wp-block-heading has-text-align-center\" id=\"avantages\">Prednosti<\/h3>\n\n\n\n<ul class=\"wp-block-list\">\n<li>Plug &amp; Play: preprosto ga priklju\u010dite v elektri\u010dno omre\u017eje in \u017ee je pripravljen za uporabo<\/li>\n\n\n\n<li>Zmogljiv in tih<\/li>\n\n\n\n<li>Ni namestitvenih ali odsesovalnih kanalov<\/li>\n\n\n\n<li>Zasnovan tako, da ga je zaradi kolesc mogo\u010de enostavno premikati<\/li>\n\n\n\n<li>Zelo majhna poraba energije (manj kot pri gospodinjskem sesalniku)<\/li>\n<\/ul>\n<\/div>\n\n\n\n<div class=\"wp-block-column is-layout-flow wp-block-column-is-layout-flow\">\n<h3 class=\"wp-block-heading has-text-align-center\" id=\"particularites\">Posebne zna\u010dilnosti<\/h3>\n\n\n\n<ul class=\"wp-block-list\">\n<li>Kartu\u0161e, napolnjene z aktivnim ogljem, izbranim glede na onesna\u017eevala, ki jih je treba obdelati.<\/li>\n\n\n\n<li>Kartu\u0161e za ve\u010dkratno uporabo in recikliranje<\/li>\n\n\n\n<li>Filtrirni vlo\u017eek lahko zamenjate sami v samo 5 minutah z enim imbusnim klju\u010dem.<\/li>\n\n\n\n<li>Priklju\u010dite v standardno 220V vti\u010dnico<\/li>\n<\/ul>\n<\/div>\n\n\n\n<div class=\"wp-block-column is-layout-flow wp-block-column-is-layout-flow\">\n<h3 class=\"wp-block-heading has-text-align-center\" id=\"caracteristiques\">Zna\u010dilnosti<\/h3>\n\n\n\n<ul class=\"wp-block-list\">\n<li>Z dopolnitvijo obstoje\u010dih sistemov znatno izbolj\u0161a kakovost zraka v proizvodnih delavnicah.<\/li>\n\n\n\n<li>zajemanje onesna\u017eeval pri viru<\/li>\n\n\n\n<li>Opremite jih lahko z razli\u010dnimi nape ali modularnimi nape.<\/li>\n<\/ul>\n<\/div>\n<\/div>\n\n\n\n<div class=\"wp-block-buttons is-horizontal is-content-justification-center is-layout-flex wp-container-core-buttons-is-layout-03627597 wp-block-buttons-is-layout-flex\">\n<div class=\"wp-block-button has-custom-width wp-block-button__width-100\"><a class=\"wp-block-button__link wp-element-button\" href=\"https:\/\/obera.fr\/sl\/pisite-nam\/\">Ve\u010d o tem<\/a><\/div>\n<\/div>\n\n\n\n<h2 class=\"wp-block-heading\" id=\"les-autres-produits-de-traitement-des-polluants-gazeux-obera\">Drugi izdelki za obdelavo plinastih onesna\u017eeval oberA<\/h2>\n\n\n\n<div class=\"wp-block-columns is-layout-flex wp-container-core-columns-is-layout-28f84493 wp-block-columns-is-layout-flex\">\n<div class=\"wp-block-column is-layout-flow wp-block-column-is-layout-flow\">\n<figure class=\"wp-block-image aligncenter size-medium is-resized\"><a href=\"https:\/\/obera.fr\/produits\/traitement-cov\/aspiration-mobile-odeurs-epur-box\/\"><img decoding=\"async\" width=\"300\" height=\"300\" src=\"https:\/\/obera.fr\/wp-content\/uploads\/2020\/09\/ePUR-BOX-SF-300x300.png\" alt=\"Epur Box Sf\" class=\"wp-image-1036\" srcset=\"https:\/\/obera.fr\/wp-content\/uploads\/2020\/09\/ePUR-BOX-SF-300x300.png 300w, https:\/\/obera.fr\/wp-content\/uploads\/2020\/09\/ePUR-BOX-SF-150x150.png 150w, https:\/\/obera.fr\/wp-content\/uploads\/2020\/09\/ePUR-BOX-SF.png 600w\" sizes=\"(max-width: 300px) 100vw, 300px\" \/><\/a><figcaption class=\"wp-element-caption\">ePUR BOX<\/figcaption><\/figure>\n\n\n\n<figure class=\"wp-block-image aligncenter size-full is-resized\"><a href=\"https:\/\/obera.fr\/produits\/purificateurs-air\/professionnel-epur-ca\/\"><img decoding=\"async\" width=\"500\" height=\"500\" src=\"https:\/\/obera.fr\/wp-content\/uploads\/2022\/02\/EPUR30-CA.png\" alt=\"epur30 ca\" class=\"wp-image-8923\" srcset=\"https:\/\/obera.fr\/wp-content\/uploads\/2022\/02\/EPUR30-CA.png 500w, https:\/\/obera.fr\/wp-content\/uploads\/2022\/02\/EPUR30-CA-300x300.png 300w, https:\/\/obera.fr\/wp-content\/uploads\/2022\/02\/EPUR30-CA-150x150.png 150w\" sizes=\"(max-width: 500px) 100vw, 500px\" \/><\/a><figcaption class=\"wp-element-caption\">ePUR CA<\/figcaption><\/figure>\n<\/div>\n\n\n\n<div class=\"wp-block-column is-layout-flow wp-block-column-is-layout-flow\">\n<figure class=\"wp-block-image aligncenter size-full is-resized\"><a href=\"https:\/\/obera.fr\/produits\/depoussiereurs-industriels\/petits\/aspiration-fumees-soudage-laser-epur-b-ex\/\"><img decoding=\"async\" width=\"600\" height=\"600\" src=\"https:\/\/obera.fr\/wp-content\/uploads\/2023\/10\/epurb-ex-1000-3000-5000.png\" alt=\"oberA epur b ex 1000 3000 5000\" class=\"wp-image-25016\" srcset=\"https:\/\/obera.fr\/wp-content\/uploads\/2023\/10\/epurb-ex-1000-3000-5000.png 600w, https:\/\/obera.fr\/wp-content\/uploads\/2023\/10\/epurb-ex-1000-3000-5000-300x300.png 300w, https:\/\/obera.fr\/wp-content\/uploads\/2023\/10\/epurb-ex-1000-3000-5000-150x150.png 150w\" sizes=\"(max-width: 600px) 100vw, 600px\" \/><\/a><figcaption class=\"wp-element-caption\">ePUR B EX<\/figcaption><\/figure>\n<\/div>\n\n\n\n<div class=\"wp-block-column is-layout-flow wp-block-column-is-layout-flow\">\n<figure class=\"wp-block-image aligncenter size-full is-resized\"><a href=\"https:\/\/obera.fr\/produits\/traitement-cov\/filtre-atex-mobile-mobfan-4500\/\"><img decoding=\"async\" width=\"500\" height=\"500\" src=\"https:\/\/obera.fr\/wp-content\/uploads\/2022\/03\/Filtre-mobile-ATEX-MOBFAN4500.png\" alt=\"mobilni filter atex mobfan4500\" class=\"wp-image-9464\" srcset=\"https:\/\/obera.fr\/wp-content\/uploads\/2022\/03\/Filtre-mobile-ATEX-MOBFAN4500.png 500w, https:\/\/obera.fr\/wp-content\/uploads\/2022\/03\/Filtre-mobile-ATEX-MOBFAN4500-300x300.png 300w, https:\/\/obera.fr\/wp-content\/uploads\/2022\/03\/Filtre-mobile-ATEX-MOBFAN4500-150x150.png 150w\" sizes=\"(max-width: 500px) 100vw, 500px\" \/><\/a><figcaption class=\"wp-element-caption\">MOBFAN 4500<\/figcaption><\/figure>\n<\/div>\n<\/div>\n\n\n\n<p><\/p>\n","protected":false},"excerpt":{"rendered":"<p>Na\u0161 industrijski filter za prah in hlapne organske spojine ePUR010 B CA je mobilna sesalna enota z aktivnim ogljem, ki lahko obdela zra\u010dni tok s prahom, drobnimi delci in plinastimi onesna\u017eevali. Kako deluje na\u0161a naprava? Delovanje tega industrijskega filtra je preprosto: onesna\u017eeni zrak se zbira na izvoru z gibljivo cevjo, kanalom, sesalno roko ali odsesovalno napo. Sistem ima 2 ali 3 stopnje filtriranja. Delce in prah zadr\u017eita prvi dve stopnji nastavljivega filtriranja (predfilter, nastavljiv od G3 do F7) in glavni filter (nastavljiv od F8 do absolutnega filtriranja HEPA H14). Spletna stran plinasta onesna\u017eevala, vonjave in hlapne organske spojine se obdelajo &#8230; <\/p>\n<p class=\"read-more-container\"><a title=\"ePUR010 B CA industrijski filter za prah, vonjave in hlapne organske spojine\" class=\"read-more button\" href=\"https:\/\/obera.fr\/sl\/produits\/traitement-cov\/filtre-anti-poussiere-epur010-b-ca\/#more-46022\" aria-label=\"Read more about ePUR010 B CA industrijski filter za prah, vonjave in hlapne organske spojine\">Lire la suite<\/a><\/p>\n","protected":false},"author":4,"featured_media":83750,"parent":46483,"menu_order":0,"comment_status":"closed","ping_status":"closed","template":"","meta":{"_acf_changed":false,"_seopress_robots_primary_cat":"","_seopress_titles_title":"ePUR010 B CA industrijski filter za prah, vonjave in hlapne organske spojine","_seopress_titles_desc":"Industrijski filter ePUR010 B CA je mobilna sesalna enota z aktivnim ogljem, ki o\u010disti zrak s prahom, drobnimi delci in plinastimi onesna\u017eevali.","_seopress_robots_index":"","footnotes":""},"class_list":{"0":"post-46022","1":"page","2":"type-page","3":"status-publish","4":"has-post-thumbnail","6":"no-featured-image-padding","7":"resize-featured-image"},"acf":[],"_links":{"self":[{"href":"https:\/\/obera.fr\/sl\/wp-json\/wp\/v2\/pages\/46022","targetHints":{"allow":["GET"]}}],"collection":[{"href":"https:\/\/obera.fr\/sl\/wp-json\/wp\/v2\/pages"}],"about":[{"href":"https:\/\/obera.fr\/sl\/wp-json\/wp\/v2\/types\/page"}],"author":[{"embeddable":true,"href":"https:\/\/obera.fr\/sl\/wp-json\/wp\/v2\/users\/4"}],"replies":[{"embeddable":true,"href":"https:\/\/obera.fr\/sl\/wp-json\/wp\/v2\/comments?post=46022"}],"version-history":[{"count":10,"href":"https:\/\/obera.fr\/sl\/wp-json\/wp\/v2\/pages\/46022\/revisions"}],"predecessor-version":[{"id":87921,"href":"https:\/\/obera.fr\/sl\/wp-json\/wp\/v2\/pages\/46022\/revisions\/87921"}],"up":[{"embeddable":true,"href":"https:\/\/obera.fr\/sl\/wp-json\/wp\/v2\/pages\/46483"}],"wp:featuredmedia":[{"embeddable":true,"href":"https:\/\/obera.fr\/sl\/wp-json\/wp\/v2\/media\/83750"}],"wp:attachment":[{"href":"https:\/\/obera.fr\/sl\/wp-json\/wp\/v2\/media?parent=46022"}],"curies":[{"name":"wp","href":"https:\/\/api.w.org\/{rel}","templated":true}]}}