{"id":46065,"date":"2022-11-23T11:48:48","date_gmt":"2022-11-23T09:48:48","guid":{"rendered":"https:\/\/obera.fr\/dustomat-hydro-fiksni-mokri-zbiralnik-prahu\/"},"modified":"2026-02-05T11:43:19","modified_gmt":"2026-02-05T09:43:19","slug":"depoussiereur-a-voie-humide-dustomat-hydro","status":"publish","type":"page","link":"https:\/\/obera.fr\/sl\/produits\/depoussiereurs-industriels\/fixes\/depoussiereur-a-voie-humide-dustomat-hydro\/","title":{"rendered":"DUSTOMAT HYDRO: fiksni mokri zbiralnik prahu"},"content":{"rendered":"\n<p>Odkrijte na\u0161o ponudbo <strong>mokrih \u010distilnih naprav DUSTOMAT HYDRO<\/strong>, ki zdru\u017eujejo zmogljivost in u\u010dinkovitost za odsesavanje zelo vnetljivih snovi.<\/p>\n\n\n\n<h2 class=\"wp-block-heading\">DUSTOMAT HYDRO industrijski zbiralnik prahu : kako deluje in kako ga uporabljati?<\/h2>\n\n\n\n<div class=\"wp-block-columns is-layout-flex wp-container-core-columns-is-layout-28f84493 wp-block-columns-is-layout-flex\">\n<div class=\"wp-block-column is-layout-flow wp-block-column-is-layout-flow\" style=\"flex-basis:33.33%\">\n<figure class=\"wp-block-image aligncenter size-full is-resized\"><img decoding=\"async\" width=\"600\" height=\"600\" src=\"https:\/\/obera.fr\/wp-content\/uploads\/2022\/11\/dustomat-hydro-1.png\" alt=\"dustomat hydro 1\" class=\"wp-image-15989\" style=\"width:300px;height:300px\" srcset=\"https:\/\/obera.fr\/wp-content\/uploads\/2022\/11\/dustomat-hydro-1.png 600w, https:\/\/obera.fr\/wp-content\/uploads\/2022\/11\/dustomat-hydro-1-300x300.png 300w, https:\/\/obera.fr\/wp-content\/uploads\/2022\/11\/dustomat-hydro-1-150x150.png 150w\" sizes=\"(max-width: 600px) 100vw, 600px\" \/><\/figure>\n<\/div>\n\n\n\n<div class=\"wp-block-column is-vertically-aligned-center is-layout-flow wp-block-column-is-layout-flow\" style=\"flex-basis:66.66%\">\n<p>Glavna prednost serije DUSTOMAT HYDRO je <strong>inovativna ve\u010dstopenjska tehnologija lo\u010devanja za zajemanje prahu in isker<\/strong>. Onesna\u017eeni zrak vpihuje ventilator, ki je vgrajen v zbiralnik prahu. Hitrost zraka se zmanj\u0161a, kar omogo\u010da, da te\u017eki delci padejo v zbiralnik: to je prva stopnja predhodnega lo\u010devanja delcev. Zrak gre nato skozi <strong>hidrociklon<\/strong>, ki s pomo\u010djo centrifugalne sile lo\u010di drobne delce od vode. Ti delci se ujamejo v vodi, iskre pa se ohladijo, da postanejo ne\u0161kodljive. Zadnja stopnja filtriranja zajame \u0161e zadnje drobne delce, tako da zrak ostane \u010dist. Ta tehnologija filtriranja zagotavlja visoko u\u010dinkovitost lo\u010devanja do 99,995 %.      <\/p>\n\n\n\n<p>Za kaj se uporabljajo? <strong>Mokri separatorji<\/strong> serije DUSTOMAT HYDRO so zasnovani za odsesavanje zelo vnetljivih snovi ali v delovnih procesih z iskrami. Primerni so za eno- ali ve\u010dstopenjske sisteme za odsesavanje kovinskih prahu, na primer pri <strong>bru\u0161enju<\/strong>, <strong>\u0161\u010detkanju<\/strong> in <strong>poliranju<\/strong>. DUSTOMAT HYDRO je skladen tudi s standardom ATEX za varno in u\u010dinkovito uporabo v eksplozivnih okoljih. Pravzaprav so ti <a href=\"https:\/\/obera.fr\/sl\/produits\/depoussiereurs-industriels\/fixes\/\" data-type=\"page\" data-id=\"389\">fiksni mokri sesalniki<\/a> zelo priljubljeni v<strong>kovinski<\/strong>, <strong>kemi\u010dni<\/strong> in <strong>\u017eivilski<\/strong><strong>industriji,<\/strong> pa tudi v <strong>lesni in obrtni industriji<\/strong>.    <\/p>\n\n\n\n<div class=\"wp-block-columns is-layout-flex wp-container-core-columns-is-layout-28f84493 wp-block-columns-is-layout-flex\">\n<div class=\"wp-block-column is-layout-flow wp-block-column-is-layout-flow\" style=\"flex-basis:33.33%\">\n<div class=\"wp-block-buttons is-layout-flex wp-block-buttons-is-layout-flex\">\n<div class=\"wp-block-button\"><a class=\"wp-block-button__link wp-element-button\" href=\"https:\/\/obera.fr\/wp-content\/uploads\/2025\/04\/brochure-dustomat-hydro-en.pdf\">PRENESI BRO\u0160URO<\/a><\/div>\n<\/div>\n<\/div>\n\n\n\n<div class=\"wp-block-column is-layout-flow wp-block-column-is-layout-flow\" style=\"flex-basis:33.34%\">\n<div class=\"wp-block-buttons is-horizontal is-content-justification-center is-layout-flex wp-container-core-buttons-is-layout-03627597 wp-block-buttons-is-layout-flex\">\n<div class=\"wp-block-button has-custom-width wp-block-button__width-100\"><a class=\"wp-block-button__link wp-element-button\" href=\"https:\/\/obera.fr\/sl\/pisite-nam\/\">Ve\u010d o tem<\/a><\/div>\n<\/div>\n<\/div>\n\n\n\n<div class=\"wp-block-column is-layout-flow wp-block-column-is-layout-flow\" style=\"flex-basis:33.34%\">\n<div class=\"wp-block-buttons is-content-justification-center is-layout-flex wp-container-core-buttons-is-layout-a89b3969 wp-block-buttons-is-layout-flex\">\n<div class=\"wp-block-button btn-devis-source\"><a class=\"wp-block-button__link wp-element-button\" href=\"https:\/\/obera.fr\/sl\/devis\/\">Zahtevajte ponudbo<\/a><\/div>\n<\/div>\n\n\n<script>\r\ndocument.addEventListener('DOMContentLoaded', function() {\r\n    \/\/ 1. On cherche le titre H1 de la page\r\n    var h1 = document.querySelector('h1');\r\n    var productTitle = h1 ? h1.innerText.trim() : \"\";\r\n\r\n    \/\/ 2. On cherche les boutons via la classe CSS .btn-devis-source\r\n    var buttons = document.querySelectorAll('.btn-devis-source a');\r\n\r\n    \/\/ 3. Si on a le titre et les boutons, on ajoute le param\u00e8tre\r\n    if (buttons.length > 0 && productTitle !== \"\") {\r\n        var encodedTitle = encodeURIComponent(productTitle);\r\n\r\n        buttons.forEach(function(btn) {\r\n            var currentHref = btn.getAttribute('href');\r\n            \r\n            \/\/ S\u00e9curit\u00e9 pour ne pas ajouter le param\u00e8tre 2 fois\r\n            if (currentHref.indexOf('sujet=') === -1) {\r\n                var separator = currentHref.indexOf('?') !== -1 ? '&' : '?';\r\n                var newLink = currentHref + separator + 'sujet=' + encodedTitle;\r\n                \r\n                btn.setAttribute('href', newLink);\r\n            }\r\n        });\r\n    }\r\n});\r\n<\/script><\/div>\n<\/div>\n<\/div>\n<\/div>\n\n\n\n<div style=\"height:30px\" aria-hidden=\"true\" class=\"wp-block-spacer\"><\/div>\n\n\n\n<h2 class=\"wp-block-heading\">Zna\u010dilnosti mokrih sesalnikov DUSTOMAT HYDRO<\/h2>\n\n\n\n<p>Serija DUSTOMAT HYDRO vklju\u010duje <strong>4 modele<\/strong> mokrih <strong>zbiralnikov prahu z<\/strong> zmogljivostmi od <strong>2.300 do 10.000 m3\/h<\/strong>. Vsi ponujajo \u0161iroko paleto aplikacij za odsesavanje kovinskih drobcev, varilnega dima, prahu iz aluminija, jekla in titana, pa tudi za odsesavanje eksplozivnih snovi <a href=\"https:\/\/obera.fr\/conseils\/zone-atex-norme-atex-bases-protection-contre-risque-explosion\/\" data-type=\"post\" data-id=\"17925\">(po izbiri v skladu z ATEX)<\/a> in kovinskega prahu, ki ustvarja iskre. Zaradi vsestranskosti je ta serija posebej u\u010dinkovita pri odsesavanju delcev, ki nastajajo pri bru\u0161enju, poliranju, \u017eaganju, rezkanju in varjenju.  <\/p>\n\n\n\n<p>Poleg tega je DUSTOMAT HYDRO zbiralnik prahu, ki ga je mogo\u010de resni\u010dno prilagoditi potrebam industrije. Poleg tega, da je skladen z ATEX, ima mo\u017enost posebne barve in spremenljivega polo\u017eaja <strong>sesalne \u0161obe<\/strong>. Prav tako lahko izbirate med filtrirnimi mediji (na primer filter HEPA H 14 za rakotvorne delce). Poleg tega <strong><a href=\"https:\/\/obera.fr\/sl\/produits\/depoussiereurs-industriels\/\" data-type=\"page\" data-id=\"31\">industrijski zbiralniki prahu<\/a><\/strong> v tej seriji imajo dve stopnji mo\u010di, nastavljiv sistem filtriranja (do 4 stopnje filtriranja) in senzorje, ki samodejno uravnavajo polnjenje z vodo.   <\/p>\n\n\n\n<p>Druga zna\u010dilnost serije DUSTOMAT HYDRO so <strong>nizki stro\u0161ki vzdr\u017eevanja<\/strong>, saj je sistem za filtriranje drobnih delcev name\u0161\u010den za njim.<\/p>\n\n\n\n<blockquote class=\"wp-block-quote is-layout-flow wp-block-quote-is-layout-flow\">\n<p>Inovativna tehnologija DUSTOMAT HYDRO: separacijski sistem, ki temelji na hidrociklonu, naredi iskre in gorljiv prah skoraj popolnoma ne\u0161kodljive \u017ee na prvi stopnji filtriranja (98,7-odstotna stopnja lo\u010devanja). Tudi najmanj\u0161e frakcije delcev \u2265 15 \u00b5m so varno vezane v komori z vodno turbulenco, kar podjetju OberA omogo\u010da, da kakovost pred separacije dvigne na novo raven. Uporabniki imajo korist od pomembnega u\u010dinka: filtrirni mediji v nadaljnjem sistemu suhega lo\u010devanja so prihranjeni, kar pomeni dalj\u0161o \u017eivljenjsko dobo in ni\u017eje poznej\u0161e stro\u0161ke.  <\/p>\n<\/blockquote>\n\n\n\n<div class=\"wp-block-columns is-layout-flex wp-container-core-columns-is-layout-28f84493 wp-block-columns-is-layout-flex\">\n<div class=\"wp-block-column is-layout-flow wp-block-column-is-layout-flow\">\n<h3 class=\"wp-block-heading has-text-align-center\" id=\"industries\">Industrije<\/h3>\n\n\n\n<hr class=\"wp-block-separator has-css-opacity is-style-wide\"\/>\n\n\n\n<div class=\"wp-block-columns is-layout-flex wp-container-core-columns-is-layout-28f84493 wp-block-columns-is-layout-flex\">\n<div class=\"wp-block-column is-layout-flow wp-block-column-is-layout-flow\">\n<figure class=\"wp-block-image aligncenter size-full\"><img decoding=\"async\" width=\"150\" height=\"150\" src=\"https:\/\/obera.fr\/wp-content\/uploads\/2022\/02\/Metalurgie.png\" alt=\"obdelava kovin\" class=\"wp-image-8857\"\/><figcaption class=\"wp-element-caption\">Obdelava kovin<\/figcaption><\/figure>\n\n\n\n<figure class=\"wp-block-image aligncenter size-full\"><img decoding=\"async\" width=\"150\" height=\"150\" src=\"https:\/\/obera.fr\/wp-content\/uploads\/2022\/02\/Textile.png\" alt=\"tekstil\" class=\"wp-image-8855\"\/><figcaption class=\"wp-element-caption\">Tekstil<\/figcaption><\/figure>\n<\/div>\n\n\n\n<div class=\"wp-block-column is-layout-flow wp-block-column-is-layout-flow\">\n<figure class=\"wp-block-image aligncenter size-full\"><img decoding=\"async\" width=\"150\" height=\"150\" src=\"https:\/\/obera.fr\/wp-content\/uploads\/2022\/02\/Chimie.png\" alt=\"kemija\" class=\"wp-image-8846\"\/><figcaption class=\"wp-element-caption\">Kemija<\/figcaption><\/figure>\n\n\n\n<figure class=\"wp-block-image aligncenter size-full\"><img decoding=\"async\" width=\"150\" height=\"150\" src=\"https:\/\/obera.fr\/wp-content\/uploads\/2022\/02\/Plastique.png\" alt=\"plastika\" class=\"wp-image-8854\"\/><figcaption class=\"wp-element-caption\">Plastika<\/figcaption><\/figure>\n<\/div>\n\n\n\n<div class=\"wp-block-column is-layout-flow wp-block-column-is-layout-flow\">\n<figure class=\"wp-block-image aligncenter size-full\"><img decoding=\"async\" width=\"150\" height=\"150\" src=\"https:\/\/obera.fr\/wp-content\/uploads\/2022\/02\/MINERAIS.png\" alt=\"rude\" class=\"wp-image-8847\"\/><figcaption class=\"wp-element-caption\">Minerali<\/figcaption><\/figure>\n\n\n\n<figure class=\"wp-block-image aligncenter size-full\"><img decoding=\"async\" width=\"150\" height=\"150\" src=\"https:\/\/obera.fr\/wp-content\/uploads\/2022\/02\/Papier-carton.png\" alt=\"papir in karton\" class=\"wp-image-8853\"\/><figcaption class=\"wp-element-caption\">Papir\/karton<\/figcaption><\/figure>\n<\/div>\n\n\n\n<div class=\"wp-block-column is-layout-flow wp-block-column-is-layout-flow\">\n<figure class=\"wp-block-image aligncenter size-full\"><img decoding=\"async\" width=\"150\" height=\"150\" src=\"https:\/\/obera.fr\/wp-content\/uploads\/2022\/02\/AGROALIMENTAIRE.png\" alt=\"agro\u017eivilski sektor\" class=\"wp-image-8844\"\/><figcaption class=\"wp-element-caption\">\u017divilska industrija<\/figcaption><\/figure>\n<\/div>\n<\/div>\n<\/div>\n<\/div>\n\n\n\n<figure class=\"wp-block-table\"><table class=\"has-fixed-layout\"><tbody><tr><td><\/td><td><\/td><td><strong>DUSTOMAT HYDRO 2300<\/strong><\/td><td><strong>DUSTOMAT HYDRO 3500<\/strong><\/td><td><strong>DUSTOMAT HYDRO 6000<\/strong><\/td><td><strong>DUSTOMAT HYDRO 10000<\/strong><\/td><\/tr><tr><td>Pretok<\/td><td>m3\/h<\/td><td>2 300<\/td><td>3 500<\/td><td>6 000<\/td><td>10 000<\/td><\/tr><tr><td>Maksimalni vakuum<\/td><td>Pa<\/td><td>2 500<\/td><td>3 400<\/td><td>3 950<\/td><td>4 800<\/td><\/tr><tr><td>Napajanje<\/td><td>kW<\/td><td>3<\/td><td>5,5<\/td><td>7.5<\/td><td>15<\/td><\/tr><tr><td>Premer dovoda<\/td><td>mm<\/td><td>180<\/td><td>224<\/td><td>280<\/td><td>400<\/td><\/tr><tr><td>Priklju\u010dek za vodo<\/td><td>Palcev<\/td><td>3\/4<\/td><td>3\/4<\/td><td>3\/4<\/td><td>3\/4<\/td><\/tr><tr><td>Dimenzije<\/td><td>l\/L\/h (mm)<\/td><td>850x850x2600<\/td><td>850x850x2600<\/td><td>1350 x 1550 x 3400<\/td><td>1350 x 1550 x 3400<\/td><\/tr><tr><td>Raven hrupa<\/td><td>dB(A)<\/td><td>70*<\/td><td>72*<\/td><td>73.4<\/td><td>76.1<\/td><\/tr><tr><td>Te\u017ea<\/td><td>kg<\/td><td>340<\/td><td>380<\/td><td>750<\/td><td>870<\/td><\/tr><\/tbody><\/table><\/figure>\n\n\n\n<p>* brez zvo\u010dnoizolacijskega paketa: 75 db(A)<\/p>\n\n\n\n<div class=\"wp-block-columns is-layout-flex wp-container-core-columns-is-layout-28f84493 wp-block-columns-is-layout-flex\">\n<div class=\"wp-block-column is-layout-flow wp-block-column-is-layout-flow\"><\/div>\n\n\n\n<div class=\"wp-block-column is-layout-flow wp-block-column-is-layout-flow\">\n<div class=\"wp-block-buttons is-content-justification-center is-layout-flex wp-container-core-buttons-is-layout-a89b3969 wp-block-buttons-is-layout-flex\">\n<div class=\"wp-block-button btn-devis-source\"><a class=\"wp-block-button__link wp-element-button\" href=\"https:\/\/obera.fr\/sl\/devis\/\">Zahtevajte ponudbo<\/a><\/div>\n<\/div>\n\n\n<script>\r\ndocument.addEventListener('DOMContentLoaded', function() {\r\n    \/\/ 1. On cherche le titre H1 de la page\r\n    var h1 = document.querySelector('h1');\r\n    var productTitle = h1 ? h1.innerText.trim() : \"\";\r\n\r\n    \/\/ 2. On cherche les boutons via la classe CSS .btn-devis-source\r\n    var buttons = document.querySelectorAll('.btn-devis-source a');\r\n\r\n    \/\/ 3. Si on a le titre et les boutons, on ajoute le param\u00e8tre\r\n    if (buttons.length > 0 && productTitle !== \"\") {\r\n        var encodedTitle = encodeURIComponent(productTitle);\r\n\r\n        buttons.forEach(function(btn) {\r\n            var currentHref = btn.getAttribute('href');\r\n            \r\n            \/\/ S\u00e9curit\u00e9 pour ne pas ajouter le param\u00e8tre 2 fois\r\n            if (currentHref.indexOf('sujet=') === -1) {\r\n                var separator = currentHref.indexOf('?') !== -1 ? '&' : '?';\r\n                var newLink = currentHref + separator + 'sujet=' + encodedTitle;\r\n                \r\n                btn.setAttribute('href', newLink);\r\n            }\r\n        });\r\n    }\r\n});\r\n<\/script><\/div>\n\n\n\n<div class=\"wp-block-column is-layout-flow wp-block-column-is-layout-flow\">\n<div class=\"wp-block-buttons is-content-justification-center is-layout-flex wp-container-core-buttons-is-layout-a89b3969 wp-block-buttons-is-layout-flex\">\n<div class=\"wp-block-button\"><a class=\"wp-block-button__link wp-element-button\" href=\"https:\/\/obera.fr\/wp-content\/uploads\/2025\/04\/brochure-dustomat-hydro-en.pdf\">Prenesi bro\u0161uro<\/a><\/div>\n<\/div>\n<\/div>\n\n\n\n<div class=\"wp-block-column is-layout-flow wp-block-column-is-layout-flow\"><\/div>\n<\/div>\n\n\n\n<h2 class=\"wp-block-heading\">DUSTOMAT HYDRO: kak\u0161ne so njegove prednosti?  <\/h2>\n\n\n\n<p>Serija sesalnikov prahu DUSTOMAT HYDRO je odgovor na <strong>glavni problem kakovosti zraka v industriji<\/strong>, saj izbolj\u0161uje zdravje in varnost proizvodnih ekip. <strong>Zmanj\u0161anje izpostavljenosti drobnemu prahu<\/strong> in onesna\u017eevalcem, izbolj\u0161anje kakovosti zraka v delavnici &#8230; Odlo\u010ditev za mokri zbiralnik prahu pomeni ustvarjanje bolj zdravega in prijetnega delovnega okolja ter skladnost z veljavnimi okoljskimi standardi. Za ve\u010dje udobje uporabnikov so modeli iz te serije kompaktni in tihi. \u010ce imate te\u017eave s prostorom, lahko enoto namestite v zaprtih prostorih ali na prostem.  <\/p>\n\n\n\n<p>Inovativna tehnologija hidrociklona <strong>omogo\u010da, da so delovne postaje \u010dim bolj varne<\/strong> na dva na\u010dina: zmanj\u0161uje nevarnost po\u017eara zaradi prahu in prepre\u010duje, da bi se prah nabiral na opremi in po\u0161kodoval stroje.<\/p>\n\n\n\n<p>Kar zadeva nalo\u017ebe, ki jih zahtevajo proizvajalci, je <strong>sistem zasnovan tako, da porabi malo energije za vodo,<\/strong> kar pomeni prihranek pri ra\u010dunu za energijo.<\/p>\n\n\n\n<div class=\"wp-block-columns is-layout-flex wp-container-core-columns-is-layout-28f84493 wp-block-columns-is-layout-flex\">\n<div class=\"wp-block-column is-layout-flow wp-block-column-is-layout-flow\">\n<h3 class=\"wp-block-heading\">Prednosti :<\/h3>\n\n\n\n<ul class=\"wp-block-list\">\n<li>Ve\u010dja varnost, tudi v eksplozivnih okoljih;<\/li>\n\n\n\n<li>Majhna poraba energije in vode zaradi regulacije porabe vode;<\/li>\n\n\n\n<li>Zaslon na dotik je enostaven za uporabo;<\/li>\n\n\n\n<li><strong> <\/strong>Enostavna uporaba in vzdr\u017eevanje, nizki obratovalni stro\u0161ki.<\/li>\n<\/ul>\n<\/div>\n\n\n\n<div class=\"wp-block-column is-layout-flow wp-block-column-is-layout-flow\">\n<h3 class=\"wp-block-heading\">Posebne funkcije:<\/h3>\n\n\n\n<ul class=\"wp-block-list\">\n<li>Visoko zmogljiv ve\u010dstopenjski sistem za lo\u010devanje finega prahu, gorljivega prahu in isker;<\/li>\n\n\n\n<li>U\u010dinkovitost lo\u010devanja do 99,995 %;<\/li>\n\n\n\n<li>Ekstrakcija z eno ali ve\u010d postajami.<\/li>\n<\/ul>\n<\/div>\n\n\n\n<div class=\"wp-block-column is-layout-flow wp-block-column-is-layout-flow\">\n<h3 class=\"wp-block-heading\">Zna\u010dilnosti :<\/h3>\n\n\n\n<ul class=\"wp-block-list\">\n<li>V skladu s standardom ATEX ;<\/li>\n\n\n\n<li>Tiho delovanje ;<\/li>\n\n\n\n<li>Po \u017eelji: recirkulacija (zmanj\u0161a stro\u0161ke ogrevanja).<\/li>\n<\/ul>\n<\/div>\n<\/div>\n\n\n\n<div class=\"wp-block-columns is-layout-flex wp-container-core-columns-is-layout-28f84493 wp-block-columns-is-layout-flex\">\n<div class=\"wp-block-column is-layout-flow wp-block-column-is-layout-flow\">\n<figure class=\"wp-block-image size-full is-resized\"><img decoding=\"async\" width=\"600\" height=\"600\" src=\"https:\/\/obera.fr\/wp-content\/uploads\/2022\/11\/norme-atex.jpg\" alt=\"standard atex\" class=\"wp-image-15992\" style=\"width:300px;height:300px\" srcset=\"https:\/\/obera.fr\/wp-content\/uploads\/2022\/11\/norme-atex.jpg 600w, https:\/\/obera.fr\/wp-content\/uploads\/2022\/11\/norme-atex-300x300.jpg 300w, https:\/\/obera.fr\/wp-content\/uploads\/2022\/11\/norme-atex-150x150.jpg 150w\" sizes=\"(max-width: 600px) 100vw, 600px\" \/><\/figure>\n<\/div>\n\n\n\n<div class=\"wp-block-column is-layout-flow wp-block-column-is-layout-flow\">\n<figure class=\"wp-block-image size-full is-resized\"><img decoding=\"async\" width=\"600\" height=\"600\" src=\"https:\/\/obera.fr\/wp-content\/uploads\/2022\/11\/dustomat-hydro-2.jpg\" alt=\"dustomat hydro 2\" class=\"wp-image-15995\" style=\"width:300px;height:300px\" srcset=\"https:\/\/obera.fr\/wp-content\/uploads\/2022\/11\/dustomat-hydro-2.jpg 600w, https:\/\/obera.fr\/wp-content\/uploads\/2022\/11\/dustomat-hydro-2-300x300.jpg 300w, https:\/\/obera.fr\/wp-content\/uploads\/2022\/11\/dustomat-hydro-2-150x150.jpg 150w\" sizes=\"(max-width: 600px) 100vw, 600px\" \/><\/figure>\n<\/div>\n\n\n\n<div class=\"wp-block-column is-layout-flow wp-block-column-is-layout-flow\">\n<figure class=\"wp-block-image size-full is-resized\"><img decoding=\"async\" width=\"600\" height=\"600\" src=\"https:\/\/obera.fr\/wp-content\/uploads\/2022\/11\/vanne-de-vidange.jpg\" alt=\"izpustni ventil\" class=\"wp-image-15998\" style=\"width:300px;height:300px\" srcset=\"https:\/\/obera.fr\/wp-content\/uploads\/2022\/11\/vanne-de-vidange.jpg 600w, https:\/\/obera.fr\/wp-content\/uploads\/2022\/11\/vanne-de-vidange-300x300.jpg 300w, https:\/\/obera.fr\/wp-content\/uploads\/2022\/11\/vanne-de-vidange-150x150.jpg 150w\" sizes=\"(max-width: 600px) 100vw, 600px\" \/><\/figure>\n<\/div>\n<\/div>\n\n\n\n<div class=\"wp-block-buttons is-content-justification-center is-layout-flex wp-container-core-buttons-is-layout-a89b3969 wp-block-buttons-is-layout-flex\">\n<div class=\"wp-block-button\"><a class=\"wp-block-button__link wp-element-button\" href=\"https:\/\/obera.fr\/sl\/contact\/\">Preizku\u0161anje naprave DUSTOMAT HYDRO<\/a><\/div>\n<\/div>\n","protected":false},"excerpt":{"rendered":"<p>Odkrijte na\u0161o ponudbo mokrih \u010distilnih naprav DUSTOMAT HYDRO, ki zdru\u017eujejo zmogljivost in u\u010dinkovitost za odsesavanje zelo vnetljivih snovi. DUSTOMAT HYDRO industrijski zbiralnik prahu : kako deluje in kako ga uporabljati? Glavna prednost serije DUSTOMAT HYDRO je inovativna ve\u010dstopenjska tehnologija lo\u010devanja za zajemanje prahu in isker. Onesna\u017eeni zrak vpihuje ventilator, ki je vgrajen v zbiralnik prahu. Hitrost zraka se zmanj\u0161a, kar omogo\u010da, da te\u017eki delci padejo v zbiralnik: to je prva stopnja predhodnega lo\u010devanja delcev. Zrak gre nato skozi hidrociklon, ki s pomo\u010djo centrifugalne sile lo\u010di drobne delce od vode. Ti delci se ujamejo v vodi, iskre pa se ohladijo, da &#8230; <\/p>\n<p class=\"read-more-container\"><a title=\"DUSTOMAT HYDRO: fiksni mokri zbiralnik prahu\" class=\"read-more button\" href=\"https:\/\/obera.fr\/sl\/produits\/depoussiereurs-industriels\/fixes\/depoussiereur-a-voie-humide-dustomat-hydro\/#more-46065\" aria-label=\"Read more about DUSTOMAT HYDRO: fiksni mokri zbiralnik prahu\">Lire la suite<\/a><\/p>\n","protected":false},"author":4,"featured_media":83750,"parent":47216,"menu_order":0,"comment_status":"closed","ping_status":"closed","template":"","meta":{"_acf_changed":false,"_seopress_robots_primary_cat":"","_seopress_titles_title":"Mokri \u010distilni stroj DUSTOMAT HYDRO podjetja oberA","_seopress_titles_desc":"Odkrijte na\u0161o ponudbo mokrih \u010distilnih naprav DUSTOMAT HYDRO, ki zdru\u017eujejo zmogljivost in u\u010dinkovitost za odsesavanje zelo vnetljivih snovi.","_seopress_robots_index":"","footnotes":""},"class_list":{"0":"post-46065","1":"page","2":"type-page","3":"status-publish","4":"has-post-thumbnail","6":"no-featured-image-padding","7":"resize-featured-image"},"acf":[],"_links":{"self":[{"href":"https:\/\/obera.fr\/sl\/wp-json\/wp\/v2\/pages\/46065","targetHints":{"allow":["GET"]}}],"collection":[{"href":"https:\/\/obera.fr\/sl\/wp-json\/wp\/v2\/pages"}],"about":[{"href":"https:\/\/obera.fr\/sl\/wp-json\/wp\/v2\/types\/page"}],"author":[{"embeddable":true,"href":"https:\/\/obera.fr\/sl\/wp-json\/wp\/v2\/users\/4"}],"replies":[{"embeddable":true,"href":"https:\/\/obera.fr\/sl\/wp-json\/wp\/v2\/comments?post=46065"}],"version-history":[{"count":10,"href":"https:\/\/obera.fr\/sl\/wp-json\/wp\/v2\/pages\/46065\/revisions"}],"predecessor-version":[{"id":91990,"href":"https:\/\/obera.fr\/sl\/wp-json\/wp\/v2\/pages\/46065\/revisions\/91990"}],"up":[{"embeddable":true,"href":"https:\/\/obera.fr\/sl\/wp-json\/wp\/v2\/pages\/47216"}],"wp:featuredmedia":[{"embeddable":true,"href":"https:\/\/obera.fr\/sl\/wp-json\/wp\/v2\/media\/83750"}],"wp:attachment":[{"href":"https:\/\/obera.fr\/sl\/wp-json\/wp\/v2\/media?parent=46065"}],"curies":[{"name":"wp","href":"https:\/\/api.w.org\/{rel}","templated":true}]}}