{"id":46894,"date":"2020-08-26T12:34:20","date_gmt":"2020-08-26T10:34:20","guid":{"rendered":"https:\/\/obera.fr\/nasi-izdelki\/industrijski-zbiralniki-prahu\/mobilni-zbiralniki-prahu\/"},"modified":"2026-02-06T13:13:32","modified_gmt":"2026-02-06T11:13:32","slug":"mobiles","status":"publish","type":"page","link":"https:\/\/obera.fr\/sl\/produits\/depoussiereurs-industriels\/mobiles\/","title":{"rendered":"Mobilni zbiralniki prahu"},"content":{"rendered":"\n<p>Na\u0161i <strong>mobilni odsesovalniki prahu<\/strong> predstavljajo paleto zmogljivih in enostavno prenosljivih <a href=\"https:\/\/obera.fr\/sl\/produits\/depoussiereurs-industriels\/\" data-type=\"page\" data-id=\"31\">industrijskih odsesovalnikov prahu<\/a>. Te naprave se popolnoma prilagodijo va\u0161emu okolju za optimalno delovno udobje in zagotovljeno u\u010dinkovitost. <\/p>\n\n<p>Te naprave za <strong>obdelavo zraka<\/strong> so zasnovane za neposredno povezavo s proizvodnimi stroji preko sistema kanalov ali za odsesovanje mobilnega delovnega mesta z uporabo <a href=\"https:\/\/obera.fr\/sl\/produits\/bras-dispositifs-captation\/capot-industriel\/\">odsesovalne roke<\/a> ali ekstrakcijske nape, da se vsi tipi prahu in onesna\u017eevalcev v velikih koli\u010dinah zbirajo neposredno pri viru.<\/p>\n\n\n<h2 class=\"wp-block-heading\">Na\u0161a ponudba mobilnih odsesovalnikov prahu:<\/h2>\n\n<div class=\"wp-block-columns is-layout-flex wp-container-core-columns-is-layout-28f84493 wp-block-columns-is-layout-flex\">\n<div class=\"wp-block-column is-vertically-aligned-top is-layout-flow wp-block-column-is-layout-flow\">\n<h3 class=\"wp-block-heading has-text-align-center\"><a href=\"https:\/\/obera.fr\/sl\/produits\/depoussiereurs-industriels\/mobiles\/extracteur-de-poussiere-dustomat-dry\/\">DUSTOMAT DRY<\/a><\/h3>\n\n\n\n<figure class=\"wp-block-image aligncenter size-medium is-resized\"><a href=\"https:\/\/obera.fr\/sl\/produits\/depoussiereurs-industriels\/mobiles\/extracteur-de-poussiere-dustomat-dry\/\"><img decoding=\"async\" width=\"300\" height=\"300\" src=\"https:\/\/obera.fr\/wp-content\/uploads\/2023\/09\/dustomat-dry-300x300.png\" alt=\"dustomat dry\" class=\"wp-image-24355\" srcset=\"https:\/\/obera.fr\/wp-content\/uploads\/2023\/09\/dustomat-dry-300x300.png 300w, https:\/\/obera.fr\/wp-content\/uploads\/2023\/09\/dustomat-dry-150x150.png 150w, https:\/\/obera.fr\/wp-content\/uploads\/2023\/09\/dustomat-dry.png 320w\" sizes=\"(max-width: 300px) 100vw, 300px\" \/><\/a><figcaption class=\"wp-element-caption\">DUSTOMAT DRY<\/figcaption><\/figure>\n\n\n\n<p>DUSTOMAT DRY je sistem za <a href=\"https:\/\/obera.fr\/sl\/produits\/depoussiereurs-industriels\/mobiles\/extracteur-de-poussiere-dustomat-dry\/#more-24274\">odsesovanje prahu<\/a>, ki je popolnoma primeren za \u0161irok spekter industrijskih sektorjev. Omogo\u010da u\u010dinkovito odstranjevanje pra\u0161nih delcev in ostru\u017ekov, bodisi neposredno iz proizvodnih strojev bodisi z povezavo na ekstrakcijsko napo, odsesovalno roko ali cevni sistem. Na voljo je v \u0161tirih nivojih mo\u010di in je primeren za srednje pretoke od 2000 do 3500 kubi\u010dnih metrov na uro.<\/p>\n\n\n\n<p>\u010ceprav je njegova sesalna mo\u010d precej\u0161nja, DUSTOMAT DRY ostaja izjemno tih in energetsko u\u010dinkovit. Opremljen je tudi s predseparatorem, ki lahko zajame te\u017eke in grobe delce. Vzdr\u017eevanje tega sistema je poenostavljeno zahvaljujo\u010d \u010di\u0161\u010denju filtrov z zra\u010dnim curkom, kar ne le olaj\u0161a vzdr\u017eevanje, ampak tudi prispeva k podalj\u0161anju \u017eivljenjske dobe filtrov.<\/p>\n\n\n\n<p class=\"has-text-align-center\">Na voljo v <a href=\"https:\/\/obera.fr\/sl\/produits\/atex\/\">ATEX<\/a> izvedbi.<\/p>\n<\/div>\n\n\n\n<div class=\"wp-block-column is-vertically-aligned-top is-layout-flow wp-block-column-is-layout-flow\">\n<h3 class=\"wp-block-heading has-text-align-center\"><strong><a href=\"https:\/\/obera.fr\/sl\/produits\/depoussiereurs-industriels\/mobiles\/aspiration-poussiere-dustomat-10\/\">DUSTOMAT 10<\/a><\/strong><\/h3>\n\n\n\n<figure class=\"wp-block-image aligncenter size-medium is-resized\"><a href=\"https:\/\/obera.fr\/sl\/produits\/depoussiereurs-industriels\/mobiles\/aspiration-poussiere-dustomat-10\/\"><img decoding=\"async\" width=\"300\" height=\"300\" src=\"https:\/\/obera.fr\/wp-content\/uploads\/2020\/10\/extracteur-poussiere-mobile-DUSTOMAT-10-300x300.png\" alt=\"Dustomat 10 Mobilni odsesovalnik prahu\" class=\"wp-image-1306\" srcset=\"https:\/\/obera.fr\/wp-content\/uploads\/2020\/10\/extracteur-poussiere-mobile-DUSTOMAT-10-300x300.png 300w, https:\/\/obera.fr\/wp-content\/uploads\/2020\/10\/extracteur-poussiere-mobile-DUSTOMAT-10-150x150.png 150w, https:\/\/obera.fr\/wp-content\/uploads\/2020\/10\/extracteur-poussiere-mobile-DUSTOMAT-10.png 600w\" sizes=\"(max-width: 300px) 100vw, 300px\" \/><\/a><figcaption class=\"wp-element-caption\">DUSTOMAT 10<\/figcaption><\/figure>\n\n\n\n<p><a href=\"https:\/\/obera.fr\/sl\/produits\/depoussiereurs-industriels\/mobiles\/aspiration-poussiere-dustomat-10\/\" data-type=\"page\" data-id=\"445\">Odsesovalnik prahu DUSTOMAT 10<\/a> z visoko sesalno mo\u010djo. Sposoben je obdelovati tako prah kot tudi lesne, plasti\u010dne in kovinske ostru\u017eke. Zajemanje poteka bodisi z neposredno povezavo na proizvodni stroj preko sistema kanalov, bodisi z dodajanjem odsesovalne roke ali nape za odsesovanje zraka. <\/p>\n\n\n\n<p>\u010ci\u0161\u010denje kartu\u0161nih filtrov je mo\u017eno ro\u010dno s sistemom rotacijskih \u0161\u010detk ali avtomatsko z zra\u010dnim curkom. Ta <strong>filtrirna naprava<\/strong> je idealna za posamezna delovna mesta, na proizvodnih strojih ali v bli\u017eini ro\u010dnih delovnih obmo\u010dij. Nagibno ohi\u0161je in zbiralna vre\u010da omogo\u010data enostavno in hitro odstranjevanje zbranih odpadkov.  <\/p>\n<\/div>\n\n\n\n<div class=\"wp-block-column is-layout-flow wp-block-column-is-layout-flow\">\n<h3 class=\"wp-block-heading has-text-align-center\"><strong><a href=\"https:\/\/obera.fr\/sl\/produits\/depoussiereurs-industriels\/mobiles\/extracteur-poussiere-pulverulente-dustomat-16m\/\">DUSTOMAT 16<\/a><\/strong><\/h3>\n\n\n\n<figure class=\"wp-block-image aligncenter size-medium\"><a href=\"https:\/\/obera.fr\/sl\/produits\/depoussiereurs-industriels\/mobiles\/extracteur-poussiere-pulverulente-dustomat-16m\/\"><img decoding=\"async\" width=\"300\" height=\"300\" src=\"https:\/\/obera.fr\/wp-content\/uploads\/2020\/10\/extracteur-poussiere-pulverulente-DUSTOMAT-16-300x300.png\" alt=\"Odstranjevalec prahu Dustomat 16\" class=\"wp-image-1307\" srcset=\"https:\/\/obera.fr\/wp-content\/uploads\/2020\/10\/extracteur-poussiere-pulverulente-DUSTOMAT-16-300x300.png 300w, https:\/\/obera.fr\/wp-content\/uploads\/2020\/10\/extracteur-poussiere-pulverulente-DUSTOMAT-16-150x150.png 150w, https:\/\/obera.fr\/wp-content\/uploads\/2020\/10\/extracteur-poussiere-pulverulente-DUSTOMAT-16.png 600w\" sizes=\"(max-width: 300px) 100vw, 300px\" \/><\/a><figcaption class=\"wp-element-caption\">DUSTOMAT 16<\/figcaption><\/figure>\n\n\n\n<p><strong>DUSTOMAT 16<\/strong> je naprava, razvita za visoko mobilno delo, in specifi\u010dno za <a href=\"https:\/\/obera.fr\/sl\/produits\/depoussiereurs-industriels\/mobiles\/extracteur-poussiere-pulverulente-dustomat-16m\/\" data-type=\"page\" data-id=\"449\">odsesovanje pra\u0161nih delcev<\/a>. Z drugimi besedami, mineralni prah (kamen, grafit ali beton), plasti\u010dni ali kovinski prah, lesni in kovinski ostru\u017eki. <\/p>\n\n\n\n<p><strong>Odsesovanje tega prahu<\/strong> se izvaja z odsesovalno roko. \u010ci\u0161\u010denje kartu\u0161nih filtrov je mo\u017eno ro\u010dno ali avtomatsko, da se zagotovi dolga \u017eivljenjska doba filtrirnih kartu\u0161. Vre\u010da za zbiranje prahu je trpe\u017ena in ponovno uporabna, kar zagotavlja nizke stro\u0161ke potro\u0161nega materiala.  <\/p>\n<\/div>\n<\/div>\n\n<div class=\"wp-block-columns is-layout-flex wp-container-core-columns-is-layout-28f84493 wp-block-columns-is-layout-flex\">\n<div class=\"wp-block-column is-layout-flow wp-block-column-is-layout-flow\">\n<h3 class=\"wp-block-heading has-text-align-center\"><strong><strong><a href=\"https:\/\/obera.fr\/sl\/produits\/depoussiereurs-industriels\/mobiles\/srf-k\/\">SRF K<\/a><\/strong><\/strong><\/h3>\n\n\n\n<figure class=\"wp-block-image aligncenter size-medium\"><a href=\"https:\/\/obera.fr\/sl\/produits\/depoussiereurs-industriels\/mobiles\/srf-k\/\"><img decoding=\"async\" width=\"240\" height=\"300\" src=\"https:\/\/obera.fr\/wp-content\/uploads\/2025\/05\/srf-k-1-240x300.png\" alt=\"mobilni odsesovalnik prahu SRF-K\" class=\"wp-image-104035\" srcset=\"https:\/\/obera.fr\/wp-content\/uploads\/2025\/05\/srf-k-1-240x300.png 240w, https:\/\/obera.fr\/wp-content\/uploads\/2025\/05\/srf-k-1-819x1024.png 819w, https:\/\/obera.fr\/wp-content\/uploads\/2025\/05\/srf-k-1-768x960.png 768w, https:\/\/obera.fr\/wp-content\/uploads\/2025\/05\/srf-k-1.png 1080w\" sizes=\"(max-width: 240px) 100vw, 240px\" \/><\/a><figcaption class=\"wp-element-caption\">SRF-K<\/figcaption><\/figure>\n\n\n\n<p>SRF K je tudi <a href=\"https:\/\/obera.fr\/sl\/produits\/depoussiereurs-industriels\/mobiles\/srf-k\/\" data-type=\"page\" data-id=\"436\">odsesovalnik varilnih dimov<\/a>, ki je mo\u010dnej\u0161i in omogo\u010da ob\u010dasno ali neprekinjeno odsesovanje. Dimi so filtrirani z 99,9-odstotno u\u010dinkovitostjo, kar omogo\u010da vra\u010danje filtriranega zraka v delovni prostor. <\/p>\n\n\n\n<p>Na voljo v dveh razli\u010dicah: <strong>SRF K-10<\/strong>, ki omogo\u010da priklju\u010ditev ene odsesovalne roke ali ekstrakcijske nape, idealen za eno varilno postajo, in <strong>SRF K-15<\/strong>, ki omogo\u010da opremljanje do dveh odsesovalnih rok in s tem obdelavo dveh varilnih postaj hkrati. <\/p>\n\n\n\n<p>Glede na uporabo je lahko (opcijsko) opremljen s filtri z aktivnim ogljem, zasnovanimi za odsesovanje spajkalnih dimov ali drugih onesna\u017eevalcev, ki lahko povzro\u010dajo vonjave. Za \u010di\u0161\u010denje filtrirnih medijev so te naprave lahko opremljene z ro\u010dnim rotacijskim sistemom za \u010di\u0161\u010denje ali avtomatskim sistemom za \u010di\u0161\u010denje.<\/p>\n\n\n\n<p><\/p>\n<\/div>\n\n\n\n<div class=\"wp-block-column is-vertically-aligned-top is-layout-flow wp-block-column-is-layout-flow\">\n<h3 class=\"wp-block-heading has-text-align-center\"><strong><a href=\"https:\/\/obera.fr\/sl\/produits\/depoussiereurs-industriels\/mobiles\/extracteur-poussiere-dustomat-4\/\">DUSTOMAT 4<\/a><\/strong><\/h3>\n\n\n\n<figure class=\"wp-block-image aligncenter size-medium\"><a href=\"https:\/\/obera.fr\/sl\/produits\/depoussiereurs-industriels\/mobiles\/extracteur-poussiere-dustomat-4\/\"><img decoding=\"async\" width=\"300\" height=\"300\" src=\"https:\/\/obera.fr\/wp-content\/uploads\/2020\/08\/extracteur-poussiere-Dustomat-4-ATEX-300x300.png\" alt=\"Dustomat 4 Atex sesalnik prahu\" class=\"wp-image-677\" srcset=\"https:\/\/obera.fr\/wp-content\/uploads\/2020\/08\/extracteur-poussiere-Dustomat-4-ATEX-300x300.png 300w, https:\/\/obera.fr\/wp-content\/uploads\/2020\/08\/extracteur-poussiere-Dustomat-4-ATEX-150x150.png 150w, https:\/\/obera.fr\/wp-content\/uploads\/2020\/08\/extracteur-poussiere-Dustomat-4-ATEX.png 600w\" sizes=\"(max-width: 300px) 100vw, 300px\" \/><\/a><figcaption class=\"wp-element-caption\">Dustomat 4<\/figcaption><\/figure>\n\n\n\n<p>DUSTOMAT 4 je <a href=\"https:\/\/obera.fr\/sl\/produits\/depoussiereurs-industriels\/mobiles\/extracteur-poussiere-dustomat-4\/\" data-type=\"page\" data-id=\"440\">odsesovalnik prahu, primeren za skoraj vse industrijske sektorje<\/a>; lahko odsesuje prah in ostru\u017eke neposredno iz proizvodnega stroja, lahko pa je povezan tudi z ekstrakcijsko napo, odsesovalno roko ali sistemom kanalov. Z dvema stopnjama sesalne mo\u010di je bil zasnovan tako, da zagotavlja u\u010dinkovito in zmogljivo kro\u017eenje zraka. <\/p>\n\n\n\n<p>Je <strong>tih<\/strong> in porabi zelo malo energije kljub visoki sesalni mo\u010di. Opremljen je s predseparatorem za te\u017eke in grobe delce. \u010ci\u0161\u010denje filtrov (odstranjevanje zama\u0161itev) se izvaja s stisnjenim zrakom, kar olaj\u0161a vzdr\u017eevanje in zagotavlja dolgo \u017eivljenjsko dobo filtrirnih kartu\u0161.  <\/p>\n\n\n\n<p>(Na voljo v <a href=\"https:\/\/obera.fr\/sl\/produits\/atex\/\" data-type=\"page\" data-id=\"372\">ATEX<\/a> izvedbi)<\/p>\n<\/div>\n\n\n\n<div class=\"wp-block-column is-layout-flow wp-block-column-is-layout-flow\">\n<h3 class=\"wp-block-heading has-text-align-center\"><a href=\"https:\/\/obera.fr\/sl\/produits\/depoussiereurs-industriels\/mobiles\/na-2-2-depoussiereur-a-voie-humide\/\" data-type=\"page\" data-id=\"29480\">NA 2.2<\/a><\/h3>\n\n\n\n<figure class=\"wp-block-image aligncenter size-medium\"><a href=\"https:\/\/obera.fr\/sl\/produits\/depoussiereurs-industriels\/mobiles\/na-2-2-depoussiereur-a-voie-humide\/\"><img decoding=\"async\" width=\"300\" height=\"300\" src=\"https:\/\/obera.fr\/wp-content\/uploads\/2024\/04\/obera-na-2-2-depoussiereur-a-voie-humide-mobile-300x300.jpg\" alt=\"obera na 2 2 mobilni mokri zbiralnik prahu\" class=\"wp-image-29475\" srcset=\"https:\/\/obera.fr\/wp-content\/uploads\/2024\/04\/obera-na-2-2-depoussiereur-a-voie-humide-mobile-300x300.jpg 300w, https:\/\/obera.fr\/wp-content\/uploads\/2024\/04\/obera-na-2-2-depoussiereur-a-voie-humide-mobile-150x150.jpg 150w, https:\/\/obera.fr\/wp-content\/uploads\/2024\/04\/obera-na-2-2-depoussiereur-a-voie-humide-mobile.jpg 600w\" sizes=\"(max-width: 300px) 100vw, 300px\" \/><\/a><figcaption class=\"wp-element-caption\">NA 2.2<\/figcaption><\/figure>\n<\/div>\n<\/div>\n\n<div class=\"wp-block-buttons is-horizontal is-content-justification-center is-layout-flex wp-container-core-buttons-is-layout-03627597 wp-block-buttons-is-layout-flex\">\n<div class=\"wp-block-button has-custom-width wp-block-button__width-100\"><a class=\"wp-block-button__link wp-element-button\" href=\"https:\/\/obera.fr\/sl\/pisite-nam\/\">Ve\u010d o tem<\/a><\/div>\n<\/div>\n\n<div style=\"height:42px\" aria-hidden=\"true\" class=\"wp-block-spacer\"><\/div>\n\n<div class=\"wp-block-columns is-layout-flex wp-container-core-columns-is-layout-28f84493 wp-block-columns-is-layout-flex\">\n<div class=\"wp-block-column is-layout-flow wp-block-column-is-layout-flow\" style=\"flex-basis:60%\">\n<h3 class=\"wp-block-heading\">Celovita storitev najema za va\u0161e potrebe po odsesovanju prahu<\/h3>\n\n\n\n<p>Bodite agilni z <strong>najemom mobilnih odsesovalnikov prahu OberA<\/strong>. Na\u0161i sistemi, neposredno povezani z va\u0161imi stroji, napami ali odsesovalnimi rokami, zajemajo prah, ostru\u017eke, dim, oljne meglice in vonjave \u010dim bli\u017eje viru. Glede na uporabo uporabimo pravo tehnologijo: kartu\u0161e\/vre\u010de z impulznim \u010di\u0161\u010denjem, ro\u010dno \u0161\u010detkanje\/rotacijsko \u010di\u0161\u010denje ali mokro pot za <strong>kovinski prah in iskre<\/strong> (na voljo so ATEX razli\u010dice). Prilagojeni pretoki od posameznih delovnih mest do ve\u010ddelovnih linij.   <\/p>\n\n\n\n<p><\/p>\n\n\n\n<p>Kar zadeva delovanje, je vse zasnovano tako, da vam <strong>prihrani \u010das<\/strong>: hitra zagon, vklju\u010deno vzdr\u017eevanje, spremljanje potro\u0161nega materiala in prilagoditev opreme med projektom (pove\u010danje\/zmanj\u0161anje mo\u010di, dodajanje zajemalnih to\u010dk). <strong>Prilagodljive pogodbe<\/strong> (kratkoro\u010dne\/dolgoro\u010dne, ve\u010d lokacij) in mo\u017enost nakupa z odbitkom najemnin.<\/p>\n\n\n\n<p><\/p>\n\n\n\n<div class=\"wp-block-buttons is-content-justification-center is-layout-flex wp-container-core-buttons-is-layout-a89b3969 wp-block-buttons-is-layout-flex\">\n<div class=\"wp-block-button\"><a class=\"wp-block-button__link wp-element-button\" href=\"https:\/\/obera.fr\/sl\/location-sans-engagement\/\">Najem mobilnega odsesovalnika prahu<\/a><\/div>\n<\/div>\n<\/div>\n\n\n\n<div class=\"wp-block-column is-vertically-aligned-center is-layout-flow wp-block-column-is-layout-flow\" style=\"flex-basis:30%\">\n<figure class=\"wp-block-image aligncenter size-full\"><img decoding=\"async\" width=\"500\" height=\"500\" src=\"https:\/\/obera.fr\/wp-content\/uploads\/2025\/02\/dustomat-dry-sans-fond.png\" alt=\"dustomat dry brez dna\" class=\"wp-image-59961\" srcset=\"https:\/\/obera.fr\/wp-content\/uploads\/2025\/02\/dustomat-dry-sans-fond.png 500w, https:\/\/obera.fr\/wp-content\/uploads\/2025\/02\/dustomat-dry-sans-fond-300x300.png 300w, https:\/\/obera.fr\/wp-content\/uploads\/2025\/02\/dustomat-dry-sans-fond-150x150.png 150w, https:\/\/obera.fr\/wp-content\/uploads\/2025\/02\/dustomat-dry-sans-fond-400x400.png 400w\" sizes=\"(max-width: 500px) 100vw, 500px\" \/><\/figure>\n<\/div>\n<\/div>\n\n<div style=\"height:45px\" aria-hidden=\"true\" class=\"wp-block-spacer\"><\/div>\n\n<h2 class=\"wp-block-heading\">Katere onesna\u017eevalce lahko obdelujejo na\u0161i mobilni sistemi za odsesovanje prahu?<\/h2>\n\n<p>Na\u0161i <a href=\"https:\/\/obera.fr\/sl\/produits\/depoussiereurs-industriels\/petits\/\">majhni mobilni odsesovalniki prahu<\/a> so sposobni <strong>obdelovati fini prah in ostru\u017eke<\/strong>, pa tudi oljne meglice, dim in vonjave v razli\u010dnih industrijskih sektorjih, kot so kovina, plastika, les, minerali, tekstil ali papir\/karton.<\/p>\n\n<p>Prah in druga onesna\u017eevala je treba obdelati, saj predstavljajo tveganje za \u010dlove\u0161ko telo. Dihanje onesna\u017eenega zraka lahko povzro\u010di rakotvorne, mutagene in reproduktivno toksi\u010dne bolezni. Za delavce, kakovost proizvodnje in spo\u0161tovanje zakonov je bistveno obdelati onesna\u017een zrak.<\/p>\n\n<h2 class=\"wp-block-heading\">Kako izbrati pravi sistem za zbiranje prahu?<\/h2>\n\n<p>Pomembno je, da pravilno izberete svoj <a href=\"https:\/\/obera.fr\/sl\/produits\/depoussiereurs-industriels\/fixes\/\" data-type=\"link\" data-id=\"https:\/\/obera.fr\/produits\/depoussiereurs-industriels\/fixes\/\">fiksni odsesovalnik prahu<\/a>, saj se naprava lahko obrabi in preneha delovati. \u010ce raziskujete sami, se morate najprej pozanimati o filtracijskih zmogljivostih naprave, kar bo odvisno od va\u0161ega onesna\u017eevalca, njegove velikosti, stanja (trdno ali plinasto) in koli\u010dine. To vam bo omogo\u010dilo, da izberete vrsto filtra, ki ga mora imeti <a href=\"https:\/\/obera.fr\/sl\/produits\/depoussiereurs-industriels\/fixes\/depoussiereur-a-voie-humide-dustomat-hydro\/\" data-type=\"page\" data-id=\"15983\">industrijski mokri odsesovalnik prahu<\/a>. Drugi\u010d, pozanimati se morate o mo\u010di naprave, torej o njenem pretoku. Pretok naprave bo ponovno odvisen od koli\u010dine va\u0161ega onesna\u017eevalca, pa tudi od povr\u0161ine prostora, ki ga je treba obdelati. Ve\u010dji kot je prostor, ve\u010dji bo moral biti pretok.<\/p>\n\n<p>Nato bo treba ugotoviti, s katerim dodatkom opremiti va\u0161 stroj: s kanalom za povezavo s proizvodnim strojem ali z odsesovalno roko za delovno mesto.<\/p>\n\n<div class=\"wp-block-buttons is-horizontal is-content-justification-center is-layout-flex wp-container-core-buttons-is-layout-03627597 wp-block-buttons-is-layout-flex\">\n<div class=\"wp-block-button has-custom-width wp-block-button__width-100\"><a class=\"wp-block-button__link wp-element-button\" href=\"https:\/\/obera.fr\/sl\/pisite-nam\/\">Ve\u010d o tem<\/a><\/div>\n<\/div>\n\n<hr class=\"wp-block-separator has-css-opacity\"\/>\n\n<div class=\"wp-block-group is-layout-flow wp-block-group-is-layout-flow\">\n<h2 class=\"wp-block-heading\">Drugi izdelki iz ponudbe industrijskih odsesovalnikov prahu oberA<\/h2>\n\n\n\n<div class=\"wp-block-buttons is-content-justification-center is-layout-flex wp-container-core-buttons-is-layout-a89b3969 wp-block-buttons-is-layout-flex\">\n<div class=\"wp-block-button\"><a class=\"wp-block-button__link wp-element-button\" href=\"https:\/\/obera.fr\/sl\/produits\/depoussiereurs-industriels\/fixes\/\">FIKSNI ODSESOVALNIKI PRAHU <\/a><\/div>\n\n\n\n<div class=\"wp-block-button\"><a class=\"wp-block-button__link wp-element-button\" href=\"https:\/\/obera.fr\/sl\/produits\/depoussiereurs-industriels\/petits\/\"> <strong>Majhni zbiralniki prahu<\/strong><\/a><\/div>\n<\/div>\n<\/div>\n","protected":false},"excerpt":{"rendered":"<p>Na\u0161i mobilni odsesovalniki prahu predstavljajo paleto zmogljivih in enostavno prenosljivih industrijskih odsesovalnikov prahu. Te naprave se popolnoma prilagodijo va\u0161emu okolju za optimalno delovno udobje in zagotovljeno u\u010dinkovitost. Te naprave za obdelavo zraka so zasnovane za neposredno povezavo s proizvodnimi stroji preko sistema kanalov ali za odsesovanje mobilnega delovnega mesta z uporabo odsesovalne roke ali ekstrakcijske nape, da se vsi tipi prahu in onesna\u017eevalcev v velikih koli\u010dinah zbirajo neposredno pri viru. Na\u0161a ponudba mobilnih odsesovalnikov prahu: DUSTOMAT DRY DUSTOMAT DRY je sistem za odsesovanje prahu, ki je popolnoma primeren za \u0161irok spekter industrijskih sektorjev. Omogo\u010da u\u010dinkovito odstranjevanje pra\u0161nih delcev in ostru\u017ekov, &#8230; <\/p>\n<p class=\"read-more-container\"><a title=\"Mobilni zbiralniki prahu\" class=\"read-more button\" href=\"https:\/\/obera.fr\/sl\/produits\/depoussiereurs-industriels\/mobiles\/#more-46894\" aria-label=\"Read more about Mobilni zbiralniki prahu\">Lire la suite<\/a><\/p>\n","protected":false},"author":4,"featured_media":83750,"parent":45635,"menu_order":0,"comment_status":"closed","ping_status":"closed","template":"","meta":{"_acf_changed":false,"_seopress_robots_primary_cat":"","_seopress_titles_title":"Mobilni odsesovalniki prahu DUSTOMAT, SRF-K in ePURBOX - oberA","_seopress_titles_desc":"Na\u0161i mobilni industrijski odsesovalniki prahu se popolnoma prilagodijo va\u0161emu okolju za optimalno delovno udobje in zagotovljeno u\u010dinkovitost.","_seopress_robots_index":"","footnotes":""},"class_list":{"0":"post-46894","1":"page","2":"type-page","3":"status-publish","4":"has-post-thumbnail","6":"no-featured-image-padding","7":"resize-featured-image"},"acf":[],"_links":{"self":[{"href":"https:\/\/obera.fr\/sl\/wp-json\/wp\/v2\/pages\/46894","targetHints":{"allow":["GET"]}}],"collection":[{"href":"https:\/\/obera.fr\/sl\/wp-json\/wp\/v2\/pages"}],"about":[{"href":"https:\/\/obera.fr\/sl\/wp-json\/wp\/v2\/types\/page"}],"author":[{"embeddable":true,"href":"https:\/\/obera.fr\/sl\/wp-json\/wp\/v2\/users\/4"}],"replies":[{"embeddable":true,"href":"https:\/\/obera.fr\/sl\/wp-json\/wp\/v2\/comments?post=46894"}],"version-history":[{"count":15,"href":"https:\/\/obera.fr\/sl\/wp-json\/wp\/v2\/pages\/46894\/revisions"}],"predecessor-version":[{"id":141347,"href":"https:\/\/obera.fr\/sl\/wp-json\/wp\/v2\/pages\/46894\/revisions\/141347"}],"up":[{"embeddable":true,"href":"https:\/\/obera.fr\/sl\/wp-json\/wp\/v2\/pages\/45635"}],"wp:featuredmedia":[{"embeddable":true,"href":"https:\/\/obera.fr\/sl\/wp-json\/wp\/v2\/media\/83750"}],"wp:attachment":[{"href":"https:\/\/obera.fr\/sl\/wp-json\/wp\/v2\/media?parent=46894"}],"curies":[{"name":"wp","href":"https:\/\/api.w.org\/{rel}","templated":true}]}}