{"id":47132,"date":"2021-02-02T16:59:47","date_gmt":"2021-02-02T14:59:47","guid":{"rendered":"https:\/\/obera.fr\/zbiralnik-suhega-prahu-estmac\/"},"modified":"2026-02-09T11:25:48","modified_gmt":"2026-02-09T09:25:48","slug":"depoussiereur-a-sec-estmac","status":"publish","type":"page","link":"https:\/\/obera.fr\/sl\/produits\/depoussiereurs-industriels\/fixes\/depoussiereur-a-sec-estmac\/","title":{"rendered":"Zbiralnik suhega prahu ESTMAC"},"content":{"rendered":"\n<p>ESTMAC je serija <a href=\"https:\/\/obera.fr\/sl\/produits\/depoussiereurs-industriels\/\" data-type=\"page\" data-id=\"389\">fiksnih, kompaktnih sesalnikov prahu<\/a>, ki ponujajo poceni re\u0161itev za odsesavanje majhnih in srednjih koli\u010din <strong>prahu in drobcev<\/strong>.  <\/p>\n\n<h2 class=\"wp-block-heading\" id=\"qu-est-ce-que-le-depoussiereur-estmac\">Kaj je zbiralnik prahu ESTMAC?<\/h2>\n\n<div class=\"wp-block-columns is-layout-flex wp-container-core-columns-is-layout-28f84493 wp-block-columns-is-layout-flex\">\n<div class=\"wp-block-column is-layout-flow wp-block-column-is-layout-flow\" style=\"flex-basis:33.33%\">\n<figure class=\"wp-block-image aligncenter size-medium\"><img decoding=\"async\" width=\"300\" height=\"264\" src=\"https:\/\/obera.fr\/wp-content\/uploads\/2021\/02\/Depoussiereur-fixe-ESTMAC-300x264.png\" alt=\"Fiksni zbiralnik prahu Estmac\" class=\"wp-image-4475\" srcset=\"https:\/\/obera.fr\/wp-content\/uploads\/2021\/02\/Depoussiereur-fixe-ESTMAC-300x264.png 300w, https:\/\/obera.fr\/wp-content\/uploads\/2021\/02\/Depoussiereur-fixe-ESTMAC.png 480w\" sizes=\"(max-width: 300px) 100vw, 300px\" \/><\/figure>\n<\/div>\n\n\n\n<div class=\"wp-block-column is-vertically-aligned-center is-layout-flow wp-block-column-is-layout-flow\" style=\"flex-basis:66.66%\">\n<p>Odpra\u0161evalniki sesajo <strong>suh in odpadni prah<\/strong> ter se lahko uporabljajo v \u0161tevilnih sektorjih.  <\/p>\n\n\n\n<p>Zaradi <strong>kompaktnih dimenzij<\/strong> je mogo\u010de zbiralnike suhega prahu ESTMAC prilagodljivo namestiti na spreminjajo\u010de se lokacije.<\/p>\n\n\n\n<p>Opremljeni so z <strong>\u010distilnimi filtrirnimi kartu\u0161ami razreda prahu \u201eM\u201c<\/strong>, ki ustrezajo u\u010dinkovitosti <strong>lo\u010devanja delcev 99,9%<\/strong>. Vgrajeni predseparator podalj\u0161uje \u017eivljenjsko dobo filtrirnih kartu\u0161 z vnaprej\u0161njim lo\u010devanjem grobih delcev. To zmanj\u0161uje obremenitev filtrov, ki morajo filtrirati le najfinej\u0161i prah.<\/p>\n\n\n\n<p>Mobilni zbiralnik prahu se lahko uporablja za <strong>enostavno in varno odstranjevanje umazanije<\/strong>. Zvo\u010dno izolirana prezra\u010devalna enota je zasnovana tako, da zagotavlja <strong>najve\u010dji pretok zraka z minimalnim hrupom<\/strong>. To zagotavlja tiho delovanje.<\/p>\n<\/div>\n<\/div>\n\n<div class=\"wp-block-columns is-layout-flex wp-container-core-columns-is-layout-28f84493 wp-block-columns-is-layout-flex\">\n<div class=\"wp-block-column is-layout-flow wp-block-column-is-layout-flow\" style=\"flex-basis:33.33%\"><\/div>\n\n\n\n<div class=\"wp-block-column is-layout-flow wp-block-column-is-layout-flow\" style=\"flex-basis:33.34%\">\n<div class=\"wp-block-buttons is-horizontal is-content-justification-center is-layout-flex wp-container-core-buttons-is-layout-03627597 wp-block-buttons-is-layout-flex\">\n<div class=\"wp-block-button has-custom-width wp-block-button__width-100\"><a class=\"wp-block-button__link wp-element-button\" href=\"https:\/\/obera.fr\/sl\/pisite-nam\/\">Ve\u010d o tem<\/a><\/div>\n<\/div>\n\n\n\n<p><\/p>\n\n\n\n<div class=\"wp-block-buttons is-content-justification-center is-layout-flex wp-container-core-buttons-is-layout-a89b3969 wp-block-buttons-is-layout-flex\">\n<div class=\"wp-block-button\"><a class=\"wp-block-button__link wp-element-button\" href=\"https:\/\/obera.fr\/wp-content\/uploads\/2025\/04\/brochure-estmac.pdf\">PRENESI BRO\u0160URO<\/a><\/div>\n<\/div>\n<\/div>\n\n\n\n<div class=\"wp-block-column is-layout-flow wp-block-column-is-layout-flow\" style=\"flex-basis:33.34%\">\n<div class=\"wp-block-buttons is-content-justification-center is-layout-flex wp-container-core-buttons-is-layout-a89b3969 wp-block-buttons-is-layout-flex\">\n<div class=\"wp-block-button btn-devis-source\"><a class=\"wp-block-button__link wp-element-button\" href=\"https:\/\/obera.fr\/sl\/devis\/\">Zahtevajte ponudbo<\/a><\/div>\n<\/div>\n\n\n<script>\r\ndocument.addEventListener('DOMContentLoaded', function() {\r\n    \/\/ 1. On cherche le titre H1 de la page\r\n    var h1 = document.querySelector('h1');\r\n    var productTitle = h1 ? h1.innerText.trim() : \"\";\r\n\r\n    \/\/ 2. On cherche les boutons via la classe CSS .btn-devis-source\r\n    var buttons = document.querySelectorAll('.btn-devis-source a');\r\n\r\n    \/\/ 3. Si on a le titre et les boutons, on ajoute le param\u00e8tre\r\n    if (buttons.length > 0 && productTitle !== \"\") {\r\n        var encodedTitle = encodeURIComponent(productTitle);\r\n\r\n        buttons.forEach(function(btn) {\r\n            var currentHref = btn.getAttribute('href');\r\n            \r\n            \/\/ S\u00e9curit\u00e9 pour ne pas ajouter le param\u00e8tre 2 fois\r\n            if (currentHref.indexOf('sujet=') === -1) {\r\n                var separator = currentHref.indexOf('?') !== -1 ? '&' : '?';\r\n                var newLink = currentHref + separator + 'sujet=' + encodedTitle;\r\n                \r\n                btn.setAttribute('href', newLink);\r\n            }\r\n        });\r\n    }\r\n});\r\n<\/script><\/div>\n<\/div>\n\n<h2 class=\"wp-block-heading\" id=\"pour-quelles-utilisations\">Za kak\u0161ne namene?<\/h2>\n\n<p><a href=\"https:\/\/obera.fr\/sl\/produits\/depoussiereurs-industriels\/petits\/\">Majhni zbiralniki prahu<\/a><strong> <\/strong>so zasnovani za u\u010dinkovito odstranjevanje majhnih do srednjih koli\u010din kovinskega prahu in drobcev, plasti\u010dnega prahu in drobcev, mineralnega prahu, prahu, ki se prena\u0161a po zraku, in prahu iz sestavljenih materialov.<\/p>\n\n<blockquote class=\"wp-block-quote is-layout-flow wp-block-quote-is-layout-flow\">\n<p>Te fiksne naprave za odsesavanje prahu je mogo\u010de priklju\u010diti neposredno na <strong>eno ali ve\u010d delovnih postaj<\/strong> ali na <strong>enega ali ve\u010d proizvodnih strojev<\/strong>. Lahko so opremljeni tudi z<strong> <\/strong><a href=\"https:\/\/obera.fr\/sl\/produits\/bras-dispositifs-captation\/capot-industriel\/\">sesalna roka<\/a> pri sesanju iz vira.<\/p>\n<\/blockquote>\n\n<p>Ta onesna\u017eevala na splo\u0161no nastajajo med \u017eaganjem, rezanjem, strojno obdelavo, rezkanjem, bru\u0161enjem, poliranjem ali med lo\u010devanjem ali dekantiranjem materialov.  <\/p>\n\n<div class=\"wp-block-columns is-layout-flex wp-container-core-columns-is-layout-28f84493 wp-block-columns-is-layout-flex\">\n<div class=\"wp-block-column is-layout-flow wp-block-column-is-layout-flow\">\n<h3 class=\"wp-block-heading has-text-align-center\" id=\"polluants\">ONESNA\u017dEVALA<\/h3>\n\n\n\n<hr class=\"wp-block-separator has-css-opacity aligncenter is-style-wide\"\/>\n\n\n\n<div style=\"height:20px\" aria-hidden=\"true\" class=\"wp-block-spacer\"><\/div>\n\n\n\n<div class=\"wp-block-columns is-layout-flex wp-container-core-columns-is-layout-28f84493 wp-block-columns-is-layout-flex\">\n<div class=\"wp-block-column is-layout-flow wp-block-column-is-layout-flow\">\n<figure class=\"wp-block-image aligncenter size-large\"><img decoding=\"async\" width=\"70\" height=\"70\" src=\"https:\/\/obera.fr\/wp-content\/uploads\/2020\/08\/polluants-poussieres.jpg\" alt=\"Meter - Izdelek\" class=\"wp-image-675\"\/><figcaption class=\"wp-element-caption\">Prah<\/figcaption><\/figure>\n<\/div>\n\n\n\n<div class=\"wp-block-column is-layout-flow wp-block-column-is-layout-flow\">\n<figure class=\"wp-block-image aligncenter size-large\"><img decoding=\"async\" width=\"70\" height=\"70\" src=\"https:\/\/obera.fr\/wp-content\/uploads\/2020\/08\/polluants-copeaux-bois.jpg\" alt=\"Ilustracija - Vektorska grafika\" class=\"wp-image-674\"\/><figcaption class=\"wp-element-caption\">\u010cipsi<\/figcaption><\/figure>\n<\/div>\n<\/div>\n<\/div>\n\n\n\n<div class=\"wp-block-column is-layout-flow wp-block-column-is-layout-flow\">\n<h3 class=\"wp-block-heading has-text-align-center\" id=\"industries\">INDUSTRIJE<\/h3>\n\n\n\n<hr class=\"wp-block-separator has-css-opacity aligncenter is-style-wide\"\/>\n\n\n\n<div style=\"height:20px\" aria-hidden=\"true\" class=\"wp-block-spacer\"><\/div>\n\n\n\n<div class=\"wp-block-columns is-layout-flex wp-container-core-columns-is-layout-28f84493 wp-block-columns-is-layout-flex\">\n<div class=\"wp-block-column is-layout-flow wp-block-column-is-layout-flow\">\n<figure class=\"wp-block-image aligncenter size-large\"><img decoding=\"async\" width=\"70\" height=\"70\" src=\"https:\/\/obera.fr\/wp-content\/uploads\/2020\/08\/industrie-metallurgie.jpg\" alt=\"Metalurgija\" class=\"wp-image-673\"\/><figcaption class=\"wp-element-caption\">Metalurgija<\/figcaption><\/figure>\n\n\n\n<figure class=\"wp-block-image aligncenter size-large\"><img decoding=\"async\" width=\"70\" height=\"70\" src=\"https:\/\/obera.fr\/wp-content\/uploads\/2020\/08\/industrie-plastique.jpg\" alt=\"Plastika\" class=\"wp-image-669\"\/><figcaption class=\"wp-element-caption\">Plastika<\/figcaption><\/figure>\n\n\n\n<figure class=\"wp-block-image aligncenter size-large is-resized\"><img decoding=\"async\" width=\"100\" height=\"100\" src=\"https:\/\/obera.fr\/wp-content\/uploads\/2020\/11\/29-materiaux-composites.jpg\" alt=\"Sestavljeni materiali\" class=\"wp-image-1671\"\/><figcaption class=\"wp-element-caption\">Sestavljeni materiali<\/figcaption><\/figure>\n<\/div>\n\n\n\n<div class=\"wp-block-column is-layout-flow wp-block-column-is-layout-flow\">\n<figure class=\"wp-block-image aligncenter size-large\"><img decoding=\"async\" width=\"70\" height=\"70\" src=\"https:\/\/obera.fr\/wp-content\/uploads\/2020\/08\/industrie-bois.jpg\" alt=\"Obdelava lesa\" class=\"wp-image-672\"\/><figcaption class=\"wp-element-caption\">Obdelava lesa<\/figcaption><\/figure>\n\n\n\n<figure class=\"wp-block-image aligncenter size-large\"><img decoding=\"async\" width=\"70\" height=\"70\" src=\"https:\/\/obera.fr\/wp-content\/uploads\/2020\/08\/industrie-minerai.jpg\" alt=\"Minerali\" class=\"wp-image-724\"\/><figcaption class=\"wp-element-caption\">Minerali<\/figcaption><\/figure>\n\n\n\n<p><\/p>\n<\/div>\n<\/div>\n<\/div>\n<\/div>\n\n<h2 class=\"wp-block-heading\" id=\"quelles-sont-les-caracteristiques\">Kak\u0161ne so njihove zna\u010dilnosti?<\/h2>\n\n<p>Ta serija industrijskih odsesovalnikov prahu je zasnovana kot stacionarna razli\u010dica, vendar je <strong>enostavno prenosljiva<\/strong>. Njen pretok zraka do <strong>1800 m3\/h<\/strong> omogo\u010da obdelavo povpre\u010dne koli\u010dine prahu in ostru\u017ekov. Serija ESTMAC je na voljo v dveh modelih:<\/p>\n\n<ul class=\"wp-block-list\">\n<li>Zbiralnik prahu <strong>ESTMAC 1500<\/strong> za pretok zraka 1500 m3\/h.<\/li>\n\n\n\n<li>Zbiralnik prahu <strong>ESTMAC 1800<\/strong> za pretok zraka 1800 m3\/h.  <\/li>\n<\/ul>\n\n<p>Ti odsesovalniki prahu imajo zanimivo razmerje med mo\u010djo in hrupom delovanja, z <strong>zvo\u010dno izolirano zasnovo<\/strong> prezra\u010devalne enote. Serija ESTMAC je na voljo tudi v razredu H, kar omogo\u010da obdelavo <strong>nevarnih prahov<\/strong> (CMR). V tem primeru je naprava opremljena z dodatno filtrirno stopnjo nasi\u010denosti <strong>razreda H14<\/strong>.<\/p>\n\n<p>Po \u017eelji je mogo\u010de dodati tudi separator pred iskrenjem.<\/p>\n\n<div class=\"wp-block-columns is-layout-flex wp-container-core-columns-is-layout-28f84493 wp-block-columns-is-layout-flex\">\n<div class=\"wp-block-column is-layout-flow wp-block-column-is-layout-flow\" style=\"flex-basis:33.33%\">\n<figure class=\"wp-block-image alignleft size-medium\"><img decoding=\"async\" width=\"300\" height=\"169\" src=\"https:\/\/obera.fr\/wp-content\/uploads\/2021\/02\/Decolmatage-filtre-ESTMAC-300x169.png\" alt=\"Odma&#x161;itev filtra Estmac\" class=\"wp-image-4478\" srcset=\"https:\/\/obera.fr\/wp-content\/uploads\/2021\/02\/Decolmatage-filtre-ESTMAC-300x169.png 300w, https:\/\/obera.fr\/wp-content\/uploads\/2021\/02\/Decolmatage-filtre-ESTMAC-1024x575.png 1024w, https:\/\/obera.fr\/wp-content\/uploads\/2021\/02\/Decolmatage-filtre-ESTMAC-768x432.png 768w, https:\/\/obera.fr\/wp-content\/uploads\/2021\/02\/Decolmatage-filtre-ESTMAC-1536x863.png 1536w, https:\/\/obera.fr\/wp-content\/uploads\/2021\/02\/Decolmatage-filtre-ESTMAC.png 1920w\" sizes=\"(max-width: 300px) 100vw, 300px\" \/><figcaption class=\"wp-element-caption\">Ro\u010dno rotacijsko odma\u0161itev<\/figcaption><\/figure>\n<\/div>\n\n\n\n<div class=\"wp-block-column is-vertically-aligned-center is-layout-flow wp-block-column-is-layout-flow\" style=\"flex-basis:66.66%\">\n<p class=\"has-text-align-left\">Modeli odsesovalnikov prahu ESTMAC imajo sistem za <strong>ro\u010dno rotacijsko \u010di\u0161\u010denje<\/strong> filtrov. Filter se enakomerno izpihuje z rotacijsko \u0161obo, priklju\u010deno na rezervoar za stisnjen zrak.<\/p>\n<\/div>\n<\/div>\n\n<figure class=\"wp-block-table\"><table class=\"has-fixed-layout\"><thead><tr><th>Naprava<\/th><th><\/th><th>ESTMAC 1500<\/th><th>ESTMAC 1800<\/th><\/tr><\/thead><tbody><tr><td>Pretok<\/td><td>m3\/h<\/td><td>1 500<\/td><td>1 800<\/td><\/tr><tr><td>Premer dovoda<\/td><td>mm<\/td><td>160<\/td><td>160<\/td><\/tr><tr><td>maksimalni podtlak<\/td><td>Pa<\/td><td>2 040<\/td><td>2 650<\/td><\/tr><tr><td>Napajalna napetost<\/td><td>V<\/td><td>400<\/td><td>400<\/td><\/tr><tr><td>Napajanje<\/td><td>kW<\/td><td>1.1<\/td><td>2.2<\/td><\/tr><tr><td>Filtrirna povr\u0161ina<\/td><td>m\u00b2<\/td><td>7.5<\/td><td>15<\/td><\/tr><tr><td>Zmogljivost shranjevanja prahu<\/td><td>l<\/td><td>40<\/td><td>40<\/td><\/tr><tr><td>Dimenzije<\/td><td>l\/L\/h (mm)<\/td><td>650 x 707 x 1490<\/td><td>650 x 707 x 1490<\/td><\/tr><tr><td>Te\u017ea<\/td><td>kg<\/td><td>170<\/td><td>180<\/td><\/tr><tr><td>Raven hrupa<\/td><td>dB(A)<\/td><td>71,3<\/td><td>73.3<\/td><\/tr><\/tbody><\/table><\/figure>\n\n<div class=\"wp-block-buttons is-horizontal is-content-justification-center is-layout-flex wp-container-core-buttons-is-layout-03627597 wp-block-buttons-is-layout-flex\">\n<div class=\"wp-block-button\"><a class=\"wp-block-button__link wp-element-button\" href=\"https:\/\/obera.fr\/wp-content\/uploads\/2025\/04\/brochure-estmac.pdf\">prenesi podatkovni list izdelka<\/a><\/div>\n<\/div>\n\n<h3 class=\"wp-block-heading\" id=\"quels-sont-les-avantages\">KAK\u0160NE SO PREDNOSTI?<\/h3>\n\n<p>Fiksni zbiralniki prahu ESTMAC so enostavni za uporabo in vzdr\u017eevanje. Poleg tega jih je kljub njihovemu statusu &#8220;fiksnega zbiralnika prahu&#8221; \u0161e vedno mogo\u010de premikati brez ve\u010djega napora.  <\/p>\n\n<p>Zaradi svoje konstrukcije iz jeklene plo\u010devine je robusten zbiralnik prahu, ki zagotavlja dolgo \u017eivljenjsko dobo. Zvo\u010dnoizolativna zasnova ventilatorskih enot zagotavlja nizko raven hrupa pri delovanju, ki zna\u0161a od 71 do 74 dB.<\/p>\n\n<p>Ro\u010dni rotacijski sistem \u010di\u0161\u010denja filtrov podalj\u0161a \u017eivljenjsko dobo filtrskih vlo\u017ekov ter zmanj\u0161a stro\u0161ke vzdr\u017eevanja in potro\u0161nega materiala.  <\/p>\n\n<blockquote class=\"wp-block-quote is-layout-flow wp-block-quote-is-layout-flow\">\n<p>Zaradi odstranljivega pladnja za zbiranje prahu je odstranjevanje prahu enostavno in varno.<\/p>\n<\/blockquote>\n\n<p>Stalni zbiralniki prahu so lahko opremljeni z absolutnim filtrom HEPA razreda H, ki pomaga izbolj\u0161ati kakovost zraka in upo\u0161tevati mejne vrednosti poklicne izpostavljenosti<a href=\"https:\/\/obera.fr\/sl\/nas-nasvet\/reglementation-vlep-evaluation-risque-chimique-lieu-de-travail\/\" data-type=\"post\" data-id=\"6575\">(<\/a>OEL).<\/p>\n\n<div class=\"wp-block-columns is-layout-flex wp-container-core-columns-is-layout-28f84493 wp-block-columns-is-layout-flex\">\n<div class=\"wp-block-column is-layout-flow wp-block-column-is-layout-flow\">\n<h4 class=\"wp-block-heading has-text-align-center\" id=\"avantages\"><strong>Prednosti<\/strong><\/h4>\n\n\n\n<ul class=\"wp-block-list\">\n<li>Primerno za uporabo na razli\u010dnih spreminjajo\u010dih se lokacijah<\/li>\n\n\n\n<li>Enostavno in varno odstranjevanje prahu<\/li>\n\n\n\n<li>Nizki stro\u0161ki obratovanja in spremljanja<\/li>\n\n\n\n<li>Robustna konstrukcija iz jeklene plo\u010devine za dolgo \u017eivljenjsko dobo<\/li>\n\n\n\n<li>Nizek hrup pri delovanju<\/li>\n\n\n\n<li>Uporabljajte filtrirne vlo\u017eke, ki so testirani za razred prahu &#8220;M&#8221;.<\/li>\n\n\n\n<li>Enostavna uporaba in vzdr\u017eevanje<\/li>\n<\/ul>\n<\/div>\n\n\n\n<div class=\"wp-block-column is-layout-flow wp-block-column-is-layout-flow\">\n<h4 class=\"wp-block-heading has-text-align-center\" id=\"particularites\"><strong>Posebne zna\u010dilnosti<\/strong><\/h4>\n\n\n\n<ul class=\"wp-block-list\">\n<li>Integriran udarni separator za grob prah<\/li>\n\n\n\n<li>Posebni modeli<\/li>\n\n\n\n<li>\u010ci\u0161\u010denje filtrov z ro\u010dno vrtljivo \u0161obo<\/li>\n\n\n\n<li>Zvo\u010dno izolirano ohi\u0161je ventilatorja<\/li>\n\n\n\n<li>Visoko zmogljiv centrifugalni ventilator na strani \u010distega zraka<\/li>\n\n\n\n<li>Odstranljiv, mobilni predal za zbiranje prahu s prostornino pribli\u017eno 40 l<\/li>\n<\/ul>\n<\/div>\n\n\n\n<div class=\"wp-block-column is-layout-flow wp-block-column-is-layout-flow\">\n<h4 class=\"wp-block-heading has-text-align-center\" id=\"caracteristiques\"><strong>Zna\u010dilnosti<\/strong><\/h4>\n\n\n\n<ul class=\"wp-block-list\">\n<li>Idealno za posamezne delovne postaje in\/ali proizvodne stroje<\/li>\n\n\n\n<li>Odstranjuje prah in drobce iz lesa, plastike, kovine in kompozitnih materialov.<\/li>\n\n\n\n<li>Filtriranje razreda H (po izbiri) za ravnanje z nevarnim prahom (CMR)<\/li>\n\n\n\n<li>Mo\u017enost namestitve sesalne roke<\/li>\n<\/ul>\n<\/div>\n<\/div>\n\n<h3 class=\"wp-block-heading\" id=\"en-option\">neobvezno<\/h3>\n\n<div class=\"wp-block-columns is-layout-flex wp-container-core-columns-is-layout-28f84493 wp-block-columns-is-layout-flex\">\n<div class=\"wp-block-column is-layout-flow wp-block-column-is-layout-flow\">\n<figure class=\"wp-block-image aligncenter size-large\"><img decoding=\"async\" width=\"100\" height=\"100\" src=\"https:\/\/obera.fr\/wp-content\/uploads\/2020\/08\/certificat-poussieres-classe-H.jpg\" alt=\"Zbiralnik prahu - hoover\" class=\"wp-image-666\"\/><figcaption class=\"wp-element-caption\">Certifikat za prah razreda H po standardu EN 60-335-2-69<\/figcaption><\/figure>\n<\/div>\n\n\n\n<div class=\"wp-block-column is-layout-flow wp-block-column-is-layout-flow\">\n<figure class=\"wp-block-image aligncenter size-large\"><img decoding=\"async\" width=\"100\" height=\"100\" src=\"https:\/\/obera.fr\/wp-content\/uploads\/2020\/08\/pre-separateur.jpg\" alt=\"Zbiralnik prahu - prah\" class=\"wp-image-683\"\/><figcaption class=\"wp-element-caption\">Dodatni predseparator za iskre in ostru\u017eke<\/figcaption><\/figure>\n<\/div>\n\n\n\n<div class=\"wp-block-column is-layout-flow wp-block-column-is-layout-flow\">\n<figure class=\"wp-block-image aligncenter size-large\"><img decoding=\"async\" width=\"100\" height=\"100\" src=\"https:\/\/obera.fr\/wp-content\/uploads\/2020\/09\/Charbon-actif-100x100-1.jpg\" alt=\"Premog - Premogovnik\" class=\"wp-image-963\"\/><figcaption class=\"wp-element-caption\">Filter z aktivnim ogljem<\/figcaption><\/figure>\n<\/div>\n<\/div>\n\n<h3 class=\"wp-block-heading\" id=\"accessoires\">dodatki<\/h3>\n\n<div class=\"wp-block-columns is-layout-flex wp-container-core-columns-is-layout-28f84493 wp-block-columns-is-layout-flex\">\n<div class=\"wp-block-column is-layout-flow wp-block-column-is-layout-flow\">\n<figure class=\"wp-block-image aligncenter size-full\"><img decoding=\"async\" width=\"100\" height=\"100\" src=\"https:\/\/obera.fr\/wp-content\/uploads\/2020\/08\/accessoires-adaptateur-de-gaines.jpg\" alt=\"Cev - Cev\" class=\"wp-image-664\"\/><figcaption class=\"wp-element-caption\">Adapter za pla\u0161\u010d<\/figcaption><\/figure>\n<\/div>\n\n\n\n<div class=\"wp-block-column is-layout-flow wp-block-column-is-layout-flow\">\n<figure class=\"wp-block-image aligncenter size-full\"><img decoding=\"async\" width=\"100\" height=\"100\" src=\"https:\/\/obera.fr\/wp-content\/uploads\/2020\/08\/accessoires-gaines.jpg\" alt=\"Zbiralnik prahu - Filtracija\" class=\"wp-image-665\"\/><figcaption class=\"wp-element-caption\">Cevovodi<\/figcaption><\/figure>\n<\/div>\n\n\n\n<div class=\"wp-block-column is-layout-flow wp-block-column-is-layout-flow\">\n<figure class=\"wp-block-image aligncenter size-full\"><img decoding=\"async\" width=\"100\" height=\"100\" src=\"https:\/\/obera.fr\/wp-content\/uploads\/2020\/08\/accessoires-bras.jpg\" alt=\"Odpra&#x161;evalnik - Varjenje\" class=\"wp-image-662\"\/><figcaption class=\"wp-element-caption\">Roka<\/figcaption><\/figure>\n<\/div>\n\n\n\n<div class=\"wp-block-column is-layout-flow wp-block-column-is-layout-flow\">\n<figure class=\"wp-block-image aligncenter size-full\"><img decoding=\"async\" width=\"100\" height=\"100\" src=\"https:\/\/obera.fr\/wp-content\/uploads\/2020\/08\/accessoires-hotte.jpg\" alt=\"Zbiralnik prahu - Filter\" class=\"wp-image-663\"\/><figcaption class=\"wp-element-caption\">Kapuca<\/figcaption><\/figure>\n<\/div>\n<\/div>\n\n<div class=\"wp-block-buttons is-horizontal is-content-justification-center is-layout-flex wp-container-core-buttons-is-layout-03627597 wp-block-buttons-is-layout-flex\">\n<div class=\"wp-block-button has-custom-width wp-block-button__width-100\"><a class=\"wp-block-button__link wp-element-button\" href=\"https:\/\/obera.fr\/sl\/pisite-nam\/\">Ve\u010d o tem<\/a><\/div>\n<\/div>\n\n<h2 class=\"wp-block-heading\" id=\"les-autres-depoussiereurs-fixes-de-la-marque-obera\">Drugi stacionarni zbiralniki prahu blagovne znamke oberA<\/h2>\n\n<div class=\"wp-block-columns is-layout-flex wp-container-core-columns-is-layout-28f84493 wp-block-columns-is-layout-flex\">\n<div class=\"wp-block-column is-layout-flow wp-block-column-is-layout-flow\">\n<figure class=\"wp-block-image aligncenter size-full is-resized\"><a href=\"https:\/\/obera.fr\/sl\/produits\/depoussiereurs-industriels\/fixes\/depoussiereur-a-voie-humide-dustomat-hydro\/\"><img decoding=\"async\" width=\"500\" height=\"500\" src=\"https:\/\/obera.fr\/wp-content\/uploads\/2023\/02\/dustomat-hydro.png\" alt=\"dustomat hydro\" class=\"wp-image-19014\" srcset=\"https:\/\/obera.fr\/wp-content\/uploads\/2023\/02\/dustomat-hydro.png 500w, https:\/\/obera.fr\/wp-content\/uploads\/2023\/02\/dustomat-hydro-300x300.png 300w, https:\/\/obera.fr\/wp-content\/uploads\/2023\/02\/dustomat-hydro-150x150.png 150w\" sizes=\"(max-width: 500px) 100vw, 500px\" \/><\/a><figcaption class=\"wp-element-caption\">Dustomat Hydro<\/figcaption><\/figure>\n<\/div>\n\n\n\n<div class=\"wp-block-column is-layout-flow wp-block-column-is-layout-flow\">\n<figure class=\"wp-block-image aligncenter size-large is-resized\"><a href=\"https:\/\/obera.fr\/sl\/produits\/depoussiereurs-industriels\/fixes\/aspiration-centralisee-industrielle-dustmac\/\"><img decoding=\"async\" width=\"600\" height=\"600\" src=\"https:\/\/obera.fr\/wp-content\/uploads\/2020\/08\/depoussiereur-centralise-filtres-a-manches-DUSTMAC-S.png\" alt=\"Oblikovanje sistema - izdelka\" class=\"wp-image-637\" srcset=\"https:\/\/obera.fr\/wp-content\/uploads\/2020\/08\/depoussiereur-centralise-filtres-a-manches-DUSTMAC-S.png 600w, https:\/\/obera.fr\/wp-content\/uploads\/2020\/08\/depoussiereur-centralise-filtres-a-manches-DUSTMAC-S-300x300.png 300w, https:\/\/obera.fr\/wp-content\/uploads\/2020\/08\/depoussiereur-centralise-filtres-a-manches-DUSTMAC-S-150x150.png 150w\" sizes=\"(max-width: 600px) 100vw, 600px\" \/><\/a><figcaption class=\"wp-element-caption\">DUSTMAC<\/figcaption><\/figure>\n<\/div>\n\n\n\n<div class=\"wp-block-column is-layout-flow wp-block-column-is-layout-flow\"><\/div>\n<\/div>\n","protected":false},"excerpt":{"rendered":"<p>ESTMAC je serija fiksnih, kompaktnih sesalnikov prahu, ki ponujajo poceni re\u0161itev za odsesavanje majhnih in srednjih koli\u010din prahu in drobcev. Kaj je zbiralnik prahu ESTMAC? Odpra\u0161evalniki sesajo suh in odpadni prah ter se lahko uporabljajo v \u0161tevilnih sektorjih. Zaradi kompaktnih dimenzij je mogo\u010de zbiralnike suhega prahu ESTMAC prilagodljivo namestiti na spreminjajo\u010de se lokacije. Opremljeni so z \u010distilnimi filtrirnimi kartu\u0161ami razreda prahu \u201eM\u201c, ki ustrezajo u\u010dinkovitosti lo\u010devanja delcev 99,9%. Vgrajeni predseparator podalj\u0161uje \u017eivljenjsko dobo filtrirnih kartu\u0161 z vnaprej\u0161njim lo\u010devanjem grobih delcev. To zmanj\u0161uje obremenitev filtrov, ki morajo filtrirati le najfinej\u0161i prah. Mobilni zbiralnik prahu se lahko uporablja za enostavno in varno &#8230; <\/p>\n<p class=\"read-more-container\"><a title=\"Zbiralnik suhega prahu ESTMAC\" class=\"read-more button\" href=\"https:\/\/obera.fr\/sl\/produits\/depoussiereurs-industriels\/fixes\/depoussiereur-a-sec-estmac\/#more-47132\" aria-label=\"Read more about Zbiralnik suhega prahu ESTMAC\">Lire la suite<\/a><\/p>\n","protected":false},"author":4,"featured_media":37357,"parent":47216,"menu_order":0,"comment_status":"closed","ping_status":"closed","template":"","meta":{"_acf_changed":false,"_seopress_robots_primary_cat":"","_seopress_titles_title":"Odkrijte fiksni suhi zbiralnik prahu ESTMAC podjetja OberA","_seopress_titles_desc":"ESTMAC je vrsta fiksnih, kompaktnih zbiralnikov prahu, ki lahko u\u010dinkovito odstranjujejo suhe in teko\u010de sekance ter prah.","_seopress_robots_index":"","footnotes":""},"class_list":{"0":"post-47132","1":"page","2":"type-page","3":"status-publish","4":"has-post-thumbnail","6":"no-featured-image-padding","7":"resize-featured-image"},"acf":[],"_links":{"self":[{"href":"https:\/\/obera.fr\/sl\/wp-json\/wp\/v2\/pages\/47132","targetHints":{"allow":["GET"]}}],"collection":[{"href":"https:\/\/obera.fr\/sl\/wp-json\/wp\/v2\/pages"}],"about":[{"href":"https:\/\/obera.fr\/sl\/wp-json\/wp\/v2\/types\/page"}],"author":[{"embeddable":true,"href":"https:\/\/obera.fr\/sl\/wp-json\/wp\/v2\/users\/4"}],"replies":[{"embeddable":true,"href":"https:\/\/obera.fr\/sl\/wp-json\/wp\/v2\/comments?post=47132"}],"version-history":[{"count":12,"href":"https:\/\/obera.fr\/sl\/wp-json\/wp\/v2\/pages\/47132\/revisions"}],"predecessor-version":[{"id":141844,"href":"https:\/\/obera.fr\/sl\/wp-json\/wp\/v2\/pages\/47132\/revisions\/141844"}],"up":[{"embeddable":true,"href":"https:\/\/obera.fr\/sl\/wp-json\/wp\/v2\/pages\/47216"}],"wp:featuredmedia":[{"embeddable":true,"href":"https:\/\/obera.fr\/sl\/wp-json\/wp\/v2\/media\/37357"}],"wp:attachment":[{"href":"https:\/\/obera.fr\/sl\/wp-json\/wp\/v2\/media?parent=47132"}],"curies":[{"name":"wp","href":"https:\/\/api.w.org\/{rel}","templated":true}]}}