{"id":47197,"date":"2021-09-17T09:11:07","date_gmt":"2021-09-17T07:11:07","guid":{"rendered":"https:\/\/obera.fr\/senzor-co2-obcare\/"},"modified":"2026-02-09T11:25:48","modified_gmt":"2026-02-09T09:25:48","slug":"capteur-co2-obcare","status":"publish","type":"page","link":"https:\/\/obera.fr\/sl\/produits\/analyseurs-air\/capteur-co2-obcare\/","title":{"rendered":"Senzor CO2 OBCARE"},"content":{"rendered":"\n<h2 class=\"wp-block-heading\">Merjenje kakovosti zraka s signalnimi lu\u010dmi<\/h2>\n\n<div class=\"wp-block-columns is-layout-flex wp-container-core-columns-is-layout-28f84493 wp-block-columns-is-layout-flex\">\n<div class=\"wp-block-column is-layout-flow wp-block-column-is-layout-flow\" style=\"flex-basis:33.33%\">\n<figure class=\"wp-block-image aligncenter size-full is-resized\"><img decoding=\"async\" width=\"300\" height=\"212\" src=\"https:\/\/obera.fr\/wp-content\/uploads\/2021\/11\/Capteur_CO2_OBCARE.png\" alt=\"Obcare co2 senzor\" class=\"wp-image-7611\" style=\"width:300px;height:212px\"\/><figcaption class=\"wp-element-caption\">OBCARE<\/figcaption><\/figure>\n<\/div>\n\n\n\n<div class=\"wp-block-column is-vertically-aligned-center is-layout-flow wp-block-column-is-layout-flow\" style=\"flex-basis:66.66%\">\n<p>Senzor CO2 <strong>OBCARE<\/strong> omogo\u010da spremljanje kakovosti zraka v zaprtih prostorih v realnem \u010dasu. Njegov ve\u010dbarvni zaslon s signalnimi lu\u010dmi omogo\u010da takoj\u0161en pregled kakovosti zraka in prikazuje <strong>koncentracijo CO2 v ppm<\/strong>. Te lu\u010di so jasne vizualne oznake in opozarjajo uporabnike na potrebne ukrepe: <strong>\u010di\u0161\u010denje zraka<\/strong> z namestitvijo mobilnih enot za \u010di\u0161\u010denje zraka in\/ali <strong>naravno prezra\u010devanje<\/strong> z zra\u010denjem.<\/p>\n\n\n\n<div class=\"wp-block-columns is-layout-flex wp-container-core-columns-is-layout-28f84493 wp-block-columns-is-layout-flex\">\n<div class=\"wp-block-column is-layout-flow wp-block-column-is-layout-flow\" style=\"flex-basis:33.34%\">\n<div class=\"wp-block-buttons is-content-justification-center is-layout-flex wp-container-core-buttons-is-layout-a89b3969 wp-block-buttons-is-layout-flex\">\n<div class=\"wp-block-button\"><a class=\"wp-block-button__link wp-element-button\" href=\"https:\/\/obera.fr\/wp-content\/uploads\/2025\/06\/brochure-obcare.pdf\">Prenesi bro\u0161uro<\/a><\/div>\n<\/div>\n<\/div>\n\n\n\n<div class=\"wp-block-column is-layout-flow wp-block-column-is-layout-flow\" style=\"flex-basis:33.34%\">\n<div class=\"wp-block-buttons is-horizontal is-content-justification-center is-layout-flex wp-container-core-buttons-is-layout-03627597 wp-block-buttons-is-layout-flex\">\n<div class=\"wp-block-button\"><a class=\"wp-block-button__link wp-element-button\" href=\"https:\/\/boutique.obera.fr\/52-acheter-capteur-co2-obcare.html\" target=\"_blank\" rel=\"noreferrer noopener\">Kupite senzor CO2 OBCARE <\/a><\/div>\n<\/div>\n<\/div>\n\n\n\n<div class=\"wp-block-column is-layout-flow wp-block-column-is-layout-flow\" style=\"flex-basis:33.33%\">\n<div class=\"wp-block-buttons is-content-justification-center is-layout-flex wp-container-core-buttons-is-layout-a89b3969 wp-block-buttons-is-layout-flex\">\n<div class=\"wp-block-button btn-devis-source\"><a class=\"wp-block-button__link wp-element-button\" href=\"https:\/\/obera.fr\/sl\/devis\/\">Zahtevajte ponudbo<\/a><\/div>\n<\/div>\n\n\n<script>\r\ndocument.addEventListener('DOMContentLoaded', function() {\r\n    \/\/ 1. On cherche le titre H1 de la page\r\n    var h1 = document.querySelector('h1');\r\n    var productTitle = h1 ? h1.innerText.trim() : \"\";\r\n\r\n    \/\/ 2. On cherche les boutons via la classe CSS .btn-devis-source\r\n    var buttons = document.querySelectorAll('.btn-devis-source a');\r\n\r\n    \/\/ 3. Si on a le titre et les boutons, on ajoute le param\u00e8tre\r\n    if (buttons.length > 0 && productTitle !== \"\") {\r\n        var encodedTitle = encodeURIComponent(productTitle);\r\n\r\n        buttons.forEach(function(btn) {\r\n            var currentHref = btn.getAttribute('href');\r\n            \r\n            \/\/ S\u00e9curit\u00e9 pour ne pas ajouter le param\u00e8tre 2 fois\r\n            if (currentHref.indexOf('sujet=') === -1) {\r\n                var separator = currentHref.indexOf('?') !== -1 ? '&' : '?';\r\n                var newLink = currentHref + separator + 'sujet=' + encodedTitle;\r\n                \r\n                btn.setAttribute('href', newLink);\r\n            }\r\n        });\r\n    }\r\n});\r\n<\/script><\/div>\n<\/div>\n<\/div>\n<\/div>\n\n<h2 class=\"wp-block-heading\">Prednosti OBCARE<\/h2>\n\n<div class=\"wp-block-columns is-layout-flex wp-container-core-columns-is-layout-28f84493 wp-block-columns-is-layout-flex\">\n<div class=\"wp-block-column is-layout-flow wp-block-column-is-layout-flow\">\n<h3 class=\"wp-block-heading has-text-align-left\">SENZOR CO2<\/h3>\n\n\n\n<p>Senzor CO2 <strong>OBCARE<\/strong> omogo\u010da neprekinjeno merjenje kakovosti zraka. Prikazane informacije v ppm so podane v realnem \u010dasu. Naprava je enostavna za zagon in zelo enostavna za premikanje. <\/p>\n<\/div>\n\n\n\n<div class=\"wp-block-column is-layout-flow wp-block-column-is-layout-flow\">\n<h3 class=\"wp-block-heading has-text-align-left\">PRIMERI INDUSTRIJ<\/h3>\n\n\n\n<ul class=\"wp-block-list\">\n<li>Javni objekti<\/li>\n\n\n\n<li>Pisarni\u0161ki prostori<\/li>\n\n\n\n<li>Telovadnice <\/li>\n\n\n\n<li>\u010cakalnice<\/li>\n\n\n\n<li>\u0160ole<\/li>\n\n\n\n<li>Odprti prostori<\/li>\n\n\n\n<li>Skladi\u0161\u010da<\/li>\n<\/ul>\n<\/div>\n<\/div>\n\n<h2 class=\"wp-block-heading\">Vrste monta\u017ee<\/h2>\n\n<p>Napravo za merjenje kakovosti zraka je mogo\u010de namestiti na mizo ali na steno. Njegovo stojalo iz nerjave\u010dega jekla (<strong>na voljo kot opcija<\/strong>) omogo\u010da optimalno pozicioniranje v prostoru. Pravilno pozicioniranje je bistveno in bo vplivalo na reprezentativnost meritev. Zlasti se je treba izogibati postavljanju senzorjev na okna ali v njihovo bli\u017eino.<\/p>\n\n<blockquote class=\"wp-block-quote is-layout-flow wp-block-quote-is-layout-flow\">\n<p>Priporo\u010damo <strong>namestitev enega senzorja CO2 na 40 m\u00b2 prostora<\/strong>.<\/p>\n<\/blockquote>\n\n<div class=\"wp-block-buttons is-horizontal is-content-justification-center is-layout-flex wp-container-core-buttons-is-layout-03627597 wp-block-buttons-is-layout-flex\">\n<div class=\"wp-block-button has-custom-width wp-block-button__width-100\"><a class=\"wp-block-button__link wp-element-button\" href=\"https:\/\/obera.fr\/sl\/pisite-nam\/\">Ve\u010d o tem<\/a><\/div>\n<\/div>\n\n<h2 class=\"wp-block-heading\">Tehni\u010dne zna\u010dilnosti<\/h2>\n\n<figure class=\"wp-block-table\"><table class=\"has-fixed-layout\"><tbody><tr><td>Senzor CO2<\/td><td>NDIR tehnologija (nedisperzivni infrarde\u010di senzor) s samokalibracijo<br\/>Merilno obmo\u010dje: od 0 do 5000 ppm (+- 60ppm)<\/td><\/tr><tr><td>Senzor vlage in temperature<\/td><td>Izbirno<\/td><\/tr><tr><td>Prikaz signalnih lu\u010di Zelena\/Rumena\/Rde\u010da<\/td><td>Zelena: &lt; 800 ppm<br\/>Rumena: 800 &#8211; 2000 ppm<br\/>Rde\u010da &gt; 2000 ppm<\/td><\/tr><tr><td>Zvo\u010dni alarm<\/td><td>Opcija<br\/>Alarm se oglasi vsako minuto, ko je prag prese\u017een<\/td><\/tr><tr><td>Napajalni kabel<\/td><td>12V napajanje z vklju\u010denim EU priklju\u010dkom (dol\u017eina: 1,5 metra)<\/td><\/tr><tr><td>Napajanje<\/td><td>12V &#8211; 34V AC\/DC<\/td><\/tr><tr><td>Poraba energije<\/td><td>40 \u2013 80 mA<\/td><\/tr><tr><td>Izmerjene fizikalne veli\u010dine<\/td><td>CO2 v ppm<\/td><\/tr><tr><td>Ohi\u0161je<\/td><td>Ohi\u0161je iz ABS, belo RAL 9010<br\/>Luknje za stensko monta\u017eo<br\/>Dimenzije 87,5 x 87,5 x 30 mm<\/td><\/tr><tr><td>Stojalo za namestitev na mizo<\/td><td>Izbirni zaslon<br\/>Stojalo iz nerjave\u010dega jekla<\/td><\/tr><tr><td>Stopnja za\u0161\u010dite<\/td><td>IP30<\/td><\/tr><\/tbody><\/table><\/figure>\n\n<div style=\"height:25px\" aria-hidden=\"true\" class=\"wp-block-spacer\"><\/div>\n\n<h2 class=\"wp-block-heading\">Drugi analizatorji zraka OberA<\/h2>\n\n<div class=\"wp-block-columns is-layout-flex wp-container-core-columns-is-layout-28f84493 wp-block-columns-is-layout-flex\">\n<div class=\"wp-block-column is-layout-flow wp-block-column-is-layout-flow\">\n<figure class=\"wp-block-image aligncenter size-thumbnail is-resized\"><a href=\"https:\/\/obera.fr\/sl\/produits\/analyseurs-air\/compteur-particules\/\"><img decoding=\"async\" width=\"150\" height=\"150\" src=\"https:\/\/obera.fr\/wp-content\/uploads\/2020\/08\/compteur-de-particules-150x150.png\" alt=\"&#x160;tevec delcev Trotec PC220 - &#x160;tevec delcev\" class=\"wp-image-714\" style=\"width:150px;height:150px\" srcset=\"https:\/\/obera.fr\/wp-content\/uploads\/2020\/08\/compteur-de-particules-150x150.png 150w, https:\/\/obera.fr\/wp-content\/uploads\/2020\/08\/compteur-de-particules-300x300.png 300w, https:\/\/obera.fr\/wp-content\/uploads\/2020\/08\/compteur-de-particules.png 433w\" sizes=\"(max-width: 150px) 100vw, 150px\" \/><\/a><figcaption class=\"wp-element-caption\">\u0160tevec delcev<\/figcaption><\/figure>\n<\/div>\n<\/div>\n","protected":false},"excerpt":{"rendered":"<p>Merjenje kakovosti zraka s signalnimi lu\u010dmi Senzor CO2 OBCARE omogo\u010da spremljanje kakovosti zraka v zaprtih prostorih v realnem \u010dasu. Njegov ve\u010dbarvni zaslon s signalnimi lu\u010dmi omogo\u010da takoj\u0161en pregled kakovosti zraka in prikazuje koncentracijo CO2 v ppm. Te lu\u010di so jasne vizualne oznake in opozarjajo uporabnike na potrebne ukrepe: \u010di\u0161\u010denje zraka z namestitvijo mobilnih enot za \u010di\u0161\u010denje zraka in\/ali naravno prezra\u010devanje z zra\u010denjem. Prednosti OBCARE SENZOR CO2 Senzor CO2 OBCARE omogo\u010da neprekinjeno merjenje kakovosti zraka. Prikazane informacije v ppm so podane v realnem \u010dasu. Naprava je enostavna za zagon in zelo enostavna za premikanje. PRIMERI INDUSTRIJ Vrste monta\u017ee Napravo za merjenje &#8230; <\/p>\n<p class=\"read-more-container\"><a title=\"Senzor CO2 OBCARE\" class=\"read-more button\" href=\"https:\/\/obera.fr\/sl\/produits\/analyseurs-air\/capteur-co2-obcare\/#more-47197\" aria-label=\"Read more about Senzor CO2 OBCARE\">Lire la suite<\/a><\/p>\n","protected":false},"author":4,"featured_media":83750,"parent":48346,"menu_order":0,"comment_status":"closed","ping_status":"closed","template":"","meta":{"_acf_changed":false,"_seopress_robots_primary_cat":"","_seopress_titles_title":"Senzor CO2 OBCARE za merjenje kakovosti zraka","_seopress_titles_desc":"Odkrijte na\u0161 senzor CO2, idealen za dopolnitev ukrepov proti covidu-19. Prikazuje raven CO2 v ppm in v \u017eivo obve\u0161\u010da o kakovosti zraka.","_seopress_robots_index":"","footnotes":""},"class_list":{"0":"post-47197","1":"page","2":"type-page","3":"status-publish","4":"has-post-thumbnail","6":"no-featured-image-padding","7":"resize-featured-image"},"acf":[],"_links":{"self":[{"href":"https:\/\/obera.fr\/sl\/wp-json\/wp\/v2\/pages\/47197","targetHints":{"allow":["GET"]}}],"collection":[{"href":"https:\/\/obera.fr\/sl\/wp-json\/wp\/v2\/pages"}],"about":[{"href":"https:\/\/obera.fr\/sl\/wp-json\/wp\/v2\/types\/page"}],"author":[{"embeddable":true,"href":"https:\/\/obera.fr\/sl\/wp-json\/wp\/v2\/users\/4"}],"replies":[{"embeddable":true,"href":"https:\/\/obera.fr\/sl\/wp-json\/wp\/v2\/comments?post=47197"}],"version-history":[{"count":6,"href":"https:\/\/obera.fr\/sl\/wp-json\/wp\/v2\/pages\/47197\/revisions"}],"predecessor-version":[{"id":141845,"href":"https:\/\/obera.fr\/sl\/wp-json\/wp\/v2\/pages\/47197\/revisions\/141845"}],"up":[{"embeddable":true,"href":"https:\/\/obera.fr\/sl\/wp-json\/wp\/v2\/pages\/48346"}],"wp:featuredmedia":[{"embeddable":true,"href":"https:\/\/obera.fr\/sl\/wp-json\/wp\/v2\/media\/83750"}],"wp:attachment":[{"href":"https:\/\/obera.fr\/sl\/wp-json\/wp\/v2\/media?parent=47197"}],"curies":[{"name":"wp","href":"https:\/\/api.w.org\/{rel}","templated":true}]}}