{"id":48215,"date":"2020-08-26T12:35:06","date_gmt":"2020-08-26T10:35:06","guid":{"rendered":"https:\/\/obera.fr\/nasi-izdelki\/industrijski-zbiralniki-prahu\/majhni-industrijski-zbiralniki-prahu\/"},"modified":"2026-02-06T13:18:15","modified_gmt":"2026-02-06T11:18:15","slug":"petits","status":"publish","type":"page","link":"https:\/\/obera.fr\/sl\/produits\/depoussiereurs-industriels\/petits\/","title":{"rendered":"Majhni industrijski zbiralniki prahu"},"content":{"rendered":"\n\n<h2 class=\"wp-block-heading\">Kaj je mali industrijski zbiralnik prahu?<\/h2>\n\n<p>Mali zbiralnik prahu je obi\u010dajno <strong>majhna enota za \u010di\u0161\u010denje zraka s sesalno zmogljivostjo od 80 m3\/h do 500 m3\/h<\/strong>. Ti zbiralniki prahu so na splo\u0161no nizko hrupni, mobilni in enostavni za premikanje ter so obi\u010dajno sposobni odsesavati en proizvodni stroj. Ti kompaktni zbiralniki prahu so opremljeni z nasi\u010denim filtrirnim medijem (za ePUR ex 1000\/3000) ali ro\u010dno odstranljivim filtrom.  <\/p>\n\n<p>Majhni zbiralniki prahu se uporabljajo za zbiranje zraka z nizko do srednjo vsebnostjo prahu. Ti zbiralniki prahu <strong>zajemajo prah in hlape<\/strong> iz laserskih gravirnih strojev, varilnih postaj in majhnih tehtnic. Odpra\u0161evalniki, opremljeni z regenerativnimi filtri, so primerni za droben, suh prah in imajo pladenj za zadr\u017eevanje prahu, ki ga je mogo\u010de opremiti z vre\u010dko. Ta vre\u010da omogo\u010da enostavno in \u010disto praznjenje zbranega prahu.     <\/p>\n\n<p>Modeli <a href=\"https:\/\/obera.fr\/sl\/produits\/depoussiereurs-industriels\/\" data-type=\"page\" data-id=\"31\">odsesovalnikov prahu<\/a>, opremljeni s filtri za nasi\u010denje (model <a href=\"https:\/\/obera.fr\/sl\/produits\/depoussiereurs-industriels\/petits\/aspiration-fumees-soudage-laser-epur-b-ex\/\" data-type=\"page\" data-id=\"480\">ePUR ex<\/a>), so primerni za vse vrste prahu in dima v majhnih koli\u010dinah. Filter sam zadr\u017euje in shranjuje prah. Ko je filter poln, ga je treba odstraniti v vre\u010do, namenjeno temu. Filtrirni mediji so lahko dostopni na vseh na\u0161ih modelih majhnih odsesovalnikov prahu in jih je mogo\u010de enostavno zamenjati. Ti odsesovalniki prahu omogo\u010dajo zajemanje <strong>brusnega prahu<\/strong>, <strong>brusilnega prahu<\/strong>, prahu, prisotnega na delovnih mestih za <strong>doziranje<\/strong> in <strong>tehtanje<\/strong>.<\/p>\n\n<h2 class=\"wp-block-heading\">Odkrijte vse na\u0161e majhne kompaktne zbiralnike prahu:<\/h2>\n\n<p><\/p>\n\n<p><\/p>\n\n<div class=\"wp-block-columns is-layout-flex wp-container-core-columns-is-layout-28f84493 wp-block-columns-is-layout-flex\">\n<div class=\"wp-block-column is-layout-flow wp-block-column-is-layout-flow\">\n<h3 class=\"wp-block-heading has-text-align-center\">SERIJA TK<\/h3>\n\n\n\n<figure class=\"wp-block-image aligncenter size-full is-resized\"><a href=\"https:\/\/obera.fr\/sl\/produits\/depoussiereurs-industriels\/petits\/tk-serie\/\"><img decoding=\"async\" width=\"600\" height=\"600\" src=\"https:\/\/obera.fr\/wp-content\/uploads\/2020\/11\/tk-series.jpg\" alt=\"Laboratorij - laboratorijska oprema\" class=\"wp-image-1607\" style=\"width:300px;height:300px\" srcset=\"https:\/\/obera.fr\/wp-content\/uploads\/2020\/11\/tk-series.jpg 600w, https:\/\/obera.fr\/wp-content\/uploads\/2020\/11\/tk-series-300x300.jpg 300w, https:\/\/obera.fr\/wp-content\/uploads\/2020\/11\/tk-series-150x150.jpg 150w\" sizes=\"(max-width: 600px) 100vw, 600px\" \/><\/a><figcaption class=\"wp-element-caption\">TK Serie<\/figcaption><\/figure>\n\n\n\n<p>Zbiralniki prahu <a href=\"https:\/\/obera.fr\/sl\/produits\/depoussiereurs-industriels\/petits\/tk-serie\/\" data-type=\"page\" data-id=\"1589\">serije TK<\/a><strong> <\/strong>so kompaktni odsesovalniki prahu, zasnovani za odsesavanje majhnih koli\u010din prahu za manj\u0161e ali industrijske aplikacije, ki jih je mogo\u010de priklju\u010diti neposredno na proizvodne stroje in tako zajemati prah pri viru. Enota je idealna za ob\u010dasno uporabo. Te enote so u\u010dinkovite pri obdelavi grobega kovinskega prahu, zlasti pri bru\u0161enju kovin v draguljarski industriji. Zaradi svoje velikosti in majhne te\u017ee je zelo preprosta za uporabo in enostavna za premikanje.     <\/p>\n\n\n\n<p>Najve\u010dji pretok majhnega zbiralnika prahu <strong>TK 4<\/strong> je 300 m3\/h, pretok majhnega zbiralnika prahu TK 6 pa 450 m3\/h. O\u010di\u0161\u010den zrak se odvaja neposredno v delovni prostor. <\/p>\n<\/div>\n\n\n\n<div class=\"wp-block-column is-layout-flow wp-block-column-is-layout-flow\">\n<h3 class=\"wp-block-heading has-text-align-center\">EPUR Ex 1000-3000-5000<\/h3>\n\n\n\n<figure class=\"wp-block-image aligncenter size-medium is-resized\"><a href=\"https:\/\/obera.fr\/sl\/produits\/depoussiereurs-industriels\/petits\/aspiration-fumees-soudage-laser-epur-b-ex\/\"><img decoding=\"async\" width=\"300\" height=\"300\" src=\"https:\/\/obera.fr\/wp-content\/uploads\/2023\/10\/epurb-ex-1000-3000-5000-300x300.png\" alt=\"oberA epur b ex 1000 3000 5000\" class=\"wp-image-25016\" style=\"width:298px;height:auto\" srcset=\"https:\/\/obera.fr\/wp-content\/uploads\/2023\/10\/epurb-ex-1000-3000-5000-300x300.png 300w, https:\/\/obera.fr\/wp-content\/uploads\/2023\/10\/epurb-ex-1000-3000-5000-150x150.png 150w, https:\/\/obera.fr\/wp-content\/uploads\/2023\/10\/epurb-ex-1000-3000-5000.png 600w\" sizes=\"(max-width: 300px) 100vw, 300px\" \/><\/a><figcaption class=\"wp-element-caption\">EPUR EX 1000-3000-5000<\/figcaption><\/figure>\n\n\n\n<p>Razpon <a href=\"https:\/\/obera.fr\/sl\/produits\/depoussiereurs-industriels\/petits\/aspiration-fumees-soudage-laser-epur-b-ex\/\" data-type=\"page\" data-id=\"480\">zbiralnikov prahu EPUR Ex 1000-3000-5000<\/a><strong> <\/strong>so mobilne ekstrakcijske enote, opremljene z nasi\u010denimi filtrirnimi mediji. Primerne so zlasti za odsesavanje hlapov, prahu, hlapov, topil in plinov pri varjenju in spajkanju. Te zelo vsestranske sesalnike je mogo\u010de zaradi treh stopenj filtriranja prilagoditi prakti\u010dno vsem industrijskim panogam. Upravljati jih je mogo\u010de prek zaslona na dotik ali na daljavo, kar omogo\u010da izjemno enostavno uporabo. S tihim in zmogljivim sesalnikom lahko sesate do tri majhne delovne postaje ali proizvodne stroje.    <\/p>\n\n\n\n<p>Ti zbiralniki prahu so primerni za uporabo na obmo\u010djih ATEX.  <\/p>\n\n\n\n<p>Prednost teh enot je, da imajo visoko sesalno mo\u010d (do 10.000 Pa vakuuma) in so popolnoma nastavljive. Pravzaprav imajo dve ali tri stopnje filtriranja, katerih filtrirni medij se lahko popolnoma prilagodi finosti in nevarnosti prahu (stopnje filtriranja od G4 do HEPA 14). Mo\u017eno je izbrati tudi stopnjo z aktivnim ogljem, posebej zasnovano za ravnanje s plinastimi onesna\u017eevali. Z elektronsko komutiranim motorjem je mogo\u010de tudi spreminjati pretok od 0 do 100 odstotkov. Filtre je mogo\u010de zamenjati \u010disto in varno z uporabo razpolo\u017eljivega kompleta za zamenjavo, ki ga sestavljajo: pokrov filtra, neprepustna vre\u010dka za enkratno uporabo, osebna za\u0161\u010ditna maska in rokavice za enkratno uporabo.    <\/p>\n<\/div>\n<\/div>\n\n<p><\/p>\n\n<p><\/p>\n\n<div class=\"wp-block-columns is-layout-flex wp-container-core-columns-is-layout-28f84493 wp-block-columns-is-layout-flex\">\n<div class=\"wp-block-column is-layout-flow wp-block-column-is-layout-flow\">\n<h3 class=\"wp-block-heading has-text-align-center\"><strong>SRF-T<\/strong><\/h3>\n\n\n\n<div class=\"wp-block-columns is-layout-flex wp-container-core-columns-is-layout-28f84493 wp-block-columns-is-layout-flex\">\n<div class=\"wp-block-column is-layout-flow wp-block-column-is-layout-flow\">\n<figure class=\"wp-block-image aligncenter size-large is-resized\"><a href=\"https:\/\/obera.fr\/sl\/produits\/depoussiereurs-industriels\/petits\/srf-t\/\"><img decoding=\"async\" width=\"600\" height=\"600\" src=\"https:\/\/obera.fr\/wp-content\/uploads\/2020\/10\/SRF-T-SF.png\" alt=\"Dim - Zbiralnik prahu\" class=\"wp-image-1310\" style=\"width:259px;height:259px\" srcset=\"https:\/\/obera.fr\/wp-content\/uploads\/2020\/10\/SRF-T-SF.png 600w, https:\/\/obera.fr\/wp-content\/uploads\/2020\/10\/SRF-T-SF-300x300.png 300w, https:\/\/obera.fr\/wp-content\/uploads\/2020\/10\/SRF-T-SF-150x150.png 150w\" sizes=\"(max-width: 600px) 100vw, 600px\" \/><\/a><figcaption class=\"wp-element-caption\">SRF-T<\/figcaption><\/figure>\n<\/div>\n<\/div>\n\n\n\n<p><a href=\"https:\/\/obera.fr\/sl\/produits\/depoussiereurs-industriels\/petits\/srf-t\/\">SRF T je prenosna naprava<\/a>, zasnovana za <strong>odsesovanje in ekstrakcijo varilnih dimov<\/strong>. Ima mo\u010dan podtlak zraka in se lahko neposredno priklju\u010di na varilne gorilnike za obdelavo neposredno pri viru.<\/p>\n\n\n\n<p>Na voljo je ve\u010d modelov, med njimi <strong>SRF T-2<\/strong>, ki povezuje eno ekstrakcijsko roko, in <strong>SRF T-4<\/strong>, ki povezuje do dve roki.  <\/p>\n\n\n\n<p>Ta naprava je \u0161e posebej primerna za uporabo v ladjedelnicah, varilnicah majhnih delov in avtomobilskih proizvodnih obratih. Filtrirni vlo\u017eki so \u010distljivi in jih je mogo\u010de ponovno uporabiti. <\/p>\n<\/div>\n\n\n\n<div class=\"wp-block-column is-layout-flow wp-block-column-is-layout-flow\">\n<h3 class=\"wp-block-heading has-text-align-center\"><strong>JUMBO<\/strong><\/h3>\n\n\n\n<figure class=\"wp-block-image aligncenter size-large is-resized\"><a href=\"https:\/\/obera.fr\/sl\/produits\/depoussiereurs-industriels\/petits\/jumbo\/\"><img decoding=\"async\" width=\"500\" height=\"500\" src=\"https:\/\/obera.fr\/wp-content\/uploads\/2020\/12\/Jumbo2.png\" alt=\"Jumbo2\" class=\"wp-image-3839\" style=\"width:256px;height:auto\" srcset=\"https:\/\/obera.fr\/wp-content\/uploads\/2020\/12\/Jumbo2.png 500w, https:\/\/obera.fr\/wp-content\/uploads\/2020\/12\/Jumbo2-300x300.png 300w, https:\/\/obera.fr\/wp-content\/uploads\/2020\/12\/Jumbo2-150x150.png 150w\" sizes=\"(max-width: 500px) 100vw, 500px\" \/><\/a><figcaption class=\"wp-element-caption\"><a href=\"https:\/\/obera.fr\/sl\/produits\/depoussiereurs-industriels\/petits\/jumbo\/\">JUMBO<\/a><\/figcaption><\/figure>\n\n\n\n<p><a href=\"https:\/\/obera.fr\/sl\/produits\/depoussiereurs-industriels\/petits\/jumbo\/\">Jumbo <\/a>je majhen, obse\u017een zbiralnik prahu, ki ga <strong>je mogo\u010de prilagoditi \u0161tevilnim aplikacijam<\/strong>. Njegov pretok 170 m3\/h in podtlak 2800 Pa pomenita, da lahko sesa 1 do 2 delovni mesti.<\/p>\n\n\n\n<p>Ta mali zbiralnik prahu je posebej primeren za odsesavanje <strong>finega in grobega prahu,<\/strong> pa tudi <strong>hlapov, hlapov in vonjav<\/strong>.<\/p>\n\n\n\n<p>Zavzema zelo<strong> malo<\/strong> prostora in porabi zelo malo energije. Opremljen je z ve\u010d sklepi, zato lahko sesa v razli\u010dnih polo\u017eajih in<strong> se prilagodi vsakr\u0161nim razmeram.<\/strong> <\/p>\n<\/div>\n<\/div>\n\n<div class=\"wp-block-buttons is-horizontal is-content-justification-center is-layout-flex wp-container-core-buttons-is-layout-03627597 wp-block-buttons-is-layout-flex\">\n<div class=\"wp-block-button has-custom-width wp-block-button__width-100\"><a class=\"wp-block-button__link wp-element-button\" href=\"https:\/\/obera.fr\/sl\/pisite-nam\/\">Ve\u010d o tem<\/a><\/div>\n<\/div>\n\n<div style=\"height:45px\" aria-hidden=\"true\" class=\"wp-block-spacer\"><\/div>\n\n<div class=\"wp-block-columns is-layout-flex wp-container-core-columns-is-layout-28f84493 wp-block-columns-is-layout-flex\">\n<div class=\"wp-block-column is-layout-flow wp-block-column-is-layout-flow\" style=\"flex-basis:60%\">\n<h3 class=\"wp-block-heading\">Najemite svoje majhne odsesovalnike prahu, pripravljene za uporabo<\/h3>\n\n\n\n<p>Pove\u010dajte <strong>odzivnost z najemom majhnih odsesovalnikov prahu OberA<\/strong>. Kompaktni, mobilni in tihi, se namestijo \u010dim bli\u017eje viru za obdelavo delovnih mest za lasersko graviranje, varjenje, tehtanje\/doziranje ali majhne stroje. Glede na uporabo se uporabi pravi model: serija TK (\u2248300\u2013450 m\u00b3\/h) za ob\u010dasne potrebe, JUMBO (170 m\u00b3\/h) za 1\u20132 delovni mesti, SRF-T za varilne dimove (priklju\u010dek na gorilnik) ali EPUR EX 1000\u20133000\u20135000 za <strong>ve\u010dstopenjsko konfiguracijo<\/strong>. Na voljo so razli\u010dice ATEX.   <\/p>\n\n\n\n<p><\/p>\n\n\n\n<p>Na\u0161e pogodbe so prilagodljive (kratkoro\u010dne\/dolgoro\u010dne, ve\u010d lokacij) z <strong>vklju\u010denim vzdr\u017eevanjem<\/strong>. Filtracije so konfigurabilne od G4 do HEPA 14, aktivno oglje za pline\/vonjave, podtlak do 10.000 Pa in variacija pretoka za <strong>prilagoditev va\u0161im procesom<\/strong>. Mo\u017enost nakupa z odbitkom najemnin.  <\/p>\n\n\n\n<p><\/p>\n\n\n\n<div class=\"wp-block-buttons is-content-justification-center is-layout-flex wp-container-core-buttons-is-layout-a89b3969 wp-block-buttons-is-layout-flex\">\n<div class=\"wp-block-button\"><a class=\"wp-block-button__link wp-element-button\" href=\"https:\/\/obera.fr\/sl\/location-sans-engagement\/\">Najemite majhen odsesovalnik prahu zdaj<\/a><\/div>\n<\/div>\n<\/div>\n\n\n\n<div class=\"wp-block-column is-vertically-aligned-center is-layout-flow wp-block-column-is-layout-flow\" style=\"flex-basis:30%\">\n<figure class=\"wp-block-image aligncenter size-full\"><img decoding=\"async\" width=\"300\" height=\"300\" src=\"https:\/\/obera.fr\/wp-content\/uploads\/2022\/11\/petits-depoussiereurs.png\" alt=\"majhni odsesovalniki prahu\" class=\"wp-image-16146\" srcset=\"https:\/\/obera.fr\/wp-content\/uploads\/2022\/11\/petits-depoussiereurs.png 300w, https:\/\/obera.fr\/wp-content\/uploads\/2022\/11\/petits-depoussiereurs-150x150.png 150w\" sizes=\"(max-width: 300px) 100vw, 300px\" \/><\/figure>\n<\/div>\n<\/div>\n\n<div style=\"height:45px\" aria-hidden=\"true\" class=\"wp-block-spacer\"><\/div>\n\n<hr class=\"wp-block-separator has-css-opacity\"\/>\n\n<div class=\"wp-block-group is-layout-flow wp-block-group-is-layout-flow\">\n<h2 class=\"wp-block-heading\">Druge serije industrijskih sesalnikov za prah oberA<\/h2>\n\n\n\n<div class=\"wp-block-buttons is-content-justification-center is-layout-flex wp-container-core-buttons-is-layout-a89b3969 wp-block-buttons-is-layout-flex\">\n<div class=\"wp-block-button\"><a class=\"wp-block-button__link wp-element-button\" href=\"https:\/\/obera.fr\/sl\/produits\/depoussiereurs-industriels\/mobiles\/\">mobilni zbiralniki prahu  <\/a><\/div>\n\n\n\n<div class=\"wp-block-button\"><a class=\"wp-block-button__link wp-element-button\" href=\"https:\/\/obera.fr\/sl\/produits\/depoussiereurs-industriels\/fixes\/\"> Fiksni <strong>zbiralniki prahu<\/strong><\/a><\/div>\n<\/div>\n<\/div>\n\n<p><\/p>\n","protected":false},"excerpt":{"rendered":"<p>Kaj je mali industrijski zbiralnik prahu? Mali zbiralnik prahu je obi\u010dajno majhna enota za \u010di\u0161\u010denje zraka s sesalno zmogljivostjo od 80 m3\/h do 500 m3\/h. Ti zbiralniki prahu so na splo\u0161no nizko hrupni, mobilni in enostavni za premikanje ter so obi\u010dajno sposobni odsesavati en proizvodni stroj. Ti kompaktni zbiralniki prahu so opremljeni z nasi\u010denim filtrirnim medijem (za ePUR ex 1000\/3000) ali ro\u010dno odstranljivim filtrom. Majhni zbiralniki prahu se uporabljajo za zbiranje zraka z nizko do srednjo vsebnostjo prahu. Ti zbiralniki prahu zajemajo prah in hlape iz laserskih gravirnih strojev, varilnih postaj in majhnih tehtnic. Odpra\u0161evalniki, opremljeni z regenerativnimi filtri, so &#8230; <\/p>\n<p class=\"read-more-container\"><a title=\"Majhni industrijski zbiralniki prahu\" class=\"read-more button\" href=\"https:\/\/obera.fr\/sl\/produits\/depoussiereurs-industriels\/petits\/#more-48215\" aria-label=\"Read more about Majhni industrijski zbiralniki prahu\">Lire la suite<\/a><\/p>\n","protected":false},"author":4,"featured_media":103629,"parent":45635,"menu_order":0,"comment_status":"closed","ping_status":"closed","template":"","meta":{"_acf_changed":false,"_seopress_robots_primary_cat":"","_seopress_titles_title":"Mali sesalniki EPUR B Ex, SRF-T Vre\u010dasti filtri in ePURBOX","_seopress_titles_desc":"Majhni zbiralniki prahu so majhne enote za \u010di\u0161\u010denje zraka. Ti industrijski zbiralniki prahu so tihi, mobilni in enostavni za premikanje. ","_seopress_robots_index":"","footnotes":""},"class_list":{"0":"post-48215","1":"page","2":"type-page","3":"status-publish","4":"has-post-thumbnail","6":"no-featured-image-padding","7":"resize-featured-image"},"acf":[],"_links":{"self":[{"href":"https:\/\/obera.fr\/sl\/wp-json\/wp\/v2\/pages\/48215","targetHints":{"allow":["GET"]}}],"collection":[{"href":"https:\/\/obera.fr\/sl\/wp-json\/wp\/v2\/pages"}],"about":[{"href":"https:\/\/obera.fr\/sl\/wp-json\/wp\/v2\/types\/page"}],"author":[{"embeddable":true,"href":"https:\/\/obera.fr\/sl\/wp-json\/wp\/v2\/users\/4"}],"replies":[{"embeddable":true,"href":"https:\/\/obera.fr\/sl\/wp-json\/wp\/v2\/comments?post=48215"}],"version-history":[{"count":11,"href":"https:\/\/obera.fr\/sl\/wp-json\/wp\/v2\/pages\/48215\/revisions"}],"predecessor-version":[{"id":141598,"href":"https:\/\/obera.fr\/sl\/wp-json\/wp\/v2\/pages\/48215\/revisions\/141598"}],"up":[{"embeddable":true,"href":"https:\/\/obera.fr\/sl\/wp-json\/wp\/v2\/pages\/45635"}],"wp:featuredmedia":[{"embeddable":true,"href":"https:\/\/obera.fr\/sl\/wp-json\/wp\/v2\/media\/103629"}],"wp:attachment":[{"href":"https:\/\/obera.fr\/sl\/wp-json\/wp\/v2\/media?parent=48215"}],"curies":[{"name":"wp","href":"https:\/\/api.w.org\/{rel}","templated":true}]}}