{"id":48217,"date":"2020-08-26T12:54:02","date_gmt":"2020-08-26T10:54:02","guid":{"rendered":"https:\/\/obera.fr\/odvod-varilnega-dima-in-laserskih-zarkov-epur-b-ex\/"},"modified":"2026-03-02T12:23:16","modified_gmt":"2026-03-02T10:23:16","slug":"aspiration-fumees-soudage-laser-epur-b-ex","status":"publish","type":"page","link":"https:\/\/obera.fr\/sl\/produits\/depoussiereurs-industriels\/petits\/aspiration-fumees-soudage-laser-epur-b-ex\/","title":{"rendered":"Odvod varilnega dima in laserskega dima ePUR Ex"},"content":{"rendered":"\n<p><strong>EPUR Ex<\/strong> je serija 3<a href=\"https:\/\/obera.fr\/sl\/produits\/depoussiereurs-industriels\/petits\/\" data-type=\"page\" data-id=\"393\">mobilnih sistemov zaodsesavanje zraka<\/a> s certifikatom ATEX.<\/p>\n\n\n<h2 class=\"wp-block-heading\">Kako deluje odsesavanje varilnega\/laserskega dima?<\/h2>\n\n<div class=\"wp-block-columns is-layout-flex wp-container-core-columns-is-layout-28f84493 wp-block-columns-is-layout-flex\">\n<div class=\"wp-block-column is-layout-flow wp-block-column-is-layout-flow\" style=\"flex-basis:33.33%\">\n<figure class=\"wp-block-image aligncenter size-full is-resized\"><img decoding=\"async\" width=\"670\" height=\"713\" src=\"https:\/\/obera.fr\/wp-content\/uploads\/2026\/02\/output-4-modifie.png\" alt=\"Mobilna filtrirna enota ePUR EX&#10;\" class=\"wp-image-144056\" style=\"aspect-ratio:0.9397256050562663;width:313px;height:auto\" srcset=\"https:\/\/obera.fr\/wp-content\/uploads\/2026\/02\/output-4-modifie.png 670w, https:\/\/obera.fr\/wp-content\/uploads\/2026\/02\/output-4-modifie-282x300.png 282w\" sizes=\"(max-width: 670px) 100vw, 670px\" \/><\/figure>\n<\/div>\n\n\n\n<div class=\"wp-block-column is-layout-flow wp-block-column-is-layout-flow\" style=\"flex-basis:66.66%\">\n<p>Delovanje je preprosto: <strong>onesna\u017eeni zrak se vsesava neposredno z gibljivo sesalno cevjo, priklju\u010deno na stroj,<\/strong> sesalno roko, odsesovalno napo ali neposredno na proizvodni stroj prek omre\u017eja kanalov.<\/p>\n\n\n\n<p><strong>Onesna\u017een zrak<\/strong> se zajame in obdela na razli\u010dnih stopnjah filtriranja.<\/p>\n\n\n\n<p><strong>O\u010di\u0161\u010den zrak<\/strong> se nato s pomo\u010djo mre\u017ee izpu\u0161nih kanalov odvaja s spodnjega dela enote neposredno v delovno obmo\u010dje ali ven.<\/p>\n\n\n\n<div style=\"height:15px\" aria-hidden=\"true\" class=\"wp-block-spacer\"><\/div>\n\n\n\n<div class=\"wp-block-columns is-layout-flex wp-container-core-columns-is-layout-28f84493 wp-block-columns-is-layout-flex\">\n<div class=\"wp-block-column is-layout-flow wp-block-column-is-layout-flow\" style=\"flex-basis:33.34%\">\n<div class=\"wp-block-buttons is-content-justification-center is-layout-flex wp-container-core-buttons-is-layout-a89b3969 wp-block-buttons-is-layout-flex\">\n<div class=\"wp-block-button\"><a class=\"wp-block-button__link wp-element-button\" href=\"https:\/\/obera.fr\/wp-content\/uploads\/2025\/04\/brochure-epur-ex-fr.pdf\">Prenesi bro\u0161uro<\/a><\/div>\n<\/div>\n<\/div>\n\n\n\n<div class=\"wp-block-column is-layout-flow wp-block-column-is-layout-flow\" style=\"flex-basis:33.34%\">\n<div class=\"wp-block-buttons is-horizontal is-content-justification-center is-layout-flex wp-container-core-buttons-is-layout-03627597 wp-block-buttons-is-layout-flex\">\n<div class=\"wp-block-button has-custom-width wp-block-button__width-100\"><a class=\"wp-block-button__link wp-element-button\" href=\"https:\/\/obera.fr\/sl\/pisite-nam\/\">Ve\u010d o tem<\/a><\/div>\n<\/div>\n<\/div>\n\n\n\n<div class=\"wp-block-column is-layout-flow wp-block-column-is-layout-flow\" style=\"flex-basis:33.33%\">\n<div class=\"wp-block-buttons is-content-justification-center is-layout-flex wp-container-core-buttons-is-layout-a89b3969 wp-block-buttons-is-layout-flex\">\n<div class=\"wp-block-button btn-devis-source\"><a class=\"wp-block-button__link wp-element-button\" href=\"https:\/\/obera.fr\/sl\/devis\/\">Zahtevajte ponudbo<\/a><\/div>\n<\/div>\n\n\n<script>\r\ndocument.addEventListener('DOMContentLoaded', function() {\r\n    \/\/ 1. On cherche le titre H1 de la page\r\n    var h1 = document.querySelector('h1');\r\n    var productTitle = h1 ? h1.innerText.trim() : \"\";\r\n\r\n    \/\/ 2. On cherche les boutons via la classe CSS .btn-devis-source\r\n    var buttons = document.querySelectorAll('.btn-devis-source a');\r\n\r\n    \/\/ 3. Si on a le titre et les boutons, on ajoute le param\u00e8tre\r\n    if (buttons.length > 0 && productTitle !== \"\") {\r\n        var encodedTitle = encodeURIComponent(productTitle);\r\n\r\n        buttons.forEach(function(btn) {\r\n            var currentHref = btn.getAttribute('href');\r\n            \r\n            \/\/ S\u00e9curit\u00e9 pour ne pas ajouter le param\u00e8tre 2 fois\r\n            if (currentHref.indexOf('sujet=') === -1) {\r\n                var separator = currentHref.indexOf('?') !== -1 ? '&' : '?';\r\n                var newLink = currentHref + separator + 'sujet=' + encodedTitle;\r\n                \r\n                btn.setAttribute('href', newLink);\r\n            }\r\n        });\r\n    }\r\n});\r\n<\/script><\/div>\n<\/div>\n<\/div>\n<\/div>\n\n<p><\/p>\n\n<h2 class=\"wp-block-heading\">Za kak\u0161ne namene?<\/h2>\n\n<p>Te sesalne enote so zasnovane za <strong>odsesavanje hlapov,<\/strong> <strong>prahu<\/strong>, <strong>hlapov<\/strong>, <strong>topil<\/strong>, <strong>plinov<\/strong>, <strong>vonjav<\/strong> in vseh vrst <strong>plinastih onesna\u017eevalcev<\/strong> pri <strong>varjenju<\/strong> in <strong>spajkanju<\/strong>. Enote so na kolesih in se lahko uporabljajo za odsesavanje s <a href=\"https:\/\/obera.fr\/sl\/produits\/depoussiereurs-industriels\/fixes\/\">fiksnih ali mobilnih delovnih mest<\/a> (do 3 delovnih mest ali proizvodnih strojev).  Kompaktni in prostorsko var\u010dni so primerni za vse vrste industrije. S <a href=\"https:\/\/obera.fr\/sl\/produits\/atex\/\" data-type=\"page\" data-id=\"372\">certifikatom ATEX<\/a> so zasnovani za uporabo na obmo\u010djih ATEX22.<\/p>\n\n<p><strong>Serija EPUR Ex<\/strong> je opremljena z nasi\u010denimi filtri (ki jih je treba zamenjati, ko so nasi\u010deni), kar pomeni, da je obremenitev s prahom ali dimom razmeroma majhna. Za ve\u010dje obremenitve z onesna\u017eevanjem in velike koli\u010dine prahu je treba izbrati regenerabilne (nezama\u0161ljive) filtrirne medije, kot sta na primer seriji <a href=\"https:\/\/obera.fr\/sl\/produits\/depoussiereurs-industriels\/mobiles\/extracteur-poussiere-dustomat-4\/\" data-type=\"page\" data-id=\"440\">DUSTOMAT<\/a> ali <a href=\"https:\/\/obera.fr\/sl\/produits\/depoussiereurs-industriels\/fixes\/aspiration-centralisee-industrielle-dustmac\/\" data-type=\"page\" data-id=\"467\">DUSTMAC<\/a>&#8230;.. <\/p>\n\n<div class=\"wp-block-columns is-layout-flex wp-container-core-columns-is-layout-28f84493 wp-block-columns-is-layout-flex\">\n<div class=\"wp-block-column is-layout-flow wp-block-column-is-layout-flow\">\n<h3 class=\"wp-block-heading has-text-align-center\">Onesna\u017eevala<\/h3>\n\n\n\n<hr class=\"wp-block-separator has-css-opacity is-style-wide\"\/>\n\n\n\n<div class=\"wp-block-columns is-layout-flex wp-container-core-columns-is-layout-28f84493 wp-block-columns-is-layout-flex\">\n<div class=\"wp-block-column is-layout-flow wp-block-column-is-layout-flow\">\n<figure class=\"wp-block-image aligncenter size-large\"><img decoding=\"async\" width=\"70\" height=\"70\" src=\"https:\/\/obera.fr\/wp-content\/uploads\/2020\/08\/industrie-chimie.jpg\" alt=\"Kemi&#x10D;na industrija\" class=\"wp-image-725\"\/><figcaption class=\"wp-element-caption\">Kemi\u010dni prah<\/figcaption><\/figure>\n\n\n\n<figure class=\"wp-block-image aligncenter size-large\"><img decoding=\"async\" width=\"70\" height=\"70\" src=\"https:\/\/obera.fr\/wp-content\/uploads\/2020\/08\/industrie-odeur.jpg\" alt=\"Industrija Vonj\" class=\"wp-image-723\"\/><figcaption class=\"wp-element-caption\">Vonji<\/figcaption><\/figure>\n<\/div>\n\n\n\n<div class=\"wp-block-column is-layout-flow wp-block-column-is-layout-flow\">\n<figure class=\"wp-block-image aligncenter size-large\"><img decoding=\"async\" width=\"70\" height=\"70\" src=\"https:\/\/obera.fr\/wp-content\/uploads\/2020\/08\/industrie-fumees.jpg\" alt=\"Industrijski dim\" class=\"wp-image-722\"\/><figcaption class=\"wp-element-caption\">Izpuhi<\/figcaption><\/figure>\n\n\n\n<figure class=\"wp-block-image aligncenter size-large\"><img decoding=\"async\" width=\"70\" height=\"70\" src=\"https:\/\/obera.fr\/wp-content\/uploads\/2020\/09\/cov.png\" alt=\"Cov\" class=\"wp-image-959\"\/><figcaption class=\"wp-element-caption\">VOCS<\/figcaption><\/figure>\n<\/div>\n<\/div>\n<\/div>\n\n\n\n<div class=\"wp-block-column is-layout-flow wp-block-column-is-layout-flow\">\n<h3 class=\"wp-block-heading has-text-align-center\">Industrije<\/h3>\n\n\n\n<hr class=\"wp-block-separator has-css-opacity is-style-wide\"\/>\n\n\n\n<p class=\"has-text-align-center\">Primerno za vse vrste industrije<\/p>\n<\/div>\n<\/div>\n\n<h2 class=\"wp-block-heading\">Kak\u0161ne so zna\u010dilnosti ePUR Ex?<\/h2>\n\n<p>Sistemi <strong>ePUR Ex 1000, 3000 in 5000<\/strong> lahko <strong>vsebujejo do tri stopnje visoko zmogljivega filtriranja<\/strong>. Mo\u017enih je ve\u010d konfiguracij, bodisi 2 stopnji s filtrom HEPA 13\/14 in 6 kg aktivnega oglja. Ali v 3 stopnjah s prvim filtrom, ki ga lahko konfigurirate glede na svoje potrebe, sledi pa mu drugi filter, polovica HEPA 13\/14 in polovica aktivnega oglja (3 kg).  <\/p>\n\n<p>Pri modelu<strong>ePUR Ex 3000<\/strong>, srednji enoti v ponudbi, boste na\u0161li prvi filter, ki ga je mogo\u010de popolnoma konfigurirati glede na va\u0161e potrebe. Drugi filter je HEPA 13\/14 s filtrirno povr\u0161ino 5,6 m\u00b2. Tretje filtrirno polje je kaseta z aktivnim ogljem, ki tehta 6 kg. Njen najve\u010dji pretok je <strong>260 m3\/h <\/strong>(pod obremenitvijo). Tehta 65 kg in je visoka 99 cm (te\u017ea brez filtra).    <\/p>\n\n<p><strong>ePUR Ex 5000<\/strong> se odlikuje po svoji sesalni mo\u010di z <strong>visokim pretokom 2800 m3\/h<\/strong>. Njegovi filtri so prav tako prilagodljivi kot filtri prej\u0161njih dveh modelov. Standardno je naprava opremljena s predfilterjem E10 s filtrirno povr\u0161ino 19 m\u00b2 in filtrom HEPA H14 s filtrirno povr\u0161ino 20 m\u00b2.  <\/p>\n\n<p>ePUR Ex 1000 tehta 58 kg pri vi\u0161ini 63 cm, ePUR Ex 5000 pa tehta 240 kg pri vi\u0161ini 159 cm (te\u017ea s filtrom).<\/p>\n\n<p>Njihova raven hrupa med delovanjem je razmeroma nizka (62 dB). Zaradi materialov iz nerjavnega jekla so robustni in zanesljivi. Opremljeni so tudi z nadzornim zaslonom za enostavno konfiguracijo.<\/p>\n\n<figure class=\"wp-block-table\"><table class=\"has-fixed-layout\"><thead><tr><th>Naprava<\/th><th><\/th><th>ePUR Ex 1000<\/th><th>ePUR Ex 3000<\/th><th>ePUR Ex 5000<\/th><\/tr><\/thead><tbody><tr><td>Pretok<\/td><td>m3\/h<\/td><td>350<\/td><td>460<\/td><td>2.800<\/td><\/tr><tr><td>Premer dovoda<\/td><td>mm<\/td><td>50<\/td><td>50<\/td><td>150<\/td><\/tr><tr><td>maksimalni podtlak<\/td><td>Pa<\/td><td>10 000<\/td><td>10 000<\/td><td>6000<\/td><\/tr><tr><td>Napajalna napetost<\/td><td>V<\/td><td>230 (ali 110)<\/td><td>230 (ali 110)<\/td><td>400<\/td><\/tr><tr><td>Napajanje<\/td><td>kW<\/td><td>1.1<\/td><td>1.1<\/td><td>2.4<\/td><\/tr><tr><td>Filter povr\u0161ina 1. nadstropje<\/td><td>m\u00b2<\/td><td>2.2<\/td><td>2.5<\/td><td>19<\/td><\/tr><tr><td>Filter povr\u0161ina 2. nadstropje<\/td><td>m\u00b2<\/td><td>2.8<\/td><td>5.6<\/td><td>20<\/td><\/tr><tr><td>Koli\u010dina aktivnega oglja 3. stopnja<\/td><td>kg<\/td><td>3<\/td><td>5.8<\/td><td>X<\/td><\/tr><tr><td>Dimenzije<\/td><td>l\/L\/h (mm)<\/td><td>436 x 527 x 638<\/td><td>430 x 400 x 996 mm<\/td><td>780 x 970 x 1590<\/td><\/tr><tr><td>Te\u017ea (brez filtrov)<\/td><td>kg<\/td><td>58<\/td><td>65<\/td><td>240<\/td><\/tr><tr><td>Raven hrupa<\/td><td>dB(A)<\/td><td>62<\/td><td>62<\/td><td>75<\/td><\/tr><\/tbody><\/table><\/figure>\n\n<h2 class=\"wp-block-heading\">Katere so prednosti na\u0161e elektronske opreme za odsesavanje varilnega dima?<\/h2>\n\n<p><\/p>\n\n<div class=\"wp-block-columns is-layout-flex wp-container-core-columns-is-layout-28f84493 wp-block-columns-is-layout-flex\">\n<div class=\"wp-block-column is-layout-flow wp-block-column-is-layout-flow\" style=\"flex-basis:25%\"><\/div>\n\n\n\n<div class=\"wp-block-column is-layout-flow wp-block-column-is-layout-flow\" style=\"flex-basis:50%\">\n<figure class=\"wp-block-embed is-type-video is-provider-youtube wp-block-embed-youtube wp-embed-aspect-16-9 wp-has-aspect-ratio\"><div class=\"wp-block-embed__wrapper\">\n<iframe title=\"TRAITEMENT COV, ODEURS, POUSSI\u00c8RES ET POLLUANTS GAZEUX - ePUR EX1000 - Obera\" width=\"1200\" height=\"675\" src=\"https:\/\/www.youtube.com\/embed\/05A45bNzFEY?feature=oembed\" frameborder=\"0\" allow=\"accelerometer; autoplay; clipboard-write; encrypted-media; gyroscope; picture-in-picture; web-share\" referrerpolicy=\"strict-origin-when-cross-origin\" allowfullscreen><\/iframe>\n<\/div><\/figure>\n\n\n\n<p><\/p>\n<\/div>\n\n\n\n<div class=\"wp-block-column is-layout-flow wp-block-column-is-layout-flow\" style=\"flex-basis:25%\"><\/div>\n<\/div>\n\n<p>Prednosti so \u0161tevilne, predvsem pa gre za <strong>za\u0161\u010dito zaposlenih<\/strong> pred \u0161tevilnimi boleznimi dihal in ko\u017ee, ki so jim izpostavljeni. Druga prednost je za\u0161\u010dita proizvodne opreme, kar vodi do zmanj\u0161anja \u0161tevila okvar in s tem do podalj\u0161anja njihove \u017eivljenjske dobe.  Njihove razli\u010dne mo\u017ene konfiguracije filtrov omogo\u010dajo popolno prilagoditev specifi\u010dni problematiki. <\/p>\n\n<blockquote class=\"wp-block-quote is-layout-flow wp-block-quote-is-layout-flow\">\n<p>Zaradi nizkega hrupa pri delovanju ga lahko namestite neposredno na delovno obmo\u010dje.  <\/p>\n<\/blockquote>\n\n<p>Naprave so zasnovane iz robustnih materialov, kot je nerjavno jeklo, da so bolj odporne. Filtre je mogo\u010de hitro in enostavno zamenjati. Za optimalno u\u010dinkovitost in brezstopenjsko nastavitev se uporabljajo <strong>elektronsko komutirani ventilatorji EC<\/strong>. Nadzorna plo\u0161\u010da ponuja tudi \u0161irok nabor nastavitev, vklju\u010dno z daljinskim upravljanjem in prikazom stanja naprave (zama\u0161en, preluknjan filter itd.) za optimalno enostavno uporabo. Po zakonu vam na\u0161e naprave omogo\u010dajo, da upo\u0161tevate mejno vrednost poklicne izpostavljenosti (OEL).    <\/p>\n\n<div class=\"wp-block-columns is-layout-flex wp-container-core-columns-is-layout-28f84493 wp-block-columns-is-layout-flex\">\n<div class=\"wp-block-column is-layout-flow wp-block-column-is-layout-flow\">\n<h3 class=\"wp-block-heading has-text-align-center\">Prednosti<\/h3>\n\n\n\n<ul class=\"wp-block-list\">\n<li>3 stopnje visoko zmogljivega filtriranja<\/li>\n\n\n\n<li>Du\u0161ilnik zvoka<\/li>\n\n\n\n<li>Hitra in enostavna zamenjava stopenj filtriranja<\/li>\n\n\n\n<li>Mobilen in var\u010den s prostorom<\/li>\n\n\n\n<li>Uporablja se lahko za vakuumiranje do 3 delovnih postaj ali proizvodnih strojev<\/li>\n<\/ul>\n<\/div>\n\n\n\n<div class=\"wp-block-column is-layout-flow wp-block-column-is-layout-flow\">\n<h3 class=\"wp-block-heading has-text-align-center\">Posebne zna\u010dilnosti<\/h3>\n\n\n\n<ul class=\"wp-block-list\">\n<li>Certificiranje ATEX<\/li>\n\n\n\n<li>Ventilator EC z elektronsko komutacijo za optimalno u\u010dinkovitost in neskon\u010dno nastavljivost<\/li>\n\n\n\n<li>Konfiguracija s \u0161irokim naborom dodatne opreme<\/li>\n<\/ul>\n<\/div>\n\n\n\n<div class=\"wp-block-column is-layout-flow wp-block-column-is-layout-flow\">\n<h3 class=\"wp-block-heading has-text-align-center\">Zna\u010dilnosti<\/h3>\n\n\n\n<ul class=\"wp-block-list\">\n<li>Z odstranjevanjem vonjav, hlapnih organskih spojin in drugih plinastih onesna\u017eeval znatno izbolj\u0161a kakovost zraka.<\/li>\n<\/ul>\n<\/div>\n<\/div>\n\n<h2 class=\"wp-block-heading\">Kako izbrati pravi sistem za zbiranje prahu?<\/h2>\n\n<p>Izbrati je treba pravi zbiralnik prahu, da bi se izognili prezgodnji obrabi, ki bi lahko povzro\u010dila okvaro.<\/p>\n\n<p>Serija ePUR Ex je <strong>zmogljiva<\/strong>, <strong>preprosta<\/strong>, <strong>kompaktna<\/strong> in opremljena s filtri za nasi\u010denje. Prosto in preudarno lahko izberete kombinacijo stopenj filtriranja, da optimizirate \u017eivljenjsko dobo medija. Vendar se prepri\u010dajte, da so nasitni filtri za delce dobro prilagojeni koli\u010dinam prahu in hlapov, ki jih \u017eelite odsesati. Druge enote so na voljo z regenerativnimi filtrirnimi mediji.   <\/p>\n\n<p>\u010ce se raziskave lotevate sami, se pozanimajte o filtrirni zmogljivosti naprave. Ta je odvisna od onesna\u017eevala, velikosti delcev, stanja (trdno ali plinasto) in koncentracije. Ta raziskava vam bo omogo\u010dila izbiro idealne vrste filtra, ki ga mora imeti zbiralnik prahu. Drugi\u010d, ugotovite, kako zmogljiva je enota, z drugimi besedami, kak\u0161en je njen pretok. Tudi v tem primeru bo pretok enote odvisen od koli\u010dine va\u0161ega onesna\u017eevala in povr\u0161ine prostora, ki ga je treba obdelati.    Ve\u010dji kot je prostor, ve\u010dji pretok potrebujete.<\/p>\n\n<p>V naslednjem koraku se je treba odlo\u010diti, s katero dodatno opremo opremiti stroj: s kanalom, povezanim s proizvodnim strojem, ali<a href=\"https:\/\/obera.fr\/sl\/produits\/bras-dispositifs-captation\/capot-industriel\/\"> sesalno roko za<\/a> delovno postajo.<\/p>\n\n<hr class=\"wp-block-separator has-css-opacity is-style-dots\"\/>\n\n<div class=\"wp-block-buttons is-horizontal is-content-justification-center is-layout-flex wp-container-core-buttons-is-layout-03627597 wp-block-buttons-is-layout-flex\">\n<div class=\"wp-block-button has-custom-width wp-block-button__width-100\"><a class=\"wp-block-button__link wp-element-button\" href=\"https:\/\/obera.fr\/sl\/pisite-nam\/\">Ve\u010d o tem<\/a><\/div>\n<\/div>\n\n<h2 class=\"wp-block-heading\">Drugi majhni zbiralniki prahu blagovne znamke OberA<\/h2>\n\n<div class=\"wp-block-columns is-layout-flex wp-container-core-columns-is-layout-28f84493 wp-block-columns-is-layout-flex\">\n<div class=\"wp-block-column is-layout-flow wp-block-column-is-layout-flow\">\n<figure class=\"wp-block-image aligncenter size-medium\"><a href=\"https:\/\/obera.fr\/sl\/produits\/depoussiereurs-industriels\/petits\/jumbo\/\"><img decoding=\"async\" width=\"300\" height=\"300\" src=\"https:\/\/obera.fr\/wp-content\/uploads\/2020\/10\/jumbo-300x300.png\" alt=\"Jumbo\" class=\"wp-image-1171\" srcset=\"https:\/\/obera.fr\/wp-content\/uploads\/2020\/10\/jumbo-300x300.png 300w, https:\/\/obera.fr\/wp-content\/uploads\/2020\/10\/jumbo-150x150.png 150w, https:\/\/obera.fr\/wp-content\/uploads\/2020\/10\/jumbo.png 500w\" sizes=\"(max-width: 300px) 100vw, 300px\" \/><\/a><figcaption class=\"wp-element-caption\">Jumbo<\/figcaption><\/figure>\n<\/div>\n\n\n\n<div class=\"wp-block-column is-layout-flow wp-block-column-is-layout-flow\">\n<figure class=\"wp-block-image aligncenter size-medium\"><a href=\"https:\/\/obera.fr\/sl\/produits\/depoussiereurs-industriels\/petits\/tk-serie\/\"><img decoding=\"async\" width=\"300\" height=\"300\" src=\"https:\/\/obera.fr\/wp-content\/uploads\/2020\/11\/tk-series-300x300.jpg\" alt=\"Serija TK\" class=\"wp-image-1607\" srcset=\"https:\/\/obera.fr\/wp-content\/uploads\/2020\/11\/tk-series-300x300.jpg 300w, https:\/\/obera.fr\/wp-content\/uploads\/2020\/11\/tk-series-150x150.jpg 150w, https:\/\/obera.fr\/wp-content\/uploads\/2020\/11\/tk-series.jpg 600w\" sizes=\"(max-width: 300px) 100vw, 300px\" \/><\/a><figcaption class=\"wp-element-caption\">TK Serie<\/figcaption><\/figure>\n<\/div>\n\n\n\n<div class=\"wp-block-column is-layout-flow wp-block-column-is-layout-flow\">\n<figure class=\"wp-block-image aligncenter size-medium\"><a href=\"https:\/\/obera.fr\/sl\/produits\/depoussiereurs-industriels\/petits\/srf-t\/\"><img decoding=\"async\" width=\"300\" height=\"300\" src=\"https:\/\/obera.fr\/wp-content\/uploads\/2020\/10\/SRF-T-SF-300x300.png\" alt=\"Srf T Sf\" class=\"wp-image-1310\" srcset=\"https:\/\/obera.fr\/wp-content\/uploads\/2020\/10\/SRF-T-SF-300x300.png 300w, https:\/\/obera.fr\/wp-content\/uploads\/2020\/10\/SRF-T-SF-150x150.png 150w, https:\/\/obera.fr\/wp-content\/uploads\/2020\/10\/SRF-T-SF.png 600w\" sizes=\"(max-width: 300px) 100vw, 300px\" \/><\/a><figcaption class=\"wp-element-caption\">SRF-T<\/figcaption><\/figure>\n<\/div>\n<\/div>\n","protected":false},"excerpt":{"rendered":"<p>EPUR Ex je serija 3mobilnih sistemov zaodsesavanje zraka s certifikatom ATEX. Kako deluje odsesavanje varilnega\/laserskega dima? Delovanje je preprosto: onesna\u017eeni zrak se vsesava neposredno z gibljivo sesalno cevjo, priklju\u010deno na stroj, sesalno roko, odsesovalno napo ali neposredno na proizvodni stroj prek omre\u017eja kanalov. Onesna\u017een zrak se zajame in obdela na razli\u010dnih stopnjah filtriranja. O\u010di\u0161\u010den zrak se nato s pomo\u010djo mre\u017ee izpu\u0161nih kanalov odvaja s spodnjega dela enote neposredno v delovno obmo\u010dje ali ven. Za kak\u0161ne namene? Te sesalne enote so zasnovane za odsesavanje hlapov, prahu, hlapov, topil, plinov, vonjav in vseh vrst plinastih onesna\u017eevalcev pri varjenju in spajkanju. Enote so &#8230; <\/p>\n<p class=\"read-more-container\"><a title=\"Odvod varilnega dima in laserskega dima ePUR Ex\" class=\"read-more button\" href=\"https:\/\/obera.fr\/sl\/produits\/depoussiereurs-industriels\/petits\/aspiration-fumees-soudage-laser-epur-b-ex\/#more-48217\" aria-label=\"Read more about Odvod varilnega dima in laserskega dima ePUR Ex\">Lire la suite<\/a><\/p>\n","protected":false},"author":4,"featured_media":83750,"parent":48215,"menu_order":0,"comment_status":"closed","ping_status":"closed","template":"","meta":{"_acf_changed":false,"_seopress_robots_primary_cat":"","_seopress_titles_title":"Odvod varilnega dima in laserskega dima ePUR Ex oberA","_seopress_titles_desc":"ePUR Ex 1000 \/ 3000 \/ 5000 je serija 3 mobilnih sistemov za odsesavanje zraka s certifikatom ATEX. oberMajhen zbiralnik prahu","_seopress_robots_index":"","footnotes":""},"class_list":{"0":"post-48217","1":"page","2":"type-page","3":"status-publish","4":"has-post-thumbnail","6":"no-featured-image-padding","7":"resize-featured-image"},"acf":[],"_links":{"self":[{"href":"https:\/\/obera.fr\/sl\/wp-json\/wp\/v2\/pages\/48217","targetHints":{"allow":["GET"]}}],"collection":[{"href":"https:\/\/obera.fr\/sl\/wp-json\/wp\/v2\/pages"}],"about":[{"href":"https:\/\/obera.fr\/sl\/wp-json\/wp\/v2\/types\/page"}],"author":[{"embeddable":true,"href":"https:\/\/obera.fr\/sl\/wp-json\/wp\/v2\/users\/4"}],"replies":[{"embeddable":true,"href":"https:\/\/obera.fr\/sl\/wp-json\/wp\/v2\/comments?post=48217"}],"version-history":[{"count":17,"href":"https:\/\/obera.fr\/sl\/wp-json\/wp\/v2\/pages\/48217\/revisions"}],"predecessor-version":[{"id":145530,"href":"https:\/\/obera.fr\/sl\/wp-json\/wp\/v2\/pages\/48217\/revisions\/145530"}],"up":[{"embeddable":true,"href":"https:\/\/obera.fr\/sl\/wp-json\/wp\/v2\/pages\/48215"}],"wp:featuredmedia":[{"embeddable":true,"href":"https:\/\/obera.fr\/sl\/wp-json\/wp\/v2\/media\/83750"}],"wp:attachment":[{"href":"https:\/\/obera.fr\/sl\/wp-json\/wp\/v2\/media?parent=48217"}],"curies":[{"name":"wp","href":"https:\/\/api.w.org\/{rel}","templated":true}]}}