{"id":48628,"date":"2020-08-26T12:33:11","date_gmt":"2020-08-26T10:33:11","guid":{"rendered":"https:\/\/obera.fr\/nasi-izdelki\/filtri-za-oljno-meglo\/"},"modified":"2025-04-22T09:42:47","modified_gmt":"2025-04-22T07:42:47","slug":"filtres-brouillard-huile","status":"publish","type":"page","link":"https:\/\/obera.fr\/sl\/produits\/filtres-brouillard-huile\/","title":{"rendered":"Filtri za oljno meglo"},"content":{"rendered":"\n<p>Visoko zmogljiv filter za <strong>oljno meglo<\/strong>, ki se priklju\u010di neposredno na proizvodni stroj.<\/p>\n\n<h2 class=\"wp-block-heading\" id=\"notre-gamme-de-filtres-a-brouillard-d-huile\">Na\u0161a ponudba filtrov za oljno meglo<\/h2>\n\n<div class=\"wp-block-columns is-layout-flex wp-container-core-columns-is-layout-28f84493 wp-block-columns-is-layout-flex\">\n<div class=\"wp-block-column is-vertically-aligned-top is-layout-flow wp-block-column-is-layout-flow\">\n<h3 class=\"wp-block-heading has-text-align-center\" id=\"oilmac\"><a href=\"https:\/\/obera.fr\/sl\/produits\/filtres-brouillard-huile\/oilmac\/\">Oilmac<\/a><\/h3>\n\n\n\n<figure class=\"wp-block-image aligncenter size-medium\"><a href=\"https:\/\/obera.fr\/produits\/filtres-brouillard-huile\/oilmac\/\"><img decoding=\"async\" width=\"300\" height=\"300\" src=\"https:\/\/obera.fr\/wp-content\/uploads\/2020\/08\/filtre-compact-OILMAC-300x300.png\" alt=\"Kompaktni filter Oilmac\" class=\"wp-image-641\" srcset=\"https:\/\/obera.fr\/wp-content\/uploads\/2020\/08\/filtre-compact-OILMAC-300x300.png 300w, https:\/\/obera.fr\/wp-content\/uploads\/2020\/08\/filtre-compact-OILMAC-150x150.png 150w, https:\/\/obera.fr\/wp-content\/uploads\/2020\/08\/filtre-compact-OILMAC.png 600w\" sizes=\"(max-width: 300px) 100vw, 300px\" \/><\/a><\/figure>\n\n\n\n<p><strong>OILMAC <\/strong>je <a href=\"https:\/\/obera.fr\/sl\/produits\/filtres-brouillard-huile\/oilmac\/\" data-type=\"page\" data-id=\"585\">kompakten, zmogljiv filter za<\/a> \u010di\u0161\u010denje oljnih in emulzijskih meglic, hlapov in aerosolov. Enota je obi\u010dajno name\u0161\u010dena neposredno na proizvodni stroj in je povezana s pro\u017enim kanalom.   <\/p>\n\n\n\n<p>Zahvaljujo\u010d \u0161tiristopenjskemu visoko zmogljivemu filtrirnemu sistemu, vklju\u010dno s terminalnim filtrom HEPA 13, se delci filtrirajo do 99,95 %, zrak pa se lahko neposredno ponovno vnese v delovni prostor. Vzdr\u017eevanje je manj\u0161e, saj lahko filtre zamenjate brez orodja. <\/p>\n<\/div>\n\n\n\n<div class=\"wp-block-column is-vertically-aligned-top is-layout-flow wp-block-column-is-layout-flow\">\n<h3 class=\"wp-block-heading has-text-align-center\" id=\"afs\"><a href=\"https:\/\/obera.fr\/sl\/produits\/filtres-brouillard-huile\/afs\/\">AFS<\/a><\/h3>\n\n\n\n<figure class=\"wp-block-image aligncenter size-medium\"><a href=\"https:\/\/obera.fr\/produits\/filtres-brouillard-huile\/afs\/\"><img decoding=\"async\" width=\"300\" height=\"300\" src=\"https:\/\/obera.fr\/wp-content\/uploads\/2020\/08\/AFS-installation-centralisee-brouillards-huiles-300x300.png\" alt=\"Afs Centralna namestitev Brouillards Huiles\" class=\"wp-image-643\" srcset=\"https:\/\/obera.fr\/wp-content\/uploads\/2020\/08\/AFS-installation-centralisee-brouillards-huiles-300x300.png 300w, https:\/\/obera.fr\/wp-content\/uploads\/2020\/08\/AFS-installation-centralisee-brouillards-huiles-150x150.png 150w, https:\/\/obera.fr\/wp-content\/uploads\/2020\/08\/AFS-installation-centralisee-brouillards-huiles.png 433w\" sizes=\"(max-width: 300px) 100vw, 300px\" \/><\/a><\/figure>\n\n\n\n<p><strong>AFS<\/strong> je <a href=\"https:\/\/obera.fr\/sl\/produits\/filtres-brouillard-huile\/afs\/\" data-type=\"page\" data-id=\"590\">centralizirana naprava za oljne in emulzijske meglice, hlape in aerosole<\/a>. To je prilagojena re\u0161itev za neposredno namestitev na va\u0161e obdelovalne centre. Ta enota ima 5 stopenj filtriranja, vklju\u010dno z absolutnim kon\u010dnim filtrom tipa HEPA 13, ki zagotavlja 99,95-odstotno u\u010dinkovitost filtriranja delcev.    <\/p>\n\n\n\n<p>Mo\u017ene so razli\u010dne konfiguracije: recikliranje in ponovni dovod filtriranega zraka v stavbo ali odvajanje filtriranega zraka in dovod sve\u017eega zraka z vra\u010danjem toplote prek toplotnega izmenjevalnika. Obe konfiguraciji maksimalno izkori\u0161\u010data toploto, ki jo vsebujejo tokovi odsesanega zraka. <\/p>\n\n\n\n<p><\/p>\n<\/div>\n<\/div>\n\n<div class=\"wp-block-buttons is-horizontal is-content-justification-center is-layout-flex wp-container-core-buttons-is-layout-03627597 wp-block-buttons-is-layout-flex\">\n<div class=\"wp-block-button has-custom-width wp-block-button__width-100\"><a class=\"wp-block-button__link wp-element-button\" href=\"https:\/\/obera.fr\/sl\/pisite-nam\/\">Ve\u010d o tem<\/a><\/div>\n<\/div>\n","protected":false},"excerpt":{"rendered":"<p>Visoko zmogljiv filter za oljno meglo, ki se priklju\u010di neposredno na proizvodni stroj. Na\u0161a ponudba filtrov za oljno meglo Oilmac OILMAC je kompakten, zmogljiv filter za \u010di\u0161\u010denje oljnih in emulzijskih meglic, hlapov in aerosolov. Enota je obi\u010dajno name\u0161\u010dena neposredno na proizvodni stroj in je povezana s pro\u017enim kanalom. Zahvaljujo\u010d \u0161tiristopenjskemu visoko zmogljivemu filtrirnemu sistemu, vklju\u010dno s terminalnim filtrom HEPA 13, se delci filtrirajo do 99,95 %, zrak pa se lahko neposredno ponovno vnese v delovni prostor. Vzdr\u017eevanje je manj\u0161e, saj lahko filtre zamenjate brez orodja. AFS AFS je centralizirana naprava za oljne in emulzijske meglice, hlape in aerosole. To je &#8230; <\/p>\n<p class=\"read-more-container\"><a title=\"Filtri za oljno meglo\" class=\"read-more button\" href=\"https:\/\/obera.fr\/sl\/produits\/filtres-brouillard-huile\/#more-48628\" aria-label=\"Read more about Filtri za oljno meglo\">Lire la suite<\/a><\/p>\n","protected":false},"author":4,"featured_media":83750,"parent":37911,"menu_order":10,"comment_status":"closed","ping_status":"closed","template":"","meta":{"_acf_changed":false,"_seopress_robots_primary_cat":"","_seopress_titles_title":"Industrijski filtri za oljno meglo - oberA","_seopress_titles_desc":"Odkrijte na\u0161o ponudbo visoko zmogljivih filtrov za oljno meglo, ki jih lahko priklju\u010dite neposredno na proizvodni stroj, OILMAC in AFS.","_seopress_robots_index":"","footnotes":""},"class_list":{"0":"post-48628","1":"page","2":"type-page","3":"status-publish","4":"has-post-thumbnail","6":"no-featured-image-padding","7":"resize-featured-image"},"acf":[],"_links":{"self":[{"href":"https:\/\/obera.fr\/sl\/wp-json\/wp\/v2\/pages\/48628","targetHints":{"allow":["GET"]}}],"collection":[{"href":"https:\/\/obera.fr\/sl\/wp-json\/wp\/v2\/pages"}],"about":[{"href":"https:\/\/obera.fr\/sl\/wp-json\/wp\/v2\/types\/page"}],"author":[{"embeddable":true,"href":"https:\/\/obera.fr\/sl\/wp-json\/wp\/v2\/users\/4"}],"replies":[{"embeddable":true,"href":"https:\/\/obera.fr\/sl\/wp-json\/wp\/v2\/comments?post=48628"}],"version-history":[{"count":3,"href":"https:\/\/obera.fr\/sl\/wp-json\/wp\/v2\/pages\/48628\/revisions"}],"predecessor-version":[{"id":83948,"href":"https:\/\/obera.fr\/sl\/wp-json\/wp\/v2\/pages\/48628\/revisions\/83948"}],"up":[{"embeddable":true,"href":"https:\/\/obera.fr\/sl\/wp-json\/wp\/v2\/pages\/37911"}],"wp:featuredmedia":[{"embeddable":true,"href":"https:\/\/obera.fr\/sl\/wp-json\/wp\/v2\/media\/83750"}],"wp:attachment":[{"href":"https:\/\/obera.fr\/sl\/wp-json\/wp\/v2\/media?parent=48628"}],"curies":[{"name":"wp","href":"https:\/\/api.w.org\/{rel}","templated":true}]}}