{"id":48645,"date":"2020-08-26T13:06:25","date_gmt":"2020-08-26T11:06:25","guid":{"rendered":"https:\/\/obera.fr\/nasi-izdelki\/filtri-za-oljno-meglo\/filter-oljne-meglice-afs\/"},"modified":"2025-06-03T13:15:21","modified_gmt":"2025-06-03T11:15:21","slug":"afs","status":"publish","type":"page","link":"https:\/\/obera.fr\/sl\/produits\/filtres-brouillard-huile\/afs\/","title":{"rendered":"Filter oljne meglice AFS"},"content":{"rendered":"\n<p><a href=\"https:\/\/obera.fr\/sl\/produits\/filtres-brouillard-huile\/\" data-type=\"page\" data-id=\"376\">Filtri za oljno meglo<\/a> AFS so prilagojena re\u0161itev za neposredno opremljanje obdelovalnih strojev ali njihovo centralno sesanje.<\/p>\n\n\n\n<p>Linija AFS zajema <strong>sesalne pretoke od 400 do 16.000 m\u00b3\/h<\/strong>.<\/p>\n\n\n\n<h2 class=\"wp-block-heading\">Centralne naprave za oljne in emulzijske meglice, hlape in aerosole<\/h2>\n\n\n\n<div class=\"wp-block-columns is-layout-flex wp-container-core-columns-is-layout-28f84493 wp-block-columns-is-layout-flex\">\n<div class=\"wp-block-column is-layout-flow wp-block-column-is-layout-flow\" style=\"flex-basis:33.33%\">\n<figure class=\"wp-block-image aligncenter size-medium\"><img decoding=\"async\" width=\"300\" height=\"300\" src=\"https:\/\/obera.fr\/wp-content\/uploads\/2020\/08\/AFS-installation-centralisee-brouillards-huiles-300x300.png\" alt=\"Afs Centralna namestitev Brouillards Huiles\" class=\"wp-image-643\" srcset=\"https:\/\/obera.fr\/wp-content\/uploads\/2020\/08\/AFS-installation-centralisee-brouillards-huiles-300x300.png 300w, https:\/\/obera.fr\/wp-content\/uploads\/2020\/08\/AFS-installation-centralisee-brouillards-huiles-150x150.png 150w, https:\/\/obera.fr\/wp-content\/uploads\/2020\/08\/AFS-installation-centralisee-brouillards-huiles.png 433w\" sizes=\"(max-width: 300px) 100vw, 300px\" \/><\/figure>\n<\/div>\n\n\n\n<div class=\"wp-block-column is-layout-flow wp-block-column-is-layout-flow\" style=\"flex-basis:66.66%\">\n<p><strong>Tehnologijo AFS<\/strong> sestavlja 5 stopenj obdelave: kovinski mre\u017eni filtri, poliestrski filc in separator AFS-Longlife, ki predstavlja srce obdelave.<\/p>\n\n\n\n<p>&gt;Enote so opremljene z <strong>absolutnim terminalnim filtriranjem HEPA tipa H13<\/strong> (standardizirana u\u010dinkovitost zagotavlja 99,95 % za delce 0,3 \u00b5m). Glede na zelo visoko u\u010dinkovitost glavne filtracije imajo absolutni filtri zelo dolgo \u017eivljenjsko dobo, tudi pri neprekinjenem delovanju na treh postajah. <\/p>\n\n\n\n<p>Mo\u017ene so razli\u010dne konfiguracije: recikliranje in ponovni dovod filtriranega zraka v stavbo ali odvajanje filtriranega zraka in dovod sve\u017eega zraka z vra\u010danjem kalorij prek toplotnega izmenjevalnika. <strong>Re\u0161itve za odsesavanje AFS<\/strong> (recikliranje ali izmenjevalniki toplote) omogo\u010dajo najve\u010djo mo\u017eno ponovno uporabo toplote, ki jo vsebujejo tokovi odsesanega zraka. <\/p>\n\n\n\n<hr class=\"wp-block-separator has-text-color has-black-color has-css-opacity has-black-background-color has-background is-style-dots\"\/>\n\n\n\n<div class=\"wp-block-columns is-layout-flex wp-container-core-columns-is-layout-28f84493 wp-block-columns-is-layout-flex\">\n<div class=\"wp-block-column is-layout-flow wp-block-column-is-layout-flow\" style=\"flex-basis:33.33%\">\n<div class=\"wp-block-buttons is-layout-flex wp-block-buttons-is-layout-flex\">\n<div class=\"wp-block-button\"><a class=\"wp-block-button__link wp-element-button\" href=\"https:\/\/obera.fr\/wp-content\/uploads\/2025\/06\/brochure-afs-en.pdf\">PRENESI BRO\u0160URO<\/a><\/div>\n<\/div>\n<\/div>\n\n\n\n<div class=\"wp-block-column is-layout-flow wp-block-column-is-layout-flow\" style=\"flex-basis:33.34%\">\n<div class=\"wp-block-buttons is-horizontal is-content-justification-center is-layout-flex wp-container-core-buttons-is-layout-03627597 wp-block-buttons-is-layout-flex\">\n<div class=\"wp-block-button has-custom-width wp-block-button__width-100\"><a class=\"wp-block-button__link wp-element-button\" href=\"https:\/\/obera.fr\/sl\/pisite-nam\/\">Ve\u010d o tem<\/a><\/div>\n<\/div>\n<\/div>\n\n\n\n<div class=\"wp-block-column is-layout-flow wp-block-column-is-layout-flow\" style=\"flex-basis:33.34%\">\n<div class=\"wp-block-buttons is-content-justification-center is-layout-flex wp-container-core-buttons-is-layout-a89b3969 wp-block-buttons-is-layout-flex\">\n<div class=\"wp-block-button btn-devis-source\"><a class=\"wp-block-button__link wp-element-button\" href=\"https:\/\/obera.fr\/sl\/devis\/\">Zahtevajte ponudbo<\/a><\/div>\n<\/div>\n\n\n<script>\r\ndocument.addEventListener('DOMContentLoaded', function() {\r\n    \/\/ 1. On cherche le titre H1 de la page\r\n    var h1 = document.querySelector('h1');\r\n    var productTitle = h1 ? h1.innerText.trim() : \"\";\r\n\r\n    \/\/ 2. On cherche les boutons via la classe CSS .btn-devis-source\r\n    var buttons = document.querySelectorAll('.btn-devis-source a');\r\n\r\n    \/\/ 3. Si on a le titre et les boutons, on ajoute le param\u00e8tre\r\n    if (buttons.length > 0 && productTitle !== \"\") {\r\n        var encodedTitle = encodeURIComponent(productTitle);\r\n\r\n        buttons.forEach(function(btn) {\r\n            var currentHref = btn.getAttribute('href');\r\n            \r\n            \/\/ S\u00e9curit\u00e9 pour ne pas ajouter le param\u00e8tre 2 fois\r\n            if (currentHref.indexOf('sujet=') === -1) {\r\n                var separator = currentHref.indexOf('?') !== -1 ? '&' : '?';\r\n                var newLink = currentHref + separator + 'sujet=' + encodedTitle;\r\n                \r\n                btn.setAttribute('href', newLink);\r\n            }\r\n        });\r\n    }\r\n});\r\n<\/script><\/div>\n<\/div>\n\n\n\n<p><\/p>\n<\/div>\n<\/div>\n\n\n\n<h2 class=\"wp-block-heading\">Prednosti sistema AFS<\/h2>\n\n\n\n<div class=\"wp-block-columns is-layout-flex wp-container-core-columns-is-layout-28f84493 wp-block-columns-is-layout-flex\">\n<div class=\"wp-block-column is-layout-flow wp-block-column-is-layout-flow\">\n<h3 class=\"wp-block-heading has-text-align-center\"><strong>Prednosti<\/strong><\/h3>\n\n\n\n<ul class=\"wp-block-list\">\n<li>Enostavna povezava s proizvodnim strojem<\/li>\n\n\n\n<li>Na napravi ali centralno<\/li>\n\n\n\n<li>Kompaktni sistem<\/li>\n\n\n\n<li>5 stopenj filtriranja za u\u010dinkovito \u010di\u0161\u010denje zraka<\/li>\n\n\n\n<li>Zamenjava in vzdr\u017eevanje filtra brez orodja<\/li>\n<\/ul>\n<\/div>\n\n\n\n<div class=\"wp-block-column is-layout-flow wp-block-column-is-layout-flow\">\n<h3 class=\"wp-block-heading has-text-align-center\"><strong>Posebne zna\u010dilnosti<\/strong><\/h3>\n\n\n\n<ul class=\"wp-block-list\">\n<li>Patentiran sistem za zamenjavo filtra brez orodja<\/li>\n\n\n\n<li>Ro\u010dno \u010di\u0161\u010denje naprave<\/li>\n\n\n\n<li>Mehansko filtriranje<\/li>\n<\/ul>\n<\/div>\n\n\n\n<div class=\"wp-block-column is-layout-flow wp-block-column-is-layout-flow\">\n<h3 class=\"wp-block-heading has-text-align-center\"><strong>Zna\u010dilnosti<\/strong><\/h3>\n\n\n\n<ul class=\"wp-block-list\">\n<li>Ekstrakcija oljnih meglic in emulzij, hlapov in aerosolov<\/li>\n\n\n\n<li>Lahko se namesti neposredno na obdelovalni center NC ali centralno<\/li>\n<\/ul>\n<\/div>\n<\/div>\n\n\n\n<h2 class=\"wp-block-heading\">Aplikacije<\/h2>\n\n\n\n<div class=\"wp-block-columns is-layout-flex wp-container-core-columns-is-layout-28f84493 wp-block-columns-is-layout-flex\">\n<div class=\"wp-block-column is-layout-flow wp-block-column-is-layout-flow\">\n<h3 class=\"wp-block-heading has-text-align-center\">Onesna\u017eevala<\/h3>\n\n\n\n<hr class=\"wp-block-separator has-css-opacity is-style-wide\"\/>\n\n\n\n<div class=\"wp-block-columns is-layout-flex wp-container-core-columns-is-layout-28f84493 wp-block-columns-is-layout-flex\">\n<div class=\"wp-block-column is-layout-flow wp-block-column-is-layout-flow\">\n<figure class=\"wp-block-image aligncenter size-large\"><img decoding=\"async\" width=\"70\" height=\"70\" src=\"https:\/\/obera.fr\/wp-content\/uploads\/2020\/08\/industrie-brouillard-huile.jpg\" alt=\"Industrija Fog Oil\" class=\"wp-image-721\"\/><figcaption class=\"wp-element-caption\">Oljna meglica<\/figcaption><\/figure>\n<\/div>\n\n\n\n<div class=\"wp-block-column is-layout-flow wp-block-column-is-layout-flow\">\n<figure class=\"wp-block-image aligncenter size-large\"><img decoding=\"async\" width=\"70\" height=\"70\" src=\"https:\/\/obera.fr\/wp-content\/uploads\/2020\/08\/industrie-fumees.jpg\" alt=\"Industrijski dim\" class=\"wp-image-722\"\/><figcaption class=\"wp-element-caption\">Izpuhi<\/figcaption><\/figure>\n\n\n\n<figure class=\"wp-block-image aligncenter size-large\"><img decoding=\"async\" width=\"70\" height=\"70\" src=\"https:\/\/obera.fr\/wp-content\/uploads\/2020\/09\/cov.png\" alt=\"Cov\" class=\"wp-image-959\"\/><figcaption class=\"wp-element-caption\">VOCS<\/figcaption><\/figure>\n<\/div>\n<\/div>\n<\/div>\n\n\n\n<div class=\"wp-block-column is-layout-flow wp-block-column-is-layout-flow\">\n<h3 class=\"wp-block-heading has-text-align-center\">Industrije<\/h3>\n\n\n\n<hr class=\"wp-block-separator has-css-opacity is-style-wide\"\/>\n\n\n\n<div class=\"wp-block-columns is-layout-flex wp-container-core-columns-is-layout-28f84493 wp-block-columns-is-layout-flex\">\n<div class=\"wp-block-column is-layout-flow wp-block-column-is-layout-flow\">\n<figure class=\"wp-block-image aligncenter size-large\"><img decoding=\"async\" width=\"70\" height=\"70\" src=\"https:\/\/obera.fr\/wp-content\/uploads\/2020\/08\/industrie-metallurgie.jpg\" alt=\"Metalur\u0161ka industrija\" class=\"wp-image-673\"\/><figcaption class=\"wp-element-caption\">Metalurgija<\/figcaption><\/figure>\n<\/div>\n\n\n\n<div class=\"wp-block-column is-layout-flow wp-block-column-is-layout-flow\"><\/div>\n<\/div>\n<\/div>\n<\/div>\n\n\n\n<div class=\"wp-block-buttons is-content-justification-center is-layout-flex wp-container-core-buttons-is-layout-a89b3969 wp-block-buttons-is-layout-flex\">\n<div class=\"wp-block-button is-style-outline is-style-outline--1\"><a class=\"wp-block-button__link wp-element-button\" href=\"https:\/\/obera.fr\/wp-content\/uploads\/2024\/02\/brochure-afs.pdf\">Prenesite list izdelka<\/a><\/div>\n<\/div>\n\n\n\n<hr class=\"wp-block-separator has-css-opacity is-style-dots\"\/>\n\n\n\n<h2 class=\"wp-block-heading\">Drugi filtri za oljno meglo blagovne znamke OberA<\/h2>\n\n\n\n<div class=\"wp-block-columns is-layout-flex wp-container-core-columns-is-layout-28f84493 wp-block-columns-is-layout-flex\">\n<div class=\"wp-block-column is-layout-flow wp-block-column-is-layout-flow\">\n<figure class=\"wp-block-image aligncenter size-medium\"><a href=\"https:\/\/obera.fr\/produits\/filtres-brouillard-huile\/oilmac\/\"><img decoding=\"async\" width=\"300\" height=\"300\" src=\"https:\/\/obera.fr\/wp-content\/uploads\/2020\/08\/filtre-compact-OILMAC-300x300.png\" alt=\"Kompaktni filter OILMAC\" class=\"wp-image-641\" srcset=\"https:\/\/obera.fr\/wp-content\/uploads\/2020\/08\/filtre-compact-OILMAC-300x300.png 300w, https:\/\/obera.fr\/wp-content\/uploads\/2020\/08\/filtre-compact-OILMAC-150x150.png 150w, https:\/\/obera.fr\/wp-content\/uploads\/2020\/08\/filtre-compact-OILMAC.png 600w\" sizes=\"(max-width: 300px) 100vw, 300px\" \/><\/a><figcaption class=\"wp-element-caption\">OILMAC<\/figcaption><\/figure>\n<\/div>\n\n\n\n<div class=\"wp-block-column is-layout-flow wp-block-column-is-layout-flow\"><\/div>\n<\/div>\n\n\n\n<p><\/p>\n","protected":false},"excerpt":{"rendered":"<p>Filtri za oljno meglo AFS so prilagojena re\u0161itev za neposredno opremljanje obdelovalnih strojev ali njihovo centralno sesanje. Linija AFS zajema sesalne pretoke od 400 do 16.000 m\u00b3\/h. Centralne naprave za oljne in emulzijske meglice, hlape in aerosole Tehnologijo AFS sestavlja 5 stopenj obdelave: kovinski mre\u017eni filtri, poliestrski filc in separator AFS-Longlife, ki predstavlja srce obdelave. &gt;Enote so opremljene z absolutnim terminalnim filtriranjem HEPA tipa H13 (standardizirana u\u010dinkovitost zagotavlja 99,95 % za delce 0,3 \u00b5m). Glede na zelo visoko u\u010dinkovitost glavne filtracije imajo absolutni filtri zelo dolgo \u017eivljenjsko dobo, tudi pri neprekinjenem delovanju na treh postajah. Mo\u017ene so razli\u010dne konfiguracije: recikliranje &#8230; <\/p>\n<p class=\"read-more-container\"><a title=\"Filter oljne meglice AFS\" class=\"read-more button\" href=\"https:\/\/obera.fr\/sl\/produits\/filtres-brouillard-huile\/afs\/#more-48645\" aria-label=\"Read more about Filter oljne meglice AFS\">Lire la suite<\/a><\/p>\n","protected":false},"author":4,"featured_media":83750,"parent":48628,"menu_order":0,"comment_status":"closed","ping_status":"closed","template":"","meta":{"_acf_changed":false,"_seopress_robots_primary_cat":"","_seopress_titles_title":"Centralni sistemi oljne megle AFS","_seopress_titles_desc":"Filtri za oljno meglo AFS so prilagojena re\u0161itev za neposredno opremljanje obdelovalnih strojev ali njihovo centralno sesanje.","_seopress_robots_index":"","_seopress_analysis_target_kw":"","footnotes":""},"class_list":{"0":"post-48645","1":"page","2":"type-page","3":"status-publish","4":"has-post-thumbnail","6":"no-featured-image-padding","7":"resize-featured-image"},"acf":[],"_links":{"self":[{"href":"https:\/\/obera.fr\/sl\/wp-json\/wp\/v2\/pages\/48645","targetHints":{"allow":["GET"]}}],"collection":[{"href":"https:\/\/obera.fr\/sl\/wp-json\/wp\/v2\/pages"}],"about":[{"href":"https:\/\/obera.fr\/sl\/wp-json\/wp\/v2\/types\/page"}],"author":[{"embeddable":true,"href":"https:\/\/obera.fr\/sl\/wp-json\/wp\/v2\/users\/4"}],"replies":[{"embeddable":true,"href":"https:\/\/obera.fr\/sl\/wp-json\/wp\/v2\/comments?post=48645"}],"version-history":[{"count":7,"href":"https:\/\/obera.fr\/sl\/wp-json\/wp\/v2\/pages\/48645\/revisions"}],"predecessor-version":[{"id":107912,"href":"https:\/\/obera.fr\/sl\/wp-json\/wp\/v2\/pages\/48645\/revisions\/107912"}],"up":[{"embeddable":true,"href":"https:\/\/obera.fr\/sl\/wp-json\/wp\/v2\/pages\/48628"}],"wp:featuredmedia":[{"embeddable":true,"href":"https:\/\/obera.fr\/sl\/wp-json\/wp\/v2\/media\/83750"}],"wp:attachment":[{"href":"https:\/\/obera.fr\/sl\/wp-json\/wp\/v2\/media?parent=48645"}],"curies":[{"name":"wp","href":"https:\/\/api.w.org\/{rel}","templated":true}]}}