{"id":62061,"date":"2021-07-23T14:22:11","date_gmt":"2021-07-23T12:22:11","guid":{"rendered":"https:\/\/obera.fr\/achat-merci\/"},"modified":"2025-02-17T11:38:12","modified_gmt":"2025-02-17T09:38:12","slug":"achat-merci","status":"publish","type":"page","link":"https:\/\/obera.fr\/sl\/achat-merci\/","title":{"rendered":"Hvala za naro\u010dilo iz obera.fr"},"content":{"rendered":"\n<p>Medtem ko \u010dakate, da prejmete svoje naro\u010dilo, lahko preberete najnovej\u0161e objave na blogu<\/p>\n<ul class=\"wp-block-latest-posts__list is-grid columns-2 wp-block-latest-posts\"><li><div class=\"wp-block-latest-posts__featured-image aligncenter\"><a href=\"https:\/\/obera.fr\/sl\/pridobivanje-materialov\/resitve-za-industrijsko-odsesovanje-in-razprasevanje-za-ekstrakcijo-materialov\/\" aria-label=\"Re\u0161itve za industrijsko odsesovanje in razpra\u0161evanje za ekstrakcijo materialov\"><img decoding=\"async\" width=\"1024\" height=\"576\" src=\"https:\/\/obera.fr\/wp-content\/uploads\/2025\/08\/extraction-materiaux-1024x576.jpg\" class=\"attachment-large size-large wp-post-image\" alt=\"pridobivanje materiala\" style=\"max-width:500px;\" srcset=\"https:\/\/obera.fr\/wp-content\/uploads\/2025\/08\/extraction-materiaux-1024x576.jpg 1024w, https:\/\/obera.fr\/wp-content\/uploads\/2025\/08\/extraction-materiaux-300x169.jpg 300w, https:\/\/obera.fr\/wp-content\/uploads\/2025\/08\/extraction-materiaux-768x432.jpg 768w, https:\/\/obera.fr\/wp-content\/uploads\/2025\/08\/extraction-materiaux-1536x864.jpg 1536w, https:\/\/obera.fr\/wp-content\/uploads\/2025\/08\/extraction-materiaux.jpg 1600w\" sizes=\"(max-width: 1024px) 100vw, 1024px\" \/><\/a><\/div><a class=\"wp-block-latest-posts__post-title\" href=\"https:\/\/obera.fr\/sl\/pridobivanje-materialov\/resitve-za-industrijsko-odsesovanje-in-razprasevanje-za-ekstrakcijo-materialov\/\">Re\u0161itve za industrijsko odsesovanje in razpra\u0161evanje za ekstrakcijo materialov<\/a><div class=\"wp-block-latest-posts__post-excerpt\">Ekstrakcija materialov neizogibno ustvarja ostanke, ki jih je nujno nadzorovati za za\u0161\u010dito zdravja in varnosti delavcev.<\/div><\/li>\n<li><div class=\"wp-block-latest-posts__featured-image aligncenter\"><a href=\"https:\/\/obera.fr\/sl\/elektronika-elektrika\/resitve-za-odsesavanje-in-filtracijo-podjetja-obera-za-elektronsko-industrijo\/\" aria-label=\"Re\u0161itve za odsesavanje in filtracijo podjetja oberA za elektronsko industrijo\"><img decoding=\"async\" width=\"1024\" height=\"576\" src=\"https:\/\/obera.fr\/wp-content\/uploads\/2025\/08\/electricite-electronique-1024x576.jpg\" class=\"attachment-large size-large wp-post-image\" alt=\"elektronska elektrika\" style=\"max-width:500px;\" srcset=\"https:\/\/obera.fr\/wp-content\/uploads\/2025\/08\/electricite-electronique-1024x576.jpg 1024w, https:\/\/obera.fr\/wp-content\/uploads\/2025\/08\/electricite-electronique-300x169.jpg 300w, https:\/\/obera.fr\/wp-content\/uploads\/2025\/08\/electricite-electronique-768x432.jpg 768w, https:\/\/obera.fr\/wp-content\/uploads\/2025\/08\/electricite-electronique-1536x864.jpg 1536w, https:\/\/obera.fr\/wp-content\/uploads\/2025\/08\/electricite-electronique.jpg 1600w\" sizes=\"(max-width: 1024px) 100vw, 1024px\" \/><\/a><\/div><a class=\"wp-block-latest-posts__post-title\" href=\"https:\/\/obera.fr\/sl\/elektronika-elektrika\/resitve-za-odsesavanje-in-filtracijo-podjetja-obera-za-elektronsko-industrijo\/\">Re\u0161itve za odsesavanje in filtracijo podjetja oberA za elektronsko industrijo<\/a><div class=\"wp-block-latest-posts__post-excerpt\">V elektronski industriji kakovost zraka neposredno vpliva na zanesljivost komponent in zdravje operaterjev.<\/div><\/li>\n<li><div class=\"wp-block-latest-posts__featured-image aligncenter\"><a href=\"https:\/\/obera.fr\/sl\/restavratorji-in-umetniki\/pomen-sesanja-in-filtracije-v-umetniskem-okolju\/\" aria-label=\"Pomen sesanja in filtracije v umetni\u0161kem okolju\"><img decoding=\"async\" width=\"1024\" height=\"576\" src=\"https:\/\/obera.fr\/wp-content\/uploads\/2025\/08\/restaurateurs-oeuvre-art-1024x576.jpg\" class=\"attachment-large size-large wp-post-image\" alt=\"restavratorji umetnin\" style=\"max-width:500px;\" srcset=\"https:\/\/obera.fr\/wp-content\/uploads\/2025\/08\/restaurateurs-oeuvre-art-1024x576.jpg 1024w, https:\/\/obera.fr\/wp-content\/uploads\/2025\/08\/restaurateurs-oeuvre-art-300x169.jpg 300w, https:\/\/obera.fr\/wp-content\/uploads\/2025\/08\/restaurateurs-oeuvre-art-768x432.jpg 768w, https:\/\/obera.fr\/wp-content\/uploads\/2025\/08\/restaurateurs-oeuvre-art-1536x864.jpg 1536w, https:\/\/obera.fr\/wp-content\/uploads\/2025\/08\/restaurateurs-oeuvre-art.jpg 1600w\" sizes=\"(max-width: 1024px) 100vw, 1024px\" \/><\/a><\/div><a class=\"wp-block-latest-posts__post-title\" href=\"https:\/\/obera.fr\/sl\/restavratorji-in-umetniki\/pomen-sesanja-in-filtracije-v-umetniskem-okolju\/\">Pomen sesanja in filtracije v umetni\u0161kem okolju<\/a><div class=\"wp-block-latest-posts__post-excerpt\">Restavriranje del in umetni\u0161ko ustvarjanje vsakodnevno izpostavljata strokovnjake topilom, smolam in finemu prahu, ki jih je nujno obvladati.<\/div><\/li>\n<li><div class=\"wp-block-latest-posts__featured-image aligncenter\"><a href=\"https:\/\/obera.fr\/sl\/vojska-in-obramba\/resitve-za-odsesavanje-in-filtracijo-onesnazeval-za-vojaski-sektor\/\" aria-label=\"Re\u0161itve za odsesavanje in filtracijo onesna\u017eeval za voja\u0161ki sektor\"><img decoding=\"async\" width=\"1024\" height=\"576\" src=\"https:\/\/obera.fr\/wp-content\/uploads\/2025\/08\/armee-defense-1024x576.jpg\" class=\"attachment-large size-large wp-post-image\" alt=\"armee defense\" style=\"max-width:500px;\" srcset=\"https:\/\/obera.fr\/wp-content\/uploads\/2025\/08\/armee-defense-1024x576.jpg 1024w, https:\/\/obera.fr\/wp-content\/uploads\/2025\/08\/armee-defense-300x169.jpg 300w, https:\/\/obera.fr\/wp-content\/uploads\/2025\/08\/armee-defense-768x432.jpg 768w, https:\/\/obera.fr\/wp-content\/uploads\/2025\/08\/armee-defense-1536x864.jpg 1536w, https:\/\/obera.fr\/wp-content\/uploads\/2025\/08\/armee-defense.jpg 1600w\" sizes=\"(max-width: 1024px) 100vw, 1024px\" \/><\/a><\/div><a class=\"wp-block-latest-posts__post-title\" href=\"https:\/\/obera.fr\/sl\/vojska-in-obramba\/resitve-za-odsesavanje-in-filtracijo-onesnazeval-za-vojaski-sektor\/\">Re\u0161itve za odsesavanje in filtracijo onesna\u017eeval za voja\u0161ki sektor<\/a><div class=\"wp-block-latest-posts__post-excerpt\">Voja\u0161ka infrastruktura zahteva popoln nadzor nad delovnim okoljem, da se za\u0161\u010ditita zdravje operaterjev in \u017eivljenjska doba takti\u010dne opreme.<\/div><\/li>\n<li><div class=\"wp-block-latest-posts__featured-image aligncenter\"><a href=\"https:\/\/obera.fr\/sl\/sante\/obera-resitve-za-odsesavanje-filtracijo-in-ciscenje-za-zdravje\/\" aria-label=\"OberA re\u0161itve za odsesavanje, filtracijo in \u010di\u0161\u010denje za zdravje\"><img decoding=\"async\" width=\"1024\" height=\"682\" src=\"https:\/\/obera.fr\/wp-content\/uploads\/2025\/06\/masque-classique-1024x682.webp\" class=\"attachment-large size-large wp-post-image\" alt=\"klasi\u010dna maska\" style=\"max-width:500px;\" srcset=\"https:\/\/obera.fr\/wp-content\/uploads\/2025\/06\/masque-classique-1024x682.webp 1024w, https:\/\/obera.fr\/wp-content\/uploads\/2025\/06\/masque-classique-300x200.webp 300w, https:\/\/obera.fr\/wp-content\/uploads\/2025\/06\/masque-classique-768x512.webp 768w, https:\/\/obera.fr\/wp-content\/uploads\/2025\/06\/masque-classique.webp 1280w\" sizes=\"(max-width: 1024px) 100vw, 1024px\" \/><\/a><\/div><a class=\"wp-block-latest-posts__post-title\" href=\"https:\/\/obera.fr\/sl\/sante\/obera-resitve-za-odsesavanje-filtracijo-in-ciscenje-za-zdravje\/\">OberA re\u0161itve za odsesavanje, filtracijo in \u010di\u0161\u010denje za zdravje<\/a><div class=\"wp-block-latest-posts__post-excerpt\">Izbolj\u0161anje kakovosti notranjega zraka je postalo klju\u010dno javnozdravstveno vpra\u0161anje za za\u0161\u010dito zaposlenih v vsakem industrijskem ali storitvenem okolju.<\/div><\/li>\n<li><a class=\"wp-block-latest-posts__post-title\" href=\"https:\/\/obera.fr\/sl\/mediji\/53-zaposlenih-meni-da-njihovo-podjetje-ni-pripravljeno-na-ucinkovito-obvladovanje-obdobij-mocne-vrocine\/\">53% zaposlenih meni, da njihovo podjetje ni pripravljeno na u\u010dinkovito obvladovanje obdobij mo\u010dne vro\u010dine<\/a><div class=\"wp-block-latest-posts__post-excerpt\">OberA je izvedel raziskavo med 4.203 aktivnimi delavci v Franciji, da bi bolje razumel, kako zaposleni zaznavajo in do\u017eivljajo obdobja mo\u010dne vro\u010dine na svojem delovnem mestu<\/div><\/li>\n<li><div class=\"wp-block-latest-posts__featured-image aligncenter\"><a href=\"https:\/\/obera.fr\/sl\/kompozitni-materiali\/emisije-hos-pri-infuziji-kompozitov\/\" aria-label=\"Emisije HOS pri infuziji kompozitov\"><img decoding=\"async\" width=\"1024\" height=\"181\" src=\"https:\/\/obera.fr\/wp-content\/uploads\/2026\/03\/industrie-composite-opti-1024x181.jpg\" class=\"attachment-large size-large wp-post-image\" alt=\"kompozitna industrija opti\" style=\"max-width:500px;\" srcset=\"https:\/\/obera.fr\/wp-content\/uploads\/2026\/03\/industrie-composite-opti-1024x181.jpg 1024w, https:\/\/obera.fr\/wp-content\/uploads\/2026\/03\/industrie-composite-opti-300x53.jpg 300w, https:\/\/obera.fr\/wp-content\/uploads\/2026\/03\/industrie-composite-opti-768x136.jpg 768w, https:\/\/obera.fr\/wp-content\/uploads\/2026\/03\/industrie-composite-opti-1536x272.jpg 1536w, https:\/\/obera.fr\/wp-content\/uploads\/2026\/03\/industrie-composite-opti.jpg 1980w\" sizes=\"(max-width: 1024px) 100vw, 1024px\" \/><\/a><\/div><a class=\"wp-block-latest-posts__post-title\" href=\"https:\/\/obera.fr\/sl\/kompozitni-materiali\/emisije-hos-pri-infuziji-kompozitov\/\">Emisije HOS pri infuziji kompozitov<\/a><div class=\"wp-block-latest-posts__post-excerpt\">Vakuumska infuzija je postopek, ki se pogosto uporablja za izdelavo velikih kompozitnih delov. Postopek temelji na impregnaciji oja\u010ditvenih vlaken s teko\u010do smolo, ki se pod vakuumom vsrka v material. <\/div><\/li>\n<li><div class=\"wp-block-latest-posts__featured-image aligncenter\"><a href=\"https:\/\/obera.fr\/sl\/kompozitni-materiali\/hlapi-epoksidne-smole-v-industriji-kompozitov\/\" aria-label=\"Hlapi epoksidne smole v industriji kompozitov\"><img decoding=\"async\" width=\"1024\" height=\"181\" src=\"https:\/\/obera.fr\/wp-content\/uploads\/2026\/03\/materiaux-composites-opti-1024x181.jpg\" class=\"attachment-large size-large wp-post-image\" alt=\"materiaux composites opti\" style=\"max-width:500px;\" srcset=\"https:\/\/obera.fr\/wp-content\/uploads\/2026\/03\/materiaux-composites-opti-1024x181.jpg 1024w, https:\/\/obera.fr\/wp-content\/uploads\/2026\/03\/materiaux-composites-opti-300x53.jpg 300w, https:\/\/obera.fr\/wp-content\/uploads\/2026\/03\/materiaux-composites-opti-768x136.jpg 768w, https:\/\/obera.fr\/wp-content\/uploads\/2026\/03\/materiaux-composites-opti-1536x272.jpg 1536w, https:\/\/obera.fr\/wp-content\/uploads\/2026\/03\/materiaux-composites-opti.jpg 1980w\" sizes=\"(max-width: 1024px) 100vw, 1024px\" \/><\/a><\/div><a class=\"wp-block-latest-posts__post-title\" href=\"https:\/\/obera.fr\/sl\/kompozitni-materiali\/hlapi-epoksidne-smole-v-industriji-kompozitov\/\">Hlapi epoksidne smole v industriji kompozitov<\/a><div class=\"wp-block-latest-posts__post-excerpt\">Epoksidne smole se \u0161iroko uporabljajo pri izdelavi kompozitov z visoko mehansko zmogljivostjo.<\/div><\/li>\n<\/ul>","protected":false},"excerpt":{"rendered":"<p>Medtem ko \u010dakate, da prejmete svoje naro\u010dilo, lahko preberete najnovej\u0161e objave na blogu<\/p>\n","protected":false},"author":4,"featured_media":0,"parent":0,"menu_order":0,"comment_status":"closed","ping_status":"closed","template":"","meta":{"_acf_changed":false,"_seopress_robots_primary_cat":"","_seopress_titles_title":"","_seopress_titles_desc":"","_seopress_robots_index":"da","footnotes":""},"class_list":{"0":"post-62061","1":"page","2":"type-page","3":"status-publish","5":"no-featured-image-padding"},"acf":[],"_links":{"self":[{"href":"https:\/\/obera.fr\/sl\/wp-json\/wp\/v2\/pages\/62061","targetHints":{"allow":["GET"]}}],"collection":[{"href":"https:\/\/obera.fr\/sl\/wp-json\/wp\/v2\/pages"}],"about":[{"href":"https:\/\/obera.fr\/sl\/wp-json\/wp\/v2\/types\/page"}],"author":[{"embeddable":true,"href":"https:\/\/obera.fr\/sl\/wp-json\/wp\/v2\/users\/4"}],"replies":[{"embeddable":true,"href":"https:\/\/obera.fr\/sl\/wp-json\/wp\/v2\/comments?post=62061"}],"version-history":[{"count":1,"href":"https:\/\/obera.fr\/sl\/wp-json\/wp\/v2\/pages\/62061\/revisions"}],"predecessor-version":[{"id":62063,"href":"https:\/\/obera.fr\/sl\/wp-json\/wp\/v2\/pages\/62061\/revisions\/62063"}],"wp:attachment":[{"href":"https:\/\/obera.fr\/sl\/wp-json\/wp\/v2\/media?parent=62061"}],"curies":[{"name":"wp","href":"https:\/\/api.w.org\/{rel}","templated":true}]}}