{"id":63999,"date":"2020-05-01T17:28:48","date_gmt":"2020-05-01T15:28:48","guid":{"rendered":"https:\/\/obera.fr\/mentions-legales\/"},"modified":"2026-03-04T11:53:15","modified_gmt":"2026-03-04T09:53:15","slug":"mentions-legales","status":"publish","type":"page","link":"https:\/\/obera.fr\/sl\/mentions-legales\/","title":{"rendered":"Pravne informacije"},"content":{"rendered":"\n<h2 class=\"wp-block-heading\" id=\"l-annonceur\">Ogla\u0161evalec<\/h2>\n\n<p>To spletno mesto objavlja in vam ga posreduje dru\u017eba oberA s kapitalom 20.000 EUR, s sede\u017eem na naslovu 4 Rue Denis Papin 67400 Illkirch-Graffenstaden, pod \u0161tevilko SIRET 832 913 487 00027, koda NAF 4674B.<\/p>\n\n<p>Namen spletnega mesta je, da vam zagotovi informacije o ogla\u0161evalcu in povezave do razli\u010dnih spletnih mest. Spletno mesto je last ogla\u0161evalca.<\/p>\n\n<p>To spletno mesto gosti ime gostitelja: o2switch SAS s kapitalom 100.000 EUR, naslov: Chemin des Pardiaux, 63000 Clermont-Ferrand, SIRET: 510 909 807 00032 RCS Clermont Ferrand<\/p>\n\n<h2 class=\"wp-block-heading\" id=\"respect-des-droits-de-propriete-et-marques\">Spo\u0161tovanje lastninskih pravic in blagovnih znamk<\/h2>\n\n<p>Vsi elementi, ki jih vidite, poslu\u0161ate ali berete na spletnem mestu, ter samo spletno mesto so za\u0161\u010diteni z zakonodajo o avtorskih pravicah. V nobenem primeru ne smete uporabljati, distribuirati, kopirati, reproducirati, spreminjati, izkrivljati ali prena\u0161ati spletnega mesta ali elementov spletnega mesta, kot so besedila, slike ali zvoki, brez predhodnega pisnega dovoljenja ogla\u0161evalca. Blagovne znamke in logotipi, prikazani na spletnem mestu, so last ogla\u0161evalca ali se uporabljajo z dovoljenjem. Nobena pravica ali licenca se ne sme dodeliti za katerega koli od teh elementov brez pisnega dovoljenja ogla\u0161evalca ali tretje osebe, imetnika pravic do blagovne znamke ali logotipa, prikazanega na spletnem mestu. Ogla\u0161evalec si pridr\u017euje pravico, da preganja vsako kr\u0161itev svojih pravic intelektualne lastnine, vklju\u010dno s kazenskim postopkom.<\/p>\n\n<h2 class=\"wp-block-heading\" id=\"respect-des-images\">Spo\u0161tovanje slik<\/h2>\n\n<p>Slike ali fotografije oseb ali krajev, prikazane na spletnem mestu, so last ogla\u0161evalca in\/ali jih ogla\u0161evalec uporablja z dovoljenjem imetnikov pravic. Uporaba teh slik ali fotografij je prepovedana brez posebnega in izrecnega dovoljenja ogla\u0161evalca. Vsaka nepoobla\u0161\u010dena uporaba lahko povzro\u010di kr\u0161itev avtorskih pravic, pravic do podobe, osebnih pravic ali katere koli druge veljavne zakonodaje, ki se nana\u0161a na komunikacije ali ogla\u0161evanje.<\/p>\n\n<h3 class=\"wp-block-heading\">Krediti<\/h3>\n\n<ul class=\"wp-block-list\">\n<li>Oblikovanje doma\u010de strani s strani <a href=\"https:\/\/pleaseagency.com\/\" data-type=\"link\" data-id=\"https:\/\/pleaseagency.com\/\">PLEASE CREATIVE AGENCY <\/a> <\/li>\n<\/ul>\n\n<h2 class=\"wp-block-heading\" id=\"mise-en-garde-generale\">Splo\u0161no opozorilo<\/h2>\n\n<p>Ogla\u0161evalec ne odgovarja za \u0161kodo, ki bi lahko nastala zaradi dostopa ali uporabe spletnega mesta, vklju\u010dno z morebitnimi po\u0161kodbami ali virusi, ki bi lahko oku\u017eili va\u0161o ra\u010dunalni\u0161ko opremo ali katero koli drugo premo\u017eenje. \u010ceprav si ogla\u0161evalec razumno prizadeva posodabljati natan\u010dne informacije, objavljene na spletnem mestu, ogla\u0161evalec ne odgovarja za morebitne napake ali opustitve.<\/p>\n\n<h2 class=\"wp-block-heading\" id=\"exclusion-de-responsabilite-et-indemnisation\">Izklju\u010ditev odgovornosti in od\u0161kodnine<\/h2>\n\n<p>Ogla\u0161evalec ali katera koli druga stranka, ki sodeluje v zvezi s spletnim mestom, ne odgovarja za neposredno, posredno ali drugo \u0161kodo, ki bi lahko nastala zaradi dostopa ali uporabe spletnega mesta ali informacij, ki so na njem. Ogla\u0161evalca in njegove podru\u017enice ter njegove direktorje, vodstvene delavce, zaposlene, predstavnike, imetnike licenc ali kogar koli, ki sodeluje pri ustvarjanju, proizvodnji in distribuciji spletnega mesta, boste od\u0161kodovali, branili in varovali pred vsemi zahtevki, odgovornostmi, stro\u0161ki in izdatki, ki izhajajo iz va\u0161e kr\u0161itve teh pogojev uporabe ali so povezani z va\u0161o uporabo spletnega mesta.<\/p>\n\n<h2 class=\"wp-block-heading\" id=\"informations-personnelles\">Osebni podatki<\/h2>\n\n<p>Osebni podatki so opredeljeni kot &#8220;podatki, ki v kakr\u0161ni koli obliki neposredno ali posredno omogo\u010dajo identifikacijo fizi\u010dnih oseb, na katere se nana\u0161ajo&#8221; (izvle\u010dek iz \u010dlena 4 zakona \u0161t. 78-17 z dne 6. januarja 1978).<\/p>\n\n<p>Na primer :<\/p>\n\n<ul class=\"wp-block-list\">\n<li>ime,<\/li>\n\n\n\n<li>po\u0161tni naslov,<\/li>\n\n\n\n<li>telefonsko \u0161tevilko,<\/li>\n\n\n\n<li>e-po\u0161tni naslov.<\/li>\n<\/ul>\n\n<p>Pi\u0161kotki se uporabljajo za samodejno konfiguracijo spletnega mesta ob prijavi in za predhodno izbiro informacij.<\/p>\n\n<p>To pomeni, da je konfiguracija spletnega mesta povezana z va\u0161im ra\u010dunalnikom, tako da je spletno mesto enako konfigurirano za vse, ki uporabljajo va\u0161 ra\u010dunalnik.<\/p>\n\n<h2 class=\"wp-block-heading\" id=\"utilisation-de-vos-donnees-personnelles-communication-a-des-tiers\">Uporaba va\u0161ih osebnih podatkov &#8211; Razkritje tretjim osebam<\/h2>\n\n<p>Z uporabo tega spletnega mesta sogla\u0161ate z uporabo va\u0161ih osebnih podatkov, ki ste jih posredovali ali so zbrani z delovanjem spletnega mesta. Ti podatki so potrebni za po\u0161iljanje novic in omogo\u010danje kori\u0161\u010denja dolo\u010denih storitev, ki jih ponuja to spletno mesto.<\/p>\n\n<p>V skladu z zakonom z dne 6. januarja 1978 imate pravico do dostopa, popravka ali ugovora glede zbranih osebnih podatkov, ki se nana\u0161ajo na vas. Te pravice lahko uveljavljate tako, da nam po\u0161ljete e-po\u0161to ali pismo, naslovljeno na ogla\u0161evalca.<\/p>\n\n<p>Obve\u0161\u010damo vas, da samodejno zbiramo informacije o straneh spletnega mesta, ki vas najbolj zanimajo, da bi na podlagi teh informacij izdelali analize in statistike za bolj\u0161e poznavanje va\u0161ih \u017eelja in interesov. Tako vam bomo lahko, ob upo\u0161tevanju naslednjega, po\u0161iljali ciljane informacije glede na va\u0161e interese. V ta namen lahko uporabljamo pi\u0161kotke.<\/p>\n\n<p>Z izjemo va\u0161ega e-po\u0161tnega naslova lahko tako zbrane osebne podatke posredujemo vsem tretjim osebam po na\u0161i izbiri, kot so na\u0161i ponudniki storitev ali dobavitelji, ki sodelujejo pri zagotavljanju ponujenih storitev. Posredovanje teh informacij tem dobaviteljem in ponudnikom storitev je lahko potrebno za izvedbo storitev. Posredovanju va\u0161ih podatkov tretjim osebam lahko izrecno ugovarjate po e-po\u0161ti in\/ali po\u0161ti, naslovljeni na ogla\u0161evalca.<\/p>\n\n<h2 class=\"wp-block-heading\" id=\"concernant-votre-adresse-e-mail\">Glede va\u0161ega e-po\u0161tnega naslova<\/h2>\n\n<p>Z posredovanjem va\u0161ega e-po\u0161tnega naslova si ogla\u0161evalec pridr\u017euje mo\u017enost, da vam po e-po\u0161ti po\u0161ilja novice in vse informacije o na\u0161ih izdelkih in storitvah. \u010ce ne \u017eelite prejemati tak\u0161nih sporo\u010dil, se lahko kadar koli odjavite s klikom na povezavo, ki je v ta namen na voljo pri vsakem po\u0161iljanju novic.<\/p>\n\n<p>Poleg tega lahko va\u0161 e-po\u0161tni naslov posredujemo tretjim osebam, ki vam lahko po e-po\u0161ti po\u0161iljajo neza\u017eelena sporo\u010dila, ki bi vas lahko zanimala. Kadar koli nas lahko kontaktirate, zlasti po e-po\u0161ti, da zahtevate prekinitev tak\u0161nega posredovanja va\u0161ega e-po\u0161tnega naslova.<\/p>\n\n<p>V skladu s francosko zakonodajo lahko ogla\u0161evalec te podatke razkrije kateri koli fizi\u010dni osebi, pravni osebi ali upravnemu organu, ki jih lahko zahteva.<\/p>\n\n<p>Nazadnje, ogla\u0161evalec na podlagi uporabni\u0161kih podatkov (osebnih ali neosebnih informacij) ustvarja statisti\u010dne analize za lastne potrebe. Ker so ti podatki, ki izhajajo iz teh analiz, zdru\u017eeni in torej popolnoma anonimni, si ogla\u0161evalec pridr\u017euje pravico, da jih morebiti odstopi ali proda tretjim osebam.<\/p>\n\n<h2 class=\"wp-block-heading\" id=\"abonnement-a-la-newsletter-l-annonceur\">Naro\u010dnina na ogla\u0161eval\u010deve novice<\/h2>\n\n<p>Na spletnem mestu se lahko naro\u010dite na ogla\u0161eval\u010devo glasilo.<\/p>\n\n<p>To glasilo je namenjeno obve\u0161\u010danju o storitvah in novih izdelkih ogla\u0161evalca.<\/p>\n\n<p>Zadevno spletno mesto lahko kadar koli po elektronski po\u0161ti obvestite, da ne \u017eelite biti ve\u010d naro\u010deni na novice, tako da kliknete na &#8220;Odjava&#8221; ali katero koli drugo podobno oznako.<\/p>\n\n<p>Pogoji uporabe va\u0161ih osebnih podatkov bodo tisti, ki veljajo za zadevno spletno mesto. Zato vas prosimo, da se seznanite s temi pogoji, ki so navedeni na zadevnem spletnem mestu.<\/p>\n\n<h2 class=\"wp-block-heading\" id=\"liens-externes\">Zunanje povezave<\/h2>\n\n<p>Ogla\u0161evalec ponuja povezave s svojega spletnega mesta do drugih povezanih in nepovezanih spletnih mest. Ta spletna mesta so neodvisna od spletnega mesta. Ogla\u0161evalec ne ureja in ne nadzoruje teh spletnih mest. Povezave do vseh spletnih mest v nobenem primeru ne predstavljajo odobritve ali partnerstva med ogla\u0161evalcem in temi spletnimi mesti. Zato ogla\u0161evalec ne odgovarja za njihovo vsebino, izdelke, oglase ali katere koli elemente ali storitve, predstavljene na teh spletnih mestih. Opominjamo vas, da za povezana in nepovezana spletna mesta veljajo lastni pogoji uporabe in politike varovanja zasebnosti.<\/p>\n\n<h2 class=\"wp-block-heading\" id=\"droit-applicable\">Veljavno pravo<\/h2>\n\n<p>To spletno mesto ureja francoska zakonodaja.<\/p>\n\n<h2 class=\"wp-block-heading\" id=\"modification-des-conditions\">Sprememba pogojev<\/h2>\n\n<p>Ogla\u0161evalec si pridr\u017euje pravico, da kadar koli in brez predhodnega obvestila spremeni ali na splo\u0161no posodobi te splo\u0161ne pogoje. Zato vas vabimo, da jih redno pregledujete.<\/p>\n\n<h2 class=\"wp-block-heading\" id=\"comment-nous-contacter-si-vous-avez-des-questions-sur-cette-charte\">Kako nas lahko kontaktirate, \u010de imate vpra\u0161anja o tej listini?<\/h2>\n\n<p>Ker je namen te listine za\u0161\u010dititi va\u0161o zasebnost, vam bomo hvale\u017eni, \u010de nam sporo\u010dite svoje \u017eelje in pripombe.<\/p>\n\n<p>\u010ce menite, da va\u0161i podatki med va\u0161im obiskom tega spletnega mesta niso bili obdelani v skladu z va\u0161imi \u017eeljami, vas prosimo, da nas o tem obvestite. Odgovorili vam bomo v najkraj\u0161em mo\u017enem \u010dasu.<\/p>\n\n<p>\u010ce v prihodnosti ne \u017eelite, da vas kontaktiramo po obisku tega spletnega mesta, ali \u010de \u017eelite preveriti, popraviti ali posodobiti imenske podatke, ki ste nam jih sporo\u010dili, <a href=\"https:\/\/obera.fr\/sl\/contact\/\" data-type=\"page\" data-id=\"124\">nam pi\u0161ite<\/a>.<\/p>\n\n<p>Nazadnje spremenjeno 24. aprila 2017.<\/p>\n","protected":false},"excerpt":{"rendered":"<p>Ogla\u0161evalec To spletno mesto objavlja in vam ga posreduje dru\u017eba oberA s kapitalom 20.000 EUR, s sede\u017eem na naslovu 4 Rue Denis Papin 67400 Illkirch-Graffenstaden, pod \u0161tevilko SIRET 832 913 487 00027, koda NAF 4674B. Namen spletnega mesta je, da vam zagotovi informacije o ogla\u0161evalcu in povezave do razli\u010dnih spletnih mest. Spletno mesto je last ogla\u0161evalca. To spletno mesto gosti ime gostitelja: o2switch SAS s kapitalom 100.000 EUR, naslov: Chemin des Pardiaux, 63000 Clermont-Ferrand, SIRET: 510 909 807 00032 RCS Clermont Ferrand Spo\u0161tovanje lastninskih pravic in blagovnih znamk Vsi elementi, ki jih vidite, poslu\u0161ate ali berete na spletnem mestu, ter &#8230; <\/p>\n<p class=\"read-more-container\"><a title=\"Pravne informacije\" class=\"read-more button\" href=\"https:\/\/obera.fr\/sl\/mentions-legales\/#more-63999\" aria-label=\"Read more about Pravne informacije\">Lire la suite<\/a><\/p>\n","protected":false},"author":4,"featured_media":103629,"parent":0,"menu_order":0,"comment_status":"closed","ping_status":"closed","template":"","meta":{"_acf_changed":false,"_seopress_robots_primary_cat":"","_seopress_titles_title":"Mentions l\u00e9gales oberA.fr","_seopress_titles_desc":"Ce site est \u00e9dit\u00e9 et vous est propos\u00e9 par oberA, au capital de 20 000 \u20ac sous le num\u00e9ro SIRET 832 913 487 00019, code NAF 282514.","_seopress_robots_index":"yes","footnotes":""},"class_list":{"0":"post-63999","1":"page","2":"type-page","3":"status-publish","4":"has-post-thumbnail","6":"no-featured-image-padding","7":"resize-featured-image"},"acf":[],"_links":{"self":[{"href":"https:\/\/obera.fr\/sl\/wp-json\/wp\/v2\/pages\/63999","targetHints":{"allow":["GET"]}}],"collection":[{"href":"https:\/\/obera.fr\/sl\/wp-json\/wp\/v2\/pages"}],"about":[{"href":"https:\/\/obera.fr\/sl\/wp-json\/wp\/v2\/types\/page"}],"author":[{"embeddable":true,"href":"https:\/\/obera.fr\/sl\/wp-json\/wp\/v2\/users\/4"}],"replies":[{"embeddable":true,"href":"https:\/\/obera.fr\/sl\/wp-json\/wp\/v2\/comments?post=63999"}],"version-history":[{"count":6,"href":"https:\/\/obera.fr\/sl\/wp-json\/wp\/v2\/pages\/63999\/revisions"}],"predecessor-version":[{"id":141181,"href":"https:\/\/obera.fr\/sl\/wp-json\/wp\/v2\/pages\/63999\/revisions\/141181"}],"wp:featuredmedia":[{"embeddable":true,"href":"https:\/\/obera.fr\/sl\/wp-json\/wp\/v2\/media\/103629"}],"wp:attachment":[{"href":"https:\/\/obera.fr\/sl\/wp-json\/wp\/v2\/media?parent=63999"}],"curies":[{"name":"wp","href":"https:\/\/api.w.org\/{rel}","templated":true}]}}