{"id":67257,"date":"2025-01-17T11:13:01","date_gmt":"2025-01-17T09:13:01","guid":{"rendered":"https:\/\/obera.fr\/produits\/depoussiereurs-industriels\/svetloba-prahu\/"},"modified":"2025-07-11T11:17:55","modified_gmt":"2025-07-11T09:17:55","slug":"svetloba-prahu","status":"publish","type":"page","link":"https:\/\/obera.fr\/sl\/produits\/depoussiereurs-industriels\/svetloba-prahu\/","title":{"rendered":"Prevzemite nadzor nad svojim delovnim okoljem z napravo Dustlight"},"content":{"rendered":"\n<div class=\"wp-block-columns is-layout-flex wp-container-core-columns-is-layout-28f84493 wp-block-columns-is-layout-flex\">\n<div class=\"wp-block-column is-layout-flow wp-block-column-is-layout-flow\">\n<div class=\"wp-block-media-text has-media-on-the-right is-stacked-on-mobile\" style=\"grid-template-columns:auto 33%\"><div class=\"wp-block-media-text__content\">\n<p>Podjetje OberA s ponosom predstavlja <strong>Dustlight<\/strong>, inovativni ro\u010dni analizator, zasnovan za natan\u010dno zaznavanje in analizo drobnega prahu.  <\/p>\n\n\n\n<p>Ta naprava je kompaktna, zanesljiva in enostavna za uporabo, zato je idealno orodje za strokovnjake in industrijske delavce, ki \u017eelijo spremljati kakovost zraka in prepoznati suspendirane delce.<\/p>\n<\/div><figure class=\"wp-block-media-text__media\"><img decoding=\"async\" src=\"https:\/\/lh7-rt.googleusercontent.com\/docsz\/AD_4nXePsRD5Y4gAIBhHibguQOn0U6fgzh-p6iUVppCy2PUUWG4S_QIvoTfNJeagK6httptlC4XtT9kmxghV9258tIgq2J0QFwvU7BowEB_Xe_4_rgzVdEW0mM97dpA7WZj9dGkQUsTtMadi1obMqCXsxII?key=QO8r7RmlolM9MhCfcv5-73XE\" alt=\"Prepre\u010devanje tveganj, povezanih s prahom | Travail-emploi.gouv.fr | Minist\u00e8re du Travail, de la Sant\u00e9, des Solidarit\u00e9s et des Familles\"\/><\/figure><\/div>\n\n\n\n<div style=\"height:41px\" aria-hidden=\"true\" class=\"wp-block-spacer\"><\/div>\n\n\n\n<div class=\"wp-block-buttons is-content-justification-center is-layout-flex wp-container-core-buttons-is-layout-a89b3969 wp-block-buttons-is-layout-flex\">\n<div class=\"wp-block-button\"><a class=\"wp-block-button__link has-text-align-center wp-element-button\" href=\"https:\/\/obera.fr\/formulaire-dustlight\/\">BREZPLA\u010cNI 20-DNEVNI TEST<\/a><\/div>\n<\/div>\n<\/div>\n<\/div>\n\n<p><\/p>\n\n<p><\/p>\n\n<h2 class=\"wp-block-heading\">Za\u0161\u010ditite se pred nevidno nevarnostjo vdihljivega prahu na delovnem mestu<\/h2>\n\n<figure class=\"wp-block-image aligncenter is-resized\"><img decoding=\"async\" src=\"https:\/\/lh7-rt.googleusercontent.com\/docsz\/AD_4nXcOS0Hfg67TC29tD0YKTlwhEbY82uCB9DoKqHN4byLMiiWnWb6_cUR2kTh4CxjF9WQI7qzrJx1chS1E8L9qU3zGeBgcCaStWF9a7mYnCr73_ylzp9tDc1LItbkRpO8_Eg6aBoXNFQRLSfcDQnw1RmM?key=QO8r7RmlolM9MhCfcv5-73XE\" alt=\"Slika z besedilom, Elektronske naprave, Elektronske naprave, Slika zaslona&#10;&#10;Samodejno ustvarjen opis\" style=\"width:617px;height:auto\"\/><figcaption class=\"wp-element-caption\"><strong>Prenosni analizator finega prahu<\/strong><\/figcaption><\/figure>\n\n<p>Z merilno napravo Dustlight natan\u010dno izmerite koncentracijo prahu  <\/p>\n\n<p>v industrijskih okoljih ter za\u0161\u010ditite svoje zdravje in zdravje zaposlenih.<\/p>\n\n<p><\/p>\n\n<p>Vdihljiv fini prah lahko povzro\u010di resne zdravstvene te\u017eave, kot so bolezni dihal, te\u017eave s srcem in o\u017eiljem ter rak.<\/p>\n\n<p><\/p>\n\n<p>Z napravo <strong>Dustlight<\/strong> lahko ta tveganja u\u010dinkovito zmanj\u0161ate z merjenjem izpostavljenosti prahu in ustreznimi za\u0161\u010ditnimi ukrepi.<\/p>\n\n<p><\/p>\n\n<p><strong>Dustlight<\/strong> meri izpostavljenost prahu vsako sekundo.  <\/p>\n\n<p>Vrednosti si lahko ogledate v pametnem telefonu in spletni aplikaciji ter jih prenesete kot poro\u010dilo.  <\/p>\n\n<p><\/p>\n\n<h2 class=\"wp-block-heading\">Ustvarite varno delovno okolje in vlagajte v zdravje svojih zaposlenih z merilnikom prahu Dustlight.<\/h2>\n\n<p><\/p>\n\n<p><strong>Samo vklopite ga in delajte popolnoma varno!<\/strong><\/p>\n\n<p><\/p>\n\n<ul class=\"wp-block-list\">\n<li><strong>Mapiranje in spremljanje koncentracij prahu v realnem \u010dasu<\/strong>: <strong>PM10, PM2,5 in PM1 <\/strong> <\/li>\n\n\n\n<li><strong>hitro opozorite ljudi, da morajo nositi za\u0161\u010dito dihal.<\/strong><\/li>\n\n\n\n<li><strong>Opaznost tveganja izpostavljenosti nevarnim prahom (CMR)<\/strong><\/li>\n\n\n\n<li><strong>ugotavljanje virov onesna\u017eevanja in njihovo prepoznavanje, da bi jih bilo mogo\u010de u\u010dinkoviteje obravnavati.<\/strong><\/li>\n\n\n\n<li><strong>Za\u0161\u010dita delavcev v tovarnah in na gradbi\u0161\u010dih<\/strong><\/li>\n\n\n\n<li><strong>Prepoznavanje vdihljivega prahu<\/strong><\/li>\n\n\n\n<li><strong>Pri\u010dakovanje regulativnih ukrepov<\/strong><\/li>\n\n\n\n<li><strong>Potrditev izvedene re\u0161itve<\/strong><\/li>\n<\/ul>\n\n<div class=\"wp-block-media-text has-media-on-the-right is-stacked-on-mobile\" style=\"grid-template-columns:auto 20%\"><div class=\"wp-block-media-text__content\">\n<p class=\"has-text-align-center\"><strong>Inovativna re\u0161itev  <\/strong><\/p>\n\n\n\n<p class=\"has-text-align-center\"><strong>Pomaga prepoznati kriti\u010dne situacije v realnem \u010dasu,<\/strong> <strong>pomaga za\u0161\u010dititi<\/strong> <strong>zdravje delavcev: PREVENTIVA <\/strong> <\/p>\n<\/div><figure class=\"wp-block-media-text__media\"><img decoding=\"async\" src=\"https:\/\/lh7-rt.googleusercontent.com\/docsz\/AD_4nXeMFP13jbj-PgQg3zsXKleNzM21nevJo4ZMdadvv0-GNt5HN84xZQB6mAnWebn-wFPR-rT_1JpVNez2htbLY9d4Ve75JkuKUHIqs0fLQs9OeMiTljWOFxzfyO-fptezwx-JAYi4g5NCkfxQYE6Rrw?key=QO8r7RmlolM9MhCfcv5-73XE\" alt=\"Klikni hitro - prsni trak\"\/><\/figure><\/div>\n\n<h3 class=\"wp-block-heading\">Enostavno, zanesljivo in robustno<\/h3>\n\n<p>Takoj\u0161nje zaznavanje: zelo u\u010dinkovito in natan\u010dno merjenje.<\/p>\n\n<p>Hitra ocena obremenitve s prahom z barvnim prikazom in zvo\u010dnim opozorilom.<\/p>\n\n<p>Sistem semaforja, ki hitro in jasno poka\u017ee, kdaj so mejne vrednosti prese\u017eene, tako da lahko takoj ukrepate.<\/p>\n\n<h3 class=\"wp-block-heading\">Podro\u010dja uporabe<\/h3>\n\n<ul class=\"wp-block-list\">\n<li>Lesna industrija: poseben algoritem za merjenje prahu trdega in mehkega lesa<\/li>\n\n\n\n<li>Varjenje: spremljanje varilnega dima in kovinskega prahu.<\/li>\n\n\n\n<li>Merjenje je primerno za snovi, kot so silicijev dioksid in prah.<\/li>\n\n\n\n<li>\u017divilska industrija<\/li>\n\n\n\n<li>Konfiguracija za posebne aplikacije<\/li>\n<\/ul>\n\n<h3 class=\"wp-block-heading\">Tehnologija in inovacije<\/h3>\n\n<ul class=\"wp-block-list\">\n<li>Laserski fotometri\u010dni senzor<\/li>\n\n\n\n<li>Hitro in natan\u010dno zaznavanje delcev<\/li>\n\n\n\n<li>Za\u0161\u010dita senzorja<\/li>\n\n\n\n<li>Filtriran zra\u010dni tok in sistem samodejnega \u010di\u0161\u010denja za dalj\u0161o \u017eivljenjsko dobo.<\/li>\n<\/ul>\n\n<h3 class=\"wp-block-heading\">Preizku\u0161eno in odobreno<\/h3>\n\n<p>Potrdil In\u0161titut za raziskave nevarnih snovi (IGF)  <\/p>\n\n<p><\/p>\n\n<figure class=\"wp-block-image aligncenter is-resized\"><img decoding=\"async\" src=\"https:\/\/lh7-rt.googleusercontent.com\/docsz\/AD_4nXdpqfRaq3oGk9dAXgZ7x3rjs5SzASfAHYKydUkBgvmnTjZ5JgpSdlKbZKnVxPfWPOjTUifc5SLMAcyDv4ciV6yYT5AQcLkpX61KeDgoaoVP7TC-bwCWL_w0JA6woMYYZDAlgg7ewWyzWQmlIVx4LA?key=QO8r7RmlolM9MhCfcv5-73XE\" alt=\"Dustlight vdihljiv prah Merilna naprava za spremljanje kakovosti zraka na delovnem mestu, robustna in prenosna za industrijsko uporabo. Zelena dioda LED ozna&#x10D;uje izpostavljenost prahu pod mejno vrednostjo. \" style=\"width:458px;height:auto\"\/><\/figure>\n\n<h2 class=\"wp-block-heading\">Klju\u010dne zna\u010dilnosti<\/h2>\n\n<h3 class=\"wp-block-heading\">Natan\u010dne meritve<\/h3>\n\n<p>Spremljanje prahu PM10, PM2,5 in PM1 z lo\u010dljivostjo 1 \u00b5g\/m\u00b3.<\/p>\n\n<h3 class=\"wp-block-heading\">Sistem vizualnega opozarjanja  <\/h3>\n\n<ul class=\"wp-block-list\">\n<li>Prikaz LED in svetlobni signal (zelena, rumena, rde\u010da) glede na mejne vrednosti<\/li>\n\n\n\n<li>TRGS 900 (enakovredno VLEP v Nem\u010diji)<\/li>\n\n\n\n<li>Prikaz trenutne obremenitve z vdihanim prahom<\/li>\n\n\n\n<li>\u017divljenjska doba baterije do 40 ur (na\u010din eko) + stanje napolnjenosti<\/li>\n<\/ul>\n\n<h3 class=\"wp-block-heading\">Zanesljivost<\/h3>\n\n<ul class=\"wp-block-list\">\n<li>Napredna oprema za za\u0161\u010dito pred prahom  <\/li>\n\n\n\n<li>za najdalj\u0161o \u017eivljenjsko dobo (predfiltri, filtriran zrak, samo\u010di\u0161\u010denje)<\/li>\n\n\n\n<li>Patentiran sistem za\u0161\u010dite za trajno \u010diste senzorje<\/li>\n\n\n\n<li>Polnilna vti\u010dnica, odporna na prah<\/li>\n<\/ul>\n\n<h3 class=\"wp-block-heading\">Modularna monta\u017ea<\/h3>\n\n<ul class=\"wp-block-list\">\n<li>Patentiran prilagodljiv sistem Klick-Fast (sponka, trak Velcro, obli\u017e)<\/li>\n<\/ul>\n\n<h3 class=\"wp-block-heading\">Tehni\u010dni podatki<\/h3>\n\n<ul class=\"wp-block-list\">\n<li>Dimenzije: 69 x 69 x 32,5 mm (brez sponke)<\/li>\n\n\n\n<li>Te\u017ea: 149 g<\/li>\n\n\n\n<li>Baterija: litij-ionska, a<\/li>\n\n\n\n<li>Stopnja za\u0161\u010dite: IP4X<\/li>\n\n\n\n<li>Delovna temperatura : -10 do +50 \u00b0C<\/li>\n\n\n\n<li>Merilno obmo\u010dje: 0-10.000 \u00b5g\/m\u00b3.<\/li>\n\n\n\n<li>Povezane storitve<\/li>\n\n\n\n<li>Posebne konfiguracije: prilagoditev za posebna okolja  <\/li>\n\n\n\n<li>(npr. les, varjenje).<\/li>\n\n\n\n<li>Vzdr\u017eevanje: Letni servis, ki vklju\u010duje \u010di\u0161\u010denje, ponovno umerjanje in posodobitve programske opreme.<\/li>\n<\/ul>\n\n<h2 class=\"wp-block-heading\">Dustlight je zdaj na voljo prek nove spletne aplikacije in aplikacije za pametne telefone.  <\/h2>\n\n<ul class=\"wp-block-list\">\n<li>Najsodobnej\u0161a merilna tehnologija, ki bele\u017ei ravni prahu na sekundo natan\u010dno.  <\/li>\n\n\n\n<li>Integrirani opozorilni sistem za pomo\u010d pri izpolnjevanju standardov kakovosti zraka<\/li>\n\n\n\n<li>Individualno prilagajanje mejnih vrednosti v aplikaciji in spletni aplikaciji<\/li>\n\n\n\n<li>Zvo\u010dna in barvna opozorila, ko so prese\u017eene mejne vrednosti, ki ste jih sami dolo\u010dili, tako da lahko odlo\u010ditve sprejmete \u017ee v zgodnji fazi.<\/li>\n\n\n\n<li>Napredno poro\u010danje in analiza podatkov &#8211; neposredno prenesite poro\u010dila o oceni tveganja &#8211; pomembna podpora za poro\u010danje ESG.\n<ul class=\"wp-block-list\">\n<li>format CSV ali PDF<\/li>\n<\/ul>\n<\/li>\n<\/ul>\n\n<figure class=\"wp-block-image aligncenter is-resized\"><img decoding=\"async\" src=\"https:\/\/lh7-rt.googleusercontent.com\/docsz\/AD_4nXfpUeAu-RQ97rEMo0ogKOvI3id8fXZbwSMJwAgs-GtmaJ_Q5nyjpb40R12sTCs5kSWbL5tB4dLEl37jMKzpdX0-E-_fW3yQnN7Lb1c_7lYFSPlGmw0UjR5Ubi1ZHw8JTmPjIJIIkzYCGP9bS9qSE6Y?key=QO8r7RmlolM9MhCfcv5-73XE\" alt=\"Slika, ki vsebuje besedilo, ve&#x10D;predstavnost, elektronske naprave, programsko opremo&#10;&#10;Opis, ki se ustvari samodejno\" style=\"width:800px;height:auto\"\/><\/figure>\n\n<p class=\"has-text-align-center\"><strong>Dustlight lahko naro\u010dite \u0161e danes  <\/strong><\/p>\n\n<p class=\"has-text-align-center\"><strong>in zagotovite varnej\u0161e delovno okolje!<\/strong><\/p>\n\n<div class=\"wp-block-buttons is-content-justification-center is-layout-flex wp-container-core-buttons-is-layout-a89b3969 wp-block-buttons-is-layout-flex\">\n<div class=\"wp-block-button\"><a class=\"wp-block-button__link has-text-align-center wp-element-button\" href=\"https:\/\/obera.fr\/formulaire-dustlight\/\">BREZPLA\u010cNI 20-DNEVNI TEST<\/a><\/div>\n<\/div>\n","protected":false},"excerpt":{"rendered":"<p>Podjetje OberA s ponosom predstavlja Dustlight, inovativni ro\u010dni analizator, zasnovan za natan\u010dno zaznavanje in analizo drobnega prahu. Ta naprava je kompaktna, zanesljiva in enostavna za uporabo, zato je idealno orodje za strokovnjake in industrijske delavce, ki \u017eelijo spremljati kakovost zraka in prepoznati suspendirane delce. Za\u0161\u010ditite se pred nevidno nevarnostjo vdihljivega prahu na delovnem mestu Z merilno napravo Dustlight natan\u010dno izmerite koncentracijo prahu v industrijskih okoljih ter za\u0161\u010ditite svoje zdravje in zdravje zaposlenih. Vdihljiv fini prah lahko povzro\u010di resne zdravstvene te\u017eave, kot so bolezni dihal, te\u017eave s srcem in o\u017eiljem ter rak. Z napravo Dustlight lahko ta tveganja u\u010dinkovito zmanj\u0161ate z &#8230; <\/p>\n<p class=\"read-more-container\"><a title=\"Prevzemite nadzor nad svojim delovnim okoljem z napravo Dustlight\" class=\"read-more button\" href=\"https:\/\/obera.fr\/sl\/produits\/depoussiereurs-industriels\/svetloba-prahu\/#more-67257\" aria-label=\"Read more about Prevzemite nadzor nad svojim delovnim okoljem z napravo Dustlight\">Lire la suite<\/a><\/p>\n","protected":false},"author":4,"featured_media":103629,"parent":45635,"menu_order":0,"comment_status":"closed","ping_status":"closed","template":"","meta":{"_acf_changed":false,"_seopress_robots_primary_cat":"","_seopress_titles_title":"Prevzemite nadzor nad svojim delovnim okoljem z napravo Dustlight","_seopress_titles_desc":"Odkrijte OberA-jev Dustlight, natan\u010den in kompakten prenosni analizator za zaznavanje drobnega prahu. Idealen za spremljanje kakovosti zraka. ","_seopress_robots_index":"","footnotes":""},"class_list":{"0":"post-67257","1":"page","2":"type-page","3":"status-publish","4":"has-post-thumbnail","6":"no-featured-image-padding","7":"resize-featured-image"},"acf":[],"_links":{"self":[{"href":"https:\/\/obera.fr\/sl\/wp-json\/wp\/v2\/pages\/67257","targetHints":{"allow":["GET"]}}],"collection":[{"href":"https:\/\/obera.fr\/sl\/wp-json\/wp\/v2\/pages"}],"about":[{"href":"https:\/\/obera.fr\/sl\/wp-json\/wp\/v2\/types\/page"}],"author":[{"embeddable":true,"href":"https:\/\/obera.fr\/sl\/wp-json\/wp\/v2\/users\/4"}],"replies":[{"embeddable":true,"href":"https:\/\/obera.fr\/sl\/wp-json\/wp\/v2\/comments?post=67257"}],"version-history":[{"count":1,"href":"https:\/\/obera.fr\/sl\/wp-json\/wp\/v2\/pages\/67257\/revisions"}],"predecessor-version":[{"id":67260,"href":"https:\/\/obera.fr\/sl\/wp-json\/wp\/v2\/pages\/67257\/revisions\/67260"}],"up":[{"embeddable":true,"href":"https:\/\/obera.fr\/sl\/wp-json\/wp\/v2\/pages\/45635"}],"wp:featuredmedia":[{"embeddable":true,"href":"https:\/\/obera.fr\/sl\/wp-json\/wp\/v2\/media\/103629"}],"wp:attachment":[{"href":"https:\/\/obera.fr\/sl\/wp-json\/wp\/v2\/media?parent=67257"}],"curies":[{"name":"wp","href":"https:\/\/api.w.org\/{rel}","templated":true}]}}