{"id":84247,"date":"2024-04-05T22:42:52","date_gmt":"2024-04-05T20:42:52","guid":{"rendered":"https:\/\/obera.fr\/produits\/aspirateurs-industriels\/w2-haute-filtration-polyvalence\/"},"modified":"2026-02-05T18:17:28","modified_gmt":"2026-02-05T16:17:28","slug":"w2-haute-filtration-polyvalence","status":"publish","type":"page","link":"https:\/\/obera.fr\/sl\/produits\/aspirateurs-industriels\/w2-haute-filtration-polyvalence\/","title":{"rendered":"Industrijski sesalnik W2"},"content":{"rendered":"\n<p>Kompakten in mobilen, <a href=\"https:\/\/obera.fr\/sl\/produits\/aspirateurs-industriels\/\" data-type=\"page\" data-id=\"41\">industrijski sesalnik<\/a> W2 je ena naju\u010dinkovitej\u0161ih naprav na trgu, znan po svoji robustnosti, visoki filtracijski zmogljivosti in u\u010dinkovitosti.<\/p>\n\n<h2 class=\"wp-block-heading\">Industrijski sesalnik W2 za mokro in suho sesanje: delovanje in podro\u010dje uporabe?<\/h2>\n\n<div class=\"wp-block-columns is-layout-flex wp-container-core-columns-is-layout-28f84493 wp-block-columns-is-layout-flex\">\n<div class=\"wp-block-column is-layout-flow wp-block-column-is-layout-flow\" style=\"flex-basis:33.33%\">\n<figure class=\"wp-block-image size-full is-resized\"><img decoding=\"async\" width=\"711\" height=\"622\" src=\"https:\/\/obera.fr\/wp-content\/uploads\/2024\/10\/w2.png\" alt=\"Industrijski sesalniki\" class=\"wp-image-35424\" style=\"object-fit:cover;width:300px;height:300px\" srcset=\"https:\/\/obera.fr\/wp-content\/uploads\/2024\/10\/w2.png 711w, https:\/\/obera.fr\/wp-content\/uploads\/2024\/10\/w2-300x262.png 300w\" sizes=\"(max-width: 711px) 100vw, 711px\" \/><\/figure>\n<\/div>\n\n\n\n<div class=\"wp-block-column is-layout-flow wp-block-column-is-layout-flow\" style=\"flex-basis:66.66%\">\n<p><strong>Industrijski sesalnik W2 za mokro in suho sesanje<\/strong> svojo glavno prednost \u010drpa iz svoje vsestranskosti. Njegova sesalna mo\u010d omogo\u010da dvigovanje in so\u010dasno sesanje trdnih in teko\u010dih snovi. Vklju\u010duje dva enofazna motorja tipa by-pass, za\u0161\u010ditena z robustno jekleno glavo motorja in opremljena z notranjo zvo\u010dno izolacijo. Sesalnik je opremljen s sistemom za lo\u010devanje vode\/prahu za filtriranje teko\u010din od suhih delcev. Sesani pra\u0161ni delci se shranjujejo v jeklenem zbiralniku, medtem ko se teko\u010dine zbirajo v rezervoarju.<\/p>\n\n\n\n<p>Kar zadeva podro\u010dje uporabe, je model industrijskega sesalnika W2 idealen za <strong>\u010di\u0161\u010denje<\/strong> in <strong>ravnanje<\/strong> z <strong>majhnimi in srednjimi koli\u010dinami prahu<\/strong>. U\u010dinkovit je tudi za sesanje trdnih in teko\u010dih snovi. Vsestranskost, zaradi katere je popolna oprema za vse vrste industrije. Posebej u\u010dinkovit je v kemi\u010dni in farmacevtski industriji, \u017eivilski industriji, mlinarstvu, pa tudi v pekarnah in za \u010di\u0161\u010denje pe\u010di.<\/p>\n\n\n\n<div class=\"wp-block-columns is-layout-flex wp-container-core-columns-is-layout-28f84493 wp-block-columns-is-layout-flex\">\n<div class=\"wp-block-column is-layout-flow wp-block-column-is-layout-flow\">\n<div class=\"wp-block-buttons is-layout-flex wp-block-buttons-is-layout-flex\">\n<div class=\"wp-block-button\"><a class=\"wp-block-button__link wp-element-button\" href=\"https:\/\/obera.fr\/wp-content\/uploads\/2025\/06\/brochure-w2-fr.pdf\">PRENESI BRO\u0160URO<\/a><\/div>\n<\/div>\n<\/div>\n\n\n\n<div class=\"wp-block-column is-layout-flow wp-block-column-is-layout-flow\">\n<div class=\"wp-block-buttons is-horizontal is-content-justification-center is-layout-flex wp-container-core-buttons-is-layout-03627597 wp-block-buttons-is-layout-flex\">\n<div class=\"wp-block-button has-custom-width wp-block-button__width-100\"><a class=\"wp-block-button__link wp-element-button\" href=\"https:\/\/obera.fr\/sl\/pisite-nam\/\">Ve\u010d o tem<\/a><\/div>\n<\/div>\n<\/div>\n\n\n\n<div class=\"wp-block-column is-layout-flow wp-block-column-is-layout-flow\">\n<div class=\"wp-block-buttons is-content-justification-center is-layout-flex wp-container-core-buttons-is-layout-a89b3969 wp-block-buttons-is-layout-flex\">\n<div class=\"wp-block-button btn-devis-source\"><a class=\"wp-block-button__link wp-element-button\" href=\"https:\/\/obera.fr\/sl\/devis\/\">Zahtevajte ponudbo<\/a><\/div>\n<\/div>\n\n\n<script>\r\ndocument.addEventListener('DOMContentLoaded', function() {\r\n    \/\/ 1. On cherche le titre H1 de la page\r\n    var h1 = document.querySelector('h1');\r\n    var productTitle = h1 ? h1.innerText.trim() : \"\";\r\n\r\n    \/\/ 2. On cherche les boutons via la classe CSS .btn-devis-source\r\n    var buttons = document.querySelectorAll('.btn-devis-source a');\r\n\r\n    \/\/ 3. Si on a le titre et les boutons, on ajoute le param\u00e8tre\r\n    if (buttons.length > 0 && productTitle !== \"\") {\r\n        var encodedTitle = encodeURIComponent(productTitle);\r\n\r\n        buttons.forEach(function(btn) {\r\n            var currentHref = btn.getAttribute('href');\r\n            \r\n            \/\/ S\u00e9curit\u00e9 pour ne pas ajouter le param\u00e8tre 2 fois\r\n            if (currentHref.indexOf('sujet=') === -1) {\r\n                var separator = currentHref.indexOf('?') !== -1 ? '&' : '?';\r\n                var newLink = currentHref + separator + 'sujet=' + encodedTitle;\r\n                \r\n                btn.setAttribute('href', newLink);\r\n            }\r\n        });\r\n    }\r\n});\r\n<\/script><\/div>\n<\/div>\n<\/div>\n<\/div>\n\n<h2 class=\"wp-block-heading\">Industrijski sesalnik W2: visoka filtracija, visoka mobilnost\u2026 vse njegove tehni\u010dne zna\u010dilnosti<\/h2>\n\n<p>Industrijski sesalnik W2 se lahko kosa z ve\u010djimi modeli: <strong>njegova sesalna mo\u010d s filtrirno povr\u0161ino 20.000 cm2<\/strong> tej opremi zagotavlja visoko filtracijo poleg visoke mobilnosti. S pretokom zraka 360 m3\/h sesalnik zagotavlja pove\u010dano filtracijo za izbolj\u0161anje kakovosti okoli\u0161kega zraka in hitrej\u0161e sesanje umazanije. <\/p>\n\n<p>Oprema, opremljena s poliestrskim \u017eepnim filtrom 420 mm in industrijsko jekleno zasnovo (motor, filtrirna komora, posoda in ohi\u0161je), ponuja maksimalno vzdr\u017eljivost. Njegova dva enofazna motorja sta kalibrirana za neprekinjeno delovanje, 7 dni v tednu, 24 ur na dan. Druga prednost je, da ima sesalnik sistem za \u010di\u0161\u010denje filtra, ki odstranjuje nabrane materiale in prepre\u010duje zama\u0161itev naprave.<\/p>\n\n<p>Druga bistvena tehni\u010dna zna\u010dilnost: njegova u\u010dinkovitost filtracije do 3 mikronov in \u017eepni filter, ki zagotavlja visoko zadr\u017eevanje prahu, zagotavljata sesalniku W2 \u010distost izpu\u0161nega zraka.<\/p>\n\n<p>Sesalnik za mokro in suho sesanje W2 je dobavljen z <strong>dodatki, namenjenimi strokovnjakom za \u010di\u0161\u010denje<\/strong> (gibljiva sesalna cev, \u0161\u010detke, \u0161oba, adapterji).<\/p>\n\n<blockquote class=\"wp-block-quote is-layout-flow wp-block-quote-is-layout-flow\">\n<p>Mo\u017enosti: industrijski sesalnik W2 je na voljo v razli\u010dici za <strong>obmo\u010dje ATEX 22<\/strong> za varno \u010di\u0161\u010denje okolij, ki ustvarjajo eksploziven prah. Lahko vklju\u010duje tudi filtre Nomex (odpornost na vro\u010dino do 250\u00b0), Hepa H14, razred M PTFE, razred L, M ali M Teflon hidrofobno-oleofobno. Glede na va\u0161o industrijo vam bo na\u0161a ekipa svetovala glede najprimernej\u0161ega filtra za va\u0161e proizvodne enote.<\/p>\n<\/blockquote>\n\n<h3 class=\"wp-block-heading has-text-align-center\">INDUSTRIJE<\/h3>\n\n<div class=\"wp-block-columns is-layout-flex wp-container-core-columns-is-layout-28f84493 wp-block-columns-is-layout-flex\">\n<div class=\"wp-block-column is-layout-flow wp-block-column-is-layout-flow\">\n<hr class=\"wp-block-separator has-alpha-channel-opacity\"\/>\n\n\n\n<div class=\"wp-block-columns is-layout-flex wp-container-core-columns-is-layout-28f84493 wp-block-columns-is-layout-flex\">\n<div class=\"wp-block-column is-layout-flow wp-block-column-is-layout-flow\">\n<figure class=\"wp-block-image aligncenter size-thumbnail is-resized\"><img decoding=\"async\" width=\"150\" height=\"150\" src=\"https:\/\/obera.fr\/wp-content\/uploads\/2022\/02\/Textile-150x150.png\" alt=\"tekstil\" class=\"wp-image-8855\"\/><figcaption class=\"wp-element-caption\">Tekstil<\/figcaption><\/figure>\n\n\n\n<figure class=\"wp-block-image aligncenter size-thumbnail is-resized\"><img decoding=\"async\" width=\"150\" height=\"150\" src=\"https:\/\/obera.fr\/wp-content\/uploads\/2022\/02\/Plastique-150x150.png\" alt=\"plastika\" class=\"wp-image-8854\"\/><figcaption class=\"wp-element-caption\">Plastika<\/figcaption><\/figure>\n<\/div>\n\n\n\n<div class=\"wp-block-column is-layout-flow wp-block-column-is-layout-flow\">\n<figure class=\"wp-block-image aligncenter size-thumbnail is-resized\"><img decoding=\"async\" width=\"150\" height=\"150\" src=\"https:\/\/obera.fr\/wp-content\/uploads\/2022\/02\/MINERAIS-150x150.png\" alt=\"rude\" class=\"wp-image-8847\"\/><figcaption class=\"wp-element-caption\">Minerali<\/figcaption><\/figure>\n\n\n\n<figure class=\"wp-block-image aligncenter size-thumbnail is-resized\"><img decoding=\"async\" width=\"150\" height=\"150\" src=\"https:\/\/obera.fr\/wp-content\/uploads\/2022\/02\/Metalurgie-150x150.png\" alt=\"metalurgija\" class=\"wp-image-8857\"\/><figcaption class=\"wp-element-caption\">Metalurgija<\/figcaption><\/figure>\n\n\n\n<figure class=\"wp-block-image aligncenter size-thumbnail is-resized\"><img decoding=\"async\" width=\"150\" height=\"150\" src=\"https:\/\/obera.fr\/wp-content\/uploads\/2023\/02\/sans-titre-2023-02-14t102211.641-150x150.png\" alt=\"Kmetijstvo\" class=\"wp-image-18828\"\/><figcaption class=\"wp-element-caption\">Kmetijstvo<\/figcaption><\/figure>\n<\/div>\n<\/div>\n<\/div>\n\n\n\n<div class=\"wp-block-column is-layout-flow wp-block-column-is-layout-flow\">\n<hr class=\"wp-block-separator has-alpha-channel-opacity\"\/>\n\n\n\n<div class=\"wp-block-columns is-layout-flex wp-container-core-columns-is-layout-28f84493 wp-block-columns-is-layout-flex\">\n<div class=\"wp-block-column is-layout-flow wp-block-column-is-layout-flow\">\n<figure class=\"wp-block-image aligncenter size-thumbnail is-resized\"><img decoding=\"async\" width=\"150\" height=\"150\" src=\"https:\/\/obera.fr\/wp-content\/uploads\/2022\/02\/Chimie-150x150.png\" alt=\"kemija\" class=\"wp-image-8846\"\/><figcaption class=\"wp-element-caption\">Kemija<\/figcaption><\/figure>\n\n\n\n<figure class=\"wp-block-image aligncenter size-thumbnail is-resized\"><img decoding=\"async\" width=\"150\" height=\"150\" src=\"https:\/\/obera.fr\/wp-content\/uploads\/2022\/02\/Travail-du-bois-150x150.png\" alt=\"obdelava lesa\" class=\"wp-image-8856\"\/><figcaption class=\"wp-element-caption\">Obdelava lesa<\/figcaption><\/figure>\n\n\n\n<figure class=\"wp-block-image aligncenter size-thumbnail is-resized\"><img decoding=\"async\" width=\"150\" height=\"150\" src=\"https:\/\/obera.fr\/wp-content\/uploads\/2023\/02\/sans-titre-2023-02-14t101920.185-150x150.png\" alt=\"Letalstvo\" class=\"wp-image-18831\"\/><figcaption class=\"wp-element-caption\">Letalstvo<\/figcaption><\/figure>\n<\/div>\n\n\n\n<div class=\"wp-block-column is-layout-flow wp-block-column-is-layout-flow\">\n<figure class=\"wp-block-image aligncenter size-thumbnail is-resized\"><img decoding=\"async\" width=\"150\" height=\"150\" src=\"https:\/\/obera.fr\/wp-content\/uploads\/2022\/02\/AGROALIMENTAIRE-150x150.png\" alt=\"agro&#x17E;ivilski sektor\" class=\"wp-image-8844\"\/><figcaption class=\"wp-element-caption\">\u017divilska industrija<\/figcaption><\/figure>\n\n\n\n<figure class=\"wp-block-image aligncenter size-thumbnail is-resized\"><img decoding=\"async\" width=\"150\" height=\"150\" src=\"https:\/\/obera.fr\/wp-content\/uploads\/2022\/02\/Papier-carton-150x150.png\" alt=\"papir in karton\" class=\"wp-image-8853\"\/><figcaption class=\"wp-element-caption\">Papir\/karton<\/figcaption><\/figure>\n\n\n\n<figure class=\"wp-block-image aligncenter size-thumbnail is-resized\"><img decoding=\"async\" width=\"150\" height=\"150\" src=\"https:\/\/obera.fr\/wp-content\/uploads\/2023\/02\/sans-titre-2023-02-14t101712.416-150x150.png\" alt=\"Avtomobilska industrija\" class=\"wp-image-18834\"\/><figcaption class=\"wp-element-caption\">Avtomobilska industrija<\/figcaption><\/figure>\n<\/div>\n<\/div>\n<\/div>\n<\/div>\n\n<figure class=\"wp-block-table\"><table class=\"has-fixed-layout\"><tbody><tr><td>Napetost<\/td><td>V-Hz<\/td><td>230-50<\/td><\/tr><tr><td>Napajanje<\/td><td>kW<\/td><td>2&#215;1.1<\/td><\/tr><tr><td>Najve\u010dji podtlak<\/td><td>Pa<\/td><td>2.400 Pa<\/td><\/tr><tr><td>Najve\u010dji pretok zraka<\/td><td>m3\/h<\/td><td>360<\/td><\/tr><tr><td>Premer ustja<\/td><td>mm<\/td><td>50<\/td><\/tr><tr><td>Vrsta filtra<\/td><td><\/td><td>Zvezdasti \u017eepni<\/td><\/tr><tr><td>Povr\u0161ina<\/td><td>cm2<\/td><td>20.000<\/td><\/tr><tr><td>Sistem \u010di\u0161\u010denja<\/td><td><\/td><td>Ro\u010dno<\/td><\/tr><tr><td>Zbiralna posoda<\/td><td><\/td><td>Jeklo<\/td><\/tr><tr><td>Sistem praznjenja<\/td><td><\/td><td>Snemljiva posoda<\/td><\/tr><tr><td>Kapaciteta<\/td><td>liter<\/td><td>40<\/td><\/tr><tr><td>Dimenzije<\/td><td>cm<\/td><td>55x63x115<\/td><\/tr><\/tbody><\/table><\/figure>\n\n<div class=\"wp-block-buttons is-content-justification-center is-layout-flex wp-container-core-buttons-is-layout-a89b3969 wp-block-buttons-is-layout-flex\">\n<div class=\"wp-block-button\"><a class=\"wp-block-button__link wp-element-button\" href=\"https:\/\/obera.fr\/wp-content\/uploads\/2024\/04\/obera_brochure-w2-fr.pdf\">PRENESITE TEHNI\u010cNI LIST IZDELKA<\/a><\/div>\n<\/div>\n\n<h2 class=\"wp-block-heading\">U\u010dinkovit in vsestranski: vse prednosti sesalnika W2<\/h2>\n\n<p>Model W2 zdru\u017euje udobje uporabe kompaktne opreme z mo\u010djo industrijskega sesalnika. Poleg visoke mobilnosti in sesalne zmogljivosti, njegova zvo\u010dno izolirana obloga zmanj\u0161uje hrup med uporabo, da ne moti operaterja in drugih zaposlenih v delavnici. Za udobje uporabe je izhodna povr\u0161ina usmerjena navzdol, kar prepre\u010duje dvigovanje prahu na povr\u0161ini in motenje operaterja.<\/p>\n\n<p>Sesalnik ne potrebuje vzdr\u017eevanja, opremljen je z vertikalnim tresalnikom filtra, ki prepre\u010duje zasi\u010denost in predvsem olaj\u0161a ro\u010dno \u010di\u0161\u010denje.<\/p>\n\n<p>Nenazadnje je njegova vsestranskost glavna prednost, saj sesanje trdnih in teko\u010dih snovi omogo\u010da mno\u017eico uporab: \u010di\u0161\u010denje tal, sten, gradbi\u0161\u010d, delavnic, strojev, gostinske opreme itd.<\/p>\n\n<div class=\"wp-block-columns is-layout-flex wp-container-core-columns-is-layout-28f84493 wp-block-columns-is-layout-flex\">\n<div class=\"wp-block-column is-layout-flow wp-block-column-is-layout-flow\" style=\"flex-basis:33.34%\">\n<h3 class=\"wp-block-heading\">Prednosti :<\/h3>\n\n\n\n<ul class=\"wp-block-list\">\n<li>Sistem visoke filtracije za so\u010dasno sesanje trdnih in teko\u010dih prahov;<\/li>\n\n\n\n<li>Ultra kompakten in mobilen;<\/li>\n\n\n\n<li>Nizka raven hrupa med uporabo. <\/li>\n<\/ul>\n<\/div>\n\n\n\n<div class=\"wp-block-column is-layout-flow wp-block-column-is-layout-flow\" style=\"flex-basis:33.34%\">\n<h3 class=\"wp-block-heading\">Posebne funkcije:<\/h3>\n\n\n\n<ul class=\"wp-block-list\">\n<li>Dva enofazna motorja z neodvisnimi stikali;<\/li>\n\n\n\n<li>Opcijsko: filter Hepa H14, razred M, L, M Teflon hidrofobno-oleofobno, M PTFE, filter Nomex;<\/li>\n\n\n\n<li>Na voljo je razli\u010dica ATEX obmo\u010dje 22.<\/li>\n<\/ul>\n<\/div>\n\n\n\n<div class=\"wp-block-column is-layout-flow wp-block-column-is-layout-flow\" style=\"flex-basis:33.33%\">\n<h3 class=\"wp-block-heading\">Zna\u010dilnosti :<\/h3>\n\n\n\n<ul class=\"wp-block-list\">\n<li>Indikator zama\u0161enega filtra s svetlobno signalizacijo;<\/li>\n\n\n\n<li>Za\u0161\u010dita sesalne enote z zvezdastim filtrom (poliester).<\/li>\n<\/ul>\n<\/div>\n<\/div>\n\n<h2 class=\"wp-block-heading\">\u017delite preizkusiti industrijski sesalnik W2 v va\u0161em proizvodnem obratu?<\/h2>\n\n<p>Preizkusite re\u0161itev v va\u0161ih delavnicah! Za vse na\u0161e re\u0161itve ponujamo testno fazo z mo\u017enostjo nakupa za povpre\u010dno obdobje 1 meseca. Po testiranju jo boste bodisi sprejeli, bodisi vam bomo ponudili re\u0161itev, ki bo bolj prilagojena va\u0161im potrebam.<\/p>\n\n<div class=\"wp-block-buttons is-content-justification-center is-layout-flex wp-container-core-buttons-is-layout-a89b3969 wp-block-buttons-is-layout-flex\">\n<div class=\"wp-block-button\"><a class=\"wp-block-button__link wp-element-button\" href=\"https:\/\/obera.fr\/sl\/contact\/\">PREIZKUSITE SESALNIK W2<\/a><\/div>\n<\/div>\n\n<h2 class=\"wp-block-heading\">Drugi industrijski sesalniki iz ponudbe<\/h2>\n\n<div class=\"wp-block-columns is-layout-flex wp-container-core-columns-is-layout-28f84493 wp-block-columns-is-layout-flex\">\n<div class=\"wp-block-column is-layout-flow wp-block-column-is-layout-flow\">\n<figure class=\"wp-block-image aligncenter size-full is-resized\"><a href=\"https:\/\/obera.fr\/sl\/produits\/aspirateurs-industriels\/w2-xr-atex-22\/\"><img decoding=\"async\" width=\"566\" height=\"671\" src=\"https:\/\/obera.fr\/wp-content\/uploads\/2024\/10\/w2-xr-2.png\" alt=\"Industrijski sesalniki\" class=\"wp-image-35431\" style=\"object-fit:cover;width:300px;height:300px\" srcset=\"https:\/\/obera.fr\/wp-content\/uploads\/2024\/10\/w2-xr-2.png 566w, https:\/\/obera.fr\/wp-content\/uploads\/2024\/10\/w2-xr-2-253x300.png 253w\" sizes=\"(max-width: 566px) 100vw, 566px\" \/><\/a><figcaption class=\"wp-element-caption\">W2 XR<\/figcaption><\/figure>\n<\/div>\n\n\n\n<div class=\"wp-block-column is-layout-flow wp-block-column-is-layout-flow\">\n<figure class=\"wp-block-image aligncenter size-full\"><a href=\"https:\/\/obera.fr\/sl\/produits\/aspirateurs-industriels\/ventilateurs-aspiration-gamme-eurosog-rg-100-800\/\"><img decoding=\"async\" width=\"600\" height=\"600\" src=\"https:\/\/obera.fr\/wp-content\/uploads\/2024\/04\/obera-ventilateur-aspiration-rg-300-400.jpg\" alt=\"obera ventilator sesanje rg 300 400\" class=\"wp-image-29437\" srcset=\"https:\/\/obera.fr\/wp-content\/uploads\/2024\/04\/obera-ventilateur-aspiration-rg-300-400.jpg 600w, https:\/\/obera.fr\/wp-content\/uploads\/2024\/04\/obera-ventilateur-aspiration-rg-300-400-300x300.jpg 300w, https:\/\/obera.fr\/wp-content\/uploads\/2024\/04\/obera-ventilateur-aspiration-rg-300-400-150x150.jpg 150w\" sizes=\"(max-width: 600px) 100vw, 600px\" \/><\/a><figcaption class=\"wp-element-caption\">RG 300\/400<\/figcaption><\/figure>\n<\/div>\n\n\n\n<div class=\"wp-block-column is-layout-flow wp-block-column-is-layout-flow\">\n<figure class=\"wp-block-image aligncenter size-full is-resized\"><a href=\"https:\/\/obera.fr\/sl\/produits\/aspirateurs-industriels\/w3-pour-nettoyage-general\/\"><img decoding=\"async\" width=\"658\" height=\"652\" src=\"https:\/\/obera.fr\/wp-content\/uploads\/2024\/10\/w3.png\" alt=\"w3\" class=\"wp-image-35427\" style=\"object-fit:cover;width:300px;height:300px\" srcset=\"https:\/\/obera.fr\/wp-content\/uploads\/2024\/10\/w3.png 658w, https:\/\/obera.fr\/wp-content\/uploads\/2024\/10\/w3-300x297.png 300w, https:\/\/obera.fr\/wp-content\/uploads\/2024\/10\/w3-150x150.png 150w, https:\/\/obera.fr\/wp-content\/uploads\/2024\/10\/w3-24x24.png 24w, https:\/\/obera.fr\/wp-content\/uploads\/2024\/10\/w3-48x48.png 48w, https:\/\/obera.fr\/wp-content\/uploads\/2024\/10\/w3-96x96.png 96w\" sizes=\"(max-width: 658px) 100vw, 658px\" \/><\/a><figcaption class=\"wp-element-caption\">W3<\/figcaption><\/figure>\n<\/div>\n<\/div>\n","protected":false},"excerpt":{"rendered":"<p>Kompakten in mobilen, industrijski sesalnik W2 je ena naju\u010dinkovitej\u0161ih naprav na trgu, znan po svoji robustnosti, visoki filtracijski zmogljivosti in u\u010dinkovitosti. Industrijski sesalnik W2 za mokro in suho sesanje: delovanje in podro\u010dje uporabe? Industrijski sesalnik W2 za mokro in suho sesanje svojo glavno prednost \u010drpa iz svoje vsestranskosti. Njegova sesalna mo\u010d omogo\u010da dvigovanje in so\u010dasno sesanje trdnih in teko\u010dih snovi. Vklju\u010duje dva enofazna motorja tipa by-pass, za\u0161\u010ditena z robustno jekleno glavo motorja in opremljena z notranjo zvo\u010dno izolacijo. Sesalnik je opremljen s sistemom za lo\u010devanje vode\/prahu za filtriranje teko\u010din od suhih delcev. Sesani pra\u0161ni delci se shranjujejo v jeklenem zbiralniku, &#8230; <\/p>\n<p class=\"read-more-container\"><a title=\"Industrijski sesalnik W2\" class=\"read-more button\" href=\"https:\/\/obera.fr\/sl\/produits\/aspirateurs-industriels\/w2-haute-filtration-polyvalence\/#more-84247\" aria-label=\"Read more about Industrijski sesalnik W2\">Lire la suite<\/a><\/p>\n","protected":false},"author":4,"featured_media":83750,"parent":48487,"menu_order":0,"comment_status":"closed","ping_status":"closed","template":"","meta":{"_acf_changed":false,"_seopress_robots_primary_cat":"","_seopress_titles_title":"Industrijski sesalnik W2: visoka filtracija in vsestranskost","_seopress_titles_desc":"Odlo\u010dite se za serijo W2, opremljeno s sistemom visoke filtracije za so\u010dasno sesanje trdnih in teko\u010dih prahov.","_seopress_robots_index":"","footnotes":""},"class_list":{"0":"post-84247","1":"page","2":"type-page","3":"status-publish","4":"has-post-thumbnail","6":"no-featured-image-padding","7":"resize-featured-image"},"acf":[],"_links":{"self":[{"href":"https:\/\/obera.fr\/sl\/wp-json\/wp\/v2\/pages\/84247","targetHints":{"allow":["GET"]}}],"collection":[{"href":"https:\/\/obera.fr\/sl\/wp-json\/wp\/v2\/pages"}],"about":[{"href":"https:\/\/obera.fr\/sl\/wp-json\/wp\/v2\/types\/page"}],"author":[{"embeddable":true,"href":"https:\/\/obera.fr\/sl\/wp-json\/wp\/v2\/users\/4"}],"replies":[{"embeddable":true,"href":"https:\/\/obera.fr\/sl\/wp-json\/wp\/v2\/comments?post=84247"}],"version-history":[{"count":6,"href":"https:\/\/obera.fr\/sl\/wp-json\/wp\/v2\/pages\/84247\/revisions"}],"predecessor-version":[{"id":140660,"href":"https:\/\/obera.fr\/sl\/wp-json\/wp\/v2\/pages\/84247\/revisions\/140660"}],"up":[{"embeddable":true,"href":"https:\/\/obera.fr\/sl\/wp-json\/wp\/v2\/pages\/48487"}],"wp:featuredmedia":[{"embeddable":true,"href":"https:\/\/obera.fr\/sl\/wp-json\/wp\/v2\/media\/83750"}],"wp:attachment":[{"href":"https:\/\/obera.fr\/sl\/wp-json\/wp\/v2\/media?parent=84247"}],"curies":[{"name":"wp","href":"https:\/\/api.w.org\/{rel}","templated":true}]}}