{"id":115336,"date":"2025-06-26T12:05:10","date_gmt":"2025-06-26T10:05:10","guid":{"rendered":"https:\/\/obera.fr\/kuti-e-paster\/"},"modified":"2025-06-26T12:09:14","modified_gmt":"2025-06-26T10:09:14","slug":"kuti-e-paster","status":"publish","type":"page","link":"https:\/\/obera.fr\/sq\/kuti-e-paster\/","title":{"rendered":"Kutia e past\u00ebr"},"content":{"rendered":"\n<div class=\"wp-block-columns is-layout-flex wp-container-core-columns-is-layout-28f84493 wp-block-columns-is-layout-flex\">\n<div class=\"wp-block-column is-layout-flow wp-block-column-is-layout-flow\" style=\"flex-basis:33.33%\">\n<figure class=\"wp-block-image aligncenter size-medium\"><img decoding=\"async\" width=\"300\" height=\"267\" src=\"https:\/\/obera.fr\/wp-content\/uploads\/2025\/06\/clearbox-300x267.png\" alt=\"kuti e past&#xEB;r\" class=\"wp-image-109012\" srcset=\"https:\/\/obera.fr\/wp-content\/uploads\/2025\/06\/clearbox-300x267.png 300w, https:\/\/obera.fr\/wp-content\/uploads\/2025\/06\/clearbox.png 534w\" sizes=\"(max-width: 300px) 100vw, 300px\" \/><figcaption class=\"wp-element-caption\">Kutia e past\u00ebr<\/figcaption><\/figure>\n<\/div>\n\n\n\n<div class=\"wp-block-column is-layout-flow wp-block-column-is-layout-flow\" style=\"flex-basis:66.66%\">\n<p class=\"has-drop-cap\"><\/p>\n\n\n\n<hr class=\"wp-block-separator has-text-color has-black-color has-css-opacity has-black-background-color has-background is-style-dots\"\/>\n\n\n\n<div class=\"wp-block-columns is-layout-flex wp-container-core-columns-is-layout-28f84493 wp-block-columns-is-layout-flex\">\n<div class=\"wp-block-column is-layout-flow wp-block-column-is-layout-flow\" style=\"flex-basis:33.33%\">\n<div class=\"wp-block-buttons is-layout-flex wp-block-buttons-is-layout-flex\">\n<div class=\"wp-block-button\"><a class=\"wp-block-button__link wp-element-button\" href=\"https:\/\/obera.fr\/wp-content\/uploads\/2025\/06\/fr-caisson-mobile-daspiration-clearbox-1.pdf\">SHKARKONI BROSHUR\u00cbN<\/a><\/div>\n<\/div>\n<\/div>\n\n\n\n<div class=\"wp-block-column is-layout-flow wp-block-column-is-layout-flow\" style=\"flex-basis:33.34%\">\n<div class=\"wp-block-buttons is-horizontal is-content-justification-center is-layout-flex wp-container-core-buttons-is-layout-03627597 wp-block-buttons-is-layout-flex\">\n<div class=\"wp-block-button has-custom-width wp-block-button__width-100\"><a class=\"wp-block-button__link wp-element-button\" href=\"https:\/\/obera.fr\/sq\/na-kontaktoni\/\">M\u00ebsoni m\u00eb shum\u00eb<\/a><\/div>\n<\/div>\n<\/div>\n\n\n\n<div class=\"wp-block-column is-layout-flow wp-block-column-is-layout-flow\" style=\"flex-basis:33.34%\">\n<div class=\"wp-block-buttons is-content-justification-center is-layout-flex wp-container-core-buttons-is-layout-a89b3969 wp-block-buttons-is-layout-flex\">\n<div class=\"wp-block-button btn-devis-source\"><a class=\"wp-block-button__link wp-element-button\" href=\"https:\/\/obera.fr\/sq\/devis\/\">K\u00ebrkes\u00eb p\u00ebr kuot\u00eb<\/a><\/div>\n<\/div>\n\n\n<script>\r\ndocument.addEventListener('DOMContentLoaded', function() {\r\n    \/\/ 1. On cherche le titre H1 de la page\r\n    var h1 = document.querySelector('h1');\r\n    var productTitle = h1 ? h1.innerText.trim() : \"\";\r\n\r\n    \/\/ 2. On cherche les boutons via la classe CSS .btn-devis-source\r\n    var buttons = document.querySelectorAll('.btn-devis-source a');\r\n\r\n    \/\/ 3. Si on a le titre et les boutons, on ajoute le param\u00e8tre\r\n    if (buttons.length > 0 && productTitle !== \"\") {\r\n        var encodedTitle = encodeURIComponent(productTitle);\r\n\r\n        buttons.forEach(function(btn) {\r\n            var currentHref = btn.getAttribute('href');\r\n            \r\n            \/\/ S\u00e9curit\u00e9 pour ne pas ajouter le param\u00e8tre 2 fois\r\n            if (currentHref.indexOf('sujet=') === -1) {\r\n                var separator = currentHref.indexOf('?') !== -1 ? '&' : '?';\r\n                var newLink = currentHref + separator + 'sujet=' + encodedTitle;\r\n                \r\n                btn.setAttribute('href', newLink);\r\n            }\r\n        });\r\n    }\r\n});\r\n<\/script><\/div>\n<\/div>\n\n\n\n<p><\/p>\n<\/div>\n<\/div>\n\n<p>Clearbox \u00ebsht\u00eb nj\u00eb <strong>nj\u00ebsi thith\u00ebse mobile<\/strong> e prodhuar n\u00eb Franc\u00eb, me garanci 5-vje\u00e7are dhe me nj\u00eb shpejt\u00ebsi rrjedhjeje me performanc\u00eb t\u00eb lart\u00eb. \u00cbsht\u00eb projektuar posa\u00e7\u00ebrisht p\u00ebr trajtimin e p\u00ebrb\u00ebrjeve organike t\u00eb paq\u00ebndrueshme (VOC), gazrave, aromave, tret\u00ebsve, pluhurit dhe tymrave.   <\/p>\n\n<p><\/p>\n\n<p>Kjo kuti ofron nivele t\u00eb ndryshme filtrimi, duke filluar nga 2 deri n\u00eb 3 faza, dhe mund t\u00eb konfigurohet sipas nevojave tuaja specifike, duke garantuar k\u00ebshtu efikasitet optimal n\u00eb <strong>eliminimin e ndot\u00ebsve<\/strong> . \u00cbsht\u00eb e pajisur me nj\u00eb parafilt\u00ebr G4, filtra ngop\u00ebs nga F9 deri n\u00eb H14 t\u00eb p\u00ebrshtatsh\u00ebm p\u00ebr pluhurin dhe tymin, dhe mund t\u00eb integroj\u00eb karbon t\u00eb aktivizuar p\u00ebr <strong>trajtimin e gazrave dhe VOC-ve<\/strong> .   <\/p>\n\n<p><\/p>\n\n<p>P\u00ebrve\u00e7 k\u00ebsaj, \u00ebsht\u00eb i disponuesh\u00ebm n\u00eb tre versione: me krah thith\u00ebs, me hyrje me tuba ose n\u00eb <strong>form\u00ebn e nj\u00eb tavoline thith\u00ebse<\/strong> . Nj\u00eb version me pluhur ATEX \u00ebsht\u00eb gjithashtu i disponuesh\u00ebm. <\/p>\n\n<div class=\"wp-block-columns is-layout-flex wp-container-core-columns-is-layout-28f84493 wp-block-columns-is-layout-flex\">\n<div class=\"wp-block-column is-layout-flow wp-block-column-is-layout-flow\">\n<h2 class=\"wp-block-heading has-text-align-center\"><strong>P\u00ebrfitimet<\/strong><\/h2>\n\n\n\n<ul class=\"wp-block-list\">\n<li>Tifoz shum\u00eb i lart\u00eb<\/li>\n\n\n\n<li>rendiment<\/li>\n\n\n\n<li>I heshtur<\/li>\n\n\n\n<li>I l\u00ebvizsh\u00ebm, i leht\u00eb dhe<br\/> i dobish\u00ebm<\/li>\n\n\n\n<li>Gjurm\u00eb e ul\u00ebt n\u00eb<br\/> tok\u00eb<\/li>\n\n\n\n<li>Mir\u00ebmbajtje e leht\u00eb<br\/> filtra<\/li>\n\n\n\n<li>Shkalla e rrjedhjes e rregullueshme nga 0 n\u00eb<br\/> 100%<\/li>\n\n\n\n<li>Furnizim me energji elektrike me<br\/> priz\u00eb standarde 230V<\/li>\n<\/ul>\n<\/div>\n\n\n\n<div class=\"wp-block-column is-layout-flow wp-block-column-is-layout-flow\">\n<h2 class=\"wp-block-heading has-text-align-center\"><strong>Karakteristika t\u00eb ve\u00e7anta<\/strong><\/h2>\n\n\n\n<ul class=\"wp-block-list\">\n<li>Z\u00ebvend\u00ebsimi i<\/li>\n\n\n\n<li>media shum\u00eb filtruese<\/li>\n\n\n\n<li>i leht\u00eb<\/li>\n\n\n\n<li>I shkall\u00ebzuesh\u00ebm dhe<br\/> i konfiguruesh\u00ebm<\/li>\n\n\n\n<li>Kapacitet i lart\u00eb<br\/> adsorbim<\/li>\n\n\n\n<li>Mat\u00ebs i or\u00ebs<\/li>\n\n\n\n<li>Mat<br\/> ndotja e<br\/> filtra<\/li>\n\n\n\n<li>Rregullimi i shkall\u00ebs s\u00eb rrjedhjes<br\/> 0 deri n\u00eb 100%<\/li>\n\n\n\n<li>Sistemi Plug &amp; Play<\/li>\n\n\n\n<li>Opsioni ATEX<br\/> pluhur<\/li>\n<\/ul>\n<\/div>\n\n\n\n<div class=\"wp-block-column is-layout-flow wp-block-column-is-layout-flow\">\n<h2 class=\"wp-block-heading has-text-align-center\"><strong>Ve\u00e7orit\u00eb<\/strong><\/h2>\n\n\n\n<ul class=\"wp-block-list\">\n<li>Shkalla maksimale e rrjedhjes:<\/li>\n\n\n\n<li>2000m3\/or\u00eb<\/li>\n\n\n\n<li>Fuqia e instaluar:<br\/> 750W<\/li>\n\n\n\n<li>Furnizim me energji: 230V<\/li>\n\n\n\n<li>P\u00ebrmasat: 710 x<br\/> 710 x 2050<\/li>\n\n\n\n<li>Pesha: 70 kg<\/li>\n\n\n\n<li>Niveli i zhurm\u00ebs:<br\/> 72Db<\/li>\n<\/ul>\n<\/div>\n<\/div>\n\n<h2 class=\"wp-block-heading\">P\u00ebr \u00e7far\u00eb p\u00ebrdorimesh?<\/h2>\n\n<p><strong>Clearbox \u00ebsht\u00eb nj\u00eb pajisje praktike dhe kompakte,<\/strong> roli i s\u00eb cil\u00ebs \u00ebsht\u00eb t\u00eb kap\u00eb dhe trajtoj\u00eb n\u00eb m\u00ebnyr\u00eb efektive ndot\u00ebsit e gazt\u00eb, aromat, pluhurin dhe tymin. Kjo pajisje \u00ebsht\u00eb e pajisur me rrota, t\u00eb cilat e lejojn\u00eb at\u00eb t\u00eb <strong>integrohet leht\u00ebsisht n\u00eb hap\u00ebsirat e pun\u00ebs<\/strong> dhe t\u00eb trajtoj\u00eb stacionet e pun\u00ebs fikse dhe mobile. <\/p>\n\n<p><br\/>Clearbox \u00ebsht\u00eb i pajisur me nj\u00eb <strong>parafilt\u00ebr G4, filtra ngopjes F9 deri n\u00eb H14<\/strong> dhe karbon aktiv n\u00ebse \u00ebsht\u00eb e nevojshme. \u00cbsht\u00eb gjithashtu i disponuesh\u00ebm n\u00eb versionet rezistente ndaj pluhurit ATEX. Mir\u00ebmbajtja e rregullt e filtrit \u00ebsht\u00eb thelb\u00ebsore q\u00eb pajisja t\u00eb funksionoj\u00eb si\u00e7 duhet.  <\/p>\n\n<div class=\"wp-block-columns is-layout-flex wp-container-core-columns-is-layout-28f84493 wp-block-columns-is-layout-flex\">\n<div class=\"wp-block-column is-layout-flow wp-block-column-is-layout-flow\">\n<h3 class=\"wp-block-heading has-text-align-center\">Ndot\u00ebsit<\/h3>\n\n\n\n<hr class=\"wp-block-separator has-css-opacity is-style-wide\"\/>\n\n\n\n<div class=\"wp-block-columns is-layout-flex wp-container-core-columns-is-layout-28f84493 wp-block-columns-is-layout-flex\">\n<div class=\"wp-block-column is-layout-flow wp-block-column-is-layout-flow\">\n<figure class=\"wp-block-image aligncenter size-large\"><img decoding=\"async\" width=\"70\" height=\"70\" src=\"https:\/\/obera.fr\/wp-content\/uploads\/2020\/08\/industrie-fumees.jpg\" alt=\"Tymrat e industris&#xEB;\" class=\"wp-image-722\"\/><figcaption class=\"wp-element-caption\">Tymrat<\/figcaption><\/figure>\n<\/div>\n\n\n\n<div class=\"wp-block-column is-layout-flow wp-block-column-is-layout-flow\">\n<figure class=\"wp-block-image aligncenter size-large\"><img decoding=\"async\" width=\"70\" height=\"70\" src=\"https:\/\/obera.fr\/wp-content\/uploads\/2020\/08\/polluants-poussieres.jpg\" alt=\"Ndot&#xEB;sit e pluhurit\" class=\"wp-image-675\"\/><figcaption class=\"wp-element-caption\">Pluhuri<\/figcaption><\/figure>\n<\/div>\n<\/div>\n\n\n\n<div class=\"wp-block-columns is-layout-flex wp-container-core-columns-is-layout-28f84493 wp-block-columns-is-layout-flex\">\n<div class=\"wp-block-column is-layout-flow wp-block-column-is-layout-flow\">\n<figure class=\"wp-block-image aligncenter size-large\"><img decoding=\"async\" width=\"70\" height=\"70\" src=\"https:\/\/obera.fr\/wp-content\/uploads\/2020\/08\/industrie-odeur.jpg\" alt=\"Era e industris&#xEB;\" class=\"wp-image-723\"\/><figcaption class=\"wp-element-caption\">Aromat<\/figcaption><\/figure>\n<\/div>\n\n\n\n<div class=\"wp-block-column is-layout-flow wp-block-column-is-layout-flow\">\n<figure class=\"wp-block-image aligncenter size-large is-resized\"><img decoding=\"async\" width=\"70\" height=\"70\" src=\"https:\/\/obera.fr\/wp-content\/uploads\/2020\/10\/industrie-aerosols.jpg\" alt=\"Industria e aerosoleve\" class=\"wp-image-1201\" style=\"width:70px;height:auto\"\/><figcaption class=\"wp-element-caption\">VOC<\/figcaption><\/figure>\n<\/div>\n<\/div>\n<\/div>\n\n\n\n<div class=\"wp-block-column is-layout-flow wp-block-column-is-layout-flow\">\n<h3 class=\"wp-block-heading has-text-align-center\">Industrit\u00eb<\/h3>\n\n\n\n<hr class=\"wp-block-separator has-css-opacity is-style-wide\"\/>\n\n\n\n<div class=\"wp-block-columns is-layout-flex wp-container-core-columns-is-layout-28f84493 wp-block-columns-is-layout-flex\">\n<div class=\"wp-block-column is-layout-flow wp-block-column-is-layout-flow\" style=\"flex-basis:100%\">\n<div style=\"height:47px\" aria-hidden=\"true\" class=\"wp-block-spacer\"><\/div>\n\n\n\n<p class=\"has-text-align-center\">I p\u00ebrshtatsh\u00ebm p\u00ebr t\u00eb gjitha llojet e industrive<\/p>\n<\/div>\n\n\n\n<div class=\"wp-block-column is-layout-flow wp-block-column-is-layout-flow\"><\/div>\n<\/div>\n<\/div>\n<\/div>\n\n<div class=\"wp-block-buttons is-horizontal is-content-justification-center is-layout-flex wp-container-core-buttons-is-layout-03627597 wp-block-buttons-is-layout-flex\">\n<div class=\"wp-block-button has-custom-width wp-block-button__width-100\"><a class=\"wp-block-button__link wp-element-button\" href=\"https:\/\/obera.fr\/sq\/na-kontaktoni\/\">M\u00ebsoni m\u00eb shum\u00eb<\/a><\/div>\n<\/div>\n\n<h2 class=\"wp-block-heading\">Cilat jan\u00eb karakteristikat e Clearbox?<\/h2>\n\n<p>Clearbox \u00ebsht\u00eb nj\u00eb <strong>kuti thith\u00ebse mobile<\/strong> e prodhuar n\u00eb Franc\u00eb, me garanci 5-vje\u00e7are dhe e pajisur me nj\u00eb shpejt\u00ebsi rrjedhjeje me performanc\u00eb t\u00eb lart\u00eb prej 2000 m\u00b3\/or\u00eb. \u00cbsht\u00eb e pajisur me 3 nivele filtrimi me performanc\u00eb t\u00eb lart\u00eb, t\u00eb cilat mund t\u00eb konfigurohen sipas nevojave tuaja. \u00cbsht\u00eb e disponueshme n\u00eb 2 <strong>nivele filtrimi me nj\u00eb parafilt\u00ebr G4<\/strong> dhe nj\u00eb filt\u00ebr ngopjes F9 deri n\u00eb H14, ose n\u00eb 3 nivele duke integruar karbon t\u00eb aktivizuar.    <\/p>\n\n<p><\/p>\n\n<p>P\u00ebrve\u00e7 k\u00ebsaj, \u00ebsht\u00eb i disponuesh\u00ebm n\u00eb tre versione: me krah thith\u00ebs, me nj\u00eb hyrje me tuba ose n\u00eb <strong>form\u00ebn e nj\u00eb tavoline thith\u00ebse<\/strong> , dhe gjithashtu mund t\u00eb p\u00ebrshtatet n\u00eb nj\u00eb version pluhuri ATEX. Fal\u00eb kapacitetit t\u00eb tij t\u00eb lart\u00eb t\u00eb adsorbimit, ai lejon eliminimin e nj\u00eb maksimumi ndot\u00ebsish.   <\/p>\n\n<p><\/p>\n\n<p>P\u00ebr t\u00eb siguruar funksionimin e duhur t\u00eb pajisjes, \u00ebsht\u00eb thelb\u00ebsore t\u00eb z\u00ebvend\u00ebsohen filtrat rregullisht. \u00cbsht\u00eb integruar nj\u00eb <strong>sistem matjeje i bllokimit t\u00eb filtrit<\/strong> , i cili tregon kur \u00ebsht\u00eb koha p\u00ebr t&#8217;i nd\u00ebrruar ato, dhe z\u00ebvend\u00ebsimi i medias s\u00eb filtrit \u00ebsht\u00eb i thjesht\u00eb. <\/p>\n\n<p><\/p>\n\n<p>Kjo pajisje \u00ebsht\u00eb Plug and Play, gj\u00eb q\u00eb thjeshton instalimin e saj. E pajisur me rrota dhe nj\u00eb <strong>dizajn ve\u00e7an\u00ebrisht kompakt<\/strong> , ajo \u00ebsht\u00eb leht\u00ebsisht e manovrueshme dhe p\u00ebrshtatet n\u00eb \u00e7do mjedis pune. <\/p>\n\n<p><\/p>\n\n<figure class=\"wp-block-table\"><table class=\"has-fixed-layout\"><tbody><tr><td><strong>Pajisje  <\/strong><\/td><td><\/td><td><strong>Me krah\u00eb  <\/strong><\/td><td><strong>Hyrje me tuba  <\/strong><\/td><td><strong>Tavolin\u00eb<\/strong><\/td><\/tr><tr><td>Shkalla maksimale e rrjedhjes  <\/td><td>m3\/or\u00eb  <\/td><td>2000  <\/td><td>2500  <\/td><td>5000<\/td><\/tr><tr><td>Rregullimi i rrjedh\u00ebs<\/td><td>%\u00a0<\/td><td>0-100  <\/td><td>0-100  <\/td><td>0-100<\/td><\/tr><tr><td>Fuqia e instaluar<\/td><td>P  <\/td><td>750  <\/td><td>750  <\/td><td>750<\/td><\/tr><tr><td>Ushqim  <\/td><td>V  <\/td><td>230  <\/td><td>230  <\/td><td>230<\/td><\/tr><tr><td>Dimensionet e p\u00ebrgjithshme (Gj x Gje x Lart\u00ebsi)<\/td><td>mm  <\/td><td>710x710x2050  <\/td><td>710x710x2050  <\/td><td>710x710x2050<\/td><\/tr><tr><td>Pesha  <\/td><td>kg  <\/td><td>70  <\/td><td>75  <\/td><td>75<\/td><\/tr><tr><td>Niveli i zhurm\u00ebs  <\/td><td>dB  <\/td><td>72  <\/td><td>72  <\/td><td>72<\/td><\/tr><\/tbody><\/table><\/figure>\n","protected":false},"excerpt":{"rendered":"<p>Clearbox \u00ebsht\u00eb nj\u00eb nj\u00ebsi thith\u00ebse mobile e prodhuar n\u00eb Franc\u00eb, me garanci 5-vje\u00e7are dhe me nj\u00eb shpejt\u00ebsi rrjedhjeje me performanc\u00eb t\u00eb lart\u00eb. \u00cbsht\u00eb projektuar posa\u00e7\u00ebrisht p\u00ebr trajtimin e p\u00ebrb\u00ebrjeve organike t\u00eb paq\u00ebndrueshme (VOC), gazrave, aromave, tret\u00ebsve, pluhurit dhe tymrave. Kjo kuti ofron nivele t\u00eb ndryshme filtrimi, duke filluar nga 2 deri n\u00eb 3 faza, dhe mund t\u00eb konfigurohet sipas nevojave tuaja specifike, duke garantuar k\u00ebshtu efikasitet optimal n\u00eb eliminimin e ndot\u00ebsve . \u00cbsht\u00eb e pajisur me nj\u00eb parafilt\u00ebr G4, filtra ngop\u00ebs nga F9 deri n\u00eb H14 t\u00eb p\u00ebrshtatsh\u00ebm p\u00ebr pluhurin dhe tymin, dhe mund t\u00eb integroj\u00eb karbon t\u00eb aktivizuar p\u00ebr &#8230; <\/p>\n<p class=\"read-more-container\"><a title=\"Kutia e past\u00ebr\" class=\"read-more button\" href=\"https:\/\/obera.fr\/sq\/kuti-e-paster\/#more-115336\" aria-label=\"Read more about Kutia e past\u00ebr\">Lire la suite<\/a><\/p>\n","protected":false},"author":4,"featured_media":0,"parent":0,"menu_order":0,"comment_status":"closed","ping_status":"closed","template":"","meta":{"_acf_changed":false,"_seopress_robots_primary_cat":"","_seopress_titles_title":"Clearbox: Kuti thith\u00ebse mobile me performanc\u00eb t\u00eb lart\u00eb","_seopress_titles_desc":"Zbuloni Clearbox, nj\u00ebsin\u00eb mobile t\u00eb nxjerrjes me performanc\u00eb t\u00eb lart\u00eb p\u00ebr VOC, gazra, tym dhe pluhur. Prodhuar n\u00eb Franc\u00eb, me nj\u00eb garanci 5-vje\u00e7are, e konfigurueshme dhe kompakte. ","_seopress_robots_index":"","footnotes":""},"class_list":{"0":"post-115336","1":"page","2":"type-page","3":"status-publish","5":"no-featured-image-padding"},"acf":[],"_links":{"self":[{"href":"https:\/\/obera.fr\/sq\/wp-json\/wp\/v2\/pages\/115336","targetHints":{"allow":["GET"]}}],"collection":[{"href":"https:\/\/obera.fr\/sq\/wp-json\/wp\/v2\/pages"}],"about":[{"href":"https:\/\/obera.fr\/sq\/wp-json\/wp\/v2\/types\/page"}],"author":[{"embeddable":true,"href":"https:\/\/obera.fr\/sq\/wp-json\/wp\/v2\/users\/4"}],"replies":[{"embeddable":true,"href":"https:\/\/obera.fr\/sq\/wp-json\/wp\/v2\/comments?post=115336"}],"version-history":[{"count":3,"href":"https:\/\/obera.fr\/sq\/wp-json\/wp\/v2\/pages\/115336\/revisions"}],"predecessor-version":[{"id":115366,"href":"https:\/\/obera.fr\/sq\/wp-json\/wp\/v2\/pages\/115336\/revisions\/115366"}],"wp:attachment":[{"href":"https:\/\/obera.fr\/sq\/wp-json\/wp\/v2\/media?parent=115336"}],"curies":[{"name":"wp","href":"https:\/\/api.w.org\/{rel}","templated":true}]}}