{"id":115391,"date":"2025-06-26T12:11:21","date_gmt":"2025-06-26T10:11:21","guid":{"rendered":"https:\/\/obera.fr\/produits\/caissons-mobiles-aspiration\/kuti-e-paster\/"},"modified":"2025-07-08T12:06:14","modified_gmt":"2025-07-08T10:06:14","slug":"kuti-e-paster","status":"publish","type":"page","link":"https:\/\/obera.fr\/sq\/produits\/caissons-mobiles-aspiration\/kuti-e-paster\/","title":{"rendered":"Kutia e past\u00ebr"},"content":{"rendered":"\n<p>Clearbox \u00ebsht\u00eb nj\u00eb <strong>kuti thith\u00ebse mobile e prodhuar n\u00eb Franc\u00eb<\/strong> , me garanci 5-vje\u00e7are dhe e pajisur me nj\u00eb shpejt\u00ebsi rrjedhjeje me performanc\u00eb t\u00eb lart\u00eb. \u00cbsht\u00eb projektuar posa\u00e7\u00ebrisht p\u00ebr trajtimin e komponimeve organike t\u00eb paq\u00ebndrueshme (VOC), gazrave, aromave, tret\u00ebsve, pluhurit dhe tymit. <\/p>\n\n\n<div class=\"wp-block-columns is-layout-flex wp-container-core-columns-is-layout-28f84493 wp-block-columns-is-layout-flex\">\n<div class=\"wp-block-column is-layout-flow wp-block-column-is-layout-flow\">\n<p>Kjo kuti <strong>ofron nivele t\u00eb ndryshme filtrimi<\/strong> , duke filluar nga 2 deri n\u00eb 3 faza, dhe mund t\u00eb konfigurohet sipas nevojave tuaja specifike, duke garantuar k\u00ebshtu efikasitet optimal n\u00eb eliminimin e ndot\u00ebsve. \u00cbsht\u00eb e pajisur me nj\u00eb parafilt\u00ebr G4, filtra ngop\u00ebs nga F9 deri n\u00eb H14 t\u00eb p\u00ebrshtatsh\u00ebm p\u00ebr pluhurin dhe tymin, dhe mund t\u00eb integroj\u00eb karbon t\u00eb aktivizuar p\u00ebr <strong>trajtimin e gazrave dhe VOC-ve<\/strong> . <\/p>\n\n\n\n<p><br\/>P\u00ebrve\u00e7 k\u00ebsaj, \u00ebsht\u00eb i disponuesh\u00ebm n\u00eb tre versione: me krah thith\u00ebs, me hyrje me tuba ose n\u00eb form\u00ebn e nj\u00eb tavoline thith\u00ebse. Nj\u00eb <strong>version me pluhur ATEX<\/strong> \u00ebsht\u00eb gjithashtu i disponuesh\u00ebm. <\/p>\n\n\n\n<div class=\"wp-block-columns is-layout-flex wp-container-core-columns-is-layout-28f84493 wp-block-columns-is-layout-flex\">\n<div class=\"wp-block-column is-layout-flow wp-block-column-is-layout-flow\">\n<figure class=\"wp-block-image aligncenter size-large\"><img decoding=\"async\" width=\"1024\" height=\"1024\" src=\"https:\/\/obera.fr\/wp-content\/uploads\/2025\/07\/clearbox-bras-1024x1024.png\" alt=\"krah i past&#xEB;r\" class=\"wp-image-120328\" srcset=\"https:\/\/obera.fr\/wp-content\/uploads\/2025\/07\/clearbox-bras-1024x1024.png 1024w, https:\/\/obera.fr\/wp-content\/uploads\/2025\/07\/clearbox-bras-300x300.png 300w, https:\/\/obera.fr\/wp-content\/uploads\/2025\/07\/clearbox-bras-150x150.png 150w, https:\/\/obera.fr\/wp-content\/uploads\/2025\/07\/clearbox-bras-768x768.png 768w, https:\/\/obera.fr\/wp-content\/uploads\/2025\/07\/clearbox-bras.png 1200w\" sizes=\"(max-width: 1024px) 100vw, 1024px\" \/><figcaption class=\"wp-element-caption\">CLEARBOX BRS<\/figcaption><\/figure>\n<\/div>\n\n\n\n<div class=\"wp-block-column is-layout-flow wp-block-column-is-layout-flow\">\n<figure class=\"wp-block-image aligncenter size-large\"><img decoding=\"async\" width=\"1024\" height=\"1024\" src=\"https:\/\/obera.fr\/wp-content\/uploads\/2025\/07\/clearbox-entree-tubee-82-1-1024x1024.png\" alt=\"hyrje me tuba t&#xEB; past&#xEB;r 82\" class=\"wp-image-120351\" srcset=\"https:\/\/obera.fr\/wp-content\/uploads\/2025\/07\/clearbox-entree-tubee-82-1-1024x1024.png 1024w, https:\/\/obera.fr\/wp-content\/uploads\/2025\/07\/clearbox-entree-tubee-82-1-300x300.png 300w, https:\/\/obera.fr\/wp-content\/uploads\/2025\/07\/clearbox-entree-tubee-82-1-150x150.png 150w, https:\/\/obera.fr\/wp-content\/uploads\/2025\/07\/clearbox-entree-tubee-82-1-768x768.png 768w, https:\/\/obera.fr\/wp-content\/uploads\/2025\/07\/clearbox-entree-tubee-82-1.png 1200w\" sizes=\"(max-width: 1024px) 100vw, 1024px\" \/><figcaption class=\"wp-element-caption\">CLEARBOX TB<\/figcaption><\/figure>\n<\/div>\n\n\n\n<div class=\"wp-block-column is-layout-flow wp-block-column-is-layout-flow\">\n<figure class=\"wp-block-image aligncenter size-large\"><img decoding=\"async\" width=\"1024\" height=\"1024\" src=\"https:\/\/obera.fr\/wp-content\/uploads\/2025\/07\/clearbox-table-1024x1024.png\" alt=\"tavolin&#xEB; e past&#xEB;r\" class=\"wp-image-120374\" srcset=\"https:\/\/obera.fr\/wp-content\/uploads\/2025\/07\/clearbox-table-1024x1024.png 1024w, https:\/\/obera.fr\/wp-content\/uploads\/2025\/07\/clearbox-table-300x300.png 300w, https:\/\/obera.fr\/wp-content\/uploads\/2025\/07\/clearbox-table-150x150.png 150w, https:\/\/obera.fr\/wp-content\/uploads\/2025\/07\/clearbox-table-768x768.png 768w, https:\/\/obera.fr\/wp-content\/uploads\/2025\/07\/clearbox-table.png 1200w\" sizes=\"(max-width: 1024px) 100vw, 1024px\" \/><figcaption class=\"wp-element-caption\">TSP CLEARBOX<\/figcaption><\/figure>\n<\/div>\n<\/div>\n\n\n\n<p><\/p>\n\n\n\n<hr class=\"wp-block-separator has-css-opacity is-style-dots\"\/>\n\n\n\n<div class=\"wp-block-columns is-layout-flex wp-container-core-columns-is-layout-28f84493 wp-block-columns-is-layout-flex\">\n<div class=\"wp-block-column is-layout-flow wp-block-column-is-layout-flow\" style=\"flex-basis:33.33%\">\n<div class=\"wp-block-buttons is-layout-flex wp-block-buttons-is-layout-flex\">\n<div class=\"wp-block-button\"><a class=\"wp-block-button__link wp-element-button\" href=\"https:\/\/obera.fr\/wp-content\/uploads\/2025\/06\/fr-caisson-mobile-daspiration-clearbox.pdf\">SHKARKONI BROSHUR\u00cbN<\/a><\/div>\n<\/div>\n<\/div>\n\n\n\n<div class=\"wp-block-column is-layout-flow wp-block-column-is-layout-flow\" style=\"flex-basis:33.34%\">\n<div class=\"wp-block-buttons is-horizontal is-content-justification-center is-layout-flex wp-container-core-buttons-is-layout-03627597 wp-block-buttons-is-layout-flex\">\n<div class=\"wp-block-button has-custom-width wp-block-button__width-100\"><a class=\"wp-block-button__link wp-element-button\" href=\"https:\/\/obera.fr\/sq\/na-kontaktoni\/\">M\u00ebsoni m\u00eb shum\u00eb<\/a><\/div>\n<\/div>\n<\/div>\n\n\n\n<div class=\"wp-block-column is-layout-flow wp-block-column-is-layout-flow\" style=\"flex-basis:33.34%\">\n<div class=\"wp-block-buttons is-content-justification-center is-layout-flex wp-container-core-buttons-is-layout-a89b3969 wp-block-buttons-is-layout-flex\">\n<div class=\"wp-block-button btn-devis-source\"><a class=\"wp-block-button__link wp-element-button\" href=\"https:\/\/obera.fr\/sq\/devis\/\">K\u00ebrkes\u00eb p\u00ebr kuot\u00eb<\/a><\/div>\n<\/div>\n\n\n<script>\r\ndocument.addEventListener('DOMContentLoaded', function() {\r\n    \/\/ 1. On cherche le titre H1 de la page\r\n    var h1 = document.querySelector('h1');\r\n    var productTitle = h1 ? h1.innerText.trim() : \"\";\r\n\r\n    \/\/ 2. On cherche les boutons via la classe CSS .btn-devis-source\r\n    var buttons = document.querySelectorAll('.btn-devis-source a');\r\n\r\n    \/\/ 3. Si on a le titre et les boutons, on ajoute le param\u00e8tre\r\n    if (buttons.length > 0 && productTitle !== \"\") {\r\n        var encodedTitle = encodeURIComponent(productTitle);\r\n\r\n        buttons.forEach(function(btn) {\r\n            var currentHref = btn.getAttribute('href');\r\n            \r\n            \/\/ S\u00e9curit\u00e9 pour ne pas ajouter le param\u00e8tre 2 fois\r\n            if (currentHref.indexOf('sujet=') === -1) {\r\n                var separator = currentHref.indexOf('?') !== -1 ? '&' : '?';\r\n                var newLink = currentHref + separator + 'sujet=' + encodedTitle;\r\n                \r\n                btn.setAttribute('href', newLink);\r\n            }\r\n        });\r\n    }\r\n});\r\n<\/script><\/div>\n<\/div>\n<\/div>\n<\/div>\n\n<div class=\"wp-block-columns is-layout-flex wp-container-core-columns-is-layout-28f84493 wp-block-columns-is-layout-flex\">\n<div class=\"wp-block-column is-layout-flow wp-block-column-is-layout-flow\" style=\"flex-basis:33.34%\">\n<p><\/p>\n\n\n\n<h3 class=\"wp-block-heading\">P\u00ebrfitimet<\/h3>\n\n\n\n<ul class=\"wp-block-list\">\n<li>Ventilator me efikasitet shum\u00eb t\u00eb lart\u00eb<\/li>\n\n\n\n<li>I heshtur<\/li>\n\n\n\n<li>Celular, i leht\u00eb dhe i dobish\u00ebm<\/li>\n\n\n\n<li>Gjurm\u00eb e vog\u00ebl<\/li>\n\n\n\n<li>Mir\u00ebmbajtje e leht\u00eb e filtrit<\/li>\n\n\n\n<li>Shkalla e rrjedh\u00ebs e rregullueshme nga 0 n\u00eb 100%<\/li>\n\n\n\n<li>Furnizim me energji me priz\u00eb standarde 230V<\/li>\n<\/ul>\n<\/div>\n\n\n\n<div class=\"wp-block-column is-layout-flow wp-block-column-is-layout-flow\" style=\"flex-basis:33.34%\">\n<p><\/p>\n\n\n\n<h3 class=\"wp-block-heading\">Karakteristika t\u00eb ve\u00e7anta<\/h3>\n\n\n\n<ul class=\"wp-block-list\">\n<li>Z\u00ebvend\u00ebsim shum\u00eb i leht\u00eb i mediave t\u00eb filtrit<\/li>\n\n\n\n<li>Pajisja e shkall\u00ebzueshme dhe e konfigurueshme<\/li>\n\n\n\n<li>Kapacitet i fort\u00eb absorbues<\/li>\n\n\n\n<li>Mat\u00ebs i or\u00ebs<\/li>\n\n\n\n<li>Matja e ndotjes s\u00eb filtrit<\/li>\n\n\n\n<li>Rregullimi i shkall\u00ebs s\u00eb rrjedhjes nga 0 n\u00eb 100%<\/li>\n\n\n\n<li>Sistemi Plug &amp; Play<\/li>\n\n\n\n<li>Opsioni i pluhurit ATEX<\/li>\n<\/ul>\n<\/div>\n\n\n\n<div class=\"wp-block-column is-layout-flow wp-block-column-is-layout-flow\" style=\"flex-basis:33.33%\">\n<p><\/p>\n\n\n\n<h3 class=\"wp-block-heading\">Ve\u00e7orit\u00eb<\/h3>\n\n\n\n<ul class=\"wp-block-list\">\n<li>Shkalla maksimale e rrjedh\u00ebs. : 2000m3\/or\u00eb<\/li>\n\n\n\n<li>Fuqia e instaluar: 750W<\/li>\n\n\n\n<li>Furnizim me energji: 230V<\/li>\n\n\n\n<li>P\u00ebrmasat: 710 x 710 x 2050<\/li>\n\n\n\n<li>Pesha: 70 kg<\/li>\n\n\n\n<li>Niveli i zhurm\u00ebs: 72Db<\/li>\n<\/ul>\n<\/div>\n<\/div>\n\n<h2 class=\"wp-block-heading\">P\u00ebr \u00e7far\u00eb p\u00ebrdorimesh?<\/h2>\n\n<p><strong>Clearbox \u00ebsht\u00eb nj\u00eb pajisje praktike dhe kompakte<\/strong> e projektuar p\u00ebr t\u00eb kapur dhe trajtuar n\u00eb m\u00ebnyr\u00eb efektive ndot\u00ebsit e gazt\u00eb, aromat, pluhurin dhe tymin. Kjo pajisje \u00ebsht\u00eb e pajisur me rrota, duke e lejuar at\u00eb t\u00eb integrohet leht\u00ebsisht n\u00eb hap\u00ebsirat e pun\u00ebs dhe <strong>t\u00eb trajtoj\u00eb si stacionet e pun\u00ebs fikse ashtu edhe ato t\u00eb l\u00ebvizshme.<\/strong> <\/p>\n\n<p><br\/><strong>Clearbox \u00ebsht\u00eb i pajisur me nj\u00eb parafilt\u00ebr G4<\/strong> , filtra ngop\u00ebsie F9 deri n\u00eb H14 dhe, n\u00ebse \u00ebsht\u00eb e nevojshme, me karbon t\u00eb aktivizuar. Mund t\u00eb b\u00ebhet gjithashtu rezistent ndaj pluhurit ATEX. Mir\u00ebmbajtja e rregullt e filtrave \u00ebsht\u00eb e nevojshme q\u00eb pajisja t\u00eb funksionoj\u00eb si\u00e7 duhet.  <\/p>\n\n<div class=\"wp-block-columns is-layout-flex wp-container-core-columns-is-layout-28f84493 wp-block-columns-is-layout-flex\">\n<div class=\"wp-block-column is-layout-flow wp-block-column-is-layout-flow\">\n<h3 class=\"wp-block-heading has-text-align-center\">Ndot\u00ebsit<\/h3>\n\n\n\n<div class=\"wp-block-columns is-layout-flex wp-container-core-columns-is-layout-28f84493 wp-block-columns-is-layout-flex\">\n<div class=\"wp-block-column is-layout-flow wp-block-column-is-layout-flow\">\n<figure class=\"wp-block-image aligncenter size-large\"><img decoding=\"async\" width=\"70\" height=\"70\" src=\"https:\/\/obera.fr\/wp-content\/uploads\/2021\/03\/industrie-fumees.jpg\" alt=\"tymrat e industris&#xEB;\" class=\"wp-image-4971\"\/><figcaption class=\"wp-element-caption\">Tymrat<\/figcaption><\/figure>\n\n\n\n<figure class=\"wp-block-image aligncenter size-large\"><img decoding=\"async\" width=\"70\" height=\"70\" src=\"https:\/\/obera.fr\/wp-content\/uploads\/2020\/09\/cov.png\" alt=\"Cov\" class=\"wp-image-959\"\/><figcaption class=\"wp-element-caption\">VOC<\/figcaption><\/figure>\n<\/div>\n\n\n\n<div class=\"wp-block-column is-layout-flow wp-block-column-is-layout-flow\">\n<figure class=\"wp-block-image aligncenter size-large\"><img decoding=\"async\" width=\"70\" height=\"70\" src=\"https:\/\/obera.fr\/wp-content\/uploads\/2021\/03\/polluants-poussieres-1.jpg\" alt=\"ndot&#xEB;sit e pluhurit 1\" class=\"wp-image-4969\"\/><figcaption class=\"wp-element-caption\">Pluhuri<\/figcaption><\/figure>\n\n\n\n<figure class=\"wp-block-image aligncenter size-full is-resized\"><img decoding=\"async\" width=\"512\" height=\"512\" src=\"https:\/\/obera.fr\/wp-content\/uploads\/2025\/06\/gaz-naturel.png\" alt=\"gaz natyror\" class=\"wp-image-108886\" style=\"width:75px;height:auto\" srcset=\"https:\/\/obera.fr\/wp-content\/uploads\/2025\/06\/gaz-naturel.png 512w, https:\/\/obera.fr\/wp-content\/uploads\/2025\/06\/gaz-naturel-300x300.png 300w, https:\/\/obera.fr\/wp-content\/uploads\/2025\/06\/gaz-naturel-150x150.png 150w\" sizes=\"(max-width: 512px) 100vw, 512px\" \/><figcaption class=\"wp-element-caption\">Gaz<\/figcaption><\/figure>\n<\/div>\n<\/div>\n<\/div>\n\n\n\n<div class=\"wp-block-column is-layout-flow wp-block-column-is-layout-flow\">\n<h3 class=\"wp-block-heading has-text-align-center\">industrit\u00eb<\/h3>\n\n\n\n<div class=\"wp-block-columns is-layout-flex wp-container-core-columns-is-layout-28f84493 wp-block-columns-is-layout-flex\">\n<div class=\"wp-block-column is-layout-flow wp-block-column-is-layout-flow\">\n<figure class=\"wp-block-image aligncenter size-large\"><img decoding=\"async\" width=\"70\" height=\"70\" src=\"https:\/\/obera.fr\/wp-content\/uploads\/2020\/08\/industrie-metallurgie.jpg\" alt=\"Industria Metalurgji\" class=\"wp-image-673\"\/><figcaption class=\"wp-element-caption\">Metalurgji<\/figcaption><\/figure>\n\n\n\n<figure class=\"wp-block-image aligncenter size-large\"><img decoding=\"async\" width=\"70\" height=\"70\" src=\"https:\/\/obera.fr\/wp-content\/uploads\/2020\/08\/industrie-plastique.jpg\" alt=\"Industria e plastik&#xEB;s\" class=\"wp-image-669\"\/><figcaption class=\"wp-element-caption\">Plastika<\/figcaption><\/figure>\n\n\n\n<figure class=\"wp-block-image aligncenter size-large\"><img decoding=\"async\" width=\"70\" height=\"70\" src=\"https:\/\/obera.fr\/wp-content\/uploads\/2020\/08\/industrie-minerai.jpg\" alt=\"Industria Minerale\" class=\"wp-image-724\"\/><figcaption class=\"wp-element-caption\">Ores<\/figcaption><\/figure>\n\n\n\n<figure class=\"wp-block-image aligncenter size-large\"><img decoding=\"async\" width=\"70\" height=\"70\" src=\"https:\/\/obera.fr\/wp-content\/uploads\/2020\/08\/industrie-papier-carton.jpg\" alt=\"Industria e kartonit t&#xEB; letr&#xEB;s\" class=\"wp-image-670\"\/><figcaption class=\"wp-element-caption\">Let\u00ebr\/karton<\/figcaption><\/figure>\n<\/div>\n\n\n\n<div class=\"wp-block-column is-layout-flow wp-block-column-is-layout-flow\">\n<figure class=\"wp-block-image aligncenter size-large\"><img decoding=\"async\" width=\"70\" height=\"70\" src=\"https:\/\/obera.fr\/wp-content\/uploads\/2020\/08\/industrie-bois.jpg\" alt=\"Industria e Drurit\" class=\"wp-image-672\"\/><figcaption class=\"wp-element-caption\">Punim druri<\/figcaption><\/figure>\n\n\n\n<figure class=\"wp-block-image aligncenter size-large\"><img decoding=\"async\" width=\"70\" height=\"70\" src=\"https:\/\/obera.fr\/wp-content\/uploads\/2020\/08\/industrie-textile.jpg\" alt=\"Industria e tekstilit\" class=\"wp-image-671\"\/><figcaption class=\"wp-element-caption\">Tekstile<\/figcaption><\/figure>\n\n\n\n<figure class=\"wp-block-image aligncenter size-large\"><img decoding=\"async\" width=\"70\" height=\"70\" src=\"https:\/\/obera.fr\/wp-content\/uploads\/2020\/08\/industrie-chimie.jpg\" alt=\"Kimia e industris&#xEB;\" class=\"wp-image-725\"\/><figcaption class=\"wp-element-caption\">Kimi\/Petrokimike<\/figcaption><\/figure>\n\n\n\n<figure class=\"wp-block-image aligncenter size-large\"><img decoding=\"async\" width=\"70\" height=\"70\" src=\"https:\/\/obera.fr\/wp-content\/uploads\/2020\/08\/industrie-dechets.jpg\" alt=\"Mbetjet e industris&#xEB;\" class=\"wp-image-726\"\/><figcaption class=\"wp-element-caption\">Grumbullimi dhe klasifikimi i mbetjeve<\/figcaption><\/figure>\n<\/div>\n<\/div>\n<\/div>\n<\/div>\n\n<h2 class=\"wp-block-heading\">Cilat jan\u00eb karakteristikat e Clearbox?<\/h2>\n\n<p><br\/><strong>Clearbox \u00ebsht\u00eb nj\u00eb nj\u00ebsi thith\u00ebse mobile<\/strong> e prodhuar n\u00eb Franc\u00eb, me garanci 5-vje\u00e7are dhe e pajisur me nj\u00eb shpejt\u00ebsi rrjedhjeje me performanc\u00eb t\u00eb lart\u00eb prej 2000 m3\/or\u00eb. \u00cbsht\u00eb e pajisur me 3 nivele filtrimi me performanc\u00eb t\u00eb lart\u00eb, t\u00eb cilat mund t\u00eb konfigurohen sipas nevojave tuaja. \u00cbsht\u00eb i disponuesh\u00ebm n\u00eb <strong>2 nivele filtrimi me nj\u00eb parafilt\u00ebr G4<\/strong> dhe nj\u00eb filt\u00ebr ngopjes F9 deri n\u00eb H14, ose n\u00eb 3 nivele duke integruar karbon t\u00eb aktivizuar.  <\/p>\n\n<p><br\/>P\u00ebrve\u00e7 k\u00ebsaj, \u00ebsht\u00eb i disponuesh\u00ebm n\u00eb tre versione: me <strong>krah thith\u00ebs<\/strong> , me hyrje me tuba ose n\u00eb form\u00ebn e nj\u00eb <strong>tavoline thith\u00ebse<\/strong> , dhe gjithashtu mund t\u00eb p\u00ebrshtatet n\u00eb nj\u00eb version pluhuri ATEX. Fal\u00eb kapacitetit t\u00eb tij t\u00eb lart\u00eb t\u00eb adsorbimit, ai mund t\u00eb eliminoj\u00eb nj\u00eb maksimum ndot\u00ebsish. <\/p>\n\n<p><br\/>P\u00ebr t\u00eb siguruar funksionimin e duhur t\u00eb pajisjes, \u00ebsht\u00eb thelb\u00ebsore t\u00eb <strong>z\u00ebvend\u00ebsohen filtrat rregullisht<\/strong> . \u00cbsht\u00eb integruar nj\u00eb sistem matjeje i bllokimit t\u00eb filtrit, i cili tregon se kur duhet t&#8217;i nd\u00ebrroni ato, dhe z\u00ebvend\u00ebsimi i medias s\u00eb filtrit \u00ebsht\u00eb i thjesht\u00eb. <\/p>\n\n<p><\/p>\n\n<p>Kjo pajisje \u00ebsht\u00eb <strong>Plug and Play<\/strong> , gj\u00eb q\u00eb thjeshton instalimin e saj. E pajisur me rrota dhe nj\u00eb dizajn ve\u00e7an\u00ebrisht kompakt, ajo \u00ebsht\u00eb leht\u00ebsisht e manovrueshme dhe p\u00ebrshtatet n\u00eb \u00e7do mjedis pune. <\/p>\n\n<figure class=\"wp-block-table\"><table class=\"has-fixed-layout\"><thead><tr><th class=\"has-text-align-center\" data-align=\"center\">Pajisja<\/th><th class=\"has-text-align-center\" data-align=\"center\"><\/th><th class=\"has-text-align-center\" data-align=\"center\">Me krah\u00eb<\/th><th class=\"has-text-align-center\" data-align=\"center\">Hyrje me tuba<\/th><th class=\"has-text-align-center\" data-align=\"center\">Tavolin\u00eb<\/th><\/tr><\/thead><tbody><tr><td class=\"has-text-align-center\" data-align=\"center\">Shkalla maksimale e rrjedhjes<\/td><td class=\"has-text-align-center\" data-align=\"center\">m3\/h<\/td><td class=\"has-text-align-center\" data-align=\"center\">2000<\/td><td class=\"has-text-align-center\" data-align=\"center\">2500<\/td><td class=\"has-text-align-center\" data-align=\"center\">5000<\/td><\/tr><tr><td class=\"has-text-align-center\" data-align=\"center\">Rregullimi i rrjedh\u00ebs<\/td><td class=\"has-text-align-center\" data-align=\"center\">%<\/td><td class=\"has-text-align-center\" data-align=\"center\">0-100<\/td><td class=\"has-text-align-center\" data-align=\"center\">0-100<\/td><td class=\"has-text-align-center\" data-align=\"center\">0-100<\/td><\/tr><tr><td class=\"has-text-align-center\" data-align=\"center\">Fuqia e instaluar<\/td><td class=\"has-text-align-center\" data-align=\"center\">W<\/td><td class=\"has-text-align-center\" data-align=\"center\">750<\/td><td class=\"has-text-align-center\" data-align=\"center\">750<\/td><td class=\"has-text-align-center\" data-align=\"center\">750<\/td><\/tr><tr><td class=\"has-text-align-center\" data-align=\"center\">Ushqimi<\/td><td class=\"has-text-align-center\" data-align=\"center\">V<\/td><td class=\"has-text-align-center\" data-align=\"center\">230<\/td><td class=\"has-text-align-center\" data-align=\"center\">230<\/td><td class=\"has-text-align-center\" data-align=\"center\">230<\/td><\/tr><tr><td class=\"has-text-align-center\" data-align=\"center\">Dimensionet e p\u00ebrgjithshme (gjat\u00ebsi x gjer\u00ebsi x lart\u00ebsi)<\/td><td class=\"has-text-align-center\" data-align=\"center\">Mm<\/td><td class=\"has-text-align-center\" data-align=\"center\">710x710x2050<\/td><td class=\"has-text-align-center\" data-align=\"center\">710x710x2050<\/td><td class=\"has-text-align-center\" data-align=\"center\">710x710x2050<\/td><\/tr><tr><td class=\"has-text-align-center\" data-align=\"center\">Pesha<\/td><td class=\"has-text-align-center\" data-align=\"center\">kg<\/td><td class=\"has-text-align-center\" data-align=\"center\">70<\/td><td class=\"has-text-align-center\" data-align=\"center\">75<\/td><td class=\"has-text-align-center\" data-align=\"center\">75<\/td><\/tr><tr><td class=\"has-text-align-center\" data-align=\"center\">Niveli i z\u00ebrit<\/td><td class=\"has-text-align-center\" data-align=\"center\">dB<\/td><td class=\"has-text-align-center\" data-align=\"center\">72<\/td><td class=\"has-text-align-center\" data-align=\"center\">72<\/td><td class=\"has-text-align-center\" data-align=\"center\">72<\/td><\/tr><\/tbody><\/table><\/figure>\n\n<p><\/p>\n","protected":false},"excerpt":{"rendered":"<p>Clearbox \u00ebsht\u00eb nj\u00eb kuti thith\u00ebse mobile e prodhuar n\u00eb Franc\u00eb , me garanci 5-vje\u00e7are dhe e pajisur me nj\u00eb shpejt\u00ebsi rrjedhjeje me performanc\u00eb t\u00eb lart\u00eb. \u00cbsht\u00eb projektuar posa\u00e7\u00ebrisht p\u00ebr trajtimin e komponimeve organike t\u00eb paq\u00ebndrueshme (VOC), gazrave, aromave, tret\u00ebsve, pluhurit dhe tymit. Kjo kuti ofron nivele t\u00eb ndryshme filtrimi , duke filluar nga 2 deri n\u00eb 3 faza, dhe mund t\u00eb konfigurohet sipas nevojave tuaja specifike, duke garantuar k\u00ebshtu efikasitet optimal n\u00eb eliminimin e ndot\u00ebsve. \u00cbsht\u00eb e pajisur me nj\u00eb parafilt\u00ebr G4, filtra ngop\u00ebs nga F9 deri n\u00eb H14 t\u00eb p\u00ebrshtatsh\u00ebm p\u00ebr pluhurin dhe tymin, dhe mund t\u00eb integroj\u00eb karbon &#8230; <\/p>\n<p class=\"read-more-container\"><a title=\"Kutia e past\u00ebr\" class=\"read-more button\" href=\"https:\/\/obera.fr\/sq\/produits\/caissons-mobiles-aspiration\/kuti-e-paster\/#more-115391\" aria-label=\"Read more about Kutia e past\u00ebr\">Lire la suite<\/a><\/p>\n","protected":false},"author":4,"featured_media":103611,"parent":39630,"menu_order":0,"comment_status":"closed","ping_status":"closed","template":"","meta":{"_acf_changed":false,"_seopress_robots_primary_cat":"","_seopress_titles_title":"Clearbox: kuti thith\u00ebse mobile e VOC-s\u00eb","_seopress_titles_desc":"Fshes\u00eb me korrent mobile Clearbox: filtrim me efikasitet t\u00eb lart\u00eb t\u00eb VOC-ve, tymrave dhe aromave. Kompakte, e qet\u00eb, e konfigurueshme dhe e garantuar p\u00ebr 5 vjet. ","_seopress_robots_index":"","footnotes":""},"class_list":{"0":"post-115391","1":"page","2":"type-page","3":"status-publish","4":"has-post-thumbnail","6":"no-featured-image-padding","7":"resize-featured-image"},"acf":[],"_links":{"self":[{"href":"https:\/\/obera.fr\/sq\/wp-json\/wp\/v2\/pages\/115391","targetHints":{"allow":["GET"]}}],"collection":[{"href":"https:\/\/obera.fr\/sq\/wp-json\/wp\/v2\/pages"}],"about":[{"href":"https:\/\/obera.fr\/sq\/wp-json\/wp\/v2\/types\/page"}],"author":[{"embeddable":true,"href":"https:\/\/obera.fr\/sq\/wp-json\/wp\/v2\/users\/4"}],"replies":[{"embeddable":true,"href":"https:\/\/obera.fr\/sq\/wp-json\/wp\/v2\/comments?post=115391"}],"version-history":[{"count":2,"href":"https:\/\/obera.fr\/sq\/wp-json\/wp\/v2\/pages\/115391\/revisions"}],"predecessor-version":[{"id":120463,"href":"https:\/\/obera.fr\/sq\/wp-json\/wp\/v2\/pages\/115391\/revisions\/120463"}],"up":[{"embeddable":true,"href":"https:\/\/obera.fr\/sq\/wp-json\/wp\/v2\/pages\/39630"}],"wp:featuredmedia":[{"embeddable":true,"href":"https:\/\/obera.fr\/sq\/wp-json\/wp\/v2\/media\/103611"}],"wp:attachment":[{"href":"https:\/\/obera.fr\/sq\/wp-json\/wp\/v2\/media?parent=115391"}],"curies":[{"name":"wp","href":"https:\/\/api.w.org\/{rel}","templated":true}]}}