{"id":37750,"date":"2024-05-07T09:40:58","date_gmt":"2024-05-07T07:40:58","guid":{"rendered":"https:\/\/obera.fr\/tabela-celulare-epurbox-tsp\/"},"modified":"2025-06-30T13:59:51","modified_gmt":"2025-06-30T11:59:51","slug":"epurbox-tsp","status":"publish","type":"page","link":"https:\/\/obera.fr\/sq\/produits\/caissons-mobiles-aspiration\/epurbox-tsp\/","title":{"rendered":"EpurBox TSP"},"content":{"rendered":"\n<div class=\"wp-block-columns is-layout-flex wp-container-core-columns-is-layout-28f84493 wp-block-columns-is-layout-flex\">\n<div class=\"wp-block-column is-vertically-aligned-top is-layout-flow wp-block-column-is-layout-flow\" style=\"flex-basis:33.33%\">\n<figure class=\"wp-block-image aligncenter size-full is-resized\"><img decoding=\"async\" width=\"1200\" height=\"1200\" src=\"https:\/\/obera.fr\/wp-content\/uploads\/2024\/05\/epurbox-tsp.png\" alt=\"tavolin&#xEB; me vakum epurbox tsp\" class=\"wp-image-30348\" style=\"width:296px;height:346px\" srcset=\"https:\/\/obera.fr\/wp-content\/uploads\/2024\/05\/epurbox-tsp.png 1200w, https:\/\/obera.fr\/wp-content\/uploads\/2024\/05\/epurbox-tsp-300x300.png 300w, https:\/\/obera.fr\/wp-content\/uploads\/2024\/05\/epurbox-tsp-1024x1024.png 1024w, https:\/\/obera.fr\/wp-content\/uploads\/2024\/05\/epurbox-tsp-150x150.png 150w, https:\/\/obera.fr\/wp-content\/uploads\/2024\/05\/epurbox-tsp-768x768.png 768w\" sizes=\"(max-width: 1200px) 100vw, 1200px\" \/><figcaption class=\"wp-element-caption\">ePURbox TSP<\/figcaption><\/figure>\n<\/div>\n\n\n\n<div class=\"wp-block-column is-layout-flow wp-block-column-is-layout-flow\" style=\"flex-basis:66.66%\">\n<p><strong>Tabela e thithjes ePURBOX<\/strong> \u00ebsht\u00eb nj\u00eb tabel\u00eb e ngulitur drejtp\u00ebrdrejt n\u00eb pajisjen ePURBOX. Prandaj ka sistemin e vet t\u00eb filtrimit dhe ventilatorin e vet p\u00ebr trajtimin e aromave dhe VOC-ve. Mbulesa e murit t\u00eb pasm\u00eb siguron thithje dhe grumbullim shum\u00eb efikas t\u00eb ndot\u00ebsve n\u00eb t\u00eb gjith\u00eb sip\u00ebrfaqen e tryez\u00ebs thith\u00ebse.  <\/p>\n\n\n\n<p>Grimcat e trasha filtrohen n\u00eb rrjedh\u00ebn e sip\u00ebrme nga nj\u00eb parafilt\u00ebr i integruar (G4) p\u00ebr t\u00eb zgjatur jet\u00ebn e fishek\u00ebve t\u00eb karbonit t\u00eb aktivizuar.<\/p>\n\n\n\n<p>Veshja e murit an\u00ebsor siguron kapje shum\u00eb t\u00eb lart\u00eb t\u00eb arom\u00ebs n\u00eb sip\u00ebrfaqen e tavolin\u00ebs. S\u00eb fundi, ajri i procesit filtrohet nga karboni i aktivizuar (tipi A) dhe mund t\u00eb rifutet n\u00eb hap\u00ebsir\u00ebn e pun\u00ebs. <\/p>\n\n\n\n<hr class=\"wp-block-separator has-css-opacity is-style-dots\"\/>\n\n\n\n<div class=\"wp-block-columns is-layout-flex wp-container-core-columns-is-layout-28f84493 wp-block-columns-is-layout-flex\">\n<div class=\"wp-block-column is-layout-flow wp-block-column-is-layout-flow\" style=\"flex-basis:33.33%\">\n<div class=\"wp-block-buttons is-layout-flex wp-block-buttons-is-layout-flex\">\n<div class=\"wp-block-button\"><a class=\"wp-block-button__link wp-element-button\" href=\"https:\/\/obera.fr\/wp-content\/uploads\/2025\/04\/brochure-epurbox-tsp-atex-fr.pdf\">SHKARKONI BROSHUR\u00cbN<\/a><\/div>\n<\/div>\n<\/div>\n\n\n\n<div class=\"wp-block-column is-layout-flow wp-block-column-is-layout-flow\" style=\"flex-basis:33.34%\">\n<div class=\"wp-block-buttons is-horizontal is-content-justification-center is-layout-flex wp-container-core-buttons-is-layout-03627597 wp-block-buttons-is-layout-flex\">\n<div class=\"wp-block-button has-custom-width wp-block-button__width-100\"><a class=\"wp-block-button__link wp-element-button\" href=\"https:\/\/obera.fr\/sq\/na-kontaktoni\/\">M\u00ebsoni m\u00eb shum\u00eb<\/a><\/div>\n<\/div>\n<\/div>\n\n\n\n<div class=\"wp-block-column is-layout-flow wp-block-column-is-layout-flow\" style=\"flex-basis:33.34%\">\n<div class=\"wp-block-buttons is-content-justification-center is-layout-flex wp-container-core-buttons-is-layout-a89b3969 wp-block-buttons-is-layout-flex\">\n<div class=\"wp-block-button btn-devis-source\"><a class=\"wp-block-button__link wp-element-button\" href=\"https:\/\/obera.fr\/sq\/devis\/\">K\u00ebrkes\u00eb p\u00ebr kuot\u00eb<\/a><\/div>\n<\/div>\n\n\n<script>\r\ndocument.addEventListener('DOMContentLoaded', function() {\r\n    \/\/ 1. On cherche le titre H1 de la page\r\n    var h1 = document.querySelector('h1');\r\n    var productTitle = h1 ? h1.innerText.trim() : \"\";\r\n\r\n    \/\/ 2. On cherche les boutons via la classe CSS .btn-devis-source\r\n    var buttons = document.querySelectorAll('.btn-devis-source a');\r\n\r\n    \/\/ 3. Si on a le titre et les boutons, on ajoute le param\u00e8tre\r\n    if (buttons.length > 0 && productTitle !== \"\") {\r\n        var encodedTitle = encodeURIComponent(productTitle);\r\n\r\n        buttons.forEach(function(btn) {\r\n            var currentHref = btn.getAttribute('href');\r\n            \r\n            \/\/ S\u00e9curit\u00e9 pour ne pas ajouter le param\u00e8tre 2 fois\r\n            if (currentHref.indexOf('sujet=') === -1) {\r\n                var separator = currentHref.indexOf('?') !== -1 ? '&' : '?';\r\n                var newLink = currentHref + separator + 'sujet=' + encodedTitle;\r\n                \r\n                btn.setAttribute('href', newLink);\r\n            }\r\n        });\r\n    }\r\n});\r\n<\/script><\/div>\n<\/div>\n\n\n\n<div style=\"height:45px\" aria-hidden=\"true\" class=\"wp-block-spacer\"><\/div>\n<\/div>\n<\/div>\n\n<div class=\"wp-block-columns is-layout-flex wp-container-core-columns-is-layout-28f84493 wp-block-columns-is-layout-flex\">\n<div class=\"wp-block-column is-layout-flow wp-block-column-is-layout-flow\" style=\"flex-basis:33.34%\">\n<h3 class=\"wp-block-heading\">P\u00ebrfitimet<\/h3>\n\n\n\n<ul class=\"wp-block-list\">\n<li>Ventilator me efikasitet shum\u00eb t\u00eb lart\u00eb<\/li>\n\n\n\n<li>I heshtur<\/li>\n\n\n\n<li>Celular, i leht\u00eb, i dobish\u00ebm<\/li>\n\n\n\n<li>Gjurm\u00eb e vog\u00ebl<\/li>\n\n\n\n<li>Mir\u00ebmbajtje e leht\u00eb e filtrit<\/li>\n\n\n\n<li>Shkalla e rrjedh\u00ebs e rregullueshme nga 0 n\u00eb 100%<\/li>\n\n\n\n<li>Sistemi Plug &amp; Play<\/li>\n<\/ul>\n<\/div>\n\n\n\n<div class=\"wp-block-column is-layout-flow wp-block-column-is-layout-flow\" style=\"flex-basis:33.34%\">\n<h3 class=\"wp-block-heading\">Karakteristika t\u00eb ve\u00e7anta<\/h3>\n\n\n\n<ul class=\"wp-block-list\">\n<li>Z\u00ebvend\u00ebsimi i leht\u00eb i mediave t\u00eb filtrit<\/li>\n\n\n\n<li>Pajisja e shkall\u00ebzueshme dhe e konfigurueshme<\/li>\n\n\n\n<li>Atex 2 gas \/ Atex 22 Pluhuri<\/li>\n\n\n\n<li>Kapacitet i fort\u00eb absorbues<\/li>\n\n\n\n<li>Mat\u00ebs i or\u00ebs<\/li>\n\n\n\n<li>Matja e bllokimit t\u00eb filtrit<\/li>\n\n\n\n<li>220 V<\/li>\n<\/ul>\n<\/div>\n\n\n\n<div class=\"wp-block-column is-layout-flow wp-block-column-is-layout-flow\" style=\"flex-basis:33.33%\">\n<h3 class=\"wp-block-heading\">Ve\u00e7orit\u00eb<\/h3>\n\n\n\n<ul class=\"wp-block-list\">\n<li>Prurja maksimale 1200 m3\/h<\/li>\n\n\n\n<li>diametri i hyrjes 140 mm<\/li>\n\n\n\n<li>Depresioni maksimal 1350 Pa<\/li>\n\n\n\n<li>Fuqia 0,75 kW<\/li>\n\n\n\n<li>Filt\u00ebr me karbon aktiv 15 kg<\/li>\n\n\n\n<li>P\u00ebrmasat: 700 x 710 x 1060 mm<\/li>\n\n\n\n<li>Pesha 90 kg<\/li>\n\n\n\n<li>Niveli i z\u00ebrit 68 db<\/li>\n<\/ul>\n<\/div>\n<\/div>\n\n<h3 class=\"wp-block-heading\">P\u00ebrfitimet<\/h3>\n\n<p>Tavolina e thithjes ePURBOX \u00ebsht\u00eb projektuar p\u00ebr <strong>p\u00ebrdorim t\u00eb l\u00ebvizsh\u00ebm dhe \u00ebsht\u00eb e p\u00ebrshtatshme p\u00ebr funksionim t\u00eb vazhduesh\u00ebm<\/strong> . Nd\u00ebrtimi i saj i fort\u00eb siguron nj\u00eb tavolin\u00eb nxjerrjeje kompakte dhe t\u00eb manovrueshme n\u00eb m\u00ebnyr\u00eb t\u00eb p\u00ebrkryer. Nj\u00eb sirtar ndodhet n\u00ebn rrjet\u00eb p\u00ebr t\u00eb eliminuar thjesht dhe past\u00ebr mbeturinat e mbledhura gjat\u00eb procesit. P\u00ebrdorimi i teknologjis\u00eb EC lejon <strong>funksionimin e qet\u00eb dhe ekonomik<\/strong> t\u00eb pajisjes.   <\/p>\n\n<h3 class=\"wp-block-heading\">Karakteristika t\u00eb ve\u00e7anta<\/h3>\n\n<p>Tavolina e thithjes ePURBOX ka nj\u00eb \u00e7el\u00ebs rregullimi t\u00eb vazhduesh\u00ebm t\u00eb rrjedh\u00ebs s\u00eb ajrit. Duke p\u00ebrdorur nj\u00eb <strong>rrotullues, mund ta menaxhoni manualisht rrjedh\u00ebn e ajrit<\/strong> sipas nevoj\u00ebs. Ekziston gjithashtu nj\u00eb num\u00ebrues oraresh funksionimi p\u00ebr t\u00eb treguar se sa koh\u00eb kan\u00eb qen\u00eb filtrat brenda, p\u00ebr shembull, gj\u00eb q\u00eb do t&#8217;ju lejoj\u00eb t\u00eb dini kur t&#8217;i nd\u00ebrroni ato.  <\/p>\n\n<h3 class=\"wp-block-heading\">Ve\u00e7orit\u00eb<\/h3>\n\n<p>Materialet e p\u00ebrdorura n\u00eb projektimin e <strong>tryez\u00ebs s\u00eb thithjes ePURBOX<\/strong> i japin asaj q\u00ebndrueshm\u00ebri dhe manovrim. L\u00ebvizshm\u00ebria dhe dimensionet e saj e b\u00ebjn\u00eb k\u00ebt\u00eb tavolin\u00eb nj\u00eb hap\u00ebsir\u00eb \u200b\u200bpune efikase. <\/p>\n\n<h3 class=\"wp-block-heading\">Cil\u00ebt ndot\u00ebs mund t\u00eb trajtohen me tabel\u00ebn ePURBOX?<\/h3>\n\n<p>Tabela e thithjes ePURBOX TSP \u00ebsht\u00eb efektive kund\u00ebr:<\/p>\n\n<ul class=\"wp-block-list\">\n<li>Grimca t\u00eb gjeneruara nga l\u00ebmimi dhe bluarja.<\/li>\n\n\n\n<li>Pluhur i im\u00ebt dhe ultra i im\u00ebt;<\/li>\n\n\n\n<li>Tymi metalik;<\/li>\n\n\n\n<li>Gazra dhe avuj t\u00eb d\u00ebmsh\u00ebm;<\/li>\n<\/ul>\n\n<p><\/p>\n\n<div class=\"wp-block-columns is-layout-flex wp-container-core-columns-is-layout-28f84493 wp-block-columns-is-layout-flex\">\n<div class=\"wp-block-column is-layout-flow wp-block-column-is-layout-flow\" style=\"flex-basis:25%\"><\/div>\n\n\n\n<div class=\"wp-block-column is-layout-flow wp-block-column-is-layout-flow\" style=\"flex-basis:50%\">\n<figure class=\"wp-block-embed is-type-video is-provider-youtube wp-block-embed-youtube wp-embed-aspect-16-9 wp-has-aspect-ratio\"><div class=\"wp-block-embed__wrapper\">\n<iframe title=\"Caisson mobile d&#039;aspiration - ePURbox Atex - OberA\" width=\"1200\" height=\"675\" src=\"https:\/\/www.youtube.com\/embed\/vpDttbOwJGQ?start=1&#038;feature=oembed\" frameborder=\"0\" allow=\"accelerometer; autoplay; clipboard-write; encrypted-media; gyroscope; picture-in-picture; web-share\" referrerpolicy=\"strict-origin-when-cross-origin\" allowfullscreen><\/iframe>\n<\/div><\/figure>\n\n\n\n<p><\/p>\n<\/div>\n\n\n\n<div class=\"wp-block-column is-layout-flow wp-block-column-is-layout-flow\" style=\"flex-basis:25%\"><\/div>\n<\/div>\n\n<h2 class=\"wp-block-heading\">Zbatimet industriale t\u00eb tavolinave t\u00eb drejtimit posht\u00eb ATEX<\/h2>\n\n<div class=\"wp-block-columns is-layout-flex wp-container-core-columns-is-layout-28f84493 wp-block-columns-is-layout-flex\">\n<div class=\"wp-block-column is-layout-flow wp-block-column-is-layout-flow\">\n<h3 class=\"wp-block-heading has-text-align-center\">Ndot\u00ebsit<\/h3>\n\n\n\n<div class=\"wp-block-columns is-layout-flex wp-container-core-columns-is-layout-28f84493 wp-block-columns-is-layout-flex\">\n<div class=\"wp-block-column is-layout-flow wp-block-column-is-layout-flow\">\n<figure class=\"wp-block-image aligncenter size-large\"><img decoding=\"async\" width=\"70\" height=\"70\" src=\"https:\/\/obera.fr\/wp-content\/uploads\/2021\/03\/industrie-fumees.jpg\" alt=\"tymrat e industris&#xEB;\" class=\"wp-image-4971\"\/><figcaption class=\"wp-element-caption\">Tymrat<\/figcaption><\/figure>\n\n\n\n<figure class=\"wp-block-image aligncenter size-large\"><img decoding=\"async\" width=\"70\" height=\"70\" src=\"https:\/\/obera.fr\/wp-content\/uploads\/2021\/03\/industrie-odeur-2.jpg\" alt=\"er&#xEB; industrie 2\" class=\"wp-image-4972\"\/><figcaption class=\"wp-element-caption\">Aromat<\/figcaption><\/figure>\n<\/div>\n\n\n\n<div class=\"wp-block-column is-layout-flow wp-block-column-is-layout-flow\">\n<figure class=\"wp-block-image aligncenter size-large\"><img decoding=\"async\" width=\"70\" height=\"70\" src=\"https:\/\/obera.fr\/wp-content\/uploads\/2021\/03\/polluants-poussieres-1.jpg\" alt=\"ndot&#xEB;sit e pluhurit 1\" class=\"wp-image-4969\"\/><figcaption class=\"wp-element-caption\">Pluhuri<\/figcaption><\/figure>\n<\/div>\n<\/div>\n\n\n\n<p><\/p>\n<\/div>\n\n\n\n<div class=\"wp-block-column is-layout-flow wp-block-column-is-layout-flow\">\n<h3 class=\"wp-block-heading has-text-align-center\">industrit\u00eb<\/h3>\n\n\n\n<div class=\"wp-block-columns is-layout-flex wp-container-core-columns-is-layout-28f84493 wp-block-columns-is-layout-flex\">\n<div class=\"wp-block-column is-layout-flow wp-block-column-is-layout-flow\">\n<figure class=\"wp-block-image aligncenter size-large\"><img decoding=\"async\" width=\"70\" height=\"70\" src=\"https:\/\/obera.fr\/wp-content\/uploads\/2021\/03\/industrie-metallurgie-1.jpg\" alt=\"industria e metalurgjis&#xEB; 1\" class=\"wp-image-4975\"\/><figcaption class=\"wp-element-caption\">Metalurgji<\/figcaption><\/figure>\n\n\n\n<figure class=\"wp-block-image aligncenter size-large\"><img decoding=\"async\" width=\"70\" height=\"70\" src=\"https:\/\/obera.fr\/wp-content\/uploads\/2021\/03\/industrie-textile.jpg\" alt=\"industria e tekstilit\" class=\"wp-image-4980\"\/><figcaption class=\"wp-element-caption\">Tekstile<\/figcaption><\/figure>\n\n\n\n<figure class=\"wp-block-image aligncenter size-large\"><img decoding=\"async\" width=\"70\" height=\"70\" src=\"https:\/\/obera.fr\/wp-content\/uploads\/2021\/03\/industrie-chimie-1.jpg\" alt=\"industria kimike 1\" class=\"wp-image-4981\"\/><figcaption class=\"wp-element-caption\">Kimia<\/figcaption><\/figure>\n\n\n\n<figure class=\"wp-block-image aligncenter size-large\"><img decoding=\"async\" width=\"70\" height=\"70\" src=\"https:\/\/obera.fr\/wp-content\/uploads\/2021\/03\/industrie-minerai.jpg\" alt=\"industria e xehes\" class=\"wp-image-4977\"\/><figcaption class=\"wp-element-caption\">Ores<\/figcaption><\/figure>\n<\/div>\n\n\n\n<div class=\"wp-block-column is-layout-flow wp-block-column-is-layout-flow\">\n<figure class=\"wp-block-image aligncenter size-large\"><img decoding=\"async\" width=\"70\" height=\"70\" src=\"https:\/\/obera.fr\/wp-content\/uploads\/2020\/08\/industrie-bois.jpg\" alt=\"INSTITUTI I SHKENCAVE DHE MENAXHIMIT PARAMJEK&#xCB;SOR &#x2013; Menaxhment\" class=\"wp-image-672\"\/><figcaption class=\"wp-element-caption\">Punim druri<\/figcaption><\/figure>\n\n\n\n<figure class=\"wp-block-image aligncenter size-large\"><img decoding=\"async\" width=\"70\" height=\"70\" src=\"https:\/\/obera.fr\/wp-content\/uploads\/2021\/03\/industrie-plastique.jpg\" alt=\"industria plastike\" class=\"wp-image-4976\"\/><figcaption class=\"wp-element-caption\">Plastika<\/figcaption><\/figure>\n\n\n\n<figure class=\"wp-block-image aligncenter size-large\"><img decoding=\"async\" width=\"70\" height=\"70\" src=\"https:\/\/obera.fr\/wp-content\/uploads\/2021\/03\/industrie-papier-carton.jpg\" alt=\"industria e letr&#xEB;s s&#xEB; kartonit\" class=\"wp-image-4982\"\/><figcaption class=\"wp-element-caption\">Let\u00ebr\/karton<\/figcaption><\/figure>\n\n\n\n<figure class=\"wp-block-image aligncenter size-large\"><img decoding=\"async\" width=\"70\" height=\"70\" src=\"https:\/\/obera.fr\/wp-content\/uploads\/2020\/08\/industrie-dechets.jpg\" alt=\"Produkt - Mark&#xEB;\" class=\"wp-image-726\"\/><figcaption class=\"wp-element-caption\">Grumbullimi dhe klasifikimi i mbetjeve<\/figcaption><\/figure>\n<\/div>\n<\/div>\n<\/div>\n<\/div>\n\n<p>N\u00eb industrin\u00eb e aeronautik\u00ebs, <strong>kutia mobile thith\u00ebse ePURbox TSP<\/strong> p\u00ebrdoret p\u00ebr l\u00ebmimin e pjes\u00ebve t\u00eb aluminit, t\u00eb cilat gjenerojn\u00eb pluhur t\u00eb im\u00ebt. K\u00ebto pluhura alumini paraqesin rreziqe p\u00ebr sh\u00ebndetin e operator\u00ebve, por edhe <strong>rreziqe ATEX<\/strong> . Duke zgjedhur modelin ePURbox ATEX TSP, prodhuesi ka ulur ndjesh\u00ebm rreziqet q\u00eb lidhen me pluhurin e djegsh\u00ebm dhe ka p\u00ebrmbushur nevojat e tij p\u00ebr fleksibilitet duke zgjedhur pajisje t\u00eb l\u00ebvizshme.  <\/p>\n\n<div class=\"wp-block-buttons is-horizontal is-content-justification-center is-layout-flex wp-container-core-buttons-is-layout-03627597 wp-block-buttons-is-layout-flex\">\n<div class=\"wp-block-button has-custom-width wp-block-button__width-100\"><a class=\"wp-block-button__link wp-element-button\" href=\"https:\/\/obera.fr\/sq\/na-kontaktoni\/\">M\u00ebsoni m\u00eb shum\u00eb<\/a><\/div>\n<\/div>\n\n<figure class=\"wp-block-table\"><table class=\"has-fixed-layout\"><thead><tr><th>Produkti<\/th><th><\/th><th>ePURbox<\/th><\/tr><\/thead><tbody><tr><td>Rrjedha maksimale e ajrit.<\/td><td>m3\/h<\/td><td>1200<\/td><\/tr><tr><td>Tensioni i furnizimit<\/td><td>V<\/td><td>220<\/td><\/tr><tr><td>Fuqia<\/td><td>kW<\/td><td>0.75<\/td><\/tr><tr><td>Sip\u00ebrfaqja thith\u00ebse<\/td><td>mm<\/td><td>570 x 460<\/td><\/tr><tr><td>Filtri i karbonit t\u00eb aktivizuar<\/td><td>kg<\/td><td>15<\/td><\/tr><tr><td>Dimensionet<\/td><td>mm (J x P x B)<\/td><td>700 x 710 x 1060<\/td><\/tr><tr><td>Pesha<\/td><td>kg<\/td><td>90<\/td><\/tr><tr><td>Niveli i z\u00ebrit<\/td><td>dB(A)<\/td><td>68<\/td><\/tr><\/tbody><\/table><\/figure>\n","protected":false},"excerpt":{"rendered":"<p>Tabela e thithjes ePURBOX \u00ebsht\u00eb nj\u00eb tabel\u00eb e ngulitur drejtp\u00ebrdrejt n\u00eb pajisjen ePURBOX. Prandaj ka sistemin e vet t\u00eb filtrimit dhe ventilatorin e vet p\u00ebr trajtimin e aromave dhe VOC-ve. Mbulesa e murit t\u00eb pasm\u00eb siguron thithje dhe grumbullim shum\u00eb efikas t\u00eb ndot\u00ebsve n\u00eb t\u00eb gjith\u00eb sip\u00ebrfaqen e tryez\u00ebs thith\u00ebse. Grimcat e trasha filtrohen n\u00eb rrjedh\u00ebn e sip\u00ebrme nga nj\u00eb parafilt\u00ebr i integruar (G4) p\u00ebr t\u00eb zgjatur jet\u00ebn e fishek\u00ebve t\u00eb karbonit t\u00eb aktivizuar. Veshja e murit an\u00ebsor siguron kapje shum\u00eb t\u00eb lart\u00eb t\u00eb arom\u00ebs n\u00eb sip\u00ebrfaqen e tavolin\u00ebs. S\u00eb fundi, ajri i procesit filtrohet nga karboni i aktivizuar (tipi &#8230; <\/p>\n<p class=\"read-more-container\"><a title=\"EpurBox TSP\" class=\"read-more button\" href=\"https:\/\/obera.fr\/sq\/produits\/caissons-mobiles-aspiration\/epurbox-tsp\/#more-37750\" aria-label=\"Read more about EpurBox TSP\">Lire la suite<\/a><\/p>\n","protected":false},"author":4,"featured_media":83732,"parent":39630,"menu_order":0,"comment_status":"closed","ping_status":"closed","template":"","meta":{"_acf_changed":false,"_seopress_robots_primary_cat":"","_seopress_titles_title":"Table mobile ePURBOX TSP - oberA","_seopress_titles_desc":"","_seopress_robots_index":"","footnotes":""},"class_list":{"0":"post-37750","1":"page","2":"type-page","3":"status-publish","4":"has-post-thumbnail","6":"no-featured-image-padding","7":"resize-featured-image"},"acf":[],"_links":{"self":[{"href":"https:\/\/obera.fr\/sq\/wp-json\/wp\/v2\/pages\/37750","targetHints":{"allow":["GET"]}}],"collection":[{"href":"https:\/\/obera.fr\/sq\/wp-json\/wp\/v2\/pages"}],"about":[{"href":"https:\/\/obera.fr\/sq\/wp-json\/wp\/v2\/types\/page"}],"author":[{"embeddable":true,"href":"https:\/\/obera.fr\/sq\/wp-json\/wp\/v2\/users\/4"}],"replies":[{"embeddable":true,"href":"https:\/\/obera.fr\/sq\/wp-json\/wp\/v2\/comments?post=37750"}],"version-history":[{"count":21,"href":"https:\/\/obera.fr\/sq\/wp-json\/wp\/v2\/pages\/37750\/revisions"}],"predecessor-version":[{"id":116270,"href":"https:\/\/obera.fr\/sq\/wp-json\/wp\/v2\/pages\/37750\/revisions\/116270"}],"up":[{"embeddable":true,"href":"https:\/\/obera.fr\/sq\/wp-json\/wp\/v2\/pages\/39630"}],"wp:featuredmedia":[{"embeddable":true,"href":"https:\/\/obera.fr\/sq\/wp-json\/wp\/v2\/media\/83732"}],"wp:attachment":[{"href":"https:\/\/obera.fr\/sq\/wp-json\/wp\/v2\/media?parent=37750"}],"curies":[{"name":"wp","href":"https:\/\/api.w.org\/{rel}","templated":true}]}}