{"id":38489,"date":"2022-09-13T10:52:39","date_gmt":"2022-09-13T08:52:39","guid":{"rendered":"https:\/\/obera.fr\/produktet-tona\/kapni-krahet-dhe-pajisjet\/unaza-pouyes\/"},"modified":"2025-08-29T09:27:26","modified_gmt":"2025-08-29T07:27:26","slug":"anneaux-de-pouyes","status":"publish","type":"page","link":"https:\/\/obera.fr\/sq\/produits\/bras-dispositifs-captation\/anneaux-de-pouyes\/","title":{"rendered":"Unaza Pouy\u00e8s"},"content":{"rendered":"\n<h2 class=\"wp-block-heading\">Sensor\u00ebt e thithjes dhe sensor\u00ebt e unazave<\/h2>\n\n<p>P\u00ebr t\u00eb ruajtur nj\u00eb mjedis pune t\u00eb past\u00ebr dhe t\u00eb sh\u00ebndetsh\u00ebm dhe n\u00eb k\u00ebt\u00eb m\u00ebnyr\u00eb p\u00ebr t\u00eb mbrojtur sh\u00ebndetin e operator\u00ebve, ndot\u00ebsit duhet t\u00eb kapen sapo t\u00eb prodhohen, sa m\u00eb af\u00ebr burimit t\u00eb emetimit dhe n\u00eb m\u00ebnyr\u00ebn m\u00eb efikase t\u00eb mundshme. Kjo merr parasysh natyr\u00ebn, karakteristikat dhe p\u00ebrqendrimin e vet\u00eb ndot\u00ebsit. N\u00eb var\u00ebsi t\u00eb k\u00ebrkesave t\u00eb klientit, OberA projekton unaza dhe sensor\u00eb thithjeje t\u00eb ndryshme Pouy\u00e8s nga e para.<\/p>\n\n<p><\/p>\n\n<div class=\"wp-block-columns is-layout-flex wp-container-core-columns-is-layout-28f84493 wp-block-columns-is-layout-flex\">\n<div class=\"wp-block-column is-vertically-aligned-top is-layout-flow wp-block-column-is-layout-flow\" style=\"flex-basis:33.33%\">\n<p><\/p>\n\n\n\n<figure class=\"wp-block-image aligncenter size-large\"><img decoding=\"async\" width=\"1024\" height=\"768\" src=\"https:\/\/obera.fr\/wp-content\/uploads\/2025\/08\/img_20250827_130840-1024x768.jpg\" alt=\"imazhi 20250827 130840\" class=\"wp-image-127390\" srcset=\"https:\/\/obera.fr\/wp-content\/uploads\/2025\/08\/img_20250827_130840-1024x768.jpg 1024w, https:\/\/obera.fr\/wp-content\/uploads\/2025\/08\/img_20250827_130840-300x225.jpg 300w, https:\/\/obera.fr\/wp-content\/uploads\/2025\/08\/img_20250827_130840-768x576.jpg 768w, https:\/\/obera.fr\/wp-content\/uploads\/2025\/08\/img_20250827_130840-1536x1152.jpg 1536w, https:\/\/obera.fr\/wp-content\/uploads\/2025\/08\/img_20250827_130840-2048x1536.jpg 2048w\" sizes=\"(max-width: 1024px) 100vw, 1024px\" \/><\/figure>\n<\/div>\n\n\n\n<div class=\"wp-block-column is-vertically-aligned-center is-layout-flow wp-block-column-is-layout-flow\" style=\"flex-basis:66.66%\">\n<h3 class=\"wp-block-heading\">SENSORET E UNAZES<\/h3>\n\n\n\n<p>Unazat Pouy\u00e8s ose sensor\u00ebt unazor\u00eb jan\u00eb mjete shum\u00eb efektive p\u00ebr t\u00eb kapur q\u00eb n\u00eb burim. Dizajni i tyre \u00ebsht\u00eb studiuar p\u00ebr t\u00eb garantuar shpejt\u00ebsi optimale thithjeje dhe nj\u00eb rrjedh\u00eb homogjene t\u00eb ajrit, nd\u00ebrkoh\u00eb q\u00eb liron hap\u00ebsir\u00ebn mbi zon\u00ebn e pun\u00ebs.<\/p>\n\n\n\n<h3 class=\"wp-block-heading\">funksionimi i nj\u00eb unaze pouy\u00e8s<\/h3>\n\n\n\n<p>Fal\u00eb depresionit t\u00eb krijuar nga ventilatori, ndot\u00ebsit e paq\u00ebndruesh\u00ebm kapen sa m\u00eb af\u00ebr burimit t\u00eb emetimit nga ku kalohen p\u00ebrmes vrimave t\u00eb thithjes n\u00eb kolektorin e lidhur me sistemin e filtrimit.<\/p>\n\n\n\n<h3 class=\"wp-block-heading\">P\u00cbRFITIMET<\/h3>\n\n\n\n<p class=\"has-contrast-color has-text-color\">Unazat Pouy\u00e8s, p\u00ebrve\u00e7 ruajtjes s\u00eb sh\u00ebndetit t\u00eb operator\u00ebve dhe mjedisit t\u00eb tyre t\u00eb pun\u00ebs, lejojn\u00eb <span class=\"JsGRdQ\" style=\"color: rgb(33, 45, 87); font-weight: 400; font-style: normal; text-decoration: none;\">optimizimin e normave t\u00eb rrjedh\u00ebs s\u00eb thithjes si dhe kursime reale t\u00eb energjis\u00eb<\/span> . Nga pik\u00ebpamja ergonomike, unazat Pouy\u00e8s shmangin \u00e7do shqet\u00ebsim p\u00ebr operatorin. N\u00eb konfigurimin e saj me pushimin e \u00e7ant\u00ebs, unaza Pouy\u00e8s mund t\u00eb leht\u00ebsoj\u00eb dhe leht\u00ebsoj\u00eb p\u00ebrdoruesin n\u00eb detyr\u00ebn e tij t\u00eb p\u00ebrditshme. P\u00ebr shkak t\u00eb dizajnit t\u00eb tyre, ju gjithashtu p\u00ebrfitoni nga mir\u00ebmbajtja e thjesht\u00eb dhe e shpejt\u00eb.   <\/p>\n\n\n\n<div class=\"wp-block-columns is-layout-flex wp-container-core-columns-is-layout-28f84493 wp-block-columns-is-layout-flex\">\n<div class=\"wp-block-column is-vertically-aligned-top is-layout-flow wp-block-column-is-layout-flow\">\n<div class=\"wp-block-buttons is-content-justification-center is-layout-flex wp-container-core-buttons-is-layout-a89b3969 wp-block-buttons-is-layout-flex\">\n<div class=\"wp-block-button is-style-fill\"><a class=\"wp-block-button__link wp-element-button\" href=\"https:\/\/obera.fr\/wp-content\/uploads\/2025\/06\/brochure-anneaux-de-pouyes.pdf\">Shkarkoni broshur\u00ebn<\/a><\/div>\n<\/div>\n<\/div>\n\n\n\n<div class=\"wp-block-column is-vertically-aligned-top is-layout-flow wp-block-column-is-layout-flow\">\n<div class=\"wp-block-buttons is-horizontal is-content-justification-center is-layout-flex wp-container-core-buttons-is-layout-03627597 wp-block-buttons-is-layout-flex\">\n<div class=\"wp-block-button has-custom-width wp-block-button__width-100\"><a class=\"wp-block-button__link wp-element-button\" href=\"https:\/\/obera.fr\/sq\/na-kontaktoni\/\">M\u00ebsoni m\u00eb shum\u00eb<\/a><\/div>\n<\/div>\n<\/div>\n\n\n\n<div class=\"wp-block-column is-layout-flow wp-block-column-is-layout-flow\">\n<div class=\"wp-block-buttons is-content-justification-center is-layout-flex wp-container-core-buttons-is-layout-a89b3969 wp-block-buttons-is-layout-flex\">\n<div class=\"wp-block-button btn-devis-source\"><a class=\"wp-block-button__link wp-element-button\" href=\"https:\/\/obera.fr\/sq\/devis\/\">K\u00ebrkes\u00eb p\u00ebr kuot\u00eb<\/a><\/div>\n<\/div>\n\n\n<script>\r\ndocument.addEventListener('DOMContentLoaded', function() {\r\n    \/\/ 1. On cherche le titre H1 de la page\r\n    var h1 = document.querySelector('h1');\r\n    var productTitle = h1 ? h1.innerText.trim() : \"\";\r\n\r\n    \/\/ 2. On cherche les boutons via la classe CSS .btn-devis-source\r\n    var buttons = document.querySelectorAll('.btn-devis-source a');\r\n\r\n    \/\/ 3. Si on a le titre et les boutons, on ajoute le param\u00e8tre\r\n    if (buttons.length > 0 && productTitle !== \"\") {\r\n        var encodedTitle = encodeURIComponent(productTitle);\r\n\r\n        buttons.forEach(function(btn) {\r\n            var currentHref = btn.getAttribute('href');\r\n            \r\n            \/\/ S\u00e9curit\u00e9 pour ne pas ajouter le param\u00e8tre 2 fois\r\n            if (currentHref.indexOf('sujet=') === -1) {\r\n                var separator = currentHref.indexOf('?') !== -1 ? '&' : '?';\r\n                var newLink = currentHref + separator + 'sujet=' + encodedTitle;\r\n                \r\n                btn.setAttribute('href', newLink);\r\n            }\r\n        });\r\n    }\r\n});\r\n<\/script><\/div>\n<\/div>\n<\/div>\n<\/div>\n\n<h2 class=\"wp-block-heading\">\u00c7far\u00eb ndot\u00ebsish mund t\u00eb trajtoj me unazat Pouy\u00e8s?<\/h2>\n\n<p><\/p>\n\n<div class=\"wp-block-columns is-layout-flex wp-container-core-columns-is-layout-28f84493 wp-block-columns-is-layout-flex\">\n<div class=\"wp-block-column is-layout-flow wp-block-column-is-layout-flow\" style=\"flex-basis:33.33%\">\n<figure class=\"wp-block-image aligncenter size-full is-resized\"><img decoding=\"async\" width=\"500\" height=\"500\" src=\"https:\/\/obera.fr\/wp-content\/uploads\/2024\/05\/anneau-de-pouyes-2-1.jpg\" alt=\"unaz&#xEB; me puyes 2 1\" class=\"wp-image-31088\" style=\"width:169px;height:auto\" srcset=\"https:\/\/obera.fr\/wp-content\/uploads\/2024\/05\/anneau-de-pouyes-2-1.jpg 500w, https:\/\/obera.fr\/wp-content\/uploads\/2024\/05\/anneau-de-pouyes-2-1-300x300.jpg 300w, https:\/\/obera.fr\/wp-content\/uploads\/2024\/05\/anneau-de-pouyes-2-1-150x150.jpg 150w\" sizes=\"(max-width: 500px) 100vw, 500px\" \/><\/figure>\n<\/div>\n\n\n\n<div class=\"wp-block-column is-layout-flow wp-block-column-is-layout-flow\" style=\"flex-basis:66.66%\">\n<div class=\"wp-block-columns is-layout-flex wp-container-core-columns-is-layout-28f84493 wp-block-columns-is-layout-flex\">\n<div class=\"wp-block-column is-layout-flow wp-block-column-is-layout-flow\"><\/div>\n<\/div>\n\n\n\n<div class=\"wp-block-columns is-layout-flex wp-container-core-columns-is-layout-28f84493 wp-block-columns-is-layout-flex\">\n<div class=\"wp-block-column is-layout-flow wp-block-column-is-layout-flow\"><\/div>\n<\/div>\n\n\n\n<p>Sensor\u00ebt unazor\u00eb mund t\u00eb p\u00ebrdoren n\u00eb sektor\u00eb t\u00eb ndrysh\u00ebm industrial\u00eb dhe rekomandohen ve\u00e7an\u00ebrisht n\u00eb operacionet e p\u00ebrzierjes dhe marrjes s\u00eb mostrave, n\u00eb thashet, mbushjen, kondicionimin, zbrazjen, bluarjen dhe sit\u00ebn, ngarkimin e reaktor\u00ebve apo edhe peshimin.<\/p>\n\n\n\n<div class=\"wp-block-columns is-layout-flex wp-container-core-columns-is-layout-28f84493 wp-block-columns-is-layout-flex\">\n<div class=\"wp-block-column is-layout-flow wp-block-column-is-layout-flow\"><\/div>\n<\/div>\n<\/div>\n<\/div>\n\n<div class=\"wp-block-columns is-layout-flex wp-container-core-columns-is-layout-28f84493 wp-block-columns-is-layout-flex\">\n<div class=\"wp-block-column is-layout-flow wp-block-column-is-layout-flow\"><\/div>\n<\/div>\n\n<div class=\"wp-block-columns is-layout-flex wp-container-core-columns-is-layout-28f84493 wp-block-columns-is-layout-flex\">\n<div class=\"wp-block-column is-layout-flow wp-block-column-is-layout-flow\"><\/div>\n\n\n\n<div class=\"wp-block-column is-layout-flow wp-block-column-is-layout-flow\"><\/div>\n<\/div>\n\n<h3 class=\"wp-block-heading\">Sektor\u00ebt e veprimtaris\u00eb<\/h3>\n\n<div class=\"wp-block-columns is-layout-flex wp-container-core-columns-is-layout-28f84493 wp-block-columns-is-layout-flex\">\n<div class=\"wp-block-column is-layout-flow wp-block-column-is-layout-flow\">\n<figure class=\"wp-block-image aligncenter size-full\"><img decoding=\"async\" width=\"150\" height=\"150\" src=\"https:\/\/obera.fr\/wp-content\/uploads\/2022\/02\/Chimie.png\" alt=\"kimis&#xEB;\" class=\"wp-image-8846\"\/><figcaption class=\"wp-element-caption\">Kimia<\/figcaption><\/figure>\n<\/div>\n\n\n\n<div class=\"wp-block-column is-layout-flow wp-block-column-is-layout-flow\">\n<figure class=\"wp-block-image aligncenter size-full\"><img decoding=\"async\" width=\"150\" height=\"150\" src=\"https:\/\/obera.fr\/wp-content\/uploads\/2022\/09\/Sans-titre-2022-09-13T095047.797.jpg\" alt=\"Kozmetike\" class=\"wp-image-14491\"\/><figcaption class=\"wp-element-caption\">Kozmetike<\/figcaption><\/figure>\n<\/div>\n\n\n\n<div class=\"wp-block-column is-layout-flow wp-block-column-is-layout-flow\">\n<figure class=\"wp-block-image aligncenter size-full\"><img decoding=\"async\" width=\"150\" height=\"150\" src=\"https:\/\/obera.fr\/wp-content\/uploads\/2022\/02\/AGROALIMENTAIRE.png\" alt=\"agro-ushqimore\" class=\"wp-image-8844\"\/><figcaption class=\"wp-element-caption\">Agro-ushqimore<\/figcaption><\/figure>\n<\/div>\n\n\n\n<div class=\"wp-block-column is-layout-flow wp-block-column-is-layout-flow\">\n<figure class=\"wp-block-image aligncenter size-full\"><img decoding=\"async\" width=\"150\" height=\"150\" src=\"https:\/\/obera.fr\/wp-content\/uploads\/2022\/09\/Sans-titre-2022-09-13T095545.356.jpg\" alt=\"Farmaceutike\" class=\"wp-image-14497\"\/><figcaption class=\"wp-element-caption\">Farmaceutike<\/figcaption><\/figure>\n<\/div>\n\n\n\n<div class=\"wp-block-column is-layout-flow wp-block-column-is-layout-flow\">\n<figure class=\"wp-block-image aligncenter size-full\"><img decoding=\"async\" width=\"150\" height=\"150\" src=\"https:\/\/obera.fr\/wp-content\/uploads\/2022\/09\/Sans-titre-2022-09-13T095819.046.jpg\" alt=\"Mekanike\" class=\"wp-image-14500\"\/><figcaption class=\"wp-element-caption\">Mekanike<\/figcaption><\/figure>\n<\/div>\n<\/div>\n\n<h2 class=\"wp-block-heading\">Cilat jan\u00eb karakteristikat?<\/h2>\n\n<p>Sensor\u00ebt unazor\u00eb mund t\u00eb prodhohen me porosi n\u00eb \u00e7elik t\u00eb galvanizuar, \u00e7elik t\u00eb lyer, \u00e7elik inox 304L dhe \u00e7elik inox 316L. N\u00eb var\u00ebsi t\u00eb aplikimit dhe k\u00ebrkesave specifike, ato jan\u00eb t\u00eb disponueshme me p\u00ebrfundim industrial ose farmaceutik, n\u00eb versione me nj\u00eb cop\u00eb t\u00eb vetme ose t\u00eb l\u00ebvizshme.<\/p>\n\n<figure class=\"wp-block-image aligncenter size-large is-resized\"><img decoding=\"async\" width=\"1024\" height=\"342\" src=\"https:\/\/obera.fr\/wp-content\/uploads\/2022\/09\/Sans-titre-2022-09-13T102420.496-1024x342.jpg\" alt=\"Karakteristikat e unazave Pouy&#xE8;s OberA\" class=\"wp-image-14505\" style=\"width:768px;height:257px\" srcset=\"https:\/\/obera.fr\/wp-content\/uploads\/2022\/09\/Sans-titre-2022-09-13T102420.496-1024x342.jpg 1024w, https:\/\/obera.fr\/wp-content\/uploads\/2022\/09\/Sans-titre-2022-09-13T102420.496-300x100.jpg 300w, https:\/\/obera.fr\/wp-content\/uploads\/2022\/09\/Sans-titre-2022-09-13T102420.496-768x256.jpg 768w, https:\/\/obera.fr\/wp-content\/uploads\/2022\/09\/Sans-titre-2022-09-13T102420.496-1536x512.jpg 1536w, https:\/\/obera.fr\/wp-content\/uploads\/2022\/09\/Sans-titre-2022-09-13T102420.496.jpg 2000w\" sizes=\"(max-width: 1024px) 100vw, 1024px\" \/><\/figure>\n\n<h2 class=\"wp-block-heading\">Pajisje t\u00eb tjera thith\u00ebse dhe grumbulluese OberA<\/h2>\n\n<div class=\"wp-block-columns is-layout-flex wp-container-core-columns-is-layout-28f84493 wp-block-columns-is-layout-flex\">\n<div class=\"wp-block-column is-layout-flow wp-block-column-is-layout-flow\">\n<figure class=\"wp-block-image aligncenter size-full is-resized\"><a href=\"https:\/\/obera.fr\/?page_id=489\"><img decoding=\"async\" width=\"433\" height=\"433\" src=\"https:\/\/obera.fr\/wp-content\/uploads\/2020\/10\/table-SF.png\" alt=\"Saldim - Tym\" class=\"wp-image-1179\" style=\"object-fit:cover;width:120px;height:120px\" srcset=\"https:\/\/obera.fr\/wp-content\/uploads\/2020\/10\/table-SF.png 433w, https:\/\/obera.fr\/wp-content\/uploads\/2020\/10\/table-SF-300x300.png 300w, https:\/\/obera.fr\/wp-content\/uploads\/2020\/10\/table-SF-150x150.png 150w\" sizes=\"(max-width: 433px) 100vw, 433px\" \/><\/a><figcaption class=\"wp-element-caption\">Tabela me vakum<\/figcaption><\/figure>\n<\/div>\n\n\n\n<div class=\"wp-block-column is-layout-flow wp-block-column-is-layout-flow\">\n<figure class=\"wp-block-image aligncenter size-large is-resized\"><a href=\"https:\/\/obera.fr\/produits\/bras-dispositifs-captation\/bras-de-laboratoire\/\"><img decoding=\"async\" width=\"1024\" height=\"1024\" src=\"https:\/\/obera.fr\/wp-content\/uploads\/2020\/11\/22-bras-de-labo-1024x1024.jpg\" alt=\"Fumex - Laborator\" class=\"wp-image-1662\" style=\"object-fit:cover;width:120px;height:120px\" srcset=\"https:\/\/obera.fr\/wp-content\/uploads\/2020\/11\/22-bras-de-labo-1024x1024.jpg 1024w, https:\/\/obera.fr\/wp-content\/uploads\/2020\/11\/22-bras-de-labo-300x300.jpg 300w, https:\/\/obera.fr\/wp-content\/uploads\/2020\/11\/22-bras-de-labo-150x150.jpg 150w, https:\/\/obera.fr\/wp-content\/uploads\/2020\/11\/22-bras-de-labo-768x768.jpg 768w, https:\/\/obera.fr\/wp-content\/uploads\/2020\/11\/22-bras-de-labo.jpg 1500w\" sizes=\"(max-width: 1024px) 100vw, 1024px\" \/><\/a><figcaption class=\"wp-element-caption\">Krahu laboratorik<\/figcaption><\/figure>\n<\/div>\n\n\n\n<div class=\"wp-block-column is-layout-flow wp-block-column-is-layout-flow\">\n<figure class=\"wp-block-image aligncenter size-thumbnail is-resized\"><a href=\"https:\/\/obera.fr\/produits\/bras-dispositifs-captation\/dosserets-aspirants\/\"><img decoding=\"async\" width=\"150\" height=\"150\" src=\"https:\/\/obera.fr\/wp-content\/uploads\/2020\/10\/Dosserets-oberA-150x150.png\" alt=\"Produkt - Dizajni i produktit\" class=\"wp-image-1174\" style=\"object-fit:cover;width:120px;height:120px\"\/><\/a><figcaption class=\"wp-element-caption\">Nxjerr\u00ebsit prapa splashes<\/figcaption><\/figure>\n<\/div>\n<\/div>\n\n<div class=\"wp-block-columns is-layout-flex wp-container-core-columns-is-layout-28f84493 wp-block-columns-is-layout-flex\">\n<div class=\"wp-block-column is-layout-flow wp-block-column-is-layout-flow\">\n<figure class=\"wp-block-image aligncenter size-thumbnail is-resized\"><img decoding=\"async\" width=\"150\" height=\"150\" src=\"https:\/\/obera.fr\/wp-content\/uploads\/2024\/06\/hotte-de-captation-rectangulaire-industrielle-600x600-1-1-150x150.png\" alt=\"Kapu&#xE7; koleksioni drejtk&#xEB;ndor industrial 600x600 1 1\" class=\"wp-image-31520\" style=\"object-fit:cover;width:120px;height:120px\" srcset=\"https:\/\/obera.fr\/wp-content\/uploads\/2024\/06\/hotte-de-captation-rectangulaire-industrielle-600x600-1-1-150x150.png 150w, https:\/\/obera.fr\/wp-content\/uploads\/2024\/06\/hotte-de-captation-rectangulaire-industrielle-600x600-1-1-300x300.png 300w, https:\/\/obera.fr\/wp-content\/uploads\/2024\/06\/hotte-de-captation-rectangulaire-industrielle-600x600-1-1-1024x1024.png 1024w, https:\/\/obera.fr\/wp-content\/uploads\/2024\/06\/hotte-de-captation-rectangulaire-industrielle-600x600-1-1-768x768.png 768w, https:\/\/obera.fr\/wp-content\/uploads\/2024\/06\/hotte-de-captation-rectangulaire-industrielle-600x600-1-1.png 1280w\" sizes=\"(max-width: 150px) 100vw, 150px\" \/><figcaption class=\"wp-element-caption\">Kapu\u00e7 grumbullimi industrial drejtk\u00ebndor<\/figcaption><\/figure>\n<\/div>\n\n\n\n<div class=\"wp-block-column is-layout-flow wp-block-column-is-layout-flow\">\n<figure class=\"wp-block-image aligncenter size-thumbnail is-resized\"><img decoding=\"async\" width=\"150\" height=\"150\" src=\"https:\/\/obera.fr\/wp-content\/uploads\/2024\/06\/hotte-de-captation-modulaire-600x600-1-150x150.png\" alt=\"Kapu&#xE7; koleksioni modular 600x600 1\" class=\"wp-image-31479\" style=\"object-fit:cover;width:120px;height:120px\" srcset=\"https:\/\/obera.fr\/wp-content\/uploads\/2024\/06\/hotte-de-captation-modulaire-600x600-1-150x150.png 150w, https:\/\/obera.fr\/wp-content\/uploads\/2024\/06\/hotte-de-captation-modulaire-600x600-1-300x300.png 300w, https:\/\/obera.fr\/wp-content\/uploads\/2024\/06\/hotte-de-captation-modulaire-600x600-1-1024x1024.png 1024w, https:\/\/obera.fr\/wp-content\/uploads\/2024\/06\/hotte-de-captation-modulaire-600x600-1-768x768.png 768w, https:\/\/obera.fr\/wp-content\/uploads\/2024\/06\/hotte-de-captation-modulaire-600x600-1.png 1280w\" sizes=\"(max-width: 150px) 100vw, 150px\" \/><figcaption class=\"wp-element-caption\">Kapu\u00e7e modulare<\/figcaption><\/figure>\n<\/div>\n\n\n\n<div class=\"wp-block-column is-layout-flow wp-block-column-is-layout-flow\">\n<figure class=\"wp-block-image aligncenter size-full is-resized\"><a href=\"https:\/\/obera.fr\/produits\/bras-dispositifs-captation\/capot-industriel\/\"><img decoding=\"async\" width=\"150\" height=\"150\" src=\"https:\/\/obera.fr\/wp-content\/uploads\/2020\/10\/capots.png\" alt=\"Standardi i ngjyrave RAL - Llak\" class=\"wp-image-1173\" style=\"object-fit:cover;width:120px;height:120px\"\/><\/a><figcaption class=\"wp-element-caption\">Mbulesa thith\u00ebse dhe grumbulluese<\/figcaption><\/figure>\n<\/div>\n<\/div>\n","protected":false},"excerpt":{"rendered":"<p>Sensor\u00ebt e thithjes dhe sensor\u00ebt e unazave P\u00ebr t\u00eb ruajtur nj\u00eb mjedis pune t\u00eb past\u00ebr dhe t\u00eb sh\u00ebndetsh\u00ebm dhe n\u00eb k\u00ebt\u00eb m\u00ebnyr\u00eb p\u00ebr t\u00eb mbrojtur sh\u00ebndetin e operator\u00ebve, ndot\u00ebsit duhet t\u00eb kapen sapo t\u00eb prodhohen, sa m\u00eb af\u00ebr burimit t\u00eb emetimit dhe n\u00eb m\u00ebnyr\u00ebn m\u00eb efikase t\u00eb mundshme. Kjo merr parasysh natyr\u00ebn, karakteristikat dhe p\u00ebrqendrimin e vet\u00eb ndot\u00ebsit. N\u00eb var\u00ebsi t\u00eb k\u00ebrkesave t\u00eb klientit, OberA projekton unaza dhe sensor\u00eb thithjeje t\u00eb ndryshme Pouy\u00e8s nga e para. SENSORET E UNAZES Unazat Pouy\u00e8s ose sensor\u00ebt unazor\u00eb jan\u00eb mjete shum\u00eb efektive p\u00ebr t\u00eb kapur q\u00eb n\u00eb burim. Dizajni i tyre \u00ebsht\u00eb studiuar p\u00ebr &#8230; <\/p>\n<p class=\"read-more-container\"><a title=\"Unaza Pouy\u00e8s\" class=\"read-more button\" href=\"https:\/\/obera.fr\/sq\/produits\/bras-dispositifs-captation\/anneaux-de-pouyes\/#more-38489\" aria-label=\"Read more about Unaza Pouy\u00e8s\">Lire la suite<\/a><\/p>\n","protected":false},"author":4,"featured_media":83732,"parent":38164,"menu_order":0,"comment_status":"closed","ping_status":"closed","template":"","meta":{"_acf_changed":false,"_seopress_robots_primary_cat":"","_seopress_titles_title":"Zbuloni p\u00ebrfitimet e jasht\u00ebzakonshme t\u00eb Unazave Pouy\u00e8s","_seopress_titles_desc":"Zbuloni pse Unazat Pouy\u00e8s jan\u00eb \u00e7el\u00ebsi thelb\u00ebsor p\u00ebr pastruesit m\u00eb efikas t\u00eb ajrit p\u00ebr cil\u00ebsi m\u00eb t\u00eb mir\u00eb t\u00eb ajrit t\u00eb brendsh\u00ebm.","_seopress_robots_index":"","_seopress_analysis_target_kw":"","footnotes":""},"class_list":{"0":"post-38489","1":"page","2":"type-page","3":"status-publish","4":"has-post-thumbnail","6":"no-featured-image-padding","7":"resize-featured-image"},"acf":[],"_links":{"self":[{"href":"https:\/\/obera.fr\/sq\/wp-json\/wp\/v2\/pages\/38489","targetHints":{"allow":["GET"]}}],"collection":[{"href":"https:\/\/obera.fr\/sq\/wp-json\/wp\/v2\/pages"}],"about":[{"href":"https:\/\/obera.fr\/sq\/wp-json\/wp\/v2\/types\/page"}],"author":[{"embeddable":true,"href":"https:\/\/obera.fr\/sq\/wp-json\/wp\/v2\/users\/4"}],"replies":[{"embeddable":true,"href":"https:\/\/obera.fr\/sq\/wp-json\/wp\/v2\/comments?post=38489"}],"version-history":[{"count":9,"href":"https:\/\/obera.fr\/sq\/wp-json\/wp\/v2\/pages\/38489\/revisions"}],"predecessor-version":[{"id":127546,"href":"https:\/\/obera.fr\/sq\/wp-json\/wp\/v2\/pages\/38489\/revisions\/127546"}],"up":[{"embeddable":true,"href":"https:\/\/obera.fr\/sq\/wp-json\/wp\/v2\/pages\/38164"}],"wp:featuredmedia":[{"embeddable":true,"href":"https:\/\/obera.fr\/sq\/wp-json\/wp\/v2\/media\/83732"}],"wp:attachment":[{"href":"https:\/\/obera.fr\/sq\/wp-json\/wp\/v2\/media?parent=38489"}],"curies":[{"name":"wp","href":"https:\/\/api.w.org\/{rel}","templated":true}]}}