{"id":38872,"date":"2020-10-20T00:27:55","date_gmt":"2020-10-19T22:27:55","guid":{"rendered":"https:\/\/obera.fr\/produktet-tona\/kapni-krahet-dhe-pajisjet\/aspirator-thithes-dhe-grumbullues-industrial\/"},"modified":"2025-06-03T09:03:29","modified_gmt":"2025-06-03T07:03:29","slug":"capot-industriel","status":"publish","type":"page","link":"https:\/\/obera.fr\/sq\/produits\/bras-dispositifs-captation\/capot-industriel\/","title":{"rendered":"Aspirator thith\u00ebs dhe grumbullues industrial"},"content":{"rendered":"\n<h2 class=\"wp-block-heading\">Gama jon\u00eb e aspirator\u00ebve industrial\u00eb t\u00eb thithjes dhe kapjes<\/h2>\n\n\n\n<div class=\"wp-block-columns are-vertically-aligned-top is-layout-flex wp-container-core-columns-is-layout-28f84493 wp-block-columns-is-layout-flex\">\n<div class=\"wp-block-column is-vertically-aligned-top is-layout-flow wp-block-column-is-layout-flow\" style=\"flex-basis:33.33%\">\n<figure class=\"wp-block-image aligncenter size-full\"><img decoding=\"async\" width=\"150\" height=\"150\" src=\"https:\/\/obera.fr\/wp-content\/uploads\/2020\/10\/capots.png\" alt=\"Kapu\u00e7\u00ebt\" class=\"wp-image-1173\"\/><figcaption class=\"wp-element-caption\">Mbulesa thith\u00ebse dhe grumbulluese<\/figcaption><\/figure>\n<\/div>\n\n\n\n<div class=\"wp-block-column is-vertically-aligned-top is-layout-flow wp-block-column-is-layout-flow\" style=\"flex-basis:66.66%\">\n<p><br><strong>Aspirator\u00ebt thith\u00ebs OBERA<\/strong> jan\u00eb t\u00eb p\u00ebrsosur p\u00ebr kapjen e pluhurit, tymrave dhe ndot\u00ebsve t\u00eb gazt\u00eb n\u00eb burim.  <\/p>\n\n\n\n<p>Aspirator\u00ebt thith\u00ebs industrial\u00eb OBERA duhet t\u00eb lidhen me nj\u00eb <a href=\"https:\/\/obera.fr\/sq\/produits\/bras-dispositifs-captation\/\" data-type=\"page\" data-id=\"364\">rrjet grumbullimi<\/a> ose me nj\u00eb kolektor pluhuri.<\/p>\n\n\n\n<p>E disponueshme n\u00eb forma t\u00eb ndryshme t\u00eb p\u00ebrshtatura sipas nevoj\u00ebs dhe ndot\u00ebsve q\u00eb do t\u00eb trajtohen.<\/p>\n\n\n\n<div class=\"wp-block-columns is-layout-flex wp-container-core-columns-is-layout-28f84493 wp-block-columns-is-layout-flex\">\n<div class=\"wp-block-column is-layout-flow wp-block-column-is-layout-flow\" style=\"flex-basis:33.34%\">\n<div class=\"wp-block-buttons is-content-justification-center is-layout-flex wp-container-core-buttons-is-layout-a89b3969 wp-block-buttons-is-layout-flex\">\n<div class=\"wp-block-button\"><a class=\"wp-block-button__link wp-element-button\" href=\"https:\/\/obera.fr\/wp-content\/uploads\/2025\/06\/en-capots-daspiration.pdf\">Shkarkoni broshur\u00ebn<\/a><\/div>\n<\/div>\n<\/div>\n\n\n\n<div class=\"wp-block-column is-layout-flow wp-block-column-is-layout-flow\" style=\"flex-basis:33.34%\">\n<div class=\"wp-block-buttons is-horizontal is-content-justification-center is-layout-flex wp-container-core-buttons-is-layout-03627597 wp-block-buttons-is-layout-flex\">\n<div class=\"wp-block-button has-custom-width wp-block-button__width-100\"><a class=\"wp-block-button__link wp-element-button\" href=\"https:\/\/obera.fr\/sq\/na-kontaktoni\/\">M\u00ebsoni m\u00eb shum\u00eb<\/a><\/div>\n<\/div>\n<\/div>\n\n\n\n<div class=\"wp-block-column is-layout-flow wp-block-column-is-layout-flow\" style=\"flex-basis:33.33%\">\n<div class=\"wp-block-buttons is-content-justification-center is-layout-flex wp-container-core-buttons-is-layout-a89b3969 wp-block-buttons-is-layout-flex\">\n<div class=\"wp-block-button btn-devis-source\"><a class=\"wp-block-button__link wp-element-button\" href=\"https:\/\/obera.fr\/sq\/devis\/\">K\u00ebrkes\u00eb p\u00ebr kuot\u00eb<\/a><\/div>\n<\/div>\n\n\n<script>\r\ndocument.addEventListener('DOMContentLoaded', function() {\r\n    \/\/ 1. On cherche le titre H1 de la page\r\n    var h1 = document.querySelector('h1');\r\n    var productTitle = h1 ? h1.innerText.trim() : \"\";\r\n\r\n    \/\/ 2. On cherche les boutons via la classe CSS .btn-devis-source\r\n    var buttons = document.querySelectorAll('.btn-devis-source a');\r\n\r\n    \/\/ 3. Si on a le titre et les boutons, on ajoute le param\u00e8tre\r\n    if (buttons.length > 0 && productTitle !== \"\") {\r\n        var encodedTitle = encodeURIComponent(productTitle);\r\n\r\n        buttons.forEach(function(btn) {\r\n            var currentHref = btn.getAttribute('href');\r\n            \r\n            \/\/ S\u00e9curit\u00e9 pour ne pas ajouter le param\u00e8tre 2 fois\r\n            if (currentHref.indexOf('sujet=') === -1) {\r\n                var separator = currentHref.indexOf('?') !== -1 ? '&' : '?';\r\n                var newLink = currentHref + separator + 'sujet=' + encodedTitle;\r\n                \r\n                btn.setAttribute('href', newLink);\r\n            }\r\n        });\r\n    }\r\n});\r\n<\/script><\/div>\n<\/div>\n<\/div>\n<\/div>\n\n\n\n<h2 class=\"wp-block-heading\">P\u00ebrpar\u00ebsit\u00eb<\/h2>\n\n\n\n<div class=\"wp-block-columns is-layout-flex wp-container-core-columns-is-layout-28f84493 wp-block-columns-is-layout-flex\">\n<div class=\"wp-block-column is-layout-flow wp-block-column-is-layout-flow\">\n<h3 class=\"wp-block-heading has-text-align-center\"><strong>P\u00ebrfitimet<\/strong><\/h3>\n\n\n\n<ul class=\"wp-block-list\">\n<li>P\u00ebr kapje t\u00eb p\u00ebrsosur n\u00eb burim tymi, tret\u00ebsish dhe pluhuri<\/li>\n\n\n\n<li>Pastrimi i nj\u00eb ose m\u00eb shum\u00eb stacioneve t\u00eb pun\u00ebs<\/li>\n\n\n\n<li>P\u00ebr t&#8217;u lidhur me nj\u00eb rrjet grumbullimi ose me nj\u00eb grumbullues pluhuri<\/li>\n<\/ul>\n<\/div>\n\n\n\n<div class=\"wp-block-column is-layout-flow wp-block-column-is-layout-flow\">\n<h3 class=\"wp-block-heading has-text-align-center\"><strong>Karakteristika t\u00eb ve\u00e7anta<\/strong><\/h3>\n\n\n\n<ul class=\"wp-block-list\">\n<li>Leht\u00eb p\u00ebr t&#8217;u dizajnuar<\/li>\n\n\n\n<li>Leht\u00eb p\u00ebr t&#8217;u zbatuar<\/li>\n<\/ul>\n<\/div>\n\n\n\n<div class=\"wp-block-column is-layout-flow wp-block-column-is-layout-flow\">\n<h3 class=\"wp-block-heading has-text-align-center\"><strong>Ve\u00e7orit\u00eb<\/strong><\/h3>\n\n\n\n<ul class=\"wp-block-list\">\n<li>Disa zgjedhje n\u00eb dispozicion<\/li>\n\n\n\n<li>Thithja sa m\u00eb af\u00ebr burimit<\/li>\n<\/ul>\n<\/div>\n<\/div>\n\n\n\n<h2 class=\"wp-block-heading\">Aplikacionet<\/h2>\n\n\n\n<div class=\"wp-block-columns is-layout-flex wp-container-core-columns-is-layout-28f84493 wp-block-columns-is-layout-flex\">\n<div class=\"wp-block-column is-layout-flow wp-block-column-is-layout-flow\">\n<h3 class=\"wp-block-heading has-text-align-center\">Ndot\u00ebsit<\/h3>\n\n\n\n<hr class=\"wp-block-separator has-css-opacity is-style-wide\"\/>\n\n\n\n<div class=\"wp-block-columns is-layout-flex wp-container-core-columns-is-layout-28f84493 wp-block-columns-is-layout-flex\">\n<div class=\"wp-block-column is-layout-flow wp-block-column-is-layout-flow\">\n<figure class=\"wp-block-image aligncenter size-large\"><img decoding=\"async\" width=\"70\" height=\"70\" src=\"https:\/\/obera.fr\/wp-content\/uploads\/2020\/08\/polluants-poussieres.jpg\" alt=\"Ndot\u00ebsit e pluhurit\" class=\"wp-image-675\"\/><figcaption class=\"wp-element-caption\">Tymrat<\/figcaption><\/figure>\n\n\n\n<figure class=\"wp-block-image aligncenter size-large\"><img decoding=\"async\" width=\"70\" height=\"70\" src=\"https:\/\/obera.fr\/wp-content\/uploads\/2020\/08\/industrie-odeur.jpg\" alt=\"Era e industris\u00eb\" class=\"wp-image-723\"\/><figcaption class=\"wp-element-caption\">Aromat<\/figcaption><\/figure>\n\n\n\n<figure class=\"wp-block-image aligncenter size-large\"><img decoding=\"async\" width=\"70\" height=\"70\" src=\"https:\/\/obera.fr\/wp-content\/uploads\/2020\/08\/industrie-brouillard-huile.jpg\" alt=\"Industria e vajit t\u00eb mjegull\u00ebs\" class=\"wp-image-721\"\/><figcaption class=\"wp-element-caption\">Mjegull vaji<\/figcaption><\/figure>\n<\/div>\n\n\n\n<div class=\"wp-block-column is-layout-flow wp-block-column-is-layout-flow\">\n<figure class=\"wp-block-image aligncenter size-large\"><img decoding=\"async\" width=\"70\" height=\"70\" src=\"https:\/\/obera.fr\/wp-content\/uploads\/2020\/08\/industrie-fumees.jpg\" alt=\"Tymrat e industris\u00eb\" class=\"wp-image-722\"\/><figcaption class=\"wp-element-caption\">Tymrat<\/figcaption><\/figure>\n\n\n\n<figure class=\"wp-block-image aligncenter size-large\"><img decoding=\"async\" width=\"70\" height=\"70\" src=\"https:\/\/obera.fr\/wp-content\/uploads\/2020\/09\/cov.png\" alt=\"Cov\" class=\"wp-image-959\"\/><figcaption class=\"wp-element-caption\">VOC<\/figcaption><\/figure>\n<\/div>\n<\/div>\n\n\n\n<p><\/p>\n<\/div>\n\n\n\n<div class=\"wp-block-column is-layout-flow wp-block-column-is-layout-flow\">\n<h3 class=\"wp-block-heading has-text-align-center\">Industrit\u00eb<\/h3>\n\n\n\n<hr class=\"wp-block-separator has-css-opacity is-style-wide\"\/>\n\n\n\n<div class=\"wp-block-columns is-layout-flex wp-container-core-columns-is-layout-28f84493 wp-block-columns-is-layout-flex\">\n<div class=\"wp-block-column is-layout-flow wp-block-column-is-layout-flow\">\n<figure class=\"wp-block-image aligncenter size-large\"><img decoding=\"async\" width=\"70\" height=\"70\" src=\"https:\/\/obera.fr\/wp-content\/uploads\/2020\/08\/industrie-metallurgie.jpg\" alt=\"Industria Metalurgji\" class=\"wp-image-673\"\/><figcaption class=\"wp-element-caption\">Metalurgji<\/figcaption><\/figure>\n\n\n\n<figure class=\"wp-block-image aligncenter size-large\"><img decoding=\"async\" width=\"70\" height=\"70\" src=\"https:\/\/obera.fr\/wp-content\/uploads\/2020\/08\/industrie-chimie.jpg\" alt=\"Kimia e industris\u00eb\" class=\"wp-image-725\"\/><figcaption class=\"wp-element-caption\">Kimi\/Petrokimike<\/figcaption><\/figure>\n\n\n\n<figure class=\"wp-block-image aligncenter size-large\"><img decoding=\"async\" width=\"70\" height=\"70\" src=\"https:\/\/obera.fr\/wp-content\/uploads\/2020\/08\/industrie-textile.jpg\" alt=\"Industria e tekstilit\" class=\"wp-image-671\"\/><figcaption class=\"wp-element-caption\">Tekstile<\/figcaption><\/figure>\n\n\n\n<figure class=\"wp-block-image aligncenter size-large\"><img decoding=\"async\" width=\"70\" height=\"70\" src=\"https:\/\/obera.fr\/wp-content\/uploads\/2020\/08\/industrie-minerai.jpg\" alt=\"Industria Minerale\" class=\"wp-image-724\"\/><figcaption class=\"wp-element-caption\">Ores<\/figcaption><\/figure>\n<\/div>\n\n\n\n<div class=\"wp-block-column is-layout-flow wp-block-column-is-layout-flow\">\n<figure class=\"wp-block-image aligncenter size-large\"><img decoding=\"async\" width=\"70\" height=\"70\" src=\"https:\/\/obera.fr\/wp-content\/uploads\/2020\/08\/industrie-plastique.jpg\" alt=\"Industria e plastik\u00ebs\" class=\"wp-image-669\"\/><figcaption class=\"wp-element-caption\">Plastika<\/figcaption><\/figure>\n\n\n\n<figure class=\"wp-block-image aligncenter size-large\"><img decoding=\"async\" width=\"70\" height=\"70\" src=\"https:\/\/obera.fr\/wp-content\/uploads\/2020\/08\/industrie-bois.jpg\" alt=\"Industria e Drurit\" class=\"wp-image-672\"\/><figcaption class=\"wp-element-caption\">Punim druri<\/figcaption><\/figure>\n\n\n\n<figure class=\"wp-block-image aligncenter size-large\"><img decoding=\"async\" width=\"70\" height=\"70\" src=\"https:\/\/obera.fr\/wp-content\/uploads\/2020\/08\/industrie-papier-carton.jpg\" alt=\"Industria e kartonit t\u00eb letr\u00ebs\" class=\"wp-image-670\"\/><figcaption class=\"wp-element-caption\">Let\u00ebr\/karton<\/figcaption><\/figure>\n\n\n\n<figure class=\"wp-block-image aligncenter size-large\"><img decoding=\"async\" width=\"70\" height=\"70\" src=\"https:\/\/obera.fr\/wp-content\/uploads\/2020\/08\/industrie-dechets.jpg\" alt=\"Mbetjet e industris\u00eb\" class=\"wp-image-726\"\/><figcaption class=\"wp-element-caption\">Grumbullimi dhe klasifikimi i mbetjeve<\/figcaption><\/figure>\n<\/div>\n<\/div>\n<\/div>\n<\/div>\n\n\n\n<h2 class=\"wp-block-heading\">Karakteristikat teknike<\/h2>\n\n\n\n<figure class=\"wp-block-table\"><table class=\"has-fixed-layout\"><thead><tr><th>Kapu\u00e7\u00ebt<\/th><th><\/th><th>E \u00e7ar\u00eb e holl\u00eb<\/th><th>Ovale<\/th><th>Vend i gjer\u00eb<\/th><\/tr><\/thead><tbody><tr><td>Diametri i lidhjes<\/td><td>mm<\/td><td>\u00d8 50-180<\/td><td>\u00d8 50-180<\/td><td>\u00d8 50-180<\/td><\/tr><tr><td>Dimensioni (L x H)<\/td><td>mm<\/td><td>&#8211; \u00d8 50 (210 x 12)<br> &#8211; \u00d8 70 (300 x 30)<br> &#8211; \u00d8 80 (300 x 35)<br> &#8211; \u00d8 100 (400 x 35)<br> ose (600 x 80)<br> &#8211; \u00d8 125 (500 x 40)<br> ose (800 x 40)<br> &#8211; \u00d8 150 (500 x 65)<br> &#8211; \u00d8 160 (600 x 100)<br> &#8211; \u00d8 180 (500 x 60)<\/td><td>&#8211; \u00d8 50 (116 x 101)<br> &#8211; \u00d8 70 (147 x 126)<br> &#8211; \u00d8 80 (168 x 142)<br> &#8211; \u00d8 100 (215&#215;183)<br> &#8211; \u00d8 125 (268 x 228)<br> &#8211; \u00d8 140 (297 x 252)<br> &#8211; \u00d8 150 (312 x 264)<br> &#8211; \u00d8 160 (323 x 269)<br> &#8211; \u00d8 180 (374 x 321)<\/td><td>&#8211; \u00d8 50 (90 x 30)<br> &#8211; \u00d8 70 (200 x 60)<br> &#8211; \u00d8 80 (200 x 60)<br> &#8211; \u00d8 100 (200 x 80)<br> &#8211; \u00d8 125 (250 x 80)<br> &#8211; \u00d8 150 (300 x 80)<br> &#8211; \u00d8 180 (400 x 80)<\/td><\/tr><tr><td>Materie<\/td><td><\/td><td>\u00c7eliku<\/td><td>\u00c7elik inox<\/td><td>\u00c7eliku<\/td><\/tr><\/tbody><\/table><\/figure>\n\n\n\n<div class=\"wp-block-buttons is-horizontal is-content-justification-center is-layout-flex wp-container-core-buttons-is-layout-03627597 wp-block-buttons-is-layout-flex\">\n<div class=\"wp-block-button has-custom-width wp-block-button__width-100\"><a class=\"wp-block-button__link wp-element-button\" href=\"https:\/\/obera.fr\/sq\/na-kontaktoni\/\">M\u00ebsoni m\u00eb shum\u00eb<\/a><\/div>\n<\/div>\n\n\n\n<hr class=\"wp-block-separator has-css-opacity is-style-dots\"\/>\n\n\n\n<h2 class=\"wp-block-heading\">Pajisjet e tjera t\u00eb arm\u00ebve dhe kapjes OberA<\/h2>\n\n\n\n<div class=\"wp-block-columns is-layout-flex wp-container-core-columns-is-layout-28f84493 wp-block-columns-is-layout-flex\">\n<div class=\"wp-block-column is-layout-flow wp-block-column-is-layout-flow\">\n<figure class=\"wp-block-image aligncenter size-thumbnail\"><a href=\"https:\/\/obera.fr\/produits\/bras-dispositifs-captation\/bras-hotte-ovale-rectangulaire\/\"><img decoding=\"async\" width=\"150\" height=\"150\" src=\"https:\/\/obera.fr\/wp-content\/uploads\/2020\/09\/Bras-SF-150x150.jpg\" alt=\"Krahu thith\u00ebs\" class=\"wp-image-969\" srcset=\"https:\/\/obera.fr\/wp-content\/uploads\/2020\/09\/Bras-SF-150x150.jpg 150w, https:\/\/obera.fr\/wp-content\/uploads\/2020\/09\/Bras-SF-300x300.jpg 300w, https:\/\/obera.fr\/wp-content\/uploads\/2020\/09\/Bras-SF.jpg 433w\" sizes=\"(max-width: 150px) 100vw, 150px\" \/><\/a><figcaption class=\"wp-element-caption\">Krahu thith\u00ebs<\/figcaption><\/figure>\n<\/div>\n\n\n\n<div class=\"wp-block-column is-layout-flow wp-block-column-is-layout-flow\">\n<figure class=\"wp-block-image aligncenter size-thumbnail\"><a href=\"https:\/\/obera.fr\/produits\/bras-dispositifs-captation\/bras-de-laboratoire\/\"><img decoding=\"async\" width=\"150\" height=\"150\" src=\"https:\/\/obera.fr\/wp-content\/uploads\/2020\/11\/22-bras-de-labo-150x150.jpg\" alt=\"Krahu laboratorik\" class=\"wp-image-1662\" srcset=\"https:\/\/obera.fr\/wp-content\/uploads\/2020\/11\/22-bras-de-labo-150x150.jpg 150w, https:\/\/obera.fr\/wp-content\/uploads\/2020\/11\/22-bras-de-labo-300x300.jpg 300w, https:\/\/obera.fr\/wp-content\/uploads\/2020\/11\/22-bras-de-labo-1024x1024.jpg 1024w, https:\/\/obera.fr\/wp-content\/uploads\/2020\/11\/22-bras-de-labo-768x768.jpg 768w, https:\/\/obera.fr\/wp-content\/uploads\/2020\/11\/22-bras-de-labo.jpg 1500w\" sizes=\"(max-width: 150px) 100vw, 150px\" \/><\/a><figcaption class=\"wp-element-caption\">Krahu laboratorik<\/figcaption><\/figure>\n<\/div>\n\n\n\n<div class=\"wp-block-column is-layout-flow wp-block-column-is-layout-flow\">\n<figure class=\"wp-block-image aligncenter size-thumbnail\"><a href=\"https:\/\/obera.fr\/produits\/bras-dispositifs-captation\/dosserets-aspirants\/\"><img decoding=\"async\" width=\"150\" height=\"150\" src=\"https:\/\/obera.fr\/wp-content\/uploads\/2020\/10\/Dosserets-oberA-150x150.png\" alt=\"Obera Backsplashes\" class=\"wp-image-1174\"\/><\/a><figcaption class=\"wp-element-caption\">Nxjerr\u00ebsit prapa splashes<\/figcaption><\/figure>\n<\/div>\n\n\n\n<div class=\"wp-block-column is-layout-flow wp-block-column-is-layout-flow\">\n<figure class=\"wp-block-image aligncenter size-thumbnail\"><a href=\"https:\/\/obera.fr\/produits\/bras-dispositifs-captation\/anneaux-de-pouyes\/\"><img decoding=\"async\" width=\"150\" height=\"150\" src=\"https:\/\/obera.fr\/wp-content\/uploads\/2022\/09\/Anneau-de-pouyes-2-150x150.jpg\" alt=\"Unaza pouy\" class=\"wp-image-14482\" srcset=\"https:\/\/obera.fr\/wp-content\/uploads\/2022\/09\/Anneau-de-pouyes-2-150x150.jpg 150w, https:\/\/obera.fr\/wp-content\/uploads\/2022\/09\/Anneau-de-pouyes-2-300x300.jpg 300w, https:\/\/obera.fr\/wp-content\/uploads\/2022\/09\/Anneau-de-pouyes-2.jpg 500w\" sizes=\"(max-width: 150px) 100vw, 150px\" \/><\/a><figcaption class=\"wp-element-caption\">Unaza pouy<\/figcaption><\/figure>\n<\/div>\n<\/div>\n\n\n\n<div class=\"wp-block-columns is-layout-flex wp-container-core-columns-is-layout-28f84493 wp-block-columns-is-layout-flex\">\n<div class=\"wp-block-column is-layout-flow wp-block-column-is-layout-flow\">\n<figure class=\"wp-block-image aligncenter size-thumbnail\"><a href=\"https:\/\/obera.fr\/produits\/bras-dispositifs-captation\/hotte-rectangulaire\/\"><img decoding=\"async\" width=\"150\" height=\"150\" src=\"https:\/\/obera.fr\/wp-content\/uploads\/2020\/10\/hotte-rectangulaire-150x150.png\" alt=\"Kapu\u00e7 drejtk\u00ebndor\" class=\"wp-image-1178\" srcset=\"https:\/\/obera.fr\/wp-content\/uploads\/2020\/10\/hotte-rectangulaire-150x150.png 150w, https:\/\/obera.fr\/wp-content\/uploads\/2020\/10\/hotte-rectangulaire.png 158w\" sizes=\"(max-width: 150px) 100vw, 150px\" \/><\/a><figcaption class=\"wp-element-caption\">Aspirator\u00eb industriale drejtk\u00ebnd\u00ebshe ekstraktuese<\/figcaption><\/figure>\n<\/div>\n\n\n\n<div class=\"wp-block-column is-layout-flow wp-block-column-is-layout-flow\">\n<figure class=\"wp-block-image aligncenter size-thumbnail\"><a href=\"https:\/\/obera.fr\/produits\/bras-dispositifs-captation\/hotte-modulaire\/\"><img decoding=\"async\" width=\"150\" height=\"150\" src=\"https:\/\/obera.fr\/wp-content\/uploads\/2020\/10\/hotte-modulaire-A-logo-SF-150x150.png\" alt=\"Kapu\u00e7 modular\" class=\"wp-image-1177\"\/><\/a><figcaption class=\"wp-element-caption\">Kapu\u00e7 modulare<\/figcaption><\/figure>\n<\/div>\n\n\n\n<div class=\"wp-block-column is-layout-flow wp-block-column-is-layout-flow\">\n<figure class=\"wp-block-image aligncenter size-thumbnail\"><a href=\"https:\/\/obera.fr\/?page_id=489\"><img decoding=\"async\" width=\"150\" height=\"150\" src=\"https:\/\/obera.fr\/wp-content\/uploads\/2020\/10\/table-SF-150x150.png\" alt=\"Tabelat e thithjes\" class=\"wp-image-1179\" srcset=\"https:\/\/obera.fr\/wp-content\/uploads\/2020\/10\/table-SF-150x150.png 150w, https:\/\/obera.fr\/wp-content\/uploads\/2020\/10\/table-SF-300x300.png 300w, https:\/\/obera.fr\/wp-content\/uploads\/2020\/10\/table-SF.png 433w\" sizes=\"(max-width: 150px) 100vw, 150px\" \/><\/a><figcaption class=\"wp-element-caption\">Tabelat e thithjes<\/figcaption><\/figure>\n<\/div>\n\n\n\n<div class=\"wp-block-column is-layout-flow wp-block-column-is-layout-flow\"><\/div>\n<\/div>\n","protected":false},"excerpt":{"rendered":"<p>Gama jon\u00eb e aspirator\u00ebve industrial\u00eb t\u00eb thithjes dhe kapjes Aspirator\u00ebt thith\u00ebs OBERA jan\u00eb t\u00eb p\u00ebrsosur p\u00ebr kapjen e pluhurit, tymrave dhe ndot\u00ebsve t\u00eb gazt\u00eb n\u00eb burim. Aspirator\u00ebt thith\u00ebs industrial\u00eb OBERA duhet t\u00eb lidhen me nj\u00eb rrjet grumbullimi ose me nj\u00eb kolektor pluhuri. E disponueshme n\u00eb forma t\u00eb ndryshme t\u00eb p\u00ebrshtatura sipas nevoj\u00ebs dhe ndot\u00ebsve q\u00eb do t\u00eb trajtohen. P\u00ebrpar\u00ebsit\u00eb P\u00ebrfitimet Karakteristika t\u00eb ve\u00e7anta Ve\u00e7orit\u00eb Aplikacionet Ndot\u00ebsit Industrit\u00eb Karakteristikat teknike Kapu\u00e7\u00ebt E \u00e7ar\u00eb e holl\u00eb Ovale Vend i gjer\u00eb Diametri i lidhjes mm \u00d8 50-180 \u00d8 50-180 \u00d8 50-180 Dimensioni (L x H) mm &#8211; \u00d8 50 (210 x 12) &#8211; &#8230; <\/p>\n<p class=\"read-more-container\"><a title=\"Aspirator thith\u00ebs dhe grumbullues industrial\" class=\"read-more button\" href=\"https:\/\/obera.fr\/sq\/produits\/bras-dispositifs-captation\/capot-industriel\/#more-38872\" aria-label=\"Read more about Aspirator thith\u00ebs dhe grumbullues industrial\">Lire la suite<\/a><\/p>\n","protected":false},"author":4,"featured_media":83732,"parent":38164,"menu_order":0,"comment_status":"closed","ping_status":"closed","template":"","meta":{"_acf_changed":false,"_seopress_robots_primary_cat":"","_seopress_titles_title":"OberA mbules\u00eb thith\u00ebse dhe grumbulluese industriale","_seopress_titles_desc":"Aspirator\u00ebt thith\u00ebs OBERA jan\u00eb ideale p\u00ebr kapjen e pluhurit, tymrave dhe ndot\u00ebsve t\u00eb gazt\u00eb n\u00eb burim. Ato duhet t\u00eb lidhen me nj\u00eb rrjet grumbullimi ose me nj\u00eb kolektor pluhuri.","_seopress_robots_index":"","footnotes":""},"class_list":{"0":"post-38872","1":"page","2":"type-page","3":"status-publish","4":"has-post-thumbnail","6":"no-featured-image-padding","7":"resize-featured-image"},"acf":[],"_links":{"self":[{"href":"https:\/\/obera.fr\/sq\/wp-json\/wp\/v2\/pages\/38872","targetHints":{"allow":["GET"]}}],"collection":[{"href":"https:\/\/obera.fr\/sq\/wp-json\/wp\/v2\/pages"}],"about":[{"href":"https:\/\/obera.fr\/sq\/wp-json\/wp\/v2\/types\/page"}],"author":[{"embeddable":true,"href":"https:\/\/obera.fr\/sq\/wp-json\/wp\/v2\/users\/4"}],"replies":[{"embeddable":true,"href":"https:\/\/obera.fr\/sq\/wp-json\/wp\/v2\/comments?post=38872"}],"version-history":[{"count":5,"href":"https:\/\/obera.fr\/sq\/wp-json\/wp\/v2\/pages\/38872\/revisions"}],"predecessor-version":[{"id":106916,"href":"https:\/\/obera.fr\/sq\/wp-json\/wp\/v2\/pages\/38872\/revisions\/106916"}],"up":[{"embeddable":true,"href":"https:\/\/obera.fr\/sq\/wp-json\/wp\/v2\/pages\/38164"}],"wp:featuredmedia":[{"embeddable":true,"href":"https:\/\/obera.fr\/sq\/wp-json\/wp\/v2\/media\/83732"}],"wp:attachment":[{"href":"https:\/\/obera.fr\/sq\/wp-json\/wp\/v2\/media?parent=38872"}],"curies":[{"name":"wp","href":"https:\/\/api.w.org\/{rel}","templated":true}]}}