{"id":39630,"date":"2024-05-07T15:48:45","date_gmt":"2024-05-07T13:48:45","guid":{"rendered":"https:\/\/obera.fr\/produktet-tona\/kuti-thithese-celulare\/"},"modified":"2025-08-28T10:51:03","modified_gmt":"2025-08-28T08:51:03","slug":"caissons-mobiles-aspiration","status":"publish","type":"page","link":"https:\/\/obera.fr\/sq\/produits\/caissons-mobiles-aspiration\/","title":{"rendered":"Kuti thith\u00ebse celulare"},"content":{"rendered":"\n\n<h2 class=\"wp-block-heading\">\u00c7far\u00eb \u00ebsht\u00eb nj\u00eb kuti thith\u00ebse e l\u00ebvizshme?<\/h2>\n\n<p>Nj\u00eb kuti thith\u00ebse e l\u00ebvizshme, e quajtur gjithashtu nj\u00eb <strong>kuti e l\u00ebvizshme e filtrimit ose nj\u00eb nj\u00ebsi thith\u00ebse e l\u00ebvizshme<\/strong> ose nj\u00ebsi e l\u00ebvizshme e filtrimit, \u00ebsht\u00eb p\u00ebrgjith\u00ebsisht nj\u00eb pajisje e vog\u00ebl e l\u00ebvizshme q\u00eb lejon q\u00eb ndot\u00ebsit t\u00eb thithen nga burimi dhe t\u00eb filtrohen. N\u00eb p\u00ebrgjith\u00ebsi \u00ebsht\u00eb i pajisur me nj\u00eb <a href=\"https:\/\/obera.fr\/sq\/produits\/bras-dispositifs-captation\/capot-industriel\/\">krah grumbullimi n\u00eb pajisje<\/a> ose nj\u00eb hyrje me tuba q\u00eb lejon t\u00eb lidhet nj\u00eb ose m\u00eb shum\u00eb zorr\u00eb thith\u00ebse t\u00eb lidhura me nj\u00eb makin\u00eb, nj\u00eb kapu\u00e7, nj\u00eb <strong>tavolin\u00eb t\u00eb vog\u00ebl thithjeje<\/strong> ose krah\u00eb n\u00eb distanc\u00eb. <\/p>\n\n<p><\/p>\n\n<div class=\"wp-block-columns is-layout-flex wp-container-core-columns-is-layout-28f84493 wp-block-columns-is-layout-flex\">\n<div class=\"wp-block-column is-layout-flow wp-block-column-is-layout-flow\" style=\"flex-basis:66.66%\">\n<p>Kutit\u00eb e l\u00ebvizshme t\u00eb thithjes p\u00ebrb\u00ebhen nga nj\u00eb krah grumbullues ose nj\u00eb hyrje me tub, nj\u00eb kuti e pajisur me disa faza, filtra ngopjeje dhe nj\u00eb <strong>ventilator centrifugal p\u00ebrgjith\u00ebsisht nj\u00ebfazor<\/strong> . Kutit\u00eb jan\u00eb t\u00eb pajisura me rrota q\u00eb t\u00eb mund t\u00eb zhvendosen leht\u00ebsisht. Ajri i thithur nga pajisja e kapjes (krahu, tavolina, etj.) hyn n\u00eb kuti dhe kalon n\u00ebp\u00ebr faza gjithnj\u00eb e m\u00eb t\u00eb imta t\u00eb filtrimit mekanik, nj\u00eb ose m\u00eb shum\u00eb faza t\u00eb filtrimit molekular (karboni i aktivizuar) dhe n\u00eb fund filtrimi HEPA me efikasitet t\u00eb lart\u00eb n\u00ebse <strong>produkti i fshes\u00eb \u00ebsht\u00eb i rreziksh\u00ebm. dhe k\u00ebrkon filtrim HEPA<\/strong> p\u00ebr shkarkimin e ajrit t\u00eb past\u00ebr n\u00eb nd\u00ebrtes\u00eb.  <\/p>\n\n\n\n<p><\/p>\n<\/div>\n\n\n\n<div class=\"wp-block-column is-layout-flow wp-block-column-is-layout-flow\" style=\"flex-basis:33.33%\">\n<figure class=\"wp-block-image aligncenter size-large is-resized\"><img decoding=\"async\" width=\"1024\" height=\"549\" src=\"https:\/\/obera.fr\/wp-content\/uploads\/2025\/03\/charbon-actif-purple-1024x549.png\" alt=\"karboni i aktivizuar vjollc&#xEB;\" class=\"wp-image-76468\" style=\"width:269px;height:auto\" srcset=\"https:\/\/obera.fr\/wp-content\/uploads\/2025\/03\/charbon-actif-purple-1024x549.png 1024w, https:\/\/obera.fr\/wp-content\/uploads\/2025\/03\/charbon-actif-purple-300x161.png 300w, https:\/\/obera.fr\/wp-content\/uploads\/2025\/03\/charbon-actif-purple-768x412.png 768w, https:\/\/obera.fr\/wp-content\/uploads\/2025\/03\/charbon-actif-purple.png 1200w\" sizes=\"(max-width: 1024px) 100vw, 1024px\" \/><\/figure>\n<\/div>\n<\/div>\n\n<p>Kutit\u00eb e thithjes ekzistojn\u00eb me prurje shum\u00eb t\u00eb ul\u00ebta prej 80-300 m3\/h p\u00ebr thithje t\u00eb im\u00ebt n\u00eb stacionin e pun\u00ebs (funksionimi i ngjitjes, saldimi, saldimi elektronik, bluarja e p\u00ebrpikt\u00eb ose funksionimi i l\u00ebmimit, etj.), deri n\u00eb shpejt\u00ebsi rrjedhjeje prej 3,000 m3\/h deri n\u00eb pastroni disa stacione pune me t\u00eb nj\u00ebjt\u00ebn kuti ose p\u00ebr sip\u00ebrfaqe m\u00eb t\u00eb m\u00ebdha pune q\u00eb do t\u00eb pastrohen me fshes\u00eb me korrent (mbrapa thith\u00ebse, krah\u00eb grumbullimi m\u00eb t\u00eb m\u00ebdhenj). <strong>Kutit\u00eb jan\u00eb p\u00ebrgjith\u00ebsisht t\u00eb pajisura me nj\u00eb potenciomet\u00ebr<\/strong> q\u00eb lejon q\u00eb normat e rrjedh\u00ebs s\u00eb thithjes s\u00eb ventilatorit centrifugal t\u00eb p\u00ebrshtaten sipas k\u00ebrkes\u00ebs s\u00eb thithjes. <\/p>\n\n<p>Kutit\u00eb mobile t\u00eb thithjes lejojn\u00eb thithjen e ndot\u00ebsve si tymi, pluhuri, ndot\u00ebsit e gazt\u00eb, avujt, tret\u00ebsit, VOC-t\u00eb ose edhe aromat. Parimi i kutis\u00eb lejon q\u00eb <strong>disa faza t\u00eb nj\u00ebpasnj\u00ebshme t\u00eb filtrimit t\u00eb mbivendosen<\/strong> p\u00ebr t\u00eb trajtuar   <\/p>\n\n<h2 class=\"wp-block-heading\" id=\"a-quelles-utilisations-conviennent-elles\">Gama jon\u00eb e kutive thith\u00ebse t\u00eb l\u00ebvizshme  <\/h2>\n\n<div style=\"height:37px\" aria-hidden=\"true\" class=\"wp-block-spacer\"><\/div>\n\n<div class=\"wp-block-columns is-layout-flex wp-container-core-columns-is-layout-28f84493 wp-block-columns-is-layout-flex\">\n<div class=\"wp-block-column is-layout-flow wp-block-column-is-layout-flow\">\n<h3 class=\"wp-block-heading has-text-align-center\">ePURBox ATEX<\/h3>\n\n\n\n<p class=\"has-text-align-center\"><strong>Modulariteti dhe Shkatht\u00ebsia<\/strong><\/p>\n\n\n\n<p class=\"has-text-align-center\">Trajtimi i pluhurit, tymrave, avujve dhe tret\u00ebsve.<\/p>\n\n\n\n<figure class=\"wp-block-image aligncenter size-medium is-resized\"><a href=\"https:\/\/obera.fr\/produits\/caissons-mobiles-aspiration\/epurbox-atex\/\"><img decoding=\"async\" width=\"280\" height=\"300\" src=\"https:\/\/obera.fr\/wp-content\/uploads\/2024\/11\/epurbox-caissons-mobiles-aspiration-280x300.png\" alt=\"ePURBox: Modulariteti dhe shkatht&#xEB;sia\" class=\"wp-image-53926\" srcset=\"https:\/\/obera.fr\/wp-content\/uploads\/2024\/11\/epurbox-caissons-mobiles-aspiration-280x300.png 280w, https:\/\/obera.fr\/wp-content\/uploads\/2024\/11\/epurbox-caissons-mobiles-aspiration.png 629w\" sizes=\"(max-width: 280px) 100vw, 280px\" \/><\/a><\/figure>\n\n\n\n<p class=\"has-text-align-center\">Shkalla maksimale e rrjedhjes 1200 m3\/or\u00eb &#8211; Dalje me tub ose krah<\/p>\n<\/div>\n\n\n\n<div class=\"wp-block-column is-layout-flow wp-block-column-is-layout-flow\">\n<h3 class=\"wp-block-heading has-text-align-center\">Kutia e past\u00ebr<\/h3>\n\n\n\n<p class=\"has-text-align-center\">Trajtimi i tymit, avullit dhe tret\u00ebsit<\/p>\n\n\n\n<figure class=\"wp-block-image aligncenter size-medium is-resized\"><a href=\"https:\/\/obera.fr\/produits\/caissons-mobiles-aspiration\/clearbox\/\"><img decoding=\"async\" width=\"300\" height=\"267\" src=\"https:\/\/obera.fr\/wp-content\/uploads\/2025\/06\/clearbox-300x267.png\" alt=\"kuti e past&#xEB;r\" class=\"wp-image-109012\" style=\"object-fit:cover;width:361px;height:auto\" srcset=\"https:\/\/obera.fr\/wp-content\/uploads\/2025\/06\/clearbox-300x267.png 300w, https:\/\/obera.fr\/wp-content\/uploads\/2025\/06\/clearbox.png 534w\" sizes=\"(max-width: 300px) 100vw, 300px\" \/><\/a><\/figure>\n\n\n\n<p class=\"has-text-align-center\">Shkalla maksimale e rrjedhjes 2000m3\/or\u00eb<\/p>\n<\/div>\n<\/div>\n\n<div style=\"height:58px\" aria-hidden=\"true\" class=\"wp-block-spacer\"><\/div>\n\n<div style=\"height:58px\" aria-hidden=\"true\" class=\"wp-block-spacer\"><\/div>\n\n<div class=\"wp-block-columns is-layout-flex wp-container-core-columns-is-layout-28f84493 wp-block-columns-is-layout-flex\">\n<div class=\"wp-block-column is-layout-flow wp-block-column-is-layout-flow\">\n<h3 class=\"wp-block-heading has-text-align-center\">ePUR EX<\/h3>\n\n\n\n<p class=\"has-text-align-center\">Trajtimi i tymit, avullit dhe tret\u00ebsit<\/p>\n\n\n\n<figure class=\"wp-block-image aligncenter size-medium is-resized\"><a href=\"https:\/\/obera.fr\/produits\/depoussiereurs-industriels\/petits\/aspiration-fumees-soudage-laser-epur-b-ex\/\"><img decoding=\"async\" width=\"300\" height=\"300\" src=\"https:\/\/obera.fr\/wp-content\/uploads\/2023\/10\/epurb-ex-1000-3000-5000-300x300.png\" alt=\"oberA epur b ex 1000 3000 5000\" class=\"wp-image-25016\" style=\"object-fit:cover\" srcset=\"https:\/\/obera.fr\/wp-content\/uploads\/2023\/10\/epurb-ex-1000-3000-5000-300x300.png 300w, https:\/\/obera.fr\/wp-content\/uploads\/2023\/10\/epurb-ex-1000-3000-5000-150x150.png 150w, https:\/\/obera.fr\/wp-content\/uploads\/2023\/10\/epurb-ex-1000-3000-5000.png 600w\" sizes=\"(max-width: 300px) 100vw, 300px\" \/><\/a><\/figure>\n\n\n\n<p class=\"has-text-align-center\">Shkalla maksimale e rrjedhjes 350 &#8211; 2800 m3\/or\u00eb<\/p>\n<\/div>\n\n\n\n<div class=\"wp-block-column is-layout-flow wp-block-column-is-layout-flow\">\n<h3 class=\"wp-block-heading has-text-align-center\">Jumbo<\/h3>\n\n\n\n<p class=\"has-text-align-center\">Trajtimi i tymit, avullit dhe tret\u00ebsit<\/p>\n\n\n\n<figure class=\"wp-block-image aligncenter size-full is-resized\"><a href=\"https:\/\/obera.fr\/produits\/depoussiereurs-industriels\/petits\/jumbo\/\"><img decoding=\"async\" width=\"500\" height=\"500\" src=\"https:\/\/obera.fr\/wp-content\/uploads\/2020\/10\/jumbo.png\" alt=\"Jumbo\" class=\"wp-image-1171\" style=\"width:302px;height:auto\" srcset=\"https:\/\/obera.fr\/wp-content\/uploads\/2020\/10\/jumbo.png 500w, https:\/\/obera.fr\/wp-content\/uploads\/2020\/10\/jumbo-300x300.png 300w, https:\/\/obera.fr\/wp-content\/uploads\/2020\/10\/jumbo-150x150.png 150w\" sizes=\"(max-width: 500px) 100vw, 500px\" \/><\/a><\/figure>\n\n\n\n<p class=\"has-text-align-center\">Shkalla maksimale e rrjedhjes 170 m3\/or\u00eb<\/p>\n<\/div>\n<\/div>\n\n<div style=\"height:58px\" aria-hidden=\"true\" class=\"wp-block-spacer\"><\/div>\n\n<div class=\"wp-block-columns is-layout-flex wp-container-core-columns-is-layout-28f84493 wp-block-columns-is-layout-flex\">\n<div class=\"wp-block-column is-layout-flow wp-block-column-is-layout-flow\">\n<h3 class=\"wp-block-heading has-text-align-center\">ePUR010 CA<\/h3>\n\n\n\n<p class=\"has-text-align-center\">Trajtimi i tymit, avullit dhe tret\u00ebsit<\/p>\n\n\n\n<figure class=\"wp-block-image aligncenter size-medium is-resized\"><a href=\"https:\/\/obera.fr\/produits\/traitement-cov\/filtre-anti-poussiere-epur010-b-ca\/\"><img decoding=\"async\" width=\"221\" height=\"300\" src=\"https:\/\/obera.fr\/wp-content\/uploads\/2022\/02\/EPUR010-B-CA-221x300.png\" alt=\"epur010 b ca\" class=\"wp-image-8919\" style=\"object-fit:cover;width:239px;height:auto\" srcset=\"https:\/\/obera.fr\/wp-content\/uploads\/2022\/02\/EPUR010-B-CA-221x300.png 221w, https:\/\/obera.fr\/wp-content\/uploads\/2022\/02\/EPUR010-B-CA-753x1024.png 753w, https:\/\/obera.fr\/wp-content\/uploads\/2022\/02\/EPUR010-B-CA-768x1044.png 768w, https:\/\/obera.fr\/wp-content\/uploads\/2022\/02\/EPUR010-B-CA-1130x1536.png 1130w, https:\/\/obera.fr\/wp-content\/uploads\/2022\/02\/EPUR010-B-CA-1507x2048.png 1507w, https:\/\/obera.fr\/wp-content\/uploads\/2022\/02\/EPUR010-B-CA.png 1788w\" sizes=\"(max-width: 221px) 100vw, 221px\" \/><\/a><\/figure>\n\n\n\n<p class=\"has-text-align-center\">Shkalla maksimale e rrjedhjes 150 m3\/or\u00eb<\/p>\n<\/div>\n<\/div>\n\n<p class=\"has-text-align-center\"><\/p>\n\n<p><\/p>\n\n<div class=\"wp-block-buttons is-horizontal is-content-justification-center is-layout-flex wp-container-core-buttons-is-layout-03627597 wp-block-buttons-is-layout-flex\">\n<div class=\"wp-block-button has-custom-width wp-block-button__width-100\"><a class=\"wp-block-button__link wp-element-button\" href=\"https:\/\/obera.fr\/sq\/na-kontaktoni\/\">M\u00ebsoni m\u00eb shum\u00eb<\/a><\/div>\n<\/div>\n\n<h2 class=\"wp-block-heading\">Pse t\u00eb p\u00ebrdorni nj\u00eb kuti thith\u00ebse celulare?<\/h2>\n\n<p>Nj\u00eb kuti thith\u00ebse e l\u00ebvizshme p\u00ebrdoret p\u00ebrgjith\u00ebsisht p\u00ebr t\u00eb <strong>kapur ndot\u00ebsit n\u00eb nj\u00eb stacion pune<\/strong> . Kutia e filtrimit celular mund t\u00eb zhvendoset leht\u00ebsisht nga nj\u00eb stacion n\u00eb tjetrin. P\u00ebr m\u00eb tep\u00ebr, n\u00ebse klienti nuk ka nj\u00eb rrjet thith\u00ebs af\u00ebr, \u00ebsht\u00eb m\u00eb e thjesht\u00eb t\u00eb pozicionohet nj\u00eb kuti thith\u00ebse e l\u00ebvizshme sesa t\u00eb vendoset nj\u00eb rrjet tubash nga nj\u00eb instalim i centralizuar thith\u00ebs. N\u00eb t\u00eb nj\u00ebjt\u00ebn m\u00ebnyr\u00eb, shpesh \u00ebsht\u00eb e v\u00ebshtir\u00eb t\u00eb <strong>evakuohet ndot\u00ebsi nga jasht\u00eb<\/strong> , kutia e l\u00ebvizshme b\u00ebn t\u00eb mundur kapjen e produktit ku prodhohet, filtrimin e tij dhe hedhjen e ajrit t\u00eb trajtuar n\u00eb vet\u00eb zon\u00ebn. \u00cbsht\u00eb e r\u00ebnd\u00ebsishme t\u00eb p\u00ebrshtatet filtrimi me ndot\u00ebsit dhe n\u00eb ve\u00e7anti t\u00eb zgjidhet filtrimi HEPA H13 ose H14 me efikasitet t\u00eb lart\u00eb kur b\u00ebhet fjal\u00eb p\u00ebr filtrimin e komponimeve CMR. Shumica e kutive t\u00eb filtrimit t\u00eb l\u00ebvizsh\u00ebm mund t\u00eb <strong>pajisen me nj\u00eb dalje ajri t\u00eb past\u00ebr me tuba<\/strong> n\u00ebse klienti d\u00ebshiron t\u00eb evakuoj\u00eb ajrin e past\u00ebr nga jasht\u00eb.     <\/p>\n\n<h2 class=\"wp-block-heading\">Cilat aplikacione mbulohen nga kutit\u00eb e filtrimit celular?<\/h2>\n\n<div class=\"wp-block-columns is-layout-flex wp-container-core-columns-is-layout-28f84493 wp-block-columns-is-layout-flex\">\n<div class=\"wp-block-column is-layout-flow wp-block-column-is-layout-flow\" style=\"flex-basis:33.33%\">\n<figure class=\"wp-block-image aligncenter size-large is-resized\"><img decoding=\"async\" width=\"1024\" height=\"1024\" src=\"https:\/\/obera.fr\/wp-content\/uploads\/2025\/03\/2-1024x1024.png\" alt=\"Zgjidhja OberA\" class=\"wp-image-77618\" style=\"width:271px;height:auto\" srcset=\"https:\/\/obera.fr\/wp-content\/uploads\/2025\/03\/2-1024x1024.png 1024w, https:\/\/obera.fr\/wp-content\/uploads\/2025\/03\/2-300x300.png 300w, https:\/\/obera.fr\/wp-content\/uploads\/2025\/03\/2-150x150.png 150w, https:\/\/obera.fr\/wp-content\/uploads\/2025\/03\/2-768x768.png 768w, https:\/\/obera.fr\/wp-content\/uploads\/2025\/03\/2.png 1200w\" sizes=\"(max-width: 1024px) 100vw, 1024px\" \/><\/figure>\n<\/div>\n\n\n\n<div class=\"wp-block-column is-layout-flow wp-block-column-is-layout-flow\" style=\"flex-basis:66.66%\">\n<ul class=\"wp-block-list\">\n<li><strong>Kutit\u00eb e thithjes celulare<\/strong> zakonisht p\u00ebrdoren n\u00eb aplikacionet e m\u00ebposhtme:<\/li>\n\n\n\n<li>Saldim, saldim, saldim, industri Elektronike<\/li>\n\n\n\n<li>Laborator\u00ebt, trajtimi, dozimi, transferimi i kimikateve t\u00eb l\u00ebngshme, rr\u00ebshir\u00eb ose pluhur<\/li>\n\n\n\n<li>bizhuteri<\/li>\n\n\n\n<li>Makin\u00eb lazer (prerja e kartonit, plastik\u00ebs, etj.)<\/li>\n\n\n\n<li>Prodhimi i aditiv\u00ebve (makina 3D, etj.)<\/li>\n\n\n\n<li><strong>Stacione ngjit\u00ebse<\/strong><\/li>\n\n\n\n<li>Pastrim, degreasing i pjes\u00ebve;<\/li>\n\n\n\n<li>Restaurimi i veprave t\u00eb artit, llakimi<\/li>\n\n\n\n<li><strong>L\u00ebmimi, bluarja, zhveshja, lustrimi,<\/strong> heqja e pjes\u00ebve t\u00eb vogla t\u00eb b\u00ebra prej metali, materialesh t\u00eb p\u00ebrb\u00ebra ose plastike<\/li>\n<\/ul>\n<\/div>\n<\/div>\n\n<h2 class=\"wp-block-heading\">Si t\u00eb zgjidhni kutin\u00eb tuaj t\u00eb thithjes celulare?<\/h2>\n\n<p>P\u00ebr <strong>t\u00eb zgjedhur kutin\u00eb e duhur t\u00eb thithjes<\/strong> , fillimisht \u00ebsht\u00eb e nevojshme t\u00eb v\u00ebrtetohen llojet e ndot\u00ebsve q\u00eb do t\u00eb trajtohen. N\u00ebse \u00ebsht\u00eb vet\u00ebm pluhur ose tym, fazat e filtrimit mekanik do t\u00eb mjaftojn\u00eb. N\u00ebse \u00ebsht\u00eb e nevojshme t\u00eb trajtohen avujt, tret\u00ebsit ose VOC, duhet t\u00eb p\u00ebrdoren filtra t\u00eb karbonit aktiv. Gjithnj\u00eb e m\u00eb shpesh, proceset gjenerojn\u00eb t\u00eb dyja, sepse ngrohja e <strong>materialit avullon materialet dhe l\u00ebshon ndot\u00ebs<\/strong> n\u00eb form\u00ebn e tymrave (t\u00eb ngurta) dhe gazrave (m\u00eb shpesh VOC). N\u00eb k\u00ebt\u00eb rast, \u00ebsht\u00eb e p\u00ebrshtatshme t\u00eb kombinohen fazat e filtrimit t\u00eb grimcave (filtrat mekanik\u00eb) dhe fazat e filtrimit molekular (karbonet e aktivizuar).    <\/p>\n\n<p>P\u00ebrve\u00e7 k\u00ebsaj, n\u00ebse ndot\u00ebsit jan\u00eb toksik\u00eb, do t\u00eb jet\u00eb e p\u00ebrshtatshme t\u00eb zgjidhni filtrimin e p\u00ebrshtatsh\u00ebm HEPA. N\u00ebse pajisjet duhet t\u00eb thithin pluhur ose gazra shp\u00ebrthyes, duhet <strong>t\u00eb zgjidhni nj\u00eb pajisje ATEX t\u00eb p\u00ebrshtatur p\u00ebr rreziqet<\/strong> . <\/p>\n\n<p>Shkalla e rrjedh\u00ebs s\u00eb thithjes \u00ebsht\u00eb padyshim nj\u00eb faktor p\u00ebrcaktues n\u00eb zgjedhjen e pajisjes. Ne mund t&#8217;ju ndihmojm\u00eb ta p\u00ebrcaktoni k\u00ebt\u00eb. <\/p>\n\n<h2 class=\"wp-block-heading\">Kostot e funksionimit dhe mir\u00ebmbajtjes<\/h2>\n\n<p><strong>Kutit\u00eb e l\u00ebvizshme t\u00eb thithjes<\/strong> jan\u00eb t\u00eb pajisura me filtra t\u00eb ngopjes. N\u00eb var\u00ebsi t\u00eb madh\u00ebsis\u00eb s\u00eb grimcave t\u00eb pluhurit dhe tymrave q\u00eb do t\u00eb trajtohen, duhet t\u00eb zgjidhet kombinimi i duhur i filtrave. <\/p>\n\n<p>N\u00eb t\u00eb v\u00ebrtet\u00eb, sa m\u00eb efikas\u00eb t\u00eb jen\u00eb filtrat, aq m\u00eb i lart\u00eb \u00ebsht\u00eb \u00e7mimi i tyre. Prandaj, objektivi \u00ebsht\u00eb q\u00eb t\u00eb ngopen <strong>sa m\u00eb shum\u00eb shkall\u00ebt e sip\u00ebrme n\u00eb m\u00ebnyr\u00eb q\u00eb t\u00eb ruhen filtrat m\u00eb t\u00eb sakt\u00eb<\/strong> . N\u00ebse \u00ebsht\u00eb e mundur, duhet t\u00eb rriten fazat e para-filtrimit (p\u00ebr shembull G4, M6, F9, etj. p\u00ebr t\u00eb mbrojtur filtrat HEPA H13 ose H14 me efikasitet t\u00eb lart\u00eb). Jet\u00ebgjat\u00ebsia e filtrave do t\u00eb varet nga sasia e ndot\u00ebsve, koha e p\u00ebrdorimit dhe shp\u00ebrndarja e madh\u00ebsis\u00eb s\u00eb grimcave t\u00eb ndot\u00ebsit. N\u00eb raste t\u00eb caktuara, nj\u00eb matje \u00ebsht\u00eb e mundur p\u00ebr t\u00eb zgjedhur fazat e duhura t\u00eb filtrimit.    <\/p>\n","protected":false},"excerpt":{"rendered":"<p>\u00c7far\u00eb \u00ebsht\u00eb nj\u00eb kuti thith\u00ebse e l\u00ebvizshme? Nj\u00eb kuti thith\u00ebse e l\u00ebvizshme, e quajtur gjithashtu nj\u00eb kuti e l\u00ebvizshme e filtrimit ose nj\u00eb nj\u00ebsi thith\u00ebse e l\u00ebvizshme ose nj\u00ebsi e l\u00ebvizshme e filtrimit, \u00ebsht\u00eb p\u00ebrgjith\u00ebsisht nj\u00eb pajisje e vog\u00ebl e l\u00ebvizshme q\u00eb lejon q\u00eb ndot\u00ebsit t\u00eb thithen nga burimi dhe t\u00eb filtrohen. N\u00eb p\u00ebrgjith\u00ebsi \u00ebsht\u00eb i pajisur me nj\u00eb krah grumbullimi n\u00eb pajisje ose nj\u00eb hyrje me tuba q\u00eb lejon t\u00eb lidhet nj\u00eb ose m\u00eb shum\u00eb zorr\u00eb thith\u00ebse t\u00eb lidhura me nj\u00eb makin\u00eb, nj\u00eb kapu\u00e7, nj\u00eb tavolin\u00eb t\u00eb vog\u00ebl thithjeje ose krah\u00eb n\u00eb distanc\u00eb. Kutit\u00eb e l\u00ebvizshme t\u00eb thithjes p\u00ebrb\u00ebhen &#8230; <\/p>\n<p class=\"read-more-container\"><a title=\"Kuti thith\u00ebse celulare\" class=\"read-more button\" href=\"https:\/\/obera.fr\/sq\/produits\/caissons-mobiles-aspiration\/#more-39630\" aria-label=\"Read more about Kuti thith\u00ebse celulare\">Lire la suite<\/a><\/p>\n","protected":false},"author":4,"featured_media":83732,"parent":37892,"menu_order":0,"comment_status":"closed","ping_status":"closed","template":"","meta":{"_acf_changed":false,"_seopress_robots_primary_cat":"","_seopress_titles_title":"oberA kuti thith\u00ebse t\u00eb l\u00ebvizshme","_seopress_titles_desc":"Gama jon\u00eb e kutive thith\u00ebse celulare: ePURBox: Modulariteti dhe Shkatht\u00ebsia, ePUR010 B CA, Jumbo dhe EPUR B EX","_seopress_robots_index":"","footnotes":""},"class_list":{"0":"post-39630","1":"page","2":"type-page","3":"status-publish","4":"has-post-thumbnail","6":"no-featured-image-padding","7":"resize-featured-image"},"acf":[],"_links":{"self":[{"href":"https:\/\/obera.fr\/sq\/wp-json\/wp\/v2\/pages\/39630","targetHints":{"allow":["GET"]}}],"collection":[{"href":"https:\/\/obera.fr\/sq\/wp-json\/wp\/v2\/pages"}],"about":[{"href":"https:\/\/obera.fr\/sq\/wp-json\/wp\/v2\/types\/page"}],"author":[{"embeddable":true,"href":"https:\/\/obera.fr\/sq\/wp-json\/wp\/v2\/users\/4"}],"replies":[{"embeddable":true,"href":"https:\/\/obera.fr\/sq\/wp-json\/wp\/v2\/comments?post=39630"}],"version-history":[{"count":13,"href":"https:\/\/obera.fr\/sq\/wp-json\/wp\/v2\/pages\/39630\/revisions"}],"predecessor-version":[{"id":127228,"href":"https:\/\/obera.fr\/sq\/wp-json\/wp\/v2\/pages\/39630\/revisions\/127228"}],"up":[{"embeddable":true,"href":"https:\/\/obera.fr\/sq\/wp-json\/wp\/v2\/pages\/37892"}],"wp:featuredmedia":[{"embeddable":true,"href":"https:\/\/obera.fr\/sq\/wp-json\/wp\/v2\/media\/83732"}],"wp:attachment":[{"href":"https:\/\/obera.fr\/sq\/wp-json\/wp\/v2\/media?parent=39630"}],"curies":[{"name":"wp","href":"https:\/\/api.w.org\/{rel}","templated":true}]}}