{"id":41911,"date":"2024-05-07T09:40:24","date_gmt":"2024-05-07T07:40:24","guid":{"rendered":"https:\/\/obera.fr\/produktet-tona\/kuti-thithese-celulare\/kuti-thithese-celulare-epurbox-brs\/"},"modified":"2025-06-30T13:59:17","modified_gmt":"2025-06-30T11:59:17","slug":"epurbox-brs","status":"publish","type":"page","link":"https:\/\/obera.fr\/sq\/produits\/caissons-mobiles-aspiration\/epurbox-brs\/","title":{"rendered":"Kuti thith\u00ebse celulare ePURbox BRS"},"content":{"rendered":"\n<div class=\"wp-block-columns is-layout-flex wp-container-core-columns-is-layout-28f84493 wp-block-columns-is-layout-flex\">\n<div class=\"wp-block-column is-layout-flow wp-block-column-is-layout-flow\" style=\"flex-basis:33.33%\">\n<figure class=\"wp-block-image aligncenter size-medium\"><img decoding=\"async\" width=\"300\" height=\"300\" src=\"https:\/\/obera.fr\/wp-content\/uploads\/2024\/05\/epurbox-brs-300x300.png\" alt=\"epurbox brs\" class=\"wp-image-30328\" srcset=\"https:\/\/obera.fr\/wp-content\/uploads\/2024\/05\/epurbox-brs-300x300.png 300w, https:\/\/obera.fr\/wp-content\/uploads\/2024\/05\/epurbox-brs-1024x1024.png 1024w, https:\/\/obera.fr\/wp-content\/uploads\/2024\/05\/epurbox-brs-150x150.png 150w, https:\/\/obera.fr\/wp-content\/uploads\/2024\/05\/epurbox-brs-768x768.png 768w, https:\/\/obera.fr\/wp-content\/uploads\/2024\/05\/epurbox-brs.png 1200w\" sizes=\"(max-width: 300px) 100vw, 300px\" \/><figcaption class=\"wp-element-caption\">ePURbox BRS<\/figcaption><\/figure>\n<\/div>\n\n\n\n<div class=\"wp-block-column is-layout-flow wp-block-column-is-layout-flow\" style=\"flex-basis:66.66%\">\n<p class=\"has-drop-cap\"><\/p>\n\n\n\n<hr class=\"wp-block-separator has-text-color has-black-color has-css-opacity has-black-background-color has-background is-style-dots\"\/>\n\n\n\n<div class=\"wp-block-columns is-layout-flex wp-container-core-columns-is-layout-28f84493 wp-block-columns-is-layout-flex\">\n<div class=\"wp-block-column is-layout-flow wp-block-column-is-layout-flow\" style=\"flex-basis:33.33%\">\n<div class=\"wp-block-buttons is-layout-flex wp-block-buttons-is-layout-flex\">\n<div class=\"wp-block-button\"><a class=\"wp-block-button__link wp-element-button\" href=\"https:\/\/obera.fr\/wp-content\/uploads\/2025\/04\/brochure-epurbox-atex-brs-fr.pdf\">SHKARKONI BROSHUR\u00cbN<\/a><\/div>\n<\/div>\n<\/div>\n\n\n\n<div class=\"wp-block-column is-layout-flow wp-block-column-is-layout-flow\" style=\"flex-basis:33.34%\">\n<div class=\"wp-block-buttons is-horizontal is-content-justification-center is-layout-flex wp-container-core-buttons-is-layout-03627597 wp-block-buttons-is-layout-flex\">\n<div class=\"wp-block-button has-custom-width wp-block-button__width-100\"><a class=\"wp-block-button__link wp-element-button\" href=\"https:\/\/obera.fr\/sq\/na-kontaktoni\/\">M\u00ebsoni m\u00eb shum\u00eb<\/a><\/div>\n<\/div>\n<\/div>\n\n\n\n<div class=\"wp-block-column is-layout-flow wp-block-column-is-layout-flow\" style=\"flex-basis:33.34%\">\n<div class=\"wp-block-buttons is-content-justification-center is-layout-flex wp-container-core-buttons-is-layout-a89b3969 wp-block-buttons-is-layout-flex\">\n<div class=\"wp-block-button btn-devis-source\"><a class=\"wp-block-button__link wp-element-button\" href=\"https:\/\/obera.fr\/sq\/devis\/\">K\u00ebrkes\u00eb p\u00ebr kuot\u00eb<\/a><\/div>\n<\/div>\n\n\n<script>\r\ndocument.addEventListener('DOMContentLoaded', function() {\r\n    \/\/ 1. On cherche le titre H1 de la page\r\n    var h1 = document.querySelector('h1');\r\n    var productTitle = h1 ? h1.innerText.trim() : \"\";\r\n\r\n    \/\/ 2. On cherche les boutons via la classe CSS .btn-devis-source\r\n    var buttons = document.querySelectorAll('.btn-devis-source a');\r\n\r\n    \/\/ 3. Si on a le titre et les boutons, on ajoute le param\u00e8tre\r\n    if (buttons.length > 0 && productTitle !== \"\") {\r\n        var encodedTitle = encodeURIComponent(productTitle);\r\n\r\n        buttons.forEach(function(btn) {\r\n            var currentHref = btn.getAttribute('href');\r\n            \r\n            \/\/ S\u00e9curit\u00e9 pour ne pas ajouter le param\u00e8tre 2 fois\r\n            if (currentHref.indexOf('sujet=') === -1) {\r\n                var separator = currentHref.indexOf('?') !== -1 ? '&' : '?';\r\n                var newLink = currentHref + separator + 'sujet=' + encodedTitle;\r\n                \r\n                btn.setAttribute('href', newLink);\r\n            }\r\n        });\r\n    }\r\n});\r\n<\/script><\/div>\n<\/div>\n\n\n\n<p><\/p>\n<\/div>\n<\/div>\n\n<div class=\"wp-block-columns is-layout-flex wp-container-core-columns-is-layout-28f84493 wp-block-columns-is-layout-flex\">\n<div class=\"wp-block-column is-layout-flow wp-block-column-is-layout-flow\">\n<h2 class=\"wp-block-heading has-text-align-center\"><strong>P\u00ebrfitimet<\/strong><\/h2>\n\n\n\n<ul class=\"wp-block-list\">\n<li>Ventilator me efikasitet shum\u00eb t\u00eb lart\u00eb<\/li>\n\n\n\n<li>I heshtur<\/li>\n\n\n\n<li>Celular, i leht\u00eb, i dobish\u00ebm<\/li>\n\n\n\n<li>Gjurm\u00eb e vog\u00ebl<\/li>\n\n\n\n<li>Mir\u00ebmbajtje e leht\u00eb e filtrit<\/li>\n\n\n\n<li>Shkalla e rrjedh\u00ebs e rregullueshme nga 0 n\u00eb 100%<\/li>\n\n\n\n<li>Sistemi Plug &amp; Play<\/li>\n<\/ul>\n\n\n\n<p><\/p>\n<\/div>\n\n\n\n<div class=\"wp-block-column is-layout-flow wp-block-column-is-layout-flow\">\n<h2 class=\"wp-block-heading has-text-align-center\"><strong>Karakteristika t\u00eb ve\u00e7anta<\/strong><\/h2>\n\n\n\n<ul class=\"wp-block-list\">\n<li>Z\u00ebvend\u00ebsimi i leht\u00eb i mediave t\u00eb filtrit<\/li>\n\n\n\n<li>Pajisja e shkall\u00ebzueshme dhe e konfigurueshme<\/li>\n\n\n\n<li>Atex 2 gas \/ Atex 22 Pluhuri<\/li>\n\n\n\n<li>Kapacitet i fort\u00eb absorbues<\/li>\n\n\n\n<li>Mat\u00ebs i or\u00ebs<\/li>\n\n\n\n<li>Matja e bllokimit t\u00eb filtrit<\/li>\n\n\n\n<li>220 V<\/li>\n<\/ul>\n\n\n\n<p><\/p>\n<\/div>\n\n\n\n<div class=\"wp-block-column is-layout-flow wp-block-column-is-layout-flow\">\n<h2 class=\"wp-block-heading has-text-align-center\"><strong>Ve\u00e7orit\u00eb<\/strong><\/h2>\n\n\n\n<ul class=\"wp-block-list\">\n<li>Prurja maksimale 1200 m3\/h<\/li>\n\n\n\n<li>diametri i hyrjes 140 mm<\/li>\n\n\n\n<li>Depresioni maksimal 1350 Pa<\/li>\n\n\n\n<li>Fuqia 0,75 kW<\/li>\n\n\n\n<li>Filt\u00ebr me karbon aktiv 15 kg<\/li>\n\n\n\n<li>P\u00ebrmasat: 700 x 710 x 1060 mm<\/li>\n\n\n\n<li>Pesha 90 kg<\/li>\n\n\n\n<li>Niveli i z\u00ebrit 68 db<\/li>\n<\/ul>\n\n\n\n<figure class=\"wp-block-image aligncenter size-large is-resized\"><img decoding=\"async\" width=\"1024\" height=\"549\" src=\"https:\/\/obera.fr\/wp-content\/uploads\/2025\/03\/charbon-actif-mix-1024x549.jpg\" alt=\"p&#xEB;rzierje e karbonit t&#xEB; aktivizuar\" class=\"wp-image-76515\" style=\"width:207px;height:auto\" srcset=\"https:\/\/obera.fr\/wp-content\/uploads\/2025\/03\/charbon-actif-mix-1024x549.jpg 1024w, https:\/\/obera.fr\/wp-content\/uploads\/2025\/03\/charbon-actif-mix-300x161.jpg 300w, https:\/\/obera.fr\/wp-content\/uploads\/2025\/03\/charbon-actif-mix-768x412.jpg 768w, https:\/\/obera.fr\/wp-content\/uploads\/2025\/03\/charbon-actif-mix.jpg 1200w\" sizes=\"(max-width: 1024px) 100vw, 1024px\" \/><\/figure>\n<\/div>\n<\/div>\n\n<div class=\"wp-block-columns is-layout-flex wp-container-core-columns-is-layout-28f84493 wp-block-columns-is-layout-flex\">\n<div class=\"wp-block-column is-layout-flow wp-block-column-is-layout-flow\" style=\"flex-basis:25%\"><\/div>\n\n\n\n<div class=\"wp-block-column is-layout-flow wp-block-column-is-layout-flow\" style=\"flex-basis:50%\">\n<figure class=\"wp-block-embed is-type-video is-provider-youtube wp-block-embed-youtube wp-embed-aspect-16-9 wp-has-aspect-ratio\"><div class=\"wp-block-embed__wrapper\">\n<iframe title=\"Caisson mobile d&#039;aspiration - ePURbox Atex - OberA\" width=\"1200\" height=\"675\" src=\"https:\/\/www.youtube.com\/embed\/vpDttbOwJGQ?feature=oembed\" frameborder=\"0\" allow=\"accelerometer; autoplay; clipboard-write; encrypted-media; gyroscope; picture-in-picture; web-share\" referrerpolicy=\"strict-origin-when-cross-origin\" allowfullscreen><\/iframe>\n<\/div><\/figure>\n\n\n\n<p><\/p>\n<\/div>\n<\/div>\n\n<h2 class=\"wp-block-heading\">N\u00eb cil\u00ebt sektor\u00eb industrial\u00eb duhet t\u00eb p\u00ebrdoret?<\/h2>\n\n<div class=\"wp-block-columns is-layout-flex wp-container-core-columns-is-layout-28f84493 wp-block-columns-is-layout-flex\">\n<div class=\"wp-block-column is-layout-flow wp-block-column-is-layout-flow\">\n<h3 class=\"wp-block-heading has-text-align-center\">Ndot\u00ebsit<\/h3>\n\n\n\n<hr class=\"wp-block-separator has-css-opacity is-style-wide\"\/>\n\n\n\n<div class=\"wp-block-columns is-layout-flex wp-container-core-columns-is-layout-28f84493 wp-block-columns-is-layout-flex\">\n<div class=\"wp-block-column is-layout-flow wp-block-column-is-layout-flow\">\n<figure class=\"wp-block-image aligncenter size-large\"><img decoding=\"async\" width=\"70\" height=\"70\" src=\"https:\/\/obera.fr\/wp-content\/uploads\/2020\/08\/industrie-fumees.jpg\" alt=\"Tymrat e industris&#xEB;\" class=\"wp-image-722\"\/><figcaption class=\"wp-element-caption\">Tymrat<\/figcaption><\/figure>\n<\/div>\n\n\n\n<div class=\"wp-block-column is-layout-flow wp-block-column-is-layout-flow\"><\/div>\n<\/div>\n\n\n\n<p><\/p>\n<\/div>\n\n\n\n<div class=\"wp-block-column is-layout-flow wp-block-column-is-layout-flow\">\n<h3 class=\"wp-block-heading has-text-align-center\">Industrit\u00eb<\/h3>\n\n\n\n<hr class=\"wp-block-separator has-css-opacity is-style-wide\"\/>\n\n\n\n<div class=\"wp-block-columns is-layout-flex wp-container-core-columns-is-layout-28f84493 wp-block-columns-is-layout-flex\">\n<div class=\"wp-block-column is-layout-flow wp-block-column-is-layout-flow\">\n<figure class=\"wp-block-image aligncenter size-large\"><img decoding=\"async\" width=\"70\" height=\"70\" src=\"https:\/\/obera.fr\/wp-content\/uploads\/2020\/08\/industrie-metallurgie.jpg\" alt=\"Industria Metalurgji\" class=\"wp-image-673\"\/><figcaption class=\"wp-element-caption\">Metalurgji<\/figcaption><\/figure>\n<\/div>\n\n\n\n<div class=\"wp-block-column is-layout-flow wp-block-column-is-layout-flow\"><\/div>\n<\/div>\n<\/div>\n<\/div>\n\n<div class=\"wp-block-buttons is-horizontal is-content-justification-center is-layout-flex wp-container-core-buttons-is-layout-03627597 wp-block-buttons-is-layout-flex\">\n<div class=\"wp-block-button has-custom-width wp-block-button__width-100\"><a class=\"wp-block-button__link wp-element-button\" href=\"https:\/\/obera.fr\/sq\/na-kontaktoni\/\">M\u00ebsoni m\u00eb shum\u00eb<\/a><\/div>\n<\/div>\n\n<h2 class=\"wp-block-heading\">Karakteristikat teknike<\/h2>\n\n<figure class=\"wp-block-table\"><table class=\"has-fixed-layout\"><thead><tr><th>Pajisja<\/th><th><\/th><th>ePURBOX<\/th><\/tr><\/thead><tbody><tr><td>Shpejt\u00ebsia<\/td><td>m3\/h<\/td><td>1 200<\/td><\/tr><tr><td>Diametri i hyrjes<\/td><td>mm<\/td><td>140<\/td><\/tr><tr><td>Depresioni maksimal<\/td><td>Pa<\/td><td>1 350<\/td><\/tr><tr><td>Tensioni i furnizimit<\/td><td>V<\/td><td>230<\/td><\/tr><tr><td>Fuqia<\/td><td>kW<\/td><td>0.75<\/td><\/tr><tr><td>Dimensionet<\/td><td>l\/L\/h (mm)<\/td><td>700 x 710 x 1060<\/td><\/tr><tr><td>Pesha<\/td><td>kg<\/td><td>90<\/td><\/tr><tr><td>Niveli i z\u00ebrit<\/td><td>dB(A)<\/td><td>68<\/td><\/tr><\/tbody><\/table><\/figure>\n\n<div class=\"wp-block-buttons is-content-justification-center is-layout-flex wp-container-core-buttons-is-layout-a89b3969 wp-block-buttons-is-layout-flex\">\n<div class=\"wp-block-button is-style-fill\"><a class=\"wp-block-button__link wp-element-button\" href=\"https:\/\/obera.fr\/wp-content\/uploads\/2025\/04\/brochure-epurbox-atex-brs-fr.pdf\">Shkarkoni flet\u00ebn e produktit<\/a><\/div>\n<\/div>\n\n<hr class=\"wp-block-separator has-css-opacity is-style-dots\"\/>\n","protected":false},"excerpt":{"rendered":"<p>P\u00ebrfitimet Karakteristika t\u00eb ve\u00e7anta Ve\u00e7orit\u00eb N\u00eb cil\u00ebt sektor\u00eb industrial\u00eb duhet t\u00eb p\u00ebrdoret? Ndot\u00ebsit Industrit\u00eb Karakteristikat teknike Pajisja ePURBOX Shpejt\u00ebsia m3\/h 1 200 Diametri i hyrjes mm 140 Depresioni maksimal Pa 1 350 Tensioni i furnizimit V 230 Fuqia kW 0.75 Dimensionet l\/L\/h (mm) 700 x 710 x 1060 Pesha kg 90 Niveli i z\u00ebrit dB(A) 68<\/p>\n","protected":false},"author":4,"featured_media":83732,"parent":39630,"menu_order":0,"comment_status":"closed","ping_status":"closed","template":"","meta":{"_acf_changed":false,"_seopress_robots_primary_cat":"","_seopress_titles_title":"Caisson mobile d'aspiration ePURBOX BRS - oberA","_seopress_titles_desc":"Un caisson mobile d\u2019aspiration, aussi appel\u00e9 caisson mobile de filtration ou unit\u00e9 mobile d\u2019aspiration ou encore unit\u00e9 mobile de filtration, est g\u00e9n\u00e9ralement un petit appareil mobile permettant d\u2019aspirer les polluants \u00e0 la source et de les filtrer.","_seopress_robots_index":"","footnotes":""},"class_list":{"0":"post-41911","1":"page","2":"type-page","3":"status-publish","4":"has-post-thumbnail","6":"no-featured-image-padding","7":"resize-featured-image"},"acf":[],"_links":{"self":[{"href":"https:\/\/obera.fr\/sq\/wp-json\/wp\/v2\/pages\/41911","targetHints":{"allow":["GET"]}}],"collection":[{"href":"https:\/\/obera.fr\/sq\/wp-json\/wp\/v2\/pages"}],"about":[{"href":"https:\/\/obera.fr\/sq\/wp-json\/wp\/v2\/types\/page"}],"author":[{"embeddable":true,"href":"https:\/\/obera.fr\/sq\/wp-json\/wp\/v2\/users\/4"}],"replies":[{"embeddable":true,"href":"https:\/\/obera.fr\/sq\/wp-json\/wp\/v2\/comments?post=41911"}],"version-history":[{"count":20,"href":"https:\/\/obera.fr\/sq\/wp-json\/wp\/v2\/pages\/41911\/revisions"}],"predecessor-version":[{"id":116653,"href":"https:\/\/obera.fr\/sq\/wp-json\/wp\/v2\/pages\/41911\/revisions\/116653"}],"up":[{"embeddable":true,"href":"https:\/\/obera.fr\/sq\/wp-json\/wp\/v2\/pages\/39630"}],"wp:featuredmedia":[{"embeddable":true,"href":"https:\/\/obera.fr\/sq\/wp-json\/wp\/v2\/media\/83732"}],"wp:attachment":[{"href":"https:\/\/obera.fr\/sq\/wp-json\/wp\/v2\/media?parent=41911"}],"curies":[{"name":"wp","href":"https:\/\/api.w.org\/{rel}","templated":true}]}}