{"id":42568,"date":"2020-08-26T16:20:18","date_gmt":"2020-08-26T14:20:18","guid":{"rendered":"https:\/\/obera.fr\/zbuloni-obera\/"},"modified":"2025-07-21T15:04:05","modified_gmt":"2025-07-21T13:04:05","slug":"decouvrir","status":"publish","type":"page","link":"https:\/\/obera.fr\/sq\/decouvrir\/","title":{"rendered":"Zbuloni OberA"},"content":{"rendered":"\n<h2 class=\"wp-block-heading\">Slogani yn\u00eb: \u201cOberA, garantues i cil\u00ebsis\u00eb s\u00eb ajrit <mark style=\"background-color:rgba(0, 0, 0, 0)\" class=\"has-inline-color has-global-color-8-color\">t\u00eb biznesit tuaj<\/mark> !\u201d<\/h2>\n\n<p><\/p>\n\n<p>E vendosur n\u00eb Alsace, OberA \u00ebsht\u00eb nj\u00eb ekspert n\u00eb trajtimin industrial t\u00eb ajrit. Nga dizajni te prodhimi dhe shp\u00ebrndarja, prania jon\u00eb shtrihet n\u00eb t\u00eb gjith\u00eb Franc\u00ebn dhe Evrop\u00ebn. Me zgjidhjet tona ekologjike dhe ekonomike, t\u00eb p\u00ebrshtatura p\u00ebr t\u00eb p\u00ebrmbushur nevojat tuaja, p\u00ebrfitoni nga nj\u00eb mjedis i sh\u00ebndetsh\u00ebm pune q\u00eb p\u00ebrmir\u00ebson kushtet e pun\u00ebs dhe stimulon produktivitetin e kompanis\u00eb suaj.  <\/p>\n\n<div class=\"wp-block-columns is-layout-flex wp-container-core-columns-is-layout-28f84493 wp-block-columns-is-layout-flex\">\n<div class=\"wp-block-column is-layout-flow wp-block-column-is-layout-flow\" style=\"flex-basis:25%\"><\/div>\n\n\n\n<div class=\"wp-block-column is-layout-flow wp-block-column-is-layout-flow\" style=\"flex-basis:50%\">\n<p><\/p>\n\n\n\n<figure class=\"wp-block-video\"><video height=\"1080\" style=\"aspect-ratio: 1920 \/ 1080;\" width=\"1920\" autoplay=\"\" controls=\"\" loop=\"\" muted=\"\" poster=\"https:\/\/obera.fr\/wp-content\/uploads\/2025\/05\/capture-decran-2025-05-14-100342.png\" src=\"https:\/\/obera.fr\/wp-content\/uploads\/2025\/05\/made_in_france_obera_fr.mp4\"><\/video><\/figure>\n<\/div>\n\n\n\n<div class=\"wp-block-column is-layout-flow wp-block-column-is-layout-flow\" style=\"flex-basis:25%\"><\/div>\n<\/div>\n\n<p><\/p>\n\n<div class=\"wp-block-buttons is-content-justification-center is-layout-flex wp-container-core-buttons-is-layout-a89b3969 wp-block-buttons-is-layout-flex\">\n<div class=\"wp-block-button\"><a class=\"wp-block-button__link wp-element-button\" href=\"https:\/\/obera.fr\/sq\/ils-parlent-de-nous-presse-media\/\">Ata flasin p\u00ebr ne<\/a><\/div>\n\n\n\n<div class=\"wp-block-button\"><a class=\"wp-block-button__link wp-element-button\" href=\"https:\/\/obera.fr\/sq\/decouvrir\/salons\/\">Shfaqjet e ardhshme<\/a><\/div>\n<\/div>\n\n<h2 class=\"wp-block-heading\">Misioni yn\u00eb<\/h2>\n\n<div class=\"wp-block-columns is-layout-flex wp-container-core-columns-is-layout-28f84493 wp-block-columns-is-layout-flex\">\n<div class=\"wp-block-column is-layout-flow wp-block-column-is-layout-flow\" style=\"flex-basis:66.66%\">\n<p>Si specialist n\u00eb trajtimin e ajrit industrial, OberA ju garanton nj\u00eb mjedis t\u00eb sh\u00ebndetsh\u00ebm pune, duke promovuar kushte optimale t\u00eb pun\u00ebs dhe duke ndihmuar n\u00eb p\u00ebrmir\u00ebsimin e produktivitetit t\u00eb kompanis\u00eb suaj.<\/p>\n\n\n\n<blockquote class=\"wp-block-quote is-layout-flow wp-block-quote-is-layout-flow\">\n<p>Garantuesi juaj i cil\u00ebsis\u00eb s\u00eb ajrit  <\/p>\n<\/blockquote>\n<\/div>\n\n\n\n<div class=\"wp-block-column is-layout-flow wp-block-column-is-layout-flow\" style=\"flex-basis:33.33%\">\n<figure class=\"wp-block-image aligncenter size-large is-resized\"><img decoding=\"async\" width=\"1024\" height=\"1024\" src=\"https:\/\/obera.fr\/wp-content\/uploads\/2025\/05\/ic-30-entrepot-travail-1024x1024.png\" alt=\"punime n&#xEB; depo ic 30\" class=\"wp-image-93435\" style=\"width:259px;height:auto\" srcset=\"https:\/\/obera.fr\/wp-content\/uploads\/2025\/05\/ic-30-entrepot-travail-1024x1024.png 1024w, https:\/\/obera.fr\/wp-content\/uploads\/2025\/05\/ic-30-entrepot-travail-300x300.png 300w, https:\/\/obera.fr\/wp-content\/uploads\/2025\/05\/ic-30-entrepot-travail-150x150.png 150w, https:\/\/obera.fr\/wp-content\/uploads\/2025\/05\/ic-30-entrepot-travail-768x768.png 768w, https:\/\/obera.fr\/wp-content\/uploads\/2025\/05\/ic-30-entrepot-travail.png 1200w\" sizes=\"(max-width: 1024px) 100vw, 1024px\" \/><\/figure>\n<\/div>\n<\/div>\n\n<h3 class=\"wp-block-heading\">P\u00ebrmir\u00ebsimi i cil\u00ebsis\u00eb s\u00eb ajrit p\u00ebr sh\u00ebndet dhe produktivitet m\u00eb t\u00eb mir\u00eb<\/h3>\n\n<p>N\u00eb OberA, ne e dim\u00eb se sa thelb\u00ebsore \u00ebsht\u00eb t\u00eb punosh n\u00eb nj\u00eb mjedis t\u00eb sh\u00ebndetsh\u00ebm. Kjo \u00ebsht\u00eb arsyeja pse ne kemi zhvilluar zgjidhje efektive dhe inovative p\u00ebr t\u00eb siguruar q\u00eb ju t\u00eb keni aj\u00ebr t\u00eb past\u00ebr, duke p\u00ebrmir\u00ebsuar k\u00ebshtu kushtet tuaja t\u00eb pun\u00ebs dhe duke rritur produktivitetin tuaj. Zgjidhjet tona t\u00eb personalizuara, t\u00eb p\u00ebrshtatura p\u00ebr nevojat tuaja specifike, integrohen n\u00eb m\u00ebnyr\u00eb t\u00eb p\u00ebrsosur n\u00eb mjedisin tuaj. Ekologjike dhe ekonomike, risit\u00eb tona garantojn\u00eb rezultate t\u00eb jasht\u00ebzakonshme.   <\/p>\n\n<h3 class=\"wp-block-heading\">Zgjidhje t\u00eb personalizuara p\u00ebr \u00e7do situat\u00eb<\/h3>\n\n<p>Ne jemi t\u00eb p\u00ebrkushtuar t\u00eb ofrojm\u00eb zgjidhje t\u00eb personalizuara bazuar n\u00eb sfidat unike me t\u00eb cilat p\u00ebrballeni. Pavar\u00ebsisht n\u00ebse keni nevoj\u00eb p\u00ebr nj\u00eb zgjidhje celulare apo fikse, ne punojm\u00eb ngusht\u00eb me ju p\u00ebr t\u00eb analizuar mjedisin tuaj t\u00eb pun\u00ebs, p\u00ebr t\u00eb kuptuar nevojat tuaja specifike dhe p\u00ebr t\u00eb hartuar sisteme t\u00eb p\u00ebrmir\u00ebsimit t\u00eb cil\u00ebsis\u00eb s\u00eb ajrit q\u00eb p\u00ebrputhen n\u00eb m\u00ebnyr\u00eb t\u00eb p\u00ebrkryer me pritshm\u00ebrit\u00eb tuaja. <\/p>\n\n<h2 class=\"wp-block-heading\">profesionet e OberA<\/h2>\n\n<p>Ne jemi krenar\u00eb q\u00eb ofrojm\u00eb produkte dhe sh\u00ebrbime lider n\u00eb industri q\u00eb i ndihmojn\u00eb klient\u00ebt tan\u00eb t\u00eb zgjidhin problemet q\u00eb lidhen <strong>me pluhurin, er\u00ebn, VOC dhe nxeht\u00ebsin\u00eb<\/strong> , duke krijuar nj\u00eb mjedis pune m\u00eb t\u00eb sh\u00ebndetsh\u00ebm dhe m\u00eb produktiv.<\/p>\n\n<p><\/p>\n\n<div class=\"wp-block-columns is-layout-flex wp-container-core-columns-is-layout-28f84493 wp-block-columns-is-layout-flex\">\n<div class=\"wp-block-column is-layout-flow wp-block-column-is-layout-flow\" style=\"flex-basis:25%\"><\/div>\n\n\n\n<div class=\"wp-block-column is-layout-flow wp-block-column-is-layout-flow\" style=\"flex-basis:50%\">\n<figure class=\"wp-block-video\"><video height=\"1080\" style=\"aspect-ratio: 1920 \/ 1080;\" width=\"1920\" autoplay=\"\" controls=\"\" loop=\"\" poster=\"https:\/\/obera.fr\/wp-content\/uploads\/2025\/05\/capture-decran-2025-05-13-093745.png\" src=\"https:\/\/obera.fr\/wp-content\/uploads\/2025\/05\/le-depoussierage-des-espaces-de-travail-1.mp4\"><\/video><\/figure>\n<\/div>\n\n\n\n<div class=\"wp-block-column is-layout-flow wp-block-column-is-layout-flow\" style=\"flex-basis:25%\"><\/div>\n<\/div>\n\n<p><\/p>\n\n<h2 class=\"wp-block-heading\">Nj\u00eb metodologji rigoroze p\u00ebr rezultate t\u00eb besueshme<\/h2>\n\n<p>N\u00eb OberA, ne ndjekim nj\u00eb metodologji rigoroze p\u00ebr t\u00eb siguruar rezultate optimale p\u00ebr klient\u00ebt tan\u00eb. P\u00ebrpara se t\u00eb instalojm\u00eb pajisjet tona, ju sugjerojm\u00eb t\u00eb b\u00ebni nj\u00eb <strong>diagnoz\u00eb<\/strong> <strong>t\u00eb pluhurit<\/strong> . Kjo qasje na lejon t\u00eb p\u00ebrcaktojm\u00eb nivelin dhe llojin e pluhurit t\u00eb pranish\u00ebm n\u00eb hap\u00ebsir\u00ebn tuaj t\u00eb pun\u00ebs. Pas k\u00ebsaj analize, ne <strong>rekomandojm\u00eb nj\u00eb zgjidhje t\u00eb p\u00ebrshtatur<\/strong> me situat\u00ebn si dhe nj\u00eb <strong>rezultat t\u00eb pritsh\u00ebm<\/strong> . Pasi t\u00eb v\u00ebrtetohet me ju, ne kalojm\u00eb n\u00eb zbatimin e zgjidhjes. P\u00ebr t\u00eb verifikuar efektivitetin e zgjidhjes s\u00eb zbatuar, m\u00eb von\u00eb kryhet <strong>nj\u00eb matje e dyt\u00eb<\/strong> . N\u00ebse rezultatet korrespondojn\u00eb me ato t\u00eb pritura, ne nuk ndryshojm\u00eb asgj\u00eb, n\u00ebse nuk \u00ebsht\u00eb mjaftuesh\u00ebm efektive, ne <strong>rip\u00ebrshtatim zgjidhjen ton\u00eb<\/strong> .      <\/p>\n\n<div class=\"wp-block-columns is-layout-flex wp-container-core-columns-is-layout-28f84493 wp-block-columns-is-layout-flex\">\n<div class=\"wp-block-column is-layout-flow wp-block-column-is-layout-flow\" style=\"flex-basis:25%\"><\/div>\n\n\n\n<div class=\"wp-block-column is-layout-flow wp-block-column-is-layout-flow\" style=\"flex-basis:50%\">\n<figure class=\"wp-block-video\"><video height=\"1080\" style=\"aspect-ratio: 1920 \/ 1080;\" width=\"1920\" autoplay=\"\" controls=\"\" loop=\"\" poster=\"https:\/\/obera.fr\/wp-content\/uploads\/2025\/05\/capture-decran-2025-05-13-161820.png\" src=\"https:\/\/obera.fr\/wp-content\/uploads\/2025\/05\/mesurer-disgnostiquer.mp4\"><\/video><\/figure>\n<\/div>\n\n\n\n<div class=\"wp-block-column is-layout-flow wp-block-column-is-layout-flow\" style=\"flex-basis:25%\"><\/div>\n<\/div>\n\n<p><\/p>\n\n<p>OberA \u00ebsht\u00eb e vetmja q\u00eb ju ofron, p\u00ebr t\u00eb garantuar nj\u00eb investim t\u00eb sigurt dhe efektiv, \u00ebsht\u00eb e mundur t\u00eb <strong>testoni pajisjet tona p\u00ebr nj\u00eb periudh\u00eb prej 1 deri n\u00eb 3 muaj t\u00eb zbritur nga \u00e7mimi i blerjes<\/strong> . P\u00ebr p\u00ebrdorim p\u00ebr nj\u00eb periudh\u00eb t\u00eb caktuar ose nevoja afatshkurtra, \u00ebsht\u00eb e mundur t\u00eb <strong>marr\u00ebsh me qira pajisjet tona<\/strong> <strong>p\u00ebr nj\u00eb periudh\u00eb prej 12 deri n\u00eb 63 muaj me nj\u00eb opsion blerjeje<\/strong> . <\/p>\n\n<p><\/p>\n\n<div class=\"wp-block-columns is-layout-flex wp-container-core-columns-is-layout-28f84493 wp-block-columns-is-layout-flex\">\n<div class=\"wp-block-column is-layout-flow wp-block-column-is-layout-flow\" style=\"flex-basis:25%\"><\/div>\n\n\n\n<div class=\"wp-block-column is-layout-flow wp-block-column-is-layout-flow\" style=\"flex-basis:50%\">\n<figure class=\"wp-block-video\"><video height=\"1080\" style=\"aspect-ratio: 1920 \/ 1080;\" width=\"1920\" autoplay=\"\" controls=\"\" loop=\"\" poster=\"https:\/\/obera.fr\/wp-content\/uploads\/2025\/05\/capture-decran-2025-05-13-093822.png\" src=\"https:\/\/obera.fr\/wp-content\/uploads\/2025\/05\/testez-de-1-a-3-mois-deductibles-du-prix-dacquisition.mp4\"><\/video><\/figure>\n<\/div>\n\n\n\n<div class=\"wp-block-column is-layout-flow wp-block-column-is-layout-flow\" style=\"flex-basis:25%\"><\/div>\n<\/div>\n\n<p><\/p>\n\n<h2 class=\"wp-block-heading\">Angazhimi yn\u00eb p\u00ebr k\u00ebnaq\u00ebsin\u00eb e klientit<\/h2>\n\n<p>K\u00ebnaq\u00ebsia e klient\u00ebve tan\u00eb \u00ebsht\u00eb prioriteti yn\u00eb kryesor. Ne jemi t\u00eb p\u00ebrkushtuar t\u00eb ofrojm\u00eb sh\u00ebrbime t\u00eb jasht\u00ebzakonshme ndaj klientit n\u00eb \u00e7do hap t\u00eb rrug\u00ebs. Ekipi yn\u00eb teknik\/pas shitjes shum\u00eb i kualifikuar \u00ebsht\u00eb i disponuesh\u00ebm p\u00ebr t&#8217;iu p\u00ebrgjigjur t\u00eb gjitha pyetjeve tuaja, p\u00ebr t&#8217;ju udh\u00ebhequr n\u00eb zgjedhjen e zgjidhjes m\u00eb t\u00eb p\u00ebrshtatshme p\u00ebr nevojat tuaja dhe p\u00ebr t&#8217;ju ofruar mb\u00ebshtetje t\u00eb vazhdueshme p\u00ebr t\u00eb siguruar funksionimin e duhur t\u00eb produkteve tona.  <\/p>\n\n<p>Pavar\u00ebsisht n\u00ebse jeni nj\u00eb kompani industriale e shqet\u00ebsuar p\u00ebr sh\u00ebndetin e punonj\u00ebsve tuaj ose nj\u00eb logjistike q\u00eb k\u00ebrkon t\u00eb optimizoj\u00eb mjedisin tuaj t\u00eb pun\u00ebs, OberA \u00ebsht\u00eb k\u00ebtu p\u00ebr t&#8217;ju mb\u00ebshtetur. Zbuloni ekspertiz\u00ebn ton\u00eb, zgjidhjet tona m\u00eb t\u00eb fundit dhe angazhimin ton\u00eb p\u00ebr t\u00eb p\u00ebrmir\u00ebsuar cil\u00ebsin\u00eb e ajrit. S\u00eb bashku, le t\u00eb krijojm\u00eb nj\u00eb mjedis pune m\u00eb t\u00eb sh\u00ebndetsh\u00ebm dhe m\u00eb produktiv.  <\/p>\n\n<p>Na kontaktoni sot p\u00ebr t\u00eb diskutuar nevojat tuaja specifike dhe p\u00ebr t\u00eb zbuluar se si OberA mund t\u00eb p\u00ebrmir\u00ebsoj\u00eb cil\u00ebsin\u00eb e ajrit n\u00eb biznesin tuaj.<\/p>\n\n<div class=\"wp-block-buttons is-horizontal is-content-justification-center is-layout-flex wp-container-core-buttons-is-layout-03627597 wp-block-buttons-is-layout-flex\">\n<div class=\"wp-block-button has-custom-width wp-block-button__width-100\"><a class=\"wp-block-button__link wp-element-button\" href=\"https:\/\/obera.fr\/sq\/na-kontaktoni\/\">M\u00ebsoni m\u00eb shum\u00eb<\/a><\/div>\n<\/div>\n\n<div style=\"height:30px\" aria-hidden=\"true\" class=\"wp-block-spacer\"><\/div>\n\n<p>Zbuloni <a href=\"https:\/\/obera.fr\/sq\/decouvrir\/klientet-tane\/\" data-type=\"page\" data-id=\"743\">klient\u00ebt<\/a> tan\u00eb besnik\u00eb.<\/p>\n\n<p><\/p>\n","protected":false},"excerpt":{"rendered":"<p>Slogani yn\u00eb: \u201cOberA, garantues i cil\u00ebsis\u00eb s\u00eb ajrit t\u00eb biznesit tuaj !\u201d E vendosur n\u00eb Alsace, OberA \u00ebsht\u00eb nj\u00eb ekspert n\u00eb trajtimin industrial t\u00eb ajrit. Nga dizajni te prodhimi dhe shp\u00ebrndarja, prania jon\u00eb shtrihet n\u00eb t\u00eb gjith\u00eb Franc\u00ebn dhe Evrop\u00ebn. Me zgjidhjet tona ekologjike dhe ekonomike, t\u00eb p\u00ebrshtatura p\u00ebr t\u00eb p\u00ebrmbushur nevojat tuaja, p\u00ebrfitoni nga nj\u00eb mjedis i sh\u00ebndetsh\u00ebm pune q\u00eb p\u00ebrmir\u00ebson kushtet e pun\u00ebs dhe stimulon produktivitetin e kompanis\u00eb suaj. Misioni yn\u00eb Si specialist n\u00eb trajtimin e ajrit industrial, OberA ju garanton nj\u00eb mjedis t\u00eb sh\u00ebndetsh\u00ebm pune, duke promovuar kushte optimale t\u00eb pun\u00ebs dhe duke ndihmuar n\u00eb p\u00ebrmir\u00ebsimin e &#8230; <\/p>\n<p class=\"read-more-container\"><a title=\"Zbuloni OberA\" class=\"read-more button\" href=\"https:\/\/obera.fr\/sq\/decouvrir\/#more-42568\" aria-label=\"Read more about Zbuloni OberA\">Lire la suite<\/a><\/p>\n","protected":false},"author":4,"featured_media":84805,"parent":0,"menu_order":0,"comment_status":"closed","ping_status":"closed","template":"","meta":{"_acf_changed":false,"_seopress_robots_primary_cat":"","_seopress_titles_title":"D\u00e9couvrir oberA : La solution compl\u00e8te pour votre entreprise.","_seopress_titles_desc":"En savoir plus sur oberA, notre mission, nos m\u00e9tiers, notre m\u00e9thodologie et nos implantations g\u00e9ographiques.","_seopress_robots_index":"","footnotes":""},"class_list":{"0":"post-42568","1":"page","2":"type-page","3":"status-publish","4":"has-post-thumbnail","6":"no-featured-image-padding","7":"resize-featured-image"},"acf":[],"_links":{"self":[{"href":"https:\/\/obera.fr\/sq\/wp-json\/wp\/v2\/pages\/42568","targetHints":{"allow":["GET"]}}],"collection":[{"href":"https:\/\/obera.fr\/sq\/wp-json\/wp\/v2\/pages"}],"about":[{"href":"https:\/\/obera.fr\/sq\/wp-json\/wp\/v2\/types\/page"}],"author":[{"embeddable":true,"href":"https:\/\/obera.fr\/sq\/wp-json\/wp\/v2\/users\/4"}],"replies":[{"embeddable":true,"href":"https:\/\/obera.fr\/sq\/wp-json\/wp\/v2\/comments?post=42568"}],"version-history":[{"count":11,"href":"https:\/\/obera.fr\/sq\/wp-json\/wp\/v2\/pages\/42568\/revisions"}],"predecessor-version":[{"id":124550,"href":"https:\/\/obera.fr\/sq\/wp-json\/wp\/v2\/pages\/42568\/revisions\/124550"}],"wp:featuredmedia":[{"embeddable":true,"href":"https:\/\/obera.fr\/sq\/wp-json\/wp\/v2\/media\/84805"}],"wp:attachment":[{"href":"https:\/\/obera.fr\/sq\/wp-json\/wp\/v2\/media?parent=42568"}],"curies":[{"name":"wp","href":"https:\/\/api.w.org\/{rel}","templated":true}]}}