{"id":44137,"date":"2020-08-26T12:41:56","date_gmt":"2020-08-26T10:41:56","guid":{"rendered":"https:\/\/obera.fr\/produktet-tona\/pastruesit-industriale-te-ajrit\/pastrues-ajri-i-pluhurit-ecoprime-epur-b01\/"},"modified":"2025-03-07T16:37:02","modified_gmt":"2025-03-07T14:37:02","slug":"pastrues-ajri-i-pluhurit-ecoprime-epur-b01","status":"publish","type":"page","link":"https:\/\/obera.fr\/sq\/produits\/purificateurs-air\/pastrues-ajri-i-pluhurit-ecoprime-epur-b01\/","title":{"rendered":"Pastrues ajri i pluhurit Ecoprime ePUR B01"},"content":{"rendered":"\n<p><strong>ePUR B01 Ecoprime<\/strong> \u00ebsht\u00eb nj\u00eb <a href=\"https:\/\/obera.fr\/sq\/produits\/purificateurs-air\/\" data-type=\"page\" data-id=\"26\">pastrues profesional ajri<\/a> p\u00ebr v\u00ebllime t\u00eb vogla.<\/p>\n\n\n\n\n\n\n<h2 class=\"wp-block-heading\" id=\"comment-fonctionne-notre-purificateur-d-air\">Si funksionon pastruesi yn\u00eb i ajrit?<\/h2>\n\n\n\n<div class=\"wp-block-columns is-layout-flex wp-container-core-columns-is-layout-28f84493 wp-block-columns-is-layout-flex\">\n<div class=\"wp-block-column is-layout-flow wp-block-column-is-layout-flow\" style=\"flex-basis:33.33%\">\n<figure class=\"wp-block-image aligncenter size-medium\"><img decoding=\"async\" width=\"300\" height=\"300\" src=\"https:\/\/obera.fr\/wp-content\/uploads\/2020\/09\/epur-b01-ecoprime-300x300.jpg\" alt=\"Epur B01 Ecoprime\" class=\"wp-image-1008\" srcset=\"https:\/\/obera.fr\/wp-content\/uploads\/2020\/09\/epur-b01-ecoprime-300x300.jpg 300w, https:\/\/obera.fr\/wp-content\/uploads\/2020\/09\/epur-b01-ecoprime-150x150.jpg 150w, https:\/\/obera.fr\/wp-content\/uploads\/2020\/09\/epur-b01-ecoprime.jpg 433w\" sizes=\"(max-width: 300px) 100vw, 300px\" \/><\/figure>\n<\/div>\n\n\n\n<div class=\"wp-block-column is-layout-flow wp-block-column-is-layout-flow\" style=\"flex-basis:66.66%\">\n<p>Funksionimi \u00ebsht\u00eb i thjesht\u00eb, ajri i ndotur thithet nga pjesa e sip\u00ebrme e pajisjes, m\u00eb pas kalon n\u00ebp\u00ebr disa shtresa filtrimi brenda pajisjes, p\u00ebr t&#8217;u refuzuar nga fundi direkt n\u00eb hap\u00ebsir\u00ebn tuaj t\u00eb pun\u00ebs.<\/p>\n\n\n\n<h3 class=\"wp-block-heading\" id=\"a-quelles-utilisations-convient-il\">P\u00ebr \u00e7far\u00eb p\u00ebrdorimesh \u00ebsht\u00eb i p\u00ebrshtatsh\u00ebm?<\/h3>\n\n\n\n<p>Kjo pajisje <strong>p\u00ebr trajtimin e ajrit<\/strong> \u00ebsht\u00eb e p\u00ebrshtatshme p\u00ebr pothuajse t\u00eb gjitha llojet e bizneseve. Do t\u00eb jet\u00eb efektiv n\u00eb hap\u00ebsira t\u00eb vogla dhe t\u00eb mesme, si zyra, salla takimesh, sallone flok\u00ebsh, sallone thonjve, hotele, pastrim kimik, salla sportive, zyra mjek\u00ebsore, dentist\u00eb, EPHAD, zejtar\u00eb apo edhe shkolla etj. <\/p>\n\n\n\n<div class=\"wp-block-columns is-layout-flex wp-container-core-columns-is-layout-28f84493 wp-block-columns-is-layout-flex\">\n<div class=\"wp-block-column is-layout-flow wp-block-column-is-layout-flow\" style=\"flex-basis:33.34%\">\n<div class=\"wp-block-buttons is-content-justification-center is-layout-flex wp-container-core-buttons-is-layout-a89b3969 wp-block-buttons-is-layout-flex\">\n<div class=\"wp-block-button\"><a class=\"wp-block-button__link wp-element-button\" href=\"https:\/\/obera.fr\/wp-content\/uploads\/2025\/03\/ecoprime-en.pdf\">Shkarkoni broshur\u00ebn<\/a><\/div>\n<\/div>\n<\/div>\n\n\n\n<div class=\"wp-block-column is-layout-flow wp-block-column-is-layout-flow\" style=\"flex-basis:33.34%\">\n<div class=\"wp-block-buttons is-horizontal is-content-justification-center is-layout-flex wp-container-core-buttons-is-layout-03627597 wp-block-buttons-is-layout-flex\">\n<div class=\"wp-block-button\"><a class=\"wp-block-button__link\" href=\"https:\/\/boutique.obera.fr\/22-acheter-purificateur-air-epur-b01-ecoprime-poussieres.html\" target=\"_blank\" rel=\"noreferrer noopener\">Acheter Epur B01 Ecoprime \u00e0 880,80\u20ac TTC<\/a><\/div>\n<\/div>\n<\/div>\n\n\n\n<div class=\"wp-block-column is-layout-flow wp-block-column-is-layout-flow\" style=\"flex-basis:33.33%\">\n<div class=\"wp-block-buttons is-content-justification-center is-layout-flex wp-container-core-buttons-is-layout-a89b3969 wp-block-buttons-is-layout-flex\">\n<div class=\"wp-block-button btn-devis-source\"><a class=\"wp-block-button__link wp-element-button\" href=\"https:\/\/obera.fr\/sq\/devis\/\">K\u00ebrkes\u00eb p\u00ebr kuot\u00eb<\/a><\/div>\n<\/div>\n\n\n<script>\r\ndocument.addEventListener('DOMContentLoaded', function() {\r\n    \/\/ 1. On cherche le titre H1 de la page\r\n    var h1 = document.querySelector('h1');\r\n    var productTitle = h1 ? h1.innerText.trim() : \"\";\r\n\r\n    \/\/ 2. On cherche les boutons via la classe CSS .btn-devis-source\r\n    var buttons = document.querySelectorAll('.btn-devis-source a');\r\n\r\n    \/\/ 3. Si on a le titre et les boutons, on ajoute le param\u00e8tre\r\n    if (buttons.length > 0 && productTitle !== \"\") {\r\n        var encodedTitle = encodeURIComponent(productTitle);\r\n\r\n        buttons.forEach(function(btn) {\r\n            var currentHref = btn.getAttribute('href');\r\n            \r\n            \/\/ S\u00e9curit\u00e9 pour ne pas ajouter le param\u00e8tre 2 fois\r\n            if (currentHref.indexOf('sujet=') === -1) {\r\n                var separator = currentHref.indexOf('?') !== -1 ? '&' : '?';\r\n                var newLink = currentHref + separator + 'sujet=' + encodedTitle;\r\n                \r\n                btn.setAttribute('href', newLink);\r\n            }\r\n        });\r\n    }\r\n});\r\n<\/script><\/div>\n<\/div>\n<\/div>\n<\/div>\n\n\n\n<h2 class=\"wp-block-heading\" id=\"quels-polluants-puis-je-traiter-avec-le-purificateur-d-air-epur-b01-ecoprime\">\u00c7far\u00eb ndot\u00ebsish mund t\u00eb trajtoj me pastruesin e ajrit ePUR B01 Ecoprime?<\/h2>\n\n\n\n<p>Pastruesi i ajrit ePUR B01 Ecoprime mund t\u00eb pajiset me konfigurime t\u00eb ndryshme filtrimi. Si standard, ai p\u00ebrmban nj\u00eb faz\u00eb filtrimi molekular t\u00eb karbonit t\u00eb aktivizuar p\u00ebr <strong>ndot\u00ebsit e gazt\u00eb<\/strong> (VOC, aromat, formaldehidet, etj.) dhe nj\u00eb faz\u00eb <strong>t\u00eb filtrimit t\u00eb grimcave<\/strong> (filtri i ngopjes s\u00eb klas\u00ebs F HEPA p\u00ebr trajtimin e pluhurit t\u00eb im\u00ebt, ndot\u00ebsve t\u00eb gazt\u00eb, aromave, VOC-ve si dhe viruseve dhe bakteret e pranishme n\u00eb aj\u00ebr. <\/p>\n\n\n\n<div class=\"wp-block-buttons is-horizontal is-content-justification-center is-layout-flex wp-container-core-buttons-is-layout-03627597 wp-block-buttons-is-layout-flex\">\n<div class=\"wp-block-button has-custom-width wp-block-button__width-100\"><a class=\"wp-block-button__link wp-element-button\" href=\"https:\/\/obera.fr\/sq\/na-kontaktoni\/\">M\u00ebsoni m\u00eb shum\u00eb<\/a><\/div>\n<\/div>\n\n\n\n<div style=\"height:20px\" aria-hidden=\"true\" class=\"wp-block-spacer\"><\/div>\n\n\n\n<div class=\"wp-block-columns is-layout-flex wp-container-core-columns-is-layout-28f84493 wp-block-columns-is-layout-flex\">\n<div class=\"wp-block-column is-layout-flow wp-block-column-is-layout-flow\">\n<h3 class=\"wp-block-heading has-text-align-center\" id=\"polluants\">Ndot\u00ebsit<\/h3>\n\n\n\n<hr class=\"wp-block-separator has-css-opacity is-style-wide\"\/>\n\n\n\n<div class=\"wp-block-columns is-layout-flex wp-container-core-columns-is-layout-28f84493 wp-block-columns-is-layout-flex\">\n<div class=\"wp-block-column is-layout-flow wp-block-column-is-layout-flow\">\n<figure class=\"wp-block-image aligncenter size-large\"><img decoding=\"async\" width=\"70\" height=\"70\" src=\"https:\/\/obera.fr\/wp-content\/uploads\/2020\/08\/polluants-poussieres.jpg\" alt=\"Ndot\u00ebsit e pluhurit\" class=\"wp-image-675\"\/><figcaption class=\"wp-element-caption\">Pluhuri<\/figcaption><\/figure>\n<\/div>\n\n\n\n<div class=\"wp-block-column is-layout-flow wp-block-column-is-layout-flow\">\n<figure class=\"wp-block-image aligncenter size-large\"><img decoding=\"async\" width=\"70\" height=\"70\" src=\"https:\/\/obera.fr\/wp-content\/uploads\/2020\/10\/industrie-aerosols.jpg\" alt=\"Industria e aerosoleve\" class=\"wp-image-1201\"\/><figcaption class=\"wp-element-caption\">Aerosolet<\/figcaption><\/figure>\n<\/div>\n<\/div>\n\n\n\n<p><\/p>\n<\/div>\n\n\n\n<div class=\"wp-block-column is-layout-flow wp-block-column-is-layout-flow\">\n<h3 class=\"wp-block-heading has-text-align-center\" id=\"industries\">Industrit\u00eb<\/h3>\n\n\n\n<hr class=\"wp-block-separator has-css-opacity is-style-wide\"\/>\n\n\n\n<p>I p\u00ebrshtatsh\u00ebm p\u00ebr t\u00eb gjitha llojet e bizneseve dhe do t\u00eb jet\u00eb thelb\u00ebsor n\u00eb:<\/p>\n\n\n\n<ul class=\"wp-block-list\">\n<li>Zyrat dhe dhomat e takimeve<\/li>\n\n\n\n<li>Hap\u00ebsira t\u00eb hapura<\/li>\n\n\n\n<li>Zejtar\u00ebt<\/li>\n\n\n\n<li>Parukier\u00eb<\/li>\n\n\n\n<li>Sallonet e thonjve<\/li>\n\n\n\n<li>Tregtim i cigareve elektronike dhe l\u00ebngjeve t\u00eb cigareve elektronike<\/li>\n\n\n\n<li>Zyrat mjek\u00ebsore<\/li>\n\n\n\n<li>Dentist\u00ebt<\/li>\n\n\n\n<li>Teknik dentar<\/li>\n\n\n\n<li>EFADI<\/li>\n\n\n\n<li>Okulist\u00eb<\/li>\n\n\n\n<li>Hotele<\/li>\n\n\n\n<li>Restorante<\/li>\n\n\n\n<li>Dyqane te gatshme<\/li>\n\n\n\n<li>Pastrim kimik<\/li>\n\n\n\n<li>Dhoma sportive dhe fitnesi<\/li>\n\n\n\n<li>Prodhimi i hersh\u00ebm<\/li>\n\n\n\n<li>\u00c7erdhe dhe shkolla<\/li>\n<\/ul>\n<\/div>\n<\/div>\n\n\n\n<h2 class=\"wp-block-heading\" id=\"quelles-sont-les-caracteristiques-du-purificateur-d-air-epur-b01-ecoprime\">Cilat jan\u00eb karakteristikat e pastruesit t\u00eb ajrit ePUR B01 Ecoprime?<\/h2>\n\n\n\n<figure class=\"wp-block-image alignright size-medium\"><img decoding=\"async\" width=\"300\" height=\"206\" src=\"https:\/\/obera.fr\/wp-content\/uploads\/2020\/10\/epur-ecoprime-300x206.jpg\" alt=\"Epur Ecoprime\" class=\"wp-image-1240\" srcset=\"https:\/\/obera.fr\/wp-content\/uploads\/2020\/10\/epur-ecoprime-300x206.jpg 300w, https:\/\/obera.fr\/wp-content\/uploads\/2020\/10\/epur-ecoprime-768x528.jpg 768w, https:\/\/obera.fr\/wp-content\/uploads\/2020\/10\/epur-ecoprime.jpg 900w\" sizes=\"(max-width: 300px) 100vw, 300px\" \/><figcaption class=\"wp-element-caption\">EcoPrime<\/figcaption><\/figure>\n\n\n\n<p>Kjo pajisje \u00ebsht\u00eb e pajisur me nj\u00eb <strong>filt\u00ebr grimcash me efikasitet t\u00eb lart\u00eb t\u00eb ngopur me karbon<\/strong> , i cili e lejon at\u00eb t\u00eb kap\u00eb m\u00eb shum\u00eb se 99,9% t\u00eb pluhurit dhe ndot\u00ebsve t\u00eb gazt\u00eb. Fuqia e tij \u00ebsht\u00eb plot\u00ebsisht e rregullueshme dhe ju lejon t\u00eb p\u00ebrshtatni shpejt\u00ebsin\u00eb e rrjedh\u00ebs sipas nevoj\u00ebs. Kompakt, p\u00ebrmasat e tij jan\u00eb 25x25x33cm, k\u00ebshtu q\u00eb do t\u00eb p\u00ebrshtatet shum\u00eb mir\u00eb edhe n\u00eb nj\u00eb ambient t\u00eb vog\u00ebl pune.    <\/p>\n\n\n\n<p>Mund t\u00eb trajtoj\u00eb n\u00eb m\u00ebnyr\u00eb efektive ndot\u00ebsit nga nj\u00eb sip\u00ebrfaqe deri n\u00eb 60 m\u00b2. Ekonomik, konsumi i tij i energjis\u00eb i klasifikuar A+ \u00ebsht\u00eb vet\u00ebm 14 W. Pastruesi i ajrit ePUR B01 Ecoprime \u00ebsht\u00eb <strong>i heshtur<\/strong> , niveli i tij i ul\u00ebt i zhurm\u00ebs prej 48 db me fuqi t\u00eb plot\u00eb do t&#8217;ju lejoj\u00eb ta poziciononi sa m\u00eb af\u00ebr q\u00eb t\u00eb jet\u00eb e mundur pa ju shqet\u00ebsuar.  <\/p>\n\n\n\n<h2 class=\"wp-block-heading\" id=\"quels-sont-ses-avantages\"><strong>Cilat jan\u00eb avantazhet e tij?<\/strong><\/h2>\n\n\n\n<p>Para s\u00eb gjithash, pastruesi i ajrit mbron punonj\u00ebsit nga grimcat e im\u00ebta dhe ndot\u00ebsit e tjer\u00eb t\u00eb gazt\u00eb, duke ndihmuar n\u00eb shmangien e t\u00eb gjitha llojeve t\u00eb s\u00ebmundjeve pulmonare ose t\u00eb zemr\u00ebs. <strong>Filtrimi HEPA<\/strong> gjithashtu eliminon viruset, bakteret dhe sporet n\u00eb m\u00ebnyr\u00eb q\u00eb t\u00eb kufizoj\u00eb epidemit\u00eb nga patogjen\u00ebt, agjent\u00ebt e ajrit dhe alergjen\u00ebt. <\/p>\n\n\n\n<p>Ekziston gjithashtu nj\u00eb avantazh n\u00eb koston e pastrimit. N\u00eb fakt, pajisja trajton pluhurin dhe ndot\u00ebs t\u00eb tjer\u00eb t\u00eb cil\u00ebt n\u00eb munges\u00eb t\u00eb tij do t\u00eb depozitoheshin n\u00eb hap\u00ebsir\u00ebn tuaj t\u00eb pun\u00ebs. P\u00ebrve\u00e7 k\u00ebsaj, pothuajse nuk k\u00ebrkon mir\u00ebmbajtje. N\u00eb var\u00ebsi t\u00eb p\u00ebrdorimit t\u00eb tij dhe nivelit t\u00eb ndot\u00ebsve t\u00eb pranish\u00ebm n\u00eb dhom\u00eb, filtrat e tij duhet t\u00eb ndryshohen vet\u00ebm nj\u00eb her\u00eb n\u00eb vit. Ky pastrues ajri kompakt, me nj\u00eb dizajn modern dhe elegant, do t\u00eb p\u00ebrshtatet leht\u00ebsisht me dhom\u00ebn tuaj.    <\/p>\n\n\n\n<p>N\u00eb raste t\u00eb caktuara p\u00ebrdorimi, pastruesi yn\u00eb profesional i ajrit p\u00ebrdoret p\u00ebr t\u00eb respektuar pragun e vlerave kufitare t\u00eb ekspozimit profesional (OEL).<\/p>\n\n\n\n<div class=\"wp-block-columns is-layout-flex wp-container-core-columns-is-layout-28f84493 wp-block-columns-is-layout-flex\">\n<div class=\"wp-block-column is-layout-flow wp-block-column-is-layout-flow\">\n<h3 class=\"wp-block-heading has-text-align-center\" id=\"avantages\">P\u00ebrfitimet<\/h3>\n\n\n\n<ul class=\"wp-block-list\">\n<li>Filtri HEPA sintetik i ngopur me karbon t\u00eb aktivizuar me efikasitet t\u00eb lart\u00eb.<\/li>\n\n\n\n<li>Ekonomik: max. 14 W <\/li>\n\n\n\n<li>Efikasiteti maksimal deri n\u00eb 60 m\u00b2<\/li>\n<\/ul>\n<\/div>\n\n\n\n<div class=\"wp-block-column is-layout-flow wp-block-column-is-layout-flow\">\n<h3 class=\"wp-block-heading has-text-align-center\" id=\"particularites\">Karakteristika t\u00eb ve\u00e7anta<\/h3>\n\n\n\n<ul class=\"wp-block-list\">\n<li>Fuqia e rregullueshme nga 0 n\u00eb 100%<\/li>\n\n\n\n<li>Nj\u00eb dizajn modern dhe i rafinuar<\/li>\n\n\n\n<li>Kompakt 25cm x 25cm x 33cm<\/li>\n\n\n\n<li>I heshtur: maksimumi. 48 dB me fuqi t\u00eb plot\u00eb <\/li>\n<\/ul>\n<\/div>\n\n\n\n<div class=\"wp-block-column is-layout-flow wp-block-column-is-layout-flow\">\n<h3 class=\"wp-block-heading has-text-align-center\" id=\"caracteristiques\">Ve\u00e7orit\u00eb<\/h3>\n\n\n\n<ul class=\"wp-block-list\">\n<li>Filtrim prej m\u00eb shum\u00eb se 99.9% mbi grimcat e im\u00ebta dhe komponimet organike t\u00eb avullueshme (VOCs)<\/li>\n\n\n\n<li>Filtron viruset, bakteret dhe sporet: ndihmon n\u00eb kufizimin e epidemive nga patogjen\u00ebt e ajrit<\/li>\n<\/ul>\n<\/div>\n<\/div>\n\n\n\n<div class=\"wp-block-buttons is-horizontal is-content-justification-center is-layout-flex wp-container-core-buttons-is-layout-03627597 wp-block-buttons-is-layout-flex\">\n<div class=\"wp-block-button has-custom-width wp-block-button__width-100\"><a class=\"wp-block-button__link wp-element-button\" href=\"https:\/\/obera.fr\/sq\/na-kontaktoni\/\">M\u00ebsoni m\u00eb shum\u00eb<\/a><\/div>\n<\/div>\n\n\n\n<h2 class=\"wp-block-heading\" id=\"exemples-de-domaine-d-application-pour-le-epur-b01-ecoprime\">Shembuj t\u00eb fushave t\u00eb aplikimit p\u00ebr ePUR B01 Ecoprime:<\/h2>\n\n\n\n<h3 class=\"wp-block-heading\" id=\"secteur-medical-hopitaux-ehpad-veterinaires-pedicures-podologues-dentistes-et-prothesistes-dentaires-cabinets-medicaux-espaces-funeraires\">Sektori mjek\u00ebsor (spitale, sht\u00ebpi pleqsh, veteriner\u00eb, kiropodist\u00eb, pediat\u00ebr, dentist\u00eb dhe protez\u00eb dentare, praktika mjek\u00ebsore, hap\u00ebsira funerale)<\/h3>\n\n\n\n<p>Nevojat jan\u00eb t\u00eb ndryshme:<\/p>\n\n\n\n<ul class=\"wp-block-list\">\n<li>P\u00ebrmir\u00ebsoni cil\u00ebsin\u00eb e ajrit p\u00ebr <strong>t\u00eb reduktuar ndotjen e ajrit<\/strong> (viruset, bakteret)<\/li>\n\n\n\n<li>Dezinfektoni dhe <strong>shmangni p\u00ebrhapjen e viruseve<\/strong> , baktereve, etj.<\/li>\n\n\n\n<li>Eliminoni aromat e bezdisshme dhe <strong>neutralizoni ndotjet e ndryshme t\u00eb nuhatjes<\/strong><\/li>\n\n\n\n<li><strong>Ulni nivelet e pluhurit<\/strong> p\u00ebr aktivitetet q\u00eb gjenerojn\u00eb pluhur<\/li>\n<\/ul>\n\n\n\n<h2 class=\"wp-block-heading\" id=\"les-autres-purificateur-d-air-de-la-marque-obera\">Pastrues t\u00eb tjer\u00eb ajri nga marka oberA<\/h2>\n\n\n\n<div class=\"wp-block-columns is-layout-flex wp-container-core-columns-is-layout-28f84493 wp-block-columns-is-layout-flex\">\n<div class=\"wp-block-column is-layout-flow wp-block-column-is-layout-flow\">\n<figure class=\"wp-block-image aligncenter size-medium is-resized\"><a href=\"https:\/\/obera.fr\/sq\/produits\/purificateurs-air\/filtower\/\"><img decoding=\"async\" width=\"300\" height=\"300\" src=\"https:\/\/obera.fr\/wp-content\/uploads\/2020\/09\/FILTOWER-SF-300x300.png\" alt=\"Filtower Sf\" class=\"wp-image-1017\" style=\"width:150px;height:150px\" srcset=\"https:\/\/obera.fr\/wp-content\/uploads\/2020\/09\/FILTOWER-SF-300x300.png 300w, https:\/\/obera.fr\/wp-content\/uploads\/2020\/09\/FILTOWER-SF-150x150.png 150w, https:\/\/obera.fr\/wp-content\/uploads\/2020\/09\/FILTOWER-SF.png 600w\" sizes=\"(max-width: 300px) 100vw, 300px\" \/><\/a><figcaption class=\"wp-element-caption\">Filtrikull<\/figcaption><\/figure>\n<\/div>\n\n\n\n<div class=\"wp-block-column is-layout-flow wp-block-column-is-layout-flow\">\n<figure class=\"wp-block-image aligncenter size-medium is-resized\"><a href=\"https:\/\/obera.fr\/sq\/produits\/purificateurs-air\/professionnel-epur-ca\/\"><img decoding=\"async\" width=\"300\" height=\"300\" src=\"https:\/\/obera.fr\/wp-content\/uploads\/2020\/09\/gamme-epur-ca-300x300.jpg\" alt=\"Gama e Epur Ca\" class=\"wp-image-1015\" style=\"width:150px;height:150px\" srcset=\"https:\/\/obera.fr\/wp-content\/uploads\/2020\/09\/gamme-epur-ca-300x300.jpg 300w, https:\/\/obera.fr\/wp-content\/uploads\/2020\/09\/gamme-epur-ca-150x150.jpg 150w, https:\/\/obera.fr\/wp-content\/uploads\/2020\/09\/gamme-epur-ca.jpg 433w\" sizes=\"(max-width: 300px) 100vw, 300px\" \/><\/a><figcaption class=\"wp-element-caption\">ePUR CA<\/figcaption><\/figure>\n<\/div>\n\n\n\n<div class=\"wp-block-column is-layout-flow wp-block-column-is-layout-flow\">\n<figure class=\"wp-block-image aligncenter size-full\"><a href=\"https:\/\/obera.fr\/sq\/produits\/purificateurs-air\/industriel-epur\/\"><img decoding=\"async\" width=\"150\" height=\"150\" src=\"https:\/\/obera.fr\/wp-content\/uploads\/2023\/05\/gamme-epur.png\" alt=\"epur varg\" class=\"wp-image-22632\"\/><\/a><figcaption class=\"wp-element-caption\">ePUR<\/figcaption><\/figure>\n<\/div>\n\n\n\n<div class=\"wp-block-column is-layout-flow wp-block-column-is-layout-flow\">\n<figure class=\"wp-block-image aligncenter size-full\"><a href=\"https:\/\/obera.fr\/sq\/produits\/purificateurs-air\/purificateur-rafraichisseur-epur150-fresh\/\"><img decoding=\"async\" width=\"150\" height=\"150\" src=\"https:\/\/obera.fr\/wp-content\/uploads\/2023\/04\/epur150-fresh-4.png\" alt=\"epur150 t\u00eb fresk\u00ebta (4)\" class=\"wp-image-22427\"\/><\/a><figcaption class=\"wp-element-caption\">ePUR150 FRESHT<\/figcaption><\/figure>\n<\/div>\n<\/div>\n","protected":false},"excerpt":{"rendered":"<p>ePUR B01 Ecoprime \u00ebsht\u00eb nj\u00eb pastrues profesional ajri p\u00ebr v\u00ebllime t\u00eb vogla. Si funksionon pastruesi yn\u00eb i ajrit? Funksionimi \u00ebsht\u00eb i thjesht\u00eb, ajri i ndotur thithet nga pjesa e sip\u00ebrme e pajisjes, m\u00eb pas kalon n\u00ebp\u00ebr disa shtresa filtrimi brenda pajisjes, p\u00ebr t&#8217;u refuzuar nga fundi direkt n\u00eb hap\u00ebsir\u00ebn tuaj t\u00eb pun\u00ebs. P\u00ebr \u00e7far\u00eb p\u00ebrdorimesh \u00ebsht\u00eb i p\u00ebrshtatsh\u00ebm? Kjo pajisje p\u00ebr trajtimin e ajrit \u00ebsht\u00eb e p\u00ebrshtatshme p\u00ebr pothuajse t\u00eb gjitha llojet e bizneseve. Do t\u00eb jet\u00eb efektiv n\u00eb hap\u00ebsira t\u00eb vogla dhe t\u00eb mesme, si zyra, salla takimesh, sallone flok\u00ebsh, sallone thonjve, hotele, pastrim kimik, salla sportive, zyra mjek\u00ebsore, &#8230; <\/p>\n<p class=\"read-more-container\"><a title=\"Pastrues ajri i pluhurit Ecoprime ePUR B01\" class=\"read-more button\" href=\"https:\/\/obera.fr\/sq\/produits\/purificateurs-air\/pastrues-ajri-i-pluhurit-ecoprime-epur-b01\/#more-44137\" aria-label=\"Read more about Pastrues ajri i pluhurit Ecoprime ePUR B01\">Lire la suite<\/a><\/p>\n","protected":false},"author":4,"featured_media":83732,"parent":37665,"menu_order":0,"comment_status":"closed","ping_status":"closed","template":"","meta":{"_acf_changed":false,"_seopress_robots_primary_cat":"","_seopress_titles_title":"Pastrues ajri i pluhurit ePUR B01 Ecoprime - oberA","_seopress_titles_desc":"Pastruesi i ajrit ePUR B01 Ecoprime \u00ebsht\u00eb i pajisur me konfigurime t\u00eb ndryshme filtrimi. Kjo pajisje p\u00ebr trajtimin e ajrit \u00ebsht\u00eb e p\u00ebrshtatshme p\u00ebr t\u00eb gjitha bizneset","_seopress_robots_index":"","footnotes":""},"class_list":{"0":"post-44137","1":"page","2":"type-page","3":"status-publish","4":"has-post-thumbnail","6":"no-featured-image-padding","7":"resize-featured-image"},"acf":[],"_links":{"self":[{"href":"https:\/\/obera.fr\/sq\/wp-json\/wp\/v2\/pages\/44137","targetHints":{"allow":["GET"]}}],"collection":[{"href":"https:\/\/obera.fr\/sq\/wp-json\/wp\/v2\/pages"}],"about":[{"href":"https:\/\/obera.fr\/sq\/wp-json\/wp\/v2\/types\/page"}],"author":[{"embeddable":true,"href":"https:\/\/obera.fr\/sq\/wp-json\/wp\/v2\/users\/4"}],"replies":[{"embeddable":true,"href":"https:\/\/obera.fr\/sq\/wp-json\/wp\/v2\/comments?post=44137"}],"version-history":[{"count":2,"href":"https:\/\/obera.fr\/sq\/wp-json\/wp\/v2\/pages\/44137\/revisions"}],"predecessor-version":[{"id":71710,"href":"https:\/\/obera.fr\/sq\/wp-json\/wp\/v2\/pages\/44137\/revisions\/71710"}],"up":[{"embeddable":true,"href":"https:\/\/obera.fr\/sq\/wp-json\/wp\/v2\/pages\/37665"}],"wp:featuredmedia":[{"embeddable":true,"href":"https:\/\/obera.fr\/sq\/wp-json\/wp\/v2\/media\/83732"}],"wp:attachment":[{"href":"https:\/\/obera.fr\/sq\/wp-json\/wp\/v2\/media?parent=44137"}],"curies":[{"name":"wp","href":"https:\/\/api.w.org\/{rel}","templated":true}]}}