{"id":44452,"date":"2021-03-09T13:26:35","date_gmt":"2021-03-09T11:26:35","guid":{"rendered":"https:\/\/obera.fr\/tabela-e-thithjes-360\/"},"modified":"2025-06-30T10:10:24","modified_gmt":"2025-06-30T08:10:24","slug":"table-rotative-360","status":"publish","type":"page","link":"https:\/\/obera.fr\/sq\/produits\/tables-aspirantes\/table-rotative-360\/","title":{"rendered":"Tabela e thithjes 360\u00b0"},"content":{"rendered":"\n\n<h2 class=\"wp-block-heading\" id=\"table-d-extraction-rotative\">Tabela e nxjerrjes rrotulluese<\/h2>\n\n<div class=\"wp-block-columns is-layout-flex wp-container-core-columns-is-layout-28f84493 wp-block-columns-is-layout-flex\">\n<div class=\"wp-block-column is-layout-flow wp-block-column-is-layout-flow\" style=\"flex-basis:33.33%\">\n<figure class=\"wp-block-image aligncenter size-large\"><img decoding=\"async\" width=\"1024\" height=\"1024\" src=\"https:\/\/obera.fr\/wp-content\/uploads\/2025\/01\/image-table-aspirante-rotative-1024x1024.jpg\" alt=\"tabela e thithjes rrotulluese t&#xEB; imazhit\" class=\"wp-image-57698\" srcset=\"https:\/\/obera.fr\/wp-content\/uploads\/2025\/01\/image-table-aspirante-rotative-1024x1024.jpg 1024w, https:\/\/obera.fr\/wp-content\/uploads\/2025\/01\/image-table-aspirante-rotative-300x300.jpg 300w, https:\/\/obera.fr\/wp-content\/uploads\/2025\/01\/image-table-aspirante-rotative-150x150.jpg 150w, https:\/\/obera.fr\/wp-content\/uploads\/2025\/01\/image-table-aspirante-rotative-768x768.jpg 768w, https:\/\/obera.fr\/wp-content\/uploads\/2025\/01\/image-table-aspirante-rotative-400x400.jpg 400w, https:\/\/obera.fr\/wp-content\/uploads\/2025\/01\/image-table-aspirante-rotative-600x600.jpg 600w, https:\/\/obera.fr\/wp-content\/uploads\/2025\/01\/image-table-aspirante-rotative.jpg 1200w\" sizes=\"(max-width: 1024px) 100vw, 1024px\" \/><figcaption class=\"wp-element-caption\">\nImazhi i tabel\u00ebs rrotulluese t\u00eb thithjes<\/figcaption><\/figure>\n<\/div>\n\n\n\n<div class=\"wp-block-column is-layout-flow wp-block-column-is-layout-flow\" style=\"flex-basis:66.66%\">\n<p>Tavolina e nxjerrjes 360\u00b0 \u00ebsht\u00eb ve\u00e7an\u00ebrisht e p\u00ebrshtatshme p\u00ebr proceset e ndarjes mekanike dhe termike. Funksioni i rrotullimit t\u00eb tavolin\u00ebs rreth boshtit t\u00eb saj u jep p\u00ebrdoruesve akses t\u00eb plot\u00eb n\u00eb pjes\u00ebn e tyre t\u00eb pun\u00ebs, duke zvog\u00ebluar proceset e lodhshme t\u00eb rilidhjes.  <\/p>\n\n\n\n<p>Fal\u00eb rrjedh\u00ebs s\u00eb optimizuar t\u00eb ajrit dhe kapu\u00e7it fleksib\u00ebl mbi zon\u00ebn e pun\u00ebs, tabela e zbritjes 360\u00b0 mbron n\u00eb m\u00ebnyr\u00eb efektive punonj\u00ebsit nga pluhuri dhe tymi.  <\/p>\n\n\n\n<p>Konstruksioni ergonomik i k\u00ebsaj tavoline lejon, n\u00ebse d\u00ebshironi, rregullimin e lart\u00ebsis\u00eb s\u00eb saj, duke garantuar kushte t\u00eb sigurta dhe t\u00eb k\u00ebndshme pune.<\/p>\n\n\n\n<div style=\"height:30px\" aria-hidden=\"true\" class=\"wp-block-spacer\"><\/div>\n\n\n\n<div class=\"wp-block-columns is-layout-flex wp-container-core-columns-is-layout-28f84493 wp-block-columns-is-layout-flex\">\n<div class=\"wp-block-column is-layout-flow wp-block-column-is-layout-flow\" style=\"flex-basis:33.33%\">\n<div class=\"wp-block-buttons is-layout-flex wp-block-buttons-is-layout-flex\">\n<div class=\"wp-block-button\"><a class=\"wp-block-button__link wp-element-button\" href=\"https:\/\/obera.fr\/wp-content\/uploads\/2025\/04\/brochure-table-aspirante-rotative-.pdf\">SHKARKONI BROSHUR\u00cbN<\/a><\/div>\n<\/div>\n<\/div>\n\n\n\n<div class=\"wp-block-column is-layout-flow wp-block-column-is-layout-flow\" style=\"flex-basis:33.34%\">\n<div class=\"wp-block-buttons is-horizontal is-content-justification-center is-layout-flex wp-container-core-buttons-is-layout-03627597 wp-block-buttons-is-layout-flex\">\n<div class=\"wp-block-button has-custom-width wp-block-button__width-100\"><a class=\"wp-block-button__link wp-element-button\" href=\"https:\/\/obera.fr\/sq\/na-kontaktoni\/\">M\u00ebsoni m\u00eb shum\u00eb<\/a><\/div>\n<\/div>\n<\/div>\n\n\n\n<div class=\"wp-block-column is-layout-flow wp-block-column-is-layout-flow\" style=\"flex-basis:33.34%\">\n<div class=\"wp-block-buttons is-content-justification-center is-layout-flex wp-container-core-buttons-is-layout-a89b3969 wp-block-buttons-is-layout-flex\">\n<div class=\"wp-block-button btn-devis-source\"><a class=\"wp-block-button__link wp-element-button\" href=\"https:\/\/obera.fr\/sq\/devis\/\">K\u00ebrkes\u00eb p\u00ebr kuot\u00eb<\/a><\/div>\n<\/div>\n\n\n<script>\r\ndocument.addEventListener('DOMContentLoaded', function() {\r\n    \/\/ 1. On cherche le titre H1 de la page\r\n    var h1 = document.querySelector('h1');\r\n    var productTitle = h1 ? h1.innerText.trim() : \"\";\r\n\r\n    \/\/ 2. On cherche les boutons via la classe CSS .btn-devis-source\r\n    var buttons = document.querySelectorAll('.btn-devis-source a');\r\n\r\n    \/\/ 3. Si on a le titre et les boutons, on ajoute le param\u00e8tre\r\n    if (buttons.length > 0 && productTitle !== \"\") {\r\n        var encodedTitle = encodeURIComponent(productTitle);\r\n\r\n        buttons.forEach(function(btn) {\r\n            var currentHref = btn.getAttribute('href');\r\n            \r\n            \/\/ S\u00e9curit\u00e9 pour ne pas ajouter le param\u00e8tre 2 fois\r\n            if (currentHref.indexOf('sujet=') === -1) {\r\n                var separator = currentHref.indexOf('?') !== -1 ? '&' : '?';\r\n                var newLink = currentHref + separator + 'sujet=' + encodedTitle;\r\n                \r\n                btn.setAttribute('href', newLink);\r\n            }\r\n        });\r\n    }\r\n});\r\n<\/script><\/div>\n<\/div>\n<\/div>\n<\/div>\n\n<p><\/p>\n\n<div class=\"wp-block-columns is-layout-flex wp-container-core-columns-is-layout-28f84493 wp-block-columns-is-layout-flex\">\n<div class=\"wp-block-column is-layout-flow wp-block-column-is-layout-flow\">\n<h3 class=\"wp-block-heading has-text-align-center\" id=\"avantages\">P\u00cbRFITIMET<\/h3>\n\n\n\n<ul class=\"wp-block-list\">\n<li>M\u00eb shum\u00eb efikasitet gjat\u00eb p\u00ebrpunimit t\u00eb pjes\u00ebve<\/li>\n\n\n\n<li>Kurseni koh\u00eb  <\/li>\n\n\n\n<li>Ergonomi e lart\u00eb<\/li>\n\n\n\n<li>Reduktimi i ndotjes n\u00eb vendin e pun\u00ebs<\/li>\n\n\n\n<li>Siguria e optimizuar n\u00eb vendin e pun\u00ebs<\/li>\n<\/ul>\n<\/div>\n\n\n\n<div class=\"wp-block-column is-layout-flow wp-block-column-is-layout-flow\">\n<h3 class=\"wp-block-heading has-text-align-center\" id=\"particularites\">Karakteristika t\u00eb ve\u00e7anta<\/h3>\n\n\n\n<ul class=\"wp-block-list\">\n<li>Paneli an\u00ebsor i palossh\u00ebm (pa kapak)<\/li>\n\n\n\n<li>Dhoma e aksesueshme nga t\u00eb gjitha an\u00ebt (deri n\u00eb 360 grad\u00eb)<\/li>\n\n\n\n<li>Gjer\u00ebsia maksimale e dhom\u00ebs: 900 mm (me mure t\u00eb mbyllura)<\/li>\n\n\n\n<li>K\u00ebrkon rreth 2500 m3\/h v\u00ebllim ajri<\/li>\n\n\n\n<li>Gryk\u00eb thith\u00ebse n\u00eb zon\u00ebn e p\u00ebrparme<\/li>\n\n\n\n<li>Ndalim i rregulluesh\u00ebm<\/li>\n<\/ul>\n<\/div>\n\n\n\n<div class=\"wp-block-column is-layout-flow wp-block-column-is-layout-flow\">\n<h3 class=\"wp-block-heading has-text-align-center\" id=\"caracteristiques\">ve\u00e7orit\u00eb<\/h3>\n\n\n\n<ul class=\"wp-block-list\">\n<li>Rregullim i vazhduesh\u00ebm elektrik i lart\u00ebsis\u00eb (980 deri n\u00eb 1800 mm)<\/li>\n\n\n\n<li>Rrjet\u00eb metalike ose ves<\/li>\n\n\n\n<li>Nofullat mbrojt\u00ebse magnetike<\/li>\n\n\n\n<li>Ndri\u00e7imi<\/li>\n\n\n\n<li>Platform\u00eb individuale<\/li>\n\n\n\n<li>N\u00eb p\u00ebrputhje me ATEX  <\/li>\n<\/ul>\n\n\n\n<p><\/p>\n<\/div>\n<\/div>\n\n<div class=\"wp-block-buttons is-content-justification-center is-layout-flex wp-container-core-buttons-is-layout-a89b3969 wp-block-buttons-is-layout-flex\">\n<div class=\"wp-block-button\"><a class=\"wp-block-button__link wp-element-button\" href=\"https:\/\/obera.fr\/wp-content\/uploads\/2024\/02\/brochure-table-aspirante-rotative-.pdf\">Shkarkoni dokumentacionin<\/a><\/div>\n<\/div>\n\n<h3 class=\"wp-block-heading\" id=\"quels-polluants-traiter-sur-notre-table-aspirante\">Cil\u00ebt ndot\u00ebs mund t\u00eb trajtohen n\u00eb tryez\u00ebn ton\u00eb t\u00eb vakumit?<\/h3>\n\n<p><a href=\"https:\/\/obera.fr\/sq\/produits\/tables-aspirantes\/\">Tabela jon\u00eb e thithjes<\/a> 360\u00b0 na lejon t\u00eb trajtojm\u00eb shum\u00eb ndot\u00ebs, idealisht ndot\u00ebs t\u00eb r\u00ebnd\u00eb me tendenc\u00eb p\u00ebr t\u00eb sedimentuar.  <\/p>\n\n<p>P\u00ebr shembull pluhuri i metalit, tymrat e saldimit, rruazat plastike, pluhuri mineral, pluhuri i betonit, avujt dhe materialet e p\u00ebrb\u00ebra.<\/p>\n\n<h2 class=\"wp-block-heading\" id=\"a-quelles-utilisations-convient-elle\">P\u00ebr \u00e7far\u00eb p\u00ebrdorimesh \u00ebsht\u00eb i p\u00ebrshtatsh\u00ebm?<\/h2>\n\n<p>K\u00ebta ndot\u00ebs gjenerohen kryesisht gjat\u00eb proceseve t\u00eb tilla si saldimi, saldimi me kallaj, sharrimi, prerja, bluarja, lustrimi, p\u00ebrpunimi mekanik, bluarja ose edhe ndarja e materialeve. K\u00ebto procese zhvillohen n\u00eb industri t\u00eb tilla si metalurgjia, plastika, p\u00ebrpunimi i drurit, tekstilet, mineralet dhe sektor\u00ebt kimik\u00eb\/petrokimik\u00eb dhe let\u00ebr\/karton.<\/p>\n\n<div class=\"wp-block-columns is-layout-flex wp-container-core-columns-is-layout-28f84493 wp-block-columns-is-layout-flex\">\n<div class=\"wp-block-column is-layout-flow wp-block-column-is-layout-flow\">\n<h3 class=\"wp-block-heading has-text-align-center\" id=\"polluants\">NDOTESET<\/h3>\n\n\n\n<div class=\"wp-block-columns is-layout-flex wp-container-core-columns-is-layout-28f84493 wp-block-columns-is-layout-flex\">\n<div class=\"wp-block-column is-layout-flow wp-block-column-is-layout-flow\">\n<figure class=\"wp-block-image aligncenter size-large\"><img decoding=\"async\" width=\"70\" height=\"70\" src=\"https:\/\/obera.fr\/wp-content\/uploads\/2021\/03\/polluants-poussieres-1.jpg\" alt=\"ndot&#xEB;sit e pluhurit 1\" class=\"wp-image-4969\"\/><figcaption class=\"wp-element-caption\">Pluhuri<\/figcaption><\/figure>\n\n\n\n<figure class=\"wp-block-image aligncenter size-large\"><img decoding=\"async\" width=\"70\" height=\"70\" src=\"https:\/\/obera.fr\/wp-content\/uploads\/2021\/03\/industrie-fumees.jpg\" alt=\"tymrat e industris&#xEB;\" class=\"wp-image-4971\"\/><figcaption class=\"wp-element-caption\">Tymrat<\/figcaption><\/figure>\n\n\n\n<figure class=\"wp-block-image aligncenter size-large\"><img decoding=\"async\" width=\"70\" height=\"70\" src=\"https:\/\/obera.fr\/wp-content\/uploads\/2021\/03\/industrie-brouillard-huile.jpg\" alt=\"mjegull vaji i industris&#xEB;\" class=\"wp-image-4973\"\/><figcaption class=\"wp-element-caption\">Mjegull vaji<\/figcaption><\/figure>\n<\/div>\n\n\n\n<div class=\"wp-block-column is-layout-flow wp-block-column-is-layout-flow\">\n<figure class=\"wp-block-image aligncenter size-large\"><img decoding=\"async\" width=\"70\" height=\"70\" src=\"https:\/\/obera.fr\/wp-content\/uploads\/2021\/03\/polluants-copeaux-bois.jpg\" alt=\"ndot&#xEB;s patate t&#xEB; skuqura druri\" class=\"wp-image-4970\"\/><figcaption class=\"wp-element-caption\">Ashk\u00ebl<\/figcaption><\/figure>\n\n\n\n<figure class=\"wp-block-image aligncenter size-large\"><img decoding=\"async\" width=\"70\" height=\"70\" src=\"https:\/\/obera.fr\/wp-content\/uploads\/2021\/03\/industrie-odeur-2.jpg\" alt=\"er&#xEB; industrie 2\" class=\"wp-image-4972\"\/><figcaption class=\"wp-element-caption\">Aromat<\/figcaption><\/figure>\n\n\n\n<figure class=\"wp-block-image aligncenter size-large\"><img decoding=\"async\" width=\"70\" height=\"70\" src=\"https:\/\/obera.fr\/wp-content\/uploads\/2021\/03\/cov.jpg\" alt=\"kov\" class=\"wp-image-4974\"\/><figcaption class=\"wp-element-caption\">VOC<\/figcaption><\/figure>\n<\/div>\n<\/div>\n<\/div>\n\n\n\n<div class=\"wp-block-column is-layout-flow wp-block-column-is-layout-flow\">\n<h3 class=\"wp-block-heading has-text-align-center\" id=\"industries\">industrit\u00eb<\/h3>\n\n\n\n<div class=\"wp-block-columns is-layout-flex wp-container-core-columns-is-layout-28f84493 wp-block-columns-is-layout-flex\">\n<div class=\"wp-block-column is-layout-flow wp-block-column-is-layout-flow\">\n<figure class=\"wp-block-image aligncenter size-large\"><img decoding=\"async\" width=\"70\" height=\"70\" src=\"https:\/\/obera.fr\/wp-content\/uploads\/2021\/03\/industrie-metallurgie-1.jpg\" alt=\"industria e metalurgjis&#xEB; 1\" class=\"wp-image-4975\"\/><figcaption class=\"wp-element-caption\">Metalurgji<\/figcaption><\/figure>\n\n\n\n<figure class=\"wp-block-image aligncenter size-large\"><img decoding=\"async\" width=\"70\" height=\"70\" src=\"https:\/\/obera.fr\/wp-content\/uploads\/2021\/03\/industrie-plastique.jpg\" alt=\"industria plastike\" class=\"wp-image-4976\"\/><figcaption class=\"wp-element-caption\">Plastika<\/figcaption><\/figure>\n\n\n\n<figure class=\"wp-block-image aligncenter size-large\"><img decoding=\"async\" width=\"70\" height=\"70\" src=\"https:\/\/obera.fr\/wp-content\/uploads\/2021\/03\/industrie-minerai.jpg\" alt=\"industria e xehes\" class=\"wp-image-4977\"\/><figcaption class=\"wp-element-caption\">Ores<\/figcaption><\/figure>\n\n\n\n<figure class=\"wp-block-image aligncenter size-large\"><img decoding=\"async\" width=\"70\" height=\"70\" src=\"https:\/\/obera.fr\/wp-content\/uploads\/2021\/03\/industrie-dechets.jpg\" alt=\"industria e mbetjeve\" class=\"wp-image-4978\"\/><figcaption class=\"wp-element-caption\">Grumbullimi dhe klasifikimi i mbetjeve<\/figcaption><\/figure>\n<\/div>\n\n\n\n<div class=\"wp-block-column is-layout-flow wp-block-column-is-layout-flow\">\n<figure class=\"wp-block-image aligncenter size-large\"><img decoding=\"async\" width=\"70\" height=\"70\" src=\"https:\/\/obera.fr\/wp-content\/uploads\/2021\/03\/industrie-bois.jpg\" alt=\"industria e drurit\" class=\"wp-image-4979\"\/><figcaption class=\"wp-element-caption\">Punim druri<\/figcaption><\/figure>\n\n\n\n<figure class=\"wp-block-image aligncenter size-large\"><img decoding=\"async\" width=\"70\" height=\"70\" src=\"https:\/\/obera.fr\/wp-content\/uploads\/2021\/03\/industrie-textile.jpg\" alt=\"industria e tekstilit\" class=\"wp-image-4980\"\/><figcaption class=\"wp-element-caption\">Tekstile<\/figcaption><\/figure>\n\n\n\n<figure class=\"wp-block-image aligncenter size-large\"><img decoding=\"async\" width=\"70\" height=\"70\" src=\"https:\/\/obera.fr\/wp-content\/uploads\/2021\/03\/industrie-chimie-1.jpg\" alt=\"industria kimike 1\" class=\"wp-image-4981\"\/><figcaption class=\"wp-element-caption\">Kimi\/Petrokimike<\/figcaption><\/figure>\n\n\n\n<figure class=\"wp-block-image aligncenter size-large\"><img decoding=\"async\" width=\"70\" height=\"70\" src=\"https:\/\/obera.fr\/wp-content\/uploads\/2021\/03\/industrie-papier-carton.jpg\" alt=\"industria e letr&#xEB;s s&#xEB; kartonit\" class=\"wp-image-4982\"\/><figcaption class=\"wp-element-caption\">Let\u00ebr\/karton<\/figcaption><\/figure>\n\n\n\n<p><\/p>\n<\/div>\n<\/div>\n\n\n\n<p><\/p>\n<\/div>\n<\/div>\n\n<h2 class=\"wp-block-heading\" id=\"les-autres-produits-de-captation-et-d-aspiration-obera\">Tavolina t\u00eb tjera me vakum OberA<\/h2>\n\n<div class=\"wp-block-columns is-layout-flex wp-container-core-columns-is-layout-28f84493 wp-block-columns-is-layout-flex\">\n<div class=\"wp-block-column is-layout-flow wp-block-column-is-layout-flow\">\n<figure class=\"wp-block-image aligncenter size-medium is-resized\"><a href=\"https:\/\/obera.fr\/produits\/tables-aspirantes\/table-aspirante-a-at\/\"><img decoding=\"async\" width=\"300\" height=\"300\" src=\"https:\/\/obera.fr\/wp-content\/uploads\/2020\/10\/table-SF-300x300.png\" alt=\"Tabelat e thithjes\" class=\"wp-image-1179\" style=\"width:auto;height:150px\" srcset=\"https:\/\/obera.fr\/wp-content\/uploads\/2020\/10\/table-SF-300x300.png 300w, https:\/\/obera.fr\/wp-content\/uploads\/2020\/10\/table-SF-150x150.png 150w, https:\/\/obera.fr\/wp-content\/uploads\/2020\/10\/table-SF.png 433w\" sizes=\"(max-width: 300px) 100vw, 300px\" \/><\/a><figcaption class=\"wp-element-caption\">Tabela thith\u00ebse A &amp; AT<\/figcaption><\/figure>\n<\/div>\n\n\n\n<div class=\"wp-block-column is-layout-flow wp-block-column-is-layout-flow\">\n<figure class=\"wp-block-image aligncenter size-full\"><a href=\"https:\/\/obera.fr\/produits\/tables-aspirantes\/table-autonome\/\"><img decoding=\"async\" width=\"150\" height=\"150\" src=\"https:\/\/obera.fr\/wp-content\/uploads\/2022\/06\/Sans-titre-2022-06-07T101130.850.png\" alt=\"Tavolina t&#xEB; pavarura me vakum\" class=\"wp-image-13083\"\/><\/a><figcaption class=\"wp-element-caption\">Tabela autonome me vakum<\/figcaption><\/figure>\n<\/div>\n\n\n\n<div class=\"wp-block-column is-layout-flow wp-block-column-is-layout-flow\">\n<figure class=\"wp-block-image aligncenter size-medium is-resized\"><img decoding=\"async\" width=\"300\" height=\"300\" src=\"https:\/\/obera.fr\/wp-content\/uploads\/2024\/05\/epurbox-tsp-300x300.png\" alt=\"epurbox lug&#xEB;\" class=\"wp-image-30348\" style=\"width:auto;height:150px\" srcset=\"https:\/\/obera.fr\/wp-content\/uploads\/2024\/05\/epurbox-tsp-300x300.png 300w, https:\/\/obera.fr\/wp-content\/uploads\/2024\/05\/epurbox-tsp-1024x1024.png 1024w, https:\/\/obera.fr\/wp-content\/uploads\/2024\/05\/epurbox-tsp-150x150.png 150w, https:\/\/obera.fr\/wp-content\/uploads\/2024\/05\/epurbox-tsp-768x768.png 768w, https:\/\/obera.fr\/wp-content\/uploads\/2024\/05\/epurbox-tsp.png 1200w\" sizes=\"(max-width: 300px) 100vw, 300px\" \/><figcaption class=\"wp-element-caption\">ePURBOX Atex<\/figcaption><\/figure>\n<\/div>\n<\/div>\n","protected":false},"excerpt":{"rendered":"<p>Tabela e nxjerrjes rrotulluese Tavolina e nxjerrjes 360\u00b0 \u00ebsht\u00eb ve\u00e7an\u00ebrisht e p\u00ebrshtatshme p\u00ebr proceset e ndarjes mekanike dhe termike. Funksioni i rrotullimit t\u00eb tavolin\u00ebs rreth boshtit t\u00eb saj u jep p\u00ebrdoruesve akses t\u00eb plot\u00eb n\u00eb pjes\u00ebn e tyre t\u00eb pun\u00ebs, duke zvog\u00ebluar proceset e lodhshme t\u00eb rilidhjes. Fal\u00eb rrjedh\u00ebs s\u00eb optimizuar t\u00eb ajrit dhe kapu\u00e7it fleksib\u00ebl mbi zon\u00ebn e pun\u00ebs, tabela e zbritjes 360\u00b0 mbron n\u00eb m\u00ebnyr\u00eb efektive punonj\u00ebsit nga pluhuri dhe tymi. Konstruksioni ergonomik i k\u00ebsaj tavoline lejon, n\u00ebse d\u00ebshironi, rregullimin e lart\u00ebsis\u00eb s\u00eb saj, duke garantuar kushte t\u00eb sigurta dhe t\u00eb k\u00ebndshme pune. P\u00cbRFITIMET Karakteristika t\u00eb ve\u00e7anta ve\u00e7orit\u00eb &#8230; <\/p>\n<p class=\"read-more-container\"><a title=\"Tabela e thithjes 360\u00b0\" class=\"read-more button\" href=\"https:\/\/obera.fr\/sq\/produits\/tables-aspirantes\/table-rotative-360\/#more-44452\" aria-label=\"Read more about Tabela e thithjes 360\u00b0\">Lire la suite<\/a><\/p>\n","protected":false},"author":4,"featured_media":83732,"parent":44574,"menu_order":0,"comment_status":"closed","ping_status":"closed","template":"","meta":{"_acf_changed":false,"_seopress_robots_primary_cat":"","_seopress_titles_title":"Tabela e thithjes 360\u00b0 ose oberA tavolin\u00eb ekstraktuese rrotulluese","_seopress_titles_desc":"Tavolina e nxjerrjes 360\u00b0 \u00ebsht\u00eb ve\u00e7an\u00ebrisht e p\u00ebrshtatshme p\u00ebr proceset e ndarjes mekanike dhe termike. Ai mbron n\u00eb m\u00ebnyr\u00eb efektive punonj\u00ebsit.","_seopress_robots_index":"","footnotes":""},"class_list":{"0":"post-44452","1":"page","2":"type-page","3":"status-publish","4":"has-post-thumbnail","6":"no-featured-image-padding","7":"resize-featured-image"},"acf":[],"_links":{"self":[{"href":"https:\/\/obera.fr\/sq\/wp-json\/wp\/v2\/pages\/44452","targetHints":{"allow":["GET"]}}],"collection":[{"href":"https:\/\/obera.fr\/sq\/wp-json\/wp\/v2\/pages"}],"about":[{"href":"https:\/\/obera.fr\/sq\/wp-json\/wp\/v2\/types\/page"}],"author":[{"embeddable":true,"href":"https:\/\/obera.fr\/sq\/wp-json\/wp\/v2\/users\/4"}],"replies":[{"embeddable":true,"href":"https:\/\/obera.fr\/sq\/wp-json\/wp\/v2\/comments?post=44452"}],"version-history":[{"count":6,"href":"https:\/\/obera.fr\/sq\/wp-json\/wp\/v2\/pages\/44452\/revisions"}],"predecessor-version":[{"id":117789,"href":"https:\/\/obera.fr\/sq\/wp-json\/wp\/v2\/pages\/44452\/revisions\/117789"}],"up":[{"embeddable":true,"href":"https:\/\/obera.fr\/sq\/wp-json\/wp\/v2\/pages\/44574"}],"wp:featuredmedia":[{"embeddable":true,"href":"https:\/\/obera.fr\/sq\/wp-json\/wp\/v2\/media\/83732"}],"wp:attachment":[{"href":"https:\/\/obera.fr\/sq\/wp-json\/wp\/v2\/media?parent=44452"}],"curies":[{"name":"wp","href":"https:\/\/api.w.org\/{rel}","templated":true}]}}