{"id":45118,"date":"2024-04-05T22:55:29","date_gmt":"2024-04-05T20:55:29","guid":{"rendered":"https:\/\/obera.fr\/fshese-me-korrent-industrial-w2-xr\/"},"modified":"2025-11-15T17:23:11","modified_gmt":"2025-11-15T15:23:11","slug":"w2-xr-atex-22","status":"publish","type":"page","link":"https:\/\/obera.fr\/sq\/produits\/aspirateurs-industriels\/w2-xr-atex-22\/","title":{"rendered":"Fshes\u00eb me korrent industrial W2 XR"},"content":{"rendered":"\n<p>Zbuloni fshes\u00ebn industriale me korrent W2 XR p\u00ebr thithjen e l\u00ebnd\u00ebve t\u00eb ngurta dhe l\u00ebngjeve rezistente ndaj shp\u00ebrthimit. Pajisje kompakte, t\u00eb l\u00ebvizshme dhe me performanc\u00eb t\u00eb lart\u00eb p\u00ebr t\u00eb zvog\u00ebluar rreziqet e ndezjes dhe shp\u00ebrthimit n\u00eb nj\u00ebsit\u00eb tuaja t\u00eb prodhimit.<\/p>\n\n<h2 class=\"wp-block-heading\">Fshes\u00eb me korrent industrial W2 XR ATEX zone 22 e \u00e7ertifikuar: parimi dhe aplikimi<\/h2>\n\n<div class=\"wp-block-columns is-layout-flex wp-container-core-columns-is-layout-28f84493 wp-block-columns-is-layout-flex\">\n<div class=\"wp-block-column is-layout-flow wp-block-column-is-layout-flow\" style=\"flex-basis:33.33%\">\n<figure class=\"wp-block-image size-full is-resized\"><img decoding=\"async\" width=\"566\" height=\"671\" src=\"https:\/\/obera.fr\/wp-content\/uploads\/2024\/10\/w2-xr-2.png\" alt=\"Fshes&#xEB; me korrent industrial\" class=\"wp-image-35431\" style=\"object-fit:cover;width:300px;height:300px\" srcset=\"https:\/\/obera.fr\/wp-content\/uploads\/2024\/10\/w2-xr-2.png 566w, https:\/\/obera.fr\/wp-content\/uploads\/2024\/10\/w2-xr-2-253x300.png 253w\" sizes=\"(max-width: 566px) 100vw, 566px\" \/><\/figure>\n<\/div>\n\n\n\n<div class=\"wp-block-column is-layout-flow wp-block-column-is-layout-flow\" style=\"flex-basis:66.66%\">\n<p>L\u2019<strong>fshesa me korrent industriale W2 XR e tipit t\u00eb lag\u00ebsht dhe t\u00eb that\u00eb<\/strong> \u00ebsht\u00eb projektuar p\u00ebr t\u00eb thithur materiale t\u00eb ngurta dhe t\u00eb l\u00ebngshme rezistente ndaj shp\u00ebrthimit. Prodhimi i saj \u00ebsht\u00eb projektuar p\u00ebr t\u00eb parandaluar akumulimin e elektricitetit statik fal\u00eb filtrit t\u00eb saj me xhepa prej poliesteri antistatik (mbrojtja e nj\u00ebsis\u00eb s\u00eb filtrimit). P\u00ebr t\u00eb shmangur mbinxehjen, pajisja ka nj\u00eb motor monofazor pa fur\u00e7a, i cili gjeneron m\u00eb pak nxeht\u00ebsi dhe f\u00ebrkim se nj\u00eb motor me fur\u00e7a. Nj\u00eb dizajn q\u00eb respekton plot\u00ebsisht rregulloret ATEX n\u00eb zonat e klas\u00ebs 22.<\/p>\n\n\n\n<p>P\u00ebr \u00e7far\u00eb p\u00ebrdorimesh? Seria W2 XR \u00ebsht\u00eb kalibruar p\u00ebr t\u00eb minimizuar rreziqet n\u00eb atmosferat shp\u00ebrthyese: fabrika prodhimi kimikatesh, p\u00ebrpunimi ushqimor, prodhimi druri, prodhimi metalik, prodhimi i energjis\u00eb\u2026 Fshesa me korrent industriale W2 XR plot\u00ebson k\u00ebrkesat e t\u00eb gjitha llojeve t\u00eb industrive q\u00eb gjenerojn\u00eb pluhura t\u00eb djegsh\u00ebm, t\u00eb cil\u00ebt p\u00ebrve\u00e7 k\u00ebsaj, jan\u00eb t\u00eb d\u00ebmsh\u00ebm p\u00ebr sh\u00ebndetin e operator\u00ebve.<\/p>\n\n\n\n<div class=\"wp-block-columns is-layout-flex wp-container-core-columns-is-layout-28f84493 wp-block-columns-is-layout-flex\">\n<div class=\"wp-block-column is-layout-flow wp-block-column-is-layout-flow\">\n<div class=\"wp-block-buttons is-layout-flex wp-block-buttons-is-layout-flex\">\n<div class=\"wp-block-button\"><a class=\"wp-block-button__link wp-element-button\" href=\"https:\/\/obera.fr\/wp-content\/uploads\/2025\/06\/brochure-w2-xr-fr.pdf\">SHKARKONI BROSHUR\u00cbN<\/a><\/div>\n<\/div>\n<\/div>\n\n\n\n<div class=\"wp-block-column is-layout-flow wp-block-column-is-layout-flow\">\n<div class=\"wp-block-buttons is-layout-flex wp-block-buttons-is-layout-flex\">\n<div class=\"wp-block-button\"><a class=\"wp-block-button__link wp-element-button\" href=\"https:\/\/obera.fr\/sq\/contact\/\">KENI NEVOJ\u00cb P\u00cbR K\u00cbSHILL\u00cb T\u00cb PERSONALIZUARA?<\/a><\/div>\n<\/div>\n<\/div>\n\n\n\n<div class=\"wp-block-column is-layout-flow wp-block-column-is-layout-flow\">\n<div class=\"wp-block-buttons is-content-justification-center is-layout-flex wp-container-core-buttons-is-layout-a89b3969 wp-block-buttons-is-layout-flex\">\n<div class=\"wp-block-button btn-devis-source\"><a class=\"wp-block-button__link wp-element-button\" href=\"https:\/\/obera.fr\/sq\/devis\/\">K\u00ebrkes\u00eb p\u00ebr kuot\u00eb<\/a><\/div>\n<\/div>\n\n\n<script>\r\ndocument.addEventListener('DOMContentLoaded', function() {\r\n    \/\/ 1. On cherche le titre H1 de la page\r\n    var h1 = document.querySelector('h1');\r\n    var productTitle = h1 ? h1.innerText.trim() : \"\";\r\n\r\n    \/\/ 2. On cherche les boutons via la classe CSS .btn-devis-source\r\n    var buttons = document.querySelectorAll('.btn-devis-source a');\r\n\r\n    \/\/ 3. Si on a le titre et les boutons, on ajoute le param\u00e8tre\r\n    if (buttons.length > 0 && productTitle !== \"\") {\r\n        var encodedTitle = encodeURIComponent(productTitle);\r\n\r\n        buttons.forEach(function(btn) {\r\n            var currentHref = btn.getAttribute('href');\r\n            \r\n            \/\/ S\u00e9curit\u00e9 pour ne pas ajouter le param\u00e8tre 2 fois\r\n            if (currentHref.indexOf('sujet=') === -1) {\r\n                var separator = currentHref.indexOf('?') !== -1 ? '&' : '?';\r\n                var newLink = currentHref + separator + 'sujet=' + encodedTitle;\r\n                \r\n                btn.setAttribute('href', newLink);\r\n            }\r\n        });\r\n    }\r\n});\r\n<\/script><\/div>\n<\/div>\n<\/div>\n<\/div>\n\n<h2 class=\"wp-block-heading\">Cilat jan\u00eb karakteristikat teknike t\u00eb fshes\u00ebs industriale W2 XR?<\/h2>\n\n<p>Fshesa me korrent industriale W2 XR prodhon nj\u00eb rrjedh\u00eb ajri deri n\u00eb 215 m3\/h dhe nj\u00eb fuqi prej 1,1 kW, gj\u00eb q\u00eb i jep asaj nj\u00eb kapacitet t\u00eb lart\u00eb thithjeje. \u00cbsht\u00eb e pajisur me nj\u00eb sistem pastrimi me l\u00ebvizje vertikale p\u00ebr t\u00eb leht\u00ebsuar pastrimin e saj dhe p\u00ebr t\u00eb garantuar nj\u00eb jet\u00ebgjat\u00ebsi maksimale. <a href=\"https:\/\/obera.fr\/sq\/produits\/aspirateurs-industriels\/\" data-type=\"page\" data-id=\"41\">Fshesa<\/a> ka nj\u00eb rezervuar 40 L dhe \u00ebsht\u00eb e pajisur me nj\u00eb sistem shkarkimi t\u00eb shk\u00ebputsh\u00ebm p\u00ebr t\u00eb zhvendosur kazanin deri n\u00eb pik\u00ebn e asgj\u00ebsimit t\u00eb mbeturinave. P\u00ebr t\u00eb p\u00ebrmbushur k\u00ebrkesat e t\u00eb gjitha industrive, nj\u00ebsit\u00eb e thithjes, filtrimit dhe mbledhjes jan\u00eb prej \u00e7eliku inoks.<\/p>\n\n<p>Brenda, nj\u00ebsia e thithjes \u00ebsht\u00eb e mbuluar me nj\u00eb shtres\u00eb thith\u00ebse t\u00eb zhurm\u00ebs dhe nj\u00ebsia e filtrit \u00ebsht\u00eb e mbrojtur nga nj\u00eb filt\u00ebr qese poliesteri antistatik. Sistemi i thithjes ka nj\u00eb hyrje me diamet\u00ebr 50 mm t\u00eb pozicionuar n\u00ebn filt\u00ebr, duke i lejuar asaj t\u00eb thith\u00eb nj\u00ebkoh\u00ebsisht pluhur, l\u00ebnd\u00eb t\u00eb ngurta dhe l\u00ebngje.<\/p>\n\n<p>Plus p\u00ebr profesionist\u00ebt e pastrimit: fshesa me korrent vjen me aksesor\u00ebt e saj si zorr\u00eb thith\u00ebse fleksib\u00ebl, shuf\u00ebr teleskopike, fur\u00e7a, veg\u00ebl p\u00ebr \u00e7arje.<\/p>\n\n<blockquote class=\"wp-block-quote is-layout-flow wp-block-quote-is-layout-flow\">\n<p>\u00c7far\u00eb opsionesh? Versioni ATEX i fshes\u00ebs me korrent W2 XR ka disa opsione p\u00ebr t&#8217;iu p\u00ebrshtatur m\u00eb mir\u00eb nevojave tuaja: filt\u00ebr Nomex (rezistenc\u00eb ndaj nxeht\u00ebsis\u00eb deri n\u00eb 250\u00b0), filt\u00ebr absolut Hepa H14, shport\u00eb aksesor\u00ebsh, klasa e filtrit M, M PTFE, M Teflon hidro-oleofobik, klasa antistatike L dhe M, en\u00eb dhe dhom\u00eb filtri prej \u00e7eliku inox, tok\u00ebzim. K\u00ebrkoni k\u00ebshilla nga ekipet tona p\u00ebr t\u00eb studiuar opsionet m\u00eb t\u00eb p\u00ebrshtatshme p\u00ebr industrin\u00eb tuaj.<\/p>\n<\/blockquote>\n\n<h3 class=\"wp-block-heading has-text-align-center\">INDUSTRIT\u00cb<\/h3>\n\n<div class=\"wp-block-columns is-layout-flex wp-container-core-columns-is-layout-28f84493 wp-block-columns-is-layout-flex\">\n<div class=\"wp-block-column is-layout-flow wp-block-column-is-layout-flow\">\n<hr class=\"wp-block-separator has-alpha-channel-opacity\"\/>\n\n\n\n<div class=\"wp-block-columns is-layout-flex wp-container-core-columns-is-layout-28f84493 wp-block-columns-is-layout-flex\">\n<div class=\"wp-block-column is-layout-flow wp-block-column-is-layout-flow\">\n<figure class=\"wp-block-image aligncenter size-thumbnail is-resized\"><img decoding=\"async\" width=\"150\" height=\"150\" src=\"https:\/\/obera.fr\/wp-content\/uploads\/2022\/02\/Textile-150x150.png\" alt=\"tekstile\" class=\"wp-image-8855\"\/><figcaption class=\"wp-element-caption\">Tekstile<\/figcaption><\/figure>\n\n\n\n<figure class=\"wp-block-image aligncenter size-thumbnail is-resized\"><img decoding=\"async\" width=\"150\" height=\"150\" src=\"https:\/\/obera.fr\/wp-content\/uploads\/2022\/02\/Plastique-150x150.png\" alt=\"plastike\" class=\"wp-image-8854\"\/><figcaption class=\"wp-element-caption\">Plastike<\/figcaption><\/figure>\n<\/div>\n\n\n\n<div class=\"wp-block-column is-layout-flow wp-block-column-is-layout-flow\">\n<figure class=\"wp-block-image aligncenter size-thumbnail is-resized\"><img decoding=\"async\" width=\"150\" height=\"150\" src=\"https:\/\/obera.fr\/wp-content\/uploads\/2022\/02\/MINERAIS-150x150.png\" alt=\"xeheroret\" class=\"wp-image-8847\"\/><figcaption class=\"wp-element-caption\">Ores<\/figcaption><\/figure>\n\n\n\n<figure class=\"wp-block-image aligncenter size-thumbnail is-resized\"><img decoding=\"async\" width=\"150\" height=\"150\" src=\"https:\/\/obera.fr\/wp-content\/uploads\/2022\/02\/Metalurgie-150x150.png\" alt=\"metalurgjis&#xEB;\" class=\"wp-image-8857\"\/><figcaption class=\"wp-element-caption\">Metalurgji<\/figcaption><\/figure>\n\n\n\n<figure class=\"wp-block-image aligncenter size-thumbnail is-resized\"><img decoding=\"async\" width=\"150\" height=\"150\" src=\"https:\/\/obera.fr\/wp-content\/uploads\/2023\/02\/sans-titre-2023-02-14t102211.641-150x150.png\" alt=\"Bujq&#xEB;sia\" class=\"wp-image-18828\"\/><figcaption class=\"wp-element-caption\">Bujq\u00ebsia<\/figcaption><\/figure>\n<\/div>\n<\/div>\n<\/div>\n\n\n\n<div class=\"wp-block-column is-layout-flow wp-block-column-is-layout-flow\">\n<hr class=\"wp-block-separator has-alpha-channel-opacity\"\/>\n\n\n\n<div class=\"wp-block-columns is-layout-flex wp-container-core-columns-is-layout-28f84493 wp-block-columns-is-layout-flex\">\n<div class=\"wp-block-column is-layout-flow wp-block-column-is-layout-flow\">\n<figure class=\"wp-block-image aligncenter size-thumbnail is-resized\"><img decoding=\"async\" width=\"150\" height=\"150\" src=\"https:\/\/obera.fr\/wp-content\/uploads\/2022\/02\/Chimie-150x150.png\" alt=\"kimis&#xEB;\" class=\"wp-image-8846\"\/><figcaption class=\"wp-element-caption\">Kimia<\/figcaption><\/figure>\n\n\n\n<figure class=\"wp-block-image aligncenter size-thumbnail is-resized\"><img decoding=\"async\" width=\"150\" height=\"150\" src=\"https:\/\/obera.fr\/wp-content\/uploads\/2022\/02\/Travail-du-bois-150x150.png\" alt=\"punimin e drurit\" class=\"wp-image-8856\"\/><figcaption class=\"wp-element-caption\">Punim druri<\/figcaption><\/figure>\n\n\n\n<figure class=\"wp-block-image aligncenter size-thumbnail is-resized\"><img decoding=\"async\" width=\"150\" height=\"150\" src=\"https:\/\/obera.fr\/wp-content\/uploads\/2023\/02\/sans-titre-2023-02-14t101920.185-150x150.png\" alt=\"Aviacioni\" class=\"wp-image-18831\"\/><figcaption class=\"wp-element-caption\">Aviacioni<\/figcaption><\/figure>\n<\/div>\n\n\n\n<div class=\"wp-block-column is-layout-flow wp-block-column-is-layout-flow\">\n<figure class=\"wp-block-image aligncenter size-thumbnail is-resized\"><img decoding=\"async\" width=\"150\" height=\"150\" src=\"https:\/\/obera.fr\/wp-content\/uploads\/2022\/02\/AGROALIMENTAIRE-150x150.png\" alt=\"agro-ushqimore\" class=\"wp-image-8844\"\/><figcaption class=\"wp-element-caption\">Agro-ushqimore<\/figcaption><\/figure>\n\n\n\n<figure class=\"wp-block-image aligncenter size-thumbnail is-resized\"><img decoding=\"async\" width=\"150\" height=\"150\" src=\"https:\/\/obera.fr\/wp-content\/uploads\/2022\/02\/Papier-carton-150x150.png\" alt=\"let&#xEB;r kartoni\" class=\"wp-image-8853\"\/><figcaption class=\"wp-element-caption\">Let\u00ebr\/Karton<\/figcaption><\/figure>\n\n\n\n<figure class=\"wp-block-image aligncenter size-thumbnail is-resized\"><img decoding=\"async\" width=\"150\" height=\"150\" src=\"https:\/\/obera.fr\/wp-content\/uploads\/2023\/02\/sans-titre-2023-02-14t101712.416-150x150.png\" alt=\"Automobilistik&#xEB;\" class=\"wp-image-18834\"\/><figcaption class=\"wp-element-caption\">Automobilistik\u00eb<\/figcaption><\/figure>\n<\/div>\n<\/div>\n<\/div>\n<\/div>\n\n<table id=\"tablepress-198\" class=\"tablepress tablepress-id-198\">\n<tbody class=\"row-striping row-hover\">\n<tr class=\"row-1\">\n\t<td class=\"column-1\">Zones ATEX<\/td><td class=\"column-2\"><\/td><td class=\"column-3\">22<\/td>\n<\/tr>\n<tr class=\"row-2\">\n\t<td class=\"column-1\">Marquage<\/td><td class=\"column-2\"><\/td><td class=\"column-3\">EX II 3D Ex tc IIIB T135\u00b0C X Dc<\/td>\n<\/tr>\n<tr class=\"row-3\">\n\t<td class=\"column-1\">Tension<\/td><td class=\"column-2\">V-HZ<\/td><td class=\"column-3\">230<\/td>\n<\/tr>\n<tr class=\"row-4\">\n\t<td class=\"column-1\">Puissance<\/td><td class=\"column-2\">kW<\/td><td class=\"column-3\">1.1<\/td>\n<\/tr>\n<tr class=\"row-5\">\n\t<td class=\"column-1\">Protection \u00e9lectrique<\/td><td class=\"column-2\">IP<\/td><td class=\"column-3\">55<\/td>\n<\/tr>\n<tr class=\"row-6\">\n\t<td class=\"column-1\">D\u00e9pression maximum<\/td><td class=\"column-2\">Pa<\/td><td class=\"column-3\">2.250 Pa<\/td>\n<\/tr>\n<tr class=\"row-7\">\n\t<td class=\"column-1\">D\u00e9bit d\u2019air max<\/td><td class=\"column-2\">m3\/h<\/td><td class=\"column-3\">215<\/td>\n<\/tr>\n<tr class=\"row-8\">\n\t<td class=\"column-1\">Diam\u00e8tre embouchure<\/td><td class=\"column-2\">mm<\/td><td class=\"column-3\">50<\/td>\n<\/tr>\n<tr class=\"row-9\">\n\t<td class=\"column-1\">Type de filtre<\/td><td class=\"column-2\"><\/td><td class=\"column-3\">\u00c0 poches en \u00e9toile<\/td>\n<\/tr>\n<tr class=\"row-10\">\n\t<td class=\"column-1\">Surface<\/td><td class=\"column-2\">cm2<\/td><td class=\"column-3\">20.000<\/td>\n<\/tr>\n<tr class=\"row-11\">\n\t<td class=\"column-1\">Syst\u00e8me de nettoyage<\/td><td class=\"column-2\"><\/td><td class=\"column-3\">Manuel<\/td>\n<\/tr>\n<tr class=\"row-12\">\n\t<td class=\"column-1\">Bac de r\u00e9colte<\/td><td class=\"column-2\"><\/td><td class=\"column-3\">Acier<\/td>\n<\/tr>\n<tr class=\"row-13\">\n\t<td class=\"column-1\">Syst\u00e8me de vidange<\/td><td class=\"column-2\"><\/td><td class=\"column-3\">Bac d\u00e9crochable<\/td>\n<\/tr>\n<tr class=\"row-14\">\n\t<td class=\"column-1\">Capacit\u00e9<\/td><td class=\"column-2\">litre<\/td><td class=\"column-3\">40<\/td>\n<\/tr>\n<tr class=\"row-15\">\n\t<td class=\"column-1\">Dimensions<\/td><td class=\"column-2\">cm<\/td><td class=\"column-3\">55x63x124<\/td>\n<\/tr>\n<\/tbody>\n<\/table>\n\n\n<div class=\"wp-block-buttons is-content-justification-center is-layout-flex wp-container-core-buttons-is-layout-a89b3969 wp-block-buttons-is-layout-flex\">\n<div class=\"wp-block-button\"><a class=\"wp-block-button__link wp-element-button\" href=\"https:\/\/obera.fr\/wp-content\/uploads\/2024\/04\/obera_brochure-w2-xr-fr.pdf\">SHKARKONI FLET\u00cbN E PRODUKTIT<\/a><\/div>\n<\/div>\n\n<h2 class=\"wp-block-heading\">Fshes\u00eb me korrent W2 XR: avantazhet e nj\u00eb fshes\u00eb me korrent kompakt me filtrim t\u00eb lart\u00eb<\/h2>\n\n<p>Fshesa industriale me korrent W2 XR ofron t\u00eb gjitha avantazhet e seris\u00eb W2, p\u00ebrkat\u00ebsisht: l\u00ebvizshm\u00ebri t\u00eb lart\u00eb p\u00ebr p\u00ebrdorim t\u00eb leht\u00eb dhe t\u00eb rehatsh\u00ebm p\u00ebr operator\u00ebt. Nj\u00eb shtres\u00eb izoluese nga zhurma rreth motorit p\u00ebr t\u00eb zvog\u00ebluar zhurm\u00ebn sa m\u00eb shum\u00eb t\u00eb jet\u00eb e mundur dhe p\u00ebr t\u00eb mos shqet\u00ebsuar ekipet.  <\/p>\n\n<p>Shum\u00ebllojshm\u00ebria e tij \u00ebsht\u00eb padyshim nj\u00eb kriter ky\u00e7 p\u00ebr prodhuesit, pasi teknologjia e saj e tharjes n\u00eb uj\u00eb e kombinuar me pajtueshm\u00ebrin\u00eb me ATEX i lejon asaj t\u00eb thith\u00eb pluhurin, materialet e ngurta dhe l\u00ebngjet rezistente ndaj shp\u00ebrthimit. \u00cbsht\u00eb gjithashtu i leht\u00eb p\u00ebr t\u2019u mir\u00ebmbajtur, fal\u00eb shkund\u00ebsit t\u00eb integruar t\u00eb filtrit i cili thjeshton shum\u00eb pastrimin. Operatori duhet vet\u00ebm t\u00eb p\u00ebrdor\u00eb lev\u00ebn e tundjes p\u00ebr t\u00eb kryer pastrim t\u00eb menj\u00ebhersh\u00ebm manual.<\/p>\n\n<p>S\u00eb fundi, avantazhi kryesor i seris\u00eb W2 XR \u00ebsht\u00eb certifikimi i saj ATEX zona 22. Me k\u00ebt\u00eb fshes\u00eb me korrent industriale, ju p\u00ebrmbushni detyrimet tuaja t\u00eb pajtueshm\u00ebris\u00eb. P\u00ebrdorimi i nj\u00eb fshese me korrent t\u00eb certifikuar ATEX n\u00eb zon\u00ebn 22 \u00ebsht\u00eb thelb\u00ebsor p\u00ebr t\u00eb garantuar sigurin\u00eb e ekipeve dhe aseteve tuaja.<\/p>\n\n<div class=\"wp-block-columns is-layout-flex wp-container-core-columns-is-layout-28f84493 wp-block-columns-is-layout-flex\">\n<div class=\"wp-block-column is-layout-flow wp-block-column-is-layout-flow\" style=\"flex-basis:33.34%\">\n<h3 class=\"wp-block-heading\">P\u00ebrfitimet:<\/h3>\n\n\n\n<ul class=\"wp-block-list\">\n<li>Fshes\u00eb me korrent kompakte dhe e l\u00ebvizshme;<\/li>\n\n\n\n<li>Reduktimi i rrezikut t\u00eb alergjive dhe s\u00ebmundjeve t\u00eb frym\u00ebmarrjes;<\/li>\n\n\n\n<li>P\u00ebrgjigje ndaj k\u00ebrkesave t\u00eb rregulloreve ATEX.<\/li>\n<\/ul>\n<\/div>\n\n\n\n<div class=\"wp-block-column is-layout-flow wp-block-column-is-layout-flow\" style=\"flex-basis:33.34%\">\n<h3 class=\"wp-block-heading\">Karakteristikat e ve\u00e7anta:<\/h3>\n\n\n\n<ul class=\"wp-block-list\">\n<li>P\u00ebrputhshm\u00ebria e zon\u00ebs ATEX 22, thithja e grimcave, l\u00ebnd\u00ebve t\u00eb ngurta dhe l\u00ebngjeve rezistente ndaj shp\u00ebrthimit.<\/li>\n<\/ul>\n<\/div>\n\n\n\n<div class=\"wp-block-column is-layout-flow wp-block-column-is-layout-flow\" style=\"flex-basis:33.33%\">\n<h3 class=\"wp-block-heading\">Karakteristikat:<\/h3>\n\n\n\n<ul class=\"wp-block-list\">\n<li>Filt\u00ebr xhepi antistatik poliest\u00ebr;<\/li>\n\n\n\n<li>Motor nj\u00ebfazor pa fur\u00e7a;<\/li>\n\n\n\n<li>Sistemi i bllokimit me drit\u00eb treguese.<\/li>\n<\/ul>\n<\/div>\n<\/div>\n\n<h2 class=\"wp-block-heading\">Ende jeni n\u00eb dyshim p\u00ebr efektivitetin e fshes\u00ebs me korrent W2 XR p\u00ebr industrin\u00eb tuaj?<\/h2>\n\n<p>N\u00eb OberA ne e dim\u00eb se niveli i rrezikut t\u00eb shp\u00ebrthimit n\u00eb zon\u00ebn 22 ndryshon n\u00eb var\u00ebsi t\u00eb shum\u00eb faktor\u00ebve: llojet e pluhurit, sasia, burimet e ndezjes, etj. P\u00ebr t\u00eb adoptuar zgjidhjen e duhur t\u00eb thithjes, ne kryejm\u00eb nj\u00eb diagnoz\u00eb n\u00eb punishtet tuaja dhe ju ofrojm\u00eb nj\u00eb testimi i pajisjes me mund\u00ebsi blerjeje.<\/p>\n\n<div class=\"wp-block-buttons is-content-justification-center is-layout-flex wp-container-core-buttons-is-layout-a89b3969 wp-block-buttons-is-layout-flex\">\n<div class=\"wp-block-button\"><a class=\"wp-block-button__link wp-element-button\" href=\"https:\/\/obera.fr\/sq\/contact\/\">TESTO FSHES\u00cbSIN\u00cb W2 XR<\/a><\/div>\n<\/div>\n\n<h2 class=\"wp-block-heading\">Fshes\u00eb me korrent t\u00eb tjera industriale n\u00eb gam\u00eb<\/h2>\n\n<div class=\"wp-block-columns is-layout-flex wp-container-core-columns-is-layout-28f84493 wp-block-columns-is-layout-flex\">\n<div class=\"wp-block-column is-layout-flow wp-block-column-is-layout-flow\">\n<figure class=\"wp-block-image aligncenter size-full is-resized\"><a href=\"https:\/\/obera.fr\/sq\/produits\/aspirateurs-industriels\/ventilateurs-aspiration-gamme-eurosog-rg-100-800\/\"><img decoding=\"async\" width=\"600\" height=\"600\" src=\"https:\/\/obera.fr\/wp-content\/uploads\/2024\/04\/obera-ventilateur-aspiration-rg-300-400.jpg\" alt=\"Ventilator thith&#xEB;s obera rg 300 400\" class=\"wp-image-29437\" style=\"width:349px;height:auto\" srcset=\"https:\/\/obera.fr\/wp-content\/uploads\/2024\/04\/obera-ventilateur-aspiration-rg-300-400.jpg 600w, https:\/\/obera.fr\/wp-content\/uploads\/2024\/04\/obera-ventilateur-aspiration-rg-300-400-300x300.jpg 300w, https:\/\/obera.fr\/wp-content\/uploads\/2024\/04\/obera-ventilateur-aspiration-rg-300-400-150x150.jpg 150w\" sizes=\"(max-width: 600px) 100vw, 600px\" \/><\/a><figcaption class=\"wp-element-caption\">RG 300\/400<\/figcaption><\/figure>\n<\/div>\n\n\n\n<div class=\"wp-block-column is-layout-flow wp-block-column-is-layout-flow\">\n<figure class=\"wp-block-image aligncenter size-full is-resized\"><a href=\"https:\/\/obera.fr\/sq\/produits\/aspirateurs-industriels\/w2-haute-filtration-polyvalence\/\"><img decoding=\"async\" width=\"711\" height=\"622\" src=\"https:\/\/obera.fr\/wp-content\/uploads\/2024\/10\/w2.png\" alt=\"Fshes&#xEB; me korrent industrial\" class=\"wp-image-35424\" style=\"object-fit:cover;width:300px;height:300px\" srcset=\"https:\/\/obera.fr\/wp-content\/uploads\/2024\/10\/w2.png 711w, https:\/\/obera.fr\/wp-content\/uploads\/2024\/10\/w2-300x262.png 300w\" sizes=\"(max-width: 711px) 100vw, 711px\" \/><\/a><figcaption class=\"wp-element-caption\">W2<\/figcaption><\/figure>\n<\/div>\n\n\n\n<div class=\"wp-block-column is-layout-flow wp-block-column-is-layout-flow\">\n<figure class=\"wp-block-image aligncenter size-full is-resized\"><a href=\"https:\/\/obera.fr\/sq\/produits\/aspirateurs-industriels\/w3-pour-nettoyage-general\/\"><img decoding=\"async\" width=\"658\" height=\"652\" src=\"https:\/\/obera.fr\/wp-content\/uploads\/2024\/10\/w3.png\" alt=\"w3\" class=\"wp-image-35427\" style=\"object-fit:cover;width:300px;height:300px\" srcset=\"https:\/\/obera.fr\/wp-content\/uploads\/2024\/10\/w3.png 658w, https:\/\/obera.fr\/wp-content\/uploads\/2024\/10\/w3-300x297.png 300w, https:\/\/obera.fr\/wp-content\/uploads\/2024\/10\/w3-150x150.png 150w, https:\/\/obera.fr\/wp-content\/uploads\/2024\/10\/w3-24x24.png 24w, https:\/\/obera.fr\/wp-content\/uploads\/2024\/10\/w3-48x48.png 48w, https:\/\/obera.fr\/wp-content\/uploads\/2024\/10\/w3-96x96.png 96w\" sizes=\"(max-width: 658px) 100vw, 658px\" \/><\/a><figcaption class=\"wp-element-caption\">W3<\/figcaption><\/figure>\n<\/div>\n<\/div>\n","protected":false},"excerpt":{"rendered":"<p>Zbuloni fshes\u00ebn industriale me korrent W2 XR p\u00ebr thithjen e l\u00ebnd\u00ebve t\u00eb ngurta dhe l\u00ebngjeve rezistente ndaj shp\u00ebrthimit. Pajisje kompakte, t\u00eb l\u00ebvizshme dhe me performanc\u00eb t\u00eb lart\u00eb p\u00ebr t\u00eb zvog\u00ebluar rreziqet e ndezjes dhe shp\u00ebrthimit n\u00eb nj\u00ebsit\u00eb tuaja t\u00eb prodhimit. Fshes\u00eb me korrent industrial W2 XR ATEX zone 22 e \u00e7ertifikuar: parimi dhe aplikimi L\u2019fshesa me korrent industriale W2 XR e tipit t\u00eb lag\u00ebsht dhe t\u00eb that\u00eb \u00ebsht\u00eb projektuar p\u00ebr t\u00eb thithur materiale t\u00eb ngurta dhe t\u00eb l\u00ebngshme rezistente ndaj shp\u00ebrthimit. Prodhimi i saj \u00ebsht\u00eb projektuar p\u00ebr t\u00eb parandaluar akumulimin e elektricitetit statik fal\u00eb filtrit t\u00eb saj me xhepa prej &#8230; <\/p>\n<p class=\"read-more-container\"><a title=\"Fshes\u00eb me korrent industrial W2 XR\" class=\"read-more button\" href=\"https:\/\/obera.fr\/sq\/produits\/aspirateurs-industriels\/w2-xr-atex-22\/#more-45118\" aria-label=\"Read more about Fshes\u00eb me korrent industrial W2 XR\">Lire la suite<\/a><\/p>\n","protected":false},"author":4,"featured_media":83732,"parent":48429,"menu_order":0,"comment_status":"closed","ping_status":"closed","template":"","meta":{"_acf_changed":false,"_seopress_robots_primary_cat":"","_seopress_titles_title":"Fshes\u00eb me korrent industrial W2 XR ATEX 22 oberA","_seopress_titles_desc":"Kompakt dhe efikas, zbuloni serin\u00eb W2 XR p\u00ebr thithjen e materialeve t\u00eb ngurta dhe t\u00eb l\u00ebngshme rezistente ndaj shp\u00ebrthimit. Pajisje q\u00eb mund t\u2019i testoni me mund\u00ebsin\u00eb e blerjes fal\u00eb OberA-s.","_seopress_robots_index":"","footnotes":""},"class_list":{"0":"post-45118","1":"page","2":"type-page","3":"status-publish","4":"has-post-thumbnail","6":"no-featured-image-padding","7":"resize-featured-image"},"acf":[],"_links":{"self":[{"href":"https:\/\/obera.fr\/sq\/wp-json\/wp\/v2\/pages\/45118","targetHints":{"allow":["GET"]}}],"collection":[{"href":"https:\/\/obera.fr\/sq\/wp-json\/wp\/v2\/pages"}],"about":[{"href":"https:\/\/obera.fr\/sq\/wp-json\/wp\/v2\/types\/page"}],"author":[{"embeddable":true,"href":"https:\/\/obera.fr\/sq\/wp-json\/wp\/v2\/users\/4"}],"replies":[{"embeddable":true,"href":"https:\/\/obera.fr\/sq\/wp-json\/wp\/v2\/comments?post=45118"}],"version-history":[{"count":8,"href":"https:\/\/obera.fr\/sq\/wp-json\/wp\/v2\/pages\/45118\/revisions"}],"predecessor-version":[{"id":132906,"href":"https:\/\/obera.fr\/sq\/wp-json\/wp\/v2\/pages\/45118\/revisions\/132906"}],"up":[{"embeddable":true,"href":"https:\/\/obera.fr\/sq\/wp-json\/wp\/v2\/pages\/48429"}],"wp:featuredmedia":[{"embeddable":true,"href":"https:\/\/obera.fr\/sq\/wp-json\/wp\/v2\/media\/83732"}],"wp:attachment":[{"href":"https:\/\/obera.fr\/sq\/wp-json\/wp\/v2\/media?parent=45118"}],"curies":[{"name":"wp","href":"https:\/\/api.w.org\/{rel}","templated":true}]}}