{"id":45417,"date":"2024-04-05T23:01:46","date_gmt":"2024-04-05T21:01:46","guid":{"rendered":"https:\/\/obera.fr\/fshese-me-korrent-industrial-w3\/"},"modified":"2025-11-15T17:23:18","modified_gmt":"2025-11-15T15:23:18","slug":"w3-pour-nettoyage-general","status":"publish","type":"page","link":"https:\/\/obera.fr\/sq\/produits\/aspirateurs-industriels\/w3-pour-nettoyage-general\/","title":{"rendered":"Fshes\u00eb me korrent industrial W3"},"content":{"rendered":"\n<p>Nj\u00eb <a href=\"https:\/\/obera.fr\/sq\/produits\/aspirateurs-industriels\/\" data-type=\"page\" data-id=\"41\">zgjidhje thith\u00ebse<\/a> e fuqishme dhe e leht\u00eb p\u00ebr t&#8217;u p\u00ebrdorur, fshesa industriale W3 \u00ebsht\u00eb thelb\u00ebsore p\u00ebr pastrimin e p\u00ebrgjithsh\u00ebm q\u00eb p\u00ebrshtatet me t\u00eb gjitha nevojat.<\/p>\n\n<h2 class=\"wp-block-heading\">Parimi dhe fusha e aplikimit t\u00eb fshes\u00ebs industriale W3<\/h2>\n\n<div class=\"wp-block-columns is-layout-flex wp-container-core-columns-is-layout-28f84493 wp-block-columns-is-layout-flex\">\n<div class=\"wp-block-column is-layout-flow wp-block-column-is-layout-flow\" style=\"flex-basis:33.33%\">\n<figure class=\"wp-block-image aligncenter size-full is-resized\"><img decoding=\"async\" width=\"658\" height=\"652\" src=\"https:\/\/obera.fr\/wp-content\/uploads\/2024\/10\/w3.png\" alt=\"Fshes&#xEB; me korrent industrial\" class=\"wp-image-35427\" style=\"object-fit:cover;width:300px;height:300px\" srcset=\"https:\/\/obera.fr\/wp-content\/uploads\/2024\/10\/w3.png 658w, https:\/\/obera.fr\/wp-content\/uploads\/2024\/10\/w3-300x297.png 300w, https:\/\/obera.fr\/wp-content\/uploads\/2024\/10\/w3-150x150.png 150w, https:\/\/obera.fr\/wp-content\/uploads\/2024\/10\/w3-24x24.png 24w, https:\/\/obera.fr\/wp-content\/uploads\/2024\/10\/w3-48x48.png 48w, https:\/\/obera.fr\/wp-content\/uploads\/2024\/10\/w3-96x96.png 96w\" sizes=\"(max-width: 658px) 100vw, 658px\" \/><\/figure>\n<\/div>\n\n\n\n<div class=\"wp-block-column is-layout-flow wp-block-column-is-layout-flow\" style=\"flex-basis:66.66%\">\n<p>L\u2019<strong>aspiratori industrial W3<\/strong> njihet p\u00ebr shkatht\u00ebsin\u00eb dhe p\u00ebrdorimin e tij t\u00eb qet\u00eb. Ai t\u00ebrheq me prakticitetin e tij dhe p\u00ebrfshin tre motor\u00eb t\u00eb fuqish\u00ebm by-pass, parimi i t\u00eb cil\u00ebve \u00ebsht\u00eb t\u00eb thithin ajrin dhe ta ndajn\u00eb at\u00eb n\u00eb dy rrjedha: nj\u00eb rrjedh\u00eb p\u00ebrdoret p\u00ebr t\u00eb ftohur motorin, e dyta p\u00ebr t\u00eb thithur pluhurin dhe materialet e ngurta. Nj\u00eb sistem thithjeje q\u00eb jo vet\u00ebm parandalon bllokimin e motorit, por gjithashtu ndalon grimcat e imta duke kaluar rrjedh\u00ebn e ajrit p\u00ebrmes filtrit t\u00eb pluhurit. Motor\u00ebt by-pass t\u00eb seris\u00eb W3 ofrojn\u00eb k\u00ebshtu nj\u00eb fuqi t\u00eb lart\u00eb thithjeje, m\u00eb pak mir\u00ebmbajtje dhe rrisin jet\u00ebgjat\u00ebsin\u00eb e pajisjes (m\u00eb pak rrezik mbinxehjeje dhe bllokimi).<\/p>\n\n\n\n<p>P\u00ebr \u00e7far\u00eb fushe aplikimi? I shkath\u00ebt, i shpejt\u00eb dhe praktik, aspiratori monofazor W3 \u00ebsht\u00eb ideal p\u00ebr pastrim t\u00eb p\u00ebrgjithsh\u00ebm: pastrimin e dyshemeve, mureve, kantiereve t\u00eb nd\u00ebrtimit, pun\u00ebtorive, makinerive t\u00eb prodhimit\u2026 \u00cbsht\u00eb gjithashtu nj\u00eb zgjedhje e shk\u00eblqyer p\u00ebr thithjen e pluhurave t\u00eb imta dhe grimcave alergjike. Prodhimi i tij dhe zgjedhjet e shumta t\u00eb personalizimit e b\u00ebjn\u00eb at\u00eb nj\u00eb pajisje q\u00eb p\u00ebrshtatet leht\u00ebsisht me t\u00eb gjitha sektor\u00ebt e industris\u00eb. \u00cbsht\u00eb ve\u00e7an\u00ebrisht efikas p\u00ebr thithjen e pluhurave dhe l\u00ebnd\u00ebve t\u00eb ngurta n\u00eb pun\u00ebtorit\u00eb mekanike, kompanit\u00eb ushqimore, pun\u00ebtorit\u00eb e zdrukthtaris\u00eb, pun\u00ebtorit\u00eb artizanale, r\u00ebr\u00ebzimin, fabrikat e \u00e7imentos dhe trajtimin e sip\u00ebrfaqeve.<\/p>\n\n\n\n<div class=\"wp-block-columns is-layout-flex wp-container-core-columns-is-layout-28f84493 wp-block-columns-is-layout-flex\">\n<div class=\"wp-block-column is-layout-flow wp-block-column-is-layout-flow\">\n<div class=\"wp-block-buttons is-layout-flex wp-block-buttons-is-layout-flex\">\n<div class=\"wp-block-button\"><a class=\"wp-block-button__link wp-element-button\" href=\"https:\/\/obera.fr\/wp-content\/uploads\/2025\/06\/brochure-w3-fr.pdf\">SHKARKONI BROSHUR\u00cbN<\/a><\/div>\n<\/div>\n<\/div>\n\n\n\n<div class=\"wp-block-column is-layout-flow wp-block-column-is-layout-flow\">\n<div class=\"wp-block-buttons is-layout-flex wp-block-buttons-is-layout-flex\">\n<div class=\"wp-block-button\"><a class=\"wp-block-button__link wp-element-button\" href=\"https:\/\/obera.fr\/sq\/contact\/\">KENI NEVOJ\u00cb P\u00cbR K\u00cbSHILL\u00cb T\u00cb PERSONALIZUARA?<\/a><\/div>\n<\/div>\n<\/div>\n\n\n\n<div class=\"wp-block-column is-layout-flow wp-block-column-is-layout-flow\">\n<div class=\"wp-block-buttons is-content-justification-center is-layout-flex wp-container-core-buttons-is-layout-a89b3969 wp-block-buttons-is-layout-flex\">\n<div class=\"wp-block-button btn-devis-source\"><a class=\"wp-block-button__link wp-element-button\" href=\"https:\/\/obera.fr\/sq\/devis\/\">K\u00ebrkes\u00eb p\u00ebr kuot\u00eb<\/a><\/div>\n<\/div>\n\n\n<script>\r\ndocument.addEventListener('DOMContentLoaded', function() {\r\n    \/\/ 1. On cherche le titre H1 de la page\r\n    var h1 = document.querySelector('h1');\r\n    var productTitle = h1 ? h1.innerText.trim() : \"\";\r\n\r\n    \/\/ 2. On cherche les boutons via la classe CSS .btn-devis-source\r\n    var buttons = document.querySelectorAll('.btn-devis-source a');\r\n\r\n    \/\/ 3. Si on a le titre et les boutons, on ajoute le param\u00e8tre\r\n    if (buttons.length > 0 && productTitle !== \"\") {\r\n        var encodedTitle = encodeURIComponent(productTitle);\r\n\r\n        buttons.forEach(function(btn) {\r\n            var currentHref = btn.getAttribute('href');\r\n            \r\n            \/\/ S\u00e9curit\u00e9 pour ne pas ajouter le param\u00e8tre 2 fois\r\n            if (currentHref.indexOf('sujet=') === -1) {\r\n                var separator = currentHref.indexOf('?') !== -1 ? '&' : '?';\r\n                var newLink = currentHref + separator + 'sujet=' + encodedTitle;\r\n                \r\n                btn.setAttribute('href', newLink);\r\n            }\r\n        });\r\n    }\r\n});\r\n<\/script><\/div>\n<\/div>\n<\/div>\n<\/div>\n\n<h2 class=\"wp-block-heading\">Pastrimi i p\u00ebrgjithsh\u00ebm: karakteristikat e fshes\u00ebs me korrent W3<\/h2>\n\n<p>Fshesa industriale me korrent W3 \u00ebsht\u00eb e disponueshme n\u00eb dy versione. \u00cbsht\u00eb i pajisur me 3 motor\u00eb nj\u00ebfazor\u00eb prej 1.1 kW n\u00eb versionin 65 litra dhe 1.3 kW n\u00eb versionin 100 litra. Nj\u00eb ve\u00e7ori teknike q\u00eb e b\u00ebn pajisjen ve\u00e7an\u00ebrisht efektive p\u00ebr thithjen me thithje t\u00eb materialeve me nj\u00eb pesh\u00eb specifike t\u00eb lart\u00eb (zhavorr, r\u00ebr\u00eb, gozhda, vida, mbeturina qelqi). Fshesa me korrent ofron nj\u00eb depresion maksimal midis 2,400 dhe 3,600 Pa dhe nj\u00eb shpejt\u00ebsi maksimale rrjedhjeje midis 540 m3\/or\u00eb dhe 450 m3\/or\u00eb n\u00eb var\u00ebsi t\u00eb versionit t\u00eb zgjedhur.<\/p>\n\n<p>Pavar\u00ebsisht 3 motor\u00ebve t\u00eb saj bypass, fshesa industriale me korrent W3 \u00ebsht\u00eb e qet\u00eb. Nj\u00ebsia thith\u00ebse ka nj\u00eb shtres\u00eb q\u00eb thith zhurm\u00ebn p\u00ebr t\u00eb minimizuar zhurm\u00ebn.<\/p>\n\n<p>E fort\u00eb, pajisja thith\u00ebse p\u00ebrfshin nj\u00eb kok\u00eb t\u00eb fort\u00eb \u00e7eliku. Nj\u00ebsia e filtrit \u00ebsht\u00eb gjithashtu e b\u00ebr\u00eb prej \u00e7eliku inox (dhoma e filtrit), si dhe tabaka e saj e montuar n\u00eb rrota dhe korniza e saj.  <\/p>\n\n<p>S\u00eb fundmi, nj\u00ebsia e filtrit \u00ebsht\u00eb e pajisur me nj\u00eb filt\u00ebr xhepi prej poliesteri p\u00ebr t\u00eb siguruar mbrojtjen e saj, si dhe mbajtjen e lart\u00eb t\u00eb pluhurit. Sip\u00ebrfaqja e madhe prej 2m2 dhe efikasiteti i lart\u00eb i filtrimit (3 mikron\u00eb) garantojn\u00eb gjithashtu past\u00ebrtin\u00eb e ajrit q\u00eb del.<\/p>\n\n<p>Fshesa me korrent W3 p\u00ebrfshin aksesor\u00eb t\u00eb dedikuar p\u00ebr profesionist\u00ebt e pastrimit: zorr\u00eb thith\u00ebse fleksib\u00ebl, fur\u00e7a, mjet p\u00ebr \u00e7arje, etj.<\/p>\n\n<blockquote class=\"wp-block-quote is-layout-flow wp-block-quote-is-layout-flow\">\n<p>Versionet e disponueshme: fshesa industriale me korrent W3 vjen n\u00eb dy versione! Nj\u00ebra me nj\u00eb kapacitet prej 65 litrash, e dyta me nj\u00eb kapacitet prej 100 litrash. \u00cbsht\u00eb gjithashtu i disponuesh\u00ebm me 3 motor\u00eb nj\u00ebfazor\u00eb, 3-fazor\u00eb p\u00ebr t\u00eb trajtuar thithjen e materialeve me pesh\u00eb t\u00eb lart\u00eb specifike.<\/p>\n<\/blockquote>\n\n<h3 class=\"wp-block-heading has-text-align-center\">Fakultative<\/h3>\n\n<div class=\"wp-block-columns is-layout-flex wp-container-core-columns-is-layout-28f84493 wp-block-columns-is-layout-flex\">\n<div class=\"wp-block-column is-layout-flow wp-block-column-is-layout-flow\" style=\"flex-basis:50%\">\n<ul class=\"wp-block-list\">\n<li>Filtri Nomex &#8211; rezistent ndaj nxeht\u00ebsis\u00eb deri n\u00eb 250\u00b0;<\/li>\n\n\n\n<li>Filtri absolut Hepa H14;<\/li>\n\n\n\n<li>Filtri PTFE i klas\u00ebs M;<\/li>\n\n\n\n<li>Filt\u00ebr teflon hidro-oleofobik t\u00eb klas\u00ebs M;  <\/li>\n\n\n\n<li>Filt\u00ebr antistatik i klasit M;<\/li>\n<\/ul>\n<\/div>\n\n\n\n<div class=\"wp-block-column is-layout-flow wp-block-column-is-layout-flow\" style=\"flex-basis:50%\">\n<ul class=\"wp-block-list\">\n<li>Kontejneri dhe dhoma e filtrit nga \u00e7elik inox;<\/li>\n\n\n\n<li>Tok\u00ebzimi;<\/li>\n\n\n\n<li>Kosh i pjekur n\u00eb skar\u00eb me valvul shkarkimi dhe tregues niveli;<\/li>\n\n\n\n<li>En\u00eb e gjat\u00eb p\u00ebr thas\u00eb prej 20 mt;<\/li>\n\n\n\n<li>Ciklon p\u00ebr mbrojtjen e filtrit.<\/li>\n<\/ul>\n<\/div>\n<\/div>\n\n<h3 class=\"wp-block-heading has-text-align-center\">INDUSTRIT\u00cb<\/h3>\n\n<div class=\"wp-block-columns is-layout-flex wp-container-core-columns-is-layout-28f84493 wp-block-columns-is-layout-flex\">\n<div class=\"wp-block-column is-layout-flow wp-block-column-is-layout-flow\">\n<hr class=\"wp-block-separator has-alpha-channel-opacity\"\/>\n\n\n\n<div class=\"wp-block-columns is-layout-flex wp-container-core-columns-is-layout-28f84493 wp-block-columns-is-layout-flex\">\n<div class=\"wp-block-column is-layout-flow wp-block-column-is-layout-flow\">\n<figure class=\"wp-block-image aligncenter size-thumbnail is-resized\"><img decoding=\"async\" width=\"150\" height=\"150\" src=\"https:\/\/obera.fr\/wp-content\/uploads\/2022\/02\/Textile-150x150.png\" alt=\"tekstile\" class=\"wp-image-8855\"\/><figcaption class=\"wp-element-caption\">Tekstile<\/figcaption><\/figure>\n\n\n\n<figure class=\"wp-block-image aligncenter size-thumbnail is-resized\"><img decoding=\"async\" width=\"150\" height=\"150\" src=\"https:\/\/obera.fr\/wp-content\/uploads\/2022\/02\/Plastique-150x150.png\" alt=\"plastike\" class=\"wp-image-8854\"\/><figcaption class=\"wp-element-caption\">Plastike<\/figcaption><\/figure>\n<\/div>\n\n\n\n<div class=\"wp-block-column is-layout-flow wp-block-column-is-layout-flow\">\n<figure class=\"wp-block-image aligncenter size-thumbnail is-resized\"><img decoding=\"async\" width=\"150\" height=\"150\" src=\"https:\/\/obera.fr\/wp-content\/uploads\/2022\/02\/MINERAIS-150x150.png\" alt=\"xeheroret\" class=\"wp-image-8847\"\/><figcaption class=\"wp-element-caption\">Ores<\/figcaption><\/figure>\n\n\n\n<figure class=\"wp-block-image aligncenter size-thumbnail is-resized\"><img decoding=\"async\" width=\"150\" height=\"150\" src=\"https:\/\/obera.fr\/wp-content\/uploads\/2022\/02\/Metalurgie-150x150.png\" alt=\"metalurgjis&#xEB;\" class=\"wp-image-8857\"\/><figcaption class=\"wp-element-caption\">Metalurgji<\/figcaption><\/figure>\n\n\n\n<figure class=\"wp-block-image aligncenter size-thumbnail is-resized\"><img decoding=\"async\" width=\"150\" height=\"150\" src=\"https:\/\/obera.fr\/wp-content\/uploads\/2023\/02\/sans-titre-2023-02-14t102211.641-150x150.png\" alt=\"Bujq&#xEB;sia\" class=\"wp-image-18828\"\/><figcaption class=\"wp-element-caption\">Bujq\u00ebsia<\/figcaption><\/figure>\n<\/div>\n<\/div>\n<\/div>\n\n\n\n<div class=\"wp-block-column is-layout-flow wp-block-column-is-layout-flow\">\n<hr class=\"wp-block-separator has-alpha-channel-opacity\"\/>\n\n\n\n<div class=\"wp-block-columns is-layout-flex wp-container-core-columns-is-layout-28f84493 wp-block-columns-is-layout-flex\">\n<div class=\"wp-block-column is-layout-flow wp-block-column-is-layout-flow\">\n<figure class=\"wp-block-image aligncenter size-thumbnail is-resized\"><img decoding=\"async\" width=\"150\" height=\"150\" src=\"https:\/\/obera.fr\/wp-content\/uploads\/2022\/02\/Chimie-150x150.png\" alt=\"kimis&#xEB;\" class=\"wp-image-8846\"\/><figcaption class=\"wp-element-caption\">Kimia<\/figcaption><\/figure>\n\n\n\n<figure class=\"wp-block-image aligncenter size-thumbnail is-resized\"><img decoding=\"async\" width=\"150\" height=\"150\" src=\"https:\/\/obera.fr\/wp-content\/uploads\/2022\/02\/Travail-du-bois-150x150.png\" alt=\"punimin e drurit\" class=\"wp-image-8856\"\/><figcaption class=\"wp-element-caption\">Punim druri<\/figcaption><\/figure>\n\n\n\n<figure class=\"wp-block-image aligncenter size-thumbnail is-resized\"><img decoding=\"async\" width=\"150\" height=\"150\" src=\"https:\/\/obera.fr\/wp-content\/uploads\/2023\/02\/sans-titre-2023-02-14t101920.185-150x150.png\" alt=\"Aviacioni\" class=\"wp-image-18831\"\/><figcaption class=\"wp-element-caption\">Aviacioni<\/figcaption><\/figure>\n<\/div>\n\n\n\n<div class=\"wp-block-column is-layout-flow wp-block-column-is-layout-flow\">\n<figure class=\"wp-block-image aligncenter size-thumbnail is-resized\"><img decoding=\"async\" width=\"150\" height=\"150\" src=\"https:\/\/obera.fr\/wp-content\/uploads\/2022\/02\/AGROALIMENTAIRE-150x150.png\" alt=\"agro-ushqimore\" class=\"wp-image-8844\"\/><figcaption class=\"wp-element-caption\">Agro-ushqimore<\/figcaption><\/figure>\n\n\n\n<figure class=\"wp-block-image aligncenter size-thumbnail is-resized\"><img decoding=\"async\" width=\"150\" height=\"150\" src=\"https:\/\/obera.fr\/wp-content\/uploads\/2022\/02\/Papier-carton-150x150.png\" alt=\"let&#xEB;r kartoni\" class=\"wp-image-8853\"\/><figcaption class=\"wp-element-caption\">Let\u00ebr\/Karton<\/figcaption><\/figure>\n\n\n\n<figure class=\"wp-block-image aligncenter size-thumbnail is-resized\"><img decoding=\"async\" width=\"150\" height=\"150\" src=\"https:\/\/obera.fr\/wp-content\/uploads\/2023\/02\/sans-titre-2023-02-14t101712.416-150x150.png\" alt=\"Automobilistik&#xEB;\" class=\"wp-image-18834\"\/><figcaption class=\"wp-element-caption\">Automobilistik\u00eb<\/figcaption><\/figure>\n<\/div>\n<\/div>\n<\/div>\n<\/div>\n\n<figure class=\"wp-block-table\"><table class=\"has-fixed-layout\"><tbody><tr><td>Tensioni<\/td><td>V-HZ<\/td><td>230<\/td><td>230-50<\/td><\/tr><tr><td>Fuqia<\/td><td>kW<\/td><td>3&#215;1.1<\/td><td>3&#215;1.3<\/td><\/tr><tr><td>Depresioni maksimal<\/td><td>Pa<\/td><td>2,400 Pa<\/td><td>3600 Pa<\/td><\/tr><tr><td>Rrjedha maksimale e ajrit<\/td><td>m3\/h<\/td><td>540<\/td><td>450<\/td><\/tr><tr><td>Diametri i gryk\u00ebs<\/td><td>mm<\/td><td>80<\/td><td>80<\/td><\/tr><tr><td>Lloji i filtrit<\/td><td><\/td><td>Xhep yll<\/td><td>Xhep yll<\/td><\/tr><tr><td>Sip\u00ebrfaqja<\/td><td>cm2<\/td><td>20.000<\/td><td>20.000<\/td><\/tr><tr><td>Sistemi i pastrimit<\/td><td><\/td><td>Manual<\/td><td>Manual<\/td><\/tr><tr><td>Kosh grumbullimi<\/td><td><\/td><td>\u00c7eliku<\/td><td>\u00c7eliku<\/td><\/tr><tr><td>Sistemi i kullimit<\/td><td><\/td><td>Tabaka e heqshme<\/td><td>Tabaka e heqshme<\/td><\/tr><tr><td>Aft\u00ebsia<\/td><td>lit\u00ebr<\/td><td>65\/100<\/td><td>65\/100<\/td><\/tr><tr><td>Dimensionet<\/td><td>cm<\/td><td>58x60x135<\/td><td>58x60x145<\/td><\/tr><tr><td>Materiali i filtrit &#8211; klas\u00eb<\/td><td><\/td><td><\/td><td>Poliester-L<\/td><\/tr><\/tbody><\/table><\/figure>\n\n<div class=\"wp-block-buttons is-content-justification-center is-layout-flex wp-container-core-buttons-is-layout-a89b3969 wp-block-buttons-is-layout-flex\">\n<div class=\"wp-block-button\"><a class=\"wp-block-button__link wp-element-button\" href=\"https:\/\/obera.fr\/wp-content\/uploads\/2024\/04\/obera_brochure-w3-fr.pdf\">SHKARKONI FLET\u00cbN E PRODUKTIT<\/a><\/div>\n<\/div>\n\n<h2 class=\"wp-block-heading\">P\u00ebrpar\u00ebsit\u00eb e fshes\u00ebs me korrent W3<\/h2>\n\n<p>Seria W3 vler\u00ebsohet ve\u00e7an\u00ebrisht p\u00ebr leht\u00ebsin\u00eb e p\u00ebrdorimit. Gjith\u00e7ka \u00ebsht\u00eb projektuar p\u00ebr t\u00eb thjeshtuar sa m\u00eb shum\u00eb q\u00eb t\u00eb jet\u00eb e mundur sh\u00ebrbimin e p\u00ebrgjithsh\u00ebm t\u00eb pastrimit t\u00eb operatorit. Ka nj\u00eb mat\u00ebs vakumi me drit\u00eb treguese p\u00ebr t\u00eb zbuluar \u00e7do ngopje t\u00eb filtrit. N\u00eb kok\u00ebn e motorit ka dy doreza p\u00ebr ta b\u00ebr\u00eb t\u00eb leht\u00eb ngritjen kur z\u00ebvend\u00ebsoni filtrin. Fshesa me korrent me nj\u00eb faz\u00eb p\u00ebrfshin gjithashtu nj\u00eb sistem zhbllokimi manual q\u00eb mund t\u00eb aktivizohet me nj\u00eb gjest t\u00eb thjesht\u00eb p\u00ebr t&#8217;i lejuar teknikut t\u00eb sip\u00ebrfaqes t\u00eb p\u00ebrfitoj\u00eb nga performanca maksimale e thithjes.<\/p>\n\n<div class=\"wp-block-columns is-layout-flex wp-container-core-columns-is-layout-28f84493 wp-block-columns-is-layout-flex\">\n<div class=\"wp-block-column is-layout-flow wp-block-column-is-layout-flow\" style=\"flex-basis:33.34%\">\n<h3 class=\"wp-block-heading\">P\u00ebrfitimet:<\/h3>\n\n\n\n<ul class=\"wp-block-list\">\n<li>Mat\u00ebs vakum me drit\u00eb treguese p\u00ebr t\u00eb parashikuar \u00e7do ngopje t\u00eb filtrit;<\/li>\n\n\n\n<li>Shkarkimi i ajrit i drejtuar posht\u00eb;<\/li>\n\n\n\n<li>Kompakt, i l\u00ebvizsh\u00ebm dhe i dobish\u00ebm;<\/li>\n\n\n\n<li>I gjithansh\u00ebm dhe i qet\u00eb.<\/li>\n<\/ul>\n<\/div>\n\n\n\n<div class=\"wp-block-column is-layout-flow wp-block-column-is-layout-flow\" style=\"flex-basis:33.34%\">\n<h3 class=\"wp-block-heading\">Karakteristikat e ve\u00e7anta:<\/h3>\n\n\n\n<ul class=\"wp-block-list\">\n<li>Tre motor\u00eb bypass nj\u00ebfazor me \u00e7el\u00ebsa t\u00eb pavarur;<\/li>\n\n\n\n<li>Filt\u00ebr ylli poliest\u00ebr;<\/li>\n\n\n\n<li>Gama e gjer\u00eb e filtrave n\u00eb dispozicion.<\/li>\n<\/ul>\n<\/div>\n\n\n\n<div class=\"wp-block-column is-layout-flow wp-block-column-is-layout-flow\" style=\"flex-basis:33.33%\">\n<h3 class=\"wp-block-heading\">Karakteristikat:<\/h3>\n\n\n\n<ul class=\"wp-block-list\">\n<li>N\u00eb dispozicion n\u00eb 65 litra ose 100 litra;<\/li>\n\n\n\n<li>Versioni me 3 faza n\u00eb dispozicion;<\/li>\n\n\n\n<li>Mbrojtja e nj\u00ebsis\u00eb thith\u00ebse me filtrin e saj yll (poliester).<\/li>\n<\/ul>\n<\/div>\n<\/div>\n\n<h2 class=\"wp-block-heading\">Provoni fshes\u00ebn industriale nj\u00ebfazore p\u00ebr pastrim t\u00eb p\u00ebrgjithsh\u00ebm<\/h2>\n\n<p>Ne ofrojm\u00eb nj\u00eb test n\u00eb shkall\u00eb t\u00eb plot\u00eb n\u00eb pun\u00ebtorit\u00eb tuaja me nj\u00eb mund\u00ebsi blerjeje p\u00ebr nj\u00eb periudh\u00eb mesatare prej 1 muaji.<\/p>\n\n<div class=\"wp-block-buttons is-content-justification-center is-layout-flex wp-container-core-buttons-is-layout-a89b3969 wp-block-buttons-is-layout-flex\">\n<div class=\"wp-block-button\"><a class=\"wp-block-button__link wp-element-button\" href=\"https:\/\/obera.fr\/sq\/contact\/\">TESTO FSHESEN W2<\/a><\/div>\n<\/div>\n\n<h2 class=\"wp-block-heading\">Fshes\u00eb me korrent t\u00eb tjera industriale n\u00eb gam\u00eb<\/h2>\n\n<div class=\"wp-block-columns is-layout-flex wp-container-core-columns-is-layout-28f84493 wp-block-columns-is-layout-flex\">\n<div class=\"wp-block-column is-layout-flow wp-block-column-is-layout-flow\">\n<figure class=\"wp-block-image aligncenter size-full is-resized\"><a href=\"https:\/\/obera.fr\/sq\/produits\/aspirateurs-industriels\/w2-xr-atex-22\/\"><img decoding=\"async\" width=\"566\" height=\"671\" src=\"https:\/\/obera.fr\/wp-content\/uploads\/2024\/10\/w2-xr-2.png\" alt=\"Fshes&#xEB; me korrent industrial\" class=\"wp-image-35431\" style=\"object-fit:cover;width:300px;height:300px\" srcset=\"https:\/\/obera.fr\/wp-content\/uploads\/2024\/10\/w2-xr-2.png 566w, https:\/\/obera.fr\/wp-content\/uploads\/2024\/10\/w2-xr-2-253x300.png 253w\" sizes=\"(max-width: 566px) 100vw, 566px\" \/><\/a><figcaption class=\"wp-element-caption\">W2 XR<\/figcaption><\/figure>\n<\/div>\n\n\n\n<div class=\"wp-block-column is-layout-flow wp-block-column-is-layout-flow\">\n<figure class=\"wp-block-image aligncenter size-full is-resized\"><a href=\"https:\/\/obera.fr\/sq\/produits\/aspirateurs-industriels\/w2-haute-filtration-polyvalence\/\"><img decoding=\"async\" width=\"711\" height=\"622\" src=\"https:\/\/obera.fr\/wp-content\/uploads\/2024\/10\/w2.png\" alt=\"Fshes&#xEB; me korrent industrial\" class=\"wp-image-35424\" style=\"width:343px;height:auto\" srcset=\"https:\/\/obera.fr\/wp-content\/uploads\/2024\/10\/w2.png 711w, https:\/\/obera.fr\/wp-content\/uploads\/2024\/10\/w2-300x262.png 300w\" sizes=\"(max-width: 711px) 100vw, 711px\" \/><\/a><figcaption class=\"wp-element-caption\">W2<\/figcaption><\/figure>\n<\/div>\n\n\n\n<div class=\"wp-block-column is-layout-flow wp-block-column-is-layout-flow\">\n<figure class=\"wp-block-image aligncenter size-full is-resized\"><a href=\"https:\/\/obera.fr\/sq\/produits\/aspirateurs-industriels\/ventilateurs-aspiration-gamme-eurosog-rg-100-800\/\"><img decoding=\"async\" width=\"600\" height=\"600\" src=\"https:\/\/obera.fr\/wp-content\/uploads\/2024\/04\/obera-ventilateur-aspiration-rg-300-400.jpg\" alt=\"Ventilator thith&#xEB;s obera rg 300 400\" class=\"wp-image-29437\" style=\"object-fit:cover;width:300px;height:300px\" srcset=\"https:\/\/obera.fr\/wp-content\/uploads\/2024\/04\/obera-ventilateur-aspiration-rg-300-400.jpg 600w, https:\/\/obera.fr\/wp-content\/uploads\/2024\/04\/obera-ventilateur-aspiration-rg-300-400-300x300.jpg 300w, https:\/\/obera.fr\/wp-content\/uploads\/2024\/04\/obera-ventilateur-aspiration-rg-300-400-150x150.jpg 150w\" sizes=\"(max-width: 600px) 100vw, 600px\" \/><\/a><figcaption class=\"wp-element-caption\">RG 300\/400<\/figcaption><\/figure>\n<\/div>\n<\/div>\n","protected":false},"excerpt":{"rendered":"<p>Nj\u00eb zgjidhje thith\u00ebse e fuqishme dhe e leht\u00eb p\u00ebr t&#8217;u p\u00ebrdorur, fshesa industriale W3 \u00ebsht\u00eb thelb\u00ebsore p\u00ebr pastrimin e p\u00ebrgjithsh\u00ebm q\u00eb p\u00ebrshtatet me t\u00eb gjitha nevojat. Parimi dhe fusha e aplikimit t\u00eb fshes\u00ebs industriale W3 L\u2019aspiratori industrial W3 njihet p\u00ebr shkatht\u00ebsin\u00eb dhe p\u00ebrdorimin e tij t\u00eb qet\u00eb. Ai t\u00ebrheq me prakticitetin e tij dhe p\u00ebrfshin tre motor\u00eb t\u00eb fuqish\u00ebm by-pass, parimi i t\u00eb cil\u00ebve \u00ebsht\u00eb t\u00eb thithin ajrin dhe ta ndajn\u00eb at\u00eb n\u00eb dy rrjedha: nj\u00eb rrjedh\u00eb p\u00ebrdoret p\u00ebr t\u00eb ftohur motorin, e dyta p\u00ebr t\u00eb thithur pluhurin dhe materialet e ngurta. Nj\u00eb sistem thithjeje q\u00eb jo vet\u00ebm parandalon bllokimin &#8230; <\/p>\n<p class=\"read-more-container\"><a title=\"Fshes\u00eb me korrent industrial W3\" class=\"read-more button\" href=\"https:\/\/obera.fr\/sq\/produits\/aspirateurs-industriels\/w3-pour-nettoyage-general\/#more-45417\" aria-label=\"Read more about Fshes\u00eb me korrent industrial W3\">Lire la suite<\/a><\/p>\n","protected":false},"author":4,"featured_media":83732,"parent":48429,"menu_order":0,"comment_status":"closed","ping_status":"closed","template":"","meta":{"_acf_changed":false,"_seopress_robots_primary_cat":"","_seopress_titles_title":"Fshes\u00eb me korrent W3 industriale p\u00ebr pastrim t\u00eb p\u00ebrgjithsh\u00ebm OberA","_seopress_titles_desc":"Esenciale p\u00ebr pastrimin e p\u00ebrgjithsh\u00ebm, seria W3 ka 3 motor\u00eb nj\u00ebfazor p\u00ebr t\u00eb kombinuar performanc\u00ebn dhe komoditetin e p\u00ebrdorimit.","_seopress_robots_index":"","footnotes":""},"class_list":{"0":"post-45417","1":"page","2":"type-page","3":"status-publish","4":"has-post-thumbnail","6":"no-featured-image-padding","7":"resize-featured-image"},"acf":[],"_links":{"self":[{"href":"https:\/\/obera.fr\/sq\/wp-json\/wp\/v2\/pages\/45417","targetHints":{"allow":["GET"]}}],"collection":[{"href":"https:\/\/obera.fr\/sq\/wp-json\/wp\/v2\/pages"}],"about":[{"href":"https:\/\/obera.fr\/sq\/wp-json\/wp\/v2\/types\/page"}],"author":[{"embeddable":true,"href":"https:\/\/obera.fr\/sq\/wp-json\/wp\/v2\/users\/4"}],"replies":[{"embeddable":true,"href":"https:\/\/obera.fr\/sq\/wp-json\/wp\/v2\/comments?post=45417"}],"version-history":[{"count":8,"href":"https:\/\/obera.fr\/sq\/wp-json\/wp\/v2\/pages\/45417\/revisions"}],"predecessor-version":[{"id":132910,"href":"https:\/\/obera.fr\/sq\/wp-json\/wp\/v2\/pages\/45417\/revisions\/132910"}],"up":[{"embeddable":true,"href":"https:\/\/obera.fr\/sq\/wp-json\/wp\/v2\/pages\/48429"}],"wp:featuredmedia":[{"embeddable":true,"href":"https:\/\/obera.fr\/sq\/wp-json\/wp\/v2\/media\/83732"}],"wp:attachment":[{"href":"https:\/\/obera.fr\/sq\/wp-json\/wp\/v2\/media?parent=45417"}],"curies":[{"name":"wp","href":"https:\/\/api.w.org\/{rel}","templated":true}]}}