{"id":45492,"date":"2024-04-06T01:24:32","date_gmt":"2024-04-05T23:24:32","guid":{"rendered":"https:\/\/obera.fr\/na-2-2-kolektor-i-levizshem-i-pluhurit-te-lagesht\/"},"modified":"2025-06-27T15:44:39","modified_gmt":"2025-06-27T13:44:39","slug":"na-2-2-depoussiereur-a-voie-humide","status":"publish","type":"page","link":"https:\/\/obera.fr\/sq\/produits\/depoussiereurs-industriels\/mobiles\/na-2-2-depoussiereur-a-voie-humide\/","title":{"rendered":"NA 2.2: kolektor i l\u00ebvizsh\u00ebm i pluhurit t\u00eb lag\u00ebsht"},"content":{"rendered":"\n<p>Zbuloni kolektorin e pluhurit t\u00eb lag\u00ebsht NA 2.2 p\u00ebr t\u00eb fshir\u00eb substancat ngjit\u00ebse dhe pluhurin me efekt drap\u00ebr t\u00eb krijuar n\u00eb punishtet tuaja.<\/p>\n\n<h2 class=\"wp-block-heading\">Kolektor i pluhurit t\u00eb lag\u00ebsht NA 2.2: funksionimi dhe p\u00ebrdorimi<\/h2>\n\n<div class=\"wp-block-columns is-layout-flex wp-container-core-columns-is-layout-28f84493 wp-block-columns-is-layout-flex\">\n<div class=\"wp-block-column is-layout-flow wp-block-column-is-layout-flow\" style=\"flex-basis:33.33%\">\n<figure class=\"wp-block-image aligncenter size-full\"><img decoding=\"async\" width=\"600\" height=\"600\" src=\"https:\/\/obera.fr\/wp-content\/uploads\/2024\/04\/obera-na-2-2-depoussiereur-a-voie-humide-mobile.jpg\" alt=\"NA 2.2: kolektor i l&#xEB;vizsh&#xEB;m i pluhurit t&#xEB; lag&#xEB;sht\" class=\"wp-image-29475\" srcset=\"https:\/\/obera.fr\/wp-content\/uploads\/2024\/04\/obera-na-2-2-depoussiereur-a-voie-humide-mobile.jpg 600w, https:\/\/obera.fr\/wp-content\/uploads\/2024\/04\/obera-na-2-2-depoussiereur-a-voie-humide-mobile-300x300.jpg 300w, https:\/\/obera.fr\/wp-content\/uploads\/2024\/04\/obera-na-2-2-depoussiereur-a-voie-humide-mobile-150x150.jpg 150w\" sizes=\"(max-width: 600px) 100vw, 600px\" \/><\/figure>\n<\/div>\n\n\n\n<div class=\"wp-block-column is-layout-flow wp-block-column-is-layout-flow\" style=\"flex-basis:66.66%\">\n<p>Sistemi i filtrimit t\u00eb kolektorit t\u00eb pluhurit t\u00eb lag\u00ebsht p\u00ebrdor parimin e forc\u00ebs centrifugale dhe p\u00ebrdor ujin si vektor filtrimi. Konkretisht, ajri i ngarkuar me grimca t\u00eb im\u00ebta dhe pluhur kapet n\u00eb kolektorin e pluhurit fal\u00eb ventilatorit t\u00eb integruar. Ajri m\u00eb pas ngopet me uj\u00eb nga grykat e sp\u00ebrkatjes, gj\u00eb q\u00eb lejon q\u00eb pluhuri t\u00eb grumbullohet dhe t\u00eb kapet m\u00eb leht\u00eb. P\u00ebr t\u00eb ndar\u00eb grimcat, ajri dhe uji rrotullohen me shpejt\u00ebsi t\u00eb lart\u00eb p\u00ebr t&#8217;i projektuar ato kund\u00ebr murit t\u00eb kolektorit t\u00eb pluhurit (parimi i vorbull\u00ebs). Ajri i past\u00ebr nxirret dhe shkarkohet n\u00eb atmosfer\u00eb nga ventilatori centrifugal i shkarkimit.<\/p>\n\n\n\n<p>Ideale p\u00ebr sharrim, prerje, prerje n\u00eb feta, por edhe p\u00ebr bluarje, lustrim, heqje t\u00eb ashklave, frezim, transferim, mbushje dhe p\u00ebrzierje. I disponuesh\u00ebm si opsion n\u00eb versionin ATEX.<\/p>\n\n\n\n<p>P\u00ebr \u00e7far\u00eb p\u00ebrdorimesh? Kolektori i pluhurit t\u00eb lag\u00ebsht NA 2.2 \u00ebsht\u00eb ve\u00e7an\u00ebrisht efektiv n\u00eb thithjen me thithje t\u00eb substancave ngjit\u00ebse dhe gjat\u00eb operacioneve q\u00eb prodhojn\u00eb shk\u00ebndija t\u00eb forta. \u00cbsht\u00eb ideal p\u00ebr nxjerrjen e pluhurit metalik, pluhurit ngjit\u00ebs dhe pluhurit t\u00eb djegsh\u00ebm. Kjo e b\u00ebn at\u00eb pajisje perfekte p\u00ebr industrin\u00eb ushqimore dhe t\u00eb p\u00ebrpunimit t\u00eb metaleve.<\/p>\n\n\n\n<div class=\"wp-block-columns is-layout-flex wp-container-core-columns-is-layout-28f84493 wp-block-columns-is-layout-flex\">\n<div class=\"wp-block-column is-layout-flow wp-block-column-is-layout-flow\">\n<div class=\"wp-block-buttons is-layout-flex wp-block-buttons-is-layout-flex\">\n<div class=\"wp-block-button\"><a class=\"wp-block-button__link wp-element-button\" href=\"https:\/\/obera.fr\/wp-content\/uploads\/2025\/04\/brochure-na-2.2-fr.pdf\">Shkarkoni broshur\u00ebn<\/a><\/div>\n<\/div>\n<\/div>\n\n\n\n<div class=\"wp-block-column is-layout-flow wp-block-column-is-layout-flow\">\n<div class=\"wp-block-buttons is-layout-flex wp-block-buttons-is-layout-flex\">\n<div class=\"wp-block-button\"><a class=\"wp-block-button__link wp-element-button\" href=\"https:\/\/obera.fr\/contact\/\">Keni nevoj\u00eb p\u00ebr k\u00ebshilla t\u00eb personalizuara?<\/a><\/div>\n<\/div>\n<\/div>\n\n\n\n<div class=\"wp-block-column is-layout-flow wp-block-column-is-layout-flow\">\n<div class=\"wp-block-buttons is-content-justification-center is-layout-flex wp-container-core-buttons-is-layout-a89b3969 wp-block-buttons-is-layout-flex\">\n<div class=\"wp-block-button btn-devis-source\"><a class=\"wp-block-button__link wp-element-button\" href=\"https:\/\/obera.fr\/sq\/devis\/\">K\u00ebrkes\u00eb p\u00ebr kuot\u00eb<\/a><\/div>\n<\/div>\n\n\n<script>\r\ndocument.addEventListener('DOMContentLoaded', function() {\r\n    \/\/ 1. On cherche le titre H1 de la page\r\n    var h1 = document.querySelector('h1');\r\n    var productTitle = h1 ? h1.innerText.trim() : \"\";\r\n\r\n    \/\/ 2. On cherche les boutons via la classe CSS .btn-devis-source\r\n    var buttons = document.querySelectorAll('.btn-devis-source a');\r\n\r\n    \/\/ 3. Si on a le titre et les boutons, on ajoute le param\u00e8tre\r\n    if (buttons.length > 0 && productTitle !== \"\") {\r\n        var encodedTitle = encodeURIComponent(productTitle);\r\n\r\n        buttons.forEach(function(btn) {\r\n            var currentHref = btn.getAttribute('href');\r\n            \r\n            \/\/ S\u00e9curit\u00e9 pour ne pas ajouter le param\u00e8tre 2 fois\r\n            if (currentHref.indexOf('sujet=') === -1) {\r\n                var separator = currentHref.indexOf('?') !== -1 ? '&' : '?';\r\n                var newLink = currentHref + separator + 'sujet=' + encodedTitle;\r\n                \r\n                btn.setAttribute('href', newLink);\r\n            }\r\n        });\r\n    }\r\n});\r\n<\/script><\/div>\n<\/div>\n<\/div>\n<\/div>\n\n<h2 class=\"wp-block-heading\">Karakteristikat e kolektorit t\u00eb pluhurit t\u00eb lag\u00ebsht NA 2.2<\/h2>\n\n<p>P\u00ebrve\u00e7 l\u00ebvizshm\u00ebris\u00eb s\u00eb madhe, dizajni i tij paraqet nj\u00eb avantazh t\u00eb papar\u00eb m\u00eb par\u00eb n\u00eb pajisjet NA: dizajnin kompakt dhe hap\u00ebsir\u00ebn e vog\u00ebl q\u00eb z\u00eb. Deri m\u00eb tani, ndar\u00ebsit e ujit mund t\u00eb montoheshin vet\u00ebm me nj\u00eb sip\u00ebrfaqe m\u00eb t\u00eb madhe (dimensione shum\u00eb m\u00eb t\u00eb m\u00ebdha) p\u00ebr t\u00eb qen\u00eb n\u00eb gjendje t\u00eb mbulonin nj\u00eb gam\u00eb t\u00eb gjer\u00eb aplikimesh. Tani, kolektor\u00ebt e pluhurit NA kan\u00eb arritur t\u00eb kombinojn\u00eb performanc\u00ebn dhe leht\u00ebsin\u00eb e p\u00ebrdorimit me nj\u00ebsi t\u00eb l\u00ebvizshme fleksibile dhe kompakte. P\u00ebr m\u00eb tep\u00ebr, pajisjet NA jan\u00eb gjithmon\u00eb t\u00eb pajisura me nj\u00eb maj\u00eb t\u00eb anueshme p\u00ebr qasje t\u00eb leht\u00eb n\u00eb pjes\u00ebn e brendshme t\u00eb nj\u00ebsis\u00eb.<\/p>\n\n<p>Seria NA l\u00ebshon gjithashtu pak zhurm\u00eb: 68 dB(A). Kjo lejon q\u00eb t\u00eb p\u00ebrdoret direkt n\u00eb stacionet e ndryshme t\u00eb pun\u00ebs pa i shqet\u00ebsuar operator\u00ebt.<\/p>\n\n<blockquote class=\"wp-block-quote is-layout-flow wp-block-quote-is-layout-flow\">\n<p>Opsionet: Kolektori i pluhurit t\u00eb lag\u00ebsht NA 2.2 \u00ebsht\u00eb gjithashtu i disponuesh\u00ebm si fshes\u00eb me korrent p\u00ebr nj\u00eb diamet\u00ebr tubi prej 50 mm. \u00cbsht\u00eb i disponuesh\u00ebm n\u00eb nj\u00eb version \u00e7eliku inox p\u00ebr t\u00eb p\u00ebrmbushur k\u00ebrkesat e industrive ushqimore q\u00eb gjenerojn\u00eb pluhur t\u00eb im\u00ebt dhe organik dhe i n\u00ebnshtrohen rregullave t\u00eb rrepta n\u00eb lidhje me higjien\u00ebn dhe sigurin\u00eb ushqimore. Nj\u00eb tjet\u00ebr opsion thelb\u00ebsor n\u00eb sektor\u00ebt e aktivitetit q\u00eb operojn\u00eb n\u00eb zona me rrezik shp\u00ebrthimi (zona 22): versioni ATEX, p\u00ebr nxjerrjen e sigurt t\u00eb pluhurit t\u00eb that\u00eb, t\u00eb djegsh\u00ebm dhe jo-p\u00ebr\u00e7ues.<\/p>\n<\/blockquote>\n\n<h3 class=\"wp-block-heading has-text-align-center\">INDUSTRIT\u00cb<\/h3>\n\n<div class=\"wp-block-columns is-layout-flex wp-container-core-columns-is-layout-28f84493 wp-block-columns-is-layout-flex\">\n<div class=\"wp-block-column is-layout-flow wp-block-column-is-layout-flow\">\n<hr class=\"wp-block-separator has-alpha-channel-opacity\"\/>\n\n\n\n<div class=\"wp-block-columns is-layout-flex wp-container-core-columns-is-layout-28f84493 wp-block-columns-is-layout-flex\">\n<div class=\"wp-block-column is-layout-flow wp-block-column-is-layout-flow\">\n<figure class=\"wp-block-image aligncenter size-thumbnail is-resized\"><img decoding=\"async\" width=\"150\" height=\"150\" src=\"https:\/\/obera.fr\/wp-content\/uploads\/2022\/02\/Metalurgie-150x150.png\" alt=\"metalurgjis&#xEB;\" class=\"wp-image-8857\"\/><figcaption class=\"wp-element-caption\">Metalurgji<\/figcaption><\/figure>\n<\/div>\n\n\n\n<div class=\"wp-block-column is-layout-flow wp-block-column-is-layout-flow\">\n<figure class=\"wp-block-image aligncenter size-thumbnail is-resized\"><img decoding=\"async\" width=\"150\" height=\"150\" src=\"https:\/\/obera.fr\/wp-content\/uploads\/2022\/02\/AGROALIMENTAIRE-150x150.png\" alt=\"agro-ushqimore\" class=\"wp-image-8844\"\/><figcaption class=\"wp-element-caption\">Agro-ushqimore<\/figcaption><\/figure>\n<\/div>\n<\/div>\n<\/div>\n\n\n\n<div class=\"wp-block-column is-layout-flow wp-block-column-is-layout-flow\">\n<hr class=\"wp-block-separator has-alpha-channel-opacity\"\/>\n\n\n\n<div class=\"wp-block-columns is-layout-flex wp-container-core-columns-is-layout-28f84493 wp-block-columns-is-layout-flex\">\n<div class=\"wp-block-column is-layout-flow wp-block-column-is-layout-flow\"><\/div>\n\n\n\n<div class=\"wp-block-column is-layout-flow wp-block-column-is-layout-flow\"><\/div>\n<\/div>\n<\/div>\n<\/div>\n\n<table id=\"tablepress-201\" class=\"tablepress tablepress-id-201\">\n<tbody class=\"row-striping row-hover\">\n<tr class=\"row-1\">\n\t<td class=\"column-1\">Volume d\u2019air max. D\u00e9bit d\u2019air<\/td><td class=\"column-2\">M3\/h<\/td><td class=\"column-3\">300<\/td>\n<\/tr>\n<tr class=\"row-2\">\n\t<td class=\"column-1\">Diam\u00e8tre d\u2019entr\u00e9e\/de sortie<\/td><td class=\"column-2\">mm<\/td><td class=\"column-3\">50\/-<\/td>\n<\/tr>\n<tr class=\"row-3\">\n\t<td class=\"column-1\">Pression d\u2019air max. D\u00e9pression<\/td><td class=\"column-2\">Pa<\/td><td class=\"column-3\">21.000<\/td>\n<\/tr>\n<tr class=\"row-4\">\n\t<td class=\"column-1\">Puissance d\u2019entra\u00eenement<\/td><td class=\"column-2\">kW<\/td><td class=\"column-3\">2.2<\/td>\n<\/tr>\n<tr class=\"row-5\">\n\t<td class=\"column-1\">Contenu en eau<\/td><td class=\"column-2\">L<\/td><td class=\"column-3\">40<\/td>\n<\/tr>\n<tr class=\"row-6\">\n\t<td class=\"column-1\">R\u00e9servoir de collecte de volume<\/td><td class=\"column-2\">L<\/td><td class=\"column-3\">100<\/td>\n<\/tr>\n<tr class=\"row-7\">\n\t<td class=\"column-1\">Dimensions (L\/l\/h)<\/td><td class=\"column-2\">mm<\/td><td class=\"column-3\">1.260x630x1.560<\/td>\n<\/tr>\n<tr class=\"row-8\">\n\t<td class=\"column-1\">Poids (sans eau)<\/td><td class=\"column-2\">kg<\/td><td class=\"column-3\">130<\/td>\n<\/tr>\n<tr class=\"row-9\">\n\t<td class=\"column-1\">\u00c9missions sonores<\/td><td class=\"column-2\">dB(A)<\/td><td class=\"column-3\">68<\/td>\n<\/tr>\n<\/tbody>\n<\/table>\n\n\n<div class=\"wp-block-buttons is-content-justification-center is-layout-flex wp-container-core-buttons-is-layout-a89b3969 wp-block-buttons-is-layout-flex\">\n<div class=\"wp-block-button\"><a class=\"wp-block-button__link wp-element-button\" href=\"https:\/\/obera.fr\/wp-content\/uploads\/2025\/04\/brochure-na-2.2-de.pdf\">SHKARKONI FLET\u00cbN E PRODUKTIT<\/a><\/div>\n<\/div>\n\n<figure class=\"wp-block-table\"><table class=\"has-fixed-layout\"><tbody><tr><td>V\u00ebllimi maksimal i ajrit. Rrjedha e ajrit<\/td><td>M3\/h<\/td><td>300<\/td><\/tr><tr><td>Diametri i hyrjes\/daljes<\/td><td>mm<\/td><td>50\/-<\/td><\/tr><tr><td>Presioni maksimal i ajrit. Depresioni<\/td><td>Pa<\/td><td>21.000<\/td><\/tr><tr><td>Fuqia e makin\u00ebs<\/td><td>kW<\/td><td>2.2<\/td><\/tr><tr><td>P\u00ebrmbajtja e ujit<\/td><td>L<\/td><td>40<\/td><\/tr><tr><td>Depozita e mbledhjes s\u00eb v\u00ebllimit<\/td><td>L<\/td><td>100<\/td><\/tr><tr><td>Dimensionet (L\/W\/H)<\/td><td>mm<\/td><td>1.260x630x1.560<\/td><\/tr><tr><td>Pesha (pa uj\u00eb)<\/td><td>kg<\/td><td>130<\/td><\/tr><tr><td>Emetimet e z\u00ebrit<\/td><td>dB(A)<\/td><td>68<\/td><\/tr><\/tbody><\/table><\/figure>\n\n<div style=\"height:34px\" aria-hidden=\"true\" class=\"wp-block-spacer\"><\/div>\n\n<h2 class=\"wp-block-heading\">Cilat jan\u00eb avantazhet e kolektorit t\u00eb pluhurit t\u00eb lag\u00ebsht NA 2.2?<\/h2>\n\n<p>Kolektori i pluhurit t\u00eb lag\u00ebsht p\u00ebrdor teknologji filtrimi q\u00eb siguron dhe siguron cil\u00ebsin\u00eb optimale t\u00eb ajrit n\u00eb impiantet e prodhimit. P\u00ebrve\u00e7 mbrojtjes s\u00eb sh\u00ebndetit t\u00eb ekipeve tuaja, ju zvog\u00ebloni rreziqet e avarive dhe p\u00ebrkeq\u00ebsimit t\u00eb makinerive dhe pajisjeve tuaja.<\/p>\n\n<p>I l\u00ebvizsh\u00ebm dhe fleksib\u00ebl, fshesa e pluhurit t\u00eb lag\u00ebsht NA 2.2 \u00ebsht\u00eb e leht\u00eb p\u00ebr t&#8217;u manovruar me rrotat e saj q\u00eb rrotullohen but\u00ebsisht. \u00cbsht\u00eb i p\u00ebrshtatsh\u00ebm n\u00eb m\u00ebnyr\u00eb t\u00eb p\u00ebrkryer p\u00ebr ndryshime t\u00eb shpeshta t\u00eb vendndodhjes s\u00eb p\u00ebrdorimit p\u00ebr rehatin\u00eb m\u00eb t\u00eb madhe t\u00eb p\u00ebrdoruesve. Gjithashtu synon t\u00eb jet\u00eb kompakt me nj\u00eb sip\u00ebrfaqe t\u00eb vog\u00ebl.<\/p>\n\n<p>Kolektori i pluhurit t\u00eb lag\u00ebsht NA 2.2 mund t\u00eb kombinohet me pajisje t\u00eb tjera p\u00ebr t\u00eb ofruar komoditet maksimal t\u00eb p\u00ebrdorimit, si rregullimi automatik i nivelit t\u00eb ujit ose nj\u00eb valvul solenoid p\u00ebr t\u00eb furnizuar automatikisht pajisjen me uj\u00eb.<\/p>\n\n<div class=\"wp-block-columns is-layout-flex wp-container-core-columns-is-layout-28f84493 wp-block-columns-is-layout-flex\">\n<div class=\"wp-block-column is-layout-flow wp-block-column-is-layout-flow\" style=\"flex-basis:33.34%\">\n<h3 class=\"wp-block-heading\">P\u00ebrfitimet:<\/h3>\n\n\n\n<ul class=\"wp-block-list\">\n<li>I qet\u00eb dhe kompakt;<\/li>\n\n\n\n<li>Opsione fleksib\u00ebl p\u00ebrdorimi.<\/li>\n<\/ul>\n<\/div>\n\n\n\n<div class=\"wp-block-column is-layout-flow wp-block-column-is-layout-flow\" style=\"flex-basis:33.34%\">\n<h3 class=\"wp-block-heading\">Karakteristikat e ve\u00e7anta:<\/h3>\n\n\n\n<ul class=\"wp-block-list\">\n<li>Nxjerrja e pluhurit ngjit\u00ebs, i p\u00ebrshtatsh\u00ebm p\u00ebr procese pune me shk\u00ebndija fluturuese;<\/li>\n\n\n\n<li>E disponueshme si fshes\u00eb me korrent pastrimi.<\/li>\n<\/ul>\n\n\n\n<div style=\"height:26px\" aria-hidden=\"true\" class=\"wp-block-spacer\"><\/div>\n<\/div>\n\n\n\n<div class=\"wp-block-column is-layout-flow wp-block-column-is-layout-flow\" style=\"flex-basis:33.33%\">\n<h3 class=\"wp-block-heading\">Karakteristikat:<\/h3>\n\n\n\n<ul class=\"wp-block-list\">\n<li>Opsionale n\u00eb versionin <a href=\"https:\/\/obera.fr\/sq\/produits\/atex\/\" data-type=\"page\" data-id=\"372\">ATEX<\/a> ;<\/li>\n\n\n\n<li>E disponueshme n\u00eb \u00e7elik inox.<\/li>\n<\/ul>\n<\/div>\n<\/div>\n\n<div class=\"wp-block-buttons is-content-justification-center is-layout-flex wp-container-core-buttons-is-layout-a89b3969 wp-block-buttons-is-layout-flex\">\n<div class=\"wp-block-button\"><a class=\"wp-block-button__link wp-element-button\" href=\"https:\/\/obera.fr\/sq\/contact\/\">TESTO KOLLEKTORIN E PLUHURIT NA 2.2<\/a><\/div>\n<\/div>\n\n<div style=\"height:25px\" aria-hidden=\"true\" class=\"wp-block-spacer\"><\/div>\n\n<h2 class=\"wp-block-heading\">Mbledh\u00ebsit e tjer\u00eb t\u00eb l\u00ebvizsh\u00ebm t\u00eb pluhurit nga marka OberA<\/h2>\n\n<div class=\"wp-block-columns is-layout-flex wp-container-core-columns-is-layout-28f84493 wp-block-columns-is-layout-flex\">\n<div class=\"wp-block-column is-layout-flow wp-block-column-is-layout-flow\">\n<figure class=\"wp-block-image aligncenter size-medium\"><a href=\"https:\/\/obera.fr\/produits\/depoussiereurs-industriels\/mobiles\/srf-k\/\"><img decoding=\"async\" width=\"300\" height=\"300\" src=\"https:\/\/obera.fr\/wp-content\/uploads\/2020\/10\/SRF-K-SF-300x300.png\" alt=\"Srf K Sf\" class=\"wp-image-1309\" srcset=\"https:\/\/obera.fr\/wp-content\/uploads\/2020\/10\/SRF-K-SF-300x300.png 300w, https:\/\/obera.fr\/wp-content\/uploads\/2020\/10\/SRF-K-SF-150x150.png 150w, https:\/\/obera.fr\/wp-content\/uploads\/2020\/10\/SRF-K-SF.png 600w\" sizes=\"(max-width: 300px) 100vw, 300px\" \/><\/a><figcaption class=\"wp-element-caption\">SRF-K<\/figcaption><\/figure>\n<\/div>\n\n\n\n<div class=\"wp-block-column is-layout-flow wp-block-column-is-layout-flow\">\n<figure class=\"wp-block-image aligncenter size-medium\"><a href=\"https:\/\/obera.fr\/produits\/depoussiereurs-industriels\/mobiles\/aspiration-poussiere-dustomat-10\/\"><img decoding=\"async\" width=\"300\" height=\"300\" src=\"https:\/\/obera.fr\/wp-content\/uploads\/2020\/10\/extracteur-poussiere-mobile-DUSTOMAT-10-300x300.png\" alt=\"Dustomat 10 Mobile Dustheq&#xEB;s\" class=\"wp-image-1306\" srcset=\"https:\/\/obera.fr\/wp-content\/uploads\/2020\/10\/extracteur-poussiere-mobile-DUSTOMAT-10-300x300.png 300w, https:\/\/obera.fr\/wp-content\/uploads\/2020\/10\/extracteur-poussiere-mobile-DUSTOMAT-10-150x150.png 150w, https:\/\/obera.fr\/wp-content\/uploads\/2020\/10\/extracteur-poussiere-mobile-DUSTOMAT-10.png 600w\" sizes=\"(max-width: 300px) 100vw, 300px\" \/><\/a><figcaption class=\"wp-element-caption\">DUSTOMAT 10<\/figcaption><\/figure>\n<\/div>\n\n\n\n<div class=\"wp-block-column is-layout-flow wp-block-column-is-layout-flow\">\n<figure class=\"wp-block-image aligncenter size-medium\"><a href=\"https:\/\/obera.fr\/produits\/depoussiereurs-industriels\/mobiles\/extracteur-poussiere-pulverulente-dustomat-16m\/\"><img decoding=\"async\" width=\"300\" height=\"300\" src=\"https:\/\/obera.fr\/wp-content\/uploads\/2020\/10\/extracteur-poussiere-pulverulente-DUSTOMAT-16-300x300.png\" alt=\"Dustomat 16 Nxjerr&#xEB;s Pluhuri Pulverulent\" class=\"wp-image-1307\" srcset=\"https:\/\/obera.fr\/wp-content\/uploads\/2020\/10\/extracteur-poussiere-pulverulente-DUSTOMAT-16-300x300.png 300w, https:\/\/obera.fr\/wp-content\/uploads\/2020\/10\/extracteur-poussiere-pulverulente-DUSTOMAT-16-150x150.png 150w, https:\/\/obera.fr\/wp-content\/uploads\/2020\/10\/extracteur-poussiere-pulverulente-DUSTOMAT-16.png 600w\" sizes=\"(max-width: 300px) 100vw, 300px\" \/><\/a><figcaption class=\"wp-element-caption\">DUSTOMAT 16<\/figcaption><\/figure>\n<\/div>\n\n\n\n<div class=\"wp-block-column is-layout-flow wp-block-column-is-layout-flow\">\n<figure class=\"wp-block-image aligncenter size-medium\"><a href=\"https:\/\/obera.fr\/produits\/depoussiereurs-industriels\/mobiles\/extracteur-poussiere-dustomat-4\/\"><img decoding=\"async\" width=\"300\" height=\"300\" src=\"https:\/\/obera.fr\/wp-content\/uploads\/2023\/02\/dustomat-4-300x300.png\" alt=\"Dustomat 4 Nxjerr&#xEB;s pluhuri\" class=\"wp-image-19008\" srcset=\"https:\/\/obera.fr\/wp-content\/uploads\/2023\/02\/dustomat-4-300x300.png 300w, https:\/\/obera.fr\/wp-content\/uploads\/2023\/02\/dustomat-4-150x150.png 150w, https:\/\/obera.fr\/wp-content\/uploads\/2023\/02\/dustomat-4.png 500w\" sizes=\"(max-width: 300px) 100vw, 300px\" \/><\/a><figcaption class=\"wp-element-caption\">Dustomat 4<\/figcaption><\/figure>\n<\/div>\n<\/div>\n\n<div class=\"wp-block-columns is-layout-flex wp-container-core-columns-is-layout-28f84493 wp-block-columns-is-layout-flex\">\n<div class=\"wp-block-column is-layout-flow wp-block-column-is-layout-flow\">\n<figure class=\"wp-block-image aligncenter size-medium is-resized\"><a href=\"https:\/\/obera.fr\/produits\/depoussiereurs-industriels\/mobiles\/extracteur-de-poussiere-dustomat-dry\/#more-24274\"><img decoding=\"async\" width=\"300\" height=\"300\" src=\"https:\/\/obera.fr\/wp-content\/uploads\/2023\/09\/dustomat-dry-300x300.png\" alt=\"dustomat that&#xEB;\" class=\"wp-image-24355\" style=\"width:auto;height:250px\" srcset=\"https:\/\/obera.fr\/wp-content\/uploads\/2023\/09\/dustomat-dry-300x300.png 300w, https:\/\/obera.fr\/wp-content\/uploads\/2023\/09\/dustomat-dry-150x150.png 150w, https:\/\/obera.fr\/wp-content\/uploads\/2023\/09\/dustomat-dry.png 320w\" sizes=\"(max-width: 300px) 100vw, 300px\" \/><\/a><figcaption class=\"wp-element-caption\">DUSTOMAT THAT\u00cb<\/figcaption><\/figure>\n<\/div>\n\n\n\n<div class=\"wp-block-column is-layout-flow wp-block-column-is-layout-flow\"><\/div>\n<\/div>\n","protected":false},"excerpt":{"rendered":"<p>Zbuloni kolektorin e pluhurit t\u00eb lag\u00ebsht NA 2.2 p\u00ebr t\u00eb fshir\u00eb substancat ngjit\u00ebse dhe pluhurin me efekt drap\u00ebr t\u00eb krijuar n\u00eb punishtet tuaja. Kolektor i pluhurit t\u00eb lag\u00ebsht NA 2.2: funksionimi dhe p\u00ebrdorimi Sistemi i filtrimit t\u00eb kolektorit t\u00eb pluhurit t\u00eb lag\u00ebsht p\u00ebrdor parimin e forc\u00ebs centrifugale dhe p\u00ebrdor ujin si vektor filtrimi. Konkretisht, ajri i ngarkuar me grimca t\u00eb im\u00ebta dhe pluhur kapet n\u00eb kolektorin e pluhurit fal\u00eb ventilatorit t\u00eb integruar. Ajri m\u00eb pas ngopet me uj\u00eb nga grykat e sp\u00ebrkatjes, gj\u00eb q\u00eb lejon q\u00eb pluhuri t\u00eb grumbullohet dhe t\u00eb kapet m\u00eb leht\u00eb. P\u00ebr t\u00eb ndar\u00eb grimcat, ajri dhe &#8230; <\/p>\n<p class=\"read-more-container\"><a title=\"NA 2.2: kolektor i l\u00ebvizsh\u00ebm i pluhurit t\u00eb lag\u00ebsht\" class=\"read-more button\" href=\"https:\/\/obera.fr\/sq\/produits\/depoussiereurs-industriels\/mobiles\/na-2-2-depoussiereur-a-voie-humide\/#more-45492\" aria-label=\"Read more about NA 2.2: kolektor i l\u00ebvizsh\u00ebm i pluhurit t\u00eb lag\u00ebsht\">Lire la suite<\/a><\/p>\n","protected":false},"author":4,"featured_media":83732,"parent":46955,"menu_order":0,"comment_status":"closed","ping_status":"closed","template":"","meta":{"_acf_changed":false,"_seopress_robots_primary_cat":"","_seopress_titles_title":"","_seopress_titles_desc":"","_seopress_robots_index":"","footnotes":""},"class_list":{"0":"post-45492","1":"page","2":"type-page","3":"status-publish","4":"has-post-thumbnail","6":"no-featured-image-padding","7":"resize-featured-image"},"acf":[],"_links":{"self":[{"href":"https:\/\/obera.fr\/sq\/wp-json\/wp\/v2\/pages\/45492","targetHints":{"allow":["GET"]}}],"collection":[{"href":"https:\/\/obera.fr\/sq\/wp-json\/wp\/v2\/pages"}],"about":[{"href":"https:\/\/obera.fr\/sq\/wp-json\/wp\/v2\/types\/page"}],"author":[{"embeddable":true,"href":"https:\/\/obera.fr\/sq\/wp-json\/wp\/v2\/users\/4"}],"replies":[{"embeddable":true,"href":"https:\/\/obera.fr\/sq\/wp-json\/wp\/v2\/comments?post=45492"}],"version-history":[{"count":7,"href":"https:\/\/obera.fr\/sq\/wp-json\/wp\/v2\/pages\/45492\/revisions"}],"predecessor-version":[{"id":117317,"href":"https:\/\/obera.fr\/sq\/wp-json\/wp\/v2\/pages\/45492\/revisions\/117317"}],"up":[{"embeddable":true,"href":"https:\/\/obera.fr\/sq\/wp-json\/wp\/v2\/pages\/46955"}],"wp:featuredmedia":[{"embeddable":true,"href":"https:\/\/obera.fr\/sq\/wp-json\/wp\/v2\/media\/83732"}],"wp:attachment":[{"href":"https:\/\/obera.fr\/sq\/wp-json\/wp\/v2\/media?parent=45492"}],"curies":[{"name":"wp","href":"https:\/\/api.w.org\/{rel}","templated":true}]}}