{"id":45499,"date":"2024-04-05T23:11:29","date_gmt":"2024-04-05T21:11:29","guid":{"rendered":"https:\/\/obera.fr\/tifozet-e-shkarkimit-vargu-eurosog-rg-100-800\/"},"modified":"2025-11-15T17:25:30","modified_gmt":"2025-11-15T15:25:30","slug":"ventilateurs-aspiration-gamme-eurosog-rg-100-800","status":"publish","type":"page","link":"https:\/\/obera.fr\/sq\/produits\/aspirateurs-industriels\/ventilateurs-aspiration-gamme-eurosog-rg-100-800\/","title":{"rendered":"Tifoz\u00ebt e shkarkimit: vargu EUROSOG RG 100-800"},"content":{"rendered":"\n<p>Gama jon\u00eb e tifoz\u00ebve kompakt RG 100 deri n\u00eb RG 800 garanton nj\u00eb mjedis m\u00eb t\u00eb sh\u00ebndetsh\u00ebm duke thithur dhe nxitur ajrin e ndotur t\u00eb pranish\u00ebm n\u00eb hap\u00ebsirat tuaja t\u00eb pun\u00ebs.<\/p>\n\n<h2 class=\"wp-block-heading\">Seria RG: funksionimi dhe p\u00ebrdorimi i tifoz\u00ebve t\u00eb shkarkimit<\/h2>\n\n<div class=\"wp-block-columns is-layout-flex wp-container-core-columns-is-layout-28f84493 wp-block-columns-is-layout-flex\">\n<div class=\"wp-block-column is-layout-flow wp-block-column-is-layout-flow\" style=\"flex-basis:33.33%\">\n<figure class=\"wp-block-image size-full\"><img decoding=\"async\" width=\"600\" height=\"600\" src=\"https:\/\/obera.fr\/wp-content\/uploads\/2024\/04\/obera-ventilateur-aspiration-rg-300-400.jpg\" alt=\"Ventilator thith&#xEB;s obera rg 300 400\" class=\"wp-image-29437\" srcset=\"https:\/\/obera.fr\/wp-content\/uploads\/2024\/04\/obera-ventilateur-aspiration-rg-300-400.jpg 600w, https:\/\/obera.fr\/wp-content\/uploads\/2024\/04\/obera-ventilateur-aspiration-rg-300-400-300x300.jpg 300w, https:\/\/obera.fr\/wp-content\/uploads\/2024\/04\/obera-ventilateur-aspiration-rg-300-400-150x150.jpg 150w\" sizes=\"(max-width: 600px) 100vw, 600px\" \/><\/figure>\n<\/div>\n\n\n\n<div class=\"wp-block-column is-layout-flow wp-block-column-is-layout-flow\" style=\"flex-basis:66.66%\">\n<p>Ventilator\u00ebt e seris\u00eb RG (100, 200, 300, 400, 500, 600, 700, 800) jan\u00eb zgjidhje p\u00ebr nxjerrjen e pluhurit, tymrave industrial\u00eb dhe \u00e7do ndot\u00ebsi tjet\u00ebr t\u00eb gjeneruar nga nj\u00ebsit\u00eb tuaja t\u00eb prodhimit. Ato lejojn\u00eb qarkullimin e ajrit t\u00eb past\u00ebr dhe uljen e presionit. I gjithansh\u00ebm dhe kompakt, sistemi thith ajrin duke krijuar nj\u00eb vakum n\u00eb hyrjen e ventilatorit (rrotullimi i helik\u00ebs) duke p\u00ebrdorur nj\u00eb motor elektrik n\u00eb strehim. Strehimi kanalizon dhe shtyn ajrin e thithur drejt daljes (jasht\u00eb) p\u00ebr ta evakuuar at\u00eb nga hap\u00ebsira e pun\u00ebs. Seria RG ju lejon t\u00eb pastroni me fshes\u00eb me korrent nj\u00eb ose m\u00eb shum\u00eb stacione pune\/makineri n\u00eb t\u00eb nj\u00ebjt\u00ebn koh\u00eb.  <\/p>\n\n\n\n<p>P\u00ebr \u00e7far\u00eb p\u00ebrdorimi? K\u00ebto pajisje jan\u00eb ideale p\u00ebr t\u00eb gjitha llojet e industrive, ato jan\u00eb t\u00eb afta t\u00eb nxjerrin pluhur, gazra, aroma dhe tym. Ato mund t\u00eb pajisen me filtra p\u00ebr t\u00eb kapur grimcat e im\u00ebta.<\/p>\n\n\n\n<div class=\"wp-block-columns is-layout-flex wp-container-core-columns-is-layout-28f84493 wp-block-columns-is-layout-flex\">\n<div class=\"wp-block-column is-layout-flow wp-block-column-is-layout-flow\" style=\"flex-basis:30%\">\n<div class=\"wp-block-buttons is-layout-flex wp-block-buttons-is-layout-flex\">\n<div class=\"wp-block-button\"><a class=\"wp-block-button__link wp-element-button\" href=\"https:\/\/obera.fr\/wp-content\/uploads\/2025\/06\/brochure-rg-100-800-fr.pdf\">SHKARKONI BROSHUR\u00cbN<\/a><\/div>\n<\/div>\n<\/div>\n\n\n\n<div class=\"wp-block-column is-layout-flow wp-block-column-is-layout-flow\" style=\"flex-basis:30%\">\n<div class=\"wp-block-buttons is-layout-flex wp-block-buttons-is-layout-flex\">\n<div class=\"wp-block-button\"><a class=\"wp-block-button__link wp-element-button\" href=\"https:\/\/obera.fr\/sq\/contact\/\">KENI NEVOJ\u00cb P\u00cbR K\u00cbSHILL\u00cb T\u00cb PERSONALIZUARA?<\/a><\/div>\n<\/div>\n<\/div>\n\n\n\n<div class=\"wp-block-column is-layout-flow wp-block-column-is-layout-flow\" style=\"flex-basis:30%\">\n<div class=\"wp-block-buttons is-content-justification-center is-layout-flex wp-container-core-buttons-is-layout-a89b3969 wp-block-buttons-is-layout-flex\">\n<div class=\"wp-block-button btn-devis-source\"><a class=\"wp-block-button__link wp-element-button\" href=\"https:\/\/obera.fr\/sq\/devis\/\">K\u00ebrkes\u00eb p\u00ebr kuot\u00eb<\/a><\/div>\n<\/div>\n\n\n<script>\r\ndocument.addEventListener('DOMContentLoaded', function() {\r\n    \/\/ 1. On cherche le titre H1 de la page\r\n    var h1 = document.querySelector('h1');\r\n    var productTitle = h1 ? h1.innerText.trim() : \"\";\r\n\r\n    \/\/ 2. On cherche les boutons via la classe CSS .btn-devis-source\r\n    var buttons = document.querySelectorAll('.btn-devis-source a');\r\n\r\n    \/\/ 3. Si on a le titre et les boutons, on ajoute le param\u00e8tre\r\n    if (buttons.length > 0 && productTitle !== \"\") {\r\n        var encodedTitle = encodeURIComponent(productTitle);\r\n\r\n        buttons.forEach(function(btn) {\r\n            var currentHref = btn.getAttribute('href');\r\n            \r\n            \/\/ S\u00e9curit\u00e9 pour ne pas ajouter le param\u00e8tre 2 fois\r\n            if (currentHref.indexOf('sujet=') === -1) {\r\n                var separator = currentHref.indexOf('?') !== -1 ? '&' : '?';\r\n                var newLink = currentHref + separator + 'sujet=' + encodedTitle;\r\n                \r\n                btn.setAttribute('href', newLink);\r\n            }\r\n        });\r\n    }\r\n});\r\n<\/script><\/div>\n<\/div>\n<\/div>\n<\/div>\n\n<h2 class=\"wp-block-heading\">Cilat jan\u00eb karakteristikat teknike t\u00eb tifoz\u00ebve thith\u00ebs OberA?<\/h2>\n\n<p>Gama RG ofron disa performanca motor\u00ebsh q\u00eb variojn\u00eb nga 0.55 kW deri n\u00eb 7.5 kW. Kjo ju lejon t\u00eb gjeni modelin m\u00eb t\u00eb p\u00ebrshtatsh\u00ebm t\u00eb ventilatorit t\u00eb shkarkimit p\u00ebr zon\u00ebn tuaj.  <\/p>\n\n<p>P\u00ebr t&#8217;i rezistuar m\u00eb tej rreziqeve t\u00eb korrozionit dhe \u00e7do p\u00ebrkeq\u00ebsimi t\u00eb lidhur me pluhurin, ventilator\u00ebt jan\u00eb b\u00ebr\u00eb nga materiale t\u00eb forta dhe jan\u00eb t\u00eb disponuesh\u00ebm n\u00eb nj\u00eb version \u00e7eliku inox t\u00eb grad\u00ebs ushqimore p\u00ebr industrin\u00eb ushqimore (opsionale). Nj\u00eb tjet\u00ebr opsion i mundsh\u00ebm: nj\u00eb version kund\u00ebr shk\u00ebndijave p\u00ebr aktivitetet q\u00eb gjenerojn\u00eb pluhur t\u00eb ndezsh\u00ebm.<\/p>\n\n<blockquote class=\"wp-block-quote is-layout-flow wp-block-quote-is-layout-flow\">\n<p>Mir\u00eb p\u00ebr t\u2019u ditur: zgjidhjet tona t\u00eb nxjerrjes mund t\u00eb kombinohen me sistemet tona t\u00eb evakuimit me kapje. N\u00eb var\u00ebsi t\u00eb nevojave tuaja (lloji i ndot\u00ebsit, sip\u00ebrfaqja, sektori i aktivitetit), ne ju k\u00ebshillojm\u00eb p\u00ebr kombinimin m\u00eb t\u00eb mir\u00eb t\u00eb mundsh\u00ebm p\u00ebr t\u00eb garantuar nxjerrjen dhe rip\u00ebrt\u00ebritjen m\u00eb optimale t\u00eb mundshme t\u00eb ajrit.<\/p>\n<\/blockquote>\n\n<p>P\u00ebr sa i p\u00ebrket madh\u00ebsis\u00eb, ventilator\u00ebt RG 100 deri n\u00eb RG 800 k\u00ebrkojn\u00eb nj\u00eb sip\u00ebrfaqe t\u00eb vog\u00ebl: nga Gjat\u00ebsia 535 x Gjer\u00ebsia 450 x Lart\u00ebsia 480 p\u00ebr versionin m\u00eb kompakt deri n\u00eb Gjat\u00ebsia 820 x Gjer\u00ebsia 1,000 x Lart\u00ebsia 1,198 p\u00ebr modelin m\u00eb t\u00eb madh, ato mbeten pajisje q\u00eb k\u00ebrkojn\u00eb pak hap\u00ebsir\u00eb. P\u00ebr rehatin\u00eb e punonj\u00ebsve, ato ofrojn\u00eb gjithashtu nj\u00eb nivel t\u00eb ul\u00ebt zhurme prej 83 dB(A) deri n\u00eb 84 dB(A).<\/p>\n\n<h3 class=\"wp-block-heading has-text-align-center\">INDUSTRIT\u00cb<\/h3>\n\n<div class=\"wp-block-columns is-layout-flex wp-container-core-columns-is-layout-28f84493 wp-block-columns-is-layout-flex\">\n<div class=\"wp-block-column is-layout-flow wp-block-column-is-layout-flow\">\n<hr class=\"wp-block-separator has-alpha-channel-opacity\"\/>\n\n\n\n<div class=\"wp-block-columns is-layout-flex wp-container-core-columns-is-layout-28f84493 wp-block-columns-is-layout-flex\">\n<div class=\"wp-block-column is-layout-flow wp-block-column-is-layout-flow\">\n<figure class=\"wp-block-image aligncenter size-thumbnail is-resized\"><img decoding=\"async\" width=\"150\" height=\"150\" src=\"https:\/\/obera.fr\/wp-content\/uploads\/2022\/02\/Textile-150x150.png\" alt=\"tekstile\" class=\"wp-image-8855\"\/><figcaption class=\"wp-element-caption\">Tekstile<\/figcaption><\/figure>\n\n\n\n<figure class=\"wp-block-image aligncenter size-thumbnail is-resized\"><img decoding=\"async\" width=\"150\" height=\"150\" src=\"https:\/\/obera.fr\/wp-content\/uploads\/2022\/02\/Plastique-150x150.png\" alt=\"plastike\" class=\"wp-image-8854\"\/><figcaption class=\"wp-element-caption\">Plastike<\/figcaption><\/figure>\n<\/div>\n\n\n\n<div class=\"wp-block-column is-layout-flow wp-block-column-is-layout-flow\">\n<figure class=\"wp-block-image aligncenter size-thumbnail is-resized\"><img decoding=\"async\" width=\"150\" height=\"150\" src=\"https:\/\/obera.fr\/wp-content\/uploads\/2022\/02\/MINERAIS-150x150.png\" alt=\"xeheroret\" class=\"wp-image-8847\"\/><figcaption class=\"wp-element-caption\">Ores<\/figcaption><\/figure>\n\n\n\n<figure class=\"wp-block-image aligncenter size-thumbnail is-resized\"><img decoding=\"async\" width=\"150\" height=\"150\" src=\"https:\/\/obera.fr\/wp-content\/uploads\/2022\/02\/Metalurgie-150x150.png\" alt=\"metalurgjis&#xEB;\" class=\"wp-image-8857\"\/><figcaption class=\"wp-element-caption\">Metalurgji<\/figcaption><\/figure>\n\n\n\n<figure class=\"wp-block-image aligncenter size-thumbnail is-resized\"><img decoding=\"async\" width=\"150\" height=\"150\" src=\"https:\/\/obera.fr\/wp-content\/uploads\/2023\/02\/sans-titre-2023-02-14t102211.641-150x150.png\" alt=\"Bujq&#xEB;sia\" class=\"wp-image-18828\"\/><figcaption class=\"wp-element-caption\">Bujq\u00ebsia<\/figcaption><\/figure>\n<\/div>\n<\/div>\n<\/div>\n\n\n\n<div class=\"wp-block-column is-layout-flow wp-block-column-is-layout-flow\">\n<hr class=\"wp-block-separator has-alpha-channel-opacity\"\/>\n\n\n\n<div class=\"wp-block-columns is-layout-flex wp-container-core-columns-is-layout-28f84493 wp-block-columns-is-layout-flex\">\n<div class=\"wp-block-column is-layout-flow wp-block-column-is-layout-flow\">\n<figure class=\"wp-block-image aligncenter size-thumbnail is-resized\"><img decoding=\"async\" width=\"150\" height=\"150\" src=\"https:\/\/obera.fr\/wp-content\/uploads\/2022\/02\/Chimie-150x150.png\" alt=\"kimis&#xEB;\" class=\"wp-image-8846\"\/><figcaption class=\"wp-element-caption\">Kimia<\/figcaption><\/figure>\n\n\n\n<figure class=\"wp-block-image aligncenter size-thumbnail is-resized\"><img decoding=\"async\" width=\"150\" height=\"150\" src=\"https:\/\/obera.fr\/wp-content\/uploads\/2022\/02\/Travail-du-bois-150x150.png\" alt=\"punimin e drurit\" class=\"wp-image-8856\"\/><figcaption class=\"wp-element-caption\">Punim druri<\/figcaption><\/figure>\n\n\n\n<figure class=\"wp-block-image aligncenter size-thumbnail is-resized\"><img decoding=\"async\" width=\"150\" height=\"150\" src=\"https:\/\/obera.fr\/wp-content\/uploads\/2023\/02\/sans-titre-2023-02-14t101920.185-150x150.png\" alt=\"Aviacioni\" class=\"wp-image-18831\"\/><figcaption class=\"wp-element-caption\">Aviacioni<\/figcaption><\/figure>\n<\/div>\n\n\n\n<div class=\"wp-block-column is-layout-flow wp-block-column-is-layout-flow\">\n<figure class=\"wp-block-image aligncenter size-thumbnail is-resized\"><img decoding=\"async\" width=\"150\" height=\"150\" src=\"https:\/\/obera.fr\/wp-content\/uploads\/2022\/02\/AGROALIMENTAIRE-150x150.png\" alt=\"agro-ushqimore\" class=\"wp-image-8844\"\/><figcaption class=\"wp-element-caption\">Agro-ushqimore<\/figcaption><\/figure>\n\n\n\n<figure class=\"wp-block-image aligncenter size-thumbnail is-resized\"><img decoding=\"async\" width=\"150\" height=\"150\" src=\"https:\/\/obera.fr\/wp-content\/uploads\/2022\/02\/Papier-carton-150x150.png\" alt=\"let&#xEB;r kartoni\" class=\"wp-image-8853\"\/><figcaption class=\"wp-element-caption\">Let\u00ebr\/Karton<\/figcaption><\/figure>\n\n\n\n<figure class=\"wp-block-image aligncenter size-thumbnail is-resized\"><img decoding=\"async\" width=\"150\" height=\"150\" src=\"https:\/\/obera.fr\/wp-content\/uploads\/2023\/02\/sans-titre-2023-02-14t101712.416-150x150.png\" alt=\"Automobilistik&#xEB;\" class=\"wp-image-18834\"\/><figcaption class=\"wp-element-caption\">Automobilistik\u00eb<\/figcaption><\/figure>\n<\/div>\n<\/div>\n<\/div>\n<\/div>\n\n<figure class=\"wp-block-table\"><table class=\"has-fixed-layout\"><thead><tr><th><br\/>100<\/th><th>200<\/th><th>300<\/th><th>400<\/th><th>500<\/th><th>600<\/th><th>700<\/th><th>800<\/th><\/tr><\/thead><tbody><tr><td>Shpejt\u00ebsia maksimale e prurjes m3\/h<\/td><td>1.000<\/td><td>2.000<\/td><td>3.000<\/td><td>3.200<\/td><td>4.000<\/td><td>5.5000<\/td><td>7.000<\/td><td>8.000<\/td><\/tr><tr><td>Diametri i lidhjes \/ daljes mm<\/td><td>100<\/td><td>150<\/td><td>180<\/td><td>250\/315<\/td><td>250\/315<\/td><td>315\/355<\/td><td>315\/400<\/td><td>355\/400<\/td><\/tr><tr><td>Depresioni maksimal Pa<\/td><td>1.400<\/td><td>1.600<\/td><td>2.300<\/td><td>3.150<\/td><td>3.400<\/td><td>3.400<\/td><td>3.400<\/td><td>3.950<\/td><\/tr><tr><td>Tensioni i furnizimit V<\/td><td>400<\/td><td>400<\/td><td>400<\/td><td>400<\/td><td>400<\/td><td>400<\/td><td>400<\/td><td>400<\/td><\/tr><tr><td>Fuqia kW<\/td><td>0.5<\/td><td>1.1<\/td><td>2.2<\/td><td>3.0<\/td><td>4.0<\/td><td>5.5<\/td><td>5.5<\/td><td>7.5<\/td><\/tr><tr><td>Dimensionet (L\/W\/H)<\/td><td>535x450x480<\/td><td>595x520x555<\/td><td>640x535x610<\/td><td>711x700x1.012<\/td><td>711x700x1.012<\/td><td>737x700x1.062<\/td><td>762x700x1.062<\/td><td>820&#215;1.000&#215;1.198<\/td><\/tr><tr><td>Niveli i z\u00ebrit dB(A)<\/td><td>80<\/td><td>82<\/td><td>84<\/td><td>84<\/td><td>84<\/td><td>84<\/td><td>83<\/td><td>84<\/td><\/tr><\/tbody><\/table><\/figure>\n\n<div class=\"wp-block-buttons is-content-justification-center is-layout-flex wp-container-core-buttons-is-layout-a89b3969 wp-block-buttons-is-layout-flex\">\n<div class=\"wp-block-button\"><a class=\"wp-block-button__link wp-element-button\" href=\"https:\/\/obera.fr\/wp-content\/uploads\/2024\/04\/obera_brochure-rg-100-800-fr.pdf\">SHKARKONI FLET\u00cbN E PRODUKTIT<\/a><\/div>\n<\/div>\n\n<h2 class=\"wp-block-heading\">P\u00ebrqendrohuni n\u00eb avantazhet e tifoz\u00ebve RG 100 n\u00eb RG 800<\/h2>\n\n<p>P\u00ebrfitimet jan\u00eb kryesisht njer\u00ebzore, pasi \u00ebsht\u00eb nj\u00eb zgjidhje q\u00eb p\u00ebrmir\u00ebson ndjesh\u00ebm cil\u00ebsin\u00eb e ajrit dhe sigurin\u00eb e ekipeve tuaja. Gjithashtu, p\u00ebr komoditetin e pun\u00ebtor\u00ebve, niveli i zhurm\u00ebs mbetet i ul\u00ebt p\u00ebr t\u00eb garantuar produktivitetin e punonj\u00ebsve.  <\/p>\n\n<p>Nxjerrja e mir\u00eb e pluhurit dhe tymit gjithashtu ndihmon n\u00eb reduktimin e rrezikut t\u00eb zjarrit dhe shp\u00ebrthimit, i cili mund t\u00eb shkaktohet kur pluhuri bie n\u00eb kontakt me shk\u00ebndija ose bllokon makinat e prodhimit.<\/p>\n\n<p>S\u00eb fundi, pavar\u00ebsisht dizajnit t\u00eb tyre kompakt, tifoz\u00ebt thith\u00ebs t\u00eb gam\u00ebs RG jan\u00eb t\u00eb gjith\u00eb efikas dhe p\u00ebrfaq\u00ebsojn\u00eb nj\u00eb investim t\u00eb ul\u00ebt p\u00ebr t\u00eb p\u00ebrfituar nga ajri i past\u00ebr n\u00eb punishtet tuaja.<\/p>\n\n<div class=\"wp-block-columns is-layout-flex wp-container-core-columns-is-layout-28f84493 wp-block-columns-is-layout-flex\">\n<div class=\"wp-block-column is-layout-flow wp-block-column-is-layout-flow\" style=\"flex-basis:33.34%\">\n<h3 class=\"wp-block-heading\">P\u00ebrfitimet:<\/h3>\n\n\n\n<ul class=\"wp-block-list\">\n<li>Kostot e ul\u00ebta operative;<\/li>\n\n\n\n<li>Nd\u00ebrtim i fort\u00eb.<\/li>\n<\/ul>\n<\/div>\n\n\n\n<div class=\"wp-block-column is-layout-flow wp-block-column-is-layout-flow\" style=\"flex-basis:33.34%\">\n<h3 class=\"wp-block-heading\">Karakteristikat e ve\u00e7anta:<\/h3>\n\n\n\n<ul class=\"wp-block-list\">\n<li>Dizajn kompakt;<\/li>\n\n\n\n<li>Fshir\u00ebs me korrent t\u00eb nj\u00eb ose m\u00eb shum\u00eb stacioneve t\u00eb pun\u00ebs ose makinerive;<\/li>\n\n\n\n<li>Kombinim i mundsh\u00ebm me nj\u00eb kolektor pluhuri ose sistem evakuimi t\u00eb kapjes.<\/li>\n<\/ul>\n<\/div>\n\n\n\n<div class=\"wp-block-column is-layout-flow wp-block-column-is-layout-flow\" style=\"flex-basis:33.33%\">\n<h3 class=\"wp-block-heading\">Karakteristikat:<\/h3>\n\n\n\n<ul class=\"wp-block-list\">\n<li>Gama e gjer\u00eb e performanc\u00ebs s\u00eb motorit p\u00ebr t&#8217;iu p\u00ebrshtatur nevojave industriale;<\/li>\n\n\n\n<li>Opsionale: \u00e7elik inox i kategoris\u00eb ushqimore, rrym\u00eb alternative (RG 100 dhe RG 200), motor i majt\u00eb, diamet\u00ebr i ndryshuesh\u00ebm i daljes, kuti thith\u00ebse e z\u00ebrit dhe rezistente ndaj ujit p\u00ebr instalim n\u00eb natyr\u00eb.<\/li>\n<\/ul>\n<\/div>\n<\/div>\n\n<div class=\"wp-block-buttons is-horizontal is-content-justification-center is-layout-flex wp-container-core-buttons-is-layout-03627597 wp-block-buttons-is-layout-flex\">\n<div class=\"wp-block-button has-custom-width wp-block-button__width-100\"><a class=\"wp-block-button__link wp-element-button\" href=\"https:\/\/obera.fr\/sq\/na-kontaktoni\/\">M\u00ebsoni m\u00eb shum\u00eb<\/a><\/div>\n<\/div>\n\n<h2 class=\"wp-block-heading\">Fshes\u00eb me korrent t\u00eb tjera industriale n\u00eb gam\u00eb<\/h2>\n\n<div class=\"wp-block-columns is-layout-flex wp-container-core-columns-is-layout-28f84493 wp-block-columns-is-layout-flex\">\n<div class=\"wp-block-column is-layout-flow wp-block-column-is-layout-flow\">\n<figure class=\"wp-block-image aligncenter size-full is-resized\"><img decoding=\"async\" width=\"566\" height=\"671\" src=\"https:\/\/obera.fr\/wp-content\/uploads\/2024\/10\/w2-xr-2.png\" alt=\"Fshes&#xEB; me korrent industrial\" class=\"wp-image-35431\" style=\"aspect-ratio:1;object-fit:cover;width:282px;height:auto\" srcset=\"https:\/\/obera.fr\/wp-content\/uploads\/2024\/10\/w2-xr-2.png 566w, https:\/\/obera.fr\/wp-content\/uploads\/2024\/10\/w2-xr-2-253x300.png 253w\" sizes=\"(max-width: 566px) 100vw, 566px\" \/><figcaption class=\"wp-element-caption\">W2 XR<\/figcaption><\/figure>\n<\/div>\n\n\n\n<div class=\"wp-block-column is-layout-flow wp-block-column-is-layout-flow\">\n<figure class=\"wp-block-image aligncenter size-full is-resized\"><img decoding=\"async\" width=\"711\" height=\"622\" src=\"https:\/\/obera.fr\/wp-content\/uploads\/2024\/10\/w2.png\" alt=\"Fshes&#xEB; me korrent industrial\" class=\"wp-image-35424\" style=\"object-fit:cover;width:300px;height:300px\" srcset=\"https:\/\/obera.fr\/wp-content\/uploads\/2024\/10\/w2.png 711w, https:\/\/obera.fr\/wp-content\/uploads\/2024\/10\/w2-300x262.png 300w\" sizes=\"(max-width: 711px) 100vw, 711px\" \/><figcaption class=\"wp-element-caption\">W2<\/figcaption><\/figure>\n<\/div>\n\n\n\n<div class=\"wp-block-column is-layout-flow wp-block-column-is-layout-flow\">\n<figure class=\"wp-block-image aligncenter size-full is-resized\"><img decoding=\"async\" width=\"658\" height=\"652\" src=\"https:\/\/obera.fr\/wp-content\/uploads\/2024\/10\/w3.png\" alt=\"w3\" class=\"wp-image-35427\" style=\"object-fit:cover;width:300px;height:300px\" srcset=\"https:\/\/obera.fr\/wp-content\/uploads\/2024\/10\/w3.png 658w, https:\/\/obera.fr\/wp-content\/uploads\/2024\/10\/w3-300x297.png 300w, https:\/\/obera.fr\/wp-content\/uploads\/2024\/10\/w3-150x150.png 150w, https:\/\/obera.fr\/wp-content\/uploads\/2024\/10\/w3-24x24.png 24w, https:\/\/obera.fr\/wp-content\/uploads\/2024\/10\/w3-48x48.png 48w, https:\/\/obera.fr\/wp-content\/uploads\/2024\/10\/w3-96x96.png 96w\" sizes=\"(max-width: 658px) 100vw, 658px\" \/><figcaption class=\"wp-element-caption\">W3<\/figcaption><\/figure>\n<\/div>\n<\/div>\n\n<p><\/p>\n","protected":false},"excerpt":{"rendered":"<p>Gama jon\u00eb e tifoz\u00ebve kompakt RG 100 deri n\u00eb RG 800 garanton nj\u00eb mjedis m\u00eb t\u00eb sh\u00ebndetsh\u00ebm duke thithur dhe nxitur ajrin e ndotur t\u00eb pranish\u00ebm n\u00eb hap\u00ebsirat tuaja t\u00eb pun\u00ebs. Seria RG: funksionimi dhe p\u00ebrdorimi i tifoz\u00ebve t\u00eb shkarkimit Ventilator\u00ebt e seris\u00eb RG (100, 200, 300, 400, 500, 600, 700, 800) jan\u00eb zgjidhje p\u00ebr nxjerrjen e pluhurit, tymrave industrial\u00eb dhe \u00e7do ndot\u00ebsi tjet\u00ebr t\u00eb gjeneruar nga nj\u00ebsit\u00eb tuaja t\u00eb prodhimit. Ato lejojn\u00eb qarkullimin e ajrit t\u00eb past\u00ebr dhe uljen e presionit. I gjithansh\u00ebm dhe kompakt, sistemi thith ajrin duke krijuar nj\u00eb vakum n\u00eb hyrjen e ventilatorit (rrotullimi i helik\u00ebs) &#8230; <\/p>\n<p class=\"read-more-container\"><a title=\"Tifoz\u00ebt e shkarkimit: vargu EUROSOG RG 100-800\" class=\"read-more button\" href=\"https:\/\/obera.fr\/sq\/produits\/aspirateurs-industriels\/ventilateurs-aspiration-gamme-eurosog-rg-100-800\/#more-45499\" aria-label=\"Read more about Tifoz\u00ebt e shkarkimit: vargu EUROSOG RG 100-800\">Lire la suite<\/a><\/p>\n","protected":false},"author":4,"featured_media":83732,"parent":48429,"menu_order":0,"comment_status":"closed","ping_status":"closed","template":"","meta":{"_acf_changed":false,"_seopress_robots_primary_cat":"","_seopress_titles_title":"Ventilator\u00eb me thithje EUROSOG RG - OberA","_seopress_titles_desc":"Zbuloni nj\u00ebsit\u00eb e aspirimit RG 100 deri n\u00eb RG 800. T\u00eb dizajnuara dhe kompakte, ato jan\u00eb projektuar p\u00ebr t\u00eb p\u00ebrmir\u00ebsuar ndjesh\u00ebm cil\u00ebsin\u00eb e ajrit n\u00ebp\u00ebrmjet nxjerrjes s\u00eb pluhurave, er\u00ebrave, tymrave dhe gazeve.","_seopress_robots_index":"","footnotes":""},"class_list":{"0":"post-45499","1":"page","2":"type-page","3":"status-publish","4":"has-post-thumbnail","6":"no-featured-image-padding","7":"resize-featured-image"},"acf":[],"_links":{"self":[{"href":"https:\/\/obera.fr\/sq\/wp-json\/wp\/v2\/pages\/45499","targetHints":{"allow":["GET"]}}],"collection":[{"href":"https:\/\/obera.fr\/sq\/wp-json\/wp\/v2\/pages"}],"about":[{"href":"https:\/\/obera.fr\/sq\/wp-json\/wp\/v2\/types\/page"}],"author":[{"embeddable":true,"href":"https:\/\/obera.fr\/sq\/wp-json\/wp\/v2\/users\/4"}],"replies":[{"embeddable":true,"href":"https:\/\/obera.fr\/sq\/wp-json\/wp\/v2\/comments?post=45499"}],"version-history":[{"count":7,"href":"https:\/\/obera.fr\/sq\/wp-json\/wp\/v2\/pages\/45499\/revisions"}],"predecessor-version":[{"id":132939,"href":"https:\/\/obera.fr\/sq\/wp-json\/wp\/v2\/pages\/45499\/revisions\/132939"}],"up":[{"embeddable":true,"href":"https:\/\/obera.fr\/sq\/wp-json\/wp\/v2\/pages\/48429"}],"wp:featuredmedia":[{"embeddable":true,"href":"https:\/\/obera.fr\/sq\/wp-json\/wp\/v2\/media\/83732"}],"wp:attachment":[{"href":"https:\/\/obera.fr\/sq\/wp-json\/wp\/v2\/media?parent=45499"}],"curies":[{"name":"wp","href":"https:\/\/api.w.org\/{rel}","templated":true}]}}