{"id":46157,"date":"2022-11-23T11:48:48","date_gmt":"2022-11-23T09:48:48","guid":{"rendered":"https:\/\/obera.fr\/dustomat-hydro-kolektor-i-fiksuar-i-pluhurit-te-lagesht\/"},"modified":"2025-11-15T17:22:11","modified_gmt":"2025-11-15T15:22:11","slug":"depoussiereur-a-voie-humide-dustomat-hydro","status":"publish","type":"page","link":"https:\/\/obera.fr\/sq\/produits\/depoussiereurs-industriels\/fixes\/depoussiereur-a-voie-humide-dustomat-hydro\/","title":{"rendered":"DUSTOMAT HYDRO: kolektor i fiksuar i pluhurit t\u00eb lag\u00ebsht"},"content":{"rendered":"\n<p>Zbuloni gam\u00ebn ton\u00eb t\u00eb <strong>kolektor\u00ebve t\u00eb pluhurit t\u00eb lag\u00ebsht DUSTOMAT HYDRO<\/strong> q\u00eb kombinojn\u00eb performanc\u00ebn dhe efikasitetin p\u00ebr nxjerrjen e substancave shum\u00eb t\u00eb ndezshme.<\/p>\n\n<h2 class=\"wp-block-heading\">Kolektori industrial i pluhurit DUSTOMAT HYDRO: si funksionon dhe si p\u00ebrdoret?<\/h2>\n\n<div class=\"wp-block-columns is-layout-flex wp-container-core-columns-is-layout-28f84493 wp-block-columns-is-layout-flex\">\n<div class=\"wp-block-column is-layout-flow wp-block-column-is-layout-flow\" style=\"flex-basis:33.33%\">\n<figure class=\"wp-block-image aligncenter size-full is-resized\"><img decoding=\"async\" width=\"600\" height=\"600\" src=\"https:\/\/obera.fr\/wp-content\/uploads\/2022\/11\/dustomat-hydro-1.png\" alt=\"dustomat hidro 1\" class=\"wp-image-15989\" style=\"width:300px;height:300px\" srcset=\"https:\/\/obera.fr\/wp-content\/uploads\/2022\/11\/dustomat-hydro-1.png 600w, https:\/\/obera.fr\/wp-content\/uploads\/2022\/11\/dustomat-hydro-1-300x300.png 300w, https:\/\/obera.fr\/wp-content\/uploads\/2022\/11\/dustomat-hydro-1-150x150.png 150w\" sizes=\"(max-width: 600px) 100vw, 600px\" \/><\/figure>\n<\/div>\n\n\n\n<div class=\"wp-block-column is-vertically-aligned-center is-layout-flow wp-block-column-is-layout-flow\" style=\"flex-basis:66.66%\">\n<p>Forca kryesore e seris\u00eb DUSTOMAT HYDRO q\u00ebndron n\u00eb nj\u00eb <strong>teknologji inovative ndarjeje me shum\u00eb nivele p\u00ebr kapjen e pluhurave dhe shk\u00ebndijave<\/strong>. Ajri i ndotur thithet nga nj\u00eb ventilator i integruar n\u00eb pastruesin e pluhurit. Shpejt\u00ebsia e ajrit reduktohet, gj\u00eb q\u00eb lejon grimcat e r\u00ebnda t\u00eb bien n\u00eb nj\u00eb kazan grumbullimi: ky \u00ebsht\u00eb hapi i par\u00eb i para-ndarjes s\u00eb grimcave. Ajri m\u00eb pas kalon n\u00eb nj\u00eb <strong>hidrociklon<\/strong> q\u00eb shfryt\u00ebzon forc\u00ebn centrifugale p\u00ebr t\u00eb ndar\u00eb grimcat e im\u00ebta nga uji. K\u00ebto grimca kapen n\u00eb uj\u00eb dhe shk\u00ebndijat ftohen p\u00ebr t&#8217;i b\u00ebr\u00eb t\u00eb pad\u00ebmshme. N\u00eb fund, nj\u00eb hap i fundit filtrimi mund\u00ebson kapjen e grimcave t\u00eb fundit t\u00eb im\u00ebta p\u00ebr t\u00eb nxjerr\u00eb aj\u00ebr t\u00eb past\u00ebr. Kjo teknologji filtrimi garanton nj\u00eb efikasitet t\u00eb lart\u00eb ndarjeje deri n\u00eb 99,995%.<\/p>\n\n\n\n<p>P\u00ebr \u00e7far\u00eb p\u00ebrdorimesh? <strong>Ndar\u00ebsit me rrug\u00eb t\u00eb lag\u00ebsht<\/strong> t\u00eb seris\u00eb DUSTOMAT HYDRO jan\u00eb projektuar p\u00ebr nxjerrjen e substancave shum\u00eb t\u00eb ndezshme ose n\u00eb proceset e pun\u00ebs me shk\u00ebndija. Ata jan\u00eb t\u00eb p\u00ebrshtatsh\u00ebm p\u00ebr sistemet e nxjerrjes me nj\u00eb ose m\u00eb shum\u00eb stacione p\u00ebr pluhurat metalik\u00eb, p\u00ebr shembull gjat\u00eb <strong>bluarjes<\/strong>, <strong>fur\u00e7imit<\/strong> dhe <strong>lustrimit<\/strong>. DUSTOMAT HYDRO \u00ebsht\u00eb gjithashtu n\u00eb p\u00ebrputhje me standardin ATEX p\u00ebr p\u00ebrdorim efikas dhe t\u00eb sigurt n\u00eb mjedise shp\u00ebrthyese. N\u00eb fakt, k\u00ebta <a href=\"https:\/\/obera.fr\/sq\/produits\/depoussiereurs-industriels\/fixes\/\" data-type=\"page\" data-id=\"389\">pastrues pluhuri fiks<\/a> me rrug\u00eb t\u00eb lag\u00ebsht jan\u00eb shum\u00eb t\u00eb k\u00ebrkuar n\u00eb <strong>industrin\u00eb metalurgjike<\/strong>, <strong>kimike<\/strong>, <strong>ushqimore<\/strong> ose edhe n\u00eb <strong>industrin\u00eb e drurit dhe artizanatit<\/strong>.<\/p>\n\n\n\n<div class=\"wp-block-columns is-layout-flex wp-container-core-columns-is-layout-28f84493 wp-block-columns-is-layout-flex\">\n<div class=\"wp-block-column is-layout-flow wp-block-column-is-layout-flow\" style=\"flex-basis:33.33%\">\n<div class=\"wp-block-buttons is-layout-flex wp-block-buttons-is-layout-flex\">\n<div class=\"wp-block-button\"><a class=\"wp-block-button__link wp-element-button\" href=\"https:\/\/obera.fr\/wp-content\/uploads\/2025\/04\/brochure-dustomat-hydro-fr.pdf\">SHKARKONI BROSHUR\u00cbN<\/a><\/div>\n<\/div>\n<\/div>\n\n\n\n<div class=\"wp-block-column is-layout-flow wp-block-column-is-layout-flow\" style=\"flex-basis:33.34%\">\n<div class=\"wp-block-buttons is-horizontal is-content-justification-center is-layout-flex wp-container-core-buttons-is-layout-03627597 wp-block-buttons-is-layout-flex\">\n<div class=\"wp-block-button has-custom-width wp-block-button__width-100\"><a class=\"wp-block-button__link wp-element-button\" href=\"https:\/\/obera.fr\/sq\/na-kontaktoni\/\">M\u00ebsoni m\u00eb shum\u00eb<\/a><\/div>\n<\/div>\n<\/div>\n\n\n\n<div class=\"wp-block-column is-layout-flow wp-block-column-is-layout-flow\" style=\"flex-basis:33.34%\">\n<div class=\"wp-block-buttons is-content-justification-center is-layout-flex wp-container-core-buttons-is-layout-a89b3969 wp-block-buttons-is-layout-flex\">\n<div class=\"wp-block-button btn-devis-source\"><a class=\"wp-block-button__link wp-element-button\" href=\"https:\/\/obera.fr\/sq\/devis\/\">K\u00ebrkes\u00eb p\u00ebr kuot\u00eb<\/a><\/div>\n<\/div>\n\n\n<script>\r\ndocument.addEventListener('DOMContentLoaded', function() {\r\n    \/\/ 1. On cherche le titre H1 de la page\r\n    var h1 = document.querySelector('h1');\r\n    var productTitle = h1 ? h1.innerText.trim() : \"\";\r\n\r\n    \/\/ 2. On cherche les boutons via la classe CSS .btn-devis-source\r\n    var buttons = document.querySelectorAll('.btn-devis-source a');\r\n\r\n    \/\/ 3. Si on a le titre et les boutons, on ajoute le param\u00e8tre\r\n    if (buttons.length > 0 && productTitle !== \"\") {\r\n        var encodedTitle = encodeURIComponent(productTitle);\r\n\r\n        buttons.forEach(function(btn) {\r\n            var currentHref = btn.getAttribute('href');\r\n            \r\n            \/\/ S\u00e9curit\u00e9 pour ne pas ajouter le param\u00e8tre 2 fois\r\n            if (currentHref.indexOf('sujet=') === -1) {\r\n                var separator = currentHref.indexOf('?') !== -1 ? '&' : '?';\r\n                var newLink = currentHref + separator + 'sujet=' + encodedTitle;\r\n                \r\n                btn.setAttribute('href', newLink);\r\n            }\r\n        });\r\n    }\r\n});\r\n<\/script><\/div>\n<\/div>\n<\/div>\n<\/div>\n\n<div style=\"height:30px\" aria-hidden=\"true\" class=\"wp-block-spacer\"><\/div>\n\n<h2 class=\"wp-block-heading\">Karakteristikat e kolektor\u00ebve t\u00eb pluhurit t\u00eb lag\u00ebsht DUSTOMAT HYDRO<\/h2>\n\n<p>Seria DUSTOMAT HYDRO ka <strong>4 modele pastruesish pluhuri<\/strong> me rrug\u00eb t\u00eb lag\u00ebsht me nj\u00eb fuqi q\u00eb varion nga nj\u00eb <strong>fluks prej 2.300 deri n\u00eb 10.000 m3\/h<\/strong>. T\u00eb gjith\u00eb ofrojn\u00eb nj\u00eb gam\u00eb t\u00eb gjer\u00eb aplikimesh p\u00ebr nxjerrjen e tallashit metalik, tymrave t\u00eb saldimit, pluhurave t\u00eb aluminit, \u00e7elikut, titanit, thithjen e materialeve shp\u00ebrthyese (n\u00eb p\u00ebrputhje me <a href=\"https:\/\/obera.fr\/sq\/keshilla-jone-sq\/zone-atex-norme-atex-bases-protection-contre-risque-explosion\/\" data-type=\"post\" data-id=\"17925\">standardin ATEX<\/a>, opsionale) dhe pluhurave metalik\u00eb q\u00eb gjenerojn\u00eb shk\u00ebndija. Nj\u00eb shkatht\u00ebsi q\u00eb e b\u00ebn k\u00ebt\u00eb seri ve\u00e7an\u00ebrisht efikase p\u00ebr t\u00eb thithur grimcat e gjeneruara nga proceset e l\u00ebmimit, lustrimit, prerjes, frezimit ose saldimit.<\/p>\n\n<p>P\u00ebrve\u00e7 k\u00ebsaj, DUSTOMAT HYDRO \u00ebsht\u00eb nj\u00eb pastrues pluhuri q\u00eb mund t\u00eb p\u00ebrshtatet v\u00ebrtet me nevojat e industrialist\u00ebve. P\u00ebrve\u00e7 p\u00ebrputhshm\u00ebris\u00eb ATEX, mund t\u00eb shtohet si opsion nj\u00eb boj\u00eb speciale, si dhe nj\u00eb pozicion i ndryshuesh\u00ebm i <strong>tubit t\u00eb thithjes<\/strong>. Ju keni gjithashtu zgjedhjen e mediave filtruese (p\u00ebr shembull, filt\u00ebr HEPA H 14 p\u00ebr grimcat kancerogjene). P\u00ebr m\u00eb tep\u00ebr, <strong><a href=\"https:\/\/obera.fr\/sq\/produits\/depoussiereurs-industriels\/\" data-type=\"page\" data-id=\"31\">pastruesit industrial\u00eb t\u00eb pluhurit<\/a><\/strong> t\u00eb k\u00ebsaj serie kan\u00eb dy nivele fuqie, nj\u00eb sistem filtrimi t\u00eb konfiguruesh\u00ebm (deri n\u00eb 4 nivele filtrimi) dhe sensor\u00eb q\u00eb rregullojn\u00eb automatikisht mbushjen e ujit.<\/p>\n\n<p>Nj\u00eb karakteristik\u00eb tjet\u00ebr e seris\u00eb DUSTOMAT HYDRO: <strong>kostot e mir\u00ebmbajtjes jan\u00eb t\u00eb ul\u00ebta<\/strong> , pasi sistemi i filtrimit t\u00eb grimcave t\u00eb imta ndodhet n\u00eb drejtim t\u00eb rrym\u00ebs.<\/p>\n\n<blockquote class=\"wp-block-quote is-layout-flow wp-block-quote-is-layout-flow\">\n<p>Teknologjia inovative DUSTOMAT HYDRO: sistemi i ndarjes i bazuar n\u00eb nj\u00eb hidrociklon i b\u00ebn shk\u00ebndijat dhe pluhurat e djegsh\u00ebm pothuajse plot\u00ebsisht t\u00eb pad\u00ebmsh\u00ebm, dhe kjo, q\u00eb n\u00eb nivelin e par\u00eb t\u00eb filtrimit (shkalla e ndarjes 98,7%). Edhe fraksionet m\u00eb t\u00eb vogla t\u00eb grimcave \u2265 15 \u00b5m lidhen n\u00eb m\u00ebnyr\u00eb t\u00eb sigurt n\u00eb dhom\u00ebn e turbulenc\u00ebs s\u00eb ujit, gj\u00eb q\u00eb i mund\u00ebson OberA-s t\u00eb ngrej\u00eb cil\u00ebsin\u00eb e para-ndarjes n\u00eb nj\u00eb nivel m\u00eb t\u00eb lart\u00eb. P\u00ebrdoruesit p\u00ebrfitojn\u00eb nga nj\u00eb efekt i r\u00ebnd\u00ebsish\u00ebm: mediat filtruese t\u00eb sistemit t\u00eb ndarjes s\u00eb that\u00eb q\u00eb vijon ruhen, gj\u00eb q\u00eb lejon nj\u00eb jet\u00ebgjat\u00ebsi m\u00eb t\u00eb gjat\u00eb dhe kosto t\u00eb reduktuara pasuese.<\/p>\n<\/blockquote>\n\n<div class=\"wp-block-columns is-layout-flex wp-container-core-columns-is-layout-28f84493 wp-block-columns-is-layout-flex\">\n<div class=\"wp-block-column is-layout-flow wp-block-column-is-layout-flow\">\n<h3 class=\"wp-block-heading has-text-align-center\" id=\"industries\">Industrit\u00eb<\/h3>\n\n\n\n<hr class=\"wp-block-separator has-css-opacity is-style-wide\"\/>\n\n\n\n<div class=\"wp-block-columns is-layout-flex wp-container-core-columns-is-layout-28f84493 wp-block-columns-is-layout-flex\">\n<div class=\"wp-block-column is-layout-flow wp-block-column-is-layout-flow\">\n<figure class=\"wp-block-image aligncenter size-full\"><img decoding=\"async\" width=\"150\" height=\"150\" src=\"https:\/\/obera.fr\/wp-content\/uploads\/2022\/02\/Metalurgie.png\" alt=\"metalurgjis&#xEB;\" class=\"wp-image-8857\"\/><figcaption class=\"wp-element-caption\">Metalurgjia<\/figcaption><\/figure>\n\n\n\n<figure class=\"wp-block-image aligncenter size-full\"><img decoding=\"async\" width=\"150\" height=\"150\" src=\"https:\/\/obera.fr\/wp-content\/uploads\/2022\/02\/Textile.png\" alt=\"tekstile\" class=\"wp-image-8855\"\/><figcaption class=\"wp-element-caption\">Tekstile<\/figcaption><\/figure>\n<\/div>\n\n\n\n<div class=\"wp-block-column is-layout-flow wp-block-column-is-layout-flow\">\n<figure class=\"wp-block-image aligncenter size-full\"><img decoding=\"async\" width=\"150\" height=\"150\" src=\"https:\/\/obera.fr\/wp-content\/uploads\/2022\/02\/Chimie.png\" alt=\"kimis&#xEB;\" class=\"wp-image-8846\"\/><figcaption class=\"wp-element-caption\">Kimia<\/figcaption><\/figure>\n\n\n\n<figure class=\"wp-block-image aligncenter size-full\"><img decoding=\"async\" width=\"150\" height=\"150\" src=\"https:\/\/obera.fr\/wp-content\/uploads\/2022\/02\/Plastique.png\" alt=\"plastike\" class=\"wp-image-8854\"\/><figcaption class=\"wp-element-caption\">Plastike<\/figcaption><\/figure>\n<\/div>\n\n\n\n<div class=\"wp-block-column is-layout-flow wp-block-column-is-layout-flow\">\n<figure class=\"wp-block-image aligncenter size-full\"><img decoding=\"async\" width=\"150\" height=\"150\" src=\"https:\/\/obera.fr\/wp-content\/uploads\/2022\/02\/MINERAIS.png\" alt=\"xeheroret\" class=\"wp-image-8847\"\/><figcaption class=\"wp-element-caption\">Ores<\/figcaption><\/figure>\n\n\n\n<figure class=\"wp-block-image aligncenter size-full\"><img decoding=\"async\" width=\"150\" height=\"150\" src=\"https:\/\/obera.fr\/wp-content\/uploads\/2022\/02\/Papier-carton.png\" alt=\"let&#xEB;r kartoni\" class=\"wp-image-8853\"\/><figcaption class=\"wp-element-caption\">Let\u00ebr\/karton<\/figcaption><\/figure>\n<\/div>\n\n\n\n<div class=\"wp-block-column is-layout-flow wp-block-column-is-layout-flow\">\n<figure class=\"wp-block-image aligncenter size-full\"><img decoding=\"async\" width=\"150\" height=\"150\" src=\"https:\/\/obera.fr\/wp-content\/uploads\/2022\/02\/AGROALIMENTAIRE.png\" alt=\"agro-ushqimore\" class=\"wp-image-8844\"\/><figcaption class=\"wp-element-caption\">Agro-ushqimore<\/figcaption><\/figure>\n<\/div>\n<\/div>\n<\/div>\n<\/div>\n\n<figure class=\"wp-block-table\"><table class=\"has-fixed-layout\"><tbody><tr><td><\/td><td><\/td><td><strong>DUSTOMAT HYDRO 2300<\/strong><\/td><td><strong>DUSTOMAT HYDRO 3500<\/strong><\/td><td><strong>DUSTOMAT HYDRO 6000<\/strong><\/td><td><strong>DUSTOMAT HYDRO 10000<\/strong><\/td><\/tr><tr><td>Shpejt\u00ebsia<\/td><td>m3\/h<\/td><td>2 300<\/td><td>3 500<\/td><td>6 000<\/td><td>10 000<\/td><\/tr><tr><td>Depresioni maksimal.<\/td><td>Pa<\/td><td>2 500<\/td><td>3 400<\/td><td>3 950<\/td><td>4 800<\/td><\/tr><tr><td>Fuqia<\/td><td>kW<\/td><td>3<\/td><td>5,5<\/td><td>7.5<\/td><td>15<\/td><\/tr><tr><td>Diametri i hyrjes<\/td><td>mm<\/td><td>180<\/td><td>224<\/td><td>280<\/td><td>400<\/td><\/tr><tr><td>Lidhja e ujit<\/td><td>in\u00e7<\/td><td>3\/4<\/td><td>3\/4<\/td><td>3\/4<\/td><td>3\/4<\/td><\/tr><tr><td>Dimensionet<\/td><td>l\/L\/h (mm)<\/td><td>850x850x2600<\/td><td>850x850x2600<\/td><td>1350 x 1550 x 3400<\/td><td>1350 x 1550 x 3400<\/td><\/tr><tr><td>Niveli i z\u00ebrit<\/td><td>dB(A)<\/td><td>70*<\/td><td>72*<\/td><td>73.4<\/td><td>76.1<\/td><\/tr><tr><td>Pesha<\/td><td>kg<\/td><td>340<\/td><td>380<\/td><td>750<\/td><td>870<\/td><\/tr><\/tbody><\/table><\/figure>\n\n<p>* pa paket\u00eb izoluese t\u00eb z\u00ebrit: 75 db (A)<\/p>\n\n<div class=\"wp-block-columns is-layout-flex wp-container-core-columns-is-layout-28f84493 wp-block-columns-is-layout-flex\">\n<div class=\"wp-block-column is-layout-flow wp-block-column-is-layout-flow\"><\/div>\n\n\n\n<div class=\"wp-block-column is-layout-flow wp-block-column-is-layout-flow\">\n<div class=\"wp-block-buttons is-content-justification-center is-layout-flex wp-container-core-buttons-is-layout-a89b3969 wp-block-buttons-is-layout-flex\">\n<div class=\"wp-block-button btn-devis-source\"><a class=\"wp-block-button__link wp-element-button\" href=\"https:\/\/obera.fr\/sq\/devis\/\">K\u00ebrkes\u00eb p\u00ebr kuot\u00eb<\/a><\/div>\n<\/div>\n\n\n<script>\r\ndocument.addEventListener('DOMContentLoaded', function() {\r\n    \/\/ 1. On cherche le titre H1 de la page\r\n    var h1 = document.querySelector('h1');\r\n    var productTitle = h1 ? h1.innerText.trim() : \"\";\r\n\r\n    \/\/ 2. On cherche les boutons via la classe CSS .btn-devis-source\r\n    var buttons = document.querySelectorAll('.btn-devis-source a');\r\n\r\n    \/\/ 3. Si on a le titre et les boutons, on ajoute le param\u00e8tre\r\n    if (buttons.length > 0 && productTitle !== \"\") {\r\n        var encodedTitle = encodeURIComponent(productTitle);\r\n\r\n        buttons.forEach(function(btn) {\r\n            var currentHref = btn.getAttribute('href');\r\n            \r\n            \/\/ S\u00e9curit\u00e9 pour ne pas ajouter le param\u00e8tre 2 fois\r\n            if (currentHref.indexOf('sujet=') === -1) {\r\n                var separator = currentHref.indexOf('?') !== -1 ? '&' : '?';\r\n                var newLink = currentHref + separator + 'sujet=' + encodedTitle;\r\n                \r\n                btn.setAttribute('href', newLink);\r\n            }\r\n        });\r\n    }\r\n});\r\n<\/script><\/div>\n\n\n\n<div class=\"wp-block-column is-layout-flow wp-block-column-is-layout-flow\">\n<div class=\"wp-block-buttons is-content-justification-center is-layout-flex wp-container-core-buttons-is-layout-a89b3969 wp-block-buttons-is-layout-flex\">\n<div class=\"wp-block-button\"><a class=\"wp-block-button__link wp-element-button\" href=\"https:\/\/obera.fr\/wp-content\/uploads\/2025\/04\/brochure-dustomat-hydro-fr.pdf\">Shkarkoni broshur\u00ebn<\/a><\/div>\n<\/div>\n<\/div>\n\n\n\n<div class=\"wp-block-column is-layout-flow wp-block-column-is-layout-flow\"><\/div>\n<\/div>\n\n<h2 class=\"wp-block-heading\">DUSTOMAT HYDRO: cilat jan\u00eb avantazhet e tij?  <\/h2>\n\n<p>Pastruesit e pluhurit t\u00eb seris\u00eb DUSTOMAT HYDRO i p\u00ebrgjigjen nj\u00eb <strong>problematikeje t\u00eb par\u00eb t\u00eb cil\u00ebsis\u00eb s\u00eb ajrit n\u00eb industri<\/strong>, duke p\u00ebrmir\u00ebsuar sh\u00ebndetin dhe sigurin\u00eb e ekipeve t\u00eb prodhimit. <strong>Reduktimi i ekspozimit ndaj pluhurave t\u00eb im\u00ebt<\/strong>, ndaj ndot\u00ebsve, p\u00ebrmir\u00ebsimi i cil\u00ebsis\u00eb s\u00eb ajrit n\u00eb punishte\u2026 Zgjedhja e nj\u00eb pastruesi pluhuri me rrug\u00eb t\u00eb lag\u00ebsht do t\u00eb thot\u00eb t\u00eb krijosh nj\u00eb mjedis pune m\u00eb t\u00eb sh\u00ebndetsh\u00ebm dhe t\u00eb k\u00ebndsh\u00ebm, p\u00ebrve\u00e7se i p\u00ebrgjigjet respektimit t\u00eb standardeve mjedisore n\u00eb fuqi. P\u00ebr t\u00eb p\u00ebrmir\u00ebsuar komoditetin e p\u00ebrdoruesve, modelet e k\u00ebsaj serie jan\u00eb kompakte dhe t\u00eb heshtura. P\u00ebr t&#8217;iu p\u00ebrgjigjur nj\u00eb problemi hap\u00ebsinor, pajisja mund t\u00eb instalohet brenda ose jasht\u00eb.<\/p>\n\n<p>Nga ana e siguris\u00eb, teknologjia e saj inovative e bazuar n\u00eb hidrociklon b\u00ebn t\u00eb mundur q\u00eb <strong>stacionet e pun\u00ebs t\u00eb b\u00ebhen sa m\u00eb t\u00eb sigurta<\/strong> n\u00eb dy m\u00ebnyra: duke reduktuar rrezikun e zjarrit t\u00eb shkaktuar nga pluhuri, por edhe duke shmangur akumulimin e pluhurit n\u00eb pajisje q\u00eb p\u00ebrfundon. duke d\u00ebmtuar makinat.<\/p>\n\n<p>P\u00ebr sa i p\u00ebrket investimit q\u00eb kjo k\u00ebrkon nga prodhuesit, <strong>sistemi \u00ebsht\u00eb krijuar p\u00ebr t\u00eb konsumuar pak energji uji<\/strong> , q\u00eb p\u00ebrfaq\u00ebson kursime n\u00eb fatur\u00ebn tuaj t\u00eb energjis\u00eb.<\/p>\n\n<div class=\"wp-block-columns is-layout-flex wp-container-core-columns-is-layout-28f84493 wp-block-columns-is-layout-flex\">\n<div class=\"wp-block-column is-layout-flow wp-block-column-is-layout-flow\">\n<h3 class=\"wp-block-heading\">P\u00ebrfitimet:<\/h3>\n\n\n\n<ul class=\"wp-block-list\">\n<li>Rritja e siguris\u00eb, edhe n\u00eb mjedise shp\u00ebrthyese;<\/li>\n\n\n\n<li>Konsumi i ul\u00ebt i energjis\u00eb dhe ujit fal\u00eb rregullimit t\u00eb ujit;<\/li>\n\n\n\n<li>Leht\u00eb p\u00ebr t&#8217;u p\u00ebrdorur me ekranin e tij me prekje;<\/li>\n\n\n\n<li>Leht\u00eb p\u00ebr t&#8217;u p\u00ebrdorur dhe mir\u00ebmbajtur,<strong> <\/strong>kosto t\u00eb ul\u00ebta operative.<\/li>\n<\/ul>\n<\/div>\n\n\n\n<div class=\"wp-block-column is-layout-flow wp-block-column-is-layout-flow\">\n<h3 class=\"wp-block-heading\">Karakteristikat e ve\u00e7anta:<\/h3>\n\n\n\n<ul class=\"wp-block-list\">\n<li>Nj\u00eb sistem shum\u00eb efikas i pluhurit t\u00eb im\u00ebt me shum\u00eb nivele, pluhurit t\u00eb djegsh\u00ebm dhe ndarjes s\u00eb shk\u00ebndijave;<\/li>\n\n\n\n<li>Efikasiteti i ndarjes deri n\u00eb 99,995%;<\/li>\n\n\n\n<li>Thithje individuale ose me shum\u00eb stacione.<\/li>\n<\/ul>\n<\/div>\n\n\n\n<div class=\"wp-block-column is-layout-flow wp-block-column-is-layout-flow\">\n<h3 class=\"wp-block-heading\">Karakteristikat:<\/h3>\n\n\n\n<ul class=\"wp-block-list\">\n<li>P\u00ebrputhet me standardin ATEX;<\/li>\n\n\n\n<li>Funksionim i qet\u00eb;<\/li>\n\n\n\n<li>Opsionale: funksionimi i riqarkullimit (ulja e kostove t\u00eb ngrohjes).<\/li>\n<\/ul>\n<\/div>\n<\/div>\n\n<div class=\"wp-block-columns is-layout-flex wp-container-core-columns-is-layout-28f84493 wp-block-columns-is-layout-flex\">\n<div class=\"wp-block-column is-layout-flow wp-block-column-is-layout-flow\">\n<figure class=\"wp-block-image size-full is-resized\"><img decoding=\"async\" width=\"600\" height=\"600\" src=\"https:\/\/obera.fr\/wp-content\/uploads\/2022\/11\/norme-atex.jpg\" alt=\"standard atex\" class=\"wp-image-15992\" style=\"width:300px;height:300px\" srcset=\"https:\/\/obera.fr\/wp-content\/uploads\/2022\/11\/norme-atex.jpg 600w, https:\/\/obera.fr\/wp-content\/uploads\/2022\/11\/norme-atex-300x300.jpg 300w, https:\/\/obera.fr\/wp-content\/uploads\/2022\/11\/norme-atex-150x150.jpg 150w\" sizes=\"(max-width: 600px) 100vw, 600px\" \/><\/figure>\n<\/div>\n\n\n\n<div class=\"wp-block-column is-layout-flow wp-block-column-is-layout-flow\">\n<figure class=\"wp-block-image size-full is-resized\"><img decoding=\"async\" width=\"600\" height=\"600\" src=\"https:\/\/obera.fr\/wp-content\/uploads\/2022\/11\/dustomat-hydro-2.jpg\" alt=\"dustomat hidro 2\" class=\"wp-image-15995\" style=\"width:300px;height:300px\" srcset=\"https:\/\/obera.fr\/wp-content\/uploads\/2022\/11\/dustomat-hydro-2.jpg 600w, https:\/\/obera.fr\/wp-content\/uploads\/2022\/11\/dustomat-hydro-2-300x300.jpg 300w, https:\/\/obera.fr\/wp-content\/uploads\/2022\/11\/dustomat-hydro-2-150x150.jpg 150w\" sizes=\"(max-width: 600px) 100vw, 600px\" \/><\/figure>\n<\/div>\n\n\n\n<div class=\"wp-block-column is-layout-flow wp-block-column-is-layout-flow\">\n<figure class=\"wp-block-image size-full is-resized\"><img decoding=\"async\" width=\"600\" height=\"600\" src=\"https:\/\/obera.fr\/wp-content\/uploads\/2022\/11\/vanne-de-vidange.jpg\" alt=\"valvul kullimi\" class=\"wp-image-15998\" style=\"width:300px;height:300px\" srcset=\"https:\/\/obera.fr\/wp-content\/uploads\/2022\/11\/vanne-de-vidange.jpg 600w, https:\/\/obera.fr\/wp-content\/uploads\/2022\/11\/vanne-de-vidange-300x300.jpg 300w, https:\/\/obera.fr\/wp-content\/uploads\/2022\/11\/vanne-de-vidange-150x150.jpg 150w\" sizes=\"(max-width: 600px) 100vw, 600px\" \/><\/figure>\n<\/div>\n<\/div>\n\n<div class=\"wp-block-buttons is-content-justification-center is-layout-flex wp-container-core-buttons-is-layout-a89b3969 wp-block-buttons-is-layout-flex\">\n<div class=\"wp-block-button\"><a class=\"wp-block-button__link wp-element-button\" href=\"https:\/\/obera.fr\/sq\/contact\/\">Provoni DUSTOMAT HYDRO<\/a><\/div>\n<\/div>\n","protected":false},"excerpt":{"rendered":"<p>Zbuloni gam\u00ebn ton\u00eb t\u00eb kolektor\u00ebve t\u00eb pluhurit t\u00eb lag\u00ebsht DUSTOMAT HYDRO q\u00eb kombinojn\u00eb performanc\u00ebn dhe efikasitetin p\u00ebr nxjerrjen e substancave shum\u00eb t\u00eb ndezshme. Kolektori industrial i pluhurit DUSTOMAT HYDRO: si funksionon dhe si p\u00ebrdoret? Forca kryesore e seris\u00eb DUSTOMAT HYDRO q\u00ebndron n\u00eb nj\u00eb teknologji inovative ndarjeje me shum\u00eb nivele p\u00ebr kapjen e pluhurave dhe shk\u00ebndijave. Ajri i ndotur thithet nga nj\u00eb ventilator i integruar n\u00eb pastruesin e pluhurit. Shpejt\u00ebsia e ajrit reduktohet, gj\u00eb q\u00eb lejon grimcat e r\u00ebnda t\u00eb bien n\u00eb nj\u00eb kazan grumbullimi: ky \u00ebsht\u00eb hapi i par\u00eb i para-ndarjes s\u00eb grimcave. Ajri m\u00eb pas kalon n\u00eb nj\u00eb hidrociklon &#8230; <\/p>\n<p class=\"read-more-container\"><a title=\"DUSTOMAT HYDRO: kolektor i fiksuar i pluhurit t\u00eb lag\u00ebsht\" class=\"read-more button\" href=\"https:\/\/obera.fr\/sq\/produits\/depoussiereurs-industriels\/fixes\/depoussiereur-a-voie-humide-dustomat-hydro\/#more-46157\" aria-label=\"Read more about DUSTOMAT HYDRO: kolektor i fiksuar i pluhurit t\u00eb lag\u00ebsht\">Lire la suite<\/a><\/p>\n","protected":false},"author":4,"featured_media":83732,"parent":47263,"menu_order":0,"comment_status":"closed","ping_status":"closed","template":"","meta":{"_acf_changed":false,"_seopress_robots_primary_cat":"","_seopress_titles_title":"Kolektor pluhuri i lag\u00ebsht DUSTOMAT HYDRO nga oberA","_seopress_titles_desc":"Zbuloni gam\u00ebn ton\u00eb t\u00eb kolektor\u00ebve t\u00eb pluhurit t\u00eb lag\u00ebsht DUSTOMAT HYDRO q\u00eb kombinojn\u00eb performanc\u00ebn dhe efikasitetin p\u00ebr nxjerrjen e substancave shum\u00eb t\u00eb ndezshme.","_seopress_robots_index":"","footnotes":""},"class_list":{"0":"post-46157","1":"page","2":"type-page","3":"status-publish","4":"has-post-thumbnail","6":"no-featured-image-padding","7":"resize-featured-image"},"acf":[],"_links":{"self":[{"href":"https:\/\/obera.fr\/sq\/wp-json\/wp\/v2\/pages\/46157","targetHints":{"allow":["GET"]}}],"collection":[{"href":"https:\/\/obera.fr\/sq\/wp-json\/wp\/v2\/pages"}],"about":[{"href":"https:\/\/obera.fr\/sq\/wp-json\/wp\/v2\/types\/page"}],"author":[{"embeddable":true,"href":"https:\/\/obera.fr\/sq\/wp-json\/wp\/v2\/users\/4"}],"replies":[{"embeddable":true,"href":"https:\/\/obera.fr\/sq\/wp-json\/wp\/v2\/comments?post=46157"}],"version-history":[{"count":12,"href":"https:\/\/obera.fr\/sq\/wp-json\/wp\/v2\/pages\/46157\/revisions"}],"predecessor-version":[{"id":132862,"href":"https:\/\/obera.fr\/sq\/wp-json\/wp\/v2\/pages\/46157\/revisions\/132862"}],"up":[{"embeddable":true,"href":"https:\/\/obera.fr\/sq\/wp-json\/wp\/v2\/pages\/47263"}],"wp:featuredmedia":[{"embeddable":true,"href":"https:\/\/obera.fr\/sq\/wp-json\/wp\/v2\/media\/83732"}],"wp:attachment":[{"href":"https:\/\/obera.fr\/sq\/wp-json\/wp\/v2\/media?parent=46157"}],"curies":[{"name":"wp","href":"https:\/\/api.w.org\/{rel}","templated":true}]}}