{"id":46955,"date":"2020-08-26T12:34:20","date_gmt":"2020-08-26T10:34:20","guid":{"rendered":"https:\/\/obera.fr\/produktet-tona\/mbledhesit-industriale-te-pluhurit\/mbledhesit-e-levizshem-te-pluhurit\/"},"modified":"2025-06-30T10:08:02","modified_gmt":"2025-06-30T08:08:02","slug":"mobiles","status":"publish","type":"page","link":"https:\/\/obera.fr\/sq\/produits\/depoussiereurs-industriels\/mobiles\/","title":{"rendered":"Mbledh\u00ebsit e l\u00ebvizsh\u00ebm t\u00eb pluhurit"},"content":{"rendered":"\n<p><strong>Mbledh\u00ebsit tan\u00eb t\u00eb l\u00ebvizsh\u00ebm t\u00eb pluhurit<\/strong> p\u00ebrb\u00ebjn\u00eb nj\u00eb s\u00ebr\u00eb <a href=\"https:\/\/obera.fr\/sq\/produits\/depoussiereurs-industriels\/\" data-type=\"page\" data-id=\"31\">kolektor\u00ebsh t\u00eb fuqish\u00ebm industrial\u00eb pluhuri<\/a> q\u00eb l\u00ebvizin leht\u00eb. K\u00ebto pajisje p\u00ebrshtaten n\u00eb m\u00ebnyr\u00eb t\u00eb p\u00ebrkryer me mjedisin tuaj p\u00ebr rehati optimale t\u00eb pun\u00ebs dhe efikasitet t\u00eb garantuar.   <\/p>\n\n<p>K\u00ebto instalime <strong>p\u00ebr trajtimin e ajrit<\/strong> jan\u00eb projektuar p\u00ebr t&#8217;u lidhur drejtp\u00ebrdrejt me makinat e prodhimit n\u00ebp\u00ebrmjet nj\u00eb rrjeti kanalesh, ose p\u00ebr t\u00eb fshir\u00eb nj\u00eb stacion pune t\u00eb l\u00ebvizsh\u00ebm duke p\u00ebrdorur nj\u00eb <a href=\"https:\/\/obera.fr\/sq\/produits\/bras-dispositifs-captation\/capot-industriel\/\">krah thith\u00ebs<\/a> ose nj\u00eb kapu\u00e7 nxjerrjeje, n\u00eb m\u00ebnyr\u00eb q\u00eb t\u00eb grumbullohen t\u00eb gjitha llojet e pluhurit dhe ndot\u00ebsve n\u00eb sasi t\u00eb m\u00ebdha direkt n\u00eb burimi.<\/p>\n\n\n<h2 class=\"wp-block-heading\">Gama jon\u00eb e kolektor\u00ebve t\u00eb l\u00ebvizsh\u00ebm t\u00eb pluhurit:<\/h2>\n\n<div class=\"wp-block-columns is-layout-flex wp-container-core-columns-is-layout-28f84493 wp-block-columns-is-layout-flex\">\n<div class=\"wp-block-column is-vertically-aligned-top is-layout-flow wp-block-column-is-layout-flow\">\n<h3 class=\"wp-block-heading has-text-align-center\"><a href=\"https:\/\/obera.fr\/sq\/produits\/depoussiereurs-industriels\/mobiles\/extracteur-de-poussiere-dustomat-dry\/\">DUSTOMAT THAT\u00cb<\/a><\/h3>\n\n\n\n<figure class=\"wp-block-image aligncenter size-medium is-resized\"><a href=\"https:\/\/obera.fr\/produits\/depoussiereurs-industriels\/mobiles\/extracteur-de-poussiere-dustomat-dry\/\"><img decoding=\"async\" width=\"300\" height=\"300\" src=\"https:\/\/obera.fr\/wp-content\/uploads\/2023\/09\/dustomat-dry-300x300.png\" alt=\"dustomat that&#xEB;\" class=\"wp-image-24355\" srcset=\"https:\/\/obera.fr\/wp-content\/uploads\/2023\/09\/dustomat-dry-300x300.png 300w, https:\/\/obera.fr\/wp-content\/uploads\/2023\/09\/dustomat-dry-150x150.png 150w, https:\/\/obera.fr\/wp-content\/uploads\/2023\/09\/dustomat-dry.png 320w\" sizes=\"(max-width: 300px) 100vw, 300px\" \/><\/a><figcaption class=\"wp-element-caption\">DUSTOMAT THAT\u00cb<\/figcaption><\/figure>\n\n\n\n<p>DUSTOMAT DRY \u00ebsht\u00eb nj\u00eb sistem <a href=\"https:\/\/obera.fr\/sq\/produits\/depoussiereurs-industriels\/mobiles\/extracteur-de-poussiere-dustomat-dry\/#more-24274\">grumbullimi i pluhurit<\/a> i p\u00ebrshtatsh\u00ebm n\u00eb m\u00ebnyr\u00eb t\u00eb p\u00ebrkryer p\u00ebr nj\u00eb gam\u00eb t\u00eb gjer\u00eb sektor\u00ebsh industrial\u00eb. Ai ofron aft\u00ebsin\u00eb p\u00ebr t\u00eb hequr n\u00eb m\u00ebnyr\u00eb efektive grimcat e pluhurit dhe ashk\u00ebl, qoft\u00eb drejtp\u00ebrdrejt nga makinerit\u00eb e prodhimit ose duke u lidhur me nj\u00eb kapu\u00e7 nxjerr\u00ebs, krahun ekstraktues ose rrjet tubacionesh. I disponuesh\u00ebm n\u00eb kat\u00ebr nivele t\u00eb fuqis\u00eb, ai \u00ebsht\u00eb i p\u00ebrshtatsh\u00ebm p\u00ebr intervale t\u00eb prurjeve mesatare prej 2000 deri n\u00eb 3500 metra kub n\u00eb or\u00eb.  <\/p>\n\n\n\n<p>Edhe pse fuqia e thithjes \u00ebsht\u00eb e konsiderueshme, DUSTOMAT DRY mbetet jasht\u00ebzakonisht i qet\u00eb dhe me efikasitet energjetik. \u00cbsht\u00eb gjithashtu i pajisur me nj\u00eb para-ndar\u00ebs t\u00eb aft\u00eb p\u00ebr t\u00eb kapur grimca t\u00eb r\u00ebnda dhe t\u00eb trasha. Mir\u00ebmbajtja e k\u00ebtij sistemi thjeshtohet fal\u00eb pastrimit t\u00eb filtrave me an\u00eb t\u00eb nj\u00eb rrymi ajri t\u00eb kompresuar, i cili jo vet\u00ebm q\u00eb leht\u00ebson mir\u00ebmbajtjen e tij, por gjithashtu ndihmon n\u00eb zgjatjen e jet\u00ebgjat\u00ebsis\u00eb s\u00eb filtrave.<\/p>\n\n\n\n<p class=\"has-text-align-center\">E disponueshme n\u00eb versionin <a href=\"https:\/\/obera.fr\/sq\/produits\/atex\/\">ATEX<\/a> .<\/p>\n<\/div>\n\n\n\n<div class=\"wp-block-column is-vertically-aligned-top is-layout-flow wp-block-column-is-layout-flow\">\n<h3 class=\"wp-block-heading has-text-align-center\"><strong><a href=\"https:\/\/obera.fr\/sq\/produits\/depoussiereurs-industriels\/mobiles\/aspiration-poussiere-dustomat-10\/\">DUSTOMAT 10<\/a><\/strong><\/h3>\n\n\n\n<figure class=\"wp-block-image aligncenter size-medium is-resized\"><a href=\"https:\/\/obera.fr\/produits\/depoussiereurs-industriels\/mobiles\/aspiration-poussiere-dustomat-10\/\"><img decoding=\"async\" width=\"300\" height=\"300\" src=\"https:\/\/obera.fr\/wp-content\/uploads\/2020\/10\/extracteur-poussiere-mobile-DUSTOMAT-10-300x300.png\" alt=\"Dustomat 10 Mobile Dustheq&#xEB;s\" class=\"wp-image-1306\" srcset=\"https:\/\/obera.fr\/wp-content\/uploads\/2020\/10\/extracteur-poussiere-mobile-DUSTOMAT-10-300x300.png 300w, https:\/\/obera.fr\/wp-content\/uploads\/2020\/10\/extracteur-poussiere-mobile-DUSTOMAT-10-150x150.png 150w, https:\/\/obera.fr\/wp-content\/uploads\/2020\/10\/extracteur-poussiere-mobile-DUSTOMAT-10.png 600w\" sizes=\"(max-width: 300px) 100vw, 300px\" \/><\/a><figcaption class=\"wp-element-caption\">DUSTOMAT 10<\/figcaption><\/figure>\n\n\n\n<p><a href=\"https:\/\/obera.fr\/sq\/produits\/depoussiereurs-industriels\/mobiles\/aspiration-poussiere-dustomat-10\/\" data-type=\"page\" data-id=\"445\">Kolektori i pluhurit DUSTOMAT 10<\/a> me fuqi t\u00eb madhe thith\u00ebse. \u00cbsht\u00eb i aft\u00eb t\u00eb trajtoj\u00eb pluhurin, si dhe rr\u00ebshqitjet e drurit, plastik\u00ebs dhe metalit. Kapja b\u00ebhet ose drejtp\u00ebrdrejt n\u00eb makin\u00ebn e prodhimit n\u00ebp\u00ebrmjet nj\u00eb rrjeti kanalesh, ose duke shtuar nj\u00eb krah thith\u00ebs ose nj\u00eb kapu\u00e7 p\u00ebr nxjerrjen e ajrit.    <\/p>\n\n\n\n<p>Pastrimi i filtrave t\u00eb fishek\u00ebve mund t\u00eb b\u00ebhet me dor\u00eb duke p\u00ebrdorur nj\u00eb sistem fur\u00e7ash rrotulluese ose automatikisht me rrym\u00eb ajri t\u00eb kompresuar. Kjo <strong>pajisje filtrimi<\/strong> \u00ebsht\u00eb ideale p\u00ebr stacione pune individuale, n\u00eb nj\u00eb makin\u00eb prodhimi ose pran\u00eb nj\u00eb zone pune manuale. Strehimi i anuar dhe qesja e grumbullimit lejojn\u00eb asgj\u00ebsimin e leht\u00eb dhe t\u00eb shpejt\u00eb t\u00eb mbetjeve t\u00eb grumbulluara.  <\/p>\n<\/div>\n\n\n\n<div class=\"wp-block-column is-layout-flow wp-block-column-is-layout-flow\">\n<h3 class=\"wp-block-heading has-text-align-center\"><strong><a href=\"https:\/\/obera.fr\/sq\/produits\/depoussiereurs-industriels\/mobiles\/extracteur-poussiere-pulverulente-dustomat-16m\/\">DUSTOMAT 16<\/a><\/strong><\/h3>\n\n\n\n<figure class=\"wp-block-image aligncenter size-medium\"><a href=\"https:\/\/obera.fr\/produits\/depoussiereurs-industriels\/mobiles\/extracteur-poussiere-pulverulente-dustomat-16m\/\"><img decoding=\"async\" width=\"300\" height=\"300\" src=\"https:\/\/obera.fr\/wp-content\/uploads\/2020\/10\/extracteur-poussiere-pulverulente-DUSTOMAT-16-300x300.png\" alt=\"Dustomat 16 Nxjerr&#xEB;s Pluhuri Pulverulent\" class=\"wp-image-1307\" srcset=\"https:\/\/obera.fr\/wp-content\/uploads\/2020\/10\/extracteur-poussiere-pulverulente-DUSTOMAT-16-300x300.png 300w, https:\/\/obera.fr\/wp-content\/uploads\/2020\/10\/extracteur-poussiere-pulverulente-DUSTOMAT-16-150x150.png 150w, https:\/\/obera.fr\/wp-content\/uploads\/2020\/10\/extracteur-poussiere-pulverulente-DUSTOMAT-16.png 600w\" sizes=\"(max-width: 300px) 100vw, 300px\" \/><\/a><figcaption class=\"wp-element-caption\">DUSTOMAT 16<\/figcaption><\/figure>\n\n\n\n<p><strong>DUSTOMAT 16<\/strong> \u00ebsht\u00eb nj\u00eb pajisje e zhvilluar p\u00ebr pun\u00eb me l\u00ebvizshm\u00ebri t\u00eb madhe, dhe ve\u00e7an\u00ebrisht p\u00ebr <a href=\"https:\/\/obera.fr\/sq\/produits\/depoussiereurs-industriels\/mobiles\/extracteur-poussiere-pulverulente-dustomat-16m\/\" data-type=\"page\" data-id=\"449\">nxjerrjen e pluhurit pluhur<\/a> . Me fjal\u00eb t\u00eb tjera, pluhuri mineral (guri, grafiti ose betoni), pluhuri plastik ose metali, ashk\u00ebl druri dhe metali.   <\/p>\n\n\n\n<p><strong>Nxjerrja e k\u00ebtij pluhuri<\/strong> kryhet duke p\u00ebrdorur nj\u00eb krah thith\u00ebs. Pastrimi i filtrave t\u00eb fishek\u00ebve mund t\u00eb b\u00ebhet manualisht ose automatikisht p\u00ebr t\u00eb siguruar jet\u00ebgjat\u00ebsin\u00eb e fishek\u00ebve t\u00eb filtrit. \u00c7anta e grumbullimit t\u00eb pluhurit \u00ebsht\u00eb e fort\u00eb dhe e rip\u00ebrdorshme, p\u00ebr kosto t\u00eb ul\u00ebta harxhuese.  <\/p>\n<\/div>\n<\/div>\n\n<div class=\"wp-block-columns is-layout-flex wp-container-core-columns-is-layout-28f84493 wp-block-columns-is-layout-flex\">\n<div class=\"wp-block-column is-layout-flow wp-block-column-is-layout-flow\">\n<h3 class=\"wp-block-heading has-text-align-center\"><strong><strong><a href=\"https:\/\/obera.fr\/sq\/produits\/depoussiereurs-industriels\/mobiles\/srf-k\/\">SRF K<\/a><\/strong><\/strong><\/h3>\n\n\n\n<figure class=\"wp-block-image aligncenter size-medium\"><a href=\"https:\/\/obera.fr\/produits\/depoussiereurs-industriels\/mobiles\/srf-k\/\"><img decoding=\"async\" width=\"240\" height=\"300\" src=\"https:\/\/obera.fr\/wp-content\/uploads\/2025\/05\/srf-k-1-240x300.png\" alt=\"Kolektor pluhuri celular SRF-K\" class=\"wp-image-104035\" srcset=\"https:\/\/obera.fr\/wp-content\/uploads\/2025\/05\/srf-k-1-240x300.png 240w, https:\/\/obera.fr\/wp-content\/uploads\/2025\/05\/srf-k-1-819x1024.png 819w, https:\/\/obera.fr\/wp-content\/uploads\/2025\/05\/srf-k-1-768x960.png 768w, https:\/\/obera.fr\/wp-content\/uploads\/2025\/05\/srf-k-1.png 1080w\" sizes=\"(max-width: 240px) 100vw, 240px\" \/><\/a><figcaption class=\"wp-element-caption\">SRF-K<\/figcaption><\/figure>\n\n\n\n<p>SRF K \u00ebsht\u00eb gjithashtu nj\u00eb <a href=\"https:\/\/obera.fr\/sq\/produits\/depoussiereurs-industriels\/mobiles\/srf-k\/\" data-type=\"page\" data-id=\"436\">nxjerr\u00ebs m\u00eb i fuqish\u00ebm i tymit t\u00eb saldimit<\/a> , ai lejon thithjen e p\u00ebrpikt\u00eb ose t\u00eb vazhdueshme. Tymi filtrohet n\u00eb 99.9%, duke lejuar q\u00eb ajri i filtruar t\u00eb rifutet n\u00eb hap\u00ebsir\u00ebn e pun\u00ebs.   <\/p>\n\n\n\n<p>I disponuesh\u00ebm n\u00eb dy versione, <strong>SRF K-10<\/strong> q\u00eb ju lejon t\u00eb lidhni nj\u00eb krah thith\u00ebs ose nj\u00eb kapu\u00e7 nxjerrjeje, ideale p\u00ebr nj\u00eb stacion saldimi, dhe <strong>SRF K-15<\/strong> q\u00eb ju lejon t\u00eb pajisni deri n\u00eb dy krah\u00eb thith\u00ebs dhe k\u00ebshtu t\u00eb p\u00ebrpunoni dy stacione saldimi n\u00eb t\u00eb nj\u00ebjt\u00ebn koh\u00eb.  <\/p>\n\n\n\n<p>N\u00eb var\u00ebsi t\u00eb p\u00ebrdorimit, mund t\u00eb pajiset (opsionale) me filtra karboni aktiv t\u00eb projektuar p\u00ebr t\u00eb nxjerr\u00eb tymin e saldimit ose ndot\u00ebs t\u00eb tjer\u00eb q\u00eb mund t\u00eb gjenerojn\u00eb aroma. P\u00ebr pastrimin e mediave t\u00eb filtrit, k\u00ebto pajisje mund t\u00eb pajisen ose me nj\u00eb sistem pastrimi rrotullues manual ose me nj\u00eb sistem pastrimi automatik.<\/p>\n\n\n\n<p><\/p>\n<\/div>\n\n\n\n<div class=\"wp-block-column is-vertically-aligned-top is-layout-flow wp-block-column-is-layout-flow\">\n<h3 class=\"wp-block-heading has-text-align-center\"><strong><a href=\"https:\/\/obera.fr\/sq\/produits\/depoussiereurs-industriels\/mobiles\/extracteur-poussiere-dustomat-4\/\">DUSTOMAT 4<\/a><\/strong><\/h3>\n\n\n\n<figure class=\"wp-block-image aligncenter size-medium\"><a href=\"https:\/\/obera.fr\/produits\/depoussiereurs-industriels\/mobiles\/extracteur-poussiere-dustomat-4\/\"><img decoding=\"async\" width=\"300\" height=\"300\" src=\"https:\/\/obera.fr\/wp-content\/uploads\/2020\/08\/extracteur-poussiere-Dustomat-4-ATEX-300x300.png\" alt=\"Dustomat 4 Atex Dust Extractor\" class=\"wp-image-677\" srcset=\"https:\/\/obera.fr\/wp-content\/uploads\/2020\/08\/extracteur-poussiere-Dustomat-4-ATEX-300x300.png 300w, https:\/\/obera.fr\/wp-content\/uploads\/2020\/08\/extracteur-poussiere-Dustomat-4-ATEX-150x150.png 150w, https:\/\/obera.fr\/wp-content\/uploads\/2020\/08\/extracteur-poussiere-Dustomat-4-ATEX.png 600w\" sizes=\"(max-width: 300px) 100vw, 300px\" \/><\/a><figcaption class=\"wp-element-caption\">Dustomat 4<\/figcaption><\/figure>\n\n\n\n<p>DUSTOMAT 4 \u00ebsht\u00eb nj\u00eb <a href=\"https:\/\/obera.fr\/sq\/produits\/depoussiereurs-industriels\/mobiles\/extracteur-poussiere-dustomat-4\/\" data-type=\"page\" data-id=\"440\">grumbullues pluhuri i p\u00ebrshtatsh\u00ebm p\u00ebr pothuajse t\u00eb gjith\u00eb sektor\u00ebt industrial\u00eb<\/a> , ai mund t\u00eb nxjerr\u00eb pluhur dhe patate t\u00eb skuqura drejtp\u00ebrdrejt nga makina e prodhimit, por gjithashtu t\u00eb lidhet me nj\u00eb kapu\u00e7 nxjerrjeje, nj\u00eb krah thith\u00ebs ose nj\u00eb rrjet kanalesh. E pajisur me dy fuqi thith\u00ebse, ajo \u00ebsht\u00eb projektuar p\u00ebr t\u00eb siguruar qarkullim efikas dhe efektiv t\u00eb ajrit.   <\/p>\n\n\n\n<p>\u00cbsht\u00eb <strong>i qet\u00eb<\/strong> dhe konsumon shum\u00eb pak energji pavar\u00ebsisht fuqis\u00eb s\u00eb tij t\u00eb fort\u00eb thith\u00ebse. \u00cbsht\u00eb i pajisur me nj\u00eb parandar\u00ebs p\u00ebr grimcat e r\u00ebnda dhe t\u00eb trash\u00eb. Pastrimi (zhbllokimi) i filtrit b\u00ebhet duke p\u00ebrdorur aj\u00ebr t\u00eb kompresuar, duke leht\u00ebsuar mir\u00ebmbajtjen dhe duke garantuar jet\u00ebgjat\u00ebsin\u00eb e fishek\u00ebve t\u00eb filtrit.  <\/p>\n\n\n\n<p>(E disponueshme n\u00eb versionin <a href=\"https:\/\/obera.fr\/sq\/produits\/atex\/\" data-type=\"page\" data-id=\"372\">ATEX<\/a> )<\/p>\n<\/div>\n\n\n\n<div class=\"wp-block-column is-layout-flow wp-block-column-is-layout-flow\">\n<h3 class=\"wp-block-heading has-text-align-center\"><a href=\"https:\/\/obera.fr\/sq\/produits\/depoussiereurs-industriels\/mobiles\/na-2-2-depoussiereur-a-voie-humide\/\" data-type=\"page\" data-id=\"29480\">NA 2.2<\/a><\/h3>\n\n\n\n<figure class=\"wp-block-image aligncenter size-medium\"><a href=\"https:\/\/obera.fr\/produits\/depoussiereurs-industriels\/mobiles\/na-2-2-depoussiereur-a-voie-humide\/\"><img decoding=\"async\" width=\"300\" height=\"300\" src=\"https:\/\/obera.fr\/wp-content\/uploads\/2024\/04\/obera-na-2-2-depoussiereur-a-voie-humide-mobile-300x300.jpg\" alt=\"obera na 2 2 kolektor i l&#xEB;vizsh&#xEB;m pluhuri i lag&#xEB;sht\" class=\"wp-image-29475\" srcset=\"https:\/\/obera.fr\/wp-content\/uploads\/2024\/04\/obera-na-2-2-depoussiereur-a-voie-humide-mobile-300x300.jpg 300w, https:\/\/obera.fr\/wp-content\/uploads\/2024\/04\/obera-na-2-2-depoussiereur-a-voie-humide-mobile-150x150.jpg 150w, https:\/\/obera.fr\/wp-content\/uploads\/2024\/04\/obera-na-2-2-depoussiereur-a-voie-humide-mobile.jpg 600w\" sizes=\"(max-width: 300px) 100vw, 300px\" \/><\/a><figcaption class=\"wp-element-caption\">NA 2.2<\/figcaption><\/figure>\n<\/div>\n<\/div>\n\n<div class=\"wp-block-buttons is-horizontal is-content-justification-center is-layout-flex wp-container-core-buttons-is-layout-03627597 wp-block-buttons-is-layout-flex\">\n<div class=\"wp-block-button has-custom-width wp-block-button__width-100\"><a class=\"wp-block-button__link wp-element-button\" href=\"https:\/\/obera.fr\/sq\/na-kontaktoni\/\">M\u00ebsoni m\u00eb shum\u00eb<\/a><\/div>\n<\/div>\n\n<h2 class=\"wp-block-heading\">Cil\u00ebt ndot\u00ebs jan\u00eb n\u00eb gjendje t\u00eb trajtojn\u00eb sistemet tona mobile t\u00eb grumbullimit t\u00eb pluhurit?<\/h2>\n\n<p><a href=\"https:\/\/obera.fr\/sq\/produits\/depoussiereurs-industriels\/petits\/\">Mbledh\u00ebsit tan\u00eb t\u00eb vegj\u00ebl t\u00eb l\u00ebvizsh\u00ebm t\u00eb pluhurit<\/a> jan\u00eb n\u00eb gjendje t\u00eb <strong>trajtojn\u00eb pluhurin e im\u00ebt dhe ashk\u00ebl<\/strong> , por edhe mjegullat e vajit, tymin dhe aromat, n\u00eb sektor\u00eb t\u00eb ndrysh\u00ebm t\u00eb industris\u00eb si metali, plastika, druri, xehet, tekstilet, apo edhe letra\/kartoni.<\/p>\n\n<p>Pluhuri dhe ndot\u00ebsit e tjer\u00eb duhet t\u00eb trajtohen sepse paraqesin rrezik p\u00ebr trupin e njeriut. Thithja e ajrit t\u00eb ndotur mund t\u00eb shkaktoj\u00eb s\u00ebmundje kancerogjene, mutagjene dhe riprodhotoksike. Trajtimi i ajrit t\u00eb ndotur \u00ebsht\u00eb thelb\u00ebsor p\u00ebr pun\u00ebtor\u00ebt, cil\u00ebsin\u00eb e prodhimit, si dhe p\u00ebr pajtueshm\u00ebrin\u00eb me ligjet.<\/p>\n\n<h2 class=\"wp-block-heading\">Si t\u00eb zgjidhni sistemin e duhur t\u00eb grumbullimit t\u00eb pluhurit?<\/h2>\n\n<p>\u00cbsht\u00eb e r\u00ebnd\u00ebsishme t\u00eb zgjidhni me kujdes <a href=\"https:\/\/obera.fr\/sq\/produits\/depoussiereurs-industriels\/fixes\/\" data-type=\"link\" data-id=\"https:\/\/obera.fr\/produits\/depoussiereurs-industriels\/fixes\/\">kolektorin tuaj t\u00eb fiksuar t\u00eb pluhurit,<\/a> sepse pajisja mund t\u00eb konsumohet dhe t\u00eb mos funksionoj\u00eb m\u00eb. N\u00ebse po e b\u00ebni vet\u00eb k\u00ebrkimin tuaj, s\u00eb pari duhet t\u00eb m\u00ebsoni p\u00ebr kapacitetet filtruese t\u00eb pajisjes, kjo do t\u00eb varet nga ndot\u00ebsi juaj, madh\u00ebsia e tij, gjendja e tij (e ngurt\u00eb ose e gazt\u00eb) dhe sasia e tij. N\u00eb fakt, kjo do t&#8217;ju lejoj\u00eb t\u00eb zgjidhni llojin e filtrit q\u00eb duhet t\u00eb ket\u00eb <a href=\"https:\/\/obera.fr\/sq\/produits\/depoussiereurs-industriels\/fixes\/depoussiereur-a-voie-humide-dustomat-hydro\/\" data-type=\"page\" data-id=\"15983\">kolektori i lag\u00ebsht i pluhurit industrial<\/a> . S\u00eb dyti, duhet t\u00eb m\u00ebsoni p\u00ebr fuqin\u00eb e pajisjes, me fjal\u00eb t\u00eb tjera, shkall\u00ebn e rrjedh\u00ebs s\u00eb saj. Shkalla e rrjedh\u00ebs s\u00eb pajisjes do t\u00eb varet edhe nj\u00eb her\u00eb nga sasia e ndot\u00ebsit tuaj, por edhe nga sip\u00ebrfaqja e dhom\u00ebs suaj q\u00eb do t\u00eb trajtohet. Sa m\u00eb e madhe t\u00eb jet\u00eb hap\u00ebsira, aq m\u00eb shum\u00eb shpejt\u00ebsi do t\u00eb k\u00ebrkohet.     <\/p>\n\n<p>M\u00eb pas do t&#8217;ju duhet t\u00eb dini se me cilin aksesor t\u00eb pajisni makin\u00ebn tuaj: nj\u00eb k\u00ebll\u00ebf p\u00ebr t&#8217;u lidhur me makin\u00ebn e prodhimit ose nj\u00eb krah thith\u00ebs p\u00ebr nj\u00eb stacion pune.<\/p>\n\n<div class=\"wp-block-buttons is-horizontal is-content-justification-center is-layout-flex wp-container-core-buttons-is-layout-03627597 wp-block-buttons-is-layout-flex\">\n<div class=\"wp-block-button has-custom-width wp-block-button__width-100\"><a class=\"wp-block-button__link wp-element-button\" href=\"https:\/\/obera.fr\/sq\/na-kontaktoni\/\">M\u00ebsoni m\u00eb shum\u00eb<\/a><\/div>\n<\/div>\n\n<hr class=\"wp-block-separator has-css-opacity\"\/>\n\n<div class=\"wp-block-group is-layout-flow wp-block-group-is-layout-flow\">\n<h2 class=\"wp-block-heading\">Produkte t\u00eb tjera n\u00eb gam\u00ebn e kolektor\u00ebve industrial\u00eb t\u00eb pluhurit oberA<\/h2>\n\n\n\n<div class=\"wp-block-buttons is-content-justification-center is-layout-flex wp-container-core-buttons-is-layout-a89b3969 wp-block-buttons-is-layout-flex\">\n<div class=\"wp-block-button\"><a class=\"wp-block-button__link wp-element-button\" href=\"https:\/\/obera.fr\/produits\/depoussiereurs-industriels\/fixes\/\">MBLEDHJE T\u00cb FIKS T\u00cb PLUHIT  <\/a><\/div>\n\n\n\n<div class=\"wp-block-button\"><a class=\"wp-block-button__link wp-element-button\" href=\"https:\/\/obera.fr\/produits\/depoussiereurs-industriels\/petits\/\"> <strong>Mbledh\u00ebsit e vegj\u00ebl t\u00eb pluhurit<\/strong><\/a><\/div>\n<\/div>\n<\/div>\n","protected":false},"excerpt":{"rendered":"<p>Mbledh\u00ebsit tan\u00eb t\u00eb l\u00ebvizsh\u00ebm t\u00eb pluhurit p\u00ebrb\u00ebjn\u00eb nj\u00eb s\u00ebr\u00eb kolektor\u00ebsh t\u00eb fuqish\u00ebm industrial\u00eb pluhuri q\u00eb l\u00ebvizin leht\u00eb. K\u00ebto pajisje p\u00ebrshtaten n\u00eb m\u00ebnyr\u00eb t\u00eb p\u00ebrkryer me mjedisin tuaj p\u00ebr rehati optimale t\u00eb pun\u00ebs dhe efikasitet t\u00eb garantuar. K\u00ebto instalime p\u00ebr trajtimin e ajrit jan\u00eb projektuar p\u00ebr t&#8217;u lidhur drejtp\u00ebrdrejt me makinat e prodhimit n\u00ebp\u00ebrmjet nj\u00eb rrjeti kanalesh, ose p\u00ebr t\u00eb fshir\u00eb nj\u00eb stacion pune t\u00eb l\u00ebvizsh\u00ebm duke p\u00ebrdorur nj\u00eb krah thith\u00ebs ose nj\u00eb kapu\u00e7 nxjerrjeje, n\u00eb m\u00ebnyr\u00eb q\u00eb t\u00eb grumbullohen t\u00eb gjitha llojet e pluhurit dhe ndot\u00ebsve n\u00eb sasi t\u00eb m\u00ebdha direkt n\u00eb burimi. Gama jon\u00eb e kolektor\u00ebve t\u00eb l\u00ebvizsh\u00ebm t\u00eb &#8230; <\/p>\n<p class=\"read-more-container\"><a title=\"Mbledh\u00ebsit e l\u00ebvizsh\u00ebm t\u00eb pluhurit\" class=\"read-more button\" href=\"https:\/\/obera.fr\/sq\/produits\/depoussiereurs-industriels\/mobiles\/#more-46955\" aria-label=\"Read more about Mbledh\u00ebsit e l\u00ebvizsh\u00ebm t\u00eb pluhurit\">Lire la suite<\/a><\/p>\n","protected":false},"author":4,"featured_media":83732,"parent":45693,"menu_order":0,"comment_status":"closed","ping_status":"closed","template":"","meta":{"_acf_changed":false,"_seopress_robots_primary_cat":"","_seopress_titles_title":"Mbledh\u00ebsit e l\u00ebvizsh\u00ebm t\u00eb pluhurit DUSTOMAT, SRF-K dhe ePURBOX - oberA","_seopress_titles_desc":"Mbledh\u00ebsit tan\u00eb t\u00eb l\u00ebvizsh\u00ebm t\u00eb pluhurit industrial p\u00ebrshtaten n\u00eb m\u00ebnyr\u00eb t\u00eb p\u00ebrkryer me mjedisin tuaj p\u00ebr rehati optimale t\u00eb pun\u00ebs dhe efikasitet t\u00eb garantuar.","_seopress_robots_index":"","footnotes":""},"class_list":{"0":"post-46955","1":"page","2":"type-page","3":"status-publish","4":"has-post-thumbnail","6":"no-featured-image-padding","7":"resize-featured-image"},"acf":[],"_links":{"self":[{"href":"https:\/\/obera.fr\/sq\/wp-json\/wp\/v2\/pages\/46955","targetHints":{"allow":["GET"]}}],"collection":[{"href":"https:\/\/obera.fr\/sq\/wp-json\/wp\/v2\/pages"}],"about":[{"href":"https:\/\/obera.fr\/sq\/wp-json\/wp\/v2\/types\/page"}],"author":[{"embeddable":true,"href":"https:\/\/obera.fr\/sq\/wp-json\/wp\/v2\/users\/4"}],"replies":[{"embeddable":true,"href":"https:\/\/obera.fr\/sq\/wp-json\/wp\/v2\/comments?post=46955"}],"version-history":[{"count":10,"href":"https:\/\/obera.fr\/sq\/wp-json\/wp\/v2\/pages\/46955\/revisions"}],"predecessor-version":[{"id":117752,"href":"https:\/\/obera.fr\/sq\/wp-json\/wp\/v2\/pages\/46955\/revisions\/117752"}],"up":[{"embeddable":true,"href":"https:\/\/obera.fr\/sq\/wp-json\/wp\/v2\/pages\/45693"}],"wp:featuredmedia":[{"embeddable":true,"href":"https:\/\/obera.fr\/sq\/wp-json\/wp\/v2\/media\/83732"}],"wp:attachment":[{"href":"https:\/\/obera.fr\/sq\/wp-json\/wp\/v2\/media?parent=46955"}],"curies":[{"name":"wp","href":"https:\/\/api.w.org\/{rel}","templated":true}]}}