{"id":47110,"date":"2020-11-11T20:40:03","date_gmt":"2020-11-11T18:40:03","guid":{"rendered":"https:\/\/obera.fr\/seria-tk\/"},"modified":"2025-06-27T15:53:33","modified_gmt":"2025-06-27T13:53:33","slug":"tk-serie","status":"publish","type":"page","link":"https:\/\/obera.fr\/sq\/produits\/depoussiereurs-industriels\/petits\/tk-serie\/","title":{"rendered":"Seria TK"},"content":{"rendered":"\n<p><a href=\"https:\/\/obera.fr\/sq\/produits\/depoussiereurs-industriels\/mbledhesit-e-vegjel-industriale-te-pluhurit\/\" data-type=\"page\" data-id=\"393\">Kolektor\u00eb t\u00eb vegj\u00ebl pluhuri<\/a> p\u00ebr nxjerrjen e drejtp\u00ebrdrejt\u00eb n\u00eb makinerit\u00eb e p\u00ebrpunimit<\/p>\n\n<div class=\"wp-block-columns is-layout-flex wp-container-core-columns-is-layout-28f84493 wp-block-columns-is-layout-flex\">\n<div class=\"wp-block-column is-layout-flow wp-block-column-is-layout-flow\" style=\"flex-basis:33.33%\">\n<figure class=\"wp-block-image aligncenter size-full\"><img decoding=\"async\" width=\"600\" height=\"600\" src=\"https:\/\/obera.fr\/wp-content\/uploads\/2020\/11\/tk-series.jpg\" alt=\"Seria TK\" class=\"wp-image-1607\" srcset=\"https:\/\/obera.fr\/wp-content\/uploads\/2020\/11\/tk-series.jpg 600w, https:\/\/obera.fr\/wp-content\/uploads\/2020\/11\/tk-series-300x300.jpg 300w, https:\/\/obera.fr\/wp-content\/uploads\/2020\/11\/tk-series-150x150.jpg 150w\" sizes=\"(max-width: 600px) 100vw, 600px\" \/><\/figure>\n<\/div>\n\n\n\n<div class=\"wp-block-column is-layout-flow wp-block-column-is-layout-flow\" style=\"flex-basis:66.66%\">\n<p><strong>Nxjerr\u00ebsit e vegj\u00ebl t\u00eb pluhurit<\/strong> t\u00eb seris\u00eb TK jan\u00eb projektuar p\u00ebr p\u00ebrdorim sporadik p\u00ebr nxjerrjen e nj\u00eb vendi n\u00eb pun\u00ebtori mekanike dhe biznese t\u00eb p\u00ebrpunimit t\u00eb metaleve. Ajri me pluhur pastrohet nga filtri i p\u00eblhur\u00ebs s\u00eb pastrueshme, i cili lejon q\u00eb ajri t\u00eb kthehet n\u00eb zon\u00ebn e pun\u00ebs. Fal\u00eb madh\u00ebsis\u00eb s\u00eb tij t\u00eb vog\u00ebl, mbledh\u00ebsit e pluhurit mund t\u00eb ngjiten shpejt dhe leht\u00eb n\u00ebn tavolina ose n\u00eb rafte.  <\/p>\n\n\n\n<p>P\u00ebr t\u00eb p\u00ebrforcuar k\u00ebt\u00eb instalim, mund t\u00eb merret parasysh integrimi i nj\u00eb <a href=\"https:\/\/obera.fr\/sq\/produits\/bras-dispositifs-captation\/capot-industriel\/\">mbulese industriale<\/a> . Ky mbules\u00eb, <strong>i projektuar posa\u00e7\u00ebrisht p\u00ebr p\u00ebrdorim industrial,<\/strong> rrit efikasitetin e kapjes s\u00eb pluhurit duke p\u00ebrqendruar rrjedh\u00ebn e ajrit t\u00eb thithur dhe duke mbrojtur mjedisin e af\u00ebrt. <\/p>\n\n\n\n<p>P\u00ebr sa i p\u00ebrket zgjedhjes s\u00eb kolektorit t\u00eb pluhurit, \u00ebsht\u00eb thelb\u00ebsore t\u00eb shtrohet pyetja: \u201c <a href=\"https:\/\/obera.fr\/sq\/keshilla-jone-sq\/quel-depoussiereur-choisir-selon-type-poussiere\/\">Cilin kolektor pluhuri t\u00eb zgjedhim\u201d?<\/a> P\u00ebr t&#8217;iu p\u00ebrgjigjur k\u00ebsaj pyetjeje duhet t\u00eb merren parasysh disa faktor\u00eb, si v\u00ebllimi i pluhurit t\u00eb krijuar, lloji i grimcave dhe kushtet specifike t\u00eb punishtes. Nj\u00eb <strong>kolektor i p\u00ebrshtatsh\u00ebm industrial i pluhurit<\/strong> duhet t\u00eb jet\u00eb n\u00eb gjendje t\u00eb menaxhoj\u00eb n\u00eb m\u00ebnyr\u00eb efektive llojet e pluhurit q\u00eb hasen, nd\u00ebrsa p\u00ebrmasat e duhura p\u00ebr hap\u00ebsir\u00ebn e disponueshme.  <\/p>\n\n\n\n<p>Nj\u00eb aspekt tjet\u00ebr vendimtar \u00ebsht\u00eb siguria, ve\u00e7an\u00ebrisht <a href=\"https:\/\/obera.fr\/sq\/keshilla-jone-sq\/procede-depoussierage-risque-explosion-incendie\/\">rreziku i shp\u00ebrthimit<\/a> . N\u00eb mjediset ku ka pluhur metali ose grimca t\u00eb tjera t\u00eb ndezshme, <strong>kolektori i pluhurit duhet t\u00eb jet\u00eb i pajisur me sisteme parandalimi dhe mbrojtjeje nga shp\u00ebrthimet<\/strong> . Kjo p\u00ebrfshin pajisje t\u00eb tilla si valvulat e kontrollit, sistemet e shtypjes s\u00eb shp\u00ebrthimit dhe dizajne q\u00eb minimizojn\u00eb rrezikun e shk\u00ebndijave.  <\/p>\n\n\n\n<p>P\u00ebr t\u00eb siguruar nj\u00eb mjedis pune t\u00eb sigurt dhe t\u00eb past\u00ebr, \u00ebsht\u00eb thelb\u00ebsore t\u00eb zgjidhni nj\u00eb <a href=\"https:\/\/obera.fr\/sq\/produits\/depoussiereurs-industriels\/\">kolektor industrial t\u00eb p\u00ebrshtatsh\u00ebm pluhuri<\/a> , t\u00eb plot\u00ebsoni sistemin me nj\u00eb kapu\u00e7 industrial n\u00ebse \u00ebsht\u00eb e nevojshme dhe t\u00eb siguroheni q\u00eb t\u00eb gjitha pajisjet t\u00eb jen\u00eb <strong>t\u00eb p\u00ebrshtatshme p\u00ebr t\u00eb minimizuar rreziqet<\/strong> , duke p\u00ebrfshir\u00eb shp\u00ebrthimin, duke maksimizuar efikasitetin e pluhurit. kapjen.<\/p>\n\n\n\n<div class=\"wp-block-columns is-layout-flex wp-container-core-columns-is-layout-28f84493 wp-block-columns-is-layout-flex\">\n<div class=\"wp-block-column is-layout-flow wp-block-column-is-layout-flow\" style=\"flex-basis:33.34%\">\n<div class=\"wp-block-buttons is-content-justification-center is-layout-flex wp-container-core-buttons-is-layout-a89b3969 wp-block-buttons-is-layout-flex\">\n<div class=\"wp-block-button\"><a class=\"wp-block-button__link wp-element-button\" href=\"https:\/\/obera.fr\/wp-content\/uploads\/2025\/05\/brochure-tk-fr.pdf\">Shkarkoni broshur\u00ebn<\/a><\/div>\n<\/div>\n<\/div>\n\n\n\n<div class=\"wp-block-column is-layout-flow wp-block-column-is-layout-flow\" style=\"flex-basis:33.34%\">\n<div class=\"wp-block-buttons is-horizontal is-content-justification-center is-layout-flex wp-container-core-buttons-is-layout-03627597 wp-block-buttons-is-layout-flex\">\n<div class=\"wp-block-button has-custom-width wp-block-button__width-100\"><a class=\"wp-block-button__link wp-element-button\" href=\"https:\/\/obera.fr\/sq\/na-kontaktoni\/\">M\u00ebsoni m\u00eb shum\u00eb<\/a><\/div>\n<\/div>\n<\/div>\n\n\n\n<div class=\"wp-block-column is-layout-flow wp-block-column-is-layout-flow\" style=\"flex-basis:33.33%\">\n<div class=\"wp-block-buttons is-content-justification-center is-layout-flex wp-container-core-buttons-is-layout-a89b3969 wp-block-buttons-is-layout-flex\">\n<div class=\"wp-block-button btn-devis-source\"><a class=\"wp-block-button__link wp-element-button\" href=\"https:\/\/obera.fr\/sq\/devis\/\">K\u00ebrkes\u00eb p\u00ebr kuot\u00eb<\/a><\/div>\n<\/div>\n\n\n<script>\r\ndocument.addEventListener('DOMContentLoaded', function() {\r\n    \/\/ 1. On cherche le titre H1 de la page\r\n    var h1 = document.querySelector('h1');\r\n    var productTitle = h1 ? h1.innerText.trim() : \"\";\r\n\r\n    \/\/ 2. On cherche les boutons via la classe CSS .btn-devis-source\r\n    var buttons = document.querySelectorAll('.btn-devis-source a');\r\n\r\n    \/\/ 3. Si on a le titre et les boutons, on ajoute le param\u00e8tre\r\n    if (buttons.length > 0 && productTitle !== \"\") {\r\n        var encodedTitle = encodeURIComponent(productTitle);\r\n\r\n        buttons.forEach(function(btn) {\r\n            var currentHref = btn.getAttribute('href');\r\n            \r\n            \/\/ S\u00e9curit\u00e9 pour ne pas ajouter le param\u00e8tre 2 fois\r\n            if (currentHref.indexOf('sujet=') === -1) {\r\n                var separator = currentHref.indexOf('?') !== -1 ? '&' : '?';\r\n                var newLink = currentHref + separator + 'sujet=' + encodedTitle;\r\n                \r\n                btn.setAttribute('href', newLink);\r\n            }\r\n        });\r\n    }\r\n});\r\n<\/script><\/div>\n<\/div>\n<\/div>\n<\/div>\n\n<figure class=\"wp-block-gallery has-nested-images columns-default wp-block-gallery-1 is-layout-flex wp-block-gallery-is-layout-flex\">\n<figure class=\"wp-block-image size-large\"><img decoding=\"async\" width=\"1024\" height=\"576\" data-id=\"1791\" src=\"https:\/\/obera.fr\/wp-content\/uploads\/2020\/11\/TK-Filtration-1024x576.jpg\" alt=\"Tk Filtrimi\" class=\"wp-image-1791\" srcset=\"https:\/\/obera.fr\/wp-content\/uploads\/2020\/11\/TK-Filtration-1024x576.jpg 1024w, https:\/\/obera.fr\/wp-content\/uploads\/2020\/11\/TK-Filtration-300x169.jpg 300w, https:\/\/obera.fr\/wp-content\/uploads\/2020\/11\/TK-Filtration-768x432.jpg 768w, https:\/\/obera.fr\/wp-content\/uploads\/2020\/11\/TK-Filtration.jpg 1200w\" sizes=\"(max-width: 1024px) 100vw, 1024px\" \/><figcaption class=\"wp-element-caption\">Filtrimi<\/figcaption><\/figure>\n\n\n\n<figure class=\"wp-block-image size-large\"><img decoding=\"async\" width=\"1024\" height=\"576\" data-id=\"1792\" src=\"https:\/\/obera.fr\/wp-content\/uploads\/2020\/11\/TK-tiroir-des-dechets-1024x576.jpg\" alt=\"Tk sirtar i mbetjeve\" class=\"wp-image-1792\" srcset=\"https:\/\/obera.fr\/wp-content\/uploads\/2020\/11\/TK-tiroir-des-dechets-1024x576.jpg 1024w, https:\/\/obera.fr\/wp-content\/uploads\/2020\/11\/TK-tiroir-des-dechets-300x169.jpg 300w, https:\/\/obera.fr\/wp-content\/uploads\/2020\/11\/TK-tiroir-des-dechets-768x432.jpg 768w, https:\/\/obera.fr\/wp-content\/uploads\/2020\/11\/TK-tiroir-des-dechets.jpg 1200w\" sizes=\"(max-width: 1024px) 100vw, 1024px\" \/><figcaption class=\"wp-element-caption\">sirtar mbeturinash<\/figcaption><\/figure>\n<\/figure>\n\n<div class=\"wp-block-columns is-layout-flex wp-container-core-columns-is-layout-28f84493 wp-block-columns-is-layout-flex\">\n<div class=\"wp-block-column is-layout-flow wp-block-column-is-layout-flow\">\n<h2 class=\"wp-block-heading has-text-align-center\">P\u00ebrfitimet<\/h2>\n\n\n\n<ul class=\"wp-block-list\">\n<li>Gjurm\u00eb e vog\u00ebl fal\u00eb dizajnit kompakt<\/li>\n\n\n\n<li>Leht\u00eb p\u00ebr t&#8217;u p\u00ebrdorur<\/li>\n\n\n\n<li>Kosto t\u00eb ul\u00ebta funksionimi fal\u00eb filtrit t\u00eb qeseve t\u00eb pastrueshme<\/li>\n\n\n\n<li>Mir\u00ebmbajtje e ul\u00ebt<\/li>\n\n\n\n<li>Filt\u00ebr xhepi i past\u00ebr dhe afatgjat\u00eb<\/li>\n\n\n\n<li>Sirtar i fort\u00eb p\u00ebr grumbullimin e pluhurit<\/li>\n<\/ul>\n<\/div>\n\n\n\n<div class=\"wp-block-column is-layout-flow wp-block-column-is-layout-flow\">\n<h2 class=\"wp-block-heading has-text-align-center\">Karakteristika t\u00eb ve\u00e7anta<\/h2>\n\n\n\n<ul class=\"wp-block-list\">\n<li>Pastrimi manual i filtrit t\u00eb qeseve<\/li>\n\n\n\n<li>Instalim i pal\u00ebvizsh\u00ebm<\/li>\n<\/ul>\n<\/div>\n\n\n\n<div class=\"wp-block-column is-layout-flow wp-block-column-is-layout-flow\">\n<h2 class=\"wp-block-heading has-text-align-center\">Ve\u00e7orit\u00eb<\/h2>\n\n\n\n<ul class=\"wp-block-list\">\n<li>P\u00ebr thithje t\u00eb drejtp\u00ebrdrejt\u00eb n\u00eb makinat bluar\u00ebse, frezuese dhe g\u00ebrryer\u00ebse<\/li>\n\n\n\n<li>P\u00ebr p\u00ebrdorim sporadik me sasi t\u00eb vogla pluhuri<\/li>\n<\/ul>\n<\/div>\n<\/div>\n\n<h2 class=\"wp-block-heading\">Aplikacionet<\/h2>\n\n<div class=\"wp-block-columns is-layout-flex wp-container-core-columns-is-layout-28f84493 wp-block-columns-is-layout-flex\">\n<div class=\"wp-block-column is-layout-flow wp-block-column-is-layout-flow\">\n<h3 class=\"wp-block-heading has-text-align-center\">Ndot\u00ebsit<\/h3>\n\n\n\n<hr class=\"wp-block-separator has-css-opacity is-style-wide\"\/>\n\n\n\n<div class=\"wp-block-columns is-layout-flex wp-container-core-columns-is-layout-28f84493 wp-block-columns-is-layout-flex\">\n<div class=\"wp-block-column is-layout-flow wp-block-column-is-layout-flow\">\n<figure class=\"wp-block-image aligncenter size-large\"><img decoding=\"async\" width=\"70\" height=\"70\" src=\"https:\/\/obera.fr\/wp-content\/uploads\/2020\/08\/polluants-poussieres.jpg\" alt=\"Ndot&#xEB;sit e pluhurit\" class=\"wp-image-675\"\/><figcaption class=\"wp-element-caption\">Pluhuri<\/figcaption><\/figure>\n\n\n\n<figure class=\"wp-block-image aligncenter size-large\"><img decoding=\"async\" width=\"70\" height=\"70\" src=\"https:\/\/obera.fr\/wp-content\/uploads\/2020\/08\/polluants-copeaux-bois.jpg\" alt=\"Ndot&#xEB;s patate t&#xEB; skuqura druri\" class=\"wp-image-674\"\/><figcaption class=\"wp-element-caption\">Ashk\u00ebl<\/figcaption><\/figure>\n<\/div>\n\n\n\n<div class=\"wp-block-column is-layout-flow wp-block-column-is-layout-flow\">\n<figure class=\"wp-block-image aligncenter size-large\"><img decoding=\"async\" width=\"70\" height=\"70\" src=\"https:\/\/obera.fr\/wp-content\/uploads\/2020\/08\/industrie-fumees.jpg\" alt=\"Tymrat e industris&#xEB;\" class=\"wp-image-722\"\/><figcaption class=\"wp-element-caption\">Tymrat<\/figcaption><\/figure>\n<\/div>\n<\/div>\n\n\n\n<p><\/p>\n<\/div>\n\n\n\n<div class=\"wp-block-column is-layout-flow wp-block-column-is-layout-flow\">\n<h3 class=\"wp-block-heading has-text-align-center\">Industrit\u00eb<\/h3>\n\n\n\n<hr class=\"wp-block-separator has-css-opacity is-style-wide\"\/>\n\n\n\n<div class=\"wp-block-columns is-layout-flex wp-container-core-columns-is-layout-28f84493 wp-block-columns-is-layout-flex\">\n<div class=\"wp-block-column is-layout-flow wp-block-column-is-layout-flow\">\n<figure class=\"wp-block-image aligncenter size-large\"><img decoding=\"async\" width=\"70\" height=\"70\" src=\"https:\/\/obera.fr\/wp-content\/uploads\/2020\/08\/industrie-metallurgie.jpg\" alt=\"Industria Metalurgji\" class=\"wp-image-673\"\/><figcaption class=\"wp-element-caption\">Metalurgji<\/figcaption><\/figure>\n<\/div>\n\n\n\n<div class=\"wp-block-column is-layout-flow wp-block-column-is-layout-flow\">\n<figure class=\"wp-block-image aligncenter size-large\"><img decoding=\"async\" width=\"70\" height=\"70\" src=\"https:\/\/obera.fr\/wp-content\/uploads\/2020\/08\/industrie-plastique.jpg\" alt=\"Industria e plastik&#xEB;s\" class=\"wp-image-669\"\/><figcaption class=\"wp-element-caption\">Plastika<\/figcaption><\/figure>\n<\/div>\n<\/div>\n<\/div>\n<\/div>\n\n<div class=\"wp-block-buttons is-horizontal is-content-justification-center is-layout-flex wp-container-core-buttons-is-layout-03627597 wp-block-buttons-is-layout-flex\">\n<div class=\"wp-block-button has-custom-width wp-block-button__width-100\"><a class=\"wp-block-button__link wp-element-button\" href=\"https:\/\/obera.fr\/sq\/na-kontaktoni\/\">M\u00ebsoni m\u00eb shum\u00eb<\/a><\/div>\n<\/div>\n\n<h2 class=\"wp-block-heading\">Karakteristikat teknike<\/h2>\n\n<table id=\"tablepress-154\" class=\"tablepress tablepress-id-154\">\n<thead>\n<tr class=\"row-1\">\n\t<th class=\"column-1\">Appareil<\/th><td class=\"column-2\"><\/td><th class=\"column-3\">4<\/th><th class=\"column-4\">6<\/th>\n<\/tr>\n<\/thead>\n<tbody class=\"row-striping row-hover\">\n<tr class=\"row-2\">\n\t<td class=\"column-1\">D\u00e9bit<\/td><td class=\"column-2\">m3\/h<\/td><td class=\"column-3\">300<\/td><td class=\"column-4\">450<\/td>\n<\/tr>\n<tr class=\"row-3\">\n\t<td class=\"column-1\">Diam\u00e8tre d'entr\u00e9e<\/td><td class=\"column-2\">mm<\/td><td class=\"column-3\">60<\/td><td class=\"column-4\">80<\/td>\n<\/tr>\n<tr class=\"row-4\">\n\t<td class=\"column-1\">pression n\u00e9gative max<\/td><td class=\"column-2\">Pa<\/td><td class=\"column-3\">1400<\/td><td class=\"column-4\">1400<\/td>\n<\/tr>\n<tr class=\"row-5\">\n\t<td class=\"column-1\">Tension d'alimentation<\/td><td class=\"column-2\">V<\/td><td class=\"column-3\">400<\/td><td class=\"column-4\">400<\/td>\n<\/tr>\n<tr class=\"row-6\">\n\t<td class=\"column-1\">Puissance<\/td><td class=\"column-2\">kW<\/td><td class=\"column-3\">0.55<\/td><td class=\"column-4\">0.55<\/td>\n<\/tr>\n<tr class=\"row-7\">\n\t<td class=\"column-1\">Dimensions<\/td><td class=\"column-2\">l\/L\/h (mm)<\/td><td class=\"column-3\">400 x 400 x 590<\/td><td class=\"column-4\">400 x 400 x 590<\/td>\n<\/tr>\n<tr class=\"row-8\">\n\t<td class=\"column-1\">Poids<\/td><td class=\"column-2\">kg<\/td><td class=\"column-3\">40<\/td><td class=\"column-4\">40<\/td>\n<\/tr>\n<tr class=\"row-9\">\n\t<td class=\"column-1\">Niveau de Bruyance<\/td><td class=\"column-2\">dB(A)<\/td><td class=\"column-3\">68<\/td><td class=\"column-4\">68<\/td>\n<\/tr>\n<\/tbody>\n<\/table>\n\n\n<hr class=\"wp-block-separator has-css-opacity is-style-dots\"\/>\n\n<h2 class=\"wp-block-heading\">Mbledh\u00ebsit e tjer\u00eb t\u00eb vegj\u00ebl pluhuri nga marka oberA<\/h2>\n\n<div class=\"wp-block-columns is-layout-flex wp-container-core-columns-is-layout-28f84493 wp-block-columns-is-layout-flex\">\n<div class=\"wp-block-column is-layout-flow wp-block-column-is-layout-flow\">\n<figure class=\"wp-block-image aligncenter size-medium\"><a href=\"https:\/\/obera.fr\/produits\/depoussiereurs-industriels\/petits\/jumbo\/\"><img decoding=\"async\" width=\"300\" height=\"300\" src=\"https:\/\/obera.fr\/wp-content\/uploads\/2020\/10\/jumbo-300x300.png\" alt=\"Jumbo\" class=\"wp-image-1171\" srcset=\"https:\/\/obera.fr\/wp-content\/uploads\/2020\/10\/jumbo-300x300.png 300w, https:\/\/obera.fr\/wp-content\/uploads\/2020\/10\/jumbo-150x150.png 150w, https:\/\/obera.fr\/wp-content\/uploads\/2020\/10\/jumbo.png 500w\" sizes=\"(max-width: 300px) 100vw, 300px\" \/><\/a><figcaption class=\"wp-element-caption\">Jumbo<\/figcaption><\/figure>\n<\/div>\n\n\n\n<div class=\"wp-block-column is-layout-flow wp-block-column-is-layout-flow\">\n<figure class=\"wp-block-image aligncenter size-full is-resized\"><a href=\"https:\/\/obera.fr\/produits\/depoussiereurs-industriels\/petits\/srf-t\/\"><img decoding=\"async\" width=\"600\" height=\"600\" src=\"https:\/\/obera.fr\/wp-content\/uploads\/2020\/10\/SRF-T-SF.png\" alt=\"Smoke - Dust Collector\" class=\"wp-image-1310\" style=\"width:300px;height:300px\" srcset=\"https:\/\/obera.fr\/wp-content\/uploads\/2020\/10\/SRF-T-SF.png 600w, https:\/\/obera.fr\/wp-content\/uploads\/2020\/10\/SRF-T-SF-300x300.png 300w, https:\/\/obera.fr\/wp-content\/uploads\/2020\/10\/SRF-T-SF-150x150.png 150w\" sizes=\"(max-width: 600px) 100vw, 600px\" \/><\/a><figcaption class=\"wp-element-caption\">SRF-T<\/figcaption><\/figure>\n<\/div>\n\n\n\n<div class=\"wp-block-column is-layout-flow wp-block-column-is-layout-flow\">\n<figure class=\"wp-block-image aligncenter size-medium\"><a href=\"https:\/\/obera.fr\/produits\/depoussiereurs-industriels\/petits\/aspiration-fumees-soudage-laser-epur-b-ex\/\"><img decoding=\"async\" width=\"300\" height=\"300\" src=\"https:\/\/obera.fr\/wp-content\/uploads\/2023\/10\/epurb-ex-1000-3000-5000-300x300.png\" alt=\"oberA epur b ex 1000 3000 5000\" class=\"wp-image-25016\" srcset=\"https:\/\/obera.fr\/wp-content\/uploads\/2023\/10\/epurb-ex-1000-3000-5000-300x300.png 300w, https:\/\/obera.fr\/wp-content\/uploads\/2023\/10\/epurb-ex-1000-3000-5000-150x150.png 150w, https:\/\/obera.fr\/wp-content\/uploads\/2023\/10\/epurb-ex-1000-3000-5000.png 600w\" sizes=\"(max-width: 300px) 100vw, 300px\" \/><\/a><figcaption class=\"wp-element-caption\">EPUR B EX 1000<\/figcaption><\/figure>\n<\/div>\n<\/div>\n\n<p><\/p>\n","protected":false},"excerpt":{"rendered":"<p>Kolektor\u00eb t\u00eb vegj\u00ebl pluhuri p\u00ebr nxjerrjen e drejtp\u00ebrdrejt\u00eb n\u00eb makinerit\u00eb e p\u00ebrpunimit Nxjerr\u00ebsit e vegj\u00ebl t\u00eb pluhurit t\u00eb seris\u00eb TK jan\u00eb projektuar p\u00ebr p\u00ebrdorim sporadik p\u00ebr nxjerrjen e nj\u00eb vendi n\u00eb pun\u00ebtori mekanike dhe biznese t\u00eb p\u00ebrpunimit t\u00eb metaleve. Ajri me pluhur pastrohet nga filtri i p\u00eblhur\u00ebs s\u00eb pastrueshme, i cili lejon q\u00eb ajri t\u00eb kthehet n\u00eb zon\u00ebn e pun\u00ebs. Fal\u00eb madh\u00ebsis\u00eb s\u00eb tij t\u00eb vog\u00ebl, mbledh\u00ebsit e pluhurit mund t\u00eb ngjiten shpejt dhe leht\u00eb n\u00ebn tavolina ose n\u00eb rafte. P\u00ebr t\u00eb p\u00ebrforcuar k\u00ebt\u00eb instalim, mund t\u00eb merret parasysh integrimi i nj\u00eb mbulese industriale . Ky mbules\u00eb, i projektuar posa\u00e7\u00ebrisht &#8230; <\/p>\n<p class=\"read-more-container\"><a title=\"Seria TK\" class=\"read-more button\" href=\"https:\/\/obera.fr\/sq\/produits\/depoussiereurs-industriels\/petits\/tk-serie\/#more-47110\" aria-label=\"Read more about Seria TK\">Lire la suite<\/a><\/p>\n","protected":false},"author":4,"featured_media":37331,"parent":48262,"menu_order":0,"comment_status":"closed","ping_status":"closed","template":"","meta":{"_acf_changed":false,"_seopress_robots_primary_cat":"","_seopress_titles_title":"Seria TK: Kolektor\u00eb t\u00eb vegj\u00ebl pluhuri p\u00ebr nxjerrje t\u00eb drejtp\u00ebrdrejt\u00eb","_seopress_titles_desc":"Nxjerr\u00ebsit e vegj\u00ebl t\u00eb pluhurit t\u00eb seris\u00eb TK jan\u00eb projektuar p\u00ebr nxjerrjen n\u00eb nj\u00eb vend n\u00eb punishtet mekanike dhe kompanit\u00eb e p\u00ebrpunimit t\u00eb metaleve.","_seopress_robots_index":"","footnotes":""},"class_list":{"0":"post-47110","1":"page","2":"type-page","3":"status-publish","4":"has-post-thumbnail","6":"no-featured-image-padding","7":"resize-featured-image"},"acf":[],"_links":{"self":[{"href":"https:\/\/obera.fr\/sq\/wp-json\/wp\/v2\/pages\/47110","targetHints":{"allow":["GET"]}}],"collection":[{"href":"https:\/\/obera.fr\/sq\/wp-json\/wp\/v2\/pages"}],"about":[{"href":"https:\/\/obera.fr\/sq\/wp-json\/wp\/v2\/types\/page"}],"author":[{"embeddable":true,"href":"https:\/\/obera.fr\/sq\/wp-json\/wp\/v2\/users\/4"}],"replies":[{"embeddable":true,"href":"https:\/\/obera.fr\/sq\/wp-json\/wp\/v2\/comments?post=47110"}],"version-history":[{"count":10,"href":"https:\/\/obera.fr\/sq\/wp-json\/wp\/v2\/pages\/47110\/revisions"}],"predecessor-version":[{"id":117437,"href":"https:\/\/obera.fr\/sq\/wp-json\/wp\/v2\/pages\/47110\/revisions\/117437"}],"up":[{"embeddable":true,"href":"https:\/\/obera.fr\/sq\/wp-json\/wp\/v2\/pages\/48262"}],"wp:featuredmedia":[{"embeddable":true,"href":"https:\/\/obera.fr\/sq\/wp-json\/wp\/v2\/media\/37331"}],"wp:attachment":[{"href":"https:\/\/obera.fr\/sq\/wp-json\/wp\/v2\/media?parent=47110"}],"curies":[{"name":"wp","href":"https:\/\/api.w.org\/{rel}","templated":true}]}}