{"id":47251,"date":"2021-09-17T09:11:07","date_gmt":"2021-09-17T07:11:07","guid":{"rendered":"https:\/\/obera.fr\/sensori-i-co2-obcare\/"},"modified":"2025-11-15T17:20:45","modified_gmt":"2025-11-15T15:20:45","slug":"capteur-co2-obcare","status":"publish","type":"page","link":"https:\/\/obera.fr\/sq\/produits\/analyseurs-air\/capteur-co2-obcare\/","title":{"rendered":"Sensori i CO2 OBCARE"},"content":{"rendered":"\n<h2 class=\"wp-block-heading\">Matja e cil\u00ebsis\u00eb s\u00eb ajrit me semafor\u00eb<\/h2>\n\n<div class=\"wp-block-columns is-layout-flex wp-container-core-columns-is-layout-28f84493 wp-block-columns-is-layout-flex\">\n<div class=\"wp-block-column is-layout-flow wp-block-column-is-layout-flow\" style=\"flex-basis:33.33%\">\n<figure class=\"wp-block-image aligncenter size-full is-resized\"><img decoding=\"async\" width=\"300\" height=\"212\" src=\"https:\/\/obera.fr\/wp-content\/uploads\/2021\/11\/Capteur_CO2_OBCARE.png\" alt=\"sensori i paqart&#xEB; CO2\" class=\"wp-image-7611\" style=\"width:300px;height:212px\"\/><figcaption class=\"wp-element-caption\">KUJDES<\/figcaption><\/figure>\n<\/div>\n\n\n\n<div class=\"wp-block-column is-vertically-aligned-center is-layout-flow wp-block-column-is-layout-flow\" style=\"flex-basis:66.66%\">\n<p>Sensori i CO2 <strong>OBCARE <\/strong>mund\u00ebson monitorimin n\u00eb koh\u00eb reale t\u00eb cil\u00ebsis\u00eb s\u00eb ajrit brenda hap\u00ebsirave t\u00eb mbyllura. Ekrani i tij shum\u00ebngjyr\u00ebsh me drita sinjalizuese ofron nj\u00eb pasqyr\u00eb t\u00eb menj\u00ebhershme t\u00eb cil\u00ebsis\u00eb s\u00eb ajrit dhe shfaq <strong>p\u00ebrqendrimin e CO2 n\u00eb ppm<\/strong>. K\u00ebto drita sh\u00ebrbejn\u00eb si tregues vizual\u00eb t\u00eb qart\u00eb dhe paralajm\u00ebrojn\u00eb p\u00ebrdoruesit p\u00ebr masat q\u00eb duhen marr\u00eb: <strong>pastrimi i ajrit <\/strong>n\u00ebp\u00ebrmjet vendosjes s\u00eb nj\u00ebsive mobile t\u00eb pastrimit t\u00eb ajrit dhe\/ose <strong>ajrosja natyrale<\/strong> n\u00ebp\u00ebrmjet ventilimit.<\/p>\n\n\n\n<div class=\"wp-block-columns is-layout-flex wp-container-core-columns-is-layout-28f84493 wp-block-columns-is-layout-flex\">\n<div class=\"wp-block-column is-layout-flow wp-block-column-is-layout-flow\" style=\"flex-basis:33.34%\">\n<div class=\"wp-block-buttons is-content-justification-center is-layout-flex wp-container-core-buttons-is-layout-a89b3969 wp-block-buttons-is-layout-flex\">\n<div class=\"wp-block-button\"><a class=\"wp-block-button__link wp-element-button\" href=\"https:\/\/obera.fr\/wp-content\/uploads\/2025\/06\/brochure-obcare.pdf\">Shkarkoni broshur\u00ebn<\/a><\/div>\n<\/div>\n<\/div>\n\n\n\n<div class=\"wp-block-column is-layout-flow wp-block-column-is-layout-flow\" style=\"flex-basis:33.34%\">\n<div class=\"wp-block-buttons is-horizontal is-content-justification-center is-layout-flex wp-container-core-buttons-is-layout-03627597 wp-block-buttons-is-layout-flex\">\n<div class=\"wp-block-button\"><a class=\"wp-block-button__link wp-element-button\" href=\"https:\/\/boutique.obera.fr\/52-acheter-capteur-co2-obcare.html\" target=\"_blank\" rel=\"noreferrer noopener\">Blini sensorin OBCARE CO2  <\/a><\/div>\n<\/div>\n<\/div>\n\n\n\n<div class=\"wp-block-column is-layout-flow wp-block-column-is-layout-flow\" style=\"flex-basis:33.33%\">\n<div class=\"wp-block-buttons is-content-justification-center is-layout-flex wp-container-core-buttons-is-layout-a89b3969 wp-block-buttons-is-layout-flex\">\n<div class=\"wp-block-button btn-devis-source\"><a class=\"wp-block-button__link wp-element-button\" href=\"https:\/\/obera.fr\/sq\/devis\/\">K\u00ebrkes\u00eb p\u00ebr kuot\u00eb<\/a><\/div>\n<\/div>\n\n\n<script>\r\ndocument.addEventListener('DOMContentLoaded', function() {\r\n    \/\/ 1. On cherche le titre H1 de la page\r\n    var h1 = document.querySelector('h1');\r\n    var productTitle = h1 ? h1.innerText.trim() : \"\";\r\n\r\n    \/\/ 2. On cherche les boutons via la classe CSS .btn-devis-source\r\n    var buttons = document.querySelectorAll('.btn-devis-source a');\r\n\r\n    \/\/ 3. Si on a le titre et les boutons, on ajoute le param\u00e8tre\r\n    if (buttons.length > 0 && productTitle !== \"\") {\r\n        var encodedTitle = encodeURIComponent(productTitle);\r\n\r\n        buttons.forEach(function(btn) {\r\n            var currentHref = btn.getAttribute('href');\r\n            \r\n            \/\/ S\u00e9curit\u00e9 pour ne pas ajouter le param\u00e8tre 2 fois\r\n            if (currentHref.indexOf('sujet=') === -1) {\r\n                var separator = currentHref.indexOf('?') !== -1 ? '&' : '?';\r\n                var newLink = currentHref + separator + 'sujet=' + encodedTitle;\r\n                \r\n                btn.setAttribute('href', newLink);\r\n            }\r\n        });\r\n    }\r\n});\r\n<\/script><\/div>\n<\/div>\n<\/div>\n<\/div>\n\n<h2 class=\"wp-block-heading\">P\u00ebrpar\u00ebsit\u00eb e OBCARE<\/h2>\n\n<div class=\"wp-block-columns is-layout-flex wp-container-core-columns-is-layout-28f84493 wp-block-columns-is-layout-flex\">\n<div class=\"wp-block-column is-layout-flow wp-block-column-is-layout-flow\">\n<h3 class=\"wp-block-heading has-text-align-left\">SENSOR CO2<\/h3>\n\n\n\n<p>Sensori i CO2 <strong>OBCARE <\/strong>mund\u00ebson matjen e vazhdueshme t\u00eb cil\u00ebsis\u00eb s\u00eb ajrit. Informacionet e shfaqura n\u00eb ppm jepen n\u00eb koh\u00eb reale. Pajisja \u00ebsht\u00eb e leht\u00eb p\u00ebr t&#8217;u v\u00ebn\u00eb n\u00eb pun\u00eb dhe shum\u00eb leht\u00ebsisht e l\u00ebvizshme. <\/p>\n<\/div>\n\n\n\n<div class=\"wp-block-column is-layout-flow wp-block-column-is-layout-flow\">\n<h3 class=\"wp-block-heading has-text-align-left\">SHEMBUJ I INDUSTRIVE<\/h3>\n\n\n\n<ul class=\"wp-block-list\">\n<li>ERP<\/li>\n\n\n\n<li>Zyrat<\/li>\n\n\n\n<li>Palestra  <\/li>\n\n\n\n<li>Dhomat e pritjes<\/li>\n\n\n\n<li>Shkollat<\/li>\n\n\n\n<li>Hap\u00ebsira t\u00eb hapura<\/li>\n\n\n\n<li>Stoqet<\/li>\n<\/ul>\n<\/div>\n<\/div>\n\n<h2 class=\"wp-block-heading\">Llojet e montimit<\/h2>\n\n<p>Pajisja p\u00ebr matjen e cil\u00ebsis\u00eb s\u00eb ajrit mund t\u00eb instalohet n\u00eb tavolin\u00eb ose n\u00eb mur. K\u00ebmba e tij prej \u00e7eliku inoks (<strong>n\u00eb dispozicion si opsion<\/strong>) mund\u00ebson pozicionimin optimal brenda dhom\u00ebs. Nj\u00eb pozicionim i mir\u00eb \u00ebsht\u00eb thelb\u00ebsor dhe do t\u00eb ndikoj\u00eb n\u00eb p\u00ebrfaq\u00ebsueshm\u00ebrin\u00eb e matjeve. N\u00eb ve\u00e7anti, duhet shmangur vendosja e sensor\u00ebve n\u00eb dritare ose n\u00eb af\u00ebrsi t\u00eb tyre.<\/p>\n\n<blockquote class=\"wp-block-quote is-layout-flow wp-block-quote-is-layout-flow\">\n<p>Ne rekomandojm\u00eb <strong>instalimin e nj\u00eb sensori CO2 p\u00ebr 40 m\u00b2 hap\u00ebsir\u00eb<\/strong> .<\/p>\n<\/blockquote>\n\n<div class=\"wp-block-buttons is-horizontal is-content-justification-center is-layout-flex wp-container-core-buttons-is-layout-03627597 wp-block-buttons-is-layout-flex\">\n<div class=\"wp-block-button has-custom-width wp-block-button__width-100\"><a class=\"wp-block-button__link wp-element-button\" href=\"https:\/\/obera.fr\/sq\/na-kontaktoni\/\">M\u00ebsoni m\u00eb shum\u00eb<\/a><\/div>\n<\/div>\n\n<h2 class=\"wp-block-heading\">Karakteristikat teknike<\/h2>\n\n<figure class=\"wp-block-table\"><table class=\"has-fixed-layout\"><tbody><tr><td>Sensori i CO2<\/td><td>Teknologji NDIR (sensori infra t\u00eb kuqe jo-shp\u00ebrndar\u00ebse) me vet\u00ebkalibrim<br\/> Gama e matjes: 0 deri n\u00eb 5000 ppm (+- 60 ppm)<\/td><\/tr><tr><td>Sensori i lag\u00ebshtis\u00eb dhe temperatur\u00ebs<\/td><td>Fakultative<\/td><\/tr><tr><td>Afishimi i semaforit jeshil\/verdh\u00eb\/kuq<\/td><td>E gjelb\u00ebr:&lt; 800 ppm<br\/> E verdha: 800 &#8211; 2000 ppm<br\/> E kuqe&gt; 2000 ppm<\/td><\/tr><tr><td>Alarmi i d\u00ebgjuesh\u00ebm<\/td><td>Opsioni<br\/> Alarmi bie \u00e7do minut\u00eb kur tejkalohet pragu.<\/td><\/tr><tr><td>Kabllo energjie<\/td><td>Furnizimi me energji 12 V me konektor EU t\u00eb p\u00ebrfshir\u00eb (gjat\u00ebsia: 1.5 metra)<\/td><\/tr><tr><td>Ushqimi<\/td><td>12V &#8211; 34V AC\/DC<\/td><\/tr><tr><td>Konsumi i energjis\u00eb<\/td><td>40 \u2013 80 mA<\/td><\/tr><tr><td>Madh\u00ebsit\u00eb fizike t\u00eb matura<\/td><td>CO2 n\u00eb ppm<\/td><\/tr><tr><td>Strehimi<\/td><td>Predha ABS, RAL 9010 e bardh\u00eb<br\/> Vrima p\u00ebr montim n\u00eb mur<br\/> P\u00ebrmasat 87.5 x 87.5 x 30 mm<\/td><\/tr><tr><td>Tavolin\u00eb Mount Foot<\/td><td>Q\u00ebndrim opsional i ekranit<br\/> K\u00ebmb\u00eb inox<\/td><\/tr><tr><td>Indeksi i mbrojtjes<\/td><td>IP30<\/td><\/tr><\/tbody><\/table><\/figure>\n\n<div style=\"height:25px\" aria-hidden=\"true\" class=\"wp-block-spacer\"><\/div>\n\n<h2 class=\"wp-block-heading\">Analizues t\u00eb tjer\u00eb t\u00eb ajrit OberA<\/h2>\n\n<div class=\"wp-block-columns is-layout-flex wp-container-core-columns-is-layout-28f84493 wp-block-columns-is-layout-flex\">\n<div class=\"wp-block-column is-layout-flow wp-block-column-is-layout-flow\">\n<figure class=\"wp-block-image aligncenter size-thumbnail is-resized\"><a href=\"https:\/\/obera.fr\/sq\/produits\/analyseurs-air\/compteur-particules\/\"><img decoding=\"async\" width=\"150\" height=\"150\" src=\"https:\/\/obera.fr\/wp-content\/uploads\/2020\/08\/compteur-de-particules-150x150.png\" alt=\"Num&#xEB;ruesi i grimcave Trotec PC220 - Num&#xEB;ruesi i grimcave\" class=\"wp-image-714\" style=\"width:150px;height:150px\" srcset=\"https:\/\/obera.fr\/wp-content\/uploads\/2020\/08\/compteur-de-particules-150x150.png 150w, https:\/\/obera.fr\/wp-content\/uploads\/2020\/08\/compteur-de-particules-300x300.png 300w, https:\/\/obera.fr\/wp-content\/uploads\/2020\/08\/compteur-de-particules.png 433w\" sizes=\"(max-width: 150px) 100vw, 150px\" \/><\/a><figcaption class=\"wp-element-caption\">Num\u00ebruesi i grimcave<\/figcaption><\/figure>\n<\/div>\n<\/div>\n","protected":false},"excerpt":{"rendered":"<p>Matja e cil\u00ebsis\u00eb s\u00eb ajrit me semafor\u00eb Sensori i CO2 OBCARE mund\u00ebson monitorimin n\u00eb koh\u00eb reale t\u00eb cil\u00ebsis\u00eb s\u00eb ajrit brenda hap\u00ebsirave t\u00eb mbyllura. Ekrani i tij shum\u00ebngjyr\u00ebsh me drita sinjalizuese ofron nj\u00eb pasqyr\u00eb t\u00eb menj\u00ebhershme t\u00eb cil\u00ebsis\u00eb s\u00eb ajrit dhe shfaq p\u00ebrqendrimin e CO2 n\u00eb ppm. K\u00ebto drita sh\u00ebrbejn\u00eb si tregues vizual\u00eb t\u00eb qart\u00eb dhe paralajm\u00ebrojn\u00eb p\u00ebrdoruesit p\u00ebr masat q\u00eb duhen marr\u00eb: pastrimi i ajrit n\u00ebp\u00ebrmjet vendosjes s\u00eb nj\u00ebsive mobile t\u00eb pastrimit t\u00eb ajrit dhe\/ose ajrosja natyrale n\u00ebp\u00ebrmjet ventilimit. P\u00ebrpar\u00ebsit\u00eb e OBCARE SENSOR CO2 Sensori i CO2 OBCARE mund\u00ebson matjen e vazhdueshme t\u00eb cil\u00ebsis\u00eb s\u00eb ajrit. Informacionet e shfaqura &#8230; <\/p>\n<p class=\"read-more-container\"><a title=\"Sensori i CO2 OBCARE\" class=\"read-more button\" href=\"https:\/\/obera.fr\/sq\/produits\/analyseurs-air\/capteur-co2-obcare\/#more-47251\" aria-label=\"Read more about Sensori i CO2 OBCARE\">Lire la suite<\/a><\/p>\n","protected":false},"author":4,"featured_media":83732,"parent":48326,"menu_order":0,"comment_status":"closed","ping_status":"closed","template":"","meta":{"_acf_changed":false,"_seopress_robots_primary_cat":"","_seopress_titles_title":"Sensori OBCARE CO2 p\u00ebr t\u00eb matur cil\u00ebsin\u00eb e ajrit","_seopress_titles_desc":"Zbuloni sensorin ton\u00eb t\u00eb CO2, ideal p\u00ebr t\u00eb plot\u00ebsuar trajtimin kund\u00ebr COVID-19. Tregon nivelin e CO2 n\u00eb ppm dhe ofron informacion t\u00eb drejtp\u00ebrdrejt\u00eb mbi cil\u00ebsin\u00eb e ajrit.","_seopress_robots_index":"","footnotes":""},"class_list":{"0":"post-47251","1":"page","2":"type-page","3":"status-publish","4":"has-post-thumbnail","6":"no-featured-image-padding","7":"resize-featured-image"},"acf":[],"_links":{"self":[{"href":"https:\/\/obera.fr\/sq\/wp-json\/wp\/v2\/pages\/47251","targetHints":{"allow":["GET"]}}],"collection":[{"href":"https:\/\/obera.fr\/sq\/wp-json\/wp\/v2\/pages"}],"about":[{"href":"https:\/\/obera.fr\/sq\/wp-json\/wp\/v2\/types\/page"}],"author":[{"embeddable":true,"href":"https:\/\/obera.fr\/sq\/wp-json\/wp\/v2\/users\/4"}],"replies":[{"embeddable":true,"href":"https:\/\/obera.fr\/sq\/wp-json\/wp\/v2\/comments?post=47251"}],"version-history":[{"count":5,"href":"https:\/\/obera.fr\/sq\/wp-json\/wp\/v2\/pages\/47251\/revisions"}],"predecessor-version":[{"id":132825,"href":"https:\/\/obera.fr\/sq\/wp-json\/wp\/v2\/pages\/47251\/revisions\/132825"}],"up":[{"embeddable":true,"href":"https:\/\/obera.fr\/sq\/wp-json\/wp\/v2\/pages\/48326"}],"wp:featuredmedia":[{"embeddable":true,"href":"https:\/\/obera.fr\/sq\/wp-json\/wp\/v2\/media\/83732"}],"wp:attachment":[{"href":"https:\/\/obera.fr\/sq\/wp-json\/wp\/v2\/media?parent=47251"}],"curies":[{"name":"wp","href":"https:\/\/api.w.org\/{rel}","templated":true}]}}