{"id":48199,"date":"2020-08-26T12:54:02","date_gmt":"2020-08-26T10:54:02","guid":{"rendered":"https:\/\/obera.fr\/nxjerrja-e-tymrave-te-saldimit-dhe-lazerit-epur-b-psh\/"},"modified":"2025-08-28T10:52:40","modified_gmt":"2025-08-28T08:52:40","slug":"aspiration-fumees-soudage-laser-epur-b-ex","status":"publish","type":"page","link":"https:\/\/obera.fr\/sq\/produits\/depoussiereurs-industriels\/petits\/aspiration-fumees-soudage-laser-epur-b-ex\/","title":{"rendered":"Saldim ePUR Ex dhe nxjerrje tymi me lazer"},"content":{"rendered":"\n<p><strong>EPUR Ex<\/strong> \u00ebsht\u00eb nj\u00eb gam\u00eb prej 3 sistemesh <a href=\"https:\/\/obera.fr\/sq\/produits\/depoussiereurs-industriels\/petits\/\" data-type=\"page\" data-id=\"393\">t\u00eb l\u00ebvizshme p\u00ebr nxjerrjen e ajrit<\/a> t\u00eb certifikuara ATEX.<\/p>\n\n\n<h2 class=\"wp-block-heading\">Si funksionon saldimi\/nxjerrja e tymrave me lazer?<\/h2>\n\n<div class=\"wp-block-columns is-layout-flex wp-container-core-columns-is-layout-28f84493 wp-block-columns-is-layout-flex\">\n<div class=\"wp-block-column is-layout-flow wp-block-column-is-layout-flow\" style=\"flex-basis:33.33%\">\n<figure class=\"wp-block-image aligncenter size-full\"><img decoding=\"async\" width=\"600\" height=\"600\" src=\"https:\/\/obera.fr\/wp-content\/uploads\/2023\/10\/epurb-ex-1000-3000-5000.png\" alt=\"epurb ex 1000 3000 5000\" class=\"wp-image-25016\" srcset=\"https:\/\/obera.fr\/wp-content\/uploads\/2023\/10\/epurb-ex-1000-3000-5000.png 600w, https:\/\/obera.fr\/wp-content\/uploads\/2023\/10\/epurb-ex-1000-3000-5000-300x300.png 300w, https:\/\/obera.fr\/wp-content\/uploads\/2023\/10\/epurb-ex-1000-3000-5000-150x150.png 150w\" sizes=\"(max-width: 600px) 100vw, 600px\" \/><\/figure>\n<\/div>\n\n\n\n<div class=\"wp-block-column is-layout-flow wp-block-column-is-layout-flow\" style=\"flex-basis:66.66%\">\n<p>Funksionimi \u00ebsht\u00eb i thjesht\u00eb, <strong>ajri i ndotur thithet drejtp\u00ebrdrejt n\u00ebp\u00ebrmjet nj\u00eb zorr\u00eb thith\u00ebse t\u00eb lidhur me makin\u00ebn<\/strong> , nj\u00eb krah thith\u00ebs, nj\u00eb kapu\u00e7 nxjerrjeje ose drejtp\u00ebrdrejt n\u00eb nj\u00eb makin\u00eb prodhimi n\u00ebp\u00ebrmjet nj\u00eb rrjeti kanalesh.<\/p>\n\n\n\n<p><strong>Ajri i ndotur<\/strong> kapet dhe trajtohet nga faza t\u00eb ndryshme t\u00eb filtrimit.<\/p>\n\n\n\n<p><strong>Ajri i pastruar<\/strong> m\u00eb pas shkarkohet p\u00ebrmes pjes\u00ebs s\u00eb poshtme t\u00eb pajisjes, drejtp\u00ebrdrejt n\u00eb zon\u00ebn e pun\u00ebs ose jasht\u00eb, duke p\u00ebrdorur nj\u00eb rrjet kanalesh shkarkimi.<\/p>\n\n\n\n<div style=\"height:15px\" aria-hidden=\"true\" class=\"wp-block-spacer\"><\/div>\n\n\n\n<div class=\"wp-block-columns is-layout-flex wp-container-core-columns-is-layout-28f84493 wp-block-columns-is-layout-flex\">\n<div class=\"wp-block-column is-layout-flow wp-block-column-is-layout-flow\" style=\"flex-basis:33.34%\">\n<div class=\"wp-block-buttons is-content-justification-center is-layout-flex wp-container-core-buttons-is-layout-a89b3969 wp-block-buttons-is-layout-flex\">\n<div class=\"wp-block-button\"><a class=\"wp-block-button__link wp-element-button\" href=\"https:\/\/obera.fr\/wp-content\/uploads\/2025\/04\/brochure-epur-ex-fr.pdf\">Shkarkoni broshur\u00ebn<\/a><\/div>\n<\/div>\n<\/div>\n\n\n\n<div class=\"wp-block-column is-layout-flow wp-block-column-is-layout-flow\" style=\"flex-basis:33.34%\">\n<div class=\"wp-block-buttons is-horizontal is-content-justification-center is-layout-flex wp-container-core-buttons-is-layout-03627597 wp-block-buttons-is-layout-flex\">\n<div class=\"wp-block-button has-custom-width wp-block-button__width-100\"><a class=\"wp-block-button__link wp-element-button\" href=\"https:\/\/obera.fr\/sq\/na-kontaktoni\/\">M\u00ebsoni m\u00eb shum\u00eb<\/a><\/div>\n<\/div>\n<\/div>\n\n\n\n<div class=\"wp-block-column is-layout-flow wp-block-column-is-layout-flow\" style=\"flex-basis:33.33%\">\n<div class=\"wp-block-buttons is-content-justification-center is-layout-flex wp-container-core-buttons-is-layout-a89b3969 wp-block-buttons-is-layout-flex\">\n<div class=\"wp-block-button btn-devis-source\"><a class=\"wp-block-button__link wp-element-button\" href=\"https:\/\/obera.fr\/sq\/devis\/\">K\u00ebrkes\u00eb p\u00ebr kuot\u00eb<\/a><\/div>\n<\/div>\n\n\n<script>\r\ndocument.addEventListener('DOMContentLoaded', function() {\r\n    \/\/ 1. On cherche le titre H1 de la page\r\n    var h1 = document.querySelector('h1');\r\n    var productTitle = h1 ? h1.innerText.trim() : \"\";\r\n\r\n    \/\/ 2. On cherche les boutons via la classe CSS .btn-devis-source\r\n    var buttons = document.querySelectorAll('.btn-devis-source a');\r\n\r\n    \/\/ 3. Si on a le titre et les boutons, on ajoute le param\u00e8tre\r\n    if (buttons.length > 0 && productTitle !== \"\") {\r\n        var encodedTitle = encodeURIComponent(productTitle);\r\n\r\n        buttons.forEach(function(btn) {\r\n            var currentHref = btn.getAttribute('href');\r\n            \r\n            \/\/ S\u00e9curit\u00e9 pour ne pas ajouter le param\u00e8tre 2 fois\r\n            if (currentHref.indexOf('sujet=') === -1) {\r\n                var separator = currentHref.indexOf('?') !== -1 ? '&' : '?';\r\n                var newLink = currentHref + separator + 'sujet=' + encodedTitle;\r\n                \r\n                btn.setAttribute('href', newLink);\r\n            }\r\n        });\r\n    }\r\n});\r\n<\/script><\/div>\n<\/div>\n<\/div>\n<\/div>\n\n<h2 class=\"wp-block-heading\">P\u00ebr \u00e7far\u00eb p\u00ebrdorimesh?<\/h2>\n\n<p>K\u00ebto kuti thith\u00ebse jan\u00eb projektuar p\u00ebr <strong>nxjerrjen e tymrave t\u00eb saldimit<\/strong> , tymrave <strong>t\u00eb saldimit<\/strong> , <strong>pluhurit<\/strong> , <strong>avujve<\/strong> , <strong>tret\u00ebsve<\/strong> , <strong>gazrave<\/strong> , <strong>aromave<\/strong> dhe t\u00eb gjitha llojeve t\u00eb <strong>ndot\u00ebsve t\u00eb gazt\u00eb<\/strong> . Pajisjet jan\u00eb n\u00eb rrota dhe mund t\u00eb p\u00ebrdoren p\u00ebr pastrimin e <a href=\"https:\/\/obera.fr\/sq\/produits\/depoussiereurs-industriels\/fixes\/\">stacioneve t\u00eb pun\u00ebs fikse ose t\u00eb l\u00ebvizshme<\/a> (deri n\u00eb 3 stacione pune ose makina prodhimi). Kompakt dhe q\u00eb kursejn\u00eb hap\u00ebsir\u00eb, ato jan\u00eb t\u00eb p\u00ebrshtatshme p\u00ebr t\u00eb gjitha llojet e industrive. <a href=\"https:\/\/obera.fr\/sq\/produits\/atex\/\" data-type=\"page\" data-id=\"372\">T\u00eb certifikuara ATEX<\/a> , ato jan\u00eb t\u00eb destinuara p\u00ebr p\u00ebrdorim n\u00eb zon\u00ebn ATEX22.  <\/p>\n\n<p><strong>Gama EPUR Ex<\/strong> \u00ebsht\u00eb e pajisur me filtra ngopjes (q\u00eb duhen z\u00ebvend\u00ebsuar kur t\u00eb jen\u00eb t\u00eb ngopur), q\u00eb do t\u00eb thot\u00eb se ngarkesa e pluhurit ose e tymit \u00ebsht\u00eb relativisht e ul\u00ebt. N\u00eb fakt, p\u00ebr ngarkesa m\u00eb t\u00eb larta ndot\u00ebsish dhe sasi t\u00eb m\u00ebdha pluhuri, \u00ebsht\u00eb e preferueshme t\u00eb zgjidhni media filtrimi t\u00eb rigjenerueshme (q\u00eb zhbllokojn\u00eb) si\u00e7 jan\u00eb linjat <a href=\"https:\/\/obera.fr\/sq\/produits\/depoussiereurs-industriels\/mobiles\/extracteur-poussiere-dustomat-4\/\" data-type=\"page\" data-id=\"440\">DUSTMAC<\/a> ose <a href=\"https:\/\/obera.fr\/sq\/produits\/depoussiereurs-industriels\/fixes\/aspiration-centralisee-industrielle-dustmac\/\" data-type=\"page\" data-id=\"467\">DUSTMAC<\/a> . <\/p>\n\n<div class=\"wp-block-columns is-layout-flex wp-container-core-columns-is-layout-28f84493 wp-block-columns-is-layout-flex\">\n<div class=\"wp-block-column is-layout-flow wp-block-column-is-layout-flow\">\n<h3 class=\"wp-block-heading has-text-align-center\">Ndot\u00ebsit<\/h3>\n\n\n\n<hr class=\"wp-block-separator has-css-opacity is-style-wide\"\/>\n\n\n\n<div class=\"wp-block-columns is-layout-flex wp-container-core-columns-is-layout-28f84493 wp-block-columns-is-layout-flex\">\n<div class=\"wp-block-column is-layout-flow wp-block-column-is-layout-flow\">\n<figure class=\"wp-block-image aligncenter size-large\"><img decoding=\"async\" width=\"70\" height=\"70\" src=\"https:\/\/obera.fr\/wp-content\/uploads\/2020\/08\/industrie-chimie.jpg\" alt=\"Kimia e industris&#xEB;\" class=\"wp-image-725\"\/><figcaption class=\"wp-element-caption\">Pluhurat kimike<\/figcaption><\/figure>\n\n\n\n<figure class=\"wp-block-image aligncenter size-large\"><img decoding=\"async\" width=\"70\" height=\"70\" src=\"https:\/\/obera.fr\/wp-content\/uploads\/2020\/08\/industrie-odeur.jpg\" alt=\"Era e industris&#xEB;\" class=\"wp-image-723\"\/><figcaption class=\"wp-element-caption\">Aromat<\/figcaption><\/figure>\n<\/div>\n\n\n\n<div class=\"wp-block-column is-layout-flow wp-block-column-is-layout-flow\">\n<figure class=\"wp-block-image aligncenter size-large\"><img decoding=\"async\" width=\"70\" height=\"70\" src=\"https:\/\/obera.fr\/wp-content\/uploads\/2020\/08\/industrie-fumees.jpg\" alt=\"Tymrat e industris&#xEB;\" class=\"wp-image-722\"\/><figcaption class=\"wp-element-caption\">Tymrat<\/figcaption><\/figure>\n\n\n\n<figure class=\"wp-block-image aligncenter size-large\"><img decoding=\"async\" width=\"70\" height=\"70\" src=\"https:\/\/obera.fr\/wp-content\/uploads\/2020\/09\/cov.png\" alt=\"Cov\" class=\"wp-image-959\"\/><figcaption class=\"wp-element-caption\">VOC<\/figcaption><\/figure>\n<\/div>\n<\/div>\n<\/div>\n\n\n\n<div class=\"wp-block-column is-layout-flow wp-block-column-is-layout-flow\">\n<h3 class=\"wp-block-heading has-text-align-center\">Industrit\u00eb<\/h3>\n\n\n\n<hr class=\"wp-block-separator has-css-opacity is-style-wide\"\/>\n\n\n\n<p class=\"has-text-align-center\">I p\u00ebrshtatsh\u00ebm p\u00ebr t\u00eb gjitha llojet e industrive<\/p>\n<\/div>\n<\/div>\n\n<h2 class=\"wp-block-heading\">Cilat jan\u00eb karakteristikat e ePUR Ex?<\/h2>\n\n<p><strong>ePUR Ex 1000, 3000 dhe 5000<\/strong> jan\u00eb t\u00eb afta t\u00eb <strong>p\u00ebrmbajn\u00eb deri n\u00eb 3 faza filtrimi me performanc\u00eb t\u00eb lart\u00eb<\/strong> . Disa konfigurime jan\u00eb t\u00eb mundshme, ose n\u00eb 2 faza me nj\u00eb filt\u00ebr HEPA 13\/14 t\u00eb shoq\u00ebruar nga 6 kg karbon aktiv. Ose n\u00eb 3 faza me nj\u00eb filt\u00ebr t\u00eb par\u00eb t\u00eb konfiguruesh\u00ebm sipas problemit tuaj, i ndjekur nga nj\u00eb filt\u00ebr tjet\u00ebr gjysm\u00eb HEPA 13\/14 dhe gjysm\u00eb karbon aktiv (3 kg).  <\/p>\n\n<p>P\u00ebr <strong>ePUR Ex 3000<\/strong> , pajisjen mesatare n\u00eb gam\u00ebn e saj, do t\u00eb gjeni nj\u00eb filt\u00ebr t\u00eb par\u00eb q\u00eb \u00ebsht\u00eb plot\u00ebsisht i konfiguruesh\u00ebm sipas problemit tuaj. Kutia e dyt\u00eb e filtrimit \u00ebsht\u00eb nj\u00eb HEPA 13\/14 me nj\u00eb sip\u00ebrfaqe filtrimi prej 5.6m\u00b2. S\u00eb fundmi, kutia e tret\u00eb e filtrimit \u00ebsht\u00eb nj\u00eb kaset\u00eb karboni aktiv prej 6 kg. Shkalla e saj maksimale e rrjedhjes \u00ebsht\u00eb <strong>260 m3\/or\u00eb<\/strong> (e ngarkuar). Pesha e saj \u00ebsht\u00eb 65 kg p\u00ebr 99 cm lart\u00ebsi (pesha pa filt\u00ebr).    <\/p>\n\n<p>Lidhur me <strong>ePUR Ex 5000<\/strong> , ndryshimi i tij shihet n\u00eb fuqin\u00eb e thithjes, me nj\u00eb <strong>shpejt\u00ebsi t\u00eb lart\u00eb rrjedhjeje prej 2800 m3\/or\u00eb<\/strong> . Filtrat e tij jan\u00eb po aq t\u00eb personalizuesh\u00ebm sa n\u00eb 2 pajisjet e m\u00ebparshme. Si standard, pajisja vjen me nj\u00eb parafilt\u00ebr E10 me nj\u00eb sip\u00ebrfaqe filtrimi prej 19m\u00b2 dhe nj\u00eb filtrim HEPA H14 i cili ka nj\u00eb sip\u00ebrfaqe filtrimi prej 20m\u00b2.  <\/p>\n\n<p>ePUR Ex 1000 peshon 58 kg p\u00ebr lart\u00ebsi 63 cm dhe ePUR Ex 5000 peshon 240 kg p\u00ebr lart\u00ebsi 159 cm (pesha me filt\u00ebr).<\/p>\n\n<p>Niveli i zhurm\u00ebs s\u00eb tyre gjat\u00eb funksionimit \u00ebsht\u00eb relativisht i ul\u00ebt (62db). Materialet prej \u00e7eliku inox i b\u00ebjn\u00eb ato pajisje t\u00eb forta dhe t\u00eb besueshme. Ato jan\u00eb gjithashtu t\u00eb pajisura me nj\u00eb ekran kontrolli p\u00ebr konfigurim t\u00eb leht\u00eb.<\/p>\n\n<figure class=\"wp-block-table\"><table class=\"has-fixed-layout\"><thead><tr><th>Pajisja<\/th><th><\/th><th>ePUR Ex 1000<\/th><th>ePUR Ex 3000<\/th><th>ePUR Ex 5000<\/th><\/tr><\/thead><tbody><tr><td>Shpejt\u00ebsia<\/td><td>m3\/h<\/td><td>350<\/td><td>460<\/td><td>2.800<\/td><\/tr><tr><td>Diametri i hyrjes<\/td><td>mm<\/td><td>50<\/td><td>50<\/td><td>150<\/td><\/tr><tr><td>presioni maksimal negativ<\/td><td>Pa<\/td><td>10 000<\/td><td>10 000<\/td><td>6000<\/td><\/tr><tr><td>Tensioni i furnizimit<\/td><td>V<\/td><td>230 (ose 110)<\/td><td>230 (ose 110)<\/td><td>400<\/td><\/tr><tr><td>Fuqia<\/td><td>kW<\/td><td>1.1<\/td><td>1.1<\/td><td>2.4<\/td><\/tr><tr><td>Sip\u00ebrfaqja e filtrit n\u00eb faz\u00ebn e par\u00eb<\/td><td>m\u00b2<\/td><td>2.2<\/td><td>2.5<\/td><td>19<\/td><\/tr><tr><td>Sip\u00ebrfaqja e filtrit n\u00eb faz\u00ebn e dyt\u00eb<\/td><td>m\u00b2<\/td><td>2.8<\/td><td>5.6<\/td><td>20<\/td><\/tr><tr><td>Sasia e karbonit t\u00eb aktivizuar Faza e tret\u00eb<\/td><td>kg<\/td><td>3<\/td><td>5.8<\/td><td>X<\/td><\/tr><tr><td>Dimensionet<\/td><td>l\/L\/h (mm)<\/td><td>436 x 527 x 638<\/td><td>430 x 400 x 996<\/td><td>780 x 970 x 1590<\/td><\/tr><tr><td>Pesha (pa filtra)<\/td><td>kg<\/td><td>58<\/td><td>65<\/td><td>240<\/td><\/tr><tr><td>Niveli i z\u00ebrit<\/td><td>dB(A)<\/td><td>62<\/td><td>62<\/td><td>75<\/td><\/tr><\/tbody><\/table><\/figure>\n\n<h2 class=\"wp-block-heading\">Cilat jan\u00eb avantazhet e pajisjeve tona t\u00eb dedikuara p\u00ebr nxjerrjen e tymit elektronik t\u00eb saldimit?<\/h2>\n\n<p><\/p>\n\n<div class=\"wp-block-columns is-layout-flex wp-container-core-columns-is-layout-28f84493 wp-block-columns-is-layout-flex\">\n<div class=\"wp-block-column is-layout-flow wp-block-column-is-layout-flow\" style=\"flex-basis:25%\"><\/div>\n\n\n\n<div class=\"wp-block-column is-layout-flow wp-block-column-is-layout-flow\" style=\"flex-basis:50%\">\n<figure class=\"wp-block-embed is-type-video is-provider-youtube wp-block-embed-youtube wp-embed-aspect-16-9 wp-has-aspect-ratio\"><div class=\"wp-block-embed__wrapper\">\n<iframe title=\"TRAITEMENT COV, ODEURS, POUSSI\u00c8RES ET POLLUANTS GAZEUX - ePUR EX1000 - Obera\" width=\"1200\" height=\"675\" src=\"https:\/\/www.youtube.com\/embed\/05A45bNzFEY?feature=oembed\" frameborder=\"0\" allow=\"accelerometer; autoplay; clipboard-write; encrypted-media; gyroscope; picture-in-picture; web-share\" referrerpolicy=\"strict-origin-when-cross-origin\" allowfullscreen><\/iframe>\n<\/div><\/figure>\n\n\n\n<p><\/p>\n<\/div>\n\n\n\n<div class=\"wp-block-column is-layout-flow wp-block-column-is-layout-flow\" style=\"flex-basis:25%\"><\/div>\n<\/div>\n\n<p>Ka shum\u00eb p\u00ebrpar\u00ebsi, por n\u00eb radh\u00eb t\u00eb par\u00eb <strong>mbrojtja e punonj\u00ebsve<\/strong> ndaj s\u00ebmundjeve t\u00eb shumta t\u00eb frym\u00ebmarrjes dhe l\u00ebkur\u00ebs ndaj t\u00eb cilave jan\u00eb t\u00eb ekspozuar. Nj\u00eb avantazh tjet\u00ebr \u00ebsht\u00eb mbrojtja e mjeteve t\u00eb prodhimit q\u00eb \u00e7on n\u00eb nj\u00eb reduktim t\u00eb prishjeve, dhe p\u00ebr rrjedhoj\u00eb nj\u00eb rritje t\u00eb jet\u00ebgjat\u00ebsis\u00eb s\u00eb tyre. Konfigurimet e tyre t\u00eb ndryshme t\u00eb mundshme t\u00eb filtrit lejojn\u00eb p\u00ebrshtatjen totale ndaj problemit.    <\/p>\n\n<blockquote class=\"wp-block-quote is-layout-flow wp-block-quote-is-layout-flow\">\n<p>Zhurma e ul\u00ebt e funksionimit lejon instalimin e drejtp\u00ebrdrejt\u00eb brenda zon\u00ebs s\u00eb pun\u00ebs.  <\/p>\n<\/blockquote>\n\n<p>Pajisjet jan\u00eb projektuar duke p\u00ebrdorur materiale t\u00eb forta si \u00e7elik inox, p\u00ebr t&#8217;i b\u00ebr\u00eb ato m\u00eb rezistente. Ndryshimi i filtrave \u00ebsht\u00eb shum\u00eb i shpejt\u00eb dhe i thjesht\u00eb. <strong>Ventilator\u00ebt EC me nd\u00ebrrim elektronik<\/strong> jan\u00eb t\u00eb pranish\u00ebm p\u00ebr efikasitet t\u00eb optimizuar dhe rregullim t\u00eb pafund. Paneli i kontrollit gjithashtu lejon rregullime t\u00eb shumta si telekomanda dhe vizualizimi i statusit t\u00eb pajisjes (mbytje, filtri q\u00eb rrjedh, etj.) p\u00ebr rehati optimale t\u00eb p\u00ebrdoruesit. Nga nj\u00eb k\u00ebndv\u00ebshtrim rregullator, pajisjet tona ju lejojn\u00eb t\u00eb respektoni pragun e vlerave kufitare t\u00eb ekspozimit profesional (PELV).    <\/p>\n\n<div class=\"wp-block-columns is-layout-flex wp-container-core-columns-is-layout-28f84493 wp-block-columns-is-layout-flex\">\n<div class=\"wp-block-column is-layout-flow wp-block-column-is-layout-flow\">\n<h3 class=\"wp-block-heading has-text-align-center\">P\u00ebrfitimet<\/h3>\n\n\n\n<ul class=\"wp-block-list\">\n<li>3 faza t\u00eb filtrimit me performanc\u00eb t\u00eb lart\u00eb<\/li>\n\n\n\n<li>I heshtur<\/li>\n\n\n\n<li>Z\u00ebvend\u00ebsimi i leht\u00eb dhe i shpejt\u00eb i fazave t\u00eb filtrimit<\/li>\n\n\n\n<li>Mobile dhe kursim hap\u00ebsire<\/li>\n\n\n\n<li>Mund t\u00eb p\u00ebrdoret p\u00ebr t\u00eb fshir\u00eb deri n\u00eb 3 stacione pune ose makina prodhimi<\/li>\n<\/ul>\n<\/div>\n\n\n\n<div class=\"wp-block-column is-layout-flow wp-block-column-is-layout-flow\">\n<h3 class=\"wp-block-heading has-text-align-center\">Karakteristika t\u00eb ve\u00e7anta<\/h3>\n\n\n\n<ul class=\"wp-block-list\">\n<li>Certifikimi ATEX<\/li>\n\n\n\n<li>Ventilator EC me nd\u00ebrrim elektronik p\u00ebr efikasitet t\u00eb optimizuar dhe kapacitet t\u00eb pafund rregullues<\/li>\n\n\n\n<li>I konfiguruesh\u00ebm me nj\u00eb gam\u00eb t\u00eb gjer\u00eb aksesor\u00ebsh<\/li>\n<\/ul>\n<\/div>\n\n\n\n<div class=\"wp-block-column is-layout-flow wp-block-column-is-layout-flow\">\n<h3 class=\"wp-block-heading has-text-align-center\">Ve\u00e7orit\u00eb<\/h3>\n\n\n\n<ul class=\"wp-block-list\">\n<li>P\u00ebrmir\u00ebson ndjesh\u00ebm cil\u00ebsin\u00eb e ajrit duke eliminuar aromat, VOC dhe ndot\u00ebs t\u00eb tjer\u00eb t\u00eb gazt\u00eb.<\/li>\n<\/ul>\n<\/div>\n<\/div>\n\n<h2 class=\"wp-block-heading\">Si t\u00eb zgjidhni sistemin e duhur t\u00eb grumbullimit t\u00eb pluhurit?<\/h2>\n\n<p>\u00cbsht\u00eb e domosdoshme t\u00eb zgjidhni kolektorin e duhur t\u00eb pluhurit n\u00eb m\u00ebnyr\u00eb q\u00eb t\u00eb shmangni konsumimin e parakohsh\u00ebm q\u00eb mund t\u00eb shkaktoj\u00eb nj\u00eb mosfunksionim.<\/p>\n\n<p>Gama e pajisjeve ePUR Ex \u00ebsht\u00eb <strong>e fuqishme<\/strong> , <strong>e thjesht\u00eb<\/strong> , <strong>kompakte<\/strong> dhe e pajisur me filtra ngopjes. Ju mund t\u00eb zgjidhni lirisht dhe me men\u00e7uri kombinimin e fazave t\u00eb filtrimit p\u00ebr t\u00eb optimizuar jet\u00ebgjat\u00ebsin\u00eb e medias. Megjithat\u00eb, sigurohuni q\u00eb filtrat e grimcave t\u00eb ngopjes t\u00eb jen\u00eb t\u00eb p\u00ebrshtatsh\u00ebm p\u00ebr sasit\u00eb e pluhurit dhe tymit q\u00eb d\u00ebshironi t\u00eb thithni. Ekzistojn\u00eb edhe pajisje t\u00eb tjera me media filtrimi t\u00eb rigjenerueshme.   <\/p>\n\n<p>N\u00ebse po b\u00ebni k\u00ebrkimin tuaj, sigurohuni q\u00eb t\u00eb pyesni p\u00ebr aft\u00ebsit\u00eb e filtrimit t\u00eb pajisjes; kjo do t\u00eb varet nga ndot\u00ebsi juaj, madh\u00ebsia e grimcave, gjendja e tij (e ngurt\u00eb ose e gazt\u00eb) dhe p\u00ebrqendrimi i tij. Ky hulumtim do t&#8217;ju lejoj\u00eb t\u00eb zgjidhni llojin ideal t\u00eb filtrit q\u00eb duhet t\u00eb ket\u00eb kolektorin e pluhurit. S\u00eb dyti, sigurohuni q\u00eb t\u00eb m\u00ebsoni rreth fuqis\u00eb s\u00eb pajisjes, me fjal\u00eb t\u00eb tjera, shkall\u00ebs s\u00eb rrjedhjes s\u00eb saj. Shkalla e rrjedhjes s\u00eb pajisjes do t\u00eb varet p\u00ebrs\u00ebri nga sasia e ndot\u00ebsit tuaj, por edhe nga sip\u00ebrfaqja e dhom\u00ebs q\u00eb do t\u00eb trajtohet.    Sa m\u00eb i madh t\u00eb jet\u00eb hap\u00ebsira, aq m\u00eb shum\u00eb rrjedhje do t\u00eb k\u00ebrkohet.<\/p>\n\n<p>M\u00eb pas do t&#8217;ju duhet t\u00eb dini se me cilin aksesor t\u00eb pajisni makin\u00ebn tuaj: nj\u00eb kanal q\u00eb lidhet me makin\u00ebn e prodhimit ose nj\u00eb <a href=\"https:\/\/obera.fr\/sq\/produits\/bras-dispositifs-captation\/capot-industriel\/\">krah thith\u00ebs<\/a> p\u00ebr nj\u00eb stacion pune.<\/p>\n\n<hr class=\"wp-block-separator has-css-opacity is-style-dots\"\/>\n\n<div class=\"wp-block-buttons is-horizontal is-content-justification-center is-layout-flex wp-container-core-buttons-is-layout-03627597 wp-block-buttons-is-layout-flex\">\n<div class=\"wp-block-button has-custom-width wp-block-button__width-100\"><a class=\"wp-block-button__link wp-element-button\" href=\"https:\/\/obera.fr\/sq\/na-kontaktoni\/\">M\u00ebsoni m\u00eb shum\u00eb<\/a><\/div>\n<\/div>\n\n<h2 class=\"wp-block-heading\">Modele t\u00eb tjera t\u00eb vogla t\u00eb grumbulluesve t\u00eb pluhurit nga marka OberA<\/h2>\n\n<div class=\"wp-block-columns is-layout-flex wp-container-core-columns-is-layout-28f84493 wp-block-columns-is-layout-flex\">\n<div class=\"wp-block-column is-layout-flow wp-block-column-is-layout-flow\">\n<figure class=\"wp-block-image aligncenter size-medium\"><a href=\"https:\/\/obera.fr\/produits\/depoussiereurs-industriels\/petits\/jumbo\/\"><img decoding=\"async\" width=\"300\" height=\"300\" src=\"https:\/\/obera.fr\/wp-content\/uploads\/2020\/10\/jumbo-300x300.png\" alt=\"Jumbo\" class=\"wp-image-1171\" srcset=\"https:\/\/obera.fr\/wp-content\/uploads\/2020\/10\/jumbo-300x300.png 300w, https:\/\/obera.fr\/wp-content\/uploads\/2020\/10\/jumbo-150x150.png 150w, https:\/\/obera.fr\/wp-content\/uploads\/2020\/10\/jumbo.png 500w\" sizes=\"(max-width: 300px) 100vw, 300px\" \/><\/a><figcaption class=\"wp-element-caption\">Jumbo<\/figcaption><\/figure>\n<\/div>\n\n\n\n<div class=\"wp-block-column is-layout-flow wp-block-column-is-layout-flow\">\n<figure class=\"wp-block-image aligncenter size-medium\"><a href=\"https:\/\/obera.fr\/produits\/depoussiereurs-industriels\/petits\/tk-serie\/\"><img decoding=\"async\" width=\"300\" height=\"300\" src=\"https:\/\/obera.fr\/wp-content\/uploads\/2020\/11\/tk-series-300x300.jpg\" alt=\"Seria TK\" class=\"wp-image-1607\" srcset=\"https:\/\/obera.fr\/wp-content\/uploads\/2020\/11\/tk-series-300x300.jpg 300w, https:\/\/obera.fr\/wp-content\/uploads\/2020\/11\/tk-series-150x150.jpg 150w, https:\/\/obera.fr\/wp-content\/uploads\/2020\/11\/tk-series.jpg 600w\" sizes=\"(max-width: 300px) 100vw, 300px\" \/><\/a><figcaption class=\"wp-element-caption\">Seria TK<\/figcaption><\/figure>\n<\/div>\n\n\n\n<div class=\"wp-block-column is-layout-flow wp-block-column-is-layout-flow\">\n<figure class=\"wp-block-image aligncenter size-medium\"><a href=\"https:\/\/obera.fr\/produits\/depoussiereurs-industriels\/petits\/srf-t\/\"><img decoding=\"async\" width=\"300\" height=\"300\" src=\"https:\/\/obera.fr\/wp-content\/uploads\/2020\/10\/SRF-T-SF-300x300.png\" alt=\"Srf T Sf\" class=\"wp-image-1310\" srcset=\"https:\/\/obera.fr\/wp-content\/uploads\/2020\/10\/SRF-T-SF-300x300.png 300w, https:\/\/obera.fr\/wp-content\/uploads\/2020\/10\/SRF-T-SF-150x150.png 150w, https:\/\/obera.fr\/wp-content\/uploads\/2020\/10\/SRF-T-SF.png 600w\" sizes=\"(max-width: 300px) 100vw, 300px\" \/><\/a><figcaption class=\"wp-element-caption\">SRF-T<\/figcaption><\/figure>\n<\/div>\n<\/div>\n","protected":false},"excerpt":{"rendered":"<p>EPUR Ex \u00ebsht\u00eb nj\u00eb gam\u00eb prej 3 sistemesh t\u00eb l\u00ebvizshme p\u00ebr nxjerrjen e ajrit t\u00eb certifikuara ATEX. Si funksionon saldimi\/nxjerrja e tymrave me lazer? Funksionimi \u00ebsht\u00eb i thjesht\u00eb, ajri i ndotur thithet drejtp\u00ebrdrejt n\u00ebp\u00ebrmjet nj\u00eb zorr\u00eb thith\u00ebse t\u00eb lidhur me makin\u00ebn , nj\u00eb krah thith\u00ebs, nj\u00eb kapu\u00e7 nxjerrjeje ose drejtp\u00ebrdrejt n\u00eb nj\u00eb makin\u00eb prodhimi n\u00ebp\u00ebrmjet nj\u00eb rrjeti kanalesh. Ajri i ndotur kapet dhe trajtohet nga faza t\u00eb ndryshme t\u00eb filtrimit. Ajri i pastruar m\u00eb pas shkarkohet p\u00ebrmes pjes\u00ebs s\u00eb poshtme t\u00eb pajisjes, drejtp\u00ebrdrejt n\u00eb zon\u00ebn e pun\u00ebs ose jasht\u00eb, duke p\u00ebrdorur nj\u00eb rrjet kanalesh shkarkimi. P\u00ebr \u00e7far\u00eb p\u00ebrdorimesh? K\u00ebto kuti &#8230; <\/p>\n<p class=\"read-more-container\"><a title=\"Saldim ePUR Ex dhe nxjerrje tymi me lazer\" class=\"read-more button\" href=\"https:\/\/obera.fr\/sq\/produits\/depoussiereurs-industriels\/petits\/aspiration-fumees-soudage-laser-epur-b-ex\/#more-48199\" aria-label=\"Read more about Saldim ePUR Ex dhe nxjerrje tymi me lazer\">Lire la suite<\/a><\/p>\n","protected":false},"author":4,"featured_media":83732,"parent":48262,"menu_order":0,"comment_status":"closed","ping_status":"closed","template":"","meta":{"_acf_changed":false,"_seopress_robots_primary_cat":"","_seopress_titles_title":"Saldim ePUR Ex oberA dhe nxjerrje tymi me lazer","_seopress_titles_desc":"ePUR Ex 1000 \/ 3000 \/ 5000 \u00ebsht\u00eb nj\u00eb gam\u00eb prej 3 sistemesh t\u00eb l\u00ebvizshme t\u00eb nxjerrjes s\u00eb ajrit t\u00eb certifikuara nga ATEX. Mbledh\u00ebs i vog\u00ebl pluhuri nga marka oberA","_seopress_robots_index":"","footnotes":""},"class_list":{"0":"post-48199","1":"page","2":"type-page","3":"status-publish","4":"has-post-thumbnail","6":"no-featured-image-padding","7":"resize-featured-image"},"acf":[],"_links":{"self":[{"href":"https:\/\/obera.fr\/sq\/wp-json\/wp\/v2\/pages\/48199","targetHints":{"allow":["GET"]}}],"collection":[{"href":"https:\/\/obera.fr\/sq\/wp-json\/wp\/v2\/pages"}],"about":[{"href":"https:\/\/obera.fr\/sq\/wp-json\/wp\/v2\/types\/page"}],"author":[{"embeddable":true,"href":"https:\/\/obera.fr\/sq\/wp-json\/wp\/v2\/users\/4"}],"replies":[{"embeddable":true,"href":"https:\/\/obera.fr\/sq\/wp-json\/wp\/v2\/comments?post=48199"}],"version-history":[{"count":10,"href":"https:\/\/obera.fr\/sq\/wp-json\/wp\/v2\/pages\/48199\/revisions"}],"predecessor-version":[{"id":127280,"href":"https:\/\/obera.fr\/sq\/wp-json\/wp\/v2\/pages\/48199\/revisions\/127280"}],"up":[{"embeddable":true,"href":"https:\/\/obera.fr\/sq\/wp-json\/wp\/v2\/pages\/48262"}],"wp:featuredmedia":[{"embeddable":true,"href":"https:\/\/obera.fr\/sq\/wp-json\/wp\/v2\/media\/83732"}],"wp:attachment":[{"href":"https:\/\/obera.fr\/sq\/wp-json\/wp\/v2\/media?parent=48199"}],"curies":[{"name":"wp","href":"https:\/\/api.w.org\/{rel}","templated":true}]}}