{"id":48262,"date":"2020-08-26T12:35:06","date_gmt":"2020-08-26T10:35:06","guid":{"rendered":"https:\/\/obera.fr\/produktet-tona\/mbledhesit-industriale-te-pluhurit\/mbledhesit-e-vegjel-industriale-te-pluhurit\/"},"modified":"2025-08-29T09:25:47","modified_gmt":"2025-08-29T07:25:47","slug":"petits","status":"publish","type":"page","link":"https:\/\/obera.fr\/sq\/produits\/depoussiereurs-industriels\/petits\/","title":{"rendered":"Mbledh\u00ebsit e vegj\u00ebl industrial\u00eb t\u00eb pluhurit"},"content":{"rendered":"\n\n<h2 class=\"wp-block-heading\">\u00c7far\u00eb \u00ebsht\u00eb nj\u00eb kolektor i vog\u00ebl pluhuri industrial?<\/h2>\n\n<p>Nj\u00eb kolektor i vog\u00ebl pluhuri \u00ebsht\u00eb n\u00eb p\u00ebrgjith\u00ebsi nj\u00eb <strong>nj\u00ebsi e vog\u00ebl p\u00ebr trajtimin e ajrit me nj\u00eb kapacitet thithjeje nga 80 m3\/or\u00eb deri n\u00eb 500 m3\/or\u00eb<\/strong> . K\u00ebta kolektor\u00eb pluhuri jan\u00eb n\u00eb p\u00ebrgjith\u00ebsi t\u00eb qet\u00eb, t\u00eb l\u00ebvizsh\u00ebm dhe t\u00eb leht\u00eb p\u00ebr t&#8217;u l\u00ebvizur, dhe n\u00eb p\u00ebrgjith\u00ebsi mund t\u00eb pastrojn\u00eb vet\u00ebm nj\u00eb makin\u00eb prodhimi. K\u00ebta kolektor\u00eb kompakt\u00eb pluhuri jan\u00eb t\u00eb pajisur me media filtri ngop\u00ebse (p\u00ebr ePUR ex 1000\/3000) ose nj\u00eb filt\u00ebr q\u00eb zhbllokohet manualisht.  <\/p>\n\n<p>Mbledh\u00ebsit e vegj\u00ebl t\u00eb pluhurit p\u00ebrdoren p\u00ebr t\u00eb kapur ajrin me ngarkes\u00eb t\u00eb leht\u00eb deri n\u00eb mesatare (sasi e ul\u00ebt pluhuri). K\u00ebta kolektor\u00eb pluhuri <strong>kapin pluhurin dhe tymrat<\/strong> nga makinat e gdhendjes me lazer, stacionet e saldimit dhe stacionet e vogla t\u00eb peshimit. Modelet e kolektor\u00ebve t\u00eb pluhurit t\u00eb pajisura me filtra t\u00eb rigjeneruesh\u00ebm jan\u00eb t\u00eb p\u00ebrshtatsh\u00ebm p\u00ebr pluhur t\u00eb im\u00ebt dhe t\u00eb that\u00eb dhe kan\u00eb nj\u00eb en\u00eb mbajt\u00ebse pluhuri q\u00eb mund t\u00eb pajiset me nj\u00eb qese. Kjo qese lejon zbrazjen e thjesht\u00eb dhe t\u00eb past\u00ebr t\u00eb pluhurit t\u00eb grumbulluar.     <\/p>\n\n<p><a href=\"https:\/\/obera.fr\/sq\/produits\/depoussiereurs-industriels\/\" data-type=\"page\" data-id=\"31\">Modelet e mbledh\u00ebsve t\u00eb pluhurit<\/a> t\u00eb pajisura me filtra ngopjes (modeli <a href=\"https:\/\/obera.fr\/sq\/produits\/depoussiereurs-industriels\/petits\/aspiration-fumees-soudage-laser-epur-b-ex\/\" data-type=\"page\" data-id=\"480\">ePUR ex<\/a> ) jan\u00eb t\u00eb p\u00ebrshtatshme p\u00ebr t\u00eb gjitha llojet e pluhurit dhe tymit n\u00eb sasi t\u00eb vogla. \u00cbsht\u00eb vet\u00eb filtri q\u00eb e mban dhe e ruan pluhurin. Kur filtri \u00ebsht\u00eb plot, ai duhet t\u00eb evakuohet n\u00eb nj\u00eb qese t\u00eb ofruar p\u00ebr k\u00ebt\u00eb q\u00ebllim. Mjetet e filtrit jan\u00eb t\u00eb lehta p\u00ebr t&#8217;u aksesuar n\u00eb t\u00eb gjitha modelet tona t\u00eb vogla t\u00eb mbledh\u00ebsve t\u00eb pluhurit dhe mund t\u00eb z\u00ebvend\u00ebsohen leht\u00ebsisht. K\u00ebta mbledh\u00ebs pluhuri mund t\u00eb kapin <strong>pluhurin e bluarjes<\/strong> , pluhurin <strong>e l\u00ebmimit<\/strong> dhe pluhurin e pranish\u00ebm n\u00eb stacionet <strong>e dozimit<\/strong> dhe <strong>peshimit<\/strong> .    <\/p>\n\n<h2 class=\"wp-block-heading\">Zbuloni t\u00eb gjith\u00eb kolektor\u00ebt tan\u00eb t\u00eb vegj\u00ebl kompakt t\u00eb pluhurit:<\/h2>\n\n<p><\/p>\n\n<p><\/p>\n\n<div class=\"wp-block-columns is-layout-flex wp-container-core-columns-is-layout-28f84493 wp-block-columns-is-layout-flex\">\n<div class=\"wp-block-column is-layout-flow wp-block-column-is-layout-flow\">\n<h3 class=\"wp-block-heading has-text-align-center\">SERIA TK<\/h3>\n\n\n\n<figure class=\"wp-block-image aligncenter size-full is-resized\"><a href=\"https:\/\/obera.fr\/produits\/depoussiereurs-industriels\/petits\/tk-serie\/\"><img decoding=\"async\" width=\"600\" height=\"600\" src=\"https:\/\/obera.fr\/wp-content\/uploads\/2020\/11\/tk-series.jpg\" alt=\"Laborator - pajisje laboratorike\" class=\"wp-image-1607\" style=\"width:300px;height:300px\" srcset=\"https:\/\/obera.fr\/wp-content\/uploads\/2020\/11\/tk-series.jpg 600w, https:\/\/obera.fr\/wp-content\/uploads\/2020\/11\/tk-series-300x300.jpg 300w, https:\/\/obera.fr\/wp-content\/uploads\/2020\/11\/tk-series-150x150.jpg 150w\" sizes=\"(max-width: 600px) 100vw, 600px\" \/><\/a><figcaption class=\"wp-element-caption\">Seria TK<\/figcaption><\/figure>\n\n\n\n<p>Mbledh\u00ebsit e pluhurit <a href=\"https:\/\/obera.fr\/sq\/produits\/depoussiereurs-industriels\/petits\/tk-serie\/\" data-type=\"page\" data-id=\"1589\">t\u00eb seris\u00eb TK<\/a><strong> <\/strong>Jan\u00eb nxjerr\u00ebs kompakte pluhuri t\u00eb krijuar p\u00ebr t\u00eb thithur sasi t\u00eb vogla pluhuri p\u00ebr p\u00ebrdorime artizanale ose industriale. Ai duhet t\u00eb lidhet drejtp\u00ebrdrejt me makinat e prodhimit p\u00ebr t\u00eb kapur pluhurin n\u00eb burim. Pajisja do t\u00eb jet\u00eb e p\u00ebrshtatshme p\u00ebr p\u00ebrdorim me nd\u00ebrprerje. K\u00ebto pajisje jan\u00eb efektive p\u00ebr trajtimin e pluhurit t\u00eb trash\u00eb metalik i cili vjen ve\u00e7an\u00ebrisht nga bluarja e metaleve n\u00eb bizhuteri, bizhuteri, etj. \u00cbsht\u00eb shum\u00eb i leht\u00eb p\u00ebr t&#8217;u p\u00ebrdorur dhe i leht\u00eb p\u00ebr t&#8217;u l\u00ebvizur p\u00ebr shkak t\u00eb madh\u00ebsis\u00eb dhe pesh\u00ebs s\u00eb ul\u00ebt.     <\/p>\n\n\n\n<p>Kolektori i vog\u00ebl i pluhurit <strong>TK 4<\/strong> ka nj\u00eb shpejt\u00ebsi maksimale t\u00eb rrjedh\u00ebs prej 300 m3\/h dhe kolektori i vog\u00ebl i pluhurit TK 6 ka nj\u00eb shpejt\u00ebsi rrjedhjeje prej 450 m3\/h. Ajri i pastruar shkarkohet direkt n\u00eb hap\u00ebsir\u00ebn e pun\u00ebs. <\/p>\n<\/div>\n\n\n\n<div class=\"wp-block-column is-layout-flow wp-block-column-is-layout-flow\">\n<h3 class=\"wp-block-heading has-text-align-center\">EPUR Ex 1000-3000-5000<\/h3>\n\n\n\n<figure class=\"wp-block-image aligncenter size-medium is-resized\"><a href=\"https:\/\/obera.fr\/produits\/depoussiereurs-industriels\/petits\/aspiration-fumees-soudage-laser-epur-b-ex\/\"><img decoding=\"async\" width=\"300\" height=\"300\" src=\"https:\/\/obera.fr\/wp-content\/uploads\/2023\/10\/epurb-ex-1000-3000-5000-300x300.png\" alt=\"oberA epur b ex 1000 3000 5000\" class=\"wp-image-25016\" style=\"width:298px;height:auto\" srcset=\"https:\/\/obera.fr\/wp-content\/uploads\/2023\/10\/epurb-ex-1000-3000-5000-300x300.png 300w, https:\/\/obera.fr\/wp-content\/uploads\/2023\/10\/epurb-ex-1000-3000-5000-150x150.png 150w, https:\/\/obera.fr\/wp-content\/uploads\/2023\/10\/epurb-ex-1000-3000-5000.png 600w\" sizes=\"(max-width: 300px) 100vw, 300px\" \/><\/a><figcaption class=\"wp-element-caption\">EPUR EX 1000-3000-5000<\/figcaption><\/figure>\n\n\n\n<p>Gama <a href=\"https:\/\/obera.fr\/sq\/produits\/depoussiereurs-industriels\/petits\/aspiration-fumees-soudage-laser-epur-b-ex\/\" data-type=\"page\" data-id=\"480\">e kolektor\u00ebve t\u00eb pluhurit EPUR Ex 1000-3000-5000<\/a><strong> <\/strong>Jan\u00eb kuti thith\u00ebse mobile, t\u00eb pajisura me media filtri ngop\u00ebse. Ato jan\u00eb ve\u00e7an\u00ebrisht t\u00eb p\u00ebrshtatshme p\u00ebr nxjerrjen e tymrave t\u00eb saldimit, bashkimit me kallaj, pluhurit, avujve, tret\u00ebsve dhe gazrave. Shum\u00eb t\u00eb gjithansh\u00ebm, k\u00ebta mbledh\u00ebs pluhuri p\u00ebrshtaten n\u00eb pothuajse t\u00eb gjith\u00eb sektor\u00ebt industrial\u00eb fal\u00eb tre fazave t\u00eb tyre t\u00eb filtrimit. T\u00eb kontrolluesh\u00ebm n\u00ebp\u00ebrmjet nj\u00eb ekrani me prekje ose nga distanca p\u00ebr rehati t\u00eb shk\u00eblqyer t\u00eb p\u00ebrdoruesit. T\u00eb qet\u00eb dhe t\u00eb fuqish\u00ebm, mund t\u00eb pastrojn\u00eb me fshes\u00eb me korrent deri n\u00eb tre stacione t\u00eb vogla pune ose makina t\u00eb vogla prodhimi.    <\/p>\n\n\n\n<p>K\u00ebto modele grumbulluesish pluhuri jan\u00eb t\u00eb p\u00ebrshtatshme p\u00ebr pozicionim n\u00eb zonat ATEX.  <\/p>\n\n\n\n<p>Avantazhi i k\u00ebtyre pajisjeve \u00ebsht\u00eb se ato kan\u00eb fuqi t\u00eb lart\u00eb thithjeje (deri n\u00eb 10,000 Pa vakum) dhe jan\u00eb plot\u00ebsisht t\u00eb konfigurueshme. N\u00eb fakt, ato kan\u00eb dy deri n\u00eb tre faza filtrimi, media filtri i t\u00eb cilave mund t\u00eb p\u00ebrshtatet plot\u00ebsisht me past\u00ebrtin\u00eb dhe rrezikshm\u00ebrin\u00eb e pluhurit (fazat e filtrimit q\u00eb variojn\u00eb nga G4 n\u00eb HEPA 14). \u00cbsht\u00eb gjithashtu e mundur t\u00eb zgjidhet nj\u00eb faz\u00eb e karbonit t\u00eb aktivizuar e dedikuar posa\u00e7\u00ebrisht p\u00ebr \u00e7\u00ebshtjet e ndot\u00ebsve t\u00eb gazt\u00eb. Nj\u00eb motor me komutim elektronik gjithashtu lejon q\u00eb shpejt\u00ebsia e rrjedh\u00ebs t\u00eb ndryshoj\u00eb nga 0 n\u00eb 100 p\u00ebrqind. Z\u00ebvend\u00ebsimi i filtrave b\u00ebhet n\u00eb m\u00ebnyr\u00eb t\u00eb past\u00ebr dhe t\u00eb sigurt, duke p\u00ebrdorur nj\u00eb komplet z\u00ebvend\u00ebsues t\u00eb disponuesh\u00ebm q\u00eb p\u00ebrb\u00ebhet nga: mbulesa filtri, qese hermetike e disponueshme, mask\u00eb mbrojt\u00ebse personale dhe doreza t\u00eb disponueshme.    <\/p>\n<\/div>\n<\/div>\n\n<p><\/p>\n\n<p><\/p>\n\n<div class=\"wp-block-columns is-layout-flex wp-container-core-columns-is-layout-28f84493 wp-block-columns-is-layout-flex\">\n<div class=\"wp-block-column is-layout-flow wp-block-column-is-layout-flow\">\n<h3 class=\"wp-block-heading has-text-align-center\"><strong>SRF-T<\/strong><\/h3>\n\n\n\n<div class=\"wp-block-columns is-layout-flex wp-container-core-columns-is-layout-28f84493 wp-block-columns-is-layout-flex\">\n<div class=\"wp-block-column is-layout-flow wp-block-column-is-layout-flow\">\n<figure class=\"wp-block-image aligncenter size-large is-resized\"><a href=\"https:\/\/obera.fr\/produits\/depoussiereurs-industriels\/petits\/srf-t\/\"><img decoding=\"async\" width=\"600\" height=\"600\" src=\"https:\/\/obera.fr\/wp-content\/uploads\/2020\/10\/SRF-T-SF.png\" alt=\"Smoke - Dust Collector\" class=\"wp-image-1310\" style=\"width:259px;height:259px\" srcset=\"https:\/\/obera.fr\/wp-content\/uploads\/2020\/10\/SRF-T-SF.png 600w, https:\/\/obera.fr\/wp-content\/uploads\/2020\/10\/SRF-T-SF-300x300.png 300w, https:\/\/obera.fr\/wp-content\/uploads\/2020\/10\/SRF-T-SF-150x150.png 150w\" sizes=\"(max-width: 600px) 100vw, 600px\" \/><\/a><figcaption class=\"wp-element-caption\">SRF-T<\/figcaption><\/figure>\n<\/div>\n<\/div>\n\n\n\n<p><a href=\"https:\/\/obera.fr\/sq\/produits\/depoussiereurs-industriels\/petits\/srf-t\/\">SRF T \u00ebsht\u00eb nj\u00eb pajisje portative<\/a> , e projektuar p\u00ebr <strong>thithjen dhe nxjerrjen e tymrave t\u00eb saldimit<\/strong> . Ka nj\u00eb depresion t\u00eb lart\u00eb ajri dhe p\u00ebr k\u00ebt\u00eb arsye mund t\u00eb lidhet drejtp\u00ebrdrejt me pishtar\u00ebt e saldimit n\u00eb m\u00ebnyr\u00eb q\u00eb t\u00eb trajtohet drejtp\u00ebrdrejt n\u00eb burim. <\/p>\n\n\n\n<p>Jan\u00eb t\u00eb disponueshme disa modele, <strong>SRF T-2<\/strong> q\u00eb ju lejon t\u00eb lidhni nj\u00eb krah nxjerr\u00ebs dhe <strong>SRF T-4<\/strong> q\u00eb ju lejon t\u00eb lidhni deri n\u00eb dy krah\u00eb.  <\/p>\n\n\n\n<p>Kjo pajisje \u00ebsht\u00eb ve\u00e7an\u00ebrisht e p\u00ebrshtatshme p\u00ebr p\u00ebrdorime t\u00eb tilla si vendet e nd\u00ebrtimit t\u00eb anijeve, stacionet e saldimit t\u00eb pjes\u00ebve t\u00eb vogla apo edhe fabrikat e prodhimit t\u00eb automobilave. Fishek\u00ebt e filtrit jan\u00eb t\u00eb pastrueshme dhe t\u00eb rip\u00ebrdorshme. <\/p>\n<\/div>\n\n\n\n<div class=\"wp-block-column is-layout-flow wp-block-column-is-layout-flow\">\n<h3 class=\"wp-block-heading has-text-align-center\"><strong>JUMBO<\/strong><\/h3>\n\n\n\n<figure class=\"wp-block-image aligncenter size-large is-resized\"><a href=\"https:\/\/obera.fr\/produits\/depoussiereurs-industriels\/petits\/jumbo\/\"><img decoding=\"async\" width=\"500\" height=\"500\" src=\"https:\/\/obera.fr\/wp-content\/uploads\/2020\/12\/Jumbo2.png\" alt=\"Jumbo2\" class=\"wp-image-3839\" style=\"width:256px;height:auto\" srcset=\"https:\/\/obera.fr\/wp-content\/uploads\/2020\/12\/Jumbo2.png 500w, https:\/\/obera.fr\/wp-content\/uploads\/2020\/12\/Jumbo2-300x300.png 300w, https:\/\/obera.fr\/wp-content\/uploads\/2020\/12\/Jumbo2-150x150.png 150w\" sizes=\"(max-width: 500px) 100vw, 500px\" \/><\/a><figcaption class=\"wp-element-caption\"><a href=\"https:\/\/obera.fr\/sq\/produits\/depoussiereurs-industriels\/petits\/jumbo\/\">JUMBO<\/a><\/figcaption><\/figure>\n\n\n\n<p><a href=\"https:\/\/obera.fr\/sq\/produits\/depoussiereurs-industriels\/petits\/jumbo\/\">Jumbo<\/a> \u00ebsht\u00eb nj\u00eb grumbullues i vog\u00ebl pluhuri shum\u00eb i plot\u00eb sepse <strong>p\u00ebrshtatet me nj\u00eb num\u00ebr t\u00eb mir\u00eb aplikacionesh.<\/strong> P\u00ebr m\u00eb tep\u00ebr, shkalla e rrjedhjes prej 170 m3\/h dhe depresioni prej 2800 Pa e lejon at\u00eb t\u00eb fshij\u00eb 1 deri n\u00eb 2 stacione pune.<\/p>\n\n\n\n<p>Ky kolektor i vog\u00ebl pluhuri \u00ebsht\u00eb ve\u00e7an\u00ebrisht i p\u00ebrshtatsh\u00ebm p\u00ebr pastrimin <strong>e pluhurit t\u00eb im\u00ebt dhe t\u00eb trash\u00eb<\/strong> , por edhe <strong>tymrave, avujve dhe aromave.<\/strong><\/p>\n\n\n\n<p>Gjurma e tij \u00ebsht\u00eb <strong>e vog\u00ebl<\/strong> , ashtu si edhe konsumi i energjis\u00eb. I pajisur me disa fuga, \u00ebsht\u00eb i aft\u00eb t\u00eb fshihet n\u00eb pozicione t\u00eb ndryshme dhe <strong>t\u00eb p\u00ebrshtatet me \u00e7do situat\u00eb.<\/strong> <\/p>\n<\/div>\n<\/div>\n\n<div class=\"wp-block-buttons is-horizontal is-content-justification-center is-layout-flex wp-container-core-buttons-is-layout-03627597 wp-block-buttons-is-layout-flex\">\n<div class=\"wp-block-button has-custom-width wp-block-button__width-100\"><a class=\"wp-block-button__link wp-element-button\" href=\"https:\/\/obera.fr\/sq\/na-kontaktoni\/\">M\u00ebsoni m\u00eb shum\u00eb<\/a><\/div>\n<\/div>\n\n<hr class=\"wp-block-separator has-css-opacity\"\/>\n\n<div class=\"wp-block-group is-layout-flow wp-block-group-is-layout-flow\">\n<h2 class=\"wp-block-heading\">Gama t\u00eb tjera t\u00eb kolektor\u00ebve industrial\u00eb t\u00eb pluhurit oberA<\/h2>\n\n\n\n<div class=\"wp-block-buttons is-content-justification-center is-layout-flex wp-container-core-buttons-is-layout-a89b3969 wp-block-buttons-is-layout-flex\">\n<div class=\"wp-block-button\"><a class=\"wp-block-button__link wp-element-button\" href=\"https:\/\/obera.fr\/produits\/depoussiereurs-industriels\/mobiles\/\">mbledh\u00ebsit e l\u00ebvizsh\u00ebm t\u00eb pluhurit  <\/a><\/div>\n\n\n\n<div class=\"wp-block-button\"><a class=\"wp-block-button__link wp-element-button\" href=\"https:\/\/obera.fr\/produits\/depoussiereurs-industriels\/fixes\/\"> <strong>Mbledh\u00ebsit<\/strong> e pluhurit t\u00eb rregulluar<\/a><\/div>\n<\/div>\n<\/div>\n\n<p><\/p>\n","protected":false},"excerpt":{"rendered":"<p>\u00c7far\u00eb \u00ebsht\u00eb nj\u00eb kolektor i vog\u00ebl pluhuri industrial? Nj\u00eb kolektor i vog\u00ebl pluhuri \u00ebsht\u00eb n\u00eb p\u00ebrgjith\u00ebsi nj\u00eb nj\u00ebsi e vog\u00ebl p\u00ebr trajtimin e ajrit me nj\u00eb kapacitet thithjeje nga 80 m3\/or\u00eb deri n\u00eb 500 m3\/or\u00eb . K\u00ebta kolektor\u00eb pluhuri jan\u00eb n\u00eb p\u00ebrgjith\u00ebsi t\u00eb qet\u00eb, t\u00eb l\u00ebvizsh\u00ebm dhe t\u00eb leht\u00eb p\u00ebr t&#8217;u l\u00ebvizur, dhe n\u00eb p\u00ebrgjith\u00ebsi mund t\u00eb pastrojn\u00eb vet\u00ebm nj\u00eb makin\u00eb prodhimi. K\u00ebta kolektor\u00eb kompakt\u00eb pluhuri jan\u00eb t\u00eb pajisur me media filtri ngop\u00ebse (p\u00ebr ePUR ex 1000\/3000) ose nj\u00eb filt\u00ebr q\u00eb zhbllokohet manualisht. Mbledh\u00ebsit e vegj\u00ebl t\u00eb pluhurit p\u00ebrdoren p\u00ebr t\u00eb kapur ajrin me ngarkes\u00eb t\u00eb leht\u00eb deri n\u00eb mesatare &#8230; <\/p>\n<p class=\"read-more-container\"><a title=\"Mbledh\u00ebsit e vegj\u00ebl industrial\u00eb t\u00eb pluhurit\" class=\"read-more button\" href=\"https:\/\/obera.fr\/sq\/produits\/depoussiereurs-industriels\/petits\/#more-48262\" aria-label=\"Read more about Mbledh\u00ebsit e vegj\u00ebl industrial\u00eb t\u00eb pluhurit\">Lire la suite<\/a><\/p>\n","protected":false},"author":4,"featured_media":103611,"parent":45693,"menu_order":0,"comment_status":"closed","ping_status":"closed","template":"","meta":{"_acf_changed":false,"_seopress_robots_primary_cat":"","_seopress_titles_title":"Kolektor\u00eb t\u00eb vegj\u00ebl pluhuri EPUR B Ex, filtra p\u00ebr \u00e7anta SRF-T dhe ePURBOX","_seopress_titles_desc":"Mbledh\u00ebsit e vegj\u00ebl t\u00eb pluhurit jan\u00eb pajisje t\u00eb vogla p\u00ebr trajtimin e ajrit. K\u00ebta kolektor\u00eb industrial\u00eb pluhuri jan\u00eb me zhurm\u00eb t\u00eb ul\u00ebt, t\u00eb l\u00ebvizsh\u00ebm dhe t\u00eb leht\u00eb p\u00ebr t'u l\u00ebvizur. ","_seopress_robots_index":"","footnotes":""},"class_list":{"0":"post-48262","1":"page","2":"type-page","3":"status-publish","4":"has-post-thumbnail","6":"no-featured-image-padding","7":"resize-featured-image"},"acf":[],"_links":{"self":[{"href":"https:\/\/obera.fr\/sq\/wp-json\/wp\/v2\/pages\/48262","targetHints":{"allow":["GET"]}}],"collection":[{"href":"https:\/\/obera.fr\/sq\/wp-json\/wp\/v2\/pages"}],"about":[{"href":"https:\/\/obera.fr\/sq\/wp-json\/wp\/v2\/types\/page"}],"author":[{"embeddable":true,"href":"https:\/\/obera.fr\/sq\/wp-json\/wp\/v2\/users\/4"}],"replies":[{"embeddable":true,"href":"https:\/\/obera.fr\/sq\/wp-json\/wp\/v2\/comments?post=48262"}],"version-history":[{"count":9,"href":"https:\/\/obera.fr\/sq\/wp-json\/wp\/v2\/pages\/48262\/revisions"}],"predecessor-version":[{"id":127526,"href":"https:\/\/obera.fr\/sq\/wp-json\/wp\/v2\/pages\/48262\/revisions\/127526"}],"up":[{"embeddable":true,"href":"https:\/\/obera.fr\/sq\/wp-json\/wp\/v2\/pages\/45693"}],"wp:featuredmedia":[{"embeddable":true,"href":"https:\/\/obera.fr\/sq\/wp-json\/wp\/v2\/media\/103611"}],"wp:attachment":[{"href":"https:\/\/obera.fr\/sq\/wp-json\/wp\/v2\/media?parent=48262"}],"curies":[{"name":"wp","href":"https:\/\/api.w.org\/{rel}","templated":true}]}}