{"id":48326,"date":"2020-05-01T17:19:45","date_gmt":"2020-05-01T15:19:45","guid":{"rendered":"https:\/\/obera.fr\/produktet-tona\/analizuesit-e-ajrit\/"},"modified":"2025-04-22T09:39:12","modified_gmt":"2025-04-22T07:39:12","slug":"analyseurs-air","status":"publish","type":"page","link":"https:\/\/obera.fr\/sq\/produits\/analyseurs-air\/","title":{"rendered":"Analizuesit e ajrit"},"content":{"rendered":"\n<p>OberA ka nj\u00eb gam\u00eb prej 5 analizator\u00ebsh ajri. K\u00ebto pajisje synojn\u00eb t\u00eb zbulojn\u00eb parametrat e ndrysh\u00ebm t\u00eb ajrit t\u00eb pranish\u00ebm n\u00eb vendin tuaj t\u00eb pun\u00ebs. <\/p>\n\n\n<h2 class=\"wp-block-heading\" id=\"les-produits-de-la-gamme-obera\">Produkte nga gama OberA<\/h2>\n\n<div class=\"wp-block-columns is-layout-flex wp-container-core-columns-is-layout-28f84493 wp-block-columns-is-layout-flex\">\n<div class=\"wp-block-column is-layout-flow wp-block-column-is-layout-flow\">\n<h3 class=\"wp-block-heading has-text-align-center\" id=\"obcare\"><a href=\"https:\/\/obera.fr\/sq\/produits\/analyseurs-air\/sensori-i-co2-obcare\/\">KUJDES<\/a><\/h3>\n\n\n\n<figure class=\"wp-block-image aligncenter size-medium is-resized\"><a href=\"https:\/\/obera.fr\/produits\/analyseurs-air\/capteur-co2-obcare\/\"><img decoding=\"async\" width=\"300\" height=\"212\" src=\"https:\/\/obera.fr\/wp-content\/uploads\/2021\/09\/Capteur_CO2_OBCARE-2-300x212.png\" alt=\"sensori i paqart&#xEB; CO2\" class=\"wp-image-6918\" style=\"aspect-ratio:1.4180327868852458;width:216px;height:auto\" srcset=\"https:\/\/obera.fr\/wp-content\/uploads\/2021\/09\/Capteur_CO2_OBCARE-2-300x212.png 300w, https:\/\/obera.fr\/wp-content\/uploads\/2021\/09\/Capteur_CO2_OBCARE-2-768x542.png 768w, https:\/\/obera.fr\/wp-content\/uploads\/2021\/09\/Capteur_CO2_OBCARE-2.png 921w\" sizes=\"(max-width: 300px) 100vw, 300px\" \/><\/a><\/figure>\n\n\n\n<p><\/p>\n\n\n\n<p><a href=\"https:\/\/obera.fr\/sq\/produits\/analyseurs-air\/sensori-i-co2-obcare\/\" data-type=\"page\" data-id=\"6812\"><strong>OBCARE<\/strong> \u00ebsht\u00eb nj\u00eb sensor i past\u00ebr C02<\/a> . Duke p\u00ebrdorur teknologjin\u00eb NDIR (sensor\u00eb infra t\u00eb kuqe jo-dispersive) me kalibrim automatik, synimi i saj \u00ebsht\u00eb t\u00eb tregoj\u00eb me sakt\u00ebsi n\u00eb koh\u00eb reale p\u00ebrqendrimin n\u00eb ppm (sakt\u00ebsia \u00b1 60 ppm). <\/p>\n<\/div>\n\n\n\n<div class=\"wp-block-column is-layout-flow wp-block-column-is-layout-flow\">\n<h3 class=\"wp-block-heading has-text-align-center\" id=\"compteur-de-particules\"><a href=\"https:\/\/obera.fr\/sq\/produits\/analyseurs-air\/numeruesi-i-grimcave\/\">Num\u00ebruesi i grimcave<\/a><\/h3>\n\n\n\n<figure class=\"wp-block-image aligncenter size-thumbnail\"><a href=\"https:\/\/obera.fr\/produits\/analyseurs-air\/compteur-particules\/\"><img decoding=\"async\" width=\"150\" height=\"150\" src=\"https:\/\/obera.fr\/wp-content\/uploads\/2020\/08\/compteur-de-particules-150x150.png\" alt=\"Num&#xEB;ruesi i grimcave\" class=\"wp-image-714\" srcset=\"https:\/\/obera.fr\/wp-content\/uploads\/2020\/08\/compteur-de-particules-150x150.png 150w, https:\/\/obera.fr\/wp-content\/uploads\/2020\/08\/compteur-de-particules-300x300.png 300w, https:\/\/obera.fr\/wp-content\/uploads\/2020\/08\/compteur-de-particules.png 433w\" sizes=\"(max-width: 150px) 100vw, 150px\" \/><\/a><\/figure>\n\n\n\n<p><a href=\"https:\/\/obera.fr\/sq\/produits\/analyseurs-air\/numeruesi-i-grimcave\/\" data-type=\"page\" data-id=\"539\">Num\u00ebruesi i grimcave OberA<\/a> \u00ebsht\u00eb i aft\u00eb t\u00eb mat\u00eb grimcat e pluhurit PM0.3 deri n\u00eb PM10 (grimcat nga 0.3um n\u00eb 10um). Kapni temperatur\u00ebn q\u00eb varion nga 0\u00b0C deri n\u00eb 50\u00b0C dhe lag\u00ebshtia relative. <\/p>\n<\/div>\n<\/div>\n\n<div style=\"height:30px\" aria-hidden=\"true\" class=\"wp-block-spacer\"><\/div>\n\n<div class=\"wp-block-buttons is-horizontal is-content-justification-center is-layout-flex wp-container-core-buttons-is-layout-03627597 wp-block-buttons-is-layout-flex\">\n<div class=\"wp-block-button has-custom-width wp-block-button__width-100\"><a class=\"wp-block-button__link wp-element-button\" href=\"https:\/\/obera.fr\/sq\/na-kontaktoni\/\">M\u00ebsoni m\u00eb shum\u00eb<\/a><\/div>\n<\/div>\n\n<p><\/p>\n\n<h2 class=\"wp-block-heading\" id=\"pourquoi-mesurer-la-qualite-de-mon-air\">Pse t\u00eb matet cil\u00ebsia e ajrit tim?<\/h2>\n\n<p>Ajri \u00ebsht\u00eb nj\u00eb element thelb\u00ebsor p\u00ebr njer\u00ebzit, \u00ebsht\u00eb i nevojsh\u00ebm p\u00ebr sh\u00ebndetin dhe mir\u00ebqenien e punonj\u00ebsve q\u00eb t\u00eb thithin aj\u00ebr t\u00eb sh\u00ebndetsh\u00ebm. Kjo p\u00ebrfshin analizimin e ajrit t\u00eb thithur nga punonj\u00ebsit tuaj dhe k\u00ebshtu vendosjen n\u00ebse \u00ebsht\u00eb e dobishme t\u00eb pajisni vendin tuaj t\u00eb pun\u00ebs me nj\u00eb instalim p\u00ebr trajtimin e ajrit. <\/p>\n\n<p>Kjo analiz\u00eb e ajrit do t\u00eb b\u00ebj\u00eb t\u00eb mundur gjithashtu njohjen e llojit t\u00eb ndot\u00ebsve t\u00eb pranish\u00ebm n\u00eb vendin tuaj t\u00eb pun\u00ebs dhe shkall\u00ebn e p\u00ebrqendrimit t\u00eb tij, gj\u00eb q\u00eb rezulton t\u00eb jet\u00eb e dobishme p\u00ebr zgjedhjen e filtrimit t\u00eb instalimit tuaj t\u00eb trajtimit t\u00eb ajrit.<\/p>\n","protected":false},"excerpt":{"rendered":"<p>OberA ka nj\u00eb gam\u00eb prej 5 analizator\u00ebsh ajri. K\u00ebto pajisje synojn\u00eb t\u00eb zbulojn\u00eb parametrat e ndrysh\u00ebm t\u00eb ajrit t\u00eb pranish\u00ebm n\u00eb vendin tuaj t\u00eb pun\u00ebs. Produkte nga gama OberA KUJDES OBCARE \u00ebsht\u00eb nj\u00eb sensor i past\u00ebr C02 . Duke p\u00ebrdorur teknologjin\u00eb NDIR (sensor\u00eb infra t\u00eb kuqe jo-dispersive) me kalibrim automatik, synimi i saj \u00ebsht\u00eb t\u00eb tregoj\u00eb me sakt\u00ebsi n\u00eb koh\u00eb reale p\u00ebrqendrimin n\u00eb ppm (sakt\u00ebsia \u00b1 60 ppm). Num\u00ebruesi i grimcave Num\u00ebruesi i grimcave OberA \u00ebsht\u00eb i aft\u00eb t\u00eb mat\u00eb grimcat e pluhurit PM0.3 deri n\u00eb PM10 (grimcat nga 0.3um n\u00eb 10um). Kapni temperatur\u00ebn q\u00eb varion nga 0\u00b0C deri n\u00eb &#8230; <\/p>\n<p class=\"read-more-container\"><a title=\"Analizuesit e ajrit\" class=\"read-more button\" href=\"https:\/\/obera.fr\/sq\/produits\/analyseurs-air\/#more-48326\" aria-label=\"Read more about Analizuesit e ajrit\">Lire la suite<\/a><\/p>\n","protected":false},"author":4,"featured_media":83732,"parent":37892,"menu_order":7,"comment_status":"closed","ping_status":"closed","template":"","meta":{"_acf_changed":false,"_seopress_robots_primary_cat":"","_seopress_titles_title":"Retrouvez tous nos analyseurs d\u2019air de la gamme oberA","_seopress_titles_desc":"OberA dispose d\u2019une gamme de 5 analyseurs d\u2019air. Ces appareils ont pour but de r\u00e9v\u00e9ler les diff\u00e9rents param\u00e8tres de l\u2019air pr\u00e9sent sur votre lieu de travail.","_seopress_robots_index":"","footnotes":""},"class_list":{"0":"post-48326","1":"page","2":"type-page","3":"status-publish","4":"has-post-thumbnail","6":"no-featured-image-padding","7":"resize-featured-image"},"acf":[],"_links":{"self":[{"href":"https:\/\/obera.fr\/sq\/wp-json\/wp\/v2\/pages\/48326","targetHints":{"allow":["GET"]}}],"collection":[{"href":"https:\/\/obera.fr\/sq\/wp-json\/wp\/v2\/pages"}],"about":[{"href":"https:\/\/obera.fr\/sq\/wp-json\/wp\/v2\/types\/page"}],"author":[{"embeddable":true,"href":"https:\/\/obera.fr\/sq\/wp-json\/wp\/v2\/users\/4"}],"replies":[{"embeddable":true,"href":"https:\/\/obera.fr\/sq\/wp-json\/wp\/v2\/comments?post=48326"}],"version-history":[{"count":4,"href":"https:\/\/obera.fr\/sq\/wp-json\/wp\/v2\/pages\/48326\/revisions"}],"predecessor-version":[{"id":63174,"href":"https:\/\/obera.fr\/sq\/wp-json\/wp\/v2\/pages\/48326\/revisions\/63174"}],"up":[{"embeddable":true,"href":"https:\/\/obera.fr\/sq\/wp-json\/wp\/v2\/pages\/37892"}],"wp:featuredmedia":[{"embeddable":true,"href":"https:\/\/obera.fr\/sq\/wp-json\/wp\/v2\/media\/83732"}],"wp:attachment":[{"href":"https:\/\/obera.fr\/sq\/wp-json\/wp\/v2\/media?parent=48326"}],"curies":[{"name":"wp","href":"https:\/\/api.w.org\/{rel}","templated":true}]}}