{"id":48348,"date":"2020-08-26T13:00:52","date_gmt":"2020-08-26T11:00:52","guid":{"rendered":"https:\/\/obera.fr\/produktet-tona\/analizuesit-e-ajrit\/numeruesi-i-grimcave\/"},"modified":"2025-06-03T15:11:30","modified_gmt":"2025-06-03T13:11:30","slug":"compteur-particules","status":"publish","type":"page","link":"https:\/\/obera.fr\/sq\/produits\/analyseurs-air\/compteur-particules\/","title":{"rendered":"Num\u00ebruesi i grimcave"},"content":{"rendered":"\n<h2 class=\"wp-block-heading\">Monitorimi i nivelit t\u00eb pluhurit<\/h2>\n\n\n\n<div class=\"wp-block-columns is-layout-flex wp-container-core-columns-is-layout-28f84493 wp-block-columns-is-layout-flex\">\n<div class=\"wp-block-column is-layout-flow wp-block-column-is-layout-flow\" style=\"flex-basis:33.33%\">\n<figure class=\"wp-block-image aligncenter size-thumbnail\"><img decoding=\"async\" width=\"150\" height=\"150\" src=\"https:\/\/obera.fr\/wp-content\/uploads\/2020\/08\/compteur-de-particules-150x150.png\" alt=\"Num\u00ebruesi i grimcave\" class=\"wp-image-714\" srcset=\"https:\/\/obera.fr\/wp-content\/uploads\/2020\/08\/compteur-de-particules-150x150.png 150w, https:\/\/obera.fr\/wp-content\/uploads\/2020\/08\/compteur-de-particules-300x300.png 300w, https:\/\/obera.fr\/wp-content\/uploads\/2020\/08\/compteur-de-particules.png 433w\" sizes=\"(max-width: 150px) 100vw, 150px\" \/><figcaption class=\"wp-element-caption\">Num\u00ebruesi i grimcave<\/figcaption><\/figure>\n<\/div>\n\n\n\n<div class=\"wp-block-column is-layout-flow wp-block-column-is-layout-flow\" style=\"flex-basis:66.66%\">\n<p><strong>Num\u00ebruesi i grimcave OberA<\/strong> \u00ebsht\u00eb nj\u00eb instrument universal p\u00ebr num\u00ebrimin e grimcave n\u00eb aj\u00ebr.  <\/p>\n\n\n\n<p>Ai \u00ebsht\u00eb n\u00eb gjendje t\u00eb llogarit\u00eb gjasht\u00eb fraksione t\u00eb ndryshme t\u00eb madh\u00ebsis\u00eb s\u00eb grimcave t\u00eb pluhurit (grimca nga 0,3 deri n\u00eb 10 \u00b5m), si dhe t\u00eb mat\u00eb lag\u00ebshtin\u00eb dhe temperatur\u00ebn e ambientit.  <\/p>\n\n\n\n<p>Kjo e b\u00ebn k\u00ebt\u00eb pajisje universale kund\u00ebr grimcave.<\/p>\n\n\n\n<hr class=\"wp-block-separator has-text-color has-black-color has-css-opacity has-black-background-color has-background is-style-dots\"\/>\n\n\n\n<div class=\"wp-block-columns is-layout-flex wp-container-core-columns-is-layout-28f84493 wp-block-columns-is-layout-flex\">\n<div class=\"wp-block-column is-layout-flow wp-block-column-is-layout-flow\" style=\"flex-basis:33.33%\">\n<div class=\"wp-block-buttons is-layout-flex wp-block-buttons-is-layout-flex\">\n<div class=\"wp-block-button\"><a class=\"wp-block-button__link wp-element-button\" href=\"https:\/\/obera.fr\/wp-content\/uploads\/2025\/04\/brochure-obdt-9883m-en.pdf\"><strong>SHKARKONI<\/strong> <strong>BROSHUR\u00cbN<\/strong><\/a><\/div>\n<\/div>\n<\/div>\n\n\n\n<div class=\"wp-block-column is-layout-flow wp-block-column-is-layout-flow\" style=\"flex-basis:33.34%\">\n<div class=\"wp-block-buttons is-horizontal is-content-justification-center is-layout-flex wp-container-core-buttons-is-layout-03627597 wp-block-buttons-is-layout-flex\">\n<div class=\"wp-block-button has-custom-width wp-block-button__width-100\"><a class=\"wp-block-button__link wp-element-button\" href=\"https:\/\/obera.fr\/sq\/na-kontaktoni\/\">M\u00ebsoni m\u00eb shum\u00eb<\/a><\/div>\n<\/div>\n<\/div>\n\n\n\n<div class=\"wp-block-column is-layout-flow wp-block-column-is-layout-flow\" style=\"flex-basis:33.34%\">\n<div class=\"wp-block-buttons is-content-justification-center is-layout-flex wp-container-core-buttons-is-layout-a89b3969 wp-block-buttons-is-layout-flex\">\n<div class=\"wp-block-button btn-devis-source\"><a class=\"wp-block-button__link wp-element-button\" href=\"https:\/\/obera.fr\/sq\/devis\/\">K\u00ebrkes\u00eb p\u00ebr kuot\u00eb<\/a><\/div>\n<\/div>\n\n\n<script>\r\ndocument.addEventListener('DOMContentLoaded', function() {\r\n    \/\/ 1. On cherche le titre H1 de la page\r\n    var h1 = document.querySelector('h1');\r\n    var productTitle = h1 ? h1.innerText.trim() : \"\";\r\n\r\n    \/\/ 2. On cherche les boutons via la classe CSS .btn-devis-source\r\n    var buttons = document.querySelectorAll('.btn-devis-source a');\r\n\r\n    \/\/ 3. Si on a le titre et les boutons, on ajoute le param\u00e8tre\r\n    if (buttons.length > 0 && productTitle !== \"\") {\r\n        var encodedTitle = encodeURIComponent(productTitle);\r\n\r\n        buttons.forEach(function(btn) {\r\n            var currentHref = btn.getAttribute('href');\r\n            \r\n            \/\/ S\u00e9curit\u00e9 pour ne pas ajouter le param\u00e8tre 2 fois\r\n            if (currentHref.indexOf('sujet=') === -1) {\r\n                var separator = currentHref.indexOf('?') !== -1 ? '&' : '?';\r\n                var newLink = currentHref + separator + 'sujet=' + encodedTitle;\r\n                \r\n                btn.setAttribute('href', newLink);\r\n            }\r\n        });\r\n    }\r\n});\r\n<\/script><\/div>\n<\/div>\n\n\n\n<p><\/p>\n<\/div>\n<\/div>\n\n\n\n<h2 class=\"wp-block-heading\">P\u00ebrpar\u00ebsit\u00eb e num\u00ebruesit t\u00eb grimcave<\/h2>\n\n\n\n<div class=\"wp-block-columns is-layout-flex wp-container-core-columns-is-layout-28f84493 wp-block-columns-is-layout-flex\">\n<div class=\"wp-block-column is-layout-flow wp-block-column-is-layout-flow\">\n<h3 class=\"wp-block-heading has-text-align-center\"><strong>P\u00ebrfitimet<\/strong><\/h3>\n\n\n\n<ul class=\"wp-block-list\">\n<li>Zbulon 6 madh\u00ebsi (0,3\/0,5\/1,0\/2,5\/5,0\/10 \u03bcm)<\/li>\n\n\n\n<li>Matja e temperatur\u00ebs dhe lag\u00ebshtis\u00eb<\/li>\n\n\n\n<li>Kamera e integruar p\u00ebr regjistrimin e imazheve dhe videove<\/li>\n<\/ul>\n<\/div>\n\n\n\n<div class=\"wp-block-column is-layout-flow wp-block-column-is-layout-flow\">\n<h3 class=\"wp-block-heading has-text-align-center\"><strong>Shembuj t\u00eb industrive t\u00eb p\u00ebrdoruesve<\/strong><\/h3>\n\n\n\n<ul class=\"wp-block-list\">\n<li>Dhomat gri<\/li>\n\n\n\n<li>Industria mekanike<\/li>\n\n\n\n<li>Metalurgji<\/li>\n\n\n\n<li>Plastika<\/li>\n\n\n\n<li>Pije<\/li>\n\n\n\n<li>Petrokimike<\/li>\n\n\n\n<li>P\u00ebrpunimi i polimerit dhe plastik\u00ebs<\/li>\n\n\n\n<li>Farmaceutike<\/li>\n\n\n\n<li>Agro-ushqimore<\/li>\n<\/ul>\n<\/div>\n<\/div>\n\n\n\n<h2 class=\"wp-block-heading\">Ndot\u00ebsit e matur<\/h2>\n\n\n\n<div class=\"wp-block-columns is-layout-flex wp-container-core-columns-is-layout-28f84493 wp-block-columns-is-layout-flex\">\n<div class=\"wp-block-column is-layout-flow wp-block-column-is-layout-flow\">\n<h3 class=\"wp-block-heading\"><strong>Sensori i pluhurit PM 0,3 deri n\u00eb PM 10<\/strong><\/h3>\n\n\n\n<p>(grimca m\u00eb t\u00eb m\u00ebdha se 0,3\u00b5g deri n\u00eb 10\u00b5m)<\/p>\n\n\n\n<p>Analizuesi i grimcave oberA \u00ebsht\u00eb i aft\u00eb t\u00eb mat\u00eb 6 madh\u00ebsi grimcash nj\u00ebkoh\u00ebsisht. :<\/p>\n\n\n\n<p>0,3\u00b5m \/ 0,5\u00b5m \/ 1\u00b5m \/ 2,5\u00b5m \/ 5\u00b5m \/ 10\u00b5m<\/p>\n<\/div>\n\n\n\n<div class=\"wp-block-column is-layout-flow wp-block-column-is-layout-flow\">\n<h3 class=\"wp-block-heading\"><strong>Sensori i temperatur\u00ebs<\/strong><\/h3>\n\n\n\n<p>Gama e matur nga -0 n\u00eb +50\u00b0C<\/p>\n<\/div>\n\n\n\n<div class=\"wp-block-column is-layout-flow wp-block-column-is-layout-flow\">\n<h3 class=\"wp-block-heading\"><strong>Shkalla e lag\u00ebshtis\u00eb relative<\/strong><\/h3>\n\n\n\n<p>Matja e lag\u00ebshtis\u00eb relative nga 0 n\u00eb 100%.<\/p>\n<\/div>\n<\/div>\n\n\n\n<div class=\"wp-block-buttons is-horizontal is-content-justification-center is-layout-flex wp-container-core-buttons-is-layout-03627597 wp-block-buttons-is-layout-flex\">\n<div class=\"wp-block-button\"><a class=\"wp-block-button__link wp-element-button\" href=\"https:\/\/obera.fr\/wp-content\/uploads\/2024\/02\/brochure-compteur-de-particules-.pdf\">Shkarkoni flet\u00ebn e produktit<\/a><\/div>\n<\/div>\n\n\n\n<hr class=\"wp-block-separator has-css-opacity is-style-dots\"\/>\n\n\n\n<h2 class=\"wp-block-heading\">Analizues t\u00eb tjer\u00eb t\u00eb ajrit OberA<\/h2>\n\n\n\n<div class=\"wp-block-columns is-layout-flex wp-container-core-columns-is-layout-28f84493 wp-block-columns-is-layout-flex\">\n<div class=\"wp-block-column is-layout-flow wp-block-column-is-layout-flow\"><\/div>\n\n\n\n<div class=\"wp-block-column is-layout-flow wp-block-column-is-layout-flow\">\n<figure class=\"wp-block-image aligncenter size-medium is-resized\"><a href=\"https:\/\/obera.fr\/produits\/analyseurs-air\/capteur-co2-obcare\/\"><img decoding=\"async\" width=\"300\" height=\"212\" src=\"https:\/\/obera.fr\/wp-content\/uploads\/2021\/09\/Capteur_CO2_OBCARE-2-300x212.png\" alt=\"sensori i paqart\u00eb CO2\" class=\"wp-image-6918\" srcset=\"https:\/\/obera.fr\/wp-content\/uploads\/2021\/09\/Capteur_CO2_OBCARE-2-300x212.png 300w, https:\/\/obera.fr\/wp-content\/uploads\/2021\/09\/Capteur_CO2_OBCARE-2-768x542.png 768w, https:\/\/obera.fr\/wp-content\/uploads\/2021\/09\/Capteur_CO2_OBCARE-2.png 921w\" sizes=\"(max-width: 300px) 100vw, 300px\" \/><\/a><figcaption class=\"wp-element-caption\">KUJDES<\/figcaption><\/figure>\n<\/div>\n\n\n\n<div class=\"wp-block-column is-layout-flow wp-block-column-is-layout-flow\"><\/div>\n\n\n\n<div class=\"wp-block-column is-layout-flow wp-block-column-is-layout-flow\"><\/div>\n<\/div>\n\n\n\n<p><\/p>\n","protected":false},"excerpt":{"rendered":"<p>Monitorimi i nivelit t\u00eb pluhurit Num\u00ebruesi i grimcave OberA \u00ebsht\u00eb nj\u00eb instrument universal p\u00ebr num\u00ebrimin e grimcave n\u00eb aj\u00ebr. Ai \u00ebsht\u00eb n\u00eb gjendje t\u00eb llogarit\u00eb gjasht\u00eb fraksione t\u00eb ndryshme t\u00eb madh\u00ebsis\u00eb s\u00eb grimcave t\u00eb pluhurit (grimca nga 0,3 deri n\u00eb 10 \u00b5m), si dhe t\u00eb mat\u00eb lag\u00ebshtin\u00eb dhe temperatur\u00ebn e ambientit. Kjo e b\u00ebn k\u00ebt\u00eb pajisje universale kund\u00ebr grimcave. P\u00ebrpar\u00ebsit\u00eb e num\u00ebruesit t\u00eb grimcave P\u00ebrfitimet Shembuj t\u00eb industrive t\u00eb p\u00ebrdoruesve Ndot\u00ebsit e matur Sensori i pluhurit PM 0,3 deri n\u00eb PM 10 (grimca m\u00eb t\u00eb m\u00ebdha se 0,3\u00b5g deri n\u00eb 10\u00b5m) Analizuesi i grimcave oberA \u00ebsht\u00eb i aft\u00eb t\u00eb mat\u00eb &#8230; <\/p>\n<p class=\"read-more-container\"><a title=\"Num\u00ebruesi i grimcave\" class=\"read-more button\" href=\"https:\/\/obera.fr\/sq\/produits\/analyseurs-air\/compteur-particules\/#more-48348\" aria-label=\"Read more about Num\u00ebruesi i grimcave\">Lire la suite<\/a><\/p>\n","protected":false},"author":4,"featured_media":83732,"parent":48326,"menu_order":0,"comment_status":"closed","ping_status":"closed","template":"","meta":{"_acf_changed":false,"_seopress_robots_primary_cat":"","_seopress_titles_title":"Compteur de particules de poussi\u00e8res dans l'air","_seopress_titles_desc":"Le compteur oberA permet de compter des particules dans l\u2019air. Il est capable de calculer six fractions granulom\u00e9triques de poussi\u00e8res diff\u00e9rentes.","_seopress_robots_index":"","footnotes":""},"class_list":{"0":"post-48348","1":"page","2":"type-page","3":"status-publish","4":"has-post-thumbnail","6":"no-featured-image-padding","7":"resize-featured-image"},"acf":[],"_links":{"self":[{"href":"https:\/\/obera.fr\/sq\/wp-json\/wp\/v2\/pages\/48348","targetHints":{"allow":["GET"]}}],"collection":[{"href":"https:\/\/obera.fr\/sq\/wp-json\/wp\/v2\/pages"}],"about":[{"href":"https:\/\/obera.fr\/sq\/wp-json\/wp\/v2\/types\/page"}],"author":[{"embeddable":true,"href":"https:\/\/obera.fr\/sq\/wp-json\/wp\/v2\/users\/4"}],"replies":[{"embeddable":true,"href":"https:\/\/obera.fr\/sq\/wp-json\/wp\/v2\/comments?post=48348"}],"version-history":[{"count":3,"href":"https:\/\/obera.fr\/sq\/wp-json\/wp\/v2\/pages\/48348\/revisions"}],"predecessor-version":[{"id":108439,"href":"https:\/\/obera.fr\/sq\/wp-json\/wp\/v2\/pages\/48348\/revisions\/108439"}],"up":[{"embeddable":true,"href":"https:\/\/obera.fr\/sq\/wp-json\/wp\/v2\/pages\/48326"}],"wp:featuredmedia":[{"embeddable":true,"href":"https:\/\/obera.fr\/sq\/wp-json\/wp\/v2\/media\/83732"}],"wp:attachment":[{"href":"https:\/\/obera.fr\/sq\/wp-json\/wp\/v2\/media?parent=48348"}],"curies":[{"name":"wp","href":"https:\/\/api.w.org\/{rel}","templated":true}]}}