{"id":48604,"date":"2020-08-26T12:33:11","date_gmt":"2020-08-26T10:33:11","guid":{"rendered":"https:\/\/obera.fr\/produktet-tona\/filtra-mjegull-vaji\/"},"modified":"2025-04-22T09:43:22","modified_gmt":"2025-04-22T07:43:22","slug":"filtres-brouillard-huile","status":"publish","type":"page","link":"https:\/\/obera.fr\/sq\/produits\/filtres-brouillard-huile\/","title":{"rendered":"Filtra mjegull vaji"},"content":{"rendered":"\n<p>Nj\u00eb filt\u00ebr <strong>mjegull vaji<\/strong> me performanc\u00eb t\u00eb lart\u00eb p\u00ebr t&#8217;u lidhur drejtp\u00ebrdrejt me makin\u00ebn e prodhimit.<\/p>\n\n<h2 class=\"wp-block-heading\" id=\"notre-gamme-de-filtres-a-brouillard-d-huile\">Gama jon\u00eb e filtrave t\u00eb mjegull\u00ebs s\u00eb vajit<\/h2>\n\n<div class=\"wp-block-columns is-layout-flex wp-container-core-columns-is-layout-28f84493 wp-block-columns-is-layout-flex\">\n<div class=\"wp-block-column is-vertically-aligned-top is-layout-flow wp-block-column-is-layout-flow\">\n<h3 class=\"wp-block-heading has-text-align-center\" id=\"oilmac\"><a href=\"https:\/\/obera.fr\/sq\/produits\/filtres-brouillard-huile\/oilmac\/\">Oilmac<\/a><\/h3>\n\n\n\n<figure class=\"wp-block-image aligncenter size-medium\"><a href=\"https:\/\/obera.fr\/produits\/filtres-brouillard-huile\/oilmac\/\"><img decoding=\"async\" width=\"300\" height=\"300\" src=\"https:\/\/obera.fr\/wp-content\/uploads\/2020\/08\/filtre-compact-OILMAC-300x300.png\" alt=\"Filtri kompakt Oilmac\" class=\"wp-image-641\" srcset=\"https:\/\/obera.fr\/wp-content\/uploads\/2020\/08\/filtre-compact-OILMAC-300x300.png 300w, https:\/\/obera.fr\/wp-content\/uploads\/2020\/08\/filtre-compact-OILMAC-150x150.png 150w, https:\/\/obera.fr\/wp-content\/uploads\/2020\/08\/filtre-compact-OILMAC.png 600w\" sizes=\"(max-width: 300px) 100vw, 300px\" \/><\/a><\/figure>\n\n\n\n<p><strong>OILMAC<\/strong> \u00ebsht\u00eb nj\u00eb <a href=\"https:\/\/obera.fr\/sq\/produits\/filtres-brouillard-huile\/oilmac\/\" data-type=\"page\" data-id=\"585\">filt\u00ebr kompakt dhe i fuqish\u00ebm<\/a> i aft\u00eb p\u00ebr t\u00eb trajtuar vajin dhe mjegullat e emulsionit, tymin dhe aerosolet. Zakonisht, pajisja instalohet direkt n\u00eb makin\u00ebn e prodhimit dhe lidhet n\u00ebp\u00ebrmjet nj\u00eb kanali fleksib\u00ebl.   <\/p>\n\n\n\n<p>Fal\u00eb filtrimit me kat\u00ebr faza me performanc\u00eb t\u00eb lart\u00eb, duke p\u00ebrfshir\u00eb nj\u00eb filt\u00ebr terminal HEPA 13, grimcat do t\u00eb filtrohen 99,95% dhe ajri mund t\u00eb rifutet drejtp\u00ebrdrejt n\u00eb hap\u00ebsir\u00ebn e pun\u00ebs. Mir\u00ebmbajtja \u00ebsht\u00eb zvog\u00ebluar pasi nd\u00ebrrimi i filtrit b\u00ebhet pa mjete. <\/p>\n<\/div>\n\n\n\n<div class=\"wp-block-column is-vertically-aligned-top is-layout-flow wp-block-column-is-layout-flow\">\n<h3 class=\"wp-block-heading has-text-align-center\" id=\"afs\"><a href=\"https:\/\/obera.fr\/sq\/produits\/filtres-brouillard-huile\/afs\/\">AFS<\/a><\/h3>\n\n\n\n<figure class=\"wp-block-image aligncenter size-medium\"><a href=\"https:\/\/obera.fr\/produits\/filtres-brouillard-huile\/afs\/\"><img decoding=\"async\" width=\"300\" height=\"300\" src=\"https:\/\/obera.fr\/wp-content\/uploads\/2020\/08\/AFS-installation-centralisee-brouillards-huiles-300x300.png\" alt=\"Vajra mjegull p&#xEB;r instalim t&#xEB; centralizuar t&#xEB; Afs\" class=\"wp-image-643\" srcset=\"https:\/\/obera.fr\/wp-content\/uploads\/2020\/08\/AFS-installation-centralisee-brouillards-huiles-300x300.png 300w, https:\/\/obera.fr\/wp-content\/uploads\/2020\/08\/AFS-installation-centralisee-brouillards-huiles-150x150.png 150w, https:\/\/obera.fr\/wp-content\/uploads\/2020\/08\/AFS-installation-centralisee-brouillards-huiles.png 433w\" sizes=\"(max-width: 300px) 100vw, 300px\" \/><\/a><\/figure>\n\n\n\n<p><strong>AFS<\/strong> \u00ebsht\u00eb nj\u00eb <a href=\"https:\/\/obera.fr\/sq\/produits\/filtres-brouillard-huile\/afs\/\" data-type=\"page\" data-id=\"590\">instalim i centralizuar p\u00ebr vajrat dhe mjegullat e emulsionit, tymrat dhe aerosolet<\/a> . \u00cbsht\u00eb nj\u00eb zgjidhje e b\u00ebr\u00eb me porosi p\u00ebr t\u00eb pajisur drejtp\u00ebrdrejt makinerit\u00eb tuaja t\u00eb p\u00ebrpunimit. Kjo pajisje p\u00ebrb\u00ebhet nga 5 faza filtrimi duke p\u00ebrfshir\u00eb nj\u00eb filt\u00ebr terminal absolut t\u00eb tipit HEPA 13, i cili do t\u00eb garantoj\u00eb efikasitet t\u00eb filtrimit t\u00eb grimcave prej 99,95%.    <\/p>\n\n\n\n<p>Jan\u00eb t\u00eb mundshme konfigurime t\u00eb ndryshme, riciklimi dhe rifutja e ajrit t\u00eb filtruar n\u00eb nd\u00ebrtes\u00eb ose evakuimi i ajrit t\u00eb filtruar dhe futja e ajrit t\u00eb past\u00ebr me rikuperimin e nxeht\u00ebsis\u00eb p\u00ebrmes nj\u00eb shk\u00ebmbyesi nxeht\u00ebsie. T\u00eb dy konfigurimet b\u00ebjn\u00eb t\u00eb mundur rip\u00ebrdorimin sa m\u00eb shum\u00eb t\u00eb jet\u00eb e mundur t\u00eb kalorive t\u00eb p\u00ebrfshira n\u00eb rrjedhat e ajrit t\u00eb nxjerr\u00eb. <\/p>\n\n\n\n<p><\/p>\n<\/div>\n<\/div>\n\n<div class=\"wp-block-buttons is-horizontal is-content-justification-center is-layout-flex wp-container-core-buttons-is-layout-03627597 wp-block-buttons-is-layout-flex\">\n<div class=\"wp-block-button has-custom-width wp-block-button__width-100\"><a class=\"wp-block-button__link wp-element-button\" href=\"https:\/\/obera.fr\/sq\/na-kontaktoni\/\">M\u00ebsoni m\u00eb shum\u00eb<\/a><\/div>\n<\/div>\n","protected":false},"excerpt":{"rendered":"<p>Nj\u00eb filt\u00ebr mjegull vaji me performanc\u00eb t\u00eb lart\u00eb p\u00ebr t&#8217;u lidhur drejtp\u00ebrdrejt me makin\u00ebn e prodhimit. Gama jon\u00eb e filtrave t\u00eb mjegull\u00ebs s\u00eb vajit Oilmac OILMAC \u00ebsht\u00eb nj\u00eb filt\u00ebr kompakt dhe i fuqish\u00ebm i aft\u00eb p\u00ebr t\u00eb trajtuar vajin dhe mjegullat e emulsionit, tymin dhe aerosolet. Zakonisht, pajisja instalohet direkt n\u00eb makin\u00ebn e prodhimit dhe lidhet n\u00ebp\u00ebrmjet nj\u00eb kanali fleksib\u00ebl. Fal\u00eb filtrimit me kat\u00ebr faza me performanc\u00eb t\u00eb lart\u00eb, duke p\u00ebrfshir\u00eb nj\u00eb filt\u00ebr terminal HEPA 13, grimcat do t\u00eb filtrohen 99,95% dhe ajri mund t\u00eb rifutet drejtp\u00ebrdrejt n\u00eb hap\u00ebsir\u00ebn e pun\u00ebs. Mir\u00ebmbajtja \u00ebsht\u00eb zvog\u00ebluar pasi nd\u00ebrrimi i filtrit b\u00ebhet pa &#8230; <\/p>\n<p class=\"read-more-container\"><a title=\"Filtra mjegull vaji\" class=\"read-more button\" href=\"https:\/\/obera.fr\/sq\/produits\/filtres-brouillard-huile\/#more-48604\" aria-label=\"Read more about Filtra mjegull vaji\">Lire la suite<\/a><\/p>\n","protected":false},"author":4,"featured_media":83732,"parent":37892,"menu_order":10,"comment_status":"closed","ping_status":"closed","template":"","meta":{"_acf_changed":false,"_seopress_robots_primary_cat":"","_seopress_titles_title":"Filtra mjegull vaji industrial - oberA","_seopress_titles_desc":"Gjeni gam\u00ebn ton\u00eb t\u00eb filtrave mjegull vaji me performanc\u00eb t\u00eb lart\u00eb p\u00ebr t'u lidhur drejtp\u00ebrdrejt me makin\u00ebn e prodhimit, OILMAC dhe AFS.","_seopress_robots_index":"","footnotes":""},"class_list":{"0":"post-48604","1":"page","2":"type-page","3":"status-publish","4":"has-post-thumbnail","6":"no-featured-image-padding","7":"resize-featured-image"},"acf":[],"_links":{"self":[{"href":"https:\/\/obera.fr\/sq\/wp-json\/wp\/v2\/pages\/48604","targetHints":{"allow":["GET"]}}],"collection":[{"href":"https:\/\/obera.fr\/sq\/wp-json\/wp\/v2\/pages"}],"about":[{"href":"https:\/\/obera.fr\/sq\/wp-json\/wp\/v2\/types\/page"}],"author":[{"embeddable":true,"href":"https:\/\/obera.fr\/sq\/wp-json\/wp\/v2\/users\/4"}],"replies":[{"embeddable":true,"href":"https:\/\/obera.fr\/sq\/wp-json\/wp\/v2\/comments?post=48604"}],"version-history":[{"count":5,"href":"https:\/\/obera.fr\/sq\/wp-json\/wp\/v2\/pages\/48604\/revisions"}],"predecessor-version":[{"id":83989,"href":"https:\/\/obera.fr\/sq\/wp-json\/wp\/v2\/pages\/48604\/revisions\/83989"}],"up":[{"embeddable":true,"href":"https:\/\/obera.fr\/sq\/wp-json\/wp\/v2\/pages\/37892"}],"wp:featuredmedia":[{"embeddable":true,"href":"https:\/\/obera.fr\/sq\/wp-json\/wp\/v2\/media\/83732"}],"wp:attachment":[{"href":"https:\/\/obera.fr\/sq\/wp-json\/wp\/v2\/media?parent=48604"}],"curies":[{"name":"wp","href":"https:\/\/api.w.org\/{rel}","templated":true}]}}