{"id":48650,"date":"2020-08-26T13:06:25","date_gmt":"2020-08-26T11:06:25","guid":{"rendered":"https:\/\/obera.fr\/produktet-tona\/filtra-mjegull-vaji\/filtri-i-mjegulles-se-vajit-afs\/"},"modified":"2025-06-03T13:09:20","modified_gmt":"2025-06-03T11:09:20","slug":"afs","status":"publish","type":"page","link":"https:\/\/obera.fr\/sq\/produits\/filtres-brouillard-huile\/afs\/","title":{"rendered":"Filtri i mjegull\u00ebs s\u00eb vajit AFS"},"content":{"rendered":"\n<p><a href=\"https:\/\/obera.fr\/sq\/produits\/filtres-brouillard-huile\/\" data-type=\"page\" data-id=\"376\">Filtrat e mjegull\u00ebs s\u00eb vajit<\/a> AFS p\u00ebrb\u00ebjn\u00eb zgjidhjen e personalizuar p\u00ebr pajisjen e drejtp\u00ebrdrejt\u00eb t\u00eb makinerive tuaja t\u00eb p\u00ebrpunimit ose pastrimin e tyre qendror.<\/p>\n\n\n\n<p>Gama e AFS mbulon <strong>normat e rrjedh\u00ebs s\u00eb thithjes nga 400 n\u00eb 16,000 m\u00b3\/h<\/strong> .<\/p>\n\n\n\n<h2 class=\"wp-block-heading\">Instalime t\u00eb centralizuara p\u00ebr vajin dhe mjegull\u00ebn e emulsionit, tymin dhe aerosolet<\/h2>\n\n\n\n<div class=\"wp-block-columns is-layout-flex wp-container-core-columns-is-layout-28f84493 wp-block-columns-is-layout-flex\">\n<div class=\"wp-block-column is-layout-flow wp-block-column-is-layout-flow\" style=\"flex-basis:33.33%\">\n<figure class=\"wp-block-image aligncenter size-medium\"><img decoding=\"async\" width=\"300\" height=\"300\" src=\"https:\/\/obera.fr\/wp-content\/uploads\/2020\/08\/AFS-installation-centralisee-brouillards-huiles-300x300.png\" alt=\"Vajra mjegull p\u00ebr instalim t\u00eb centralizuar t\u00eb Afs\" class=\"wp-image-643\" srcset=\"https:\/\/obera.fr\/wp-content\/uploads\/2020\/08\/AFS-installation-centralisee-brouillards-huiles-300x300.png 300w, https:\/\/obera.fr\/wp-content\/uploads\/2020\/08\/AFS-installation-centralisee-brouillards-huiles-150x150.png 150w, https:\/\/obera.fr\/wp-content\/uploads\/2020\/08\/AFS-installation-centralisee-brouillards-huiles.png 433w\" sizes=\"(max-width: 300px) 100vw, 300px\" \/><\/figure>\n<\/div>\n\n\n\n<div class=\"wp-block-column is-layout-flow wp-block-column-is-layout-flow\" style=\"flex-basis:66.66%\">\n<p><strong>Teknologjia AFS<\/strong> p\u00ebrb\u00ebhet nga 5 faza trajtimi: filtra rrjet\u00eb metalike, shami poliester dhe ndar\u00ebsi AFS-Longlife q\u00eb p\u00ebrb\u00ebn zemr\u00ebn e trajtimit.<\/p>\n\n\n\n<p>Pajisjet jan\u00eb t\u00eb pajisura me <strong>filtrim absolut t\u00eb terminalit HEPA H13<\/strong> (efikasitet i garantuar i standardizuar&gt; 99.95% n\u00eb grimcat 0.3\u00b5m). Duke marr\u00eb parasysh efikasitetin shum\u00eb t\u00eb lart\u00eb t\u00eb filtrimit kryesor, filtrat absolut kan\u00eb nj\u00eb jet\u00ebgjat\u00ebsi shum\u00eb t\u00eb gjat\u00eb edhe p\u00ebr funksionim t\u00eb vazhduesh\u00ebm n\u00eb 3 nd\u00ebrrime. <\/p>\n\n\n\n<p>Konfigurime t\u00eb ndryshme jan\u00eb t\u00eb mundshme: riciklimi dhe rifutja e ajrit t\u00eb filtruar n\u00eb nd\u00ebrtes\u00eb ose evakuimi i ajrit t\u00eb filtruar dhe futja e ajrit t\u00eb past\u00ebr me rikuperimin e nxeht\u00ebsis\u00eb p\u00ebrmes nj\u00eb shk\u00ebmbyesi nxeht\u00ebsie. <strong>Solucionet thith\u00ebse AFS<\/strong> (riciklimi ose shk\u00ebmbyesit e nxeht\u00ebsis\u00eb) b\u00ebjn\u00eb t\u00eb mundur rip\u00ebrdorimin sa m\u00eb shum\u00eb t\u00eb jet\u00eb e mundur t\u00eb kalorive q\u00eb p\u00ebrmbahen n\u00eb rrjedhat e ajrit t\u00eb nxjerr\u00eb. <\/p>\n\n\n\n<hr class=\"wp-block-separator has-text-color has-black-color has-css-opacity has-black-background-color has-background is-style-dots\"\/>\n\n\n\n<div class=\"wp-block-columns is-layout-flex wp-container-core-columns-is-layout-28f84493 wp-block-columns-is-layout-flex\">\n<div class=\"wp-block-column is-layout-flow wp-block-column-is-layout-flow\" style=\"flex-basis:33.33%\">\n<div class=\"wp-block-buttons is-layout-flex wp-block-buttons-is-layout-flex\">\n<div class=\"wp-block-button\"><a class=\"wp-block-button__link wp-element-button\" href=\"https:\/\/obera.fr\/wp-content\/uploads\/2025\/06\/brochure-afs-en.pdf\">SHKARKONI BROSHUR\u00cbN<\/a><\/div>\n<\/div>\n<\/div>\n\n\n\n<div class=\"wp-block-column is-layout-flow wp-block-column-is-layout-flow\" style=\"flex-basis:33.34%\">\n<div class=\"wp-block-buttons is-horizontal is-content-justification-center is-layout-flex wp-container-core-buttons-is-layout-03627597 wp-block-buttons-is-layout-flex\">\n<div class=\"wp-block-button has-custom-width wp-block-button__width-100\"><a class=\"wp-block-button__link wp-element-button\" href=\"https:\/\/obera.fr\/sq\/na-kontaktoni\/\">M\u00ebsoni m\u00eb shum\u00eb<\/a><\/div>\n<\/div>\n<\/div>\n\n\n\n<div class=\"wp-block-column is-layout-flow wp-block-column-is-layout-flow\" style=\"flex-basis:33.34%\">\n<div class=\"wp-block-buttons is-content-justification-center is-layout-flex wp-container-core-buttons-is-layout-a89b3969 wp-block-buttons-is-layout-flex\">\n<div class=\"wp-block-button btn-devis-source\"><a class=\"wp-block-button__link wp-element-button\" href=\"https:\/\/obera.fr\/sq\/devis\/\">K\u00ebrkes\u00eb p\u00ebr kuot\u00eb<\/a><\/div>\n<\/div>\n\n\n<script>\r\ndocument.addEventListener('DOMContentLoaded', function() {\r\n    \/\/ 1. On cherche le titre H1 de la page\r\n    var h1 = document.querySelector('h1');\r\n    var productTitle = h1 ? h1.innerText.trim() : \"\";\r\n\r\n    \/\/ 2. On cherche les boutons via la classe CSS .btn-devis-source\r\n    var buttons = document.querySelectorAll('.btn-devis-source a');\r\n\r\n    \/\/ 3. Si on a le titre et les boutons, on ajoute le param\u00e8tre\r\n    if (buttons.length > 0 && productTitle !== \"\") {\r\n        var encodedTitle = encodeURIComponent(productTitle);\r\n\r\n        buttons.forEach(function(btn) {\r\n            var currentHref = btn.getAttribute('href');\r\n            \r\n            \/\/ S\u00e9curit\u00e9 pour ne pas ajouter le param\u00e8tre 2 fois\r\n            if (currentHref.indexOf('sujet=') === -1) {\r\n                var separator = currentHref.indexOf('?') !== -1 ? '&' : '?';\r\n                var newLink = currentHref + separator + 'sujet=' + encodedTitle;\r\n                \r\n                btn.setAttribute('href', newLink);\r\n            }\r\n        });\r\n    }\r\n});\r\n<\/script><\/div>\n<\/div>\n\n\n\n<p><\/p>\n<\/div>\n<\/div>\n\n\n\n<h2 class=\"wp-block-heading\">P\u00ebrpar\u00ebsit\u00eb e AFS<\/h2>\n\n\n\n<div class=\"wp-block-columns is-layout-flex wp-container-core-columns-is-layout-28f84493 wp-block-columns-is-layout-flex\">\n<div class=\"wp-block-column is-layout-flow wp-block-column-is-layout-flow\">\n<h3 class=\"wp-block-heading has-text-align-center\"><strong>P\u00ebrfitimet<\/strong><\/h3>\n\n\n\n<ul class=\"wp-block-list\">\n<li>Leht\u00eb p\u00ebr t&#8217;u lidhur me makin\u00ebn e prodhimit<\/li>\n\n\n\n<li>N\u00eb makineri ose n\u00eb qend\u00ebr<\/li>\n\n\n\n<li>Sistemi kompakt<\/li>\n\n\n\n<li>5 faza filtrimi p\u00ebr trajtimin efikas t\u00eb ajrit<\/li>\n\n\n\n<li>Nd\u00ebrrimi i filtrit dhe mir\u00ebmbajtja pa mjete<\/li>\n<\/ul>\n<\/div>\n\n\n\n<div class=\"wp-block-column is-layout-flow wp-block-column-is-layout-flow\">\n<h3 class=\"wp-block-heading has-text-align-center\"><strong>Karakteristika t\u00eb ve\u00e7anta<\/strong><\/h3>\n\n\n\n<ul class=\"wp-block-list\">\n<li>Pajisja e patentuar e z\u00ebvend\u00ebsimit t\u00eb filtrit pa mjete<\/li>\n\n\n\n<li>Pastrimi manual i pajisjes<\/li>\n\n\n\n<li>Filtrim mekanik<\/li>\n<\/ul>\n<\/div>\n\n\n\n<div class=\"wp-block-column is-layout-flow wp-block-column-is-layout-flow\">\n<h3 class=\"wp-block-heading has-text-align-center\"><strong>Ve\u00e7orit\u00eb<\/strong><\/h3>\n\n\n\n<ul class=\"wp-block-list\">\n<li>Nxjerrja e mjegullave t\u00eb naft\u00ebs dhe emulsioneve, tymrave dhe aerosoleve<\/li>\n\n\n\n<li>Instalim direkt n\u00eb nj\u00eb makin\u00eb p\u00ebrpunimi CNC ose n\u00eb qend\u00ebr<\/li>\n<\/ul>\n<\/div>\n<\/div>\n\n\n\n<h2 class=\"wp-block-heading\">Aplikacionet<\/h2>\n\n\n\n<div class=\"wp-block-columns is-layout-flex wp-container-core-columns-is-layout-28f84493 wp-block-columns-is-layout-flex\">\n<div class=\"wp-block-column is-layout-flow wp-block-column-is-layout-flow\">\n<h3 class=\"wp-block-heading has-text-align-center\">Ndot\u00ebsit<\/h3>\n\n\n\n<hr class=\"wp-block-separator has-css-opacity is-style-wide\"\/>\n\n\n\n<div class=\"wp-block-columns is-layout-flex wp-container-core-columns-is-layout-28f84493 wp-block-columns-is-layout-flex\">\n<div class=\"wp-block-column is-layout-flow wp-block-column-is-layout-flow\">\n<figure class=\"wp-block-image aligncenter size-large\"><img decoding=\"async\" width=\"70\" height=\"70\" src=\"https:\/\/obera.fr\/wp-content\/uploads\/2020\/08\/industrie-brouillard-huile.jpg\" alt=\"Industria e vajit t\u00eb mjegull\u00ebs\" class=\"wp-image-721\"\/><figcaption class=\"wp-element-caption\">Mjegull vaji<\/figcaption><\/figure>\n<\/div>\n\n\n\n<div class=\"wp-block-column is-layout-flow wp-block-column-is-layout-flow\">\n<figure class=\"wp-block-image aligncenter size-large\"><img decoding=\"async\" width=\"70\" height=\"70\" src=\"https:\/\/obera.fr\/wp-content\/uploads\/2020\/08\/industrie-fumees.jpg\" alt=\"Tymrat e industris\u00eb\" class=\"wp-image-722\"\/><figcaption class=\"wp-element-caption\">Tymrat<\/figcaption><\/figure>\n\n\n\n<figure class=\"wp-block-image aligncenter size-large\"><img decoding=\"async\" width=\"70\" height=\"70\" src=\"https:\/\/obera.fr\/wp-content\/uploads\/2020\/09\/cov.png\" alt=\"Cov\" class=\"wp-image-959\"\/><figcaption class=\"wp-element-caption\">VOC<\/figcaption><\/figure>\n<\/div>\n<\/div>\n<\/div>\n\n\n\n<div class=\"wp-block-column is-layout-flow wp-block-column-is-layout-flow\">\n<h3 class=\"wp-block-heading has-text-align-center\">Industrit\u00eb<\/h3>\n\n\n\n<hr class=\"wp-block-separator has-css-opacity is-style-wide\"\/>\n\n\n\n<div class=\"wp-block-columns is-layout-flex wp-container-core-columns-is-layout-28f84493 wp-block-columns-is-layout-flex\">\n<div class=\"wp-block-column is-layout-flow wp-block-column-is-layout-flow\">\n<figure class=\"wp-block-image aligncenter size-large\"><img decoding=\"async\" width=\"70\" height=\"70\" src=\"https:\/\/obera.fr\/wp-content\/uploads\/2020\/08\/industrie-metallurgie.jpg\" alt=\"Industria Metalurgji\" class=\"wp-image-673\"\/><figcaption class=\"wp-element-caption\">Metalurgji<\/figcaption><\/figure>\n<\/div>\n\n\n\n<div class=\"wp-block-column is-layout-flow wp-block-column-is-layout-flow\"><\/div>\n<\/div>\n<\/div>\n<\/div>\n\n\n\n<div class=\"wp-block-buttons is-content-justification-center is-layout-flex wp-container-core-buttons-is-layout-a89b3969 wp-block-buttons-is-layout-flex\">\n<div class=\"wp-block-button is-style-outline is-style-outline--1\"><a class=\"wp-block-button__link wp-element-button\" href=\"https:\/\/obera.fr\/wp-content\/uploads\/2025\/03\/brochure-afs-en.pdf\">Shkarkoni flet\u00ebn e produktit<\/a><\/div>\n<\/div>\n\n\n\n<hr class=\"wp-block-separator has-css-opacity is-style-dots\"\/>\n\n\n\n<h2 class=\"wp-block-heading\">Filtra t\u00eb tjer\u00eb mjegull vaji nga marka OberA<\/h2>\n\n\n\n<div class=\"wp-block-columns is-layout-flex wp-container-core-columns-is-layout-28f84493 wp-block-columns-is-layout-flex\">\n<div class=\"wp-block-column is-layout-flow wp-block-column-is-layout-flow\">\n<figure class=\"wp-block-image aligncenter size-medium\"><a href=\"https:\/\/obera.fr\/produits\/filtres-brouillard-huile\/oilmac\/\"><img decoding=\"async\" width=\"300\" height=\"300\" src=\"https:\/\/obera.fr\/wp-content\/uploads\/2020\/08\/filtre-compact-OILMAC-300x300.png\" alt=\"Filtri kompakt OILMAC\" class=\"wp-image-641\" srcset=\"https:\/\/obera.fr\/wp-content\/uploads\/2020\/08\/filtre-compact-OILMAC-300x300.png 300w, https:\/\/obera.fr\/wp-content\/uploads\/2020\/08\/filtre-compact-OILMAC-150x150.png 150w, https:\/\/obera.fr\/wp-content\/uploads\/2020\/08\/filtre-compact-OILMAC.png 600w\" sizes=\"(max-width: 300px) 100vw, 300px\" \/><\/a><figcaption class=\"wp-element-caption\">OILMAC<\/figcaption><\/figure>\n<\/div>\n\n\n\n<div class=\"wp-block-column is-layout-flow wp-block-column-is-layout-flow\"><\/div>\n<\/div>\n\n\n\n<p><\/p>\n","protected":false},"excerpt":{"rendered":"<p>Filtrat e mjegull\u00ebs s\u00eb vajit AFS p\u00ebrb\u00ebjn\u00eb zgjidhjen e personalizuar p\u00ebr pajisjen e drejtp\u00ebrdrejt\u00eb t\u00eb makinerive tuaja t\u00eb p\u00ebrpunimit ose pastrimin e tyre qendror. Gama e AFS mbulon normat e rrjedh\u00ebs s\u00eb thithjes nga 400 n\u00eb 16,000 m\u00b3\/h . Instalime t\u00eb centralizuara p\u00ebr vajin dhe mjegull\u00ebn e emulsionit, tymin dhe aerosolet Teknologjia AFS p\u00ebrb\u00ebhet nga 5 faza trajtimi: filtra rrjet\u00eb metalike, shami poliester dhe ndar\u00ebsi AFS-Longlife q\u00eb p\u00ebrb\u00ebn zemr\u00ebn e trajtimit. Pajisjet jan\u00eb t\u00eb pajisura me filtrim absolut t\u00eb terminalit HEPA H13 (efikasitet i garantuar i standardizuar&gt; 99.95% n\u00eb grimcat 0.3\u00b5m). Duke marr\u00eb parasysh efikasitetin shum\u00eb t\u00eb lart\u00eb t\u00eb filtrimit &#8230; <\/p>\n<p class=\"read-more-container\"><a title=\"Filtri i mjegull\u00ebs s\u00eb vajit AFS\" class=\"read-more button\" href=\"https:\/\/obera.fr\/sq\/produits\/filtres-brouillard-huile\/afs\/#more-48650\" aria-label=\"Read more about Filtri i mjegull\u00ebs s\u00eb vajit AFS\">Lire la suite<\/a><\/p>\n","protected":false},"author":4,"featured_media":83732,"parent":48604,"menu_order":0,"comment_status":"closed","ping_status":"closed","template":"","meta":{"_acf_changed":false,"_seopress_robots_primary_cat":"","_seopress_titles_title":"Sisteme t\u00eb centralizuara mjegull vaji AFS","_seopress_titles_desc":"Filtrat e mjegull\u00ebs s\u00eb vajit AFS p\u00ebrb\u00ebjn\u00eb zgjidhjen e personalizuar p\u00ebr pajisjen e drejtp\u00ebrdrejt\u00eb t\u00eb makinerive tuaja t\u00eb p\u00ebrpunimit ose pastrimin e tyre qendror.","_seopress_robots_index":"","footnotes":""},"class_list":{"0":"post-48650","1":"page","2":"type-page","3":"status-publish","4":"has-post-thumbnail","6":"no-featured-image-padding","7":"resize-featured-image"},"acf":[],"_links":{"self":[{"href":"https:\/\/obera.fr\/sq\/wp-json\/wp\/v2\/pages\/48650","targetHints":{"allow":["GET"]}}],"collection":[{"href":"https:\/\/obera.fr\/sq\/wp-json\/wp\/v2\/pages"}],"about":[{"href":"https:\/\/obera.fr\/sq\/wp-json\/wp\/v2\/types\/page"}],"author":[{"embeddable":true,"href":"https:\/\/obera.fr\/sq\/wp-json\/wp\/v2\/users\/4"}],"replies":[{"embeddable":true,"href":"https:\/\/obera.fr\/sq\/wp-json\/wp\/v2\/comments?post=48650"}],"version-history":[{"count":5,"href":"https:\/\/obera.fr\/sq\/wp-json\/wp\/v2\/pages\/48650\/revisions"}],"predecessor-version":[{"id":107882,"href":"https:\/\/obera.fr\/sq\/wp-json\/wp\/v2\/pages\/48650\/revisions\/107882"}],"up":[{"embeddable":true,"href":"https:\/\/obera.fr\/sq\/wp-json\/wp\/v2\/pages\/48604"}],"wp:featuredmedia":[{"embeddable":true,"href":"https:\/\/obera.fr\/sq\/wp-json\/wp\/v2\/media\/83732"}],"wp:attachment":[{"href":"https:\/\/obera.fr\/sq\/wp-json\/wp\/v2\/media?parent=48650"}],"curies":[{"name":"wp","href":"https:\/\/api.w.org\/{rel}","templated":true}]}}