{"id":48715,"date":"2020-08-26T12:33:34","date_gmt":"2020-08-26T10:33:34","guid":{"rendered":"https:\/\/obera.fr\/produktet-tona\/tuba-thithes-industriale\/"},"modified":"2025-04-22T09:38:27","modified_gmt":"2025-04-22T07:38:27","slug":"tuyauteries-industrielles","status":"publish","type":"page","link":"https:\/\/obera.fr\/sq\/produits\/tuyauteries-industrielles\/","title":{"rendered":"Tuba thith\u00ebs industriale"},"content":{"rendered":"\n<p>Tubacionet e thithjes industriale jan\u00eb nj\u00eb element thelb\u00ebsor n\u00eb fush\u00ebn e trajtimit industrial t\u00eb ajrit, sepse mund\u00ebsojn\u00eb p\u00ebr\u00e7imin e ndot\u00ebsve t\u00eb ndrysh\u00ebm, si tymrat, pluhurin, gazrat e shkarkimit, etj. Megjithat\u00eb, zgjedhja e tubacionit t\u00eb duhur \u00ebsht\u00eb thelb\u00ebsor p\u00ebr t\u00eb siguruar performanc\u00ebn optimale t\u00eb sistemit t\u00eb vakumit. <\/p>\n\n<p>Nj\u00eb gam\u00eb e gjer\u00eb tubacionesh p\u00ebr transportimin e pluhurit dhe ndot\u00ebsve.<\/p>\n\n<h2 class=\"wp-block-heading\">Gama jon\u00eb e tubave thith\u00ebs<\/h2>\n\n<div class=\"wp-block-columns is-layout-flex wp-container-core-columns-is-layout-28f84493 wp-block-columns-is-layout-flex\">\n<div class=\"wp-block-column is-layout-flow wp-block-column-is-layout-flow\">\n<h3 class=\"wp-block-heading has-text-align-center\"><a href=\"https:\/\/obera.fr\/sq\/produits\/tuyauteries-industrielles\/gaines-lisses-acier\/\">Mbulesa t\u00eb l\u00ebmuara<br\/> n\u00eb \u00e7elik Rrjeti i presionit t\u00eb lart\u00eb<\/a><\/h3>\n\n\n\n<figure class=\"wp-block-image aligncenter size-medium is-resized\"><a href=\"https:\/\/obera.fr\/produits\/tuyauteries-industrielles\/gaines-lisses-acier\/\"><img decoding=\"async\" width=\"300\" height=\"300\" src=\"https:\/\/obera.fr\/wp-content\/uploads\/2020\/11\/Gaines-lisses-300x300.jpg\" alt=\"Mbulesa t&#xEB; l&#xEB;muara\" class=\"wp-image-1735\" style=\"width:225px;height:225px\" srcset=\"https:\/\/obera.fr\/wp-content\/uploads\/2020\/11\/Gaines-lisses-300x300.jpg 300w, https:\/\/obera.fr\/wp-content\/uploads\/2020\/11\/Gaines-lisses-150x150.jpg 150w, https:\/\/obera.fr\/wp-content\/uploads\/2020\/11\/Gaines-lisses.jpg 433w\" sizes=\"(max-width: 300px) 100vw, 300px\" \/><\/a><\/figure>\n<\/div>\n\n\n\n<div class=\"wp-block-column is-layout-flow wp-block-column-is-layout-flow\">\n<h3 class=\"wp-block-heading has-text-align-center\"><a href=\"https:\/\/obera.fr\/sq\/produits\/tuyauteries-industrielles\/gaines-spiralees\/\">Kanalet spirale p\u00ebr tymin dhe avujt<\/a><\/h3>\n\n\n\n<figure class=\"wp-block-image aligncenter size-large is-resized\"><a href=\"https:\/\/obera.fr\/produits\/tuyauteries-industrielles\/gaines-spiralees\/\"><img decoding=\"async\" src=\"https:\/\/obera.fr\/wp-content\/uploads\/2024\/02\/sr.webp\" alt=\"Mbulesa spirale\" style=\"aspect-ratio:1;width:223px;height:auto\"\/><\/a><\/figure>\n<\/div>\n\n\n\n<div class=\"wp-block-column is-layout-flow wp-block-column-is-layout-flow\">\n<h3 class=\"wp-block-heading has-text-align-center\"><a href=\"https:\/\/obera.fr\/sq\/produits\/tuyauteries-industrielles\/basse-moyenne-haute-pression\/\">Tuba me presion t\u00eb ul\u00ebt, t\u00eb mes\u00ebm, t\u00eb lart\u00eb p\u00ebr nxjerrjen e pluhurit<\/a><\/h3>\n\n\n\n<figure class=\"wp-block-image aligncenter size-medium is-resized\"><a href=\"https:\/\/obera.fr\/produits\/tuyauteries-industrielles\/basse-moyenne-haute-pression\/\"><img decoding=\"async\" width=\"220\" height=\"300\" src=\"https:\/\/obera.fr\/wp-content\/uploads\/2020\/11\/Tuyauterie-basse-moyenne-haute-pression-220x300.jpg\" alt=\"Tubacione me presion t&#xEB; ul&#xEB;t mesatar t&#xEB; lart&#xEB;\" class=\"wp-image-1734\" style=\"width:165px;height:225px\" srcset=\"https:\/\/obera.fr\/wp-content\/uploads\/2020\/11\/Tuyauterie-basse-moyenne-haute-pression-220x300.jpg 220w, https:\/\/obera.fr\/wp-content\/uploads\/2020\/11\/Tuyauterie-basse-moyenne-haute-pression.jpg 428w\" sizes=\"(max-width: 220px) 100vw, 220px\" \/><\/a><\/figure>\n<\/div>\n<\/div>\n\n<p>Ekzistojn\u00eb disa lloje t\u00eb tubacioneve industriale, duke p\u00ebrfshir\u00eb kanalet spirale, kanalet e l\u00ebmuara dhe tubacionet me presion t\u00eb ul\u00ebt, t\u00eb mes\u00ebm dhe t\u00eb lart\u00eb. Secili prej k\u00ebtyre llojeve t\u00eb tubacioneve ofron avantazhe dhe disavantazhe specifike n\u00eb var\u00ebsi t\u00eb nevojave t\u00eb aplikacionit. <\/p>\n\n<h3 class=\"wp-block-heading\">Mbulesa t\u00eb l\u00ebmuara<\/h3>\n\n<p>Kanalet e l\u00ebmuara ofrojn\u00eb rezistenc\u00eb t\u00eb ul\u00ebt ndaj rrjedhjes, gj\u00eb q\u00eb lejon performanc\u00ebn maksimale t\u00eb thithjes. Ato jan\u00eb gjithashtu t\u00eb lehta p\u00ebr t&#8217;u pastruar, duke i b\u00ebr\u00eb ato ideale p\u00ebr aplikime ku higjiena \u00ebsht\u00eb par\u00ebsore. Megjithat\u00eb, ato kan\u00eb m\u00eb pak fleksibilitet sesa kanalet spirale, gj\u00eb q\u00eb mund ta b\u00ebj\u00eb instalimin e tyre m\u00eb t\u00eb v\u00ebshtir\u00eb.  <\/p>\n\n<h3 class=\"wp-block-heading\">Mbulesa spirale<\/h3>\n\n<p>Tubi spirale \u00ebsht\u00eb ideal p\u00ebr aplikime q\u00eb k\u00ebrkojn\u00eb fleksibilitet t\u00eb lart\u00eb, sepse mund t\u00eb p\u00ebrkulet dhe p\u00ebrdredhet pa plasaritur ose deformuar. Ato jan\u00eb gjithashtu rezistente ndaj dridhjeve dhe goditjeve, duke i b\u00ebr\u00eb t\u00eb p\u00ebrshtatshme p\u00ebr mjedise t\u00eb v\u00ebshtira. Megjithat\u00eb, kanalet spirale kan\u00eb nj\u00eb rezistenc\u00eb m\u00eb t\u00eb lart\u00eb rrjedh\u00ebse sesa kanalet e l\u00ebmuara, gj\u00eb q\u00eb mund t\u00eb rezultoj\u00eb n\u00eb humbje t\u00eb presionit dhe ulje t\u00eb performanc\u00ebs s\u00eb thithjes.  <\/p>\n\n<h3 class=\"wp-block-heading\">Tubacione me presion t\u00eb ul\u00ebt, t\u00eb mes\u00ebm dhe t\u00eb lart\u00eb<\/h3>\n\n<p>S\u00eb fundi, tubacionet me presion t\u00eb ul\u00ebt, t\u00eb mes\u00ebm dhe t\u00eb lart\u00eb ofrojn\u00eb avantazhe specifike n\u00eb var\u00ebsi t\u00eb nevojave t\u00eb aplikacionit. Tubacionet me presion t\u00eb ul\u00ebt jan\u00eb t\u00eb p\u00ebrshtatsh\u00ebm p\u00ebr aplikime ku presioni i thithjes \u00ebsht\u00eb i ul\u00ebt, nd\u00ebrsa tubacionet me presion t\u00eb mes\u00ebm dhe t\u00eb lart\u00eb k\u00ebrkohen p\u00ebr aplikime ku presioni i thithjes \u00ebsht\u00eb m\u00eb i lart\u00eb. Prandaj, zgjedhja e tubacionit t\u00eb duhur \u00ebsht\u00eb thelb\u00ebsore p\u00ebr t\u00eb siguruar performanc\u00ebn optimale t\u00eb sistemit t\u00eb thithjes.  <\/p>\n\n<h2 class=\"wp-block-heading\">konkluzioni<\/h2>\n\n<p>Si p\u00ebrfundim, zgjedhja e tubacionit t\u00eb p\u00ebrshtatsh\u00ebm industrial \u00ebsht\u00eb thelb\u00ebsor p\u00ebr t\u00eb siguruar performanc\u00ebn optimale t\u00eb sistemit t\u00eb thithjes n\u00eb fush\u00ebn e trajtimit t\u00eb ajrit industrial. Tubacionet spirale, tubat e l\u00ebmuar dhe tubacionet me presion t\u00eb ul\u00ebt, t\u00eb mes\u00ebm dhe t\u00eb lart\u00eb ofrojn\u00eb p\u00ebrfitime specifike n\u00eb var\u00ebsi t\u00eb nevojave t\u00eb aplikacionit dhe \u00ebsht\u00eb e r\u00ebnd\u00ebsishme t\u00eb shqyrtohet \u00e7do opsion me kujdes p\u00ebrpara se t\u00eb b\u00ebni nj\u00eb zgjedhje p\u00ebrfundimtare. <\/p>\n\n<div class=\"wp-block-buttons is-horizontal is-content-justification-center is-layout-flex wp-container-core-buttons-is-layout-03627597 wp-block-buttons-is-layout-flex\">\n<div class=\"wp-block-button has-custom-width wp-block-button__width-100\"><a class=\"wp-block-button__link wp-element-button\" href=\"https:\/\/obera.fr\/sq\/na-kontaktoni\/\">M\u00ebsoni m\u00eb shum\u00eb<\/a><\/div>\n<\/div>\n","protected":false},"excerpt":{"rendered":"<p>Tubacionet e thithjes industriale jan\u00eb nj\u00eb element thelb\u00ebsor n\u00eb fush\u00ebn e trajtimit industrial t\u00eb ajrit, sepse mund\u00ebsojn\u00eb p\u00ebr\u00e7imin e ndot\u00ebsve t\u00eb ndrysh\u00ebm, si tymrat, pluhurin, gazrat e shkarkimit, etj. Megjithat\u00eb, zgjedhja e tubacionit t\u00eb duhur \u00ebsht\u00eb thelb\u00ebsor p\u00ebr t\u00eb siguruar performanc\u00ebn optimale t\u00eb sistemit t\u00eb vakumit. Nj\u00eb gam\u00eb e gjer\u00eb tubacionesh p\u00ebr transportimin e pluhurit dhe ndot\u00ebsve. Gama jon\u00eb e tubave thith\u00ebs Mbulesa t\u00eb l\u00ebmuara n\u00eb \u00e7elik Rrjeti i presionit t\u00eb lart\u00eb Kanalet spirale p\u00ebr tymin dhe avujt Tuba me presion t\u00eb ul\u00ebt, t\u00eb mes\u00ebm, t\u00eb lart\u00eb p\u00ebr nxjerrjen e pluhurit Ekzistojn\u00eb disa lloje t\u00eb tubacioneve industriale, duke p\u00ebrfshir\u00eb kanalet &#8230; <\/p>\n<p class=\"read-more-container\"><a title=\"Tuba thith\u00ebs industriale\" class=\"read-more button\" href=\"https:\/\/obera.fr\/sq\/produits\/tuyauteries-industrielles\/#more-48715\" aria-label=\"Read more about Tuba thith\u00ebs industriale\">Lire la suite<\/a><\/p>\n","protected":false},"author":4,"featured_media":83732,"parent":37892,"menu_order":11,"comment_status":"closed","ping_status":"closed","template":"","meta":{"_acf_changed":false,"_seopress_robots_primary_cat":"","_seopress_titles_title":"Tuyauteries industrielles: acheminer poussi\u00e8res \/ polluants","_seopress_titles_desc":"Une large gamme de tuyauterie afin d\u2019acheminer les poussi\u00e8res et polluants : Gaines lisses en acier, spiral\u00e9es et tuyauterie basse, moyenne et haute pression.","_seopress_robots_index":"","footnotes":""},"class_list":{"0":"post-48715","1":"page","2":"type-page","3":"status-publish","4":"has-post-thumbnail","6":"no-featured-image-padding","7":"resize-featured-image"},"acf":[],"_links":{"self":[{"href":"https:\/\/obera.fr\/sq\/wp-json\/wp\/v2\/pages\/48715","targetHints":{"allow":["GET"]}}],"collection":[{"href":"https:\/\/obera.fr\/sq\/wp-json\/wp\/v2\/pages"}],"about":[{"href":"https:\/\/obera.fr\/sq\/wp-json\/wp\/v2\/types\/page"}],"author":[{"embeddable":true,"href":"https:\/\/obera.fr\/sq\/wp-json\/wp\/v2\/users\/4"}],"replies":[{"embeddable":true,"href":"https:\/\/obera.fr\/sq\/wp-json\/wp\/v2\/comments?post=48715"}],"version-history":[{"count":3,"href":"https:\/\/obera.fr\/sq\/wp-json\/wp\/v2\/pages\/48715\/revisions"}],"predecessor-version":[{"id":65690,"href":"https:\/\/obera.fr\/sq\/wp-json\/wp\/v2\/pages\/48715\/revisions\/65690"}],"up":[{"embeddable":true,"href":"https:\/\/obera.fr\/sq\/wp-json\/wp\/v2\/pages\/37892"}],"wp:featuredmedia":[{"embeddable":true,"href":"https:\/\/obera.fr\/sq\/wp-json\/wp\/v2\/media\/83732"}],"wp:attachment":[{"href":"https:\/\/obera.fr\/sq\/wp-json\/wp\/v2\/media?parent=48715"}],"curies":[{"name":"wp","href":"https:\/\/api.w.org\/{rel}","templated":true}]}}