{"id":48751,"date":"2020-08-26T13:06:50","date_gmt":"2020-08-26T11:06:50","guid":{"rendered":"https:\/\/obera.fr\/produktet-tona\/tuba-thithes-industriale\/mbulesa-te-lemuara-prej-celiku\/"},"modified":"2025-06-03T13:32:23","modified_gmt":"2025-06-03T11:32:23","slug":"gaines-lisses-acier","status":"publish","type":"page","link":"https:\/\/obera.fr\/sq\/produits\/tuyauteries-industrielles\/gaines-lisses-acier\/","title":{"rendered":"Mbulesa t\u00eb l\u00ebmuara prej \u00e7eliku"},"content":{"rendered":"\n<div class=\"wp-block-columns are-vertically-aligned-center is-layout-flex wp-container-core-columns-is-layout-28f84493 wp-block-columns-is-layout-flex\">\n<div class=\"wp-block-column is-vertically-aligned-center is-layout-flow wp-block-column-is-layout-flow\" style=\"flex-basis:33.33%\">\n<figure class=\"wp-block-image aligncenter size-thumbnail\"><img decoding=\"async\" width=\"150\" height=\"150\" src=\"https:\/\/obera.fr\/wp-content\/uploads\/2020\/11\/Gaines-lisses-150x150.jpg\" alt=\"Mbulesa t\u00eb l\u00ebmuara\" class=\"wp-image-1735\" srcset=\"https:\/\/obera.fr\/wp-content\/uploads\/2020\/11\/Gaines-lisses-150x150.jpg 150w, https:\/\/obera.fr\/wp-content\/uploads\/2020\/11\/Gaines-lisses-300x300.jpg 300w, https:\/\/obera.fr\/wp-content\/uploads\/2020\/11\/Gaines-lisses.jpg 433w\" sizes=\"(max-width: 150px) 100vw, 150px\" \/><figcaption class=\"wp-element-caption\">Mbulesa t\u00eb l\u00ebmuara<\/figcaption><\/figure>\n<\/div>\n\n\n\n<div class=\"wp-block-column is-vertically-aligned-center is-layout-flow wp-block-column-is-layout-flow\" style=\"flex-basis:66.66%\">\n<p><strong>Tubat e l\u00ebmuar prej \u00e7eliku<\/strong> jan\u00eb t\u00eb destinuara p\u00ebr thithje me presion t\u00eb lart\u00eb.<\/p>\n\n\n\n<p>OberA ka nj\u00eb <a href=\"https:\/\/obera.fr\/sq\/produits\/tuyauteries-industrielles\/\" data-type=\"page\" data-id=\"380\">gam\u00eb t\u00eb gjer\u00eb tubash \u00e7eliku t\u00eb fort\u00eb dhe me cil\u00ebsi t\u00eb lart\u00eb<\/a> p\u00ebr t&#8217;u p\u00ebrshtatur me sakt\u00ebsi dhe fleksibilitet me nevojat tuaja specifike t\u00eb thithjes.  <\/p>\n\n\n\n<p>Fort\u00ebsia e tubave dhe parimi i lidhjes garantojn\u00eb vulosje t\u00eb p\u00ebrsosur.<\/p>\n\n\n\n<div style=\"height:30px\" aria-hidden=\"true\" class=\"wp-block-spacer\"><\/div>\n\n\n\n<div class=\"wp-block-columns is-layout-flex wp-container-core-columns-is-layout-28f84493 wp-block-columns-is-layout-flex\">\n<div class=\"wp-block-column is-layout-flow wp-block-column-is-layout-flow\" style=\"flex-basis:50%\">\n<div class=\"wp-block-buttons is-horizontal is-content-justification-center is-layout-flex wp-container-core-buttons-is-layout-03627597 wp-block-buttons-is-layout-flex\">\n<div class=\"wp-block-button has-custom-width wp-block-button__width-100\"><a class=\"wp-block-button__link wp-element-button\" href=\"https:\/\/obera.fr\/sq\/na-kontaktoni\/\">M\u00ebsoni m\u00eb shum\u00eb<\/a><\/div>\n<\/div>\n<\/div>\n\n\n\n<div class=\"wp-block-column is-layout-flow wp-block-column-is-layout-flow\" style=\"flex-basis:50%\">\n<div class=\"wp-block-buttons is-content-justification-center is-layout-flex wp-container-core-buttons-is-layout-a89b3969 wp-block-buttons-is-layout-flex\">\n<div class=\"wp-block-button btn-devis-source\"><a class=\"wp-block-button__link wp-element-button\" href=\"https:\/\/obera.fr\/sq\/devis\/\">K\u00ebrkes\u00eb p\u00ebr kuot\u00eb<\/a><\/div>\n<\/div>\n\n\n<script>\r\ndocument.addEventListener('DOMContentLoaded', function() {\r\n    \/\/ 1. On cherche le titre H1 de la page\r\n    var h1 = document.querySelector('h1');\r\n    var productTitle = h1 ? h1.innerText.trim() : \"\";\r\n\r\n    \/\/ 2. On cherche les boutons via la classe CSS .btn-devis-source\r\n    var buttons = document.querySelectorAll('.btn-devis-source a');\r\n\r\n    \/\/ 3. Si on a le titre et les boutons, on ajoute le param\u00e8tre\r\n    if (buttons.length > 0 && productTitle !== \"\") {\r\n        var encodedTitle = encodeURIComponent(productTitle);\r\n\r\n        buttons.forEach(function(btn) {\r\n            var currentHref = btn.getAttribute('href');\r\n            \r\n            \/\/ S\u00e9curit\u00e9 pour ne pas ajouter le param\u00e8tre 2 fois\r\n            if (currentHref.indexOf('sujet=') === -1) {\r\n                var separator = currentHref.indexOf('?') !== -1 ? '&' : '?';\r\n                var newLink = currentHref + separator + 'sujet=' + encodedTitle;\r\n                \r\n                btn.setAttribute('href', newLink);\r\n            }\r\n        });\r\n    }\r\n});\r\n<\/script><\/div>\n<\/div>\n<\/div>\n<\/div>\n\n\n\n<h2 class=\"wp-block-heading\" id=\"les-avantages-de-la-gaine-lisse-en-acier\">P\u00ebrpar\u00ebsit\u00eb e mb\u00ebshtjell\u00ebsit t\u00eb l\u00ebmuar prej \u00e7eliku<\/h2>\n\n\n\n<div class=\"wp-block-columns is-layout-flex wp-container-core-columns-is-layout-28f84493 wp-block-columns-is-layout-flex\">\n<div class=\"wp-block-column is-layout-flow wp-block-column-is-layout-flow\">\n<h3 class=\"wp-block-heading has-text-align-center\" id=\"avantages\"><strong>P\u00ebrfitimet<\/strong><\/h3>\n\n\n\n<ul class=\"wp-block-list\">\n<li>Gama e gjer\u00eb<\/li>\n\n\n\n<li>Rrjedhje optimale<\/li>\n\n\n\n<li>E fort\u00eb<\/li>\n\n\n\n<li>Montim i shpejt\u00eb dhe i leht\u00eb<\/li>\n<\/ul>\n<\/div>\n\n\n\n<div class=\"wp-block-column is-layout-flow wp-block-column-is-layout-flow\">\n<h3 class=\"wp-block-heading has-text-align-center\" id=\"particularites\"><strong>Karakteristika t\u00eb ve\u00e7anta<\/strong><\/h3>\n\n\n\n<ul class=\"wp-block-list\">\n<li>Thithja me presion t\u00eb lart\u00eb<\/li>\n\n\n\n<li>N\u00eb presion apo depresion<\/li>\n<\/ul>\n<\/div>\n\n\n\n<div class=\"wp-block-column is-layout-flow wp-block-column-is-layout-flow\">\n<h3 class=\"wp-block-heading has-text-align-center\" id=\"caracteristiques\"><strong>Ve\u00e7orit\u00eb<\/strong><\/h3>\n\n\n\n<ul class=\"wp-block-list\">\n<li>Gjat\u00ebsia deri n\u00eb 6.0 m<\/li>\n\n\n\n<li>Diametri \u00d850 deri n\u00eb \u00d8159 disponohet nga stok<\/li>\n\n\n\n<li>M\u00ebng\u00eb lidh\u00ebse dhe jak\u00eb e patentuar p\u00ebr t\u00eb siguruar vazhdim\u00ebsin\u00eb elektrike<\/li>\n<\/ul>\n<\/div>\n<\/div>\n\n\n\n<div class=\"wp-block-columns is-layout-flex wp-container-core-columns-is-layout-28f84493 wp-block-columns-is-layout-flex\">\n<div class=\"wp-block-column is-layout-flow wp-block-column-is-layout-flow\">\n<div class=\"wp-block-buttons is-horizontal is-content-justification-right is-layout-flex wp-container-core-buttons-is-layout-30af2ff6 wp-block-buttons-is-layout-flex\">\n<div class=\"wp-block-button\"><a class=\"wp-block-button__link wp-element-button\" href=\"https:\/\/obera.fr\/wp-content\/uploads\/2025\/06\/brochure-gaine-lisse-en.pdf\">shkarkoni flet\u00ebn e produktit<\/a><\/div>\n<\/div>\n<\/div>\n\n\n\n<div class=\"wp-block-column is-layout-flow wp-block-column-is-layout-flow\">\n<div class=\"wp-block-buttons is-layout-flex wp-block-buttons-is-layout-flex\">\n<div class=\"wp-block-button\"><a class=\"wp-block-button__link wp-element-button\" href=\"https:\/\/obera.fr\/contact\/\"><strong>K\u00cbRKONI LISTA E \u00c7MIMEVE<\/strong><\/a><\/div>\n<\/div>\n<\/div>\n<\/div>\n\n\n\n<h2 class=\"wp-block-heading\" id=\"applications\">Aplikacionet<\/h2>\n\n\n\n<div class=\"wp-block-columns is-layout-flex wp-container-core-columns-is-layout-28f84493 wp-block-columns-is-layout-flex\">\n<div class=\"wp-block-column is-layout-flow wp-block-column-is-layout-flow\">\n<h3 class=\"wp-block-heading has-text-align-center\" id=\"polluants\">Ndot\u00ebsit<\/h3>\n\n\n\n<hr class=\"wp-block-separator has-css-opacity is-style-wide\"\/>\n\n\n\n<div class=\"wp-block-columns is-layout-flex wp-container-core-columns-is-layout-28f84493 wp-block-columns-is-layout-flex\">\n<div class=\"wp-block-column is-layout-flow wp-block-column-is-layout-flow\">\n<figure class=\"wp-block-image aligncenter size-large\"><img decoding=\"async\" width=\"70\" height=\"70\" src=\"https:\/\/obera.fr\/wp-content\/uploads\/2020\/08\/polluants-poussieres.jpg\" alt=\"Ndot\u00ebsit e pluhurit\" class=\"wp-image-675\"\/><figcaption class=\"wp-element-caption\">Tymrat<\/figcaption><\/figure>\n\n\n\n<figure class=\"wp-block-image aligncenter size-large\"><img decoding=\"async\" width=\"70\" height=\"70\" src=\"https:\/\/obera.fr\/wp-content\/uploads\/2020\/08\/industrie-odeur.jpg\" alt=\"Era e industris\u00eb\" class=\"wp-image-723\"\/><figcaption class=\"wp-element-caption\">Aromat<\/figcaption><\/figure>\n\n\n\n<figure class=\"wp-block-image aligncenter size-large\"><img decoding=\"async\" width=\"70\" height=\"70\" src=\"https:\/\/obera.fr\/wp-content\/uploads\/2020\/08\/industrie-brouillard-huile.jpg\" alt=\"Industria e vajit t\u00eb mjegull\u00ebs\" class=\"wp-image-721\"\/><figcaption class=\"wp-element-caption\">Mjegull vaji<\/figcaption><\/figure>\n<\/div>\n\n\n\n<div class=\"wp-block-column is-layout-flow wp-block-column-is-layout-flow\">\n<figure class=\"wp-block-image aligncenter size-large\"><img decoding=\"async\" width=\"70\" height=\"70\" src=\"https:\/\/obera.fr\/wp-content\/uploads\/2020\/08\/industrie-fumees.jpg\" alt=\"Tymrat e industris\u00eb\" class=\"wp-image-722\"\/><figcaption class=\"wp-element-caption\">Tymrat<\/figcaption><\/figure>\n\n\n\n<figure class=\"wp-block-image aligncenter size-large\"><img decoding=\"async\" width=\"70\" height=\"70\" src=\"https:\/\/obera.fr\/wp-content\/uploads\/2020\/09\/cov.png\" alt=\"Cov\" class=\"wp-image-959\"\/><figcaption class=\"wp-element-caption\">VOC<\/figcaption><\/figure>\n\n\n\n<figure class=\"wp-block-image aligncenter size-large\"><img decoding=\"async\" width=\"70\" height=\"70\" src=\"https:\/\/obera.fr\/wp-content\/uploads\/2020\/08\/polluants-copeaux-bois.jpg\" alt=\"Ndot\u00ebs patate t\u00eb skuqura druri\" class=\"wp-image-674\"\/><figcaption class=\"wp-element-caption\">Ashk\u00ebl<\/figcaption><\/figure>\n<\/div>\n<\/div>\n<\/div>\n\n\n\n<div class=\"wp-block-column is-layout-flow wp-block-column-is-layout-flow\">\n<h3 class=\"wp-block-heading has-text-align-center\" id=\"industries\">Industrit\u00eb<\/h3>\n\n\n\n<hr class=\"wp-block-separator has-css-opacity is-style-wide\"\/>\n\n\n\n<div class=\"wp-block-columns is-layout-flex wp-container-core-columns-is-layout-28f84493 wp-block-columns-is-layout-flex\">\n<div class=\"wp-block-column is-layout-flow wp-block-column-is-layout-flow\">\n<figure class=\"wp-block-image aligncenter size-large\"><img decoding=\"async\" width=\"70\" height=\"70\" src=\"https:\/\/obera.fr\/wp-content\/uploads\/2020\/08\/industrie-metallurgie.jpg\" alt=\"Industria Metalurgji\" class=\"wp-image-673\"\/><figcaption class=\"wp-element-caption\">Metalurgji<\/figcaption><\/figure>\n\n\n\n<figure class=\"wp-block-image aligncenter size-large\"><img decoding=\"async\" width=\"70\" height=\"70\" src=\"https:\/\/obera.fr\/wp-content\/uploads\/2020\/08\/industrie-chimie.jpg\" alt=\"Kimia e industris\u00eb\" class=\"wp-image-725\"\/><figcaption class=\"wp-element-caption\">Kimi\/Petrokimike<\/figcaption><\/figure>\n\n\n\n<figure class=\"wp-block-image aligncenter size-large\"><img decoding=\"async\" width=\"70\" height=\"70\" src=\"https:\/\/obera.fr\/wp-content\/uploads\/2020\/08\/industrie-minerai.jpg\" alt=\"Industria Minerale\" class=\"wp-image-724\"\/><figcaption class=\"wp-element-caption\">Ores<\/figcaption><\/figure>\n\n\n\n<figure class=\"wp-block-image aligncenter size-large\"><img decoding=\"async\" width=\"70\" height=\"70\" src=\"https:\/\/obera.fr\/wp-content\/uploads\/2020\/08\/industrie-papier-carton.jpg\" alt=\"Industria e kartonit t\u00eb letr\u00ebs\" class=\"wp-image-670\"\/><figcaption class=\"wp-element-caption\">Let\u00ebr\/karton<\/figcaption><\/figure>\n<\/div>\n\n\n\n<div class=\"wp-block-column is-layout-flow wp-block-column-is-layout-flow\">\n<figure class=\"wp-block-image aligncenter size-large\"><img decoding=\"async\" width=\"70\" height=\"70\" src=\"https:\/\/obera.fr\/wp-content\/uploads\/2020\/08\/industrie-plastique.jpg\" alt=\"Industria e plastik\u00ebs\" class=\"wp-image-669\"\/><figcaption class=\"wp-element-caption\">Plastika<\/figcaption><\/figure>\n\n\n\n<figure class=\"wp-block-image aligncenter size-large\"><img decoding=\"async\" width=\"70\" height=\"70\" src=\"https:\/\/obera.fr\/wp-content\/uploads\/2020\/08\/industrie-bois.jpg\" alt=\"Industria e Drurit\" class=\"wp-image-672\"\/><figcaption class=\"wp-element-caption\">Punim druri<\/figcaption><\/figure>\n\n\n\n<figure class=\"wp-block-image aligncenter size-large\"><img decoding=\"async\" width=\"70\" height=\"70\" src=\"https:\/\/obera.fr\/wp-content\/uploads\/2020\/08\/industrie-textile.jpg\" alt=\"Industria e tekstilit\" class=\"wp-image-671\"\/><figcaption class=\"wp-element-caption\">Tekstile<\/figcaption><\/figure>\n\n\n\n<figure class=\"wp-block-image aligncenter size-large\"><img decoding=\"async\" width=\"70\" height=\"70\" src=\"https:\/\/obera.fr\/wp-content\/uploads\/2020\/08\/industrie-dechets.jpg\" alt=\"Mbetjet e industris\u00eb\" class=\"wp-image-726\"\/><figcaption class=\"wp-element-caption\">Grumbullimi dhe klasifikimi i mbetjeve<\/figcaption><\/figure>\n<\/div>\n<\/div>\n<\/div>\n<\/div>\n\n\n\n<h2 class=\"wp-block-heading\" id=\"en-option\">Fakultative<\/h2>\n\n\n\n<div class=\"wp-block-columns is-layout-flex wp-container-core-columns-is-layout-28f84493 wp-block-columns-is-layout-flex\">\n<div class=\"wp-block-column is-layout-flow wp-block-column-is-layout-flow\">\n<figure class=\"wp-block-image aligncenter size-large\"><img decoding=\"async\" width=\"100\" height=\"100\" src=\"https:\/\/obera.fr\/wp-content\/uploads\/2020\/08\/logo-atex.jpg\" alt=\"Logoja e Atex\" class=\"wp-image-668\"\/><figcaption class=\"wp-element-caption\">ATEX<\/figcaption><\/figure>\n<\/div>\n\n\n\n<div class=\"wp-block-column is-layout-flow wp-block-column-is-layout-flow\">\n<figure class=\"wp-block-image aligncenter size-large\"><img decoding=\"async\" width=\"100\" height=\"100\" src=\"https:\/\/obera.fr\/wp-content\/uploads\/2020\/09\/lumiere-integree.jpg\" alt=\"Drita e integruar\" class=\"wp-image-973\"\/><figcaption class=\"wp-element-caption\">Drita e integruar<\/figcaption><\/figure>\n<\/div>\n\n\n\n<div class=\"wp-block-column is-layout-flow wp-block-column-is-layout-flow\"><\/div>\n\n\n\n<div class=\"wp-block-column is-layout-flow wp-block-column-is-layout-flow\"><\/div>\n<\/div>\n\n\n\n<div class=\"wp-block-buttons is-horizontal is-content-justification-center is-layout-flex wp-container-core-buttons-is-layout-03627597 wp-block-buttons-is-layout-flex\">\n<div class=\"wp-block-button has-custom-width wp-block-button__width-100\"><a class=\"wp-block-button__link wp-element-button\" href=\"https:\/\/obera.fr\/sq\/na-kontaktoni\/\">M\u00ebsoni m\u00eb shum\u00eb<\/a><\/div>\n<\/div>\n\n\n\n<hr class=\"wp-block-separator has-css-opacity is-style-dots\"\/>\n\n\n\n<h2 class=\"wp-block-heading\" id=\"les-autres-produits-de-la-gamme-de-tuyauterie-industrielle\">Produkte t\u00eb tjera n\u00eb gam\u00ebn e tubacioneve industriale<\/h2>\n\n\n\n<div class=\"wp-block-columns is-layout-flex wp-container-core-columns-is-layout-28f84493 wp-block-columns-is-layout-flex\">\n<div class=\"wp-block-column is-layout-flow wp-block-column-is-layout-flow\">\n<figure class=\"wp-block-image aligncenter size-thumbnail\"><a href=\"https:\/\/obera.fr\/produits\/tuyauteries-industrielles\/basse-moyenne-haute-pression\/\"><img decoding=\"async\" width=\"150\" height=\"150\" src=\"https:\/\/obera.fr\/wp-content\/uploads\/2020\/11\/Tuyauterie-basse-moyenne-haute-pression-150x150.jpg\" alt=\"Tubacione me presion t\u00eb ul\u00ebt mesatar t\u00eb lart\u00eb\" class=\"wp-image-1734\"\/><\/a><figcaption class=\"wp-element-caption\">Tubacione me presion t\u00eb ul\u00ebt mesatar t\u00eb lart\u00eb<\/figcaption><\/figure>\n<\/div>\n\n\n\n<div class=\"wp-block-column is-layout-flow wp-block-column-is-layout-flow\">\n<figure class=\"wp-block-image aligncenter size-thumbnail\"><a href=\"https:\/\/obera.fr\/produits\/tuyauteries-industrielles\/gaines-spiralees\/\"><img decoding=\"async\" width=\"150\" height=\"150\" src=\"https:\/\/obera.fr\/wp-content\/uploads\/2020\/11\/Gaines-spiralees-150x150.jpg\" alt=\"Mbulesa spirale\" class=\"wp-image-1736\" srcset=\"https:\/\/obera.fr\/wp-content\/uploads\/2020\/11\/Gaines-spiralees-150x150.jpg 150w, https:\/\/obera.fr\/wp-content\/uploads\/2020\/11\/Gaines-spiralees-300x300.jpg 300w, https:\/\/obera.fr\/wp-content\/uploads\/2020\/11\/Gaines-spiralees.jpg 433w\" sizes=\"(max-width: 150px) 100vw, 150px\" \/><\/a><figcaption class=\"wp-element-caption\">Mbulesa spirale<\/figcaption><\/figure>\n<\/div>\n<\/div>\n\n\n\n<p><\/p>\n","protected":false},"excerpt":{"rendered":"<p>Tubat e l\u00ebmuar prej \u00e7eliku jan\u00eb t\u00eb destinuara p\u00ebr thithje me presion t\u00eb lart\u00eb. OberA ka nj\u00eb gam\u00eb t\u00eb gjer\u00eb tubash \u00e7eliku t\u00eb fort\u00eb dhe me cil\u00ebsi t\u00eb lart\u00eb p\u00ebr t&#8217;u p\u00ebrshtatur me sakt\u00ebsi dhe fleksibilitet me nevojat tuaja specifike t\u00eb thithjes. Fort\u00ebsia e tubave dhe parimi i lidhjes garantojn\u00eb vulosje t\u00eb p\u00ebrsosur. P\u00ebrpar\u00ebsit\u00eb e mb\u00ebshtjell\u00ebsit t\u00eb l\u00ebmuar prej \u00e7eliku P\u00ebrfitimet Karakteristika t\u00eb ve\u00e7anta Ve\u00e7orit\u00eb Aplikacionet Ndot\u00ebsit Industrit\u00eb Fakultative Produkte t\u00eb tjera n\u00eb gam\u00ebn e tubacioneve industriale<\/p>\n","protected":false},"author":4,"featured_media":83732,"parent":48715,"menu_order":0,"comment_status":"closed","ping_status":"closed","template":"","meta":{"_acf_changed":false,"_seopress_robots_primary_cat":"","_seopress_titles_title":"Tuba dhe kanale \u00e7eliku t\u00eb l\u00ebmuara OberA","_seopress_titles_desc":"Ne kemi nj\u00eb gam\u00eb t\u00eb gjer\u00eb tubash \u00e7eliku t\u00eb fort\u00eb dhe me cil\u00ebsi t\u00eb lart\u00eb p\u00ebr t'iu p\u00ebrshtatur nevojave tuaja specifike t\u00eb thithjes.","_seopress_robots_index":"","footnotes":""},"class_list":{"0":"post-48751","1":"page","2":"type-page","3":"status-publish","4":"has-post-thumbnail","6":"no-featured-image-padding","7":"resize-featured-image"},"acf":[],"_links":{"self":[{"href":"https:\/\/obera.fr\/sq\/wp-json\/wp\/v2\/pages\/48751","targetHints":{"allow":["GET"]}}],"collection":[{"href":"https:\/\/obera.fr\/sq\/wp-json\/wp\/v2\/pages"}],"about":[{"href":"https:\/\/obera.fr\/sq\/wp-json\/wp\/v2\/types\/page"}],"author":[{"embeddable":true,"href":"https:\/\/obera.fr\/sq\/wp-json\/wp\/v2\/users\/4"}],"replies":[{"embeddable":true,"href":"https:\/\/obera.fr\/sq\/wp-json\/wp\/v2\/comments?post=48751"}],"version-history":[{"count":5,"href":"https:\/\/obera.fr\/sq\/wp-json\/wp\/v2\/pages\/48751\/revisions"}],"predecessor-version":[{"id":108013,"href":"https:\/\/obera.fr\/sq\/wp-json\/wp\/v2\/pages\/48751\/revisions\/108013"}],"up":[{"embeddable":true,"href":"https:\/\/obera.fr\/sq\/wp-json\/wp\/v2\/pages\/48715"}],"wp:featuredmedia":[{"embeddable":true,"href":"https:\/\/obera.fr\/sq\/wp-json\/wp\/v2\/media\/83732"}],"wp:attachment":[{"href":"https:\/\/obera.fr\/sq\/wp-json\/wp\/v2\/media?parent=48751"}],"curies":[{"name":"wp","href":"https:\/\/api.w.org\/{rel}","templated":true}]}}