{"id":48888,"date":"2020-08-26T13:07:03","date_gmt":"2020-08-26T11:07:03","guid":{"rendered":"https:\/\/obera.fr\/produktet-tona\/tuba-thithes-industriale\/mbulesa-spirale\/"},"modified":"2025-06-03T13:51:42","modified_gmt":"2025-06-03T11:51:42","slug":"gaines-spiralees","status":"publish","type":"page","link":"https:\/\/obera.fr\/sq\/produits\/tuyauteries-industrielles\/gaines-spiralees\/","title":{"rendered":"Mbulesa spirale"},"content":{"rendered":"\n<div class=\"wp-block-columns is-layout-flex wp-container-core-columns-is-layout-28f84493 wp-block-columns-is-layout-flex\">\n<div class=\"wp-block-column is-layout-flow wp-block-column-is-layout-flow\" style=\"flex-basis:33.33%\">\n<figure class=\"wp-block-image aligncenter size-large\"><a href=\"https:\/\/obera.fr\/wp-content\/uploads\/2024\/02\/sr.webp\"><img decoding=\"async\" src=\"https:\/\/obera.fr\/wp-content\/uploads\/2024\/02\/sr.webp\" alt=\"Mbulesa spirale\"\/><\/a><figcaption class=\"wp-element-caption\">Mbulesa spirale<\/figcaption><\/figure>\n<\/div>\n\n\n\n<div class=\"wp-block-column is-layout-flow wp-block-column-is-layout-flow\" style=\"flex-basis:66.66%\">\n<p>Sistemet <a href=\"https:\/\/obera.fr\/sq\/produits\/tuyauteries-industrielles\/\" data-type=\"page\" data-id=\"380\">e tubacioneve<\/a> b\u00ebjn\u00eb t\u00eb mundur kapjen e emetimeve t\u00eb pluhurit dhe tymit n\u00eb burim dhe d\u00ebrgimin e tyre n\u00eb sistemet e grumbullimit dhe filtrimit t\u00eb pluhurit duke respektuar parimet themelore t\u00eb aeraulik\u00ebs.<\/p>\n\n\n\n<p>OberA ka nj\u00eb gam\u00eb t\u00eb gjer\u00eb <strong>kanalesh spirale<\/strong> t\u00eb q\u00ebndrueshme dhe me cil\u00ebsi t\u00eb lart\u00eb p\u00ebr t&#8217;u p\u00ebrshtatur me sakt\u00ebsi dhe fleksibilitet me nevojat tuaja specifike t\u00eb thithjes.<\/p>\n\n\n\n<p>P\u00ebr t\u00eb marr\u00eb fuqin\u00eb maksimale t\u00eb thithjes dhe p\u00ebr t\u00eb optimizuar kostot e energjis\u00eb, \u00ebsht\u00eb thelb\u00ebsore q\u00eb t\u00eb p\u00ebrmasat e sakta t\u00eb rrjetit t\u00eb tubacioneve.<\/p>\n\n\n\n<div style=\"height:30px\" aria-hidden=\"true\" class=\"wp-block-spacer\"><\/div>\n\n\n\n<div class=\"wp-block-columns is-layout-flex wp-container-core-columns-is-layout-28f84493 wp-block-columns-is-layout-flex\">\n<div class=\"wp-block-column is-layout-flow wp-block-column-is-layout-flow\" style=\"flex-basis:33.34%\">\n<div class=\"wp-block-buttons is-horizontal is-content-justification-right is-layout-flex wp-container-core-buttons-is-layout-30af2ff6 wp-block-buttons-is-layout-flex\">\n<div class=\"wp-block-button\"><a class=\"wp-block-button__link wp-element-button\" href=\"https:\/\/obera.fr\/wp-content\/uploads\/2025\/06\/brochure-gaine-spiralee-en.pdf\">shkarkoni flet\u00ebn e produktit<\/a><\/div>\n<\/div>\n<\/div>\n\n\n\n<div class=\"wp-block-column is-layout-flow wp-block-column-is-layout-flow\" style=\"flex-basis:33.34%\">\n<div class=\"wp-block-buttons is-horizontal is-content-justification-center is-layout-flex wp-container-core-buttons-is-layout-03627597 wp-block-buttons-is-layout-flex\">\n<div class=\"wp-block-button has-custom-width wp-block-button__width-100\"><a class=\"wp-block-button__link wp-element-button\" href=\"https:\/\/obera.fr\/sq\/na-kontaktoni\/\">M\u00ebsoni m\u00eb shum\u00eb<\/a><\/div>\n<\/div>\n<\/div>\n\n\n\n<div class=\"wp-block-column is-layout-flow wp-block-column-is-layout-flow\" style=\"flex-basis:33.33%\">\n<div class=\"wp-block-buttons is-content-justification-center is-layout-flex wp-container-core-buttons-is-layout-a89b3969 wp-block-buttons-is-layout-flex\">\n<div class=\"wp-block-button btn-devis-source\"><a class=\"wp-block-button__link wp-element-button\" href=\"https:\/\/obera.fr\/sq\/devis\/\">K\u00ebrkes\u00eb p\u00ebr kuot\u00eb<\/a><\/div>\n<\/div>\n\n\n<script>\r\ndocument.addEventListener('DOMContentLoaded', function() {\r\n    \/\/ 1. On cherche le titre H1 de la page\r\n    var h1 = document.querySelector('h1');\r\n    var productTitle = h1 ? h1.innerText.trim() : \"\";\r\n\r\n    \/\/ 2. On cherche les boutons via la classe CSS .btn-devis-source\r\n    var buttons = document.querySelectorAll('.btn-devis-source a');\r\n\r\n    \/\/ 3. Si on a le titre et les boutons, on ajoute le param\u00e8tre\r\n    if (buttons.length > 0 && productTitle !== \"\") {\r\n        var encodedTitle = encodeURIComponent(productTitle);\r\n\r\n        buttons.forEach(function(btn) {\r\n            var currentHref = btn.getAttribute('href');\r\n            \r\n            \/\/ S\u00e9curit\u00e9 pour ne pas ajouter le param\u00e8tre 2 fois\r\n            if (currentHref.indexOf('sujet=') === -1) {\r\n                var separator = currentHref.indexOf('?') !== -1 ? '&' : '?';\r\n                var newLink = currentHref + separator + 'sujet=' + encodedTitle;\r\n                \r\n                btn.setAttribute('href', newLink);\r\n            }\r\n        });\r\n    }\r\n});\r\n<\/script><\/div>\n<\/div>\n\n\n\n<p><\/p>\n<\/div>\n<\/div>\n\n\n\n<h2 class=\"wp-block-heading\">P\u00ebrpar\u00ebsit\u00eb e mb\u00ebshtjell\u00ebsit spirale<\/h2>\n\n\n\n<div class=\"wp-block-columns is-layout-flex wp-container-core-columns-is-layout-28f84493 wp-block-columns-is-layout-flex\">\n<div class=\"wp-block-column is-layout-flow wp-block-column-is-layout-flow\">\n<h3 class=\"wp-block-heading has-text-align-center\"><strong>P\u00ebrfitimet<\/strong><\/h3>\n\n\n\n<ul class=\"wp-block-list\">\n<li>Gama e gjer\u00eb<\/li>\n\n\n\n<li>Rrjedhje optimale<\/li>\n\n\n\n<li>E fort\u00eb<\/li>\n\n\n\n<li>Montim i leht\u00eb<\/li>\n<\/ul>\n<\/div>\n\n\n\n<div class=\"wp-block-column is-layout-flow wp-block-column-is-layout-flow\">\n<h3 class=\"wp-block-heading has-text-align-center\"><strong>Karakteristika t\u00eb ve\u00e7anta<\/strong><\/h3>\n\n\n\n<ul class=\"wp-block-list\">\n<li>\u00c7eliku i elektrogalvanizuar sipas EN 12237<\/li>\n\n\n\n<li>Gjat\u00ebsi standarde deri n\u00eb 3.0 m<\/li>\n\n\n\n<li>Nga d71 mm n\u00eb d450 mm n\u00eb gjendje<\/li>\n\n\n\n<li>Trash\u00ebsia nga 4\/10 mm n\u00eb 12\/10 mm n\u00eb var\u00ebsi t\u00eb diametrit<\/li>\n<\/ul>\n\n\n\n<div style=\"height:38px\" aria-hidden=\"true\" class=\"wp-block-spacer\"><\/div>\n<\/div>\n\n\n\n<div class=\"wp-block-column is-layout-flow wp-block-column-is-layout-flow\">\n<h3 class=\"wp-block-heading has-text-align-center\"><strong>Ve\u00e7orit\u00eb<\/strong><\/h3>\n\n\n\n<ul class=\"wp-block-list\">\n<li>Sistemi i tubacioneve n\u00eb rangun e presionit t\u00eb mes\u00ebm<\/li>\n\n\n\n<li>N\u00eb presion apo depresion<\/li>\n<\/ul>\n<\/div>\n<\/div>\n\n\n\n<div class=\"wp-block-columns is-layout-flex wp-container-core-columns-is-layout-28f84493 wp-block-columns-is-layout-flex\">\n<div class=\"wp-block-column is-layout-flow wp-block-column-is-layout-flow\"><\/div>\n\n\n\n<div class=\"wp-block-column is-layout-flow wp-block-column-is-layout-flow\">\n<div class=\"wp-block-buttons is-content-justification-center is-layout-flex wp-container-core-buttons-is-layout-a89b3969 wp-block-buttons-is-layout-flex\">\n<div class=\"wp-block-button\"><a class=\"wp-block-button__link wp-element-button\" href=\"https:\/\/obera.fr\/contact\/\">K\u00cbRKONI LISTA E \u00c7MIMEVE<\/a><\/div>\n<\/div>\n<\/div>\n\n\n\n<div class=\"wp-block-column is-layout-flow wp-block-column-is-layout-flow\"><\/div>\n<\/div>\n\n\n\n<h2 class=\"wp-block-heading\">Aplikacionet<\/h2>\n\n\n\n<div class=\"wp-block-columns is-layout-flex wp-container-core-columns-is-layout-28f84493 wp-block-columns-is-layout-flex\">\n<div class=\"wp-block-column is-layout-flow wp-block-column-is-layout-flow\">\n<h3 class=\"wp-block-heading has-text-align-center\">Ndot\u00ebsit<\/h3>\n\n\n\n<hr class=\"wp-block-separator has-css-opacity is-style-wide\"\/>\n\n\n\n<div class=\"wp-block-columns is-layout-flex wp-container-core-columns-is-layout-28f84493 wp-block-columns-is-layout-flex\">\n<div class=\"wp-block-column is-layout-flow wp-block-column-is-layout-flow\">\n<figure class=\"wp-block-image aligncenter size-large\"><img decoding=\"async\" width=\"70\" height=\"70\" src=\"https:\/\/obera.fr\/wp-content\/uploads\/2020\/08\/polluants-poussieres.jpg\" alt=\"Ndot\u00ebsit e pluhurit\" class=\"wp-image-675\"\/><figcaption class=\"wp-element-caption\">Tymrat<\/figcaption><\/figure>\n\n\n\n<figure class=\"wp-block-image aligncenter size-large\"><img decoding=\"async\" width=\"70\" height=\"70\" src=\"https:\/\/obera.fr\/wp-content\/uploads\/2020\/08\/industrie-odeur.jpg\" alt=\"Era e industris\u00eb\" class=\"wp-image-723\"\/><figcaption class=\"wp-element-caption\">Aromat<\/figcaption><\/figure>\n\n\n\n<figure class=\"wp-block-image aligncenter size-large\"><img decoding=\"async\" width=\"70\" height=\"70\" src=\"https:\/\/obera.fr\/wp-content\/uploads\/2020\/08\/industrie-brouillard-huile.jpg\" alt=\"Industria e vajit t\u00eb mjegull\u00ebs\" class=\"wp-image-721\"\/><figcaption class=\"wp-element-caption\">Mjegull vaji<\/figcaption><\/figure>\n<\/div>\n\n\n\n<div class=\"wp-block-column is-layout-flow wp-block-column-is-layout-flow\">\n<figure class=\"wp-block-image aligncenter size-large\"><img decoding=\"async\" width=\"70\" height=\"70\" src=\"https:\/\/obera.fr\/wp-content\/uploads\/2020\/08\/industrie-fumees.jpg\" alt=\"Tymrat e industris\u00eb\" class=\"wp-image-722\"\/><figcaption class=\"wp-element-caption\">Tymrat<\/figcaption><\/figure>\n\n\n\n<figure class=\"wp-block-image aligncenter size-large\"><img decoding=\"async\" width=\"70\" height=\"70\" src=\"https:\/\/obera.fr\/wp-content\/uploads\/2020\/09\/cov.png\" alt=\"Cov\" class=\"wp-image-959\"\/><figcaption class=\"wp-element-caption\">VOC<\/figcaption><\/figure>\n\n\n\n<figure class=\"wp-block-image aligncenter size-large\"><img decoding=\"async\" width=\"70\" height=\"70\" src=\"https:\/\/obera.fr\/wp-content\/uploads\/2020\/08\/polluants-copeaux-bois.jpg\" alt=\"Ndot\u00ebs patate t\u00eb skuqura druri\" class=\"wp-image-674\"\/><figcaption class=\"wp-element-caption\">Ashk\u00ebl<\/figcaption><\/figure>\n<\/div>\n<\/div>\n<\/div>\n\n\n\n<div class=\"wp-block-column is-layout-flow wp-block-column-is-layout-flow\">\n<h3 class=\"wp-block-heading has-text-align-center\">Industrit\u00eb<\/h3>\n\n\n\n<hr class=\"wp-block-separator has-css-opacity is-style-wide\"\/>\n\n\n\n<div class=\"wp-block-columns is-layout-flex wp-container-core-columns-is-layout-28f84493 wp-block-columns-is-layout-flex\">\n<div class=\"wp-block-column is-layout-flow wp-block-column-is-layout-flow\">\n<figure class=\"wp-block-image aligncenter size-large\"><img decoding=\"async\" width=\"70\" height=\"70\" src=\"https:\/\/obera.fr\/wp-content\/uploads\/2020\/08\/industrie-metallurgie.jpg\" alt=\"Industria Metalurgji\" class=\"wp-image-673\"\/><figcaption class=\"wp-element-caption\">Metalurgji<\/figcaption><\/figure>\n\n\n\n<figure class=\"wp-block-image aligncenter size-large\"><img decoding=\"async\" width=\"70\" height=\"70\" src=\"https:\/\/obera.fr\/wp-content\/uploads\/2020\/08\/industrie-chimie.jpg\" alt=\"Kimia e industris\u00eb\" class=\"wp-image-725\"\/><figcaption class=\"wp-element-caption\">Kimi\/Petrokimike<\/figcaption><\/figure>\n\n\n\n<figure class=\"wp-block-image aligncenter size-large\"><img decoding=\"async\" width=\"70\" height=\"70\" src=\"https:\/\/obera.fr\/wp-content\/uploads\/2020\/08\/industrie-minerai.jpg\" alt=\"Industria Minerale\" class=\"wp-image-724\"\/><figcaption class=\"wp-element-caption\">Ores<\/figcaption><\/figure>\n\n\n\n<figure class=\"wp-block-image aligncenter size-large\"><img decoding=\"async\" width=\"70\" height=\"70\" src=\"https:\/\/obera.fr\/wp-content\/uploads\/2020\/08\/industrie-papier-carton.jpg\" alt=\"Industria e kartonit t\u00eb letr\u00ebs\" class=\"wp-image-670\"\/><figcaption class=\"wp-element-caption\">Let\u00ebr\/karton<\/figcaption><\/figure>\n<\/div>\n\n\n\n<div class=\"wp-block-column is-layout-flow wp-block-column-is-layout-flow\">\n<figure class=\"wp-block-image aligncenter size-large\"><img decoding=\"async\" width=\"70\" height=\"70\" src=\"https:\/\/obera.fr\/wp-content\/uploads\/2020\/08\/industrie-plastique.jpg\" alt=\"Industria e plastik\u00ebs\" class=\"wp-image-669\"\/><figcaption class=\"wp-element-caption\">Plastika<\/figcaption><\/figure>\n\n\n\n<figure class=\"wp-block-image aligncenter size-large\"><img decoding=\"async\" width=\"70\" height=\"70\" src=\"https:\/\/obera.fr\/wp-content\/uploads\/2020\/08\/industrie-bois.jpg\" alt=\"Industria e Drurit\" class=\"wp-image-672\"\/><figcaption class=\"wp-element-caption\">Punim druri<\/figcaption><\/figure>\n\n\n\n<figure class=\"wp-block-image aligncenter size-large\"><img decoding=\"async\" width=\"70\" height=\"70\" src=\"https:\/\/obera.fr\/wp-content\/uploads\/2020\/08\/industrie-textile.jpg\" alt=\"Industria e tekstilit\" class=\"wp-image-671\"\/><figcaption class=\"wp-element-caption\">Tekstile<\/figcaption><\/figure>\n\n\n\n<figure class=\"wp-block-image aligncenter size-large\"><img decoding=\"async\" width=\"70\" height=\"70\" src=\"https:\/\/obera.fr\/wp-content\/uploads\/2020\/08\/industrie-dechets.jpg\" alt=\"Mbetjet e industris\u00eb\" class=\"wp-image-726\"\/><figcaption class=\"wp-element-caption\">Grumbullimi dhe klasifikimi i mbetjeve<\/figcaption><\/figure>\n<\/div>\n<\/div>\n<\/div>\n<\/div>\n\n\n\n<h2 class=\"wp-block-heading\">Fakultative<\/h2>\n\n\n\n<div class=\"wp-block-columns is-layout-flex wp-container-core-columns-is-layout-28f84493 wp-block-columns-is-layout-flex\">\n<div class=\"wp-block-column is-layout-flow wp-block-column-is-layout-flow\">\n<figure class=\"wp-block-image aligncenter size-large\"><img decoding=\"async\" width=\"100\" height=\"100\" src=\"https:\/\/obera.fr\/wp-content\/uploads\/2020\/08\/logo-atex.jpg\" alt=\"Logoja e Atex\" class=\"wp-image-668\"\/><figcaption class=\"wp-element-caption\">ATEX<\/figcaption><\/figure>\n<\/div>\n\n\n\n<div class=\"wp-block-column is-layout-flow wp-block-column-is-layout-flow\">\n<figure class=\"wp-block-image aligncenter size-large\"><img decoding=\"async\" width=\"100\" height=\"100\" src=\"https:\/\/obera.fr\/wp-content\/uploads\/2020\/09\/lumiere-integree.jpg\" alt=\"Drita e integruar\" class=\"wp-image-973\"\/><figcaption class=\"wp-element-caption\">Drita e integruar<\/figcaption><\/figure>\n<\/div>\n\n\n\n<div class=\"wp-block-column is-layout-flow wp-block-column-is-layout-flow\"><\/div>\n\n\n\n<div class=\"wp-block-column is-layout-flow wp-block-column-is-layout-flow\"><\/div>\n<\/div>\n\n\n\n<div class=\"wp-block-buttons is-horizontal is-content-justification-center is-layout-flex wp-container-core-buttons-is-layout-03627597 wp-block-buttons-is-layout-flex\">\n<div class=\"wp-block-button has-custom-width wp-block-button__width-100\"><a class=\"wp-block-button__link wp-element-button\" href=\"https:\/\/obera.fr\/sq\/na-kontaktoni\/\">M\u00ebsoni m\u00eb shum\u00eb<\/a><\/div>\n<\/div>\n\n\n\n<hr class=\"wp-block-separator has-css-opacity is-style-dots\"\/>\n\n\n\n<h2 class=\"wp-block-heading\">Produkte t\u00eb tjera n\u00eb gam\u00ebn e tubacioneve industriale<\/h2>\n\n\n\n<div class=\"wp-block-columns is-layout-flex wp-container-core-columns-is-layout-28f84493 wp-block-columns-is-layout-flex\">\n<div class=\"wp-block-column is-layout-flow wp-block-column-is-layout-flow\">\n<figure class=\"wp-block-image aligncenter size-thumbnail\"><a href=\"https:\/\/obera.fr\/produits\/tuyauteries-industrielles\/gaines-lisses-acier\/\"><img decoding=\"async\" width=\"150\" height=\"150\" src=\"https:\/\/obera.fr\/wp-content\/uploads\/2020\/11\/Gaines-lisses-150x150.jpg\" alt=\"Mbulesa t\u00eb l\u00ebmuara\" class=\"wp-image-1735\" srcset=\"https:\/\/obera.fr\/wp-content\/uploads\/2020\/11\/Gaines-lisses-150x150.jpg 150w, https:\/\/obera.fr\/wp-content\/uploads\/2020\/11\/Gaines-lisses-300x300.jpg 300w, https:\/\/obera.fr\/wp-content\/uploads\/2020\/11\/Gaines-lisses.jpg 433w\" sizes=\"(max-width: 150px) 100vw, 150px\" \/><\/a><figcaption class=\"wp-element-caption\">Mbulesa t\u00eb l\u00ebmuara<\/figcaption><\/figure>\n<\/div>\n\n\n\n<div class=\"wp-block-column is-layout-flow wp-block-column-is-layout-flow\">\n<figure class=\"wp-block-image aligncenter size-thumbnail\"><a href=\"https:\/\/obera.fr\/produits\/tuyauteries-industrielles\/basse-moyenne-haute-pression\/\"><img decoding=\"async\" width=\"150\" height=\"150\" src=\"https:\/\/obera.fr\/wp-content\/uploads\/2020\/11\/Tuyauterie-basse-moyenne-haute-pression-150x150.jpg\" alt=\"Tubacione me presion t\u00eb ul\u00ebt mesatar t\u00eb lart\u00eb\" class=\"wp-image-1734\"\/><\/a><figcaption class=\"wp-element-caption\">Tubacione me presion t\u00eb ul\u00ebt mesatar t\u00eb lart\u00eb<\/figcaption><\/figure>\n<\/div>\n<\/div>\n\n\n\n<p><\/p>\n","protected":false},"excerpt":{"rendered":"<p>Sistemet e tubacioneve b\u00ebjn\u00eb t\u00eb mundur kapjen e emetimeve t\u00eb pluhurit dhe tymit n\u00eb burim dhe d\u00ebrgimin e tyre n\u00eb sistemet e grumbullimit dhe filtrimit t\u00eb pluhurit duke respektuar parimet themelore t\u00eb aeraulik\u00ebs. OberA ka nj\u00eb gam\u00eb t\u00eb gjer\u00eb kanalesh spirale t\u00eb q\u00ebndrueshme dhe me cil\u00ebsi t\u00eb lart\u00eb p\u00ebr t&#8217;u p\u00ebrshtatur me sakt\u00ebsi dhe fleksibilitet me nevojat tuaja specifike t\u00eb thithjes. P\u00ebr t\u00eb marr\u00eb fuqin\u00eb maksimale t\u00eb thithjes dhe p\u00ebr t\u00eb optimizuar kostot e energjis\u00eb, \u00ebsht\u00eb thelb\u00ebsore q\u00eb t\u00eb p\u00ebrmasat e sakta t\u00eb rrjetit t\u00eb tubacioneve. P\u00ebrpar\u00ebsit\u00eb e mb\u00ebshtjell\u00ebsit spirale P\u00ebrfitimet Karakteristika t\u00eb ve\u00e7anta Ve\u00e7orit\u00eb Aplikacionet Ndot\u00ebsit Industrit\u00eb Fakultative Produkte &#8230; <\/p>\n<p class=\"read-more-container\"><a title=\"Mbulesa spirale\" class=\"read-more button\" href=\"https:\/\/obera.fr\/sq\/produits\/tuyauteries-industrielles\/gaines-spiralees\/#more-48888\" aria-label=\"Read more about Mbulesa spirale\">Lire la suite<\/a><\/p>\n","protected":false},"author":4,"featured_media":83732,"parent":48715,"menu_order":0,"comment_status":"closed","ping_status":"closed","template":"","meta":{"_acf_changed":false,"_seopress_robots_primary_cat":"","_seopress_titles_title":"Sistemet e tubacioneve: gypa spirale oberA","_seopress_titles_desc":"OBERA ka nj\u00eb gam\u00eb t\u00eb gjer\u00eb kanalesh spirale t\u00eb q\u00ebndrueshme dhe me cil\u00ebsi t\u00eb lart\u00eb p\u00ebr t'iu p\u00ebrshtatur nevojave tuaja specifike t\u00eb thithjes.","_seopress_robots_index":"","footnotes":""},"class_list":{"0":"post-48888","1":"page","2":"type-page","3":"status-publish","4":"has-post-thumbnail","6":"no-featured-image-padding","7":"resize-featured-image"},"acf":[],"_links":{"self":[{"href":"https:\/\/obera.fr\/sq\/wp-json\/wp\/v2\/pages\/48888","targetHints":{"allow":["GET"]}}],"collection":[{"href":"https:\/\/obera.fr\/sq\/wp-json\/wp\/v2\/pages"}],"about":[{"href":"https:\/\/obera.fr\/sq\/wp-json\/wp\/v2\/types\/page"}],"author":[{"embeddable":true,"href":"https:\/\/obera.fr\/sq\/wp-json\/wp\/v2\/users\/4"}],"replies":[{"embeddable":true,"href":"https:\/\/obera.fr\/sq\/wp-json\/wp\/v2\/comments?post=48888"}],"version-history":[{"count":6,"href":"https:\/\/obera.fr\/sq\/wp-json\/wp\/v2\/pages\/48888\/revisions"}],"predecessor-version":[{"id":108155,"href":"https:\/\/obera.fr\/sq\/wp-json\/wp\/v2\/pages\/48888\/revisions\/108155"}],"up":[{"embeddable":true,"href":"https:\/\/obera.fr\/sq\/wp-json\/wp\/v2\/pages\/48715"}],"wp:featuredmedia":[{"embeddable":true,"href":"https:\/\/obera.fr\/sq\/wp-json\/wp\/v2\/media\/83732"}],"wp:attachment":[{"href":"https:\/\/obera.fr\/sq\/wp-json\/wp\/v2\/media?parent=48888"}],"curies":[{"name":"wp","href":"https:\/\/api.w.org\/{rel}","templated":true}]}}