{"id":54733,"date":"2022-01-20T11:56:45","date_gmt":"2022-01-20T09:56:45","guid":{"rendered":"https:\/\/obera.fr\/ata-flasin-per-ne\/"},"modified":"2025-07-15T15:59:14","modified_gmt":"2025-07-15T13:59:14","slug":"ils-parlent-de-nous-presse-media","status":"publish","type":"page","link":"https:\/\/obera.fr\/sq\/ils-parlent-de-nous-presse-media\/","title":{"rendered":"Ata flasin p\u00ebr ne"},"content":{"rendered":"\n<h2 class=\"wp-block-heading\" id=\"les-reportages-tv-d-obera-dans-la-presse-et-media-traditionnels\">Raportet televizive t\u00eb OberA n\u00eb shtyp dhe media tradicionale<\/h2>\n\n<p>T\u00eb p\u00ebrballur me nj\u00eb rritje t\u00eb k\u00ebrkesave p\u00ebr produkte anti-covid dhe ekspertiz\u00ebn ton\u00eb t\u00eb madhe, kanalet e lajmeve shkuan n\u00eb OberA p\u00ebr t\u00eb nxjerr\u00eb n\u00eb pah produktet tona dhe efektivitetin ton\u00eb n\u00eb zgjidhjen e \u00e7\u00ebshtjeve q\u00eb lidhen me Covid-in.<\/p>\n\n<p><\/p>\n\n<div class=\"wp-block-columns is-layout-flex wp-container-core-columns-is-layout-28f84493 wp-block-columns-is-layout-flex\">\n<div class=\"wp-block-column is-layout-flow wp-block-column-is-layout-flow\">\n<h3 class=\"wp-block-heading has-text-align-center\"><strong>Franc\u00eb 3<\/strong><\/h3>\n\n\n\n<figure class=\"wp-block-image aligncenter size-full is-resized\"><img decoding=\"async\" width=\"512\" height=\"512\" src=\"https:\/\/obera.fr\/wp-content\/uploads\/2022\/01\/logo-france3-region.jpeg\" alt=\"logo france3 rajon\" class=\"wp-image-8392\" style=\"width:167px;height:auto\" srcset=\"https:\/\/obera.fr\/wp-content\/uploads\/2022\/01\/logo-france3-region.jpeg 512w, https:\/\/obera.fr\/wp-content\/uploads\/2022\/01\/logo-france3-region-300x300.jpeg 300w, https:\/\/obera.fr\/wp-content\/uploads\/2022\/01\/logo-france3-region-150x150.jpeg 150w\" sizes=\"(max-width: 512px) 100vw, 512px\" \/><\/figure>\n\n\n\n<p>France <strong>3<\/strong> vizitoi ambientet tona n\u00eb Illkirch p\u00ebr t\u00eb kuptuar m\u00eb mir\u00eb dizajnin dhe funksionalitetin e ftoh\u00ebsve tan\u00eb t\u00eb ajrit. U xhirua nj\u00eb raport p\u00ebr t\u00eb shfaqur njohurit\u00eb dhe ekspertiz\u00ebn ton\u00eb n\u00eb k\u00ebt\u00eb fush\u00eb. Lidhja p\u00ebr raportin \u00ebsht\u00eb m\u00eb posht\u00eb, duke ofruar nj\u00eb dukshm\u00ebri t\u00eb shk\u00eblqyer p\u00ebr pun\u00ebn ton\u00eb.  <\/p>\n\n\n\n<div class=\"wp-block-buttons alignwide is-content-justification-center is-layout-flex wp-container-core-buttons-is-layout-a89b3969 wp-block-buttons-is-layout-flex\">\n<div class=\"wp-block-button\"><a class=\"wp-block-button__link wp-element-button\" href=\"https:\/\/youtu.be\/a_F7Q_yOUDA?si=ZykL6tahVnwX5cXB\">Shikoni raportin video<\/a><\/div>\n<\/div>\n<\/div>\n\n\n\n<div class=\"wp-block-column is-layout-flow wp-block-column-is-layout-flow\">\n<h3 class=\"wp-block-heading has-text-align-center\"><strong>BFM Alsace<\/strong><\/h3>\n\n\n\n<p><\/p>\n\n\n\n<figure class=\"wp-block-image aligncenter size-full is-resized\"><img decoding=\"async\" width=\"200\" height=\"200\" src=\"https:\/\/obera.fr\/wp-content\/uploads\/2023\/01\/bfm-alsace.svg_-1.png\" alt=\"bfm alsace.svg 1\" class=\"wp-image-18337\" style=\"width:142px;height:auto\" srcset=\"https:\/\/obera.fr\/wp-content\/uploads\/2023\/01\/bfm-alsace.svg_-1.png 200w, https:\/\/obera.fr\/wp-content\/uploads\/2023\/01\/bfm-alsace.svg_-1-150x150.png 150w\" sizes=\"(max-width: 200px) 100vw, 200px\" \/><\/figure>\n\n\n\n<p><\/p>\n\n\n\n<p>Kanali i lajmeve <strong>BFM Alsace<\/strong> nd\u00ebrhyri n\u00ebp\u00ebrmjet CCI p\u00ebr t\u00eb zhvilluar nj\u00eb intervist\u00eb mbi kompanin\u00eb ton\u00eb me q\u00ebllim promovimin e aktor\u00ebve t\u00eb industris\u00eb n\u00eb Alsace. Zbuloni objektivat tona dhe thelbin e biznesit ton\u00eb. Aktualisht n\u00eb dispozicion drejtp\u00ebrdrejt n\u00eb kanalin BFM Alsace.<\/p>\n\n\n\n<div class=\"wp-block-buttons alignwide is-content-justification-center is-layout-flex wp-container-core-buttons-is-layout-a89b3969 wp-block-buttons-is-layout-flex\">\n<div class=\"wp-block-button\"><a class=\"wp-block-button__link wp-element-button\" href=\"https:\/\/obera.fr\/conseils\/obera-se-devoile-sur-bfm-alsace\/\">Shikoni raportin video<\/a><\/div>\n<\/div>\n<\/div>\n\n\n\n<div class=\"wp-block-column is-layout-flow wp-block-column-is-layout-flow\">\n<h3 class=\"wp-block-heading has-text-align-center\"><strong>TF1<\/strong><\/h3>\n\n\n\n<figure class=\"wp-block-image aligncenter size-large is-resized\"><img decoding=\"async\" width=\"1024\" height=\"576\" src=\"https:\/\/obera.fr\/wp-content\/uploads\/2022\/01\/LOGO-TF1-1024x576.jpg\" alt=\"logo tf1\" class=\"wp-image-8389\" style=\"width:281px;height:auto\" srcset=\"https:\/\/obera.fr\/wp-content\/uploads\/2022\/01\/LOGO-TF1-1024x576.jpg 1024w, https:\/\/obera.fr\/wp-content\/uploads\/2022\/01\/LOGO-TF1-300x169.jpg 300w, https:\/\/obera.fr\/wp-content\/uploads\/2022\/01\/LOGO-TF1-768x432.jpg 768w, https:\/\/obera.fr\/wp-content\/uploads\/2022\/01\/LOGO-TF1-1536x864.jpg 1536w, https:\/\/obera.fr\/wp-content\/uploads\/2022\/01\/LOGO-TF1.jpg 1920w\" sizes=\"(max-width: 1024px) 100vw, 1024px\" \/><\/figure>\n\n\n\n<p><strong>TF1<\/strong> vizitoi ambientet tona p\u00ebr t\u00eb kuptuar m\u00eb mir\u00eb dizajnin dhe dobin\u00eb e sensor\u00ebve t\u00eb CO2 dhe pastruesve t\u00eb ajrit n\u00eb luft\u00ebn kund\u00ebr Covid-19. Nj\u00eb reportazh i filmuar \u00ebsht\u00eb b\u00ebr\u00eb p\u00ebr botim n\u00eb gazet\u00ebn 18.01.2022. <\/p>\n\n\n\n<div class=\"wp-block-buttons is-horizontal is-content-justification-center is-layout-flex wp-container-core-buttons-is-layout-03627597 wp-block-buttons-is-layout-flex\">\n<div class=\"wp-block-button\"><a class=\"wp-block-button__link wp-element-button\" href=\"https:\/\/www.tf1info.fr\/societe\/video-purificateurs-d-air-les-usines-francaises-a-plein-regime-2207515.html\" target=\"_blank\" rel=\"noreferrer noopener\">Shikoni intervist\u00ebn n\u00eb MYtf1.FR<\/a><\/div>\n<\/div>\n<\/div>\n<\/div>\n\n<div class=\"wp-block-columns is-layout-flex wp-container-core-columns-is-layout-28f84493 wp-block-columns-is-layout-flex\">\n<div class=\"wp-block-column is-layout-flow wp-block-column-is-layout-flow\">\n<p><\/p>\n\n\n\n<h3 class=\"wp-block-heading has-text-align-center\"><strong><strong>20 MINUTA<\/strong><\/strong><\/h3>\n\n\n\n<p><\/p>\n\n\n\n<figure class=\"wp-block-image aligncenter size-full is-resized\"><img decoding=\"async\" width=\"640\" height=\"640\" src=\"https:\/\/obera.fr\/wp-content\/uploads\/2022\/02\/20_Minutes_logo.png\" alt=\"Logoja 20 minuta\" class=\"wp-image-8975\" style=\"width:209px;height:auto\" srcset=\"https:\/\/obera.fr\/wp-content\/uploads\/2022\/02\/20_Minutes_logo.png 640w, https:\/\/obera.fr\/wp-content\/uploads\/2022\/02\/20_Minutes_logo-300x300.png 300w, https:\/\/obera.fr\/wp-content\/uploads\/2022\/02\/20_Minutes_logo-150x150.png 150w\" sizes=\"(max-width: 640px) 100vw, 640px\" \/><\/figure>\n\n\n\n<p><\/p>\n\n\n\n<p>Gazeta <strong>20 Minutes<\/strong> theksoi rritjen e OberA gjat\u00eb pandemis\u00eb COVID-19, duke p\u00ebrmendur k\u00ebrkes\u00ebn e fort\u00eb t\u00eb tregut p\u00ebr sensor\u00eb CO2 dhe pastrues ajri anti-COVID. Nj\u00eb intervist\u00eb e shkruar nga Luc Sorgius, botuar m\u00eb 5 shkurt 2022.<\/p>\n\n\n\n<div class=\"wp-block-buttons is-content-justification-center is-layout-flex wp-container-core-buttons-is-layout-a89b3969 wp-block-buttons-is-layout-flex\">\n<div class=\"wp-block-button\"><a class=\"wp-block-button__link wp-element-button\" href=\"https:\/\/www.20minutes.fr\/economie\/3227303-20220201-coronavirus-alsace-fabricant-capteurs-co2-multiplie-production-huit\">Shihni artikullin n\u00eb 20 minuta<\/a><\/div>\n<\/div>\n<\/div>\n\n\n\n<div class=\"wp-block-column is-layout-flow wp-block-column-is-layout-flow\">\n<p><\/p>\n\n\n\n<h3 class=\"wp-block-heading has-text-align-center\"><strong>FRANC\u00cb 3<\/strong><\/h3>\n\n\n\n<figure class=\"wp-block-image aligncenter size-full is-resized\"><img decoding=\"async\" width=\"512\" height=\"512\" src=\"https:\/\/obera.fr\/wp-content\/uploads\/2022\/01\/logo-france3-region.jpeg\" alt=\"logo france3 rajon\" class=\"wp-image-8392\" style=\"width:229px;height:auto\" srcset=\"https:\/\/obera.fr\/wp-content\/uploads\/2022\/01\/logo-france3-region.jpeg 512w, https:\/\/obera.fr\/wp-content\/uploads\/2022\/01\/logo-france3-region-300x300.jpeg 300w, https:\/\/obera.fr\/wp-content\/uploads\/2022\/01\/logo-france3-region-150x150.jpeg 150w\" sizes=\"(max-width: 512px) 100vw, 512px\" \/><\/figure>\n\n\n\n<p>Rajonet <strong>France 3<\/strong> erdh\u00ebn n\u00eb OberA p\u00ebr t\u00eb shkruar nj\u00eb artikull n\u00eb faqen e tyre t\u00eb internetit n\u00eb lidhje me sensor\u00ebt tan\u00eb t\u00eb CO2 dhe pastruesit e ajrit anti-covid. Si funksionojn\u00eb ato? Dhe cili \u00ebsht\u00eb p\u00ebrdorimi i k\u00ebtyre p\u00ebrball\u00eb Covid-19? T\u00eb gjitha p\u00ebrgjigjet do t&#8217;i keni n\u00eb k\u00ebt\u00eb artikull t\u00eb shkruar nga Catherine Munsch.   <\/p>\n\n\n\n<div class=\"wp-block-columns is-layout-flex wp-container-core-columns-is-layout-28f84493 wp-block-columns-is-layout-flex\">\n<div class=\"wp-block-column is-layout-flow wp-block-column-is-layout-flow\">\n<div class=\"wp-block-buttons is-layout-flex wp-block-buttons-is-layout-flex\">\n<div class=\"wp-block-button\"><a class=\"wp-block-button__link wp-element-button\" href=\"https:\/\/france3-regions.francetvinfo.fr\/grand-est\/alsace\/covid-19-un-fabricant-alsacien-de-capteurs-de-co2-multiplie-sa-production-par-huit-2411887.html\">Lexoni artikullin mbi France 3<\/a><\/div>\n<\/div>\n<\/div>\n\n\n\n<div class=\"wp-block-column is-layout-flow wp-block-column-is-layout-flow\">\n<div class=\"wp-block-buttons is-layout-flex wp-block-buttons-is-layout-flex\">\n<div class=\"wp-block-button\"><a class=\"wp-block-button__link wp-element-button\" href=\"https:\/\/www.youtube.com\/watch?v=KicoN9pj0d0\">Shikoni raportin video<\/a><\/div>\n<\/div>\n<\/div>\n<\/div>\n<\/div>\n\n\n\n<div class=\"wp-block-column is-layout-flow wp-block-column-is-layout-flow\">\n<h3 class=\"wp-block-heading has-text-align-center\"><\/h3>\n\n\n\n<p><\/p>\n\n\n\n<p><\/p>\n<\/div>\n<\/div>\n\n<h3 class=\"wp-block-heading\" id=\"tf1\"><\/h3>\n\n<h2 class=\"wp-block-heading\" id=\"les-apparitions-d-obera-en-radio\"><meta charset=\"utf-8\"\/>Paraqitjet n\u00eb radio t\u00eb OberA<\/h2>\n\n<div class=\"wp-block-columns is-layout-flex wp-container-core-columns-is-layout-28f84493 wp-block-columns-is-layout-flex\">\n<div class=\"wp-block-column is-layout-flow wp-block-column-is-layout-flow\">\n<h3 class=\"wp-block-heading has-text-align-center\"><strong>EVROPA 1<\/strong><\/h3>\n\n\n\n<figure class=\"wp-block-image aligncenter size-full\"><img decoding=\"async\" width=\"640\" height=\"323\" src=\"https:\/\/obera.fr\/wp-content\/uploads\/2022\/01\/Logo_Europe1.png\" alt=\"logo europe1\" class=\"wp-image-8398\" srcset=\"https:\/\/obera.fr\/wp-content\/uploads\/2022\/01\/Logo_Europe1.png 640w, https:\/\/obera.fr\/wp-content\/uploads\/2022\/01\/Logo_Europe1-300x151.png 300w\" sizes=\"(max-width: 640px) 100vw, 640px\" \/><\/figure>\n\n\n\n<p><strong>Europe 1<\/strong> realizoi nj\u00eb <a href=\"https:\/\/obera.fr\/sq\/keshilla-jone-sq\/europe-1-capteur-co2-obcare\/\" data-type=\"post\" data-id=\"8353\">raport radiofonik<\/a> si dhe nj\u00eb artikull n\u00eb faqen e tyre t\u00eb internetit p\u00ebr t\u00eb folur p\u00ebr rritjen e k\u00ebrkes\u00ebs p\u00ebr sensor\u00eb CO2 p\u00ebr Arsimin Komb\u00ebtar. Nj\u00eb k\u00ebrkes\u00eb q\u00eb sa vjen e shtohet p\u00ebr mir\u00ebqenien e f\u00ebmij\u00ebve tan\u00eb dhe stafit pedagogjik. <\/p>\n\n\n\n<div class=\"wp-block-buttons is-horizontal is-content-justification-center is-layout-flex wp-container-core-buttons-is-layout-03627597 wp-block-buttons-is-layout-flex\">\n<div class=\"wp-block-button\"><a class=\"wp-block-button__link wp-element-button\" href=\"https:\/\/www.europe1.fr\/societe\/covid-19-pres-de-strasbourg-le-succes-dun-fabriquant-de-capteurs-de-co2-4087565\" target=\"_blank\" rel=\"noreferrer noopener\">Shikoni dhe d\u00ebgjoni artikullin mbi Evrop\u00ebn 1<\/a><\/div>\n<\/div>\n\n\n\n<p><\/p>\n<\/div>\n\n\n\n<div class=\"wp-block-column is-layout-flow wp-block-column-is-layout-flow\">\n<h3 class=\"wp-block-heading has-text-align-center\"><strong>FRANCE BLU<\/strong><\/h3>\n\n\n\n<figure class=\"wp-block-image aligncenter size-large is-resized\"><img decoding=\"async\" width=\"1024\" height=\"1024\" src=\"https:\/\/obera.fr\/wp-content\/uploads\/2022\/01\/France_Bleu_logo-1024x1024.png\" alt=\"logoja blu e Franc&#xEB;s\" class=\"wp-image-8395\" style=\"width:249px;height:auto\" srcset=\"https:\/\/obera.fr\/wp-content\/uploads\/2022\/01\/France_Bleu_logo-1024x1024.png 1024w, https:\/\/obera.fr\/wp-content\/uploads\/2022\/01\/France_Bleu_logo-300x300.png 300w, https:\/\/obera.fr\/wp-content\/uploads\/2022\/01\/France_Bleu_logo-150x150.png 150w, https:\/\/obera.fr\/wp-content\/uploads\/2022\/01\/France_Bleu_logo-768x768.png 768w, https:\/\/obera.fr\/wp-content\/uploads\/2022\/01\/France_Bleu_logo.png 1200w\" sizes=\"(max-width: 1024px) 100vw, 1024px\" \/><\/figure>\n\n\n\n<p><strong>France Bleu<\/strong> prodhoi nj\u00eb raport radiofonik i ndjekur nga nj\u00eb artikull n\u00eb lidhje me sensor\u00ebt tan\u00eb t\u00eb CO2 dhe pastruesit e ajrit kund\u00ebr Covid. Kuptoni evolucionin e OberA dhe \u00e7far\u00eb na shtyu t\u00eb krijojm\u00eb nj\u00eb qend\u00ebr t\u00eb dedikuar p\u00ebr trajtimin e Covid-19.   <\/p>\n\n\n\n<div class=\"wp-block-buttons is-horizontal is-content-justification-center is-layout-flex wp-container-core-buttons-is-layout-03627597 wp-block-buttons-is-layout-flex\">\n<div class=\"wp-block-button\"><a class=\"wp-block-button__link wp-element-button\" href=\"https:\/\/www.francebleu.fr\/emissions\/la-nouvelle-eco-en-alsace\/alsace\/la-nouvelle-eco-la-ruee-sur-les-capteurs-de-co2-de-la-societe-obera-a-geispolsheim\" target=\"_blank\" rel=\"noreferrer noopener\">Shikoni dhe d\u00ebgjoni artikullin mbi France Bleu<\/a><\/div>\n<\/div>\n<\/div>\n\n\n\n<div class=\"wp-block-column is-layout-flow wp-block-column-is-layout-flow\">\n<h3 class=\"wp-block-heading has-text-align-center\"><strong>RADIO E KRISHTER\u00cb FRANCE<\/strong><\/h3>\n\n\n\n<figure class=\"wp-block-image aligncenter size-full is-resized\"><img decoding=\"async\" width=\"300\" height=\"200\" src=\"https:\/\/obera.fr\/wp-content\/uploads\/2022\/01\/RCF-logo.png\" alt=\"logo rcf\" class=\"wp-image-8400\" style=\"width:366px;height:auto\"\/><\/figure>\n\n\n\n<p><strong>Radio Chr\u00e9tienne France<\/strong> prezanton OberA n\u00eb artikullin e tij p\u00ebr t\u00eb trajtuar tem\u00ebn e sensor\u00ebve t\u00eb CO2. Zbuloni m\u00eb shum\u00eb rreth sensor\u00ebve tan\u00eb t\u00eb CO2, si dhe kursit OberA.   <\/p>\n\n\n\n<div class=\"wp-block-buttons is-horizontal is-content-justification-center is-layout-flex wp-container-core-buttons-is-layout-03627597 wp-block-buttons-is-layout-flex\">\n<div class=\"wp-block-button\"><a class=\"wp-block-button__link wp-element-button\" href=\"https:\/\/www.rcf.fr\/articles\/actualite\/a-geispolsheim-la-societe-obera-produit-plus-de-capteurs-de-co2-que-jamais\" target=\"_blank\" rel=\"noreferrer noopener\">Shih artikullin n\u00eb radion e krishter\u00eb France<\/a><\/div>\n<\/div>\n<\/div>\n<\/div>\n\n<h3 class=\"wp-block-heading\" id=\"europe-1\"><\/h3>\n\n<p><\/p>\n\n<h4 class=\"wp-block-heading\" id=\"france-bleu\"><strong>Gjithashtu mund t\u00eb gjeni artikujt dhe k\u00ebshillat tona n\u00eb <a href=\"https:\/\/obera.fr\/sq\/keshilla-jone-sq\/\" data-type=\"URL\" data-id=\"https:\/\/obera.fr\/conseils\/\">blogun<\/a> ton\u00eb.<\/strong><\/h4>\n\n<p><\/p>\n","protected":false},"excerpt":{"rendered":"<p>Raportet televizive t\u00eb OberA n\u00eb shtyp dhe media tradicionale T\u00eb p\u00ebrballur me nj\u00eb rritje t\u00eb k\u00ebrkesave p\u00ebr produkte anti-covid dhe ekspertiz\u00ebn ton\u00eb t\u00eb madhe, kanalet e lajmeve shkuan n\u00eb OberA p\u00ebr t\u00eb nxjerr\u00eb n\u00eb pah produktet tona dhe efektivitetin ton\u00eb n\u00eb zgjidhjen e \u00e7\u00ebshtjeve q\u00eb lidhen me Covid-in. Franc\u00eb 3 France 3 vizitoi ambientet tona n\u00eb Illkirch p\u00ebr t\u00eb kuptuar m\u00eb mir\u00eb dizajnin dhe funksionalitetin e ftoh\u00ebsve tan\u00eb t\u00eb ajrit. U xhirua nj\u00eb raport p\u00ebr t\u00eb shfaqur njohurit\u00eb dhe ekspertiz\u00ebn ton\u00eb n\u00eb k\u00ebt\u00eb fush\u00eb. Lidhja p\u00ebr raportin \u00ebsht\u00eb m\u00eb posht\u00eb, duke ofruar nj\u00eb dukshm\u00ebri t\u00eb shk\u00eblqyer p\u00ebr pun\u00ebn ton\u00eb. BFM &#8230; <\/p>\n<p class=\"read-more-container\"><a title=\"Ata flasin p\u00ebr ne\" class=\"read-more button\" href=\"https:\/\/obera.fr\/sq\/ils-parlent-de-nous-presse-media\/#more-54733\" aria-label=\"Read more about Ata flasin p\u00ebr ne\">Lire la suite<\/a><\/p>\n","protected":false},"author":4,"featured_media":83732,"parent":0,"menu_order":0,"comment_status":"closed","ping_status":"closed","template":"","meta":{"_acf_changed":false,"_seopress_robots_primary_cat":"","_seopress_titles_title":"Shtypi dhe mediat radio\/TV q\u00eb flasin p\u00ebr ne: oberA","_seopress_titles_desc":"Me ekspertiz\u00ebn ton\u00eb t\u00eb madhe, ve\u00e7an\u00ebrisht me produktet tona anti-covid, kanalet e lajmeve kan\u00eb theksuar oberA: zbuloni t\u00eb gjitha k\u00ebto raporte n\u00eb radio dhe TV","_seopress_robots_index":"","footnotes":""},"class_list":{"0":"post-54733","1":"page","2":"type-page","3":"status-publish","4":"has-post-thumbnail","6":"no-featured-image-padding","7":"resize-featured-image"},"acf":[],"_links":{"self":[{"href":"https:\/\/obera.fr\/sq\/wp-json\/wp\/v2\/pages\/54733","targetHints":{"allow":["GET"]}}],"collection":[{"href":"https:\/\/obera.fr\/sq\/wp-json\/wp\/v2\/pages"}],"about":[{"href":"https:\/\/obera.fr\/sq\/wp-json\/wp\/v2\/types\/page"}],"author":[{"embeddable":true,"href":"https:\/\/obera.fr\/sq\/wp-json\/wp\/v2\/users\/4"}],"replies":[{"embeddable":true,"href":"https:\/\/obera.fr\/sq\/wp-json\/wp\/v2\/comments?post=54733"}],"version-history":[{"count":9,"href":"https:\/\/obera.fr\/sq\/wp-json\/wp\/v2\/pages\/54733\/revisions"}],"predecessor-version":[{"id":122493,"href":"https:\/\/obera.fr\/sq\/wp-json\/wp\/v2\/pages\/54733\/revisions\/122493"}],"wp:featuredmedia":[{"embeddable":true,"href":"https:\/\/obera.fr\/sq\/wp-json\/wp\/v2\/media\/83732"}],"wp:attachment":[{"href":"https:\/\/obera.fr\/sq\/wp-json\/wp\/v2\/media?parent=54733"}],"curies":[{"name":"wp","href":"https:\/\/api.w.org\/{rel}","templated":true}]}}