{"id":62084,"date":"2021-07-23T14:22:11","date_gmt":"2021-07-23T12:22:11","guid":{"rendered":"https:\/\/obera.fr\/achat-merci\/"},"modified":"2025-02-17T11:39:00","modified_gmt":"2025-02-17T09:39:00","slug":"achat-merci","status":"publish","type":"page","link":"https:\/\/obera.fr\/sq\/achat-merci\/","title":{"rendered":"Faleminderit p\u00ebr porosin\u00eb tuaj n\u00eb obera.fr"},"content":{"rendered":"\n<p>Nd\u00ebrsa prisni t\u00eb merrni porosin\u00eb tuaj, mund t\u00eb lexoni artikujt m\u00eb t\u00eb fundit t\u00eb blogut<\/p>\n<ul class=\"wp-block-latest-posts__list is-grid columns-2 wp-block-latest-posts\"><li><a class=\"wp-block-latest-posts__post-title\" href=\"https:\/\/obera.fr\/sq\/shtyp\/a-marrin-fryme-shendetshem-francezet-ne-vendin-e-tyre-te-punes-gjate-dimrit\/\">A marrin frym\u00eb sh\u00ebndetsh\u00ebm francez\u00ebt n\u00eb vendin e tyre t\u00eb pun\u00ebs gjat\u00eb dimrit?<\/a><div class=\"wp-block-latest-posts__post-excerpt\">OberA zbulon rezultatet e nj\u00eb anketimi t\u00eb ri* t\u00eb kryer me 4.102 persona q\u00eb nxjerr n\u00eb pah nj\u00eb mosp\u00ebrputhje t\u00eb vazhdueshme midis rehatis\u00eb termike dhe cil\u00ebsis\u00eb s\u00eb ajrit n\u00eb pun\u00eb: temperatura ideale shum\u00eb t\u00eb diskutuara, ajrosje dim\u00ebrore e rrall\u00eb, munges\u00eb e pajisjeve p\u00ebr pastrimin e ajrit, lag\u00ebshti pak e kontrolluar dhe &#8230; <p class=\"read-more-container\"><a title=\"A marrin frym\u00eb sh\u00ebndetsh\u00ebm francez\u00ebt n\u00eb vendin e tyre t\u00eb pun\u00ebs gjat\u00eb dimrit?\" class=\"read-more button\" href=\"https:\/\/obera.fr\/sq\/shtyp\/a-marrin-fryme-shendetshem-francezet-ne-vendin-e-tyre-te-punes-gjate-dimrit\/#more-145845\" aria-label=\"Read more about A marrin frym\u00eb sh\u00ebndetsh\u00ebm francez\u00ebt n\u00eb vendin e tyre t\u00eb pun\u00ebs gjat\u00eb dimrit?\">Lire la suite<\/a><\/p><\/div><\/li>\n<li><a class=\"wp-block-latest-posts__post-title\" href=\"https:\/\/obera.fr\/sq\/presse\/89-e-francezeve-e-nenvleresojne-ndotjen-e-ajrit-ne-vendin-e-tyre-te-punes\/\">89% e francez\u00ebve e n\u00ebnvler\u00ebsojn\u00eb ndotjen e ajrit n\u00eb vendin e tyre t\u00eb pun\u00ebs<\/a><div class=\"wp-block-latest-posts__post-excerpt\"><\/div><\/li>\n<li><div class=\"wp-block-latest-posts__featured-image aligncenter\"><a href=\"https:\/\/obera.fr\/sq\/keshilla-jone-sq\/matja-e-cilesise-se-ajrit-te-brendshem-interesi-dhe-parimi\/\" aria-label=\"Matja e cil\u00ebsis\u00eb s\u00eb ajrit t\u00eb brendsh\u00ebm: interesi dhe parimi\"><img decoding=\"async\" width=\"1024\" height=\"181\" src=\"https:\/\/obera.fr\/wp-content\/uploads\/2022\/10\/banniere-obera-1024x181.png\" class=\"attachment-large size-large wp-post-image\" alt=\"banni\u00e8re obera protection pr\u00e9-s\u00e9parateur\" style=\"max-width:500px;\" srcset=\"https:\/\/obera.fr\/wp-content\/uploads\/2022\/10\/banniere-obera-1024x181.png 1024w, https:\/\/obera.fr\/wp-content\/uploads\/2022\/10\/banniere-obera-300x53.png 300w, https:\/\/obera.fr\/wp-content\/uploads\/2022\/10\/banniere-obera-768x136.png 768w, https:\/\/obera.fr\/wp-content\/uploads\/2022\/10\/banniere-obera-1536x272.png 1536w, https:\/\/obera.fr\/wp-content\/uploads\/2022\/10\/banniere-obera.png 1980w\" sizes=\"(max-width: 1024px) 100vw, 1024px\" \/><\/a><\/div><a class=\"wp-block-latest-posts__post-title\" href=\"https:\/\/obera.fr\/sq\/keshilla-jone-sq\/matja-e-cilesise-se-ajrit-te-brendshem-interesi-dhe-parimi\/\">Matja e cil\u00ebsis\u00eb s\u00eb ajrit t\u00eb brendsh\u00ebm: interesi dhe parimi<\/a><div class=\"wp-block-latest-posts__post-excerpt\">Sipas t\u00eb dh\u00ebnave t\u00eb OBSH-s\u00eb, Franca regjistron rreth 50.000 vdekje n\u00eb vit t\u00eb lidhura me ndotjen e ajrit, q\u00eb \u00ebsht\u00eb 10 her\u00eb m\u00eb shum\u00eb se aksidentet rrugore! P\u00ebrve\u00e7 k\u00ebsaj, vler\u00ebsohet se ajri i brendsh\u00ebm i nj\u00eb banese ose i nj\u00eb ambienti profesional \u00ebsht\u00eb 5 deri n\u00eb 10 her\u00eb m\u00eb i ndotur se ai i mjedisit t\u00eb jasht\u00ebm.<\/div><\/li>\n<li><div class=\"wp-block-latest-posts__featured-image aligncenter\"><a href=\"https:\/\/obera.fr\/sq\/industria-farmaceutike\/industri-farmaceutike-kontrollimi-i-pluhurimit-dhe-ekspozimit-gjate-peshimit-dhe-transferimit-te-hpapi-ve\/\" aria-label=\"Industri farmaceutike: Kontrollimi i pluhurimit dhe ekspozimit gjat\u00eb peshimit dhe transferimit t\u00eb HPAPI-ve\"><img decoding=\"async\" width=\"1024\" height=\"181\" src=\"https:\/\/obera.fr\/wp-content\/uploads\/2025\/04\/banniere-obera-6-1-1024x181.png\" class=\"attachment-large size-large wp-post-image\" alt=\"baner obera (6)\" style=\"max-width:500px;\" srcset=\"https:\/\/obera.fr\/wp-content\/uploads\/2025\/04\/banniere-obera-6-1-1024x181.png 1024w, https:\/\/obera.fr\/wp-content\/uploads\/2025\/04\/banniere-obera-6-1-300x53.png 300w, https:\/\/obera.fr\/wp-content\/uploads\/2025\/04\/banniere-obera-6-1-768x136.png 768w, https:\/\/obera.fr\/wp-content\/uploads\/2025\/04\/banniere-obera-6-1-1536x272.png 1536w, https:\/\/obera.fr\/wp-content\/uploads\/2025\/04\/banniere-obera-6-1.png 1980w\" sizes=\"(max-width: 1024px) 100vw, 1024px\" \/><\/a><\/div><a class=\"wp-block-latest-posts__post-title\" href=\"https:\/\/obera.fr\/sq\/industria-farmaceutike\/industri-farmaceutike-kontrollimi-i-pluhurimit-dhe-ekspozimit-gjate-peshimit-dhe-transferimit-te-hpapi-ve\/\">Industri farmaceutike: Kontrollimi i pluhurimit dhe ekspozimit gjat\u00eb peshimit dhe transferimit t\u00eb HPAPI-ve<\/a><div class=\"wp-block-latest-posts__post-excerpt\">P\u00ebrhapja e HPAPI-ve (Highly Potent Active Pharmaceutical Ingredients \u2013 P\u00ebrb\u00ebr\u00ebs Farmaceutik\u00eb Aktiv\u00eb Shum\u00eb Potent\u00eb) transformon thell\u00ebsisht praktikat e prodhimit farmaceutik.<\/div><\/li>\n<li><div class=\"wp-block-latest-posts__featured-image aligncenter\"><a href=\"https:\/\/obera.fr\/sq\/sporti\/ftohje-e-levizshme-per-ngjarjet-sportive-zgjidhja-ic-e-obera-s-efikase-dhe-e-menjehershme\/\" aria-label=\"Ftohje e l\u00ebvizshme p\u00ebr ngjarjet sportive: zgjidhja IC e OberA-s, efikase dhe e menj\u00ebhershme\"><img decoding=\"async\" width=\"1024\" height=\"181\" src=\"https:\/\/obera.fr\/wp-content\/uploads\/2025\/04\/banniere-obera-6-1-1024x181.png\" class=\"attachment-large size-large wp-post-image\" alt=\"baner obera (6)\" style=\"max-width:500px;\" srcset=\"https:\/\/obera.fr\/wp-content\/uploads\/2025\/04\/banniere-obera-6-1-1024x181.png 1024w, https:\/\/obera.fr\/wp-content\/uploads\/2025\/04\/banniere-obera-6-1-300x53.png 300w, https:\/\/obera.fr\/wp-content\/uploads\/2025\/04\/banniere-obera-6-1-768x136.png 768w, https:\/\/obera.fr\/wp-content\/uploads\/2025\/04\/banniere-obera-6-1-1536x272.png 1536w, https:\/\/obera.fr\/wp-content\/uploads\/2025\/04\/banniere-obera-6-1.png 1980w\" sizes=\"(max-width: 1024px) 100vw, 1024px\" \/><\/a><\/div><a class=\"wp-block-latest-posts__post-title\" href=\"https:\/\/obera.fr\/sq\/sporti\/ftohje-e-levizshme-per-ngjarjet-sportive-zgjidhja-ic-e-obera-s-efikase-dhe-e-menjehershme\/\">Ftohje e l\u00ebvizshme p\u00ebr ngjarjet sportive: zgjidhja IC e OberA-s, efikase dhe e menj\u00ebhershme<\/a><div class=\"wp-block-latest-posts__post-excerpt\">Qoft\u00eb gara n\u00eb natyr\u00eb, turne n\u00eb ambiente t\u00eb mbyllura, struktura t\u00eb p\u00ebrkohshme apo manifestime n\u00eb shkall\u00eb t\u00eb gjer\u00eb, ngjarjet sportive jan\u00eb shum\u00eb t\u00eb ekspozuara ndaj ndryshimeve klimatike.<\/div><\/li>\n<li><div class=\"wp-block-latest-posts__featured-image aligncenter\"><a href=\"https:\/\/obera.fr\/sq\/shkollat-dhe-arsimi-i-larte\/freskim-natyral-dhe-i-sigurt-per-shkollat-dhe-hapesirat-pas-shkollore-zgjidhja-ic-e-obera-s\/\" aria-label=\"Freskim natyral dhe i sigurt p\u00ebr shkollat dhe hap\u00ebsirat pas-shkollore: zgjidhja IC e OberA-s\"><img decoding=\"async\" width=\"1024\" height=\"181\" src=\"https:\/\/obera.fr\/wp-content\/uploads\/2025\/04\/banniere-obera-6-1-1024x181.png\" class=\"attachment-large size-large wp-post-image\" alt=\"baner obera (6)\" style=\"max-width:500px;\" srcset=\"https:\/\/obera.fr\/wp-content\/uploads\/2025\/04\/banniere-obera-6-1-1024x181.png 1024w, https:\/\/obera.fr\/wp-content\/uploads\/2025\/04\/banniere-obera-6-1-300x53.png 300w, https:\/\/obera.fr\/wp-content\/uploads\/2025\/04\/banniere-obera-6-1-768x136.png 768w, https:\/\/obera.fr\/wp-content\/uploads\/2025\/04\/banniere-obera-6-1-1536x272.png 1536w, https:\/\/obera.fr\/wp-content\/uploads\/2025\/04\/banniere-obera-6-1.png 1980w\" sizes=\"(max-width: 1024px) 100vw, 1024px\" \/><\/a><\/div><a class=\"wp-block-latest-posts__post-title\" href=\"https:\/\/obera.fr\/sq\/shkollat-dhe-arsimi-i-larte\/freskim-natyral-dhe-i-sigurt-per-shkollat-dhe-hapesirat-pas-shkollore-zgjidhja-ic-e-obera-s\/\">Freskim natyral dhe i sigurt p\u00ebr shkollat dhe hap\u00ebsirat pas-shkollore: zgjidhja IC e OberA-s<\/a><div class=\"wp-block-latest-posts__post-excerpt\">Institucionet q\u00eb mir\u00ebpresin f\u00ebmij\u00eb dhe adoleshent\u00eb \u2013 shkolla, \u00e7erdhe, qendra pas-shkollore, salla aktiviteti ose palestra shkollore \u2013 jan\u00eb ve\u00e7an\u00ebrisht t\u00eb prekshme ndaj val\u00ebve t\u00eb t\u00eb nxehtit.<\/div><\/li>\n<li><div class=\"wp-block-latest-posts__featured-image aligncenter\"><a href=\"https:\/\/obera.fr\/sq\/restorante-dhe-akomodim\/komoditet-termik-ne-restoracion-ftohesit-ic-te-obera-s-zgjidhja-mobile-dhe-ekonomike\/\" aria-label=\"Komoditet termik n\u00eb restoracion: ftoh\u00ebsit IC t\u00eb OberA-s, zgjidhja mobile dhe ekonomike\"><img decoding=\"async\" width=\"1024\" height=\"181\" src=\"https:\/\/obera.fr\/wp-content\/uploads\/2025\/04\/banniere-obera-6-1-1024x181.png\" class=\"attachment-large size-large wp-post-image\" alt=\"baner obera (6)\" style=\"max-width:500px;\" srcset=\"https:\/\/obera.fr\/wp-content\/uploads\/2025\/04\/banniere-obera-6-1-1024x181.png 1024w, https:\/\/obera.fr\/wp-content\/uploads\/2025\/04\/banniere-obera-6-1-300x53.png 300w, https:\/\/obera.fr\/wp-content\/uploads\/2025\/04\/banniere-obera-6-1-768x136.png 768w, https:\/\/obera.fr\/wp-content\/uploads\/2025\/04\/banniere-obera-6-1-1536x272.png 1536w, https:\/\/obera.fr\/wp-content\/uploads\/2025\/04\/banniere-obera-6-1.png 1980w\" sizes=\"(max-width: 1024px) 100vw, 1024px\" \/><\/a><\/div><a class=\"wp-block-latest-posts__post-title\" href=\"https:\/\/obera.fr\/sq\/restorante-dhe-akomodim\/komoditet-termik-ne-restoracion-ftohesit-ic-te-obera-s-zgjidhja-mobile-dhe-ekonomike\/\">Komoditet termik n\u00eb restoracion: ftoh\u00ebsit IC t\u00eb OberA-s, zgjidhja mobile dhe ekonomike<\/a><div class=\"wp-block-latest-posts__post-excerpt\">N\u00eb kafene, hotele, restorante ose institucione t\u00eb ushqimit kolektiv, nxeht\u00ebsia \u00ebsht\u00eb nj\u00eb faktor q\u00eb ndikon si n\u00eb p\u00ebrvoj\u00ebn e klientit, ashtu edhe n\u00eb kushtet e pun\u00ebs s\u00eb personelit.<\/div><\/li>\n<li><div class=\"wp-block-latest-posts__featured-image aligncenter\"><a href=\"https:\/\/obera.fr\/sq\/it-telekom\/ftohje-shtese-adiabatike-nje-zgjidhje-fleksibel-per-qendrat-e-te-dhenave\/\" aria-label=\"Ftohje shtes\u00eb adiabatike: nj\u00eb zgjidhje fleksib\u00ebl p\u00ebr qendrat e t\u00eb dh\u00ebnave\"><img decoding=\"async\" width=\"1024\" height=\"181\" src=\"https:\/\/obera.fr\/wp-content\/uploads\/2025\/05\/banniere-obera-1024x181.png\" class=\"attachment-large size-large wp-post-image\" alt=\"baner obera\" style=\"max-width:500px;\" srcset=\"https:\/\/obera.fr\/wp-content\/uploads\/2025\/05\/banniere-obera-1024x181.png 1024w, https:\/\/obera.fr\/wp-content\/uploads\/2025\/05\/banniere-obera-300x53.png 300w, https:\/\/obera.fr\/wp-content\/uploads\/2025\/05\/banniere-obera-768x136.png 768w, https:\/\/obera.fr\/wp-content\/uploads\/2025\/05\/banniere-obera-1536x272.png 1536w, https:\/\/obera.fr\/wp-content\/uploads\/2025\/05\/banniere-obera.png 1980w\" sizes=\"(max-width: 1024px) 100vw, 1024px\" \/><\/a><\/div><a class=\"wp-block-latest-posts__post-title\" href=\"https:\/\/obera.fr\/sq\/it-telekom\/ftohje-shtese-adiabatike-nje-zgjidhje-fleksibel-per-qendrat-e-te-dhenave\/\">Ftohje shtes\u00eb adiabatike: nj\u00eb zgjidhje fleksib\u00ebl p\u00ebr qendrat e t\u00eb dh\u00ebnave<\/a><div class=\"wp-block-latest-posts__post-excerpt\">Qendrat e t\u00eb dh\u00ebnave p\u00ebrqendrojn\u00eb ngarkesa informatike gjithnj\u00eb e m\u00eb t\u00eb fuqishme dhe t\u00eb dendura, duke gjeneruar nxeht\u00ebsi t\u00eb konsiderueshme. Kontrolli termik aty \u00ebsht\u00eb nj\u00eb sfid\u00eb strategjike p\u00ebr performanc\u00ebn, sigurin\u00eb dhe vazhdim\u00ebsin\u00eb e veprimtaris\u00eb. <\/div><\/li>\n<\/ul>","protected":false},"excerpt":{"rendered":"<p>Nd\u00ebrsa prisni t\u00eb merrni porosin\u00eb tuaj, mund t\u00eb lexoni artikujt m\u00eb t\u00eb fundit t\u00eb blogut<\/p>\n","protected":false},"author":4,"featured_media":0,"parent":0,"menu_order":0,"comment_status":"closed","ping_status":"closed","template":"","meta":{"_acf_changed":false,"_seopress_robots_primary_cat":"","_seopress_titles_title":"","_seopress_titles_desc":"","_seopress_robots_index":"po","footnotes":""},"class_list":{"0":"post-62084","1":"page","2":"type-page","3":"status-publish","5":"no-featured-image-padding"},"acf":[],"_links":{"self":[{"href":"https:\/\/obera.fr\/sq\/wp-json\/wp\/v2\/pages\/62084","targetHints":{"allow":["GET"]}}],"collection":[{"href":"https:\/\/obera.fr\/sq\/wp-json\/wp\/v2\/pages"}],"about":[{"href":"https:\/\/obera.fr\/sq\/wp-json\/wp\/v2\/types\/page"}],"author":[{"embeddable":true,"href":"https:\/\/obera.fr\/sq\/wp-json\/wp\/v2\/users\/4"}],"replies":[{"embeddable":true,"href":"https:\/\/obera.fr\/sq\/wp-json\/wp\/v2\/comments?post=62084"}],"version-history":[{"count":1,"href":"https:\/\/obera.fr\/sq\/wp-json\/wp\/v2\/pages\/62084\/revisions"}],"predecessor-version":[{"id":62087,"href":"https:\/\/obera.fr\/sq\/wp-json\/wp\/v2\/pages\/62084\/revisions\/62087"}],"wp:attachment":[{"href":"https:\/\/obera.fr\/sq\/wp-json\/wp\/v2\/media?parent=62084"}],"curies":[{"name":"wp","href":"https:\/\/api.w.org\/{rel}","templated":true}]}}