{"id":65255,"date":"2024-04-05T22:42:52","date_gmt":"2024-04-05T20:42:52","guid":{"rendered":"https:\/\/obera.fr\/produits\/aspirateurs-industriels\/w2-haute-filtration-polyvalence\/"},"modified":"2025-11-15T17:24:04","modified_gmt":"2025-11-15T15:24:04","slug":"w2-haute-filtration-polyvalence","status":"publish","type":"page","link":"https:\/\/obera.fr\/sq\/produits\/aspirateurs-industriels\/w2-haute-filtration-polyvalence\/","title":{"rendered":"Fshes\u00eb me korrent industrial W2"},"content":{"rendered":"\n<p>Kompakt dhe i l\u00ebvizsh\u00ebm, <a href=\"https:\/\/obera.fr\/sq\/produits\/aspirateurs-industriels\/\" data-type=\"page\" data-id=\"41\">fshesa me korrent industrial<\/a> W2 \u00ebsht\u00eb nj\u00eb nga pajisjet m\u00eb efikase n\u00eb treg, e njohur p\u00ebr q\u00ebndrueshm\u00ebrin\u00eb, kapacitetin e lart\u00eb filtrues dhe performanc\u00ebn e saj.<\/p>\n\n<h2 class=\"wp-block-heading\">Fshes\u00eb me korrent industrial t\u00eb lag\u00ebsht dhe t\u00eb that\u00eb W2: si funksionon dhe n\u00eb cil\u00ebn fush\u00eb aplikimi \u00ebsht\u00eb?<\/h2>\n\n<div class=\"wp-block-columns is-layout-flex wp-container-core-columns-is-layout-28f84493 wp-block-columns-is-layout-flex\">\n<div class=\"wp-block-column is-layout-flow wp-block-column-is-layout-flow\" style=\"flex-basis:33.33%\">\n<figure class=\"wp-block-image size-full is-resized\"><img decoding=\"async\" width=\"711\" height=\"622\" src=\"https:\/\/obera.fr\/wp-content\/uploads\/2024\/10\/w2.png\" alt=\"Fshes&#xEB; me korrent industrial\" class=\"wp-image-35424\" style=\"object-fit:cover;width:300px;height:300px\" srcset=\"https:\/\/obera.fr\/wp-content\/uploads\/2024\/10\/w2.png 711w, https:\/\/obera.fr\/wp-content\/uploads\/2024\/10\/w2-300x262.png 300w\" sizes=\"(max-width: 711px) 100vw, 711px\" \/><\/figure>\n<\/div>\n\n\n\n<div class=\"wp-block-column is-layout-flow wp-block-column-is-layout-flow\" style=\"flex-basis:66.66%\">\n<p>Avantazhi kryesor i <strong>fshes\u00ebs me korrent industriale W2 t\u00eb lag\u00ebsht dhe t\u00eb that\u00eb<\/strong> \u00ebsht\u00eb shkatht\u00ebsia e saj. Fuqia e saj thith\u00ebse mund\u00ebson ngritjen dhe thithjen nj\u00ebkoh\u00ebsisht t\u00eb materialeve t\u00eb ngurta dhe t\u00eb l\u00ebngshme. Ai p\u00ebrfshin dy motor\u00eb monofazor\u00eb t\u00eb tipit by-pass, t\u00eb mbrojtur nga nj\u00eb kok\u00eb motori e fort\u00eb prej \u00e7eliku dhe t\u00eb pajisur me nj\u00eb veshje t\u00eb brendshme izoluese nga zhurma. Fshesa me korrent \u00ebsht\u00eb e pajisur me nj\u00eb sistem ndarjeje uj\u00eb\/pluhur p\u00ebr t\u00eb filtruar l\u00ebngjet nga grimcat e thata. Grimcat e pluhurit t\u00eb thithur ruhen n\u00eb nj\u00eb kazan \u00e7eliku, nd\u00ebrsa l\u00ebngjet mblidhen n\u00eb nj\u00eb rezervuar.<\/p>\n\n\n\n<p>Lidhur me fush\u00ebn e tij t\u00eb aplikimit, modeli i fshes\u00ebs me korrent industriale W2 \u00ebsht\u00eb ideal p\u00ebr <strong>pastrimin<\/strong> dhe <strong>trajtimin<\/strong> e <strong>sasive t\u00eb vogla dhe t\u00eb mesme t\u00eb pluhurit<\/strong>. \u00cbsht\u00eb gjithashtu efikas p\u00ebr thithjen e materialeve t\u00eb ngurta dhe t\u00eb l\u00ebngshme. Nj\u00eb shkatht\u00ebsi q\u00eb e b\u00ebn at\u00eb nj\u00eb pajisje perfekte p\u00ebr t\u00eb gjitha llojet e industrive. Ai \u00ebsht\u00eb ve\u00e7an\u00ebrisht efikas n\u00eb industrin\u00eb kimike dhe farmaceutike, ushqimore, t\u00eb miellit, si dhe n\u00eb furra buke dhe p\u00ebr pastrimin e furrave.<\/p>\n\n\n\n<div class=\"wp-block-columns is-layout-flex wp-container-core-columns-is-layout-28f84493 wp-block-columns-is-layout-flex\">\n<div class=\"wp-block-column is-layout-flow wp-block-column-is-layout-flow\">\n<div class=\"wp-block-buttons is-layout-flex wp-block-buttons-is-layout-flex\">\n<div class=\"wp-block-button\"><a class=\"wp-block-button__link wp-element-button\" href=\"https:\/\/obera.fr\/wp-content\/uploads\/2025\/06\/brochure-w2-fr.pdf\">SHKARKONI BROSHUR\u00cbN<\/a><\/div>\n<\/div>\n<\/div>\n\n\n\n<div class=\"wp-block-column is-layout-flow wp-block-column-is-layout-flow\">\n<div class=\"wp-block-buttons is-horizontal is-content-justification-center is-layout-flex wp-container-core-buttons-is-layout-03627597 wp-block-buttons-is-layout-flex\">\n<div class=\"wp-block-button has-custom-width wp-block-button__width-100\"><a class=\"wp-block-button__link wp-element-button\" href=\"https:\/\/obera.fr\/sq\/na-kontaktoni\/\">M\u00ebsoni m\u00eb shum\u00eb<\/a><\/div>\n<\/div>\n<\/div>\n\n\n\n<div class=\"wp-block-column is-layout-flow wp-block-column-is-layout-flow\">\n<div class=\"wp-block-buttons is-content-justification-center is-layout-flex wp-container-core-buttons-is-layout-a89b3969 wp-block-buttons-is-layout-flex\">\n<div class=\"wp-block-button btn-devis-source\"><a class=\"wp-block-button__link wp-element-button\" href=\"https:\/\/obera.fr\/sq\/devis\/\">K\u00ebrkes\u00eb p\u00ebr kuot\u00eb<\/a><\/div>\n<\/div>\n\n\n<script>\r\ndocument.addEventListener('DOMContentLoaded', function() {\r\n    \/\/ 1. On cherche le titre H1 de la page\r\n    var h1 = document.querySelector('h1');\r\n    var productTitle = h1 ? h1.innerText.trim() : \"\";\r\n\r\n    \/\/ 2. On cherche les boutons via la classe CSS .btn-devis-source\r\n    var buttons = document.querySelectorAll('.btn-devis-source a');\r\n\r\n    \/\/ 3. Si on a le titre et les boutons, on ajoute le param\u00e8tre\r\n    if (buttons.length > 0 && productTitle !== \"\") {\r\n        var encodedTitle = encodeURIComponent(productTitle);\r\n\r\n        buttons.forEach(function(btn) {\r\n            var currentHref = btn.getAttribute('href');\r\n            \r\n            \/\/ S\u00e9curit\u00e9 pour ne pas ajouter le param\u00e8tre 2 fois\r\n            if (currentHref.indexOf('sujet=') === -1) {\r\n                var separator = currentHref.indexOf('?') !== -1 ? '&' : '?';\r\n                var newLink = currentHref + separator + 'sujet=' + encodedTitle;\r\n                \r\n                btn.setAttribute('href', newLink);\r\n            }\r\n        });\r\n    }\r\n});\r\n<\/script><\/div>\n<\/div>\n<\/div>\n<\/div>\n\n<h2 class=\"wp-block-heading\">Fshes\u00eb me korrent industrial W2: filtrim i lart\u00eb, l\u00ebvizshm\u00ebri e lart\u00eb\u2026 t\u00eb gjitha karakteristikat e saj teknike<\/h2>\n\n<p>Fshesa me korrent industriale W2 nuk ka asgj\u00eb p\u00ebr t&#8217;u zili modeleve m\u00eb t\u00eb m\u00ebdha: <strong>fuqia e saj thith\u00ebse me nj\u00eb sip\u00ebrfaqe filtruese prej 20 000 cm2<\/strong> i jep k\u00ebsaj pajisjeje nj\u00eb filtrim t\u00eb lart\u00eb p\u00ebrve\u00e7 nj\u00eb l\u00ebvizshm\u00ebrie t\u00eb lart\u00eb. Me nj\u00eb rrjedh\u00eb ajri prej 360 m3\/h, fshesa me korrent garanton nj\u00eb filtrim t\u00eb shtuar p\u00ebr t\u00eb p\u00ebrmir\u00ebsuar cil\u00ebsin\u00eb e ajrit p\u00ebrreth dhe p\u00ebr t\u00eb thithur m\u00eb shpejt papast\u00ebrtit\u00eb. <\/p>\n\n<p>Me nj\u00eb filt\u00ebr qese poliesteri 420 mm dhe dizajn \u00e7eliku industrial (motor, dhom\u00eb filtri, en\u00eb dhe korniz\u00eb), pajisja ofron q\u00ebndrueshm\u00ebri maksimale. Dy motor\u00ebt e tij nj\u00ebfazor\u00eb jan\u00eb t\u00eb kalibruar p\u00ebr sh\u00ebrbim t\u00eb vazhduesh\u00ebm, 7 dit\u00eb n\u00eb jav\u00eb, 24 or\u00eb n\u00eb dit\u00eb. Nj\u00eb tjet\u00ebr avantazh \u00ebsht\u00eb se fshesa me korrent ka nj\u00eb sistem pastrimi p\u00ebr t\u00eb hequr materialet e depozituara dhe p\u00ebr t\u00eb parandaluar bllokimin e pajisjes.<\/p>\n\n<p>Nj\u00eb tjet\u00ebr ve\u00e7ori thelb\u00ebsore teknike: efikasiteti i tij i filtrimit deri n\u00eb 3 mikron dhe filtri i tij i xhepit q\u00eb siguron mbajtje t\u00eb lart\u00eb t\u00eb pluhurit, garantojn\u00eb past\u00ebrtin\u00eb e ajrit t\u00eb nxjerr\u00eb nga fshesa me korrent W2.<\/p>\n\n<p>Fshes\u00eb me korrent t\u00eb lag\u00ebsht dhe t\u00eb that\u00eb W2 vjen me <strong>aksesor\u00eb t\u00eb dedikuar p\u00ebr profesionist\u00ebt e pastrimit<\/strong> (zorr\u00eb thith\u00ebse fleksib\u00ebl, fur\u00e7a, gryk\u00eb, p\u00ebrshtat\u00ebs).<\/p>\n\n<blockquote class=\"wp-block-quote is-layout-flow wp-block-quote-is-layout-flow\">\n<p>Opsionet: fshesa me korrent industriale W2 ekziston n\u00eb versionin <strong>zona ATEX 22<\/strong> p\u00ebr t\u00eb pastruar n\u00eb m\u00ebnyr\u00eb t\u00eb sigurt mjediset q\u00eb gjenerojn\u00eb pluhura shp\u00ebrthyes. Ai mund t\u00eb integroj\u00eb gjithashtu filtra nomex (rezistenc\u00eb ndaj nxeht\u00ebsis\u00eb deri n\u00eb 250\u00b0), Hepa H14, klasa M PTFE, klasa L, M ose M Teflon hidrofob-oleofob. N\u00eb var\u00ebsi t\u00eb industris\u00eb suaj, ekipet tona do t&#8217;ju k\u00ebshillojn\u00eb p\u00ebr filtrin m\u00eb t\u00eb p\u00ebrshtatsh\u00ebm p\u00ebr nj\u00ebsit\u00eb tuaja t\u00eb prodhimit.<\/p>\n<\/blockquote>\n\n<h3 class=\"wp-block-heading has-text-align-center\">INDUSTRIT\u00cb<\/h3>\n\n<div class=\"wp-block-columns is-layout-flex wp-container-core-columns-is-layout-28f84493 wp-block-columns-is-layout-flex\">\n<div class=\"wp-block-column is-layout-flow wp-block-column-is-layout-flow\">\n<hr class=\"wp-block-separator has-alpha-channel-opacity\"\/>\n\n\n\n<div class=\"wp-block-columns is-layout-flex wp-container-core-columns-is-layout-28f84493 wp-block-columns-is-layout-flex\">\n<div class=\"wp-block-column is-layout-flow wp-block-column-is-layout-flow\">\n<figure class=\"wp-block-image aligncenter size-thumbnail is-resized\"><img decoding=\"async\" width=\"150\" height=\"150\" src=\"https:\/\/obera.fr\/wp-content\/uploads\/2022\/02\/Textile-150x150.png\" alt=\"tekstile\" class=\"wp-image-8855\"\/><figcaption class=\"wp-element-caption\">Tekstile<\/figcaption><\/figure>\n\n\n\n<figure class=\"wp-block-image aligncenter size-thumbnail is-resized\"><img decoding=\"async\" width=\"150\" height=\"150\" src=\"https:\/\/obera.fr\/wp-content\/uploads\/2022\/02\/Plastique-150x150.png\" alt=\"plastike\" class=\"wp-image-8854\"\/><figcaption class=\"wp-element-caption\">Plastike<\/figcaption><\/figure>\n<\/div>\n\n\n\n<div class=\"wp-block-column is-layout-flow wp-block-column-is-layout-flow\">\n<figure class=\"wp-block-image aligncenter size-thumbnail is-resized\"><img decoding=\"async\" width=\"150\" height=\"150\" src=\"https:\/\/obera.fr\/wp-content\/uploads\/2022\/02\/MINERAIS-150x150.png\" alt=\"xeheroret\" class=\"wp-image-8847\"\/><figcaption class=\"wp-element-caption\">Ores<\/figcaption><\/figure>\n\n\n\n<figure class=\"wp-block-image aligncenter size-thumbnail is-resized\"><img decoding=\"async\" width=\"150\" height=\"150\" src=\"https:\/\/obera.fr\/wp-content\/uploads\/2022\/02\/Metalurgie-150x150.png\" alt=\"metalurgjis&#xEB;\" class=\"wp-image-8857\"\/><figcaption class=\"wp-element-caption\">Metalurgji<\/figcaption><\/figure>\n\n\n\n<figure class=\"wp-block-image aligncenter size-thumbnail is-resized\"><img decoding=\"async\" width=\"150\" height=\"150\" src=\"https:\/\/obera.fr\/wp-content\/uploads\/2023\/02\/sans-titre-2023-02-14t102211.641-150x150.png\" alt=\"Bujq&#xEB;sia\" class=\"wp-image-18828\"\/><figcaption class=\"wp-element-caption\">Bujq\u00ebsia<\/figcaption><\/figure>\n<\/div>\n<\/div>\n<\/div>\n\n\n\n<div class=\"wp-block-column is-layout-flow wp-block-column-is-layout-flow\">\n<hr class=\"wp-block-separator has-alpha-channel-opacity\"\/>\n\n\n\n<div class=\"wp-block-columns is-layout-flex wp-container-core-columns-is-layout-28f84493 wp-block-columns-is-layout-flex\">\n<div class=\"wp-block-column is-layout-flow wp-block-column-is-layout-flow\">\n<figure class=\"wp-block-image aligncenter size-thumbnail is-resized\"><img decoding=\"async\" width=\"150\" height=\"150\" src=\"https:\/\/obera.fr\/wp-content\/uploads\/2022\/02\/Chimie-150x150.png\" alt=\"kimis&#xEB;\" class=\"wp-image-8846\"\/><figcaption class=\"wp-element-caption\">Kimia<\/figcaption><\/figure>\n\n\n\n<figure class=\"wp-block-image aligncenter size-thumbnail is-resized\"><img decoding=\"async\" width=\"150\" height=\"150\" src=\"https:\/\/obera.fr\/wp-content\/uploads\/2022\/02\/Travail-du-bois-150x150.png\" alt=\"punimin e drurit\" class=\"wp-image-8856\"\/><figcaption class=\"wp-element-caption\">Punim druri<\/figcaption><\/figure>\n\n\n\n<figure class=\"wp-block-image aligncenter size-thumbnail is-resized\"><img decoding=\"async\" width=\"150\" height=\"150\" src=\"https:\/\/obera.fr\/wp-content\/uploads\/2023\/02\/sans-titre-2023-02-14t101920.185-150x150.png\" alt=\"Aviacioni\" class=\"wp-image-18831\"\/><figcaption class=\"wp-element-caption\">Aviacioni<\/figcaption><\/figure>\n<\/div>\n\n\n\n<div class=\"wp-block-column is-layout-flow wp-block-column-is-layout-flow\">\n<figure class=\"wp-block-image aligncenter size-thumbnail is-resized\"><img decoding=\"async\" width=\"150\" height=\"150\" src=\"https:\/\/obera.fr\/wp-content\/uploads\/2022\/02\/AGROALIMENTAIRE-150x150.png\" alt=\"agro-ushqimore\" class=\"wp-image-8844\"\/><figcaption class=\"wp-element-caption\">Agro-ushqimore<\/figcaption><\/figure>\n\n\n\n<figure class=\"wp-block-image aligncenter size-thumbnail is-resized\"><img decoding=\"async\" width=\"150\" height=\"150\" src=\"https:\/\/obera.fr\/wp-content\/uploads\/2022\/02\/Papier-carton-150x150.png\" alt=\"let&#xEB;r kartoni\" class=\"wp-image-8853\"\/><figcaption class=\"wp-element-caption\">Let\u00ebr\/Karton<\/figcaption><\/figure>\n\n\n\n<figure class=\"wp-block-image aligncenter size-thumbnail is-resized\"><img decoding=\"async\" width=\"150\" height=\"150\" src=\"https:\/\/obera.fr\/wp-content\/uploads\/2023\/02\/sans-titre-2023-02-14t101712.416-150x150.png\" alt=\"Automobilistik&#xEB;\" class=\"wp-image-18834\"\/><figcaption class=\"wp-element-caption\">Automobilistik\u00eb<\/figcaption><\/figure>\n<\/div>\n<\/div>\n<\/div>\n<\/div>\n\n<figure class=\"wp-block-table\"><table class=\"has-fixed-layout\"><tbody><tr><td>Tensioni<\/td><td>V-HZ<\/td><td>230-50<\/td><\/tr><tr><td>Fuqia<\/td><td>kW<\/td><td>2&#215;1.1<\/td><\/tr><tr><td>Depresioni maksimal<\/td><td>Pa<\/td><td>2,400 Pa<\/td><\/tr><tr><td>Rrjedha maksimale e ajrit<\/td><td>m3\/h<\/td><td>360<\/td><\/tr><tr><td>Diametri i gryk\u00ebs<\/td><td>mm<\/td><td>50<\/td><\/tr><tr><td>Lloji i filtrit<\/td><td><\/td><td>Xhep yll<\/td><\/tr><tr><td>Sip\u00ebrfaqja<\/td><td>cm2<\/td><td>20.000<\/td><\/tr><tr><td>Sistemi i pastrimit<\/td><td><\/td><td>Manual<\/td><\/tr><tr><td>Kosh grumbullimi<\/td><td><\/td><td>\u00c7eliku<\/td><\/tr><tr><td>Sistemi i kullimit<\/td><td><\/td><td>Tabaka e heqshme<\/td><\/tr><tr><td>Aft\u00ebsia<\/td><td>lit\u00ebr<\/td><td>40<\/td><\/tr><tr><td>Dimensionet<\/td><td>cm<\/td><td>55x63x115<\/td><\/tr><\/tbody><\/table><\/figure>\n\n<div class=\"wp-block-buttons is-content-justification-center is-layout-flex wp-container-core-buttons-is-layout-a89b3969 wp-block-buttons-is-layout-flex\">\n<div class=\"wp-block-button\"><a class=\"wp-block-button__link wp-element-button\" href=\"https:\/\/obera.fr\/wp-content\/uploads\/2024\/04\/obera_brochure-w2-fr.pdf\">SHKARKONI FLET\u00cbN E PRODUKTIT<\/a><\/div>\n<\/div>\n\n<h2 class=\"wp-block-heading\">E fuqishme dhe e gjithanshme: t\u00eb gjitha avantazhet e fshes\u00ebs me korrent W2<\/h2>\n\n<p>Modeli W2 kombinon leht\u00ebsin\u00eb e p\u00ebrdorimit t\u00eb pajisjeve kompakte me fuqin\u00eb e nj\u00eb fshese industriale me korrent. P\u00ebrve\u00e7 l\u00ebvizshm\u00ebris\u00eb s\u00eb lart\u00eb dhe performanc\u00ebs s\u00eb thithjes, veshja e saj thith\u00ebse e zhurm\u00ebs minimizon zhurm\u00ebn gjat\u00eb p\u00ebrdorimit n\u00eb m\u00ebnyr\u00eb q\u00eb t\u00eb mos shqet\u00ebsoj\u00eb operatorin dhe punonj\u00ebsit e tjer\u00eb t\u00eb pranish\u00ebm n\u00eb punishte. Gjithashtu, p\u00ebr leht\u00ebsi p\u00ebrdorimi, zona e daljes me drejtim posht\u00eb parandalon q\u00eb pluhuri t\u00eb grumbullohet n\u00eb sip\u00ebrfaqe dhe t\u00eb shqet\u00ebsoj\u00eb operatorin.<\/p>\n\n<p>Fshesa me korrent nuk k\u00ebrkon mir\u00ebmbajtje, ajo \u00ebsht\u00eb e pajisur me nj\u00eb tund\u00ebs filtri q\u00eb l\u00ebviz vertikalisht p\u00ebr t\u00eb shmangur ngopjen dhe, mbi t\u00eb gjitha, p\u00ebr t\u00eb leht\u00ebsuar pastrimin manual.<\/p>\n\n<p>S\u00eb fundi, shkatht\u00ebsia e tij \u00ebsht\u00eb p\u00ebrpar\u00ebsia e tij kryesore, pasi thithja e materialeve t\u00eb ngurta dhe t\u00eb l\u00ebngshme lejon nj\u00eb mori p\u00ebrdorimesh: pastrimin e dyshemeve, mureve, kantiereve t\u00eb nd\u00ebrtimit, punishteve, makinerive, pajisjeve CHR, etj.<\/p>\n\n<div class=\"wp-block-columns is-layout-flex wp-container-core-columns-is-layout-28f84493 wp-block-columns-is-layout-flex\">\n<div class=\"wp-block-column is-layout-flow wp-block-column-is-layout-flow\" style=\"flex-basis:33.34%\">\n<h3 class=\"wp-block-heading\">P\u00ebrfitimet:<\/h3>\n\n\n\n<ul class=\"wp-block-list\">\n<li>Sistemi i filtrimit t\u00eb lart\u00eb p\u00ebr t\u00eb fshir\u00eb pluhurin e ngurt\u00eb dhe t\u00eb l\u00ebngsh\u00ebm n\u00eb t\u00eb nj\u00ebjt\u00ebn koh\u00eb;<\/li>\n\n\n\n<li>Ultra kompakte dhe e l\u00ebvizshme;<\/li>\n\n\n\n<li>Pak zhurm\u00eb n\u00eb p\u00ebrdorim.  <\/li>\n<\/ul>\n<\/div>\n\n\n\n<div class=\"wp-block-column is-layout-flow wp-block-column-is-layout-flow\" style=\"flex-basis:33.34%\">\n<h3 class=\"wp-block-heading\">Karakteristikat e ve\u00e7anta:<\/h3>\n\n\n\n<ul class=\"wp-block-list\">\n<li>Dy motor\u00eb nj\u00ebfazor me nd\u00ebrprer\u00ebs t\u00eb pavarur;<\/li>\n\n\n\n<li>Opsionale: filt\u00ebr Hepa H14, klasi M, L, M teflon hidro-oleofobik, M PTFE, filt\u00ebr nomex;<\/li>\n\n\n\n<li>Versioni ATEX zone 22 i disponuesh\u00ebm.<\/li>\n<\/ul>\n<\/div>\n\n\n\n<div class=\"wp-block-column is-layout-flow wp-block-column-is-layout-flow\" style=\"flex-basis:33.33%\">\n<h3 class=\"wp-block-heading\">Karakteristikat:<\/h3>\n\n\n\n<ul class=\"wp-block-list\">\n<li>Treguesi i bllokimit t\u00eb filtrit me drit\u00eb;<\/li>\n\n\n\n<li>Mbrojtja e nj\u00ebsis\u00eb thith\u00ebse me filtrin e saj yll (poliester).<\/li>\n<\/ul>\n<\/div>\n<\/div>\n\n<h2 class=\"wp-block-heading\">D\u00ebshironi t\u00eb provoni fshes\u00ebn industriale W2 n\u00eb vendin tuaj t\u00eb prodhimit?<\/h2>\n\n<p>Testoni zgjidhjen n\u00eb pun\u00ebtorit\u00eb tuaja! Ne ofrojm\u00eb nj\u00eb faz\u00eb prove me mund\u00ebsi blerjeje p\u00ebr t\u00eb gjitha zgjidhjet tona, q\u00eb zgjat mesatarisht 1 muaj. N\u00eb fund t\u00eb testit, ju ose e pranoni at\u00eb, ose ne ju ofrojm\u00eb nj\u00eb zgjidhje m\u00eb t\u00eb p\u00ebrshtatshme p\u00ebr nevojat tuaja.<\/p>\n\n<div class=\"wp-block-buttons is-content-justification-center is-layout-flex wp-container-core-buttons-is-layout-a89b3969 wp-block-buttons-is-layout-flex\">\n<div class=\"wp-block-button\"><a class=\"wp-block-button__link wp-element-button\" href=\"https:\/\/obera.fr\/sq\/contact\/\">TESTO FSHESEN W2<\/a><\/div>\n<\/div>\n\n<h2 class=\"wp-block-heading\">Fshes\u00eb me korrent t\u00eb tjera industriale n\u00eb gam\u00eb<\/h2>\n\n<div class=\"wp-block-columns is-layout-flex wp-container-core-columns-is-layout-28f84493 wp-block-columns-is-layout-flex\">\n<div class=\"wp-block-column is-layout-flow wp-block-column-is-layout-flow\">\n<figure class=\"wp-block-image aligncenter size-full is-resized\"><a href=\"https:\/\/obera.fr\/sq\/produits\/aspirateurs-industriels\/w2-xr-atex-22\/\"><img decoding=\"async\" width=\"566\" height=\"671\" src=\"https:\/\/obera.fr\/wp-content\/uploads\/2024\/10\/w2-xr-2.png\" alt=\"Fshes&#xEB; me korrent industrial\" class=\"wp-image-35431\" style=\"object-fit:cover;width:300px;height:300px\" srcset=\"https:\/\/obera.fr\/wp-content\/uploads\/2024\/10\/w2-xr-2.png 566w, https:\/\/obera.fr\/wp-content\/uploads\/2024\/10\/w2-xr-2-253x300.png 253w\" sizes=\"(max-width: 566px) 100vw, 566px\" \/><\/a><figcaption class=\"wp-element-caption\">W2 XR<\/figcaption><\/figure>\n<\/div>\n\n\n\n<div class=\"wp-block-column is-layout-flow wp-block-column-is-layout-flow\">\n<figure class=\"wp-block-image aligncenter size-full\"><a href=\"https:\/\/obera.fr\/sq\/produits\/aspirateurs-industriels\/ventilateurs-aspiration-gamme-eurosog-rg-100-800\/\"><img decoding=\"async\" width=\"600\" height=\"600\" src=\"https:\/\/obera.fr\/wp-content\/uploads\/2024\/04\/obera-ventilateur-aspiration-rg-300-400.jpg\" alt=\"Ventilator thith&#xEB;s obera rg 300 400\" class=\"wp-image-29437\" srcset=\"https:\/\/obera.fr\/wp-content\/uploads\/2024\/04\/obera-ventilateur-aspiration-rg-300-400.jpg 600w, https:\/\/obera.fr\/wp-content\/uploads\/2024\/04\/obera-ventilateur-aspiration-rg-300-400-300x300.jpg 300w, https:\/\/obera.fr\/wp-content\/uploads\/2024\/04\/obera-ventilateur-aspiration-rg-300-400-150x150.jpg 150w\" sizes=\"(max-width: 600px) 100vw, 600px\" \/><\/a><figcaption class=\"wp-element-caption\">RG 300\/400<\/figcaption><\/figure>\n<\/div>\n\n\n\n<div class=\"wp-block-column is-layout-flow wp-block-column-is-layout-flow\">\n<figure class=\"wp-block-image aligncenter size-full is-resized\"><a href=\"https:\/\/obera.fr\/sq\/produits\/aspirateurs-industriels\/w3-pour-nettoyage-general\/\"><img decoding=\"async\" width=\"658\" height=\"652\" src=\"https:\/\/obera.fr\/wp-content\/uploads\/2024\/10\/w3.png\" alt=\"w3\" class=\"wp-image-35427\" style=\"object-fit:cover;width:300px;height:300px\" srcset=\"https:\/\/obera.fr\/wp-content\/uploads\/2024\/10\/w3.png 658w, https:\/\/obera.fr\/wp-content\/uploads\/2024\/10\/w3-300x297.png 300w, https:\/\/obera.fr\/wp-content\/uploads\/2024\/10\/w3-150x150.png 150w, https:\/\/obera.fr\/wp-content\/uploads\/2024\/10\/w3-24x24.png 24w, https:\/\/obera.fr\/wp-content\/uploads\/2024\/10\/w3-48x48.png 48w, https:\/\/obera.fr\/wp-content\/uploads\/2024\/10\/w3-96x96.png 96w\" sizes=\"(max-width: 658px) 100vw, 658px\" \/><\/a><figcaption class=\"wp-element-caption\">W3<\/figcaption><\/figure>\n<\/div>\n<\/div>\n","protected":false},"excerpt":{"rendered":"<p>Kompakt dhe i l\u00ebvizsh\u00ebm, fshesa me korrent industrial W2 \u00ebsht\u00eb nj\u00eb nga pajisjet m\u00eb efikase n\u00eb treg, e njohur p\u00ebr q\u00ebndrueshm\u00ebrin\u00eb, kapacitetin e lart\u00eb filtrues dhe performanc\u00ebn e saj. Fshes\u00eb me korrent industrial t\u00eb lag\u00ebsht dhe t\u00eb that\u00eb W2: si funksionon dhe n\u00eb cil\u00ebn fush\u00eb aplikimi \u00ebsht\u00eb? Avantazhi kryesor i fshes\u00ebs me korrent industriale W2 t\u00eb lag\u00ebsht dhe t\u00eb that\u00eb \u00ebsht\u00eb shkatht\u00ebsia e saj. Fuqia e saj thith\u00ebse mund\u00ebson ngritjen dhe thithjen nj\u00ebkoh\u00ebsisht t\u00eb materialeve t\u00eb ngurta dhe t\u00eb l\u00ebngshme. Ai p\u00ebrfshin dy motor\u00eb monofazor\u00eb t\u00eb tipit by-pass, t\u00eb mbrojtur nga nj\u00eb kok\u00eb motori e fort\u00eb prej \u00e7eliku dhe t\u00eb &#8230; <\/p>\n<p class=\"read-more-container\"><a title=\"Fshes\u00eb me korrent industrial W2\" class=\"read-more button\" href=\"https:\/\/obera.fr\/sq\/produits\/aspirateurs-industriels\/w2-haute-filtration-polyvalence\/#more-65255\" aria-label=\"Read more about Fshes\u00eb me korrent industrial W2\">Lire la suite<\/a><\/p>\n","protected":false},"author":4,"featured_media":83732,"parent":48429,"menu_order":0,"comment_status":"closed","ping_status":"closed","template":"","meta":{"_acf_changed":false,"_seopress_robots_primary_cat":"","_seopress_titles_title":"Fshes\u00eb me korrent industrial W2: filtrim i lart\u00eb dhe shkatht\u00ebsi","_seopress_titles_desc":"Zgjidhni serin\u00eb W2 me nj\u00eb sistem filtrimi t\u00eb lart\u00eb p\u00ebr thithjen e nj\u00ebkohshme t\u00eb pluhurit t\u00eb ngurt\u00eb dhe t\u00eb l\u00ebngsh\u00ebm.","_seopress_robots_index":"","footnotes":""},"class_list":{"0":"post-65255","1":"page","2":"type-page","3":"status-publish","4":"has-post-thumbnail","6":"no-featured-image-padding","7":"resize-featured-image"},"acf":[],"_links":{"self":[{"href":"https:\/\/obera.fr\/sq\/wp-json\/wp\/v2\/pages\/65255","targetHints":{"allow":["GET"]}}],"collection":[{"href":"https:\/\/obera.fr\/sq\/wp-json\/wp\/v2\/pages"}],"about":[{"href":"https:\/\/obera.fr\/sq\/wp-json\/wp\/v2\/types\/page"}],"author":[{"embeddable":true,"href":"https:\/\/obera.fr\/sq\/wp-json\/wp\/v2\/users\/4"}],"replies":[{"embeddable":true,"href":"https:\/\/obera.fr\/sq\/wp-json\/wp\/v2\/comments?post=65255"}],"version-history":[{"count":7,"href":"https:\/\/obera.fr\/sq\/wp-json\/wp\/v2\/pages\/65255\/revisions"}],"predecessor-version":[{"id":132899,"href":"https:\/\/obera.fr\/sq\/wp-json\/wp\/v2\/pages\/65255\/revisions\/132899"}],"up":[{"embeddable":true,"href":"https:\/\/obera.fr\/sq\/wp-json\/wp\/v2\/pages\/48429"}],"wp:featuredmedia":[{"embeddable":true,"href":"https:\/\/obera.fr\/sq\/wp-json\/wp\/v2\/media\/83732"}],"wp:attachment":[{"href":"https:\/\/obera.fr\/sq\/wp-json\/wp\/v2\/media?parent=65255"}],"curies":[{"name":"wp","href":"https:\/\/api.w.org\/{rel}","templated":true}]}}