{"id":67318,"date":"2025-01-17T11:13:01","date_gmt":"2025-01-17T09:13:01","guid":{"rendered":"https:\/\/obera.fr\/produits\/depoussiereurs-industriels\/drite-pluhuri\/"},"modified":"2025-07-11T11:19:12","modified_gmt":"2025-07-11T09:19:12","slug":"drite-pluhuri","status":"publish","type":"page","link":"https:\/\/obera.fr\/sq\/produits\/depoussiereurs-industriels\/drite-pluhuri\/","title":{"rendered":"Merrni kontrollin e mjedisit tuaj t\u00eb pun\u00ebs me Dustlight"},"content":{"rendered":"\n<div class=\"wp-block-columns is-layout-flex wp-container-core-columns-is-layout-28f84493 wp-block-columns-is-layout-flex\">\n<div class=\"wp-block-column is-layout-flow wp-block-column-is-layout-flow\">\n<div class=\"wp-block-media-text has-media-on-the-right is-stacked-on-mobile\" style=\"grid-template-columns:auto 33%\"><div class=\"wp-block-media-text__content\">\n<p>OberA \u00ebsht\u00eb krenare t\u00eb prezantoj\u00eb <strong>Dustlight<\/strong> , nj\u00eb analizues inovativ n\u00eb dor\u00eb i krijuar p\u00ebr t\u00eb zbuluar dhe analizuar me sakt\u00ebsi pluhurin e im\u00ebt.  <\/p>\n\n\n\n<p>Kompakt, i besuesh\u00ebm dhe i leht\u00eb p\u00ebr t&#8217;u p\u00ebrdorur, kjo pajisje \u00ebsht\u00eb mjeti ideal p\u00ebr profesionist\u00ebt dhe industrialist\u00ebt q\u00eb d\u00ebshirojn\u00eb t\u00eb monitorojn\u00eb cil\u00ebsin\u00eb e ajrit dhe t\u00eb identifikojn\u00eb grimcat e pezulluara.<\/p>\n<\/div><figure class=\"wp-block-media-text__media\"><img decoding=\"async\" src=\"https:\/\/lh7-rt.googleusercontent.com\/docsz\/AD_4nXePsRD5Y4gAIBhHibguQOn0U6fgzh-p6iUVppCy2PUUWG4S_QIvoTfNJeagK6httptlC4XtT9kmxghV9258tIgq2J0QFwvU7BowEB_Xe_4_rgzVdEW0mM97dpA7WZj9dGkQUsTtMadi1obMqCXsxII?key=QO8r7RmlolM9MhCfcv5-73XE\" alt=\"Parandalimi i rreziqeve t\u00eb lidhura me pluhurin | Pun\u00eb-pun\u00ebsim.gouv.fr | Ministria e Pun\u00ebs, Sh\u00ebndet\u00ebsis\u00eb, Solidaritetit dhe Familjeve\"\/><\/figure><\/div>\n\n\n\n<div style=\"height:41px\" aria-hidden=\"true\" class=\"wp-block-spacer\"><\/div>\n\n\n\n<div class=\"wp-block-buttons is-content-justification-center is-layout-flex wp-container-core-buttons-is-layout-a89b3969 wp-block-buttons-is-layout-flex\">\n<div class=\"wp-block-button\"><a class=\"wp-block-button__link has-text-align-center wp-element-button\" href=\"https:\/\/obera.fr\/formulaire-dustlight\/\">TEST 20 DITOR FALAS<\/a><\/div>\n<\/div>\n<\/div>\n<\/div>\n\n<p><\/p>\n\n<p><\/p>\n\n<h2 class=\"wp-block-heading\">Mbroni veten nga rreziku i paduksh\u00ebm i pluhurit t\u00eb frym\u00ebmarrjes n\u00eb vendin e pun\u00ebs<\/h2>\n\n<figure class=\"wp-block-image aligncenter is-resized\"><img decoding=\"async\" src=\"https:\/\/lh7-rt.googleusercontent.com\/docsz\/AD_4nXcOS0Hfg67TC29tD0YKTlwhEbY82uCB9DoKqHN4byLMiiWnWb6_cUR2kTh4CxjF9WQI7qzrJx1chS1E8L9qU3zGeBgcCaStWF9a7mYnCr73_ylzp9tDc1LItbkRpO8_Eg6aBoXNFQRLSfcDQnw1RmM?key=QO8r7RmlolM9MhCfcv5-73XE\" alt=\"Nj&#xEB; imazh q&#xEB; p&#xEB;rmban tekst, pajisje elektronike, pajisje elektronike, pamje nga ekrani&#10;&#10; P&#xEB;rshkrimi gjenerohet automatikisht\" style=\"width:617px;height:auto\"\/><figcaption class=\"wp-element-caption\"><strong>Analizues portativ i pluhurit t\u00eb im\u00ebt<\/strong><\/figcaption><\/figure>\n\n<p>Me pajisjen mat\u00ebse Dustlight, matni me sakt\u00ebsi p\u00ebrqendrimin e pluhurit  <\/p>\n\n<p>n\u00eb mjedise industriale dhe t\u00eb mbroni sh\u00ebndetin tuaj dhe t\u00eb punonj\u00ebsve tuaj.<\/p>\n\n<p><\/p>\n\n<p>Pluhuri i im\u00ebt i thithur mund t\u00eb shkaktoj\u00eb probleme serioze sh\u00ebndet\u00ebsore si s\u00ebmundjet e frym\u00ebmarrjes, problemet kardiovaskulare dhe kanceret.<\/p>\n\n<p><\/p>\n\n<p>Me <strong>Dustlight<\/strong> , ju mund t&#8217;i minimizoni n\u00eb m\u00ebnyr\u00eb efektive k\u00ebto rreziqe duke matur ekspozimin ndaj pluhurit dhe duke marr\u00eb masat e duhura mbrojt\u00ebse.<\/p>\n\n<p><\/p>\n\n<p>Drita e <strong>pluhurit<\/strong> mat ekspozimin ndaj pluhurit \u00e7do sekond\u00eb.  <\/p>\n\n<p>Vlerat mund t\u00eb shihen n\u00eb aplikacionin ton\u00eb t\u00eb telefonit inteligjent dhe n\u00eb ueb dhe t\u00eb shkarkohen si raport.  <\/p>\n\n<p><\/p>\n\n<h2 class=\"wp-block-heading\">Krijoni nj\u00eb mjedis t\u00eb sigurt pune dhe investoni n\u00eb sh\u00ebndetin e punonj\u00ebsve tuaj me monitorin e pluhurit Dustlight.<\/h2>\n\n<p><\/p>\n\n<p><strong>Thjesht ndizeni p\u00ebr t\u00eb punuar n\u00eb m\u00ebnyr\u00eb t\u00eb sigurt!<\/strong><\/p>\n\n<p><\/p>\n\n<ul class=\"wp-block-list\">\n<li><strong>Hartoni dhe monitoroni p\u00ebrqendrimet e pluhurit n\u00eb koh\u00eb reale<\/strong> : <strong>PM10, PM2.5 dhe PM1<\/strong> <\/li>\n\n\n\n<li><strong>Njoftoni menj\u00ebher\u00eb njer\u00ebzit p\u00ebr nevoj\u00ebn e p\u00ebrdorimit t\u00eb mbrojtjes s\u00eb frym\u00ebmarrjes<\/strong><\/li>\n\n\n\n<li><strong>Duke b\u00ebr\u00eb t\u00eb duksh\u00ebm rrezikun e ekspozimit ndaj pluhurit t\u00eb rreziksh\u00ebm (CMR).<\/strong><\/li>\n\n\n\n<li><strong>Identifikoni dhe b\u00ebni t\u00eb dukshme burimet e ndotjes p\u00ebr t&#8217;i trajtuar m\u00eb mir\u00eb ato<\/strong><\/li>\n\n\n\n<li><strong>Mbrojtja e operator\u00ebve n\u00eb fabrika dhe n\u00eb kantiere nd\u00ebrtimi<\/strong><\/li>\n\n\n\n<li><strong>Theksoni pluhurin alveolar<\/strong><\/li>\n\n\n\n<li><strong>Parashikimi i masave rregullatore<\/strong><\/li>\n\n\n\n<li><strong>V\u00ebrtetoni nj\u00eb zgjidhje t\u00eb zbatuar<\/strong><\/li>\n<\/ul>\n\n<div class=\"wp-block-media-text has-media-on-the-right is-stacked-on-mobile\" style=\"grid-template-columns:auto 20%\"><div class=\"wp-block-media-text__content\">\n<p class=\"has-text-align-center\"><strong>Zgjidhje inovative  <\/strong><\/p>\n\n\n\n<p class=\"has-text-align-center\"><strong>Ndihmon n\u00eb identifikimin e situatave kritike n\u00eb koh\u00eb reale,<\/strong> <strong>duke kontribuar n\u00eb mbrojtjen<\/strong> <strong>e sh\u00ebndetit t\u00eb pun\u00ebtor\u00ebve: PARANDALIMI<\/strong> <\/p>\n<\/div><figure class=\"wp-block-media-text__media\"><img decoding=\"async\" src=\"https:\/\/lh7-rt.googleusercontent.com\/docsz\/AD_4nXeMFP13jbj-PgQg3zsXKleNzM21nevJo4ZMdadvv0-GNt5HN84xZQB6mAnWebn-wFPR-rT_1JpVNez2htbLY9d4Ve75JkuKUHIqs0fLQs9OeMiTljWOFxzfyO-fptezwx-JAYi4g5NCkfxQYE6Rrw?key=QO8r7RmlolM9MhCfcv5-73XE\" alt=\"Kliko Fast - Rrip gjoksi\"\/><\/figure><\/div>\n\n<h3 class=\"wp-block-heading\">E thjesht\u00eb, e besueshme dhe e q\u00ebndrueshme<\/h3>\n\n<p>Zbulimi i menj\u00ebhersh\u00ebm: nj\u00eb matje shum\u00eb efektive dhe e sakt\u00eb.<\/p>\n\n<p>Vler\u00ebsim i shpejt\u00eb i ngarkes\u00ebs s\u00eb pluhurit me ekran me ngjyra dhe paralajm\u00ebrim zanor.<\/p>\n\n<p>Sistemi i semaforit q\u00eb tregon shpejt dhe qart\u00eb kur tejkalohen vlerat kufi, k\u00ebshtu q\u00eb ju mund t\u00eb merrni masa t\u00eb menj\u00ebhershme.<\/p>\n\n<h3 class=\"wp-block-heading\">Fushat e aplikimit<\/h3>\n\n<ul class=\"wp-block-list\">\n<li>Industria e drurit: algorit\u00ebm special p\u00ebr matjen e pluhurit t\u00eb drurit t\u00eb fort\u00eb dhe t\u00eb but\u00eb<\/li>\n\n\n\n<li>Saldimi: monitorimi i tymrave t\u00eb saldimit dhe pluhurit t\u00eb metaleve.<\/li>\n\n\n\n<li>Matje e p\u00ebrshtatshme p\u00ebr substanca t\u00eb tilla si silic\u00eb dhe pluhura<\/li>\n\n\n\n<li>Industria Agro-Ushqimore<\/li>\n\n\n\n<li>I konfiguruesh\u00ebm p\u00ebr aplikacione specifike<\/li>\n<\/ul>\n\n<h3 class=\"wp-block-heading\">Teknologjia dhe inovacionet<\/h3>\n\n<ul class=\"wp-block-list\">\n<li>Sensori fotometrik lazer<\/li>\n\n\n\n<li>Zbulim i shpejt\u00eb dhe i sakt\u00eb i grimcave<\/li>\n\n\n\n<li>Mbrojtja e sensorit<\/li>\n\n\n\n<li>Fluksi i filtruar i ajrit dhe sistem pastrimi automatik p\u00ebr jet\u00ebgjat\u00ebsi.<\/li>\n<\/ul>\n\n<h3 class=\"wp-block-heading\">Testuar dhe miratuar<\/h3>\n\n<p>V\u00ebrtetuar nga Instituti p\u00ebr K\u00ebrkime mbi Substancat e Rrezikshme (IGF)  <\/p>\n\n<p><\/p>\n\n<figure class=\"wp-block-image aligncenter is-resized\"><img decoding=\"async\" src=\"https:\/\/lh7-rt.googleusercontent.com\/docsz\/AD_4nXdpqfRaq3oGk9dAXgZ7x3rjs5SzASfAHYKydUkBgvmnTjZ5JgpSdlKbZKnVxPfWPOjTUifc5SLMAcyDv4ciV6yYT5AQcLkpX61KeDgoaoVP7TC-bwCWL_w0JA6woMYYZDAlgg7ewWyzWQmlIVx4LA?key=QO8r7RmlolM9MhCfcv5-73XE\" alt=\"Pajisje mat&#xEB;se e pluhurit e frym&#xEB;marrshme Dustlight p&#xEB;r monitorimin e cil&#xEB;sis&#xEB; s&#xEB; ajrit n&#xEB; vendin e pun&#xEB;s, e fuqishme dhe e l&#xEB;vizshme p&#xEB;r p&#xEB;rdorim industrial. LED-i jeshil tregon ekspozimin ndaj pluhurit n&#xEB;n vler&#xEB;n prag.\" style=\"width:458px;height:auto\"\/><\/figure>\n\n<h2 class=\"wp-block-heading\">Karakteristikat kryesore<\/h2>\n\n<h3 class=\"wp-block-heading\">Matjet e sakta<\/h3>\n\n<p>Monitorimi i pluhurit PM10, PM2.5 dhe PM1 me rezolucion prej 1 \u03bcg\/m\u00b3<\/p>\n\n<h3 class=\"wp-block-heading\">Sistemi i alarmit vizual  <\/h3>\n\n<ul class=\"wp-block-list\">\n<li>Ekrani LED dhe sinjali i drit\u00ebs (jeshile, e verdh\u00eb, e kuqe) bazuar n\u00eb vlerat kufitare<\/li>\n\n\n\n<li>prej TRGS 900 (ekuivalente me VLEP n\u00eb Gjermani)<\/li>\n\n\n\n<li>Shfaqja e ngarkes\u00ebs aktuale t\u00eb pluhurit alveolar<\/li>\n\n\n\n<li>Jet\u00ebgjat\u00ebsia e bateris\u00eb deri n\u00eb 40 or\u00eb (modaliteti eko) + statusi i karikimit<\/li>\n<\/ul>\n\n<h3 class=\"wp-block-heading\">Q\u00ebndrueshm\u00ebria<\/h3>\n\n<ul class=\"wp-block-list\">\n<li>Pajisje t\u00eb avancuara p\u00ebr mbrojtjen nga pluhuri  <\/li>\n\n\n\n<li>p\u00ebr jet\u00ebgjat\u00ebsi maksimale (parafiltra, ajri i filtruar, vet\u00ebpastrimi)<\/li>\n\n\n\n<li>Sistemi mbrojt\u00ebs i patentuar p\u00ebr sensor\u00eb t\u00eb past\u00ebr p\u00ebrgjithmon\u00eb<\/li>\n\n\n\n<li>Priz\u00eb karikimi rezistente ndaj pluhurit<\/li>\n<\/ul>\n\n<h3 class=\"wp-block-heading\">Fiksim modular<\/h3>\n\n<ul class=\"wp-block-list\">\n<li>Sistemi i patentuar i adaptuesh\u00ebm Klick-Fast (klipe, shirit Velcro, patch)<\/li>\n<\/ul>\n\n<h3 class=\"wp-block-heading\">T\u00eb dh\u00ebnat teknike<\/h3>\n\n<ul class=\"wp-block-list\">\n<li>P\u00ebrmasat: 69 x 69 x 32.5 mm (pa kap\u00ebse)<\/li>\n\n\n\n<li>Pesha: 149 g<\/li>\n\n\n\n<li>Bateria: Litium-jon, a<\/li>\n\n\n\n<li>Indeksi i mbrojtjes: IP4X<\/li>\n\n\n\n<li>Temperatura e funksionimit: -10 deri +50 \u00b0C<\/li>\n\n\n\n<li>Gama e matjes: 0 &#8211; 10,000 \u00b5g\/m\u00b3<\/li>\n\n\n\n<li>Sh\u00ebrbimet e lidhura<\/li>\n\n\n\n<li>Konfigurime specifike: P\u00ebrshtatje p\u00ebr mjedise specifike  <\/li>\n\n\n\n<li>(p.sh.: druri, saldimi).<\/li>\n\n\n\n<li>Mir\u00ebmbajtja: Sh\u00ebrbimi vjetor duke p\u00ebrfshir\u00eb pastrimin, rikalibrimin dhe p\u00ebrdit\u00ebsimin e softuerit.<\/li>\n<\/ul>\n\n<h2 class=\"wp-block-heading\">Dustlight tani \u00ebsht\u00eb i aksesuesh\u00ebm n\u00ebp\u00ebrmjet aplikacionit t\u00eb ri t\u00eb uebit dhe aplikacionit t\u00eb smartfon\u00ebve.  <\/h2>\n\n<ul class=\"wp-block-list\">\n<li>Teknologji e fundit e matjes q\u00eb regjistron nivelet e pluhurit deri n\u00eb sekond\u00eb.  <\/li>\n\n\n\n<li>Sistemi i integruar i paralajm\u00ebrimit q\u00eb ndihmon n\u00eb sigurimin e pajtueshm\u00ebris\u00eb me standardet e cil\u00ebsis\u00eb s\u00eb ajrit<\/li>\n\n\n\n<li>Rregullimi individual i vlerave kufi n\u00eb aplikacion dhe aplikacion n\u00eb ueb<\/li>\n\n\n\n<li>Paralajm\u00ebrim me sinjale zanore dhe ngjyrash sapo t\u00eb tejkalohen vlerat kufi q\u00eb keni p\u00ebrcaktuar vet\u00eb p\u00ebr vendimmarrje t\u00eb hershme<\/li>\n\n\n\n<li>Raportimi i avancuar dhe analiza e t\u00eb dh\u00ebnave \u2013 shkarko direkt raportet e vler\u00ebsimit t\u00eb rrezikut \u2013 nj\u00eb mb\u00ebshtetje e fort\u00eb p\u00ebr raportimin ESG.\n<ul class=\"wp-block-list\">\n<li>Formati CSV ose PDF<\/li>\n<\/ul>\n<\/li>\n<\/ul>\n\n<figure class=\"wp-block-image aligncenter is-resized\"><img decoding=\"async\" src=\"https:\/\/lh7-rt.googleusercontent.com\/docsz\/AD_4nXfpUeAu-RQ97rEMo0ogKOvI3id8fXZbwSMJwAgs-GtmaJ_Q5nyjpb40R12sTCs5kSWbL5tB4dLEl37jMKzpdX0-E-_fW3yQnN7Lb1c_7lYFSPlGmw0UjR5Ubi1ZHw8JTmPjIJIIkzYCGP9bS9qSE6Y?key=QO8r7RmlolM9MhCfcv5-73XE\" alt=\"Nj&#xEB; imazh q&#xEB; p&#xEB;rmban tekst, multimedia, pajisje elektronike, softuer&#10;&#10; P&#xEB;rshkrimi gjenerohet automatikisht\" style=\"width:800px;height:auto\"\/><\/figure>\n\n<p class=\"has-text-align-center\"><strong>Porositni Dustlight tuaj sot  <\/strong><\/p>\n\n<p class=\"has-text-align-center\"><strong>dhe siguroni nj\u00eb mjedis pune m\u00eb t\u00eb sigurt!<\/strong><\/p>\n\n<div class=\"wp-block-buttons is-content-justification-center is-layout-flex wp-container-core-buttons-is-layout-a89b3969 wp-block-buttons-is-layout-flex\">\n<div class=\"wp-block-button\"><a class=\"wp-block-button__link has-text-align-center wp-element-button\" href=\"https:\/\/obera.fr\/formulaire-dustlight\/\">TEST 20 DITOR FALAS<\/a><\/div>\n<\/div>\n","protected":false},"excerpt":{"rendered":"<p>OberA \u00ebsht\u00eb krenare t\u00eb prezantoj\u00eb Dustlight , nj\u00eb analizues inovativ n\u00eb dor\u00eb i krijuar p\u00ebr t\u00eb zbuluar dhe analizuar me sakt\u00ebsi pluhurin e im\u00ebt. Kompakt, i besuesh\u00ebm dhe i leht\u00eb p\u00ebr t&#8217;u p\u00ebrdorur, kjo pajisje \u00ebsht\u00eb mjeti ideal p\u00ebr profesionist\u00ebt dhe industrialist\u00ebt q\u00eb d\u00ebshirojn\u00eb t\u00eb monitorojn\u00eb cil\u00ebsin\u00eb e ajrit dhe t\u00eb identifikojn\u00eb grimcat e pezulluara. Mbroni veten nga rreziku i paduksh\u00ebm i pluhurit t\u00eb frym\u00ebmarrjes n\u00eb vendin e pun\u00ebs Me pajisjen mat\u00ebse Dustlight, matni me sakt\u00ebsi p\u00ebrqendrimin e pluhurit n\u00eb mjedise industriale dhe t\u00eb mbroni sh\u00ebndetin tuaj dhe t\u00eb punonj\u00ebsve tuaj. Pluhuri i im\u00ebt i thithur mund t\u00eb shkaktoj\u00eb probleme &#8230; <\/p>\n<p class=\"read-more-container\"><a title=\"Merrni kontrollin e mjedisit tuaj t\u00eb pun\u00ebs me Dustlight\" class=\"read-more button\" href=\"https:\/\/obera.fr\/sq\/produits\/depoussiereurs-industriels\/drite-pluhuri\/#more-67318\" aria-label=\"Read more about Merrni kontrollin e mjedisit tuaj t\u00eb pun\u00ebs me Dustlight\">Lire la suite<\/a><\/p>\n","protected":false},"author":4,"featured_media":103611,"parent":45693,"menu_order":0,"comment_status":"closed","ping_status":"closed","template":"","meta":{"_acf_changed":false,"_seopress_robots_primary_cat":"","_seopress_titles_title":"Merrni kontrollin e mjedisit tuaj t\u00eb pun\u00ebs me Dustlight","_seopress_titles_desc":"Zbuloni Dustlight t\u00eb OberA-s, nj\u00eb analizues portativ preciz dhe kompakt p\u00ebr zbulimin e pluhurit t\u00eb im\u00ebt. Ideale p\u00ebr monitorimin e cil\u00ebsis\u00eb s\u00eb ajrit.","_seopress_robots_index":"","footnotes":""},"class_list":{"0":"post-67318","1":"page","2":"type-page","3":"status-publish","4":"has-post-thumbnail","6":"no-featured-image-padding","7":"resize-featured-image"},"acf":[],"_links":{"self":[{"href":"https:\/\/obera.fr\/sq\/wp-json\/wp\/v2\/pages\/67318","targetHints":{"allow":["GET"]}}],"collection":[{"href":"https:\/\/obera.fr\/sq\/wp-json\/wp\/v2\/pages"}],"about":[{"href":"https:\/\/obera.fr\/sq\/wp-json\/wp\/v2\/types\/page"}],"author":[{"embeddable":true,"href":"https:\/\/obera.fr\/sq\/wp-json\/wp\/v2\/users\/4"}],"replies":[{"embeddable":true,"href":"https:\/\/obera.fr\/sq\/wp-json\/wp\/v2\/comments?post=67318"}],"version-history":[{"count":2,"href":"https:\/\/obera.fr\/sq\/wp-json\/wp\/v2\/pages\/67318\/revisions"}],"predecessor-version":[{"id":121614,"href":"https:\/\/obera.fr\/sq\/wp-json\/wp\/v2\/pages\/67318\/revisions\/121614"}],"up":[{"embeddable":true,"href":"https:\/\/obera.fr\/sq\/wp-json\/wp\/v2\/pages\/45693"}],"wp:featuredmedia":[{"embeddable":true,"href":"https:\/\/obera.fr\/sq\/wp-json\/wp\/v2\/media\/103611"}],"wp:attachment":[{"href":"https:\/\/obera.fr\/sq\/wp-json\/wp\/v2\/media?parent=67318"}],"curies":[{"name":"wp","href":"https:\/\/api.w.org\/{rel}","templated":true}]}}