{"id":67377,"date":"2020-11-11T20:40:03","date_gmt":"2020-11-11T18:40:03","guid":{"rendered":"https:\/\/obera.fr\/serie-tk\/"},"modified":"2020-11-11T20:40:03","modified_gmt":"2020-11-11T18:40:03","slug":"serie-tk","status":"publish","type":"page","link":"https:\/\/obera.fr\/sq\/serie-tk\/","title":{"rendered":"Seria TK"},"content":{"rendered":"","protected":false},"excerpt":{"rendered":"","protected":false},"author":4,"featured_media":37331,"parent":0,"menu_order":0,"comment_status":"closed","ping_status":"closed","template":"","meta":{"_acf_changed":false,"_seopress_robots_primary_cat":"","_seopress_titles_title":"Seria TK: Fshes\u00eb me korrent t\u00eb vogla p\u00ebr thithje t\u00eb drejtp\u00ebrdrejt\u00eb","_seopress_titles_desc":"Fshesat e vogla t\u00eb seris\u00eb TK jan\u00eb t\u00eb dizajnuara p\u00ebr thithje unike n\u00eb punishtet mekanike dhe kompanit\u00eb e p\u00ebrpunimit t\u00eb metaleve.","_seopress_robots_index":"","footnotes":""},"class_list":{"0":"post-67377","1":"page","2":"type-page","3":"status-publish","4":"has-post-thumbnail","6":"no-featured-image-padding","7":"resize-featured-image"},"acf":[],"_links":{"self":[{"href":"https:\/\/obera.fr\/sq\/wp-json\/wp\/v2\/pages\/67377","targetHints":{"allow":["GET"]}}],"collection":[{"href":"https:\/\/obera.fr\/sq\/wp-json\/wp\/v2\/pages"}],"about":[{"href":"https:\/\/obera.fr\/sq\/wp-json\/wp\/v2\/types\/page"}],"author":[{"embeddable":true,"href":"https:\/\/obera.fr\/sq\/wp-json\/wp\/v2\/users\/4"}],"replies":[{"embeddable":true,"href":"https:\/\/obera.fr\/sq\/wp-json\/wp\/v2\/comments?post=67377"}],"version-history":[{"count":0,"href":"https:\/\/obera.fr\/sq\/wp-json\/wp\/v2\/pages\/67377\/revisions"}],"wp:featuredmedia":[{"embeddable":true,"href":"https:\/\/obera.fr\/sq\/wp-json\/wp\/v2\/media\/37331"}],"wp:attachment":[{"href":"https:\/\/obera.fr\/sq\/wp-json\/wp\/v2\/media?parent=67377"}],"curies":[{"name":"wp","href":"https:\/\/api.w.org\/{rel}","templated":true}]}}