{"id":115340,"date":"2025-06-26T12:05:10","date_gmt":"2025-06-26T10:05:10","guid":{"rendered":"https:\/\/obera.fr\/clearbox\/"},"modified":"2025-06-26T12:08:13","modified_gmt":"2025-06-26T10:08:13","slug":"clearbox","status":"publish","type":"page","link":"https:\/\/obera.fr\/tr\/clearbox\/","title":{"rendered":"Clearbox"},"content":{"rendered":"\n<div class=\"wp-block-columns is-layout-flex wp-container-core-columns-is-layout-28f84493 wp-block-columns-is-layout-flex\">\n<div class=\"wp-block-column is-layout-flow wp-block-column-is-layout-flow\" style=\"flex-basis:33.33%\">\n<figure class=\"wp-block-image aligncenter size-medium\"><img decoding=\"async\" width=\"300\" height=\"267\" src=\"https:\/\/obera.fr\/wp-content\/uploads\/2025\/06\/clearbox-300x267.png\" alt=\"clearbox\" class=\"wp-image-109012\" srcset=\"https:\/\/obera.fr\/wp-content\/uploads\/2025\/06\/clearbox-300x267.png 300w, https:\/\/obera.fr\/wp-content\/uploads\/2025\/06\/clearbox.png 534w\" sizes=\"(max-width: 300px) 100vw, 300px\" \/><figcaption class=\"wp-element-caption\">Clearbox<\/figcaption><\/figure>\n<\/div>\n\n\n\n<div class=\"wp-block-column is-layout-flow wp-block-column-is-layout-flow\" style=\"flex-basis:66.66%\">\n<p class=\"has-drop-cap\"><\/p>\n\n\n\n<hr class=\"wp-block-separator has-text-color has-black-color has-css-opacity has-black-background-color has-background is-style-dots\"\/>\n\n\n\n<div class=\"wp-block-columns is-layout-flex wp-container-core-columns-is-layout-28f84493 wp-block-columns-is-layout-flex\">\n<div class=\"wp-block-column is-layout-flow wp-block-column-is-layout-flow\" style=\"flex-basis:33.33%\">\n<div class=\"wp-block-buttons is-layout-flex wp-block-buttons-is-layout-flex\">\n<div class=\"wp-block-button\"><a class=\"wp-block-button__link wp-element-button\" href=\"https:\/\/obera.fr\/wp-content\/uploads\/2025\/06\/fr-caisson-mobile-daspiration-clearbox-1.pdf\">BRO\u015e\u00dcR\u00dc INDIRIN<\/a><\/div>\n<\/div>\n<\/div>\n\n\n\n<div class=\"wp-block-column is-layout-flow wp-block-column-is-layout-flow\" style=\"flex-basis:33.34%\">\n<div class=\"wp-block-buttons is-horizontal is-content-justification-center is-layout-flex wp-container-core-buttons-is-layout-03627597 wp-block-buttons-is-layout-flex\">\n<div class=\"wp-block-button has-custom-width wp-block-button__width-100\"><a class=\"wp-block-button__link wp-element-button\" href=\"https:\/\/obera.fr\/tr\/bize-ulasin\/\">Daha fazla bilgi edin<\/a><\/div>\n<\/div>\n<\/div>\n\n\n\n<div class=\"wp-block-column is-layout-flow wp-block-column-is-layout-flow\" style=\"flex-basis:33.34%\">\n<div class=\"wp-block-buttons is-content-justification-center is-layout-flex wp-container-core-buttons-is-layout-a89b3969 wp-block-buttons-is-layout-flex\">\n<div class=\"wp-block-button btn-devis-source\"><a class=\"wp-block-button__link wp-element-button\" href=\"https:\/\/obera.fr\/tr\/devis\/\">Fiyat teklifi isteyin<\/a><\/div>\n<\/div>\n\n\n<script>\r\ndocument.addEventListener('DOMContentLoaded', function() {\r\n    \/\/ 1. On cherche le titre H1 de la page\r\n    var h1 = document.querySelector('h1');\r\n    var productTitle = h1 ? h1.innerText.trim() : \"\";\r\n\r\n    \/\/ 2. On cherche les boutons via la classe CSS .btn-devis-source\r\n    var buttons = document.querySelectorAll('.btn-devis-source a');\r\n\r\n    \/\/ 3. Si on a le titre et les boutons, on ajoute le param\u00e8tre\r\n    if (buttons.length > 0 && productTitle !== \"\") {\r\n        var encodedTitle = encodeURIComponent(productTitle);\r\n\r\n        buttons.forEach(function(btn) {\r\n            var currentHref = btn.getAttribute('href');\r\n            \r\n            \/\/ S\u00e9curit\u00e9 pour ne pas ajouter le param\u00e8tre 2 fois\r\n            if (currentHref.indexOf('sujet=') === -1) {\r\n                var separator = currentHref.indexOf('?') !== -1 ? '&' : '?';\r\n                var newLink = currentHref + separator + 'sujet=' + encodedTitle;\r\n                \r\n                btn.setAttribute('href', newLink);\r\n            }\r\n        });\r\n    }\r\n});\r\n<\/script><\/div>\n<\/div>\n\n\n\n<p><\/p>\n<\/div>\n<\/div>\n\n<p>Clearbox, Fransa&#8217;da \u00fcretilen, 5 y\u0131l garantili ve y\u00fcksek performansl\u0131 ak\u0131\u015f h\u0131z\u0131na sahip <strong>mobil<\/strong> bir <strong>ekstraksiyon \u00fcnitesidir<\/strong>. U\u00e7ucu organik bile\u015fikleri (VOC), gazlar\u0131, kokular\u0131, solventleri, tozlar\u0131 ve dumanlar\u0131 ar\u0131tmak i\u00e7in \u00f6zel olarak tasarlanm\u0131\u015ft\u0131r.   <\/p>\n\n<p><\/p>\n\n<p>Bu \u00fcnite 2 ila 3 a\u015famal\u0131 farkl\u0131 filtreleme seviyeleri sunar ve<strong>kirleticilerin ortadan kald\u0131r\u0131lmas\u0131nda<\/strong> optimum verimlili\u011fi garanti ederek \u00f6zel ihtiya\u00e7lar\u0131n\u0131za g\u00f6re yap\u0131land\u0131r\u0131labilir. G4 \u00f6n filtre, toz ve duman i\u00e7in F9 ila H14 doygunluk filtreleri ile donat\u0131lm\u0131\u015ft\u0131r ve <strong>gazlar\u0131n ve VOC&#8217;lerin ar\u0131t\u0131lmas\u0131<\/strong> i\u00e7in aktif karbon i\u00e7erebilir.   <\/p>\n\n<p><\/p>\n\n<p>Dahas\u0131, \u00fc\u00e7 versiyonu mevcuttur: bir emme kolu, borulu bir giri\u015f veya bir <strong>emme masas\u0131 \u015feklinde<\/strong>. ATEX toz versiyonu da mevcuttur. <\/p>\n\n<div class=\"wp-block-columns is-layout-flex wp-container-core-columns-is-layout-28f84493 wp-block-columns-is-layout-flex\">\n<div class=\"wp-block-column is-layout-flow wp-block-column-is-layout-flow\">\n<h2 class=\"wp-block-heading has-text-align-center\"><strong>Avantajlar<\/strong><\/h2>\n\n\n\n<ul class=\"wp-block-list\">\n<li>\u00c7ok y\u00fcksek fan<\/li>\n\n\n\n<li>performans<\/li>\n\n\n\n<li>Susturucu<\/li>\n\n\n\n<li>Mobil, hafif ve kullan\u0131m\u0131 kolay<br\/><\/li>\n\n\n\n<li>Az yer kaplar<br\/><\/li>\n\n\n\n<li>Kolay bak\u0131m<br\/>filtreler<\/li>\n\n\n\n<li>Ak\u0131\u015f h\u0131z\u0131 0 ile<br\/>%100 aras\u0131nda ayarlanabilir.<\/li>\n\n\n\n<li><br\/>standart 230V soketli g\u00fc\u00e7 kayna\u011f\u0131<\/li>\n<\/ul>\n<\/div>\n\n\n\n<div class=\"wp-block-column is-layout-flow wp-block-column-is-layout-flow\">\n<h2 class=\"wp-block-heading has-text-align-center\"><strong>\u00d6zel \u00f6zellikler<\/strong><\/h2>\n\n\n\n<ul class=\"wp-block-list\">\n<li>De\u011fi\u015ftirilmesi<\/li>\n\n\n\n<li>y\u00fcksek performansl\u0131 filtre malzemesi<\/li>\n\n\n\n<li>kolay<\/li>\n\n\n\n<li>Y\u00fckseltilebilir ve yap\u0131land\u0131r\u0131labilir<br\/><\/li>\n\n\n\n<li>Y\u00fcksek adsorpsiyon kapasitesi<br\/><\/li>\n\n\n\n<li>Saat \u00f6l\u00e7er<\/li>\n\n\n\n<li>\u00d6l\u00e7\u00fcm<br\/><br\/> filtrelerindeki kir<\/li>\n\n\n\n<li><br\/>0 ile %100 aras\u0131nda ak\u0131\u015f h\u0131z\u0131 ayar\u0131.<\/li>\n\n\n\n<li>Tak &amp; \u00c7al\u0131\u015ft\u0131r sistemi<\/li>\n\n\n\n<li>ATEX se\u00e7ene\u011fi<br\/>toz<\/li>\n<\/ul>\n<\/div>\n\n\n\n<div class=\"wp-block-column is-layout-flow wp-block-column-is-layout-flow\">\n<h2 class=\"wp-block-heading has-text-align-center\"><strong>\u00d6zellikler<\/strong><\/h2>\n\n\n\n<ul class=\"wp-block-list\">\n<li>Maks. ak\u0131\u015f :<\/li>\n\n\n\n<li>2000m3\/h<\/li>\n\n\n\n<li>Kurulu g\u00fc\u00e7:<br\/>750W<\/li>\n\n\n\n<li>G\u00fc\u00e7 kayna\u011f\u0131: 230V<\/li>\n\n\n\n<li>Boyutlar: 710 x<br\/>710 x 2050<\/li>\n\n\n\n<li>A\u011f\u0131rl\u0131k: 70kg<\/li>\n\n\n\n<li>G\u00fcr\u00fclt\u00fc seviyesi:<br\/>72Db<\/li>\n<\/ul>\n<\/div>\n<\/div>\n\n<h2 class=\"wp-block-heading\">Hangi kullan\u0131mlar i\u00e7in?<\/h2>\n\n<p><strong>Clearbox <\/strong>, gaz halindeki kirleticileri, kokular\u0131, tozlar\u0131 ve dumanlar\u0131 etkili bir \u015fekilde yakalamak ve ar\u0131tmak i\u00e7in tasarlanm\u0131\u015f <strong>kullan\u0131\u015fl\u0131 <\/strong>, kompakt <strong>bir cihazd\u0131r <\/strong>. Tekerleklerle donat\u0131ld\u0131\u011f\u0131ndan her t\u00fcrl\u00fc <strong>\u00e7al\u0131\u015fma alan\u0131na kolayca s\u0131\u011far<\/strong> ve hem sabit hem de mobil i\u015f istasyonlar\u0131n\u0131 tedavi edebilir. <\/p>\n\n<p><br\/>Clearbox <strong>, G4 \u00f6n filtre, F9 ila H14 doygunluk filtreleri <\/strong>ve gerekirse aktif karbon ile donat\u0131lm\u0131\u015ft\u0131r. ATEX toz versiyonu da mevcuttur. \u00dcnitenin d\u00fczg\u00fcn \u00e7al\u0131\u015fmas\u0131 i\u00e7in d\u00fczenli filtre bak\u0131m\u0131 \u015fartt\u0131r.  <\/p>\n\n<div class=\"wp-block-columns is-layout-flex wp-container-core-columns-is-layout-28f84493 wp-block-columns-is-layout-flex\">\n<div class=\"wp-block-column is-layout-flow wp-block-column-is-layout-flow\">\n<h3 class=\"wp-block-heading has-text-align-center\">Kirleticiler<\/h3>\n\n\n\n<hr class=\"wp-block-separator has-css-opacity is-style-wide\"\/>\n\n\n\n<div class=\"wp-block-columns is-layout-flex wp-container-core-columns-is-layout-28f84493 wp-block-columns-is-layout-flex\">\n<div class=\"wp-block-column is-layout-flow wp-block-column-is-layout-flow\">\n<figure class=\"wp-block-image aligncenter size-large\"><img decoding=\"async\" width=\"70\" height=\"70\" src=\"https:\/\/obera.fr\/wp-content\/uploads\/2020\/08\/industrie-fumees.jpg\" alt=\"End&#xFC;stri Duman&#x131;\" class=\"wp-image-722\"\/><figcaption class=\"wp-element-caption\">Dumanlar<\/figcaption><\/figure>\n<\/div>\n\n\n\n<div class=\"wp-block-column is-layout-flow wp-block-column-is-layout-flow\">\n<figure class=\"wp-block-image aligncenter size-large\"><img decoding=\"async\" width=\"70\" height=\"70\" src=\"https:\/\/obera.fr\/wp-content\/uploads\/2020\/08\/polluants-poussieres.jpg\" alt=\"Kirleticiler Toz\" class=\"wp-image-675\"\/><figcaption class=\"wp-element-caption\">Toz<\/figcaption><\/figure>\n<\/div>\n<\/div>\n\n\n\n<div class=\"wp-block-columns is-layout-flex wp-container-core-columns-is-layout-28f84493 wp-block-columns-is-layout-flex\">\n<div class=\"wp-block-column is-layout-flow wp-block-column-is-layout-flow\">\n<figure class=\"wp-block-image aligncenter size-large\"><img decoding=\"async\" width=\"70\" height=\"70\" src=\"https:\/\/obera.fr\/wp-content\/uploads\/2020\/08\/industrie-odeur.jpg\" alt=\"End&#xFC;stri Kokusu\" class=\"wp-image-723\"\/><figcaption class=\"wp-element-caption\">Kokular<\/figcaption><\/figure>\n<\/div>\n\n\n\n<div class=\"wp-block-column is-layout-flow wp-block-column-is-layout-flow\">\n<figure class=\"wp-block-image aligncenter size-large is-resized\"><img decoding=\"async\" width=\"70\" height=\"70\" src=\"https:\/\/obera.fr\/wp-content\/uploads\/2020\/10\/industrie-aerosols.jpg\" alt=\"End&#xFC;stri Aerosolleri\" class=\"wp-image-1201\" style=\"width:70px;height:auto\"\/><figcaption class=\"wp-element-caption\">VOCS<\/figcaption><\/figure>\n<\/div>\n<\/div>\n<\/div>\n\n\n\n<div class=\"wp-block-column is-layout-flow wp-block-column-is-layout-flow\">\n<h3 class=\"wp-block-heading has-text-align-center\">End\u00fcstriler<\/h3>\n\n\n\n<hr class=\"wp-block-separator has-css-opacity is-style-wide\"\/>\n\n\n\n<div class=\"wp-block-columns is-layout-flex wp-container-core-columns-is-layout-28f84493 wp-block-columns-is-layout-flex\">\n<div class=\"wp-block-column is-layout-flow wp-block-column-is-layout-flow\" style=\"flex-basis:100%\">\n<div style=\"height:47px\" aria-hidden=\"true\" class=\"wp-block-spacer\"><\/div>\n\n\n\n<p class=\"has-text-align-center\">Her t\u00fcr end\u00fcstri i\u00e7in uygundur<\/p>\n<\/div>\n\n\n\n<div class=\"wp-block-column is-layout-flow wp-block-column-is-layout-flow\"><\/div>\n<\/div>\n<\/div>\n<\/div>\n\n<div class=\"wp-block-buttons is-horizontal is-content-justification-center is-layout-flex wp-container-core-buttons-is-layout-03627597 wp-block-buttons-is-layout-flex\">\n<div class=\"wp-block-button has-custom-width wp-block-button__width-100\"><a class=\"wp-block-button__link wp-element-button\" href=\"https:\/\/obera.fr\/tr\/bize-ulasin\/\">Daha fazla bilgi edin<\/a><\/div>\n<\/div>\n\n<h2 class=\"wp-block-heading\">Clearbox&#8217;\u0131n \u00f6zellikleri nelerdir?<\/h2>\n\n<p>Clearbox, Fransa&#8217;da \u00fcretilen, 5 y\u0131l garantili ve 2000 m\u00b3\/saat y\u00fcksek performansl\u0131 ak\u0131\u015f h\u0131z\u0131na sahip <strong>mobil bir emi\u015f \u00fcnitesidir<\/strong>. \u0130htiya\u00e7lar\u0131n\u0131za uyacak \u015fekilde yap\u0131land\u0131r\u0131labilen 3 seviyeli y\u00fcksek performansl\u0131 filtreleme \u00f6zelli\u011fine sahiptir. <strong>G4 \u00f6n filtre <\/strong>ve F9 ila H14 doygunluk filtresi ile 2 filtreleme seviyesinde veya aktif karbon ile 3 seviyede mevcuttur.    <\/p>\n\n<p><\/p>\n\n<p>Dahas\u0131, \u00fc\u00e7 versiyonu bulunmaktad\u0131r: emi\u015f kollu, borulu giri\u015fli veya <strong>emi\u015f masas\u0131 \u015feklinde<\/strong> ve ATEX toz versiyonuna da uyarlanabilir. Y\u00fcksek adsorpsiyon kapasitesi sayesinde maksimum say\u0131da kirleticiyi ortadan kald\u0131r\u0131r.   <\/p>\n\n<p><\/p>\n\n<p>Cihaz\u0131n sorunsuz \u00e7al\u0131\u015fmas\u0131n\u0131 sa\u011flamak i\u00e7in d\u00fczenli filtre de\u011fi\u015fimi \u015fartt\u0131r. Dahili filtre t\u0131kan\u0131kl\u0131\u011f\u0131 <strong>\u00f6l\u00e7\u00fcm sistemi<\/strong>, filtre de\u011fi\u015ftirme zaman\u0131n\u0131n geldi\u011fini g\u00f6sterir ve filtre malzemesinin de\u011fi\u015ftirilmesi kolayd\u0131r. <\/p>\n\n<p><\/p>\n\n<p>Tak ve \u00c7al\u0131\u015ft\u0131r \u00f6zelli\u011fi sayesinde kurulumu kolayd\u0131r. Tekerlekler ve <strong>\u00f6zellikle kompakt bir tasar\u0131mla<\/strong> donat\u0131ld\u0131\u011f\u0131ndan manevra yapmas\u0131 kolayd\u0131r ve her t\u00fcrl\u00fc \u00e7al\u0131\u015fma ortam\u0131na uyum sa\u011flar. <\/p>\n\n<p><\/p>\n\n<figure class=\"wp-block-table\"><table class=\"has-fixed-layout\"><tbody><tr><td><strong>Cihaz  <\/strong><\/td><td><\/td><td><strong>Kol ile  <\/strong><\/td><td><strong>Borulu giri\u015f  <\/strong><\/td><td><strong>Tablo<\/strong><\/td><\/tr><tr><td>Maksimum ak\u0131\u015f  <\/td><td>m3\/h  <\/td><td>2000  <\/td><td>2500  <\/td><td>5000<\/td><\/tr><tr><td>Ak\u0131\u015f d\u00fczenlemesi<\/td><td>%\u00a0<\/td><td>0-100  <\/td><td>0-100  <\/td><td>0-100<\/td><\/tr><tr><td>Kurulu kapasite<\/td><td>W  <\/td><td>750  <\/td><td>750  <\/td><td>750<\/td><\/tr><tr><td>G\u00fc\u00e7 kayna\u011f\u0131  <\/td><td>V  <\/td><td>230  <\/td><td>230  <\/td><td>230<\/td><\/tr><tr><td>Genel boyutlar (GxLxY)<\/td><td>mm  <\/td><td>710x710x2050  <\/td><td>710x710x2050  <\/td><td>710x710x2050<\/td><\/tr><tr><td>A\u011f\u0131rl\u0131k  <\/td><td>kg  <\/td><td>70  <\/td><td>75  <\/td><td>75<\/td><\/tr><tr><td>G\u00fcr\u00fclt\u00fc seviyesi  <\/td><td>dB  <\/td><td>72  <\/td><td>72  <\/td><td>72<\/td><\/tr><\/tbody><\/table><\/figure>\n","protected":false},"excerpt":{"rendered":"<p>Clearbox, Fransa&#8217;da \u00fcretilen, 5 y\u0131l garantili ve y\u00fcksek performansl\u0131 ak\u0131\u015f h\u0131z\u0131na sahip mobil bir ekstraksiyon \u00fcnitesidir. U\u00e7ucu organik bile\u015fikleri (VOC), gazlar\u0131, kokular\u0131, solventleri, tozlar\u0131 ve dumanlar\u0131 ar\u0131tmak i\u00e7in \u00f6zel olarak tasarlanm\u0131\u015ft\u0131r. Bu \u00fcnite 2 ila 3 a\u015famal\u0131 farkl\u0131 filtreleme seviyeleri sunar vekirleticilerin ortadan kald\u0131r\u0131lmas\u0131nda optimum verimlili\u011fi garanti ederek \u00f6zel ihtiya\u00e7lar\u0131n\u0131za g\u00f6re yap\u0131land\u0131r\u0131labilir. G4 \u00f6n filtre, toz ve duman i\u00e7in F9 ila H14 doygunluk filtreleri ile donat\u0131lm\u0131\u015ft\u0131r ve gazlar\u0131n ve VOC&#8217;lerin ar\u0131t\u0131lmas\u0131 i\u00e7in aktif karbon i\u00e7erebilir. Dahas\u0131, \u00fc\u00e7 versiyonu mevcuttur: bir emme kolu, borulu bir giri\u015f veya bir emme masas\u0131 \u015feklinde. ATEX toz versiyonu da mevcuttur. Avantajlar \u00d6zel \u00f6zellikler \u00d6zellikler Hangi &#8230; <\/p>\n<p class=\"read-more-container\"><a title=\"Clearbox\" class=\"read-more button\" href=\"https:\/\/obera.fr\/tr\/clearbox\/#more-115340\" aria-label=\"Read more about Clearbox\">Lire la suite<\/a><\/p>\n","protected":false},"author":4,"featured_media":0,"parent":0,"menu_order":0,"comment_status":"closed","ping_status":"closed","template":"","meta":{"_acf_changed":false,"_seopress_robots_primary_cat":"","_seopress_titles_title":"Clearbox: Y\u00fcksek performansl\u0131 mobil emi\u015f \u00fcnitesi","_seopress_titles_desc":"VOC'ler, gazlar, duman ve toz i\u00e7in y\u00fcksek performansl\u0131 mobil emi\u015f \u00fcnitesi Clearbox'\u0131 ke\u015ffedin. Fransa'da \u00fcretilmi\u015ftir, 5 y\u0131l garantilidir, yap\u0131land\u0131r\u0131labilir ve kompaktt\u0131r. ","_seopress_robots_index":"","footnotes":""},"class_list":{"0":"post-115340","1":"page","2":"type-page","3":"status-publish","5":"no-featured-image-padding"},"acf":[],"_links":{"self":[{"href":"https:\/\/obera.fr\/tr\/wp-json\/wp\/v2\/pages\/115340","targetHints":{"allow":["GET"]}}],"collection":[{"href":"https:\/\/obera.fr\/tr\/wp-json\/wp\/v2\/pages"}],"about":[{"href":"https:\/\/obera.fr\/tr\/wp-json\/wp\/v2\/types\/page"}],"author":[{"embeddable":true,"href":"https:\/\/obera.fr\/tr\/wp-json\/wp\/v2\/users\/4"}],"replies":[{"embeddable":true,"href":"https:\/\/obera.fr\/tr\/wp-json\/wp\/v2\/comments?post=115340"}],"version-history":[{"count":1,"href":"https:\/\/obera.fr\/tr\/wp-json\/wp\/v2\/pages\/115340\/revisions"}],"predecessor-version":[{"id":115341,"href":"https:\/\/obera.fr\/tr\/wp-json\/wp\/v2\/pages\/115340\/revisions\/115341"}],"wp:attachment":[{"href":"https:\/\/obera.fr\/tr\/wp-json\/wp\/v2\/media?parent=115340"}],"curies":[{"name":"wp","href":"https:\/\/api.w.org\/{rel}","templated":true}]}}