{"id":121575,"date":"2025-01-17T11:13:01","date_gmt":"2025-01-17T09:13:01","guid":{"rendered":"https:\/\/obera.fr\/produits\/depoussiereurs-industriels\/toz-isigi\/"},"modified":"2025-07-11T11:17:51","modified_gmt":"2025-07-11T09:17:51","slug":"toz-isigi","status":"publish","type":"page","link":"https:\/\/obera.fr\/tr\/produits\/depoussiereurs-industriels\/toz-isigi\/","title":{"rendered":"Dustlight ile \u00e7al\u0131\u015fma ortam\u0131n\u0131z\u0131n kontrol\u00fcn\u00fc elinize al\u0131n"},"content":{"rendered":"\n<div class=\"wp-block-columns is-layout-flex wp-container-core-columns-is-layout-28f84493 wp-block-columns-is-layout-flex\">\n<div class=\"wp-block-column is-layout-flow wp-block-column-is-layout-flow\">\n<div class=\"wp-block-media-text has-media-on-the-right is-stacked-on-mobile\" style=\"grid-template-columns:auto 33%\"><div class=\"wp-block-media-text__content\">\n<p>OberA, ince tozlar\u0131 do\u011fru bir \u015fekilde tespit ve analiz etmek i\u00e7in tasarlanm\u0131\u015f yenilik\u00e7i bir el tipi analiz cihaz\u0131 olan <strong>Dustlight<\/strong>&#8216;\u0131 sunmaktan gurur duyar.  <\/p>\n\n\n\n<p>Kompakt, g\u00fcvenilir ve kullan\u0131m\u0131 kolay olan bu cihaz, hava kalitesini izlemek ve as\u0131l\u0131 partik\u00fclleri tan\u0131mlamak isteyen profesyoneller ve sanayiciler i\u00e7in ideal bir ara\u00e7t\u0131r.<\/p>\n<\/div><figure class=\"wp-block-media-text__media\"><img decoding=\"async\" src=\"https:\/\/lh7-rt.googleusercontent.com\/docsz\/AD_4nXePsRD5Y4gAIBhHibguQOn0U6fgzh-p6iUVppCy2PUUWG4S_QIvoTfNJeagK6httptlC4XtT9kmxghV9258tIgq2J0QFwvU7BowEB_Xe_4_rgzVdEW0mM97dpA7WZj9dGkQUsTtMadi1obMqCXsxII?key=QO8r7RmlolM9MhCfcv5-73XE\" alt=\"Tozla ilgili risklerin \u00f6nlenmesi | Travail-emploi.gouv.fr | Minist\u00e8re du Travail, de la Sant\u00e9, des Solidarit\u00e9s et des Familles\"\/><\/figure><\/div>\n\n\n\n<div style=\"height:41px\" aria-hidden=\"true\" class=\"wp-block-spacer\"><\/div>\n\n\n\n<div class=\"wp-block-buttons is-content-justification-center is-layout-flex wp-container-core-buttons-is-layout-a89b3969 wp-block-buttons-is-layout-flex\">\n<div class=\"wp-block-button\"><a class=\"wp-block-button__link has-text-align-center wp-element-button\" href=\"https:\/\/obera.fr\/formulaire-dustlight\/\">20 G\u00dcNL\u00dcK \u00dcCRETSIZ TEST<\/a><\/div>\n<\/div>\n<\/div>\n<\/div>\n\n<p><\/p>\n\n<p><\/p>\n\n<h2 class=\"wp-block-heading\">\u0130\u015fyerinde solunabilir tozun g\u00f6r\u00fcnmez tehlikesinden kendinizi koruyun<\/h2>\n\n<figure class=\"wp-block-image aligncenter is-resized\"><img decoding=\"async\" src=\"https:\/\/lh7-rt.googleusercontent.com\/docsz\/AD_4nXcOS0Hfg67TC29tD0YKTlwhEbY82uCB9DoKqHN4byLMiiWnWb6_cUR2kTh4CxjF9WQI7qzrJx1chS1E8L9qU3zGeBgcCaStWF9a7mYnCr73_ylzp9tDc1LItbkRpO8_Eg6aBoXNFQRLSfcDQnw1RmM?key=QO8r7RmlolM9MhCfcv5-73XE\" alt=\"Metin i&#xE7;eren bir g&#xF6;r&#xFC;nt&#xFC;, Elektronik cihazlar, Elektronik cihazlar, Ekran g&#xF6;r&#xFC;nt&#xFC;s&#xFC;&#10;&#10;Otomatik olarak olu&#x15F;turulan a&#xE7;&#x131;klama\" style=\"width:617px;height:auto\"\/><figcaption class=\"wp-element-caption\"><strong>Ta\u015f\u0131nabilir ince toz analiz\u00f6r\u00fc<\/strong><\/figcaption><\/figure>\n\n<p>Toz konsantrasyonunu do\u011fru bir \u015fekilde \u00f6l\u00e7mek i\u00e7in Dustlight \u00f6l\u00e7\u00fcm cihaz\u0131n\u0131 kullan\u0131n  <\/p>\n\n<p>ve hem sizin hem de \u00e7al\u0131\u015fanlar\u0131n\u0131z\u0131n sa\u011fl\u0131\u011f\u0131n\u0131 korur.<\/p>\n\n<p><\/p>\n\n<p>Solunabilir ince tozlar solunum yolu hastal\u0131klar\u0131, kardiyovask\u00fcler sorunlar ve kanser gibi ciddi sa\u011fl\u0131k sorunlar\u0131na neden olabilir.<\/p>\n\n<p><\/p>\n\n<p><strong>Dustlight<\/strong> ile, toz maruziyetini \u00f6l\u00e7erek ve uygun koruyucu \u00f6nlemleri alarak bu riskleri etkili bir \u015fekilde en aza indirebilirsiniz.<\/p>\n\n<p><\/p>\n\n<p><strong>Dustlight<\/strong> her saniye toza maruz kalmay\u0131 \u00f6l\u00e7er.  <\/p>\n\n<p>De\u011ferler ak\u0131ll\u0131 telefonumuzda ve web uygulamam\u0131zda g\u00f6r\u00fcnt\u00fclenebilir ve bir rapor olarak indirilebilir.  <\/p>\n\n<p><\/p>\n\n<h2 class=\"wp-block-heading\">Dustlight toz monit\u00f6r\u00fc ile g\u00fcvenli bir \u00e7al\u0131\u015fma ortam\u0131 yarat\u0131n ve \u00e7al\u0131\u015fanlar\u0131n\u0131z\u0131n sa\u011fl\u0131\u011f\u0131na yat\u0131r\u0131m yap\u0131n.<\/h2>\n\n<p><\/p>\n\n<p><strong>Sadece a\u00e7\u0131n ve tam bir g\u00fcvenlik i\u00e7inde \u00e7al\u0131\u015f\u0131n!<\/strong><\/p>\n\n<p><\/p>\n\n<ul class=\"wp-block-list\">\n<li><strong>Toz konsantrasyonlar\u0131n\u0131 ger\u00e7ek zamanl\u0131 olarak haritalay\u0131n ve izleyin<\/strong>: <strong>PM10, PM2.5 ve PM1 <\/strong> <\/li>\n\n\n\n<li><strong>\u0130nsanlar\u0131 solunum korumas\u0131 takmalar\u0131 gerekti\u011fi konusunda h\u0131zl\u0131ca uyar\u0131n<\/strong><\/li>\n\n\n\n<li><strong>Tehlikeli tozlara (CMR) maruz kalma riskinin g\u00f6r\u00fcn\u00fcr k\u0131l\u0131nmas\u0131<\/strong><\/li>\n\n\n\n<li><strong>Kirlilik kaynaklar\u0131n\u0131n belirlenmesi ve daha etkin bir \u015fekilde ele al\u0131nabilmeleri i\u00e7in g\u00f6r\u00fcn\u00fcr hale getirilmesi<\/strong><\/li>\n\n\n\n<li><strong>Fabrikalarda ve \u015fantiyelerde operat\u00f6rlerin korunmas\u0131<\/strong><\/li>\n\n\n\n<li><strong>Solunabilir tozun tan\u0131mlanmas\u0131<\/strong><\/li>\n\n\n\n<li><strong>D\u00fczenleyici tedbirlerin \u00f6ng\u00f6r\u00fclmesi<\/strong><\/li>\n\n\n\n<li><strong>Uygulanm\u0131\u015f bir \u00e7\u00f6z\u00fcm\u00fc do\u011frulama<\/strong><\/li>\n<\/ul>\n\n<div class=\"wp-block-media-text has-media-on-the-right is-stacked-on-mobile\" style=\"grid-template-columns:auto 20%\"><div class=\"wp-block-media-text__content\">\n<p class=\"has-text-align-center\"><strong>Yenilik\u00e7i \u00e7\u00f6z\u00fcm  <\/strong><\/p>\n\n\n\n<p class=\"has-text-align-center\"><strong>Kritik durumlar\u0131n ger\u00e7ek zamanl\u0131 olarak belirlenmesine yard\u0131mc\u0131 olur,<\/strong> <strong>korumaya yard\u0131mc\u0131 olmak<\/strong> <strong>i\u015f\u00e7i sa\u011fl\u0131\u011f\u0131: \u00d6NLEME <\/strong> <\/p>\n<\/div><figure class=\"wp-block-media-text__media\"><img decoding=\"async\" src=\"https:\/\/lh7-rt.googleusercontent.com\/docsz\/AD_4nXeMFP13jbj-PgQg3zsXKleNzM21nevJo4ZMdadvv0-GNt5HN84xZQB6mAnWebn-wFPR-rT_1JpVNez2htbLY9d4Ve75JkuKUHIqs0fLQs9OeMiTljWOFxzfyO-fptezwx-JAYi4g5NCkfxQYE6Rrw?key=QO8r7RmlolM9MhCfcv5-73XE\" alt=\"Click Fast - G\u00f6\u011f\u00fcs Kay\u0131\u015f\u0131\"\/><\/figure><\/div>\n\n<h3 class=\"wp-block-heading\">Basit, g\u00fcvenilir ve sa\u011flam<\/h3>\n\n<p>An\u0131nda tespit: son derece etkili ve do\u011fru bir \u00f6l\u00e7\u00fcm.<\/p>\n\n<p>Renkli ekran ve sesli uyar\u0131 ile h\u0131zl\u0131 toz y\u00fck\u00fc de\u011ferlendirmesi.<\/p>\n\n<p>S\u0131n\u0131r de\u011ferler a\u015f\u0131ld\u0131\u011f\u0131nda size h\u0131zl\u0131 ve net bir g\u00f6sterge sa\u011flayan bir trafik \u0131\u015f\u0131\u011f\u0131 sistemi, b\u00f6ylece hemen harekete ge\u00e7ebilirsiniz.<\/p>\n\n<h3 class=\"wp-block-heading\">Uygulama alanlar\u0131<\/h3>\n\n<ul class=\"wp-block-list\">\n<li>Ah\u015fap end\u00fcstrisi: sert ve yumu\u015fak a\u011fa\u00e7 tozlar\u0131n\u0131n \u00f6l\u00e7\u00fcm\u00fc i\u00e7in \u00f6zel algoritma<\/li>\n\n\n\n<li>Kaynak: kaynak duman\u0131 ve metal tozunun izlenmesi.<\/li>\n\n\n\n<li>Silika ve tozlar gibi maddeler i\u00e7in uygun \u00f6l\u00e7\u00fcm<\/li>\n\n\n\n<li>G\u0131da end\u00fcstrisi<\/li>\n\n\n\n<li>\u00d6zel uygulamalar i\u00e7in yap\u0131land\u0131r\u0131labilir<\/li>\n<\/ul>\n\n<h3 class=\"wp-block-heading\">Teknoloji ve yenilik\u00e7ilik<\/h3>\n\n<ul class=\"wp-block-list\">\n<li>Lazer fotometrik sens\u00f6r<\/li>\n\n\n\n<li>H\u0131zl\u0131, do\u011fru partik\u00fcl tespiti<\/li>\n\n\n\n<li>Sens\u00f6r korumas\u0131<\/li>\n\n\n\n<li>Daha uzun hizmet \u00f6mr\u00fc i\u00e7in filtrelenmi\u015f hava ak\u0131\u015f\u0131 ve otomatik temizleme sistemi.<\/li>\n<\/ul>\n\n<h3 class=\"wp-block-heading\">Test edilmi\u015f ve onaylanm\u0131\u015ft\u0131r<\/h3>\n\n<p>Tehlikeli Maddeler Ara\u015ft\u0131rma Enstit\u00fcs\u00fc (IGF) taraf\u0131ndan onaylanm\u0131\u015ft\u0131r  <\/p>\n\n<p><\/p>\n\n<figure class=\"wp-block-image aligncenter is-resized\"><img decoding=\"async\" src=\"https:\/\/lh7-rt.googleusercontent.com\/docsz\/AD_4nXdpqfRaq3oGk9dAXgZ7x3rjs5SzASfAHYKydUkBgvmnTjZ5JgpSdlKbZKnVxPfWPOjTUifc5SLMAcyDv4ciV6yYT5AQcLkpX61KeDgoaoVP7TC-bwCWL_w0JA6woMYYZDAlgg7ewWyzWQmlIVx4LA?key=QO8r7RmlolM9MhCfcv5-73XE\" alt=\"Dustlight solunabilir toz &#x130;&#x15F;yerinde hava kalitesini izlemek i&#xE7;in &#xF6;l&#xE7;&#xFC;m cihaz&#x131;, end&#xFC;striyel kullan&#x131;m i&#xE7;in sa&#x11F;lam ve ta&#x15F;&#x131;nabilir. Ye&#x15F;il LED, e&#x15F;ik de&#x11F;erin alt&#x131;nda toza maruz kal&#x131;nd&#x131;&#x11F;&#x131;n&#x131; g&#xF6;sterir. \" style=\"width:458px;height:auto\"\/><\/figure>\n\n<h2 class=\"wp-block-heading\">Ana \u00d6zellikler<\/h2>\n\n<h3 class=\"wp-block-heading\">Hassas \u00f6l\u00e7\u00fcmler<\/h3>\n\n<p>PM10, PM2.5 ve PM1 tozlar\u0131n\u0131n 1 \u00b5g\/m\u00b3 \u00e7\u00f6z\u00fcn\u00fcrl\u00fckte izlenmesi.<\/p>\n\n<h3 class=\"wp-block-heading\">G\u00f6rsel Uyar\u0131 Sistemi  <\/h3>\n\n<ul class=\"wp-block-list\">\n<li>LED ekran ve limit de\u011ferlere g\u00f6re \u0131\u015f\u0131kl\u0131 sinyal (ye\u015fil, sar\u0131, k\u0131rm\u0131z\u0131)<\/li>\n\n\n\n<li>TRGS 900 (Almanya&#8217;da VLEP&#8217;e e\u015fde\u011fer)<\/li>\n\n\n\n<li>Mevcut solunabilir toz y\u00fck\u00fcn\u00fcn g\u00f6r\u00fcnt\u00fclenmesi<\/li>\n\n\n\n<li>40 saate kadar pil \u00f6mr\u00fc (eko mod) + \u015farj durumu<\/li>\n<\/ul>\n\n<h3 class=\"wp-block-heading\">Sa\u011flaml\u0131k<\/h3>\n\n<ul class=\"wp-block-list\">\n<li>Geli\u015fmi\u015f toz koruma ekipmanlar\u0131  <\/li>\n\n\n\n<li>maksimum hizmet \u00f6mr\u00fc i\u00e7in (\u00f6n filtreler, filtrelenmi\u015f hava, kendi kendini temizleme)<\/li>\n\n\n\n<li>Kal\u0131c\u0131 olarak temiz sens\u00f6rler i\u00e7in patentli koruma sistemi<\/li>\n\n\n\n<li>Toz ge\u00e7irmez \u015farj soketi<\/li>\n<\/ul>\n\n<h3 class=\"wp-block-heading\">Mod\u00fcler montaj<\/h3>\n\n<ul class=\"wp-block-list\">\n<li>Patentli Klick-Fast uyarlanabilir sistem (klips, Velcro \u015ferit, yama)<\/li>\n<\/ul>\n\n<h3 class=\"wp-block-heading\">Teknik veriler<\/h3>\n\n<ul class=\"wp-block-list\">\n<li>Boyutlar: 69 x 69 x 32,5 mm (klipssiz)<\/li>\n\n\n\n<li>A\u011f\u0131rl\u0131k: 149 g<\/li>\n\n\n\n<li>Pil: Lityum-iyon, a<\/li>\n\n\n\n<li>Koruma derecesi: IP4X<\/li>\n\n\n\n<li>\u00c7al\u0131\u015fma s\u0131cakl\u0131\u011f\u0131 : -10 ila +50 \u00b0C<\/li>\n\n\n\n<li>\u00d6l\u00e7\u00fcm aral\u0131\u011f\u0131: 0 &#8211; 10.000 \u00b5g\/m\u00b3.<\/li>\n\n\n\n<li>\u0130li\u015fkili hizmetler<\/li>\n\n\n\n<li>Spesifik konfig\u00fcrasyonlar: Belirli ortamlar i\u00e7in adaptasyon  <\/li>\n\n\n\n<li>(\u00f6rn. ah\u015fap, kaynak).<\/li>\n\n\n\n<li>Bak\u0131m: Temizlik, yeniden kalibrasyon ve yaz\u0131l\u0131m g\u00fcncellemelerini i\u00e7eren y\u0131ll\u0131k servis.<\/li>\n<\/ul>\n\n<h2 class=\"wp-block-heading\">Dustlight art\u0131k yeni web uygulamas\u0131 ve ak\u0131ll\u0131 telefon uygulamas\u0131 arac\u0131l\u0131\u011f\u0131yla kullan\u0131labilir.  <\/h2>\n\n<ul class=\"wp-block-list\">\n<li>Toz seviyelerini saniyesine kadar kaydeden son teknoloji \u00f6l\u00e7\u00fcm teknolojisi.  <\/li>\n\n\n\n<li>Hava kalitesi standartlar\u0131na uyulmas\u0131na yard\u0131mc\u0131 olacak entegre uyar\u0131 sistemi<\/li>\n\n\n\n<li>Uygulama ve web uygulamas\u0131nda limit de\u011ferlerinin bireysel olarak ayarlanmas\u0131<\/li>\n\n\n\n<li>Kendi belirledi\u011finiz s\u0131n\u0131r de\u011ferler a\u015f\u0131l\u0131r a\u015f\u0131lmaz sesli ve renkli uyar\u0131lar, b\u00f6ylece kararlar erken a\u015famada al\u0131nabilir<\/li>\n\n\n\n<li>Geli\u015fmi\u015f raporlama ve veri analizi &#8211; risk de\u011ferlendirme raporlar\u0131n\u0131 do\u011frudan indirin &#8211; ESG raporlamas\u0131 i\u00e7in \u00f6nemli destek.\n<ul class=\"wp-block-list\">\n<li>CSV veya PDF format\u0131<\/li>\n<\/ul>\n<\/li>\n<\/ul>\n\n<figure class=\"wp-block-image aligncenter is-resized\"><img decoding=\"async\" src=\"https:\/\/lh7-rt.googleusercontent.com\/docsz\/AD_4nXfpUeAu-RQ97rEMo0ogKOvI3id8fXZbwSMJwAgs-GtmaJ_Q5nyjpb40R12sTCs5kSWbL5tB4dLEl37jMKzpdX0-E-_fW3yQnN7Lb1c_7lYFSPlGmw0UjR5Ubi1ZHw8JTmPjIJIIkzYCGP9bS9qSE6Y?key=QO8r7RmlolM9MhCfcv5-73XE\" alt=\"Metin, multimedya, elektronik cihazlar, yaz&#x131;l&#x131;m i&#xE7;eren bir g&#xF6;r&#xFC;nt&#xFC;&#10;&#10;Otomatik olarak olu&#x15F;turulan a&#xE7;&#x131;klama\" style=\"width:800px;height:auto\"\/><\/figure>\n\n<p class=\"has-text-align-center\"><strong>Dustlight&#8217;\u0131n\u0131z\u0131 bug\u00fcn sipari\u015f edin  <\/strong><\/p>\n\n<p class=\"has-text-align-center\"><strong>ve daha g\u00fcvenli bir \u00e7al\u0131\u015fma ortam\u0131n\u0131 garanti edin!<\/strong><\/p>\n\n<div class=\"wp-block-buttons is-content-justification-center is-layout-flex wp-container-core-buttons-is-layout-a89b3969 wp-block-buttons-is-layout-flex\">\n<div class=\"wp-block-button\"><a class=\"wp-block-button__link has-text-align-center wp-element-button\" href=\"https:\/\/obera.fr\/formulaire-dustlight\/\">20 G\u00dcNL\u00dcK \u00dcCRETSIZ TEST<\/a><\/div>\n<\/div>\n","protected":false},"excerpt":{"rendered":"<p>OberA, ince tozlar\u0131 do\u011fru bir \u015fekilde tespit ve analiz etmek i\u00e7in tasarlanm\u0131\u015f yenilik\u00e7i bir el tipi analiz cihaz\u0131 olan Dustlight&#8216;\u0131 sunmaktan gurur duyar. Kompakt, g\u00fcvenilir ve kullan\u0131m\u0131 kolay olan bu cihaz, hava kalitesini izlemek ve as\u0131l\u0131 partik\u00fclleri tan\u0131mlamak isteyen profesyoneller ve sanayiciler i\u00e7in ideal bir ara\u00e7t\u0131r. \u0130\u015fyerinde solunabilir tozun g\u00f6r\u00fcnmez tehlikesinden kendinizi koruyun Toz konsantrasyonunu do\u011fru bir \u015fekilde \u00f6l\u00e7mek i\u00e7in Dustlight \u00f6l\u00e7\u00fcm cihaz\u0131n\u0131 kullan\u0131n ve hem sizin hem de \u00e7al\u0131\u015fanlar\u0131n\u0131z\u0131n sa\u011fl\u0131\u011f\u0131n\u0131 korur. Solunabilir ince tozlar solunum yolu hastal\u0131klar\u0131, kardiyovask\u00fcler sorunlar ve kanser gibi ciddi sa\u011fl\u0131k sorunlar\u0131na neden olabilir. Dustlight ile, toz maruziyetini \u00f6l\u00e7erek ve uygun koruyucu \u00f6nlemleri alarak bu riskleri &#8230; <\/p>\n<p class=\"read-more-container\"><a title=\"Dustlight ile \u00e7al\u0131\u015fma ortam\u0131n\u0131z\u0131n kontrol\u00fcn\u00fc elinize al\u0131n\" class=\"read-more button\" href=\"https:\/\/obera.fr\/tr\/produits\/depoussiereurs-industriels\/toz-isigi\/#more-121575\" aria-label=\"Read more about Dustlight ile \u00e7al\u0131\u015fma ortam\u0131n\u0131z\u0131n kontrol\u00fcn\u00fc elinize al\u0131n\">Lire la suite<\/a><\/p>\n","protected":false},"author":4,"featured_media":103631,"parent":52060,"menu_order":0,"comment_status":"closed","ping_status":"closed","template":"","meta":{"_acf_changed":false,"_seopress_robots_primary_cat":"","_seopress_titles_title":"Dustlight ile \u00e7al\u0131\u015fma ortam\u0131n\u0131z\u0131n kontrol\u00fcn\u00fc elinize al\u0131n","_seopress_titles_desc":"\u0130nce tozlar\u0131 tespit etmek i\u00e7in hassas ve kompakt bir ta\u015f\u0131nabilir analiz\u00f6r olan OberA'n\u0131n Dustlight'\u0131n\u0131 ke\u015ffedin. Hava kalitesini izlemek i\u00e7in idealdir. ","_seopress_robots_index":"","footnotes":""},"class_list":{"0":"post-121575","1":"page","2":"type-page","3":"status-publish","4":"has-post-thumbnail","6":"no-featured-image-padding","7":"resize-featured-image"},"acf":[],"_links":{"self":[{"href":"https:\/\/obera.fr\/tr\/wp-json\/wp\/v2\/pages\/121575","targetHints":{"allow":["GET"]}}],"collection":[{"href":"https:\/\/obera.fr\/tr\/wp-json\/wp\/v2\/pages"}],"about":[{"href":"https:\/\/obera.fr\/tr\/wp-json\/wp\/v2\/types\/page"}],"author":[{"embeddable":true,"href":"https:\/\/obera.fr\/tr\/wp-json\/wp\/v2\/users\/4"}],"replies":[{"embeddable":true,"href":"https:\/\/obera.fr\/tr\/wp-json\/wp\/v2\/comments?post=121575"}],"version-history":[{"count":1,"href":"https:\/\/obera.fr\/tr\/wp-json\/wp\/v2\/pages\/121575\/revisions"}],"predecessor-version":[{"id":121576,"href":"https:\/\/obera.fr\/tr\/wp-json\/wp\/v2\/pages\/121575\/revisions\/121576"}],"up":[{"embeddable":true,"href":"https:\/\/obera.fr\/tr\/wp-json\/wp\/v2\/pages\/52060"}],"wp:featuredmedia":[{"embeddable":true,"href":"https:\/\/obera.fr\/tr\/wp-json\/wp\/v2\/media\/103631"}],"wp:attachment":[{"href":"https:\/\/obera.fr\/tr\/wp-json\/wp\/v2\/media?parent=121575"}],"curies":[{"name":"wp","href":"https:\/\/api.w.org\/{rel}","templated":true}]}}