{"id":50614,"date":"2024-05-07T09:40:58","date_gmt":"2024-05-07T07:40:58","guid":{"rendered":"https:\/\/obera.fr\/mobil-emis-uniteleri-2\/epurbox-tsp-mobil-masa\/"},"modified":"2025-06-30T14:00:37","modified_gmt":"2025-06-30T12:00:37","slug":"epurbox-tsp","status":"publish","type":"page","link":"https:\/\/obera.fr\/tr\/produits\/caissons-mobiles-aspiration\/epurbox-tsp\/","title":{"rendered":"EpurBox TSP"},"content":{"rendered":"\n<div class=\"wp-block-columns is-layout-flex wp-container-core-columns-is-layout-28f84493 wp-block-columns-is-layout-flex\">\n<div class=\"wp-block-column is-vertically-aligned-top is-layout-flow wp-block-column-is-layout-flow\" style=\"flex-basis:33.33%\">\n<figure class=\"wp-block-image aligncenter size-full is-resized\"><img decoding=\"async\" width=\"1200\" height=\"1200\" src=\"https:\/\/obera.fr\/wp-content\/uploads\/2024\/05\/epurbox-tsp.png\" alt=\"epurbox tsp emi&#x307;&#x15F; tablosu\" class=\"wp-image-30348\" style=\"width:296px;height:346px\" srcset=\"https:\/\/obera.fr\/wp-content\/uploads\/2024\/05\/epurbox-tsp.png 1200w, https:\/\/obera.fr\/wp-content\/uploads\/2024\/05\/epurbox-tsp-300x300.png 300w, https:\/\/obera.fr\/wp-content\/uploads\/2024\/05\/epurbox-tsp-1024x1024.png 1024w, https:\/\/obera.fr\/wp-content\/uploads\/2024\/05\/epurbox-tsp-150x150.png 150w, https:\/\/obera.fr\/wp-content\/uploads\/2024\/05\/epurbox-tsp-768x768.png 768w\" sizes=\"(max-width: 1200px) 100vw, 1200px\" \/><figcaption class=\"wp-element-caption\">ePURbox TSP<\/figcaption><\/figure>\n<\/div>\n\n\n\n<div class=\"wp-block-column is-layout-flow wp-block-column-is-layout-flow\" style=\"flex-basis:66.66%\">\n<p><strong>ePURBOX emi\u015f masas\u0131<\/strong> do\u011frudan ePURBOX cihaz\u0131na entegre edilmi\u015ftir. Kokular\u0131 ve VOC&#8217;leri ar\u0131tmak i\u00e7in kendi filtreleme sistemine ve kendi fan\u0131na sahiptir. Arka duvar kaplamas\u0131, emi\u015f tablas\u0131n\u0131n t\u00fcm y\u00fczeyi boyunca y\u00fcksek verimli emi\u015f ve kirleticilerin yakalanmas\u0131n\u0131 sa\u011flar.  <\/p>\n\n\n\n<p>Kaba partik\u00fcller, aktif karbon kartu\u015flar\u0131n\u0131n \u00f6mr\u00fcn\u00fc uzatmak i\u00e7in entegre bir \u00f6n filtre (G4) taraf\u0131ndan yukar\u0131 y\u00f6nde filtrelenir.<\/p>\n\n\n\n<p>Yan duvarlardaki kaplama, masa y\u00fczeyinde \u00e7ok y\u00fcksek d\u00fczeyde koku tutulmas\u0131n\u0131 sa\u011flar. Son olarak, proses havas\u0131 aktif karbon (A tipi) ile filtrelenir ve \u00e7al\u0131\u015fma alan\u0131na yeniden verilebilir. <\/p>\n\n\n\n<hr class=\"wp-block-separator has-css-opacity is-style-dots\"\/>\n\n\n\n<div class=\"wp-block-columns is-layout-flex wp-container-core-columns-is-layout-28f84493 wp-block-columns-is-layout-flex\">\n<div class=\"wp-block-column is-layout-flow wp-block-column-is-layout-flow\" style=\"flex-basis:33.33%\">\n<div class=\"wp-block-buttons is-layout-flex wp-block-buttons-is-layout-flex\">\n<div class=\"wp-block-button\"><a class=\"wp-block-button__link wp-element-button\" href=\"https:\/\/obera.fr\/wp-content\/uploads\/2025\/04\/brochure-epurbox-tsp-atex-fr.pdf\">BRO\u015e\u00dcR\u00dc INDIRIN<\/a><\/div>\n<\/div>\n<\/div>\n\n\n\n<div class=\"wp-block-column is-layout-flow wp-block-column-is-layout-flow\" style=\"flex-basis:33.34%\">\n<div class=\"wp-block-buttons is-horizontal is-content-justification-center is-layout-flex wp-container-core-buttons-is-layout-03627597 wp-block-buttons-is-layout-flex\">\n<div class=\"wp-block-button has-custom-width wp-block-button__width-100\"><a class=\"wp-block-button__link wp-element-button\" href=\"https:\/\/obera.fr\/tr\/bize-ulasin\/\">Daha fazla bilgi edin<\/a><\/div>\n<\/div>\n<\/div>\n\n\n\n<div class=\"wp-block-column is-layout-flow wp-block-column-is-layout-flow\" style=\"flex-basis:33.34%\">\n<div class=\"wp-block-buttons is-content-justification-center is-layout-flex wp-container-core-buttons-is-layout-a89b3969 wp-block-buttons-is-layout-flex\">\n<div class=\"wp-block-button btn-devis-source\"><a class=\"wp-block-button__link wp-element-button\" href=\"https:\/\/obera.fr\/tr\/devis\/\">Fiyat teklifi isteyin<\/a><\/div>\n<\/div>\n\n\n<script>\r\ndocument.addEventListener('DOMContentLoaded', function() {\r\n    \/\/ 1. On cherche le titre H1 de la page\r\n    var h1 = document.querySelector('h1');\r\n    var productTitle = h1 ? h1.innerText.trim() : \"\";\r\n\r\n    \/\/ 2. On cherche les boutons via la classe CSS .btn-devis-source\r\n    var buttons = document.querySelectorAll('.btn-devis-source a');\r\n\r\n    \/\/ 3. Si on a le titre et les boutons, on ajoute le param\u00e8tre\r\n    if (buttons.length > 0 && productTitle !== \"\") {\r\n        var encodedTitle = encodeURIComponent(productTitle);\r\n\r\n        buttons.forEach(function(btn) {\r\n            var currentHref = btn.getAttribute('href');\r\n            \r\n            \/\/ S\u00e9curit\u00e9 pour ne pas ajouter le param\u00e8tre 2 fois\r\n            if (currentHref.indexOf('sujet=') === -1) {\r\n                var separator = currentHref.indexOf('?') !== -1 ? '&' : '?';\r\n                var newLink = currentHref + separator + 'sujet=' + encodedTitle;\r\n                \r\n                btn.setAttribute('href', newLink);\r\n            }\r\n        });\r\n    }\r\n});\r\n<\/script><\/div>\n<\/div>\n\n\n\n<div style=\"height:45px\" aria-hidden=\"true\" class=\"wp-block-spacer\"><\/div>\n<\/div>\n<\/div>\n\n<div class=\"wp-block-columns is-layout-flex wp-container-core-columns-is-layout-28f84493 wp-block-columns-is-layout-flex\">\n<div class=\"wp-block-column is-layout-flow wp-block-column-is-layout-flow\" style=\"flex-basis:33.34%\">\n<h3 class=\"wp-block-heading\">Avantajlar<\/h3>\n\n\n\n<ul class=\"wp-block-list\">\n<li>\u00c7ok y\u00fcksek verimli fan<\/li>\n\n\n\n<li>Susturucu<\/li>\n\n\n\n<li>Mobil, hafif, kullan\u0131m\u0131 kolay<\/li>\n\n\n\n<li>K\u00fc\u00e7\u00fck ayak izi<\/li>\n\n\n\n<li>Kolay filtre bak\u0131m\u0131<\/li>\n\n\n\n<li>Ak\u0131\u015f h\u0131z\u0131 %0 ila %100 aras\u0131nda ayarlanabilir.<\/li>\n\n\n\n<li>Tak &amp; \u00c7al\u0131\u015ft\u0131r sistemi<\/li>\n<\/ul>\n<\/div>\n\n\n\n<div class=\"wp-block-column is-layout-flow wp-block-column-is-layout-flow\" style=\"flex-basis:33.34%\">\n<h3 class=\"wp-block-heading\">\u00d6zel \u00f6zellikler<\/h3>\n\n\n\n<ul class=\"wp-block-list\">\n<li>Filtre medyas\u0131n\u0131n kolay de\u011fi\u015ftirilmesi<\/li>\n\n\n\n<li>Y\u00fckseltilebilir ve yap\u0131land\u0131r\u0131labilir<\/li>\n\n\n\n<li>Atex 2 gaz \/ Atex 22 toz<\/li>\n\n\n\n<li>Y\u00fcksek adsorpsiyon kapasitesi<\/li>\n\n\n\n<li>Saat \u00f6l\u00e7er<\/li>\n\n\n\n<li>Kirli filtre g\u00f6stergesi<\/li>\n\n\n\n<li>220V<\/li>\n<\/ul>\n<\/div>\n\n\n\n<div class=\"wp-block-column is-layout-flow wp-block-column-is-layout-flow\" style=\"flex-basis:33.33%\">\n<h3 class=\"wp-block-heading\">\u00d6zellikler<\/h3>\n\n\n\n<ul class=\"wp-block-list\">\n<li>Maksimum ak\u0131\u015f 1200 m3\/h<\/li>\n\n\n\n<li>giri\u015f \u00e7ap\u0131 140 mm<\/li>\n\n\n\n<li>Maksimum vakum 1350 Pa<\/li>\n\n\n\n<li>G\u00fc\u00e7 de\u011feri 0,75 kW<\/li>\n\n\n\n<li>15 kg aktif karbon filtre<\/li>\n\n\n\n<li>Boyutlar: 700 x 710 x 1060 mm<\/li>\n\n\n\n<li>A\u011f\u0131rl\u0131k 90 kg<\/li>\n\n\n\n<li>G\u00fcr\u00fclt\u00fc seviyesi 68 db<\/li>\n<\/ul>\n<\/div>\n<\/div>\n\n<h3 class=\"wp-block-heading\">Avantajlar<\/h3>\n\n<p>ePURBOX ekstraksiyon masas\u0131 <strong>mobil kullan\u0131m<\/strong> i\u00e7in tasarlanm\u0131\u015ft\u0131r <strong>ve s\u00fcrekli \u00e7al\u0131\u015fmaya uygundur<\/strong>. Sa\u011flam yap\u0131s\u0131 kompakt, kullan\u0131m\u0131 kolay bir ekstraksiyon masas\u0131 sa\u011flar. \u0130\u015flem s\u0131ras\u0131nda toplanan at\u0131klar\u0131n basit ve temiz bir \u015fekilde bertaraf edilmesi i\u00e7in \u0131zgaran\u0131n alt\u0131nda bir \u00e7ekmece bulunur. EC teknolojisi<strong> sessiz <\/strong>ve ekonomik<strong> \u00e7al\u0131\u015fma <\/strong>sa\u011flar.   <\/p>\n\n<h3 class=\"wp-block-heading\">\u00d6zel \u00f6zellikler<\/h3>\n\n<p>ePURBOX emi\u015f tablas\u0131 s\u00fcrekli bir hava ak\u0131\u015f\u0131 ayar d\u00fc\u011fmesine sahiptir. <strong>D\u00f6ner d\u00fc\u011fmeyi <\/strong>kullanarak <strong>hava ak\u0131\u015f\u0131n\u0131 <\/strong>gerekti\u011fi gibi <strong>manuel <\/strong>olarak ayarlayabilirsiniz. Ayr\u0131ca, \u00f6rne\u011fin filtrelerin ne kadar s\u00fcredir i\u00e7eride oldu\u011funu bilmeniz i\u00e7in bir \u00e7al\u0131\u015fma saati sayac\u0131 vard\u0131r, b\u00f6ylece onlar\u0131 ne zaman de\u011fi\u015ftirece\u011finizi bilirsiniz.  <\/p>\n\n<h3 class=\"wp-block-heading\">\u00d6zellikler<\/h3>\n\n<p><strong> ePURBOX emi\u015f masas\u0131n\u0131n<\/strong> tasar\u0131m\u0131nda kullan\u0131lan malzemeler onu sa\u011flam ve kullan\u0131m\u0131 kolay hale getirir. Hareket kabiliyeti ve boyutlar\u0131 bu masay\u0131 verimli bir \u00e7al\u0131\u015fma alan\u0131 haline getirir. <\/p>\n\n<h3 class=\"wp-block-heading\">ePURBOX tablosu ile hangi kirleticiler ar\u0131t\u0131labilir?<\/h3>\n\n<p>ePURBOX TSP emi\u015f tablas\u0131 a\u015fa\u011f\u0131dakilere kar\u015f\u0131 etkilidir.<\/p>\n\n<ul class=\"wp-block-list\">\n<li>Z\u0131mparalama ve ta\u015flama sonucu olu\u015fan partik\u00fcller.<\/li>\n\n\n\n<li>\u0130nce ve ultra ince toz;<\/li>\n\n\n\n<li>Metal duman\u0131 ;<\/li>\n\n\n\n<li>Zararl\u0131 gazlar ve buharlar ;<\/li>\n<\/ul>\n\n<p><\/p>\n\n<div class=\"wp-block-columns is-layout-flex wp-container-core-columns-is-layout-28f84493 wp-block-columns-is-layout-flex\">\n<div class=\"wp-block-column is-layout-flow wp-block-column-is-layout-flow\" style=\"flex-basis:25%\"><\/div>\n\n\n\n<div class=\"wp-block-column is-layout-flow wp-block-column-is-layout-flow\" style=\"flex-basis:50%\">\n<figure class=\"wp-block-embed is-type-video is-provider-youtube wp-block-embed-youtube wp-embed-aspect-16-9 wp-has-aspect-ratio\"><div class=\"wp-block-embed__wrapper\">\n<iframe title=\"Caisson mobile d&#039;aspiration - ePURbox Atex - OberA\" width=\"1200\" height=\"675\" src=\"https:\/\/www.youtube.com\/embed\/vpDttbOwJGQ?start=1&#038;feature=oembed\" frameborder=\"0\" allow=\"accelerometer; autoplay; clipboard-write; encrypted-media; gyroscope; picture-in-picture; web-share\" referrerpolicy=\"strict-origin-when-cross-origin\" allowfullscreen><\/iframe>\n<\/div><\/figure>\n\n\n\n<p><\/p>\n<\/div>\n\n\n\n<div class=\"wp-block-column is-layout-flow wp-block-column-is-layout-flow\" style=\"flex-basis:25%\"><\/div>\n<\/div>\n\n<h2 class=\"wp-block-heading\">ATEX emi\u015f masalar\u0131n\u0131n end\u00fcstriyel uygulamalar\u0131<\/h2>\n\n<div class=\"wp-block-columns is-layout-flex wp-container-core-columns-is-layout-28f84493 wp-block-columns-is-layout-flex\">\n<div class=\"wp-block-column is-layout-flow wp-block-column-is-layout-flow\">\n<h3 class=\"wp-block-heading has-text-align-center\">Kirleticiler<\/h3>\n\n\n\n<div class=\"wp-block-columns is-layout-flex wp-container-core-columns-is-layout-28f84493 wp-block-columns-is-layout-flex\">\n<div class=\"wp-block-column is-layout-flow wp-block-column-is-layout-flow\">\n<figure class=\"wp-block-image aligncenter size-large\"><img decoding=\"async\" width=\"70\" height=\"70\" src=\"https:\/\/obera.fr\/wp-content\/uploads\/2021\/03\/industrie-fumees.jpg\" alt=\"end&#xFC;stri&#x307; dumanlari\" class=\"wp-image-4971\"\/><figcaption class=\"wp-element-caption\">Dumanlar<\/figcaption><\/figure>\n\n\n\n<figure class=\"wp-block-image aligncenter size-large\"><img decoding=\"async\" width=\"70\" height=\"70\" src=\"https:\/\/obera.fr\/wp-content\/uploads\/2021\/03\/industrie-odeur-2.jpg\" alt=\"koku end&#xFC;stri&#x307;si&#x307; 2\" class=\"wp-image-4972\"\/><figcaption class=\"wp-element-caption\">Kokular<\/figcaption><\/figure>\n<\/div>\n\n\n\n<div class=\"wp-block-column is-layout-flow wp-block-column-is-layout-flow\">\n<figure class=\"wp-block-image aligncenter size-large\"><img decoding=\"async\" width=\"70\" height=\"70\" src=\"https:\/\/obera.fr\/wp-content\/uploads\/2021\/03\/polluants-poussieres-1.jpg\" alt=\"toz ki&#x307;rleti&#x307;ci&#x307;ler 1\" class=\"wp-image-4969\"\/><figcaption class=\"wp-element-caption\">Toz<\/figcaption><\/figure>\n<\/div>\n<\/div>\n\n\n\n<p><\/p>\n<\/div>\n\n\n\n<div class=\"wp-block-column is-layout-flow wp-block-column-is-layout-flow\">\n<h3 class=\"wp-block-heading has-text-align-center\">end\u00fcstriler<\/h3>\n\n\n\n<div class=\"wp-block-columns is-layout-flex wp-container-core-columns-is-layout-28f84493 wp-block-columns-is-layout-flex\">\n<div class=\"wp-block-column is-layout-flow wp-block-column-is-layout-flow\">\n<figure class=\"wp-block-image aligncenter size-large\"><img decoding=\"async\" width=\"70\" height=\"70\" src=\"https:\/\/obera.fr\/wp-content\/uploads\/2021\/03\/industrie-metallurgie-1.jpg\" alt=\"metalurji end&#xFC;strisi 1\" class=\"wp-image-4975\"\/><figcaption class=\"wp-element-caption\">Metalurji<\/figcaption><\/figure>\n\n\n\n<figure class=\"wp-block-image aligncenter size-large\"><img decoding=\"async\" width=\"70\" height=\"70\" src=\"https:\/\/obera.fr\/wp-content\/uploads\/2021\/03\/industrie-textile.jpg\" alt=\"teksti&#x307;l end&#xFC;stri&#x307;si&#x307;\" class=\"wp-image-4980\"\/><figcaption class=\"wp-element-caption\">Tekstil<\/figcaption><\/figure>\n\n\n\n<figure class=\"wp-block-image aligncenter size-large\"><img decoding=\"async\" width=\"70\" height=\"70\" src=\"https:\/\/obera.fr\/wp-content\/uploads\/2021\/03\/industrie-chimie-1.jpg\" alt=\"ki&#x307;mya end&#xFC;stri&#x307;si&#x307; 1\" class=\"wp-image-4981\"\/><figcaption class=\"wp-element-caption\">Kimya<\/figcaption><\/figure>\n\n\n\n<figure class=\"wp-block-image aligncenter size-large\"><img decoding=\"async\" width=\"70\" height=\"70\" src=\"https:\/\/obera.fr\/wp-content\/uploads\/2021\/03\/industrie-minerai.jpg\" alt=\"maden end&#xFC;stri&#x307;si&#x307;\" class=\"wp-image-4977\"\/><figcaption class=\"wp-element-caption\">Mineraller<\/figcaption><\/figure>\n<\/div>\n\n\n\n<div class=\"wp-block-column is-layout-flow wp-block-column-is-layout-flow\">\n<figure class=\"wp-block-image aligncenter size-large\"><img decoding=\"async\" width=\"70\" height=\"70\" src=\"https:\/\/obera.fr\/wp-content\/uploads\/2020\/08\/industrie-bois.jpg\" alt=\"PARAMED&#x130;KAL B&#x130;L&#x130;MLER VE Y&#xD6;NET&#x130;M ENST&#x130;T&#xDC;S&#xDC; - Y&#xF6;netim\" class=\"wp-image-672\"\/><figcaption class=\"wp-element-caption\">A\u011fa\u00e7 \u0130\u015fleri<\/figcaption><\/figure>\n\n\n\n<figure class=\"wp-block-image aligncenter size-large\"><img decoding=\"async\" width=\"70\" height=\"70\" src=\"https:\/\/obera.fr\/wp-content\/uploads\/2021\/03\/industrie-plastique.jpg\" alt=\"plasti&#x307;k end&#xFC;stri&#x307;si&#x307;\" class=\"wp-image-4976\"\/><figcaption class=\"wp-element-caption\">Plastikler<\/figcaption><\/figure>\n\n\n\n<figure class=\"wp-block-image aligncenter size-large\"><img decoding=\"async\" width=\"70\" height=\"70\" src=\"https:\/\/obera.fr\/wp-content\/uploads\/2021\/03\/industrie-papier-carton.jpg\" alt=\"ka&#x11F;it ve karton end&#xFC;stri&#x307;si&#x307;\" class=\"wp-image-4982\"\/><figcaption class=\"wp-element-caption\">Ka\u011f\u0131t\/karton<\/figcaption><\/figure>\n\n\n\n<figure class=\"wp-block-image aligncenter size-large\"><img decoding=\"async\" width=\"70\" height=\"70\" src=\"https:\/\/obera.fr\/wp-content\/uploads\/2020\/08\/industrie-dechets.jpg\" alt=\"&#xDC;r&#xFC;n - Marka\" class=\"wp-image-726\"\/><figcaption class=\"wp-element-caption\">At\u0131k toplama ve ayr\u0131\u015ft\u0131rma<\/figcaption><\/figure>\n<\/div>\n<\/div>\n<\/div>\n<\/div>\n\n<p>Havac\u0131l\u0131k ve uzay end\u00fcstrisinde <strong>ePURbox TSP mobil toz emme \u00fcnitesi<\/strong>, ince toz \u00fcreten al\u00fcminyum par\u00e7alar\u0131n z\u0131mparalanmas\u0131 i\u00e7in kullan\u0131l\u0131r. Bu al\u00fcminyum tozlar\u0131, operat\u00f6rler i\u00e7in sa\u011fl\u0131k risklerinin yan\u0131 s\u0131ra <strong>ATEX risk<\/strong>leri de olu\u015fturmaktad\u0131r. \u00dcretici, ePURbox ATEX TSP modelini tercih ederek yan\u0131c\u0131 tozlarla ili\u015fkili riskleri \u00f6nemli \u00f6l\u00e7\u00fcde azaltm\u0131\u015f ve mobil ekipman se\u00e7erek esneklik ihtiyac\u0131n\u0131 kar\u015f\u0131lam\u0131\u015ft\u0131r.  <\/p>\n\n<div class=\"wp-block-buttons is-horizontal is-content-justification-center is-layout-flex wp-container-core-buttons-is-layout-03627597 wp-block-buttons-is-layout-flex\">\n<div class=\"wp-block-button has-custom-width wp-block-button__width-100\"><a class=\"wp-block-button__link wp-element-button\" href=\"https:\/\/obera.fr\/tr\/bize-ulasin\/\">Daha fazla bilgi edin<\/a><\/div>\n<\/div>\n\n<figure class=\"wp-block-table\"><table class=\"has-fixed-layout\"><thead><tr><th>\u00dcr\u00fcn<\/th><th><\/th><th>ePURbox<\/th><\/tr><\/thead><tbody><tr><td>Maks. hava ak\u0131\u015f\u0131<\/td><td>m3\/h<\/td><td>1200<\/td><\/tr><tr><td>Besleme gerilimi<\/td><td>V<\/td><td>220<\/td><\/tr><tr><td>G\u00fc\u00e7<\/td><td>kW<\/td><td>0.75<\/td><\/tr><tr><td>Emme y\u00fczeyi<\/td><td>mm<\/td><td>570 x 460<\/td><\/tr><tr><td>Aktif karbon filtre<\/td><td>kg<\/td><td>15<\/td><\/tr><tr><td>Boyutlar<\/td><td>mm (U x G x Y)<\/td><td>700 x 710 x 1060 mm<\/td><\/tr><tr><td>A\u011f\u0131rl\u0131k<\/td><td>kg<\/td><td>90<\/td><\/tr><tr><td>G\u00fcr\u00fclt\u00fc seviyesi<\/td><td>dB(A)<\/td><td>68<\/td><\/tr><\/tbody><\/table><\/figure>\n","protected":false},"excerpt":{"rendered":"<p>ePURBOX emi\u015f masas\u0131 do\u011frudan ePURBOX cihaz\u0131na entegre edilmi\u015ftir. Kokular\u0131 ve VOC&#8217;leri ar\u0131tmak i\u00e7in kendi filtreleme sistemine ve kendi fan\u0131na sahiptir. Arka duvar kaplamas\u0131, emi\u015f tablas\u0131n\u0131n t\u00fcm y\u00fczeyi boyunca y\u00fcksek verimli emi\u015f ve kirleticilerin yakalanmas\u0131n\u0131 sa\u011flar. Kaba partik\u00fcller, aktif karbon kartu\u015flar\u0131n\u0131n \u00f6mr\u00fcn\u00fc uzatmak i\u00e7in entegre bir \u00f6n filtre (G4) taraf\u0131ndan yukar\u0131 y\u00f6nde filtrelenir. Yan duvarlardaki kaplama, masa y\u00fczeyinde \u00e7ok y\u00fcksek d\u00fczeyde koku tutulmas\u0131n\u0131 sa\u011flar. Son olarak, proses havas\u0131 aktif karbon (A tipi) ile filtrelenir ve \u00e7al\u0131\u015fma alan\u0131na yeniden verilebilir. Avantajlar \u00d6zel \u00f6zellikler \u00d6zellikler Avantajlar ePURBOX ekstraksiyon masas\u0131 mobil kullan\u0131m i\u00e7in tasarlanm\u0131\u015ft\u0131r ve s\u00fcrekli \u00e7al\u0131\u015fmaya uygundur. Sa\u011flam yap\u0131s\u0131 kompakt, kullan\u0131m\u0131 kolay bir &#8230; <\/p>\n<p class=\"read-more-container\"><a title=\"EpurBox TSP\" class=\"read-more button\" href=\"https:\/\/obera.fr\/tr\/produits\/caissons-mobiles-aspiration\/epurbox-tsp\/#more-50614\" aria-label=\"Read more about EpurBox TSP\">Lire la suite<\/a><\/p>\n","protected":false},"author":4,"featured_media":83752,"parent":50565,"menu_order":0,"comment_status":"closed","ping_status":"closed","template":"","meta":{"_acf_changed":false,"_seopress_robots_primary_cat":"","_seopress_titles_title":"Table mobile ePURBOX TSP - oberA","_seopress_titles_desc":"","_seopress_robots_index":"","footnotes":""},"class_list":{"0":"post-50614","1":"page","2":"type-page","3":"status-publish","4":"has-post-thumbnail","6":"no-featured-image-padding","7":"resize-featured-image"},"acf":[],"_links":{"self":[{"href":"https:\/\/obera.fr\/tr\/wp-json\/wp\/v2\/pages\/50614","targetHints":{"allow":["GET"]}}],"collection":[{"href":"https:\/\/obera.fr\/tr\/wp-json\/wp\/v2\/pages"}],"about":[{"href":"https:\/\/obera.fr\/tr\/wp-json\/wp\/v2\/types\/page"}],"author":[{"embeddable":true,"href":"https:\/\/obera.fr\/tr\/wp-json\/wp\/v2\/users\/4"}],"replies":[{"embeddable":true,"href":"https:\/\/obera.fr\/tr\/wp-json\/wp\/v2\/comments?post=50614"}],"version-history":[{"count":19,"href":"https:\/\/obera.fr\/tr\/wp-json\/wp\/v2\/pages\/50614\/revisions"}],"predecessor-version":[{"id":116242,"href":"https:\/\/obera.fr\/tr\/wp-json\/wp\/v2\/pages\/50614\/revisions\/116242"}],"up":[{"embeddable":true,"href":"https:\/\/obera.fr\/tr\/wp-json\/wp\/v2\/pages\/50565"}],"wp:featuredmedia":[{"embeddable":true,"href":"https:\/\/obera.fr\/tr\/wp-json\/wp\/v2\/media\/83752"}],"wp:attachment":[{"href":"https:\/\/obera.fr\/tr\/wp-json\/wp\/v2\/media?parent=50614"}],"curies":[{"name":"wp","href":"https:\/\/api.w.org\/{rel}","templated":true}]}}