{"id":50646,"date":"2024-04-05T23:11:29","date_gmt":"2024-04-05T21:11:29","guid":{"rendered":"https:\/\/obera.fr\/aspiratorler-eurosog-rg-100-800-serisi\/"},"modified":"2025-06-03T11:43:32","modified_gmt":"2025-06-03T09:43:32","slug":"ventilateurs-aspiration-gamme-eurosog-rg-100-800","status":"publish","type":"page","link":"https:\/\/obera.fr\/tr\/produits\/aspirateurs-industriels\/ventilateurs-aspiration-gamme-eurosog-rg-100-800\/","title":{"rendered":"Aspirat\u00f6rler: EUROSOG RG 100-800 serisi"},"content":{"rendered":"\n<p>RG 100 ila RG 800 kompakt fan serimiz, \u00e7al\u0131\u015fma alanlar\u0131n\u0131zda bulunan kirli havay\u0131 \u00e7ekerek ve iterek daha sa\u011fl\u0131kl\u0131 bir ortam sa\u011flar.<\/p>\n\n\n\n<h2 class=\"wp-block-heading\">RG Serisi: egzoz fanlar\u0131n\u0131n \u00e7al\u0131\u015fmas\u0131 ve kullan\u0131m\u0131<\/h2>\n\n\n\n<div class=\"wp-block-columns is-layout-flex wp-container-core-columns-is-layout-28f84493 wp-block-columns-is-layout-flex\">\n<div class=\"wp-block-column is-layout-flow wp-block-column-is-layout-flow\" style=\"flex-basis:33.33%\">\n<figure class=\"wp-block-image size-full\"><img decoding=\"async\" width=\"600\" height=\"600\" src=\"https:\/\/obera.fr\/wp-content\/uploads\/2024\/04\/obera-ventilateur-aspiration-rg-300-400.jpg\" alt=\"obera emi\u0307\u015f fani rg 300 400\" class=\"wp-image-29437\" srcset=\"https:\/\/obera.fr\/wp-content\/uploads\/2024\/04\/obera-ventilateur-aspiration-rg-300-400.jpg 600w, https:\/\/obera.fr\/wp-content\/uploads\/2024\/04\/obera-ventilateur-aspiration-rg-300-400-300x300.jpg 300w, https:\/\/obera.fr\/wp-content\/uploads\/2024\/04\/obera-ventilateur-aspiration-rg-300-400-150x150.jpg 150w\" sizes=\"(max-width: 600px) 100vw, 600px\" \/><\/figure>\n<\/div>\n\n\n\n<div class=\"wp-block-column is-layout-flow wp-block-column-is-layout-flow\" style=\"flex-basis:66.66%\">\n<p>RG serisi fanlar (100, 200, 300, 400, 500, 600, 700, 800), \u00fcretim birimlerinizde olu\u015fan toz, end\u00fcstriyel duman ve di\u011fer kirleticilerin emilmesi i\u00e7in \u00e7\u00f6z\u00fcmler sunar. Ar\u0131t\u0131lm\u0131\u015f havan\u0131n dola\u015f\u0131m\u0131n\u0131 ve bas\u0131nc\u0131n\u0131n d\u00fc\u015f\u00fcr\u00fclmesini sa\u011flarlar. \u00c7ok y\u00f6nl\u00fc ve kompakt olan sistem, g\u00f6vdenin i\u00e7indeki bir elektrik motorunu kullanarak fan giri\u015finde (pervanenin d\u00f6n\u00fc\u015f\u00fc) bir vakum olu\u015fturarak havay\u0131 \u00e7eker. Kutu, i\u00e7eri \u00e7ekilen havay\u0131 \u00e7al\u0131\u015fma alan\u0131ndan tahliye etmek i\u00e7in \u00e7\u0131k\u0131\u015fa (d\u0131\u015far\u0131ya) do\u011fru kanalize eder ve iter. RG serisi ayn\u0131 anda bir veya daha fazla i\u015f istasyonunu\/makineyi vakumlayabilir.  <\/p>\n\n\n\n<p>Ne ama\u00e7la? Bu ekipman her t\u00fcr end\u00fcstri i\u00e7in idealdir ve toz, gaz, koku ve duman\u0131 \u00e7\u0131karma kapasitesine sahiptir. \u0130nce partik\u00fclleri yakalamak i\u00e7in filtrelerle donat\u0131labilirler.<\/p>\n\n\n\n<div class=\"wp-block-columns is-layout-flex wp-container-core-columns-is-layout-28f84493 wp-block-columns-is-layout-flex\">\n<div class=\"wp-block-column is-layout-flow wp-block-column-is-layout-flow\" style=\"flex-basis:30%\">\n<div class=\"wp-block-buttons is-layout-flex wp-block-buttons-is-layout-flex\">\n<div class=\"wp-block-button\"><a class=\"wp-block-button__link wp-element-button\" href=\"https:\/\/obera.fr\/wp-content\/uploads\/2025\/06\/brochure-rg-100-800-en.pdf\">BRO\u015e\u00dcR\u00dc INDIRIN<\/a><\/div>\n<\/div>\n<\/div>\n\n\n\n<div class=\"wp-block-column is-layout-flow wp-block-column-is-layout-flow\" style=\"flex-basis:30%\">\n<div class=\"wp-block-buttons is-layout-flex wp-block-buttons-is-layout-flex\">\n<div class=\"wp-block-button\"><a class=\"wp-block-button__link wp-element-button\" href=\"https:\/\/obera.fr\/contact\/\">KI\u015eISELLE\u015eTIRILMI\u015e TAVSIYEYE MI IHTIYACINIZ VAR?<\/a><\/div>\n<\/div>\n<\/div>\n\n\n\n<div class=\"wp-block-column is-layout-flow wp-block-column-is-layout-flow\" style=\"flex-basis:30%\">\n<div class=\"wp-block-buttons is-content-justification-center is-layout-flex wp-container-core-buttons-is-layout-a89b3969 wp-block-buttons-is-layout-flex\">\n<div class=\"wp-block-button btn-devis-source\"><a class=\"wp-block-button__link wp-element-button\" href=\"https:\/\/obera.fr\/tr\/devis\/\">Fiyat teklifi isteyin<\/a><\/div>\n<\/div>\n\n\n<script>\r\ndocument.addEventListener('DOMContentLoaded', function() {\r\n    \/\/ 1. On cherche le titre H1 de la page\r\n    var h1 = document.querySelector('h1');\r\n    var productTitle = h1 ? h1.innerText.trim() : \"\";\r\n\r\n    \/\/ 2. On cherche les boutons via la classe CSS .btn-devis-source\r\n    var buttons = document.querySelectorAll('.btn-devis-source a');\r\n\r\n    \/\/ 3. Si on a le titre et les boutons, on ajoute le param\u00e8tre\r\n    if (buttons.length > 0 && productTitle !== \"\") {\r\n        var encodedTitle = encodeURIComponent(productTitle);\r\n\r\n        buttons.forEach(function(btn) {\r\n            var currentHref = btn.getAttribute('href');\r\n            \r\n            \/\/ S\u00e9curit\u00e9 pour ne pas ajouter le param\u00e8tre 2 fois\r\n            if (currentHref.indexOf('sujet=') === -1) {\r\n                var separator = currentHref.indexOf('?') !== -1 ? '&' : '?';\r\n                var newLink = currentHref + separator + 'sujet=' + encodedTitle;\r\n                \r\n                btn.setAttribute('href', newLink);\r\n            }\r\n        });\r\n    }\r\n});\r\n<\/script><\/div>\n<\/div>\n<\/div>\n<\/div>\n\n\n\n<h2 class=\"wp-block-heading\">OberA emi\u015f fanlar\u0131n\u0131n teknik \u00f6zellikleri nelerdir?<\/h2>\n\n\n\n<p>RG serisi, 0,55 kW ila 7,5 kW aras\u0131nda motor performans\u0131 se\u00e7enekleri sunar. Bu, y\u00fczey alan\u0131n\u0131za en uygun emi\u015f fan\u0131 modelini bulman\u0131z\u0131 sa\u011flar.  <\/p>\n\n\n\n<p>Korozyon ve tozun neden oldu\u011fu bozulma riskine daha fazla kar\u015f\u0131 koymak i\u00e7in fanlar sa\u011flam malzemelerden yap\u0131lm\u0131\u015ft\u0131r ve g\u0131da end\u00fcstrisi i\u00e7in paslanmaz \u00e7elik versiyonu mevcuttur (iste\u011fe ba\u011fl\u0131). Bir ba\u015fka se\u00e7enek de yan\u0131c\u0131 toz \u00fcreten faaliyetler i\u00e7in k\u0131v\u0131lc\u0131m ge\u00e7irmez bir versiyondur.<\/p>\n\n\n\n<blockquote class=\"wp-block-quote is-layout-flow wp-block-quote-is-layout-flow\">\n<p>Bilmekte fayda var: Tahliye \u00e7\u00f6z\u00fcmlerimiz, yakalama tahliye sistemlerimizle birle\u015ftirilebilir. \u0130htiya\u00e7lar\u0131n\u0131za (kirletici t\u00fcr\u00fc, y\u00fczey alan\u0131, faaliyet sekt\u00f6r\u00fc) ba\u011fl\u0131 olarak, havan\u0131n m\u00fcmk\u00fcn olan en iyi \u015fekilde emilmesini ve yenilenmesini sa\u011flamak i\u00e7in m\u00fcmk\u00fcn olan en iyi kombinasyon konusunda size tavsiyede bulunabiliriz.<\/p>\n<\/blockquote>\n\n\n\n<p>Boyutlar a\u00e7\u0131s\u0131ndan RG 100 ila RG 800 fanlar \u00e7ok az yer kaplar: en kompakt versiyon i\u00e7in L535 x W450 x H480 \u201cden en b\u00fcy\u00fck model i\u00e7in L820 x W1.000 x H1.198\u201d e kadar, yine de \u00e7ok az yer gerektiren ekipmanlard\u0131r. \u00c7al\u0131\u015fanlar\u0131n konforu i\u00e7in 83 dB(A) ila 84 dB(A) aras\u0131nda d\u00fc\u015f\u00fck bir g\u00fcr\u00fclt\u00fc seviyesi de sunarlar.<\/p>\n\n\n\n<h3 class=\"wp-block-heading has-text-align-center\">END\u00dcSTR\u0130LER<\/h3>\n\n\n\n<div class=\"wp-block-columns is-layout-flex wp-container-core-columns-is-layout-28f84493 wp-block-columns-is-layout-flex\">\n<div class=\"wp-block-column is-layout-flow wp-block-column-is-layout-flow\">\n<hr class=\"wp-block-separator has-alpha-channel-opacity\"\/>\n\n\n\n<div class=\"wp-block-columns is-layout-flex wp-container-core-columns-is-layout-28f84493 wp-block-columns-is-layout-flex\">\n<div class=\"wp-block-column is-layout-flow wp-block-column-is-layout-flow\">\n<figure class=\"wp-block-image aligncenter size-thumbnail is-resized\"><img decoding=\"async\" width=\"150\" height=\"150\" src=\"https:\/\/obera.fr\/wp-content\/uploads\/2022\/02\/Textile-150x150.png\" alt=\"teksti\u0307l\" class=\"wp-image-8855\"\/><figcaption class=\"wp-element-caption\">Tekstil<\/figcaption><\/figure>\n\n\n\n<figure class=\"wp-block-image aligncenter size-thumbnail is-resized\"><img decoding=\"async\" width=\"150\" height=\"150\" src=\"https:\/\/obera.fr\/wp-content\/uploads\/2022\/02\/Plastique-150x150.png\" alt=\"plastik\" class=\"wp-image-8854\"\/><figcaption class=\"wp-element-caption\">Plastik<\/figcaption><\/figure>\n<\/div>\n\n\n\n<div class=\"wp-block-column is-layout-flow wp-block-column-is-layout-flow\">\n<figure class=\"wp-block-image aligncenter size-thumbnail is-resized\"><img decoding=\"async\" width=\"150\" height=\"150\" src=\"https:\/\/obera.fr\/wp-content\/uploads\/2022\/02\/MINERAIS-150x150.png\" alt=\"cevherler\" class=\"wp-image-8847\"\/><figcaption class=\"wp-element-caption\">Mineraller<\/figcaption><\/figure>\n\n\n\n<figure class=\"wp-block-image aligncenter size-thumbnail is-resized\"><img decoding=\"async\" width=\"150\" height=\"150\" src=\"https:\/\/obera.fr\/wp-content\/uploads\/2022\/02\/Metalurgie-150x150.png\" alt=\"METALURJ\u0130\" class=\"wp-image-8857\"\/><figcaption class=\"wp-element-caption\">Metalurji<\/figcaption><\/figure>\n\n\n\n<figure class=\"wp-block-image aligncenter size-thumbnail is-resized\"><img decoding=\"async\" width=\"150\" height=\"150\" src=\"https:\/\/obera.fr\/wp-content\/uploads\/2023\/02\/sans-titre-2023-02-14t102211.641-150x150.png\" alt=\"Tar\u0131m\" class=\"wp-image-18828\"\/><figcaption class=\"wp-element-caption\">Tar\u0131m<\/figcaption><\/figure>\n<\/div>\n<\/div>\n<\/div>\n\n\n\n<div class=\"wp-block-column is-layout-flow wp-block-column-is-layout-flow\">\n<hr class=\"wp-block-separator has-alpha-channel-opacity\"\/>\n\n\n\n<div class=\"wp-block-columns is-layout-flex wp-container-core-columns-is-layout-28f84493 wp-block-columns-is-layout-flex\">\n<div class=\"wp-block-column is-layout-flow wp-block-column-is-layout-flow\">\n<figure class=\"wp-block-image aligncenter size-thumbnail is-resized\"><img decoding=\"async\" width=\"150\" height=\"150\" src=\"https:\/\/obera.fr\/wp-content\/uploads\/2022\/02\/Chimie-150x150.png\" alt=\"K\u0130MYA\" class=\"wp-image-8846\"\/><figcaption class=\"wp-element-caption\">Kimya<\/figcaption><\/figure>\n\n\n\n<figure class=\"wp-block-image aligncenter size-thumbnail is-resized\"><img decoding=\"async\" width=\"150\" height=\"150\" src=\"https:\/\/obera.fr\/wp-content\/uploads\/2022\/02\/Travail-du-bois-150x150.png\" alt=\"a\u011fa\u00e7 i\u0307\u015fleri\u0307\" class=\"wp-image-8856\"\/><figcaption class=\"wp-element-caption\">A\u011fa\u00e7 \u0130\u015fleri<\/figcaption><\/figure>\n\n\n\n<figure class=\"wp-block-image aligncenter size-thumbnail is-resized\"><img decoding=\"async\" width=\"150\" height=\"150\" src=\"https:\/\/obera.fr\/wp-content\/uploads\/2023\/02\/sans-titre-2023-02-14t101920.185-150x150.png\" alt=\"Havac\u0131l\u0131k\" class=\"wp-image-18831\"\/><figcaption class=\"wp-element-caption\">Havac\u0131l\u0131k<\/figcaption><\/figure>\n<\/div>\n\n\n\n<div class=\"wp-block-column is-layout-flow wp-block-column-is-layout-flow\">\n<figure class=\"wp-block-image aligncenter size-thumbnail is-resized\"><img decoding=\"async\" width=\"150\" height=\"150\" src=\"https:\/\/obera.fr\/wp-content\/uploads\/2022\/02\/AGROALIMENTAIRE-150x150.png\" alt=\"tar\u0131msal g\u0131da\" class=\"wp-image-8844\"\/><figcaption class=\"wp-element-caption\">G\u0131da end\u00fcstrisi<\/figcaption><\/figure>\n\n\n\n<figure class=\"wp-block-image aligncenter size-thumbnail is-resized\"><img decoding=\"async\" width=\"150\" height=\"150\" src=\"https:\/\/obera.fr\/wp-content\/uploads\/2022\/02\/Papier-carton-150x150.png\" alt=\"ka\u011f\u0131t ve karton\" class=\"wp-image-8853\"\/><figcaption class=\"wp-element-caption\">Ka\u011f\u0131t\/Karton<\/figcaption><\/figure>\n\n\n\n<figure class=\"wp-block-image aligncenter size-thumbnail is-resized\"><img decoding=\"async\" width=\"150\" height=\"150\" src=\"https:\/\/obera.fr\/wp-content\/uploads\/2023\/02\/sans-titre-2023-02-14t101712.416-150x150.png\" alt=\"Otomotiv\" class=\"wp-image-18834\"\/><figcaption class=\"wp-element-caption\">Otomotiv<\/figcaption><\/figure>\n<\/div>\n<\/div>\n<\/div>\n<\/div>\n\n\n\n<figure class=\"wp-block-table\"><table class=\"has-fixed-layout\"><thead><tr><th><br>100<\/th><th>200<\/th><th>300<\/th><th>400<\/th><th>500<\/th><th>600<\/th><th>700<\/th><th>800<\/th><\/tr><\/thead><tbody><tr><td>Maksimum ak\u0131\u015f h\u0131z\u0131 m3\/h<\/td><td>1.000<\/td><td>2.000<\/td><td>3.000<\/td><td>3.200<\/td><td>4.000<\/td><td>5.5000<\/td><td>7.000<\/td><td>8.000<\/td><\/tr><tr><td>Ba\u011flant\u0131\/\u00e7\u0131k\u0131\u015f \u00e7ap\u0131 mm<\/td><td>100<\/td><td>150<\/td><td>180<\/td><td>250\/315<\/td><td>250\/315<\/td><td>315\/355<\/td><td>315\/400<\/td><td>355\/400<\/td><\/tr><tr><td>Maksimum vakum Pa<\/td><td>1.400<\/td><td>1.600<\/td><td>2.300<\/td><td>3.150<\/td><td>3.400<\/td><td>3.400<\/td><td>3.400<\/td><td>3.950<\/td><\/tr><tr><td>Besleme gerilimi V<\/td><td>400<\/td><td>400<\/td><td>400<\/td><td>400<\/td><td>400<\/td><td>400<\/td><td>400<\/td><td>400<\/td><\/tr><tr><td>G\u00fc\u00e7 kW<\/td><td>0.5<\/td><td>1.1<\/td><td>2.2<\/td><td>3.0<\/td><td>4.0<\/td><td>5.5<\/td><td>5.5<\/td><td>7.5<\/td><\/tr><tr><td>Boyutlar (L\/W\/H)<\/td><td>535x450x480<\/td><td>595x520x555<\/td><td>640x535x610<\/td><td>711x700x1.012<\/td><td>711x700x1.012<\/td><td>737x700x1.062<\/td><td>762x700x1.062<\/td><td>820&#215;1,000&#215;1,198<\/td><\/tr><tr><td>G\u00fcr\u00fclt\u00fc seviyesi dB(A)<\/td><td>80<\/td><td>82<\/td><td>84<\/td><td>84<\/td><td>84<\/td><td>84<\/td><td>83<\/td><td>84<\/td><\/tr><\/tbody><\/table><\/figure>\n\n\n\n<div class=\"wp-block-buttons is-content-justification-center is-layout-flex wp-container-core-buttons-is-layout-a89b3969 wp-block-buttons-is-layout-flex\">\n<div class=\"wp-block-button\"><a class=\"wp-block-button__link wp-element-button\" href=\"https:\/\/obera.fr\/wp-content\/uploads\/2024\/04\/obera_brochure-rg-100-800-fr.pdf\">\u00dcR\u00dcN VERI\u0307 SAYFASINI I\u0307NDI\u0307RI\u0307N<\/a><\/div>\n<\/div>\n\n\n\n<h2 class=\"wp-block-heading\">RG 100 ila RG 800 fanlar\u0131n avantajlar\u0131na odaklan\u0131n<\/h2>\n\n\n\n<p>Hava kalitesini ve ekiplerinizin g\u00fcvenli\u011fini \u00f6nemli \u00f6l\u00e7\u00fcde art\u0131ran bir \u00e7\u00f6z\u00fcm oldu\u011fu i\u00e7in faydalar\u0131 \u00f6ncelikle insanidir. Yine \u00e7al\u0131\u015fanlar\u0131n konforu i\u00e7in g\u00fcr\u00fclt\u00fc seviyesi d\u00fc\u015f\u00fck tutularak \u00e7al\u0131\u015fanlar\u0131n \u00fcretkenli\u011fi sa\u011flan\u0131r.  <\/p>\n\n\n\n<p>\u0130yi bir toz ve duman tahliyesi, tozun k\u0131v\u0131lc\u0131mlarla temas etmesi veya \u00fcretim makinelerini t\u0131kamas\u0131 durumunda ortaya \u00e7\u0131kabilecek yang\u0131n ve patlama riskini de azalt\u0131r.<\/p>\n\n\n\n<p>Son olarak, kompakt tasar\u0131mlar\u0131na ra\u011fmen, RG serisindeki egzoz fanlar\u0131n\u0131n t\u00fcm\u00fc y\u00fcksek performansl\u0131d\u0131r ve at\u00f6lyelerinizde temiz havan\u0131n keyfini \u00e7\u0131karmak s\u00f6z konusu oldu\u011funda d\u00fc\u015f\u00fck bir yat\u0131r\u0131m\u0131 temsil eder.<\/p>\n\n\n\n<div class=\"wp-block-columns is-layout-flex wp-container-core-columns-is-layout-28f84493 wp-block-columns-is-layout-flex\">\n<div class=\"wp-block-column is-layout-flow wp-block-column-is-layout-flow\" style=\"flex-basis:33.34%\">\n<h3 class=\"wp-block-heading\">Avantajlar :<\/h3>\n\n\n\n<ul class=\"wp-block-list\">\n<li>D\u00fc\u015f\u00fck i\u015fletme maliyetleri ;<\/li>\n\n\n\n<li>Sa\u011flam yap\u0131.<\/li>\n<\/ul>\n<\/div>\n\n\n\n<div class=\"wp-block-column is-layout-flow wp-block-column-is-layout-flow\" style=\"flex-basis:33.34%\">\n<h3 class=\"wp-block-heading\">\u00d6zel \u00f6zellikler:<\/h3>\n\n\n\n<ul class=\"wp-block-list\">\n<li>Kompakt tasar\u0131m ;<\/li>\n\n\n\n<li>Bir veya daha fazla i\u015f istasyonunun veya makinenin vakumlanmas\u0131;<\/li>\n\n\n\n<li>Bir toz toplay\u0131c\u0131 veya yakalama tahliye sistemi ile birle\u015ftirilebilir.<\/li>\n<\/ul>\n<\/div>\n\n\n\n<div class=\"wp-block-column is-layout-flow wp-block-column-is-layout-flow\" style=\"flex-basis:33.33%\">\n<h3 class=\"wp-block-heading\">\u00d6zellikler :<\/h3>\n\n\n\n<ul class=\"wp-block-list\">\n<li>End\u00fcstriyel m\u00fc\u015fterilerin ihtiya\u00e7lar\u0131n\u0131 kar\u015f\u0131lamak i\u00e7in geni\u015f bir motor performans\u0131 yelpazesi;<\/li>\n\n\n\n<li>Opsiyonel ekstralar: g\u0131da s\u0131n\u0131f\u0131 paslanmaz \u00e7elik, alternatif ak\u0131m (RG 100 ve RG 200), sol motor, de\u011fi\u015fken \u00e7\u0131k\u0131\u015f \u00e7ap\u0131, d\u0131\u015f mekanda kurulum i\u00e7in ses yal\u0131t\u0131ml\u0131 ve s\u0131zd\u0131rmaz kasa.<\/li>\n<\/ul>\n<\/div>\n<\/div>\n\n\n\n<div class=\"wp-block-buttons is-horizontal is-content-justification-center is-layout-flex wp-container-core-buttons-is-layout-03627597 wp-block-buttons-is-layout-flex\">\n<div class=\"wp-block-button has-custom-width wp-block-button__width-100\"><a class=\"wp-block-button__link wp-element-button\" href=\"https:\/\/obera.fr\/tr\/bize-ulasin\/\">Daha fazla bilgi edin<\/a><\/div>\n<\/div>\n\n\n\n<h2 class=\"wp-block-heading\">Serideki di\u011fer end\u00fcstriyel s\u00fcp\u00fcrgeler<\/h2>\n\n\n\n<div class=\"wp-block-columns is-layout-flex wp-container-core-columns-is-layout-28f84493 wp-block-columns-is-layout-flex\">\n<div class=\"wp-block-column is-layout-flow wp-block-column-is-layout-flow\">\n<figure class=\"wp-block-image aligncenter size-full is-resized\"><img decoding=\"async\" width=\"566\" height=\"671\" src=\"https:\/\/obera.fr\/wp-content\/uploads\/2024\/10\/w2-xr-2.png\" alt=\"End\u00fcstriyel s\u00fcp\u00fcrgeler\" class=\"wp-image-35431\" style=\"aspect-ratio:1;object-fit:cover;width:282px;height:auto\" srcset=\"https:\/\/obera.fr\/wp-content\/uploads\/2024\/10\/w2-xr-2.png 566w, https:\/\/obera.fr\/wp-content\/uploads\/2024\/10\/w2-xr-2-253x300.png 253w\" sizes=\"(max-width: 566px) 100vw, 566px\" \/><figcaption class=\"wp-element-caption\">W2 XR<\/figcaption><\/figure>\n<\/div>\n\n\n\n<div class=\"wp-block-column is-layout-flow wp-block-column-is-layout-flow\">\n<figure class=\"wp-block-image aligncenter size-full is-resized\"><img decoding=\"async\" width=\"711\" height=\"622\" src=\"https:\/\/obera.fr\/wp-content\/uploads\/2024\/10\/w2.png\" alt=\"End\u00fcstriyel s\u00fcp\u00fcrgeler\" class=\"wp-image-35424\" style=\"object-fit:cover;width:300px;height:300px\" srcset=\"https:\/\/obera.fr\/wp-content\/uploads\/2024\/10\/w2.png 711w, https:\/\/obera.fr\/wp-content\/uploads\/2024\/10\/w2-300x262.png 300w\" sizes=\"(max-width: 711px) 100vw, 711px\" \/><figcaption class=\"wp-element-caption\">W2<\/figcaption><\/figure>\n<\/div>\n\n\n\n<div class=\"wp-block-column is-layout-flow wp-block-column-is-layout-flow\">\n<figure class=\"wp-block-image aligncenter size-full is-resized\"><img decoding=\"async\" width=\"658\" height=\"652\" src=\"https:\/\/obera.fr\/wp-content\/uploads\/2024\/10\/w3.png\" alt=\"w3\" class=\"wp-image-35427\" style=\"object-fit:cover;width:300px;height:300px\" srcset=\"https:\/\/obera.fr\/wp-content\/uploads\/2024\/10\/w3.png 658w, https:\/\/obera.fr\/wp-content\/uploads\/2024\/10\/w3-300x297.png 300w, https:\/\/obera.fr\/wp-content\/uploads\/2024\/10\/w3-150x150.png 150w, https:\/\/obera.fr\/wp-content\/uploads\/2024\/10\/w3-24x24.png 24w, https:\/\/obera.fr\/wp-content\/uploads\/2024\/10\/w3-48x48.png 48w, https:\/\/obera.fr\/wp-content\/uploads\/2024\/10\/w3-96x96.png 96w\" sizes=\"(max-width: 658px) 100vw, 658px\" \/><figcaption class=\"wp-element-caption\">W3<\/figcaption><\/figure>\n<\/div>\n<\/div>\n\n\n\n<p><\/p>\n","protected":false},"excerpt":{"rendered":"<p>RG 100 ila RG 800 kompakt fan serimiz, \u00e7al\u0131\u015fma alanlar\u0131n\u0131zda bulunan kirli havay\u0131 \u00e7ekerek ve iterek daha sa\u011fl\u0131kl\u0131 bir ortam sa\u011flar. RG Serisi: egzoz fanlar\u0131n\u0131n \u00e7al\u0131\u015fmas\u0131 ve kullan\u0131m\u0131 RG serisi fanlar (100, 200, 300, 400, 500, 600, 700, 800), \u00fcretim birimlerinizde olu\u015fan toz, end\u00fcstriyel duman ve di\u011fer kirleticilerin emilmesi i\u00e7in \u00e7\u00f6z\u00fcmler sunar. Ar\u0131t\u0131lm\u0131\u015f havan\u0131n dola\u015f\u0131m\u0131n\u0131 ve bas\u0131nc\u0131n\u0131n d\u00fc\u015f\u00fcr\u00fclmesini sa\u011flarlar. \u00c7ok y\u00f6nl\u00fc ve kompakt olan sistem, g\u00f6vdenin i\u00e7indeki bir elektrik motorunu kullanarak fan giri\u015finde (pervanenin d\u00f6n\u00fc\u015f\u00fc) bir vakum olu\u015fturarak havay\u0131 \u00e7eker. Kutu, i\u00e7eri \u00e7ekilen havay\u0131 \u00e7al\u0131\u015fma alan\u0131ndan tahliye etmek i\u00e7in \u00e7\u0131k\u0131\u015fa (d\u0131\u015far\u0131ya) do\u011fru kanalize eder ve iter. RG serisi ayn\u0131 anda &#8230; <\/p>\n<p class=\"read-more-container\"><a title=\"Aspirat\u00f6rler: EUROSOG RG 100-800 serisi\" class=\"read-more button\" href=\"https:\/\/obera.fr\/tr\/produits\/aspirateurs-industriels\/ventilateurs-aspiration-gamme-eurosog-rg-100-800\/#more-50646\" aria-label=\"Read more about Aspirat\u00f6rler: EUROSOG RG 100-800 serisi\">Lire la suite<\/a><\/p>\n","protected":false},"author":4,"featured_media":83752,"parent":52207,"menu_order":0,"comment_status":"closed","ping_status":"closed","template":"","meta":{"_acf_changed":false,"_seopress_robots_primary_cat":"","_seopress_titles_title":"EUROSOG RG emi\u015f fanlar\u0131 - OberA","_seopress_titles_desc":"RG 100 ila RG 800 emi\u015f \u00fcnitelerini ke\u015ffedin. Tasar\u0131mlar\u0131 ve kompakt yap\u0131lar\u0131yla toz, koku, duman ve gazlar\u0131 emerek hava kalitesini \u00f6nemli \u00f6l\u00e7\u00fcde iyile\u015ftirmek i\u00e7in tasarlanm\u0131\u015ft\u0131r.","_seopress_robots_index":"","footnotes":""},"class_list":{"0":"post-50646","1":"page","2":"type-page","3":"status-publish","4":"has-post-thumbnail","6":"no-featured-image-padding","7":"resize-featured-image"},"acf":[],"_links":{"self":[{"href":"https:\/\/obera.fr\/tr\/wp-json\/wp\/v2\/pages\/50646","targetHints":{"allow":["GET"]}}],"collection":[{"href":"https:\/\/obera.fr\/tr\/wp-json\/wp\/v2\/pages"}],"about":[{"href":"https:\/\/obera.fr\/tr\/wp-json\/wp\/v2\/types\/page"}],"author":[{"embeddable":true,"href":"https:\/\/obera.fr\/tr\/wp-json\/wp\/v2\/users\/4"}],"replies":[{"embeddable":true,"href":"https:\/\/obera.fr\/tr\/wp-json\/wp\/v2\/comments?post=50646"}],"version-history":[{"count":7,"href":"https:\/\/obera.fr\/tr\/wp-json\/wp\/v2\/pages\/50646\/revisions"}],"predecessor-version":[{"id":107667,"href":"https:\/\/obera.fr\/tr\/wp-json\/wp\/v2\/pages\/50646\/revisions\/107667"}],"up":[{"embeddable":true,"href":"https:\/\/obera.fr\/tr\/wp-json\/wp\/v2\/pages\/52207"}],"wp:featuredmedia":[{"embeddable":true,"href":"https:\/\/obera.fr\/tr\/wp-json\/wp\/v2\/media\/83752"}],"wp:attachment":[{"href":"https:\/\/obera.fr\/tr\/wp-json\/wp\/v2\/media?parent=50646"}],"curies":[{"name":"wp","href":"https:\/\/api.w.org\/{rel}","templated":true}]}}